{"id":412078,"date":"2024-01-14T20:42:38","date_gmt":"2024-01-14T20:42:38","guid":{"rendered":"https:\/\/www.skippercity.com\/stranka-s-podminkami-partnerstvi\/"},"modified":"2024-01-20T06:48:18","modified_gmt":"2024-01-20T06:48:18","slug":"stranka-s-podminkami-partnerstvi","status":"publish","type":"page","link":"https:\/\/skippercity.com\/cs\/stranka-s-podminkami-partnerstvi\/","title":{"rendered":"Str\u00e1nka s podm\u00ednkami partnerstv\u00ed"},"content":{"rendered":"\t\t<div data-elementor-type=\"wp-page\" data-elementor-id=\"412078\" class=\"elementor elementor-412078 elementor-412033\" data-elementor-post-type=\"page\">\n\t\t\t\t<div class=\"elementor-element elementor-element-e8b4547 e-con-full e-flex e-con e-parent\" data-id=\"e8b4547\" data-element_type=\"container\" data-e-type=\"container\">\n\t\t<div class=\"elementor-element elementor-element-6c6403f e-con-full e-flex e-con e-child\" data-id=\"6c6403f\" data-element_type=\"container\" data-e-type=\"container\">\n\t\t\t\t<\/div>\n\t\t<div class=\"elementor-element elementor-element-c162eda e-con-full e-flex e-con e-child\" data-id=\"c162eda\" data-element_type=\"container\" data-e-type=\"container\">\n\t\t\t\t<div class=\"elementor-element elementor-element-3553b57 elementor-widget elementor-widget-text-editor\" data-id=\"3553b57\" data-element_type=\"widget\" data-e-type=\"widget\" data-widget_type=\"text-editor.default\">\n\t\t\t\t<div class=\"elementor-widget-container\">\n\t\t\t\t\t\t\t\t\t<h2>Partnersk\u00e1 smlouva<\/h2>\n<h2>(Podm\u00ednky partnersk\u00e9ho programu)<\/h2>\n<p>Tato dohoda (d\u00e1le jen &#8222;dohoda&#8220;) je uzav\u0159ena mezi spole\u010dnostmi SkipperCity, Blackbird<br \/>One Ltd, 5 Secretary&#8217;s Lane, Gibraltar GX11 1AA, (&#8222;Spole\u010dnost&#8220;), a<br \/>p\u0159idru\u017een\u00e9 spole\u010dnosti (d\u00e1le jen &#8222;p\u0159idru\u017een\u00e1 spole\u010dnost&#8220;) a spole\u010dn\u011b (d\u00e1le jen &#8222;smluvn\u00ed strany&#8220;) pro<br \/>\u00fa\u010dast v partnersk\u00e9m programu spole\u010dnosti.<\/p>\n<p>Partner si p\u0159eje zahrnout ur\u010dit\u00e9 materi\u00e1ly propaguj\u00edc\u00ed spole\u010dnost a<br \/>v t\u011bchto materi\u00e1lech uv\u00e1d\u011bt odkaz na webov\u00e9 str\u00e1nky spole\u010dnosti na.<br \/>na webov\u00fdch str\u00e1nk\u00e1ch pobo\u010dky a\/nebo jinde na internetu;<\/p>\n<p>PROTO\u017dE s ohledem na vz\u00e1jemn\u00e9 sliby, smlouvy a z\u00e1vazky,<br \/>z\u00e1ruk a dal\u0161\u00edch dobr\u00fdch a cenn\u00fdch protipln\u011bn\u00ed uveden\u00fdch v t\u00e9to smlouv\u011b,<br \/>se strany dohodly takto:<\/p>\n<ol>\n<li><b>Propaga\u010dn\u00ed materi\u00e1ly.<\/b>  Spole\u010dnost zp\u0159\u00edstupn\u00ed<br \/>Affiliate ur\u010dit\u00e9 bannerov\u00e9 reklamy, odkazy na tla\u010d\u00edtka, textov\u00e9 odkazy,<br \/>a\/nebo jin\u00fd grafick\u00fd nebo textov\u00fd materi\u00e1l pro zobrazen\u00ed a pou\u017eit\u00ed na webu.<br \/>na webov\u00fdch str\u00e1nk\u00e1ch pobo\u010dky (d\u00e1le jen &#8222;propaga\u010dn\u00ed materi\u00e1ly&#8220;) a\/nebo jinde na internetu.<br \/>Internet. Affiliate vystav\u00ed propaga\u010dn\u00ed materi\u00e1ly na<br \/>webov\u00e9 str\u00e1nky pobo\u010dky a\/nebo jinde na internetu na viditeln\u00e9m m\u00edst\u011b a jako<br \/>pobo\u010dka uzn\u00e1 za vhodn\u00e9, p\u0159i\u010dem\u017e zp\u016fsob vystaven\u00ed podl\u00e9h\u00e1<br \/>podm\u00ednk\u00e1m t\u00e9to dohody. Pobo\u010dka rovn\u011b\u017e<br \/>zahrnout odkaz z propaga\u010dn\u00edch materi\u00e1l\u016f na webov\u00e9 str\u00e1nky spole\u010dnosti.<br \/>ur\u010deno spole\u010dnost\u00ed.<\/li>\n<li><b>Pou\u017e\u00edv\u00e1n\u00ed propaga\u010dn\u00edch materi\u00e1l\u016f.  <\/b>Pou\u017e\u00edv\u00e1n\u00ed a zobrazov\u00e1n\u00ed pobo\u010dky<br \/>propaga\u010dn\u00edch materi\u00e1l\u016f na str\u00e1nk\u00e1ch pobo\u010dky a\/nebo jinde.<br \/>na internetu mus\u00ed spl\u0148ovat n\u00e1sleduj\u00edc\u00ed podm\u00ednky a ustanoven\u00ed.<br \/>specifikace:\n<ul>\n<li>a. Partner nesm\u00ed pou\u017e\u00edvat \u017e\u00e1dn\u00e9 grafick\u00e9, textov\u00e9 ani jin\u00e9 materi\u00e1ly.<br \/>z webov\u00fdch str\u00e1nek spole\u010dnosti (https:\/\/yachtco.net), produkty nebo slu\u017eby jin\u00e9 ne\u017e ty.<br \/>ne\u017e propaga\u010dn\u00ed materi\u00e1ly, pokud s t\u00edm spole\u010dnost p\u00edsemn\u011b nesouhlas\u00ed.<br \/>p\u0159ed jejich vystaven\u00edm.<\/li>\n<li>b. Partner sm\u00ed pou\u017e\u00edvat propaga\u010dn\u00ed materi\u00e1ly pouze pro \u00fa\u010dely<br \/>propagace webov\u00fdch str\u00e1nek spole\u010dnosti (a dostupn\u00fdch produkt\u016f a slu\u017eeb).<br \/>na nich) a pro propojen\u00ed s webov\u00fdmi str\u00e1nkami spole\u010dnosti.<\/li>\n<li>c. Partner nebude m\u011bnit, p\u0159id\u00e1vat, ub\u00edrat ani jinak sni\u017eovat<br \/>upravovat propaga\u010dn\u00ed materi\u00e1ly tak, jak je p\u0159ipravuje spole\u010dnost. Pokud<br \/>Partner si p\u0159eje zm\u011bnit nebo jinak upravit propaga\u010dn\u00ed materi\u00e1ly,<br \/>Pobo\u010dka mus\u00ed z\u00edskat p\u0159edchoz\u00ed p\u00edsemn\u00fd souhlas spole\u010dnosti k takov\u00e9mu.<br \/>zm\u011bna \u00fapravy.<\/li>\n<li>d. Propaga\u010dn\u00ed materi\u00e1ly budou pou\u017eity k odkazu na webov\u00e9 str\u00e1nky spole\u010dnosti, na konkr\u00e9tn\u00ed str\u00e1nky a adresu v r\u00e1mci webov\u00fdch str\u00e1nek.<\/li>\n<li>e. Partner m\u016f\u017ee vytv\u00e1\u0159et vlastn\u00ed propaga\u010dn\u00ed (grafick\u00e9, textov\u00e9 nebo jin\u00e9) materi\u00e1ly podle vlastn\u00edho uv\u00e1\u017een\u00ed.<\/li>\n<\/ul>\n<\/li>\n<li><b>Licence<\/b>. Spole\u010dnost t\u00edmto ud\u011bluje Partnerovi nev\u00fdhradn\u00ed,<br \/>nep\u0159enosnou licenci (d\u00e1le jen &#8222;Licence&#8220;) na pou\u017e\u00edv\u00e1n\u00ed Propaga\u010dn\u00edch materi\u00e1l\u016f.<br \/>jak je uvedeno v podm\u00ednk\u00e1ch t\u00e9to dohody. Term\u00edn<br \/>Licence zanik\u00e1 uplynut\u00edm doby platnosti nebo ukon\u010den\u00edm t\u00e9to smlouvy.<br \/>Dohoda.<\/li>\n<li><b>Du\u0161evn\u00ed vlastnictv\u00ed.<\/b>  Spole\u010dnost si vyhrazuje ve\u0161ker\u00e1 pr\u00e1va, vlastnictv\u00ed,<br \/>a pod\u00edl na propaga\u010dn\u00edch materi\u00e1lech a na ve\u0161ker\u00fdch autorsk\u00fdch pr\u00e1vech,<br \/>ochrannou zn\u00e1mku nebo jin\u00e9 du\u0161evn\u00ed vlastnictv\u00ed v propaga\u010dn\u00edch materi\u00e1lech.<br \/>\u017d\u00e1dn\u00e9 ustanoven\u00ed t\u00e9to dohody nelze vykl\u00e1dat tak, \u017ee by partnerovi poskytovalo jakoukoli<br \/>pr\u00e1va, vlastnictv\u00ed nebo pod\u00edl na propaga\u010dn\u00edch materi\u00e1lech nebo na<br \/>podkladov\u00e9 du\u0161evn\u00ed vlastnictv\u00ed, krom\u011b pr\u00e1v na pou\u017e\u00edv\u00e1n\u00ed<br \/>Propaga\u010dn\u00ed materi\u00e1ly poskytnut\u00e9 v r\u00e1mci Licence, jak je uvedeno v odd\u00edle<br \/>3.<\/li>\n<li><b>Vztah stran.  <\/b>Tato dohoda se nevztahuje na<br \/>vykl\u00e1dat tak, \u017ee zakl\u00e1d\u00e1 jak\u00fdkoli pracovn\u011bpr\u00e1vn\u00ed vztah, vztah zprost\u0159edkov\u00e1n\u00ed nebo<br \/>partnerstv\u00ed mezi Spole\u010dnost\u00ed a Partnerem. Pobo\u010dka poskytne<br \/>slu\u017eby pro spole\u010dnost jako nez\u00e1visl\u00fd dodavatel. Pobo\u010dka m\u00e1<br \/>nen\u00ed opr\u00e1vn\u011bn zavazovat spole\u010dnost k jak\u00fdmkoli smlouv\u00e1m, ani nen\u00ed opr\u00e1vn\u011bn uzav\u00edrat s n\u00ed<br \/>pova\u017eov\u00e1n za z\u00e1stupce spole\u010dnosti v jak\u00e9mkoli ohledu.<\/li>\n<li><b>Provize:<br \/><\/b>\n<ul>\n<li>a. V\u00fdm\u011bnou za vystaven\u00ed Propaga\u010dn\u00edch materi\u00e1l\u016f Partnerem,<br \/>a za dodr\u017eov\u00e1n\u00ed a pln\u011bn\u00ed podm\u00ednek ze strany pobo\u010dky.<br \/>podm\u00ednek t\u00e9to dohody, zaplat\u00ed spole\u010dnost p\u0159idru\u017een\u00e9 spole\u010dnosti \u010d\u00e1stku ve v\u00fd\u0161i<br \/>provize (d\u00e1le jen &#8222;provize&#8220;) ve v\u00fd\u0161i procenta z ceny za<br \/>ubytov\u00e1n\u00ed na lodi rezervovan\u00e9 n\u00e1v\u0161t\u011bvn\u00edkem, kter\u00fd m\u00e1 p\u0159\u00edstup na str\u00e1nky spole\u010dnosti.<br \/>prost\u0159ednictv\u00edm odkazu na webov\u00fdch str\u00e1nk\u00e1ch partnera nebo prost\u0159ednictv\u00edm str\u00e1nek partnera.<br \/>odkaz jinde na internetu. Aktu\u00e1ln\u00ed procentn\u00ed pod\u00edl je 20 %. Tento<br \/>procentn\u00ed pod\u00edl m\u016f\u017ee spole\u010dnost kdykoli zm\u011bnit.<\/li>\n<li>b. Spole\u010dnost vede p\u0159esnou a aktu\u00e1ln\u00ed evidenci \u00fadaj\u016f.<br \/>pou\u017eity a\u017e do ukon\u010den\u00ed t\u00e9to dohody pro ur\u010den\u00ed celkov\u00e9 \u010d\u00e1stky.<br \/>v\u00fd\u0161i proviz\u00ed, kter\u00e9 n\u00e1le\u017e\u00ed partnerovi. Partnerovi se poskytne<br \/>na po\u017e\u00e1d\u00e1n\u00ed p\u0159im\u011b\u0159en\u00fd p\u0159\u00edstup k t\u011bmto z\u00e1znam\u016fm. Jak\u00fdkoli rozpor mezi<br \/>v\u00fd\u0161e dlu\u017en\u00fdch proviz\u00ed podle t\u011bchto z\u00e1znam\u016f a<br \/>skute\u010dn\u00e1 v\u00fd\u0161e proviz\u00ed vyplacen\u00fdch partnerovi v kter\u00e9mkoli obdob\u00ed nebo obdob\u00edch.<br \/>Spole\u010dnost je povinna prov\u00e9st n\u00e1pravu do 14 dn\u016f od zji\u0161t\u011bn\u00ed takov\u00e9 skute\u010dnosti.<br \/>rozpor.<\/li>\n<li>c. Provize jsou zadr\u017eov\u00e1ny po dobu 30 dn\u016f od data odesl\u00e1n\u00ed lodi.<br \/>na konci pron\u00e1jmu, aby byla spole\u010dnost chr\u00e1n\u011bna v p\u0159\u00edpad\u011b jak\u00e9hokoli vr\u00e1cen\u00ed poplatku, kter\u00e9 m\u016f\u017ee nastat.<br \/>se vyskytuj\u00ed. Spole\u010dnost vyplat\u00ed v\u0161echny provize, kter\u00e9 vznikly a jsou splatn\u00e9, spole\u010dnosti<br \/>Affiliate do 30 dn\u016f od skon\u010den\u00ed pron\u00e1jmu lodi (&#8222;Provizn\u00ed platba&#8220;).<br \/>Datum&#8220;).<\/li>\n<li>d. V p\u0159\u00edpad\u011b, \u017ee Partner podstatn\u011b poru\u0161\u00ed tuto Smlouvu.<br \/>a spole\u010dnost tuto smlouvu vypov\u00ed do 30 dn\u016f od takov\u00e9ho poru\u0161en\u00ed,<br \/>pak se ve\u0161ker\u00e9 nab\u011bhl\u00e9 a splatn\u00e9 provize, kter\u00e9 n\u00e1le\u017e\u00ed p\u0159idru\u017een\u00e9 spole\u010dnosti, pova\u017euj\u00ed za<br \/>propad\u00e1 a spole\u010dnost nen\u00ed povinna tyto provize vypl\u00e1cet.<br \/>Affiliate.<\/li>\n<\/ul>\n<\/li>\n<li><b>Prohl\u00e1\u0161en\u00ed a z\u00e1ruky pobo\u010dky.<\/b>  Partner prohla\u0161uje a zaru\u010duje n\u00e1sleduj\u00edc\u00ed:\n<ul>\n<li>a. Partner je opr\u00e1vn\u011bn uzav\u0159\u00edt tuto smlouvu.<br \/>a zav\u00e1zat se ke slib\u016fm, smlouv\u00e1m a dal\u0161\u00edm povinnostem uveden\u00fdm v t\u00e9to smlouv\u011b.<br \/>v t\u00e9to dohod\u011b.<\/li>\n<li>b. Webov\u00e9 str\u00e1nky partnera a\/nebo str\u00e1nka s odkazem partnera neobsahuj\u00ed \u017e\u00e1dn\u00e9 materi\u00e1ly, kter\u00e9 jsou:\n<ul>\n<li>i. Sexu\u00e1ln\u011b explicitn\u00ed, obsc\u00e9nn\u00ed nebo pornografick\u00e9;<\/li>\n<li>ii. Ur\u00e1\u017eliv\u00e9, vulg\u00e1rn\u00ed, nen\u00e1vistn\u00e9, v\u00fdhru\u017en\u00e9, \u0161kodliv\u00e9, hanliv\u00e9,<br \/>pomlouva\u010dn\u00e9, obt\u011b\u017euj\u00edc\u00ed nebo diskrimina\u010dn\u00ed (a\u0165 u\u017e na z\u00e1klad\u011b rasy,<br \/>etnickou p\u0159\u00edslu\u0161nost, vyzn\u00e1n\u00ed, n\u00e1bo\u017eenstv\u00ed, pohlav\u00ed, sexu\u00e1ln\u00ed orientaci, t\u011blesnou zdatnost<br \/>zdravotn\u00edho posti\u017een\u00ed nebo z jin\u00fdch d\u016fvod\u016f);<\/li>\n<li>iii. graficky n\u00e1siln\u00e9, v\u010detn\u011b jak\u00fdchkoli n\u00e1siln\u00fdch obr\u00e1zk\u016f z videoher; nebo<\/li>\n<li>iv. Podn\u011bcov\u00e1n\u00ed jak\u00e9hokoli nez\u00e1konn\u00e9ho chov\u00e1n\u00ed<\/li>\n<\/ul>\n<\/li>\n<li>c. Pobo\u010dka z\u00edskala ve\u0161ker\u00e1 pot\u0159ebn\u00e1 povolen\u00ed, licence nebo jin\u00e9 dokumenty.<br \/>jin\u00e9 povolen\u00ed k jak\u00e9mukoli du\u0161evn\u00edmu vlastnictv\u00ed pou\u017eit\u00e9mu na str\u00e1nk\u00e1ch partnera.<br \/>webov\u00e9 str\u00e1nky. Nic na webov\u00fdch str\u00e1nk\u00e1ch spole\u010dnosti Affiliate neporu\u0161uje du\u0161evn\u00ed vlastnictv\u00ed.<br \/>vlastnick\u00e1 pr\u00e1va jak\u00e9koli osoby nebo subjektu. \u017d\u00e1dn\u00e1 osoba ani subjekt nepodal<br \/>ani nevyhro\u017euje \u017ealobou na takov\u00e9 poru\u0161en\u00ed, ani Affiliate<br \/>m\u00edt jak\u00fdkoli d\u016fvod se domn\u00edvat, \u017ee jak\u00e1koli osoba nebo subjekt pod\u00e1 nebo<br \/>v budoucnu hrozit takov\u00fdm n\u00e1rokem.<\/li>\n<li>d. Partner nebude pou\u017e\u00edvat propaga\u010dn\u00ed materi\u00e1ly jin\u00fdm zp\u016fsobem, ne\u017e je uvedeno v \u010d\u00e1sti 2 v\u00fd\u0161e.<\/li>\n<li>e. Partner si nebude \u010dinit \u017e\u00e1dn\u00e9 n\u00e1roky na vlastnictv\u00ed propaga\u010dn\u00edch materi\u00e1l\u016f.<br \/>materi\u00e1l\u016f nebo autorsk\u00fdch pr\u00e1v, ochrann\u00fdch zn\u00e1mek nebo jin\u00fdch du\u0161evn\u00edch pr\u00e1v.<br \/>majetek v n\u011bm.<\/li>\n<li>f. Partner nebude zve\u0159ej\u0148ovat ani jinak \u0161\u00ed\u0159it \u017e\u00e1dn\u00e9<br \/>reklamn\u00ed materi\u00e1ly pro webov\u00e9 str\u00e1nky pobo\u010dky, kter\u00e9 odkazuj\u00ed na spole\u010dnost nebo<br \/>webov\u00e9 str\u00e1nky spole\u010dnosti, pokud spole\u010dnost ned\u00e1 p\u0159edchoz\u00ed p\u00edsemn\u00fd souhlas k.<br \/>distribuci t\u011bchto materi\u00e1l\u016f. Pobo\u010dka nebude pou\u017e\u00edvat jm\u00e9no spole\u010dnosti.<br \/>(nebo jak\u00fdkoli n\u00e1zev, kter\u00fd je matouc\u00edm zp\u016fsobem podobn\u00fd n\u00e1zvu spole\u010dnosti) pro jak\u00fdkoli<br \/>na sv\u00fdch webov\u00fdch str\u00e1nk\u00e1ch, v propaga\u010dn\u00edch materi\u00e1lech nebo v jak\u00fdchkoli jin\u00fdch materi\u00e1lech.<br \/>kontextu, s v\u00fdjimkou propagace webov\u00fdch str\u00e1nek spole\u010dnosti, jak je uvedeno v tomto dokumentu.<br \/>Dohoda. Affiliate nebude registrovat \u017e\u00e1dn\u00e9 dom\u00e9nov\u00e9 jm\u00e9no, kter\u00e9 obsahuje<br \/>N\u00e1zev spole\u010dnosti nebo n\u00e1zev, kter\u00fd je matouc\u00edm zp\u016fsobem podobn\u00fd n\u00e1zvu spole\u010dnosti.<\/li>\n<li>g. Partner se nezapoj\u00ed do distribuce nevy\u017e\u00e1dan\u00fdch informac\u00ed.<br \/>hromadn\u00e9 e-maily (spam), kter\u00e9 jak\u00fdmkoli zp\u016fsobem zmi\u0148uj\u00ed nebo odkazuj\u00ed na spole\u010dnost nebo<br \/>Webov\u00e9 str\u00e1nky spole\u010dnosti.<\/li>\n<li>h. Webov\u00e9 str\u00e1nky partnera a\/nebo str\u00e1nka s odkazem partnera mus\u00ed tematicky souviset s obsahem webov\u00fdch str\u00e1nek spole\u010dnosti.<\/li>\n<\/ul>\n<\/li>\n<li><b>Od\u0161kodn\u011bn\u00ed.<\/b>  P\u0159idru\u017een\u00e1 spole\u010dnost od\u0161kodn\u00ed spole\u010dnost a bude dr\u017eet<br \/>spole\u010dnost zbavit odpov\u011bdnosti za jak\u00e9koli n\u00e1roky, \u0161kody, \u017ealoby, st\u00ed\u017enosti nebo jin\u00e9 \u00fajmy.<br \/>dal\u0161\u00ed n\u00e1klady vypl\u00fdvaj\u00edc\u00ed z poru\u0161en\u00ed z\u00e1ruk pobo\u010dky stanoven\u00fdch v \u010dl\u00e1nku 2.<br \/>v odd\u00edle 7 v\u00fd\u0161e. Affiliate rovn\u011b\u017e od\u0161kodn\u00ed a bude dr\u017eet<br \/>od\u0161kodnit spole\u010dnost za jakoukoli \u0161kodu, ztr\u00e1tu nebo jin\u00e9 n\u00e1klady vznikl\u00e9 v d\u016fsledku<br \/>pou\u017eit\u00ed nebo zneu\u017eit\u00ed propaga\u010dn\u00edch materi\u00e1l\u016f partnerem.<\/li>\n<li><b>D\u016fv\u011brnost.  <\/b>Ve\u0161ker\u00e9 informace, kter\u00fdm je Affiliate vystaven<br \/>na z\u00e1klad\u011b sv\u00e9ho vztahu se spole\u010dnost\u00ed podle t\u00e9to smlouvy, kter\u00e1<br \/>informace nejsou dostupn\u00e9 \u0161irok\u00e9 ve\u0159ejnosti, se pova\u017euj\u00ed za<br \/>&#8222;D\u016fv\u011brn\u00e9 informace spole\u010dnosti&#8220;. Partner nesm\u00ed zve\u0159ejnit \u017e\u00e1dn\u00e9<br \/>D\u016fv\u011brn\u00e9 informace o spole\u010dnosti jak\u00e9koli osob\u011b nebo subjektu, s v\u00fdjimkou p\u0159\u00edpad\u016f, kdy<br \/>ze z\u00e1kona, pokud partner nez\u00edsk\u00e1 p\u0159edchoz\u00ed p\u00edsemn\u00fd souhlas pro.<br \/>takov\u00e9 zve\u0159ejn\u011bn\u00ed ze strany spole\u010dnosti.<\/li>\n<li><b>Term\u00edn.<br \/><\/b>\n<ul>\n<li>a. Tato dohoda nab\u00fdv\u00e1 \u00fa\u010dinnosti okam\u017eit\u011b a z\u016fst\u00e1v\u00e1 v platnosti, dokud nebude vypov\u011bzena podle tohoto odd\u00edlu 10.<\/li>\n<li>b. Kter\u00e1koli ze stran m\u00e1 pr\u00e1vo tuto dohodu vypov\u011bd\u011bt na z\u00e1klad\u011b<br \/>kdykoli a z jak\u00e9hokoli d\u016fvodu. Ukon\u010duj\u00edc\u00ed strana mus\u00ed p\u00edsemn\u011b<br \/>ozn\u00e1mit druh\u00e9 stran\u011b nejm\u00e9n\u011b 30 dn\u00ed p\u0159ed pl\u00e1novan\u00fdm datem uzav\u0159en\u00ed smlouvy.<br \/>ukon\u010den\u00ed.<\/li>\n<\/ul>\n<\/li>\n<li><b>Dan\u011b.<\/b>  Spole\u010dnost neodpov\u00edd\u00e1 za \u017e\u00e1dn\u00e9 dan\u011b, kter\u00e9 dlu\u017e\u00ed<br \/>Partnera vypl\u00fdvaj\u00edc\u00ed ze vztahu Partnera se Spole\u010dnost\u00ed, jak je uvedeno v \u010dl\u00e1nku 2.<br \/>v t\u00e9to dohod\u011b. Spole\u010dnost nebude sr\u00e1\u017eet \u017e\u00e1dn\u00e9 dan\u011b z<br \/>Provize vypl\u00e1cen\u00e9 partnerovi.<\/li>\n<li><b>Omezen\u00ed odpov\u011bdnosti.<\/b>  Spole\u010dnost nenese odpov\u011bdnost za \u017e\u00e1dn\u00e9<br \/>ztr\u00e1ty zisku nebo n\u00e1klad\u016f, nebo za jak\u00e9koli p\u0159\u00edm\u00e9, nep\u0159\u00edm\u00e9, zvl\u00e1\u0161tn\u00ed,<br \/>n\u00e1hodn\u00fdch nebo n\u00e1sledn\u00fdch \u0161kod, v\u010detn\u011b n\u00e1klad\u016f spojen\u00fdch s.<br \/>po\u0159\u00edzen\u00ed n\u00e1hradn\u00edho zbo\u017e\u00ed nebo slu\u017eeb (bez ohledu na to, zda spole\u010dnost byla nebo byla&#8230;<br \/>si m\u011bl b\u00fdt v\u011bdom nebo upozorn\u011bn na mo\u017enost vzniku takov\u00e9 \u0161kody),<br \/>vypl\u00fdvaj\u00edc\u00ed z jak\u00e9koli ztr\u00e1ty, pozastaven\u00ed nebo p\u0159eru\u0161en\u00ed nebo s nimi souvisej\u00edc\u00ed.<br \/>slu\u017eby, ukon\u010den\u00ed t\u00e9to smlouvy, pou\u017e\u00edv\u00e1n\u00ed nebo zneu\u017eit\u00ed<br \/>Propaga\u010dn\u00ed materi\u00e1ly nebo jin\u00e9 pln\u011bn\u00ed slu\u017eeb podle t\u00e9to smlouvy.<br \/>Dohoda.<\/li>\n<li><b>Prot\u011bj\u0161ky.<\/b>  Tato dohoda m\u016f\u017ee b\u00fdt uzav\u0159ena v n\u011bkolika<br \/>ka\u017ed\u00fd z nich p\u0159edstavuje origin\u00e1l a v\u0161echny<br \/>kter\u00e9 dohromady tvo\u0159\u00ed jednu dohodu.<\/li>\n<li><b>Odd\u011blitelnost.<\/b>  Pokud bude n\u011bkter\u00e1 \u010d\u00e1st nebo \u010d\u00e1sti t\u00e9to dohody<br \/>z jak\u00e9hokoli d\u016fvodu nevymahateln\u00e1, zb\u00fdvaj\u00edc\u00ed \u010d\u00e1st t\u00e9to dohody<br \/>z\u016fst\u00e1v\u00e1 v platnosti v pln\u00e9m rozsahu. Pokud se n\u011bkter\u00e9 ustanoven\u00ed tohoto<br \/>je jak\u00fdmkoli p\u0159\u00edslu\u0161n\u00fdm soudem pova\u017eov\u00e1na za neplatnou nebo nevymahatelnou.<br \/>a pokud by omezen\u00ed takov\u00e9ho ustanoven\u00ed vedlo k tomu, \u017ee by se toto ustanoven\u00ed<br \/>platn\u00e9, pak se takov\u00e9 ustanoven\u00ed pova\u017euje za platn\u00e9.<br \/>omezen\u00e9.<\/li>\n<li><b>Rubriky<\/b>. Nadpisy odd\u00edl\u016f t\u00e9to dohody jsou uvedeny pouze pro usnadn\u011bn\u00ed a nemaj\u00ed vliv na v\u00fdznam ustanoven\u00ed t\u00e9to dohody.<\/li>\n<li><b>\u00dapln\u00e1 dohoda.<\/b>  Tato smlouva p\u0159edstavuje \u00faplnou<br \/>smlouva mezi spole\u010dnost\u00ed a p\u0159idru\u017een\u00fdm podnikem a nahrazuje v\u0161echny p\u0159edchoz\u00ed dohody.<br \/>ujedn\u00e1n\u00ed nebo prohl\u00e1\u0161en\u00ed jak\u00e9hokoli druhu p\u0159ed datem t\u00e9to smlouvy.<br \/>Dohoda. Neexistuj\u00ed \u017e\u00e1dn\u00e9 dal\u0161\u00ed p\u0159\u00edsliby, podm\u00ednky, ujedn\u00e1n\u00ed nebo dohody.<br \/>jin\u00e9 \u00fastn\u00ed nebo p\u00edsemn\u00e9 dohody t\u00fdkaj\u00edc\u00ed se p\u0159edm\u011btu smlouvy.<br \/>v\u011bc t\u00e9to dohody<\/li>\n<\/ol>\n\t\t\t\t\t\t\t\t<\/div>\n\t\t\t\t<\/div>\n\t\t\t\t<\/div>\n\t\t<div class=\"elementor-element elementor-element-510b0b1 e-con-full e-flex e-con e-child\" data-id=\"510b0b1\" data-element_type=\"container\" data-e-type=\"container\">\n\t\t\t\t<\/div>\n\t\t\t\t<\/div>\n\t\t\t\t<\/div>\n\t\t","protected":false},"excerpt":{"rendered":"<p>Partnersk\u00e1 smlouva (Podm\u00ednky partnersk\u00e9ho programu) Tato dohoda (d\u00e1le jen &#8222;dohoda&#8220;) je uzav\u0159ena mezi spole\u010dnostmi SkipperCity, BlackbirdOne Ltd, 5 Secretary&#8217;s Lane, Gibraltar GX11 1AA, (&#8222;Spole\u010dnost&#8220;), ap\u0159idru\u017een\u00e9 spole\u010dnosti (d\u00e1le jen &#8222;p\u0159idru\u017een\u00e1 spole\u010dnost&#8220;) a spole\u010dn\u011b (d\u00e1le jen &#8222;smluvn\u00ed strany&#8220;) pro\u00fa\u010dast v partnersk\u00e9m programu spole\u010dnosti. Partner si p\u0159eje zahrnout ur\u010dit\u00e9 materi\u00e1ly propaguj\u00edc\u00ed spole\u010dnost av t\u011bchto materi\u00e1lech uv\u00e1d\u011bt odkaz na [&hellip;]<\/p>\n","protected":false},"author":2,"featured_media":408270,"parent":0,"menu_order":0,"comment_status":"closed","ping_status":"closed","template":"","meta":{"footnotes":""},"class_list":["post-412078","page","type-page","status-publish","has-post-thumbnail","hentry"],"_links":{"self":[{"href":"https:\/\/skippercity.com\/cs\/wp-json\/wp\/v2\/pages\/412078","targetHints":{"allow":["GET"]}}],"collection":[{"href":"https:\/\/skippercity.com\/cs\/wp-json\/wp\/v2\/pages"}],"about":[{"href":"https:\/\/skippercity.com\/cs\/wp-json\/wp\/v2\/types\/page"}],"author":[{"embeddable":true,"href":"https:\/\/skippercity.com\/cs\/wp-json\/wp\/v2\/users\/2"}],"replies":[{"embeddable":true,"href":"https:\/\/skippercity.com\/cs\/wp-json\/wp\/v2\/comments?post=412078"}],"version-history":[{"count":0,"href":"https:\/\/skippercity.com\/cs\/wp-json\/wp\/v2\/pages\/412078\/revisions"}],"wp:featuredmedia":[{"embeddable":true,"href":"https:\/\/skippercity.com\/cs\/wp-json\/wp\/v2\/media\/408270"}],"wp:attachment":[{"href":"https:\/\/skippercity.com\/cs\/wp-json\/wp\/v2\/media?parent=412078"}],"curies":[{"name":"wp","href":"https:\/\/api.w.org\/{rel}","templated":true}]}}