{"id":412112,"date":"2024-01-14T20:42:37","date_gmt":"2024-01-14T20:42:37","guid":{"rendered":"https:\/\/www.skippercity.com\/ztracene-heslo\/"},"modified":"2024-01-16T13:27:23","modified_gmt":"2024-01-16T13:27:23","slug":"ztracene-heslo","status":"publish","type":"page","link":"https:\/\/skippercity.com\/cs\/ztracene-heslo\/","title":{"rendered":"Ztracen\u00e9 heslo"},"content":{"rendered":"\t\t<div data-elementor-type=\"wp-page\" data-elementor-id=\"412112\" class=\"elementor elementor-412112 elementor-412032\" data-elementor-post-type=\"page\">\n\t\t\t\t<div class=\"elementor-element elementor-element-1b78513 e-flex e-con-boxed e-con e-parent\" data-id=\"1b78513\" data-element_type=\"container\" data-e-type=\"container\">\n\t\t\t\t\t<div class=\"e-con-inner\">\n\t\t<div class=\"elementor-element elementor-element-4d7dc2b e-con-full e-flex e-con e-child\" data-id=\"4d7dc2b\" data-element_type=\"container\" data-e-type=\"container\">\n\t\t\t\t<\/div>\n\t\t<div class=\"elementor-element elementor-element-763781e e-con-full e-flex e-con e-child\" data-id=\"763781e\" data-element_type=\"container\" data-e-type=\"container\">\n\t\t\t\t<div class=\"elementor-element elementor-element-572d34e0 elementor-widget elementor-widget-text-editor\" data-id=\"572d34e0\" data-element_type=\"widget\" data-e-type=\"widget\" data-widget_type=\"text-editor.default\">\n\t\t\t\t<div class=\"elementor-widget-container\">\n\t\t\t\t\t\t\t\t\t<p>N\u00ed\u017ee zadejte sv\u00e9 u\u017eivatelsk\u00e9 jm\u00e9no nebo e-mailovou adresu. E-mailem obdr\u017e\u00edte odkaz pro potvrzen\u00ed \u017e\u00e1dosti. Bude v\u00e1m poskytnuto nov\u00e9 vygenerovan\u00e9 heslo, kter\u00e9 m\u016f\u017eete pozd\u011bji zm\u011bnit v \u010d\u00e1sti M\u016fj \u00fa\u010det.<\/p>\n<div class=\"uap-pass-form-wrap uap-login-template-8\">\r\n\t\t<form method=\"post\" >\r\n\t\t<input type=\"hidden\" name=\"uap_reset_password_nonce\" value=\"43f4376bc3\" \/>\r\n\t\t<input name=\"uapaction\" type=\"hidden\" value=\"reset_pass\">\r\n\r\n\t\t\t\t\t\t<div class=\"uap-form-line-fr\">\r\n\t\t\t\t\t\t<i class=\"fa-uap fa-username-uap\"><\/i>\r\n\t\t\t\t\t\t<input type=\"text\" value=\"\" name=\"email_or_userlogin\" placeholder=\"Username or Email Address\" \/>\r\n\t\t\t\t\t<\/div>\r\n\t\t\t\t\t<div class=\"uap-form-line-fr uap-form-submit\">\r\n\t\t\t\t\t\t<input type=\"submit\" value=\"Reset Password\" name=\"Submit\" class=\"button button-primary button-large uap-reset-password-button\" \/>\r\n\t\t\t\t\t<\/div>\r\n\t\t\t\t\r\n\t<\/form>\r\n\r\n<\/div>\r\n\n\t\t\t\t\t\t\t\t<\/div>\n\t\t\t\t<\/div>\n\t\t\t\t<\/div>\n\t\t<div class=\"elementor-element elementor-element-e1750b5 e-con-full e-flex e-con e-child\" data-id=\"e1750b5\" data-element_type=\"container\" data-e-type=\"container\">\n\t\t\t\t<\/div>\n\t\t\t\t\t<\/div>\n\t\t\t\t<\/div>\n\t\t\t\t<\/div>\n\t\t","protected":false},"excerpt":{"rendered":"<p>N\u00ed\u017ee zadejte sv\u00e9 u\u017eivatelsk\u00e9 jm\u00e9no nebo e-mailovou adresu. E-mailem obdr\u017e\u00edte odkaz pro potvrzen\u00ed \u017e\u00e1dosti. Bude v\u00e1m poskytnuto nov\u00e9 vygenerovan\u00e9 heslo, kter\u00e9 m\u016f\u017eete pozd\u011bji zm\u011bnit v \u010d\u00e1sti M\u016fj \u00fa\u010det.<\/p>\n","protected":false},"author":2,"featured_media":408270,"parent":0,"menu_order":0,"comment_status":"closed","ping_status":"closed","template":"","meta":{"footnotes":""},"class_list":["post-412112","page","type-page","status-publish","has-post-thumbnail","hentry"],"_links":{"self":[{"href":"https:\/\/skippercity.com\/cs\/wp-json\/wp\/v2\/pages\/412112","targetHints":{"allow":["GET"]}}],"collection":[{"href":"https:\/\/skippercity.com\/cs\/wp-json\/wp\/v2\/pages"}],"about":[{"href":"https:\/\/skippercity.com\/cs\/wp-json\/wp\/v2\/types\/page"}],"author":[{"embeddable":true,"href":"https:\/\/skippercity.com\/cs\/wp-json\/wp\/v2\/users\/2"}],"replies":[{"embeddable":true,"href":"https:\/\/skippercity.com\/cs\/wp-json\/wp\/v2\/comments?post=412112"}],"version-history":[{"count":0,"href":"https:\/\/skippercity.com\/cs\/wp-json\/wp\/v2\/pages\/412112\/revisions"}],"wp:featuredmedia":[{"embeddable":true,"href":"https:\/\/skippercity.com\/cs\/wp-json\/wp\/v2\/media\/408270"}],"wp:attachment":[{"href":"https:\/\/skippercity.com\/cs\/wp-json\/wp\/v2\/media?parent=412112"}],"curies":[{"name":"wp","href":"https:\/\/api.w.org\/{rel}","templated":true}]}}