{"id":416128,"date":"2024-03-01T09:09:14","date_gmt":"2024-03-01T09:09:14","guid":{"rendered":"https:\/\/www.skippercity.com\/pruvodce-prihlasenim-k-pronajmu-jachty\/"},"modified":"2024-03-01T09:26:58","modified_gmt":"2024-03-01T09:26:58","slug":"pruvodce-prihlasenim-k-pronajmu-jachty","status":"publish","type":"page","link":"https:\/\/skippercity.com\/cs\/pruvodce-prihlasenim-k-pronajmu-jachty\/","title":{"rendered":"Pr\u016fvodce p\u0159ihl\u00e1\u0161en\u00edm k pron\u00e1jmu jachty"},"content":{"rendered":"\t\t<div data-elementor-type=\"wp-page\" data-elementor-id=\"416128\" class=\"elementor elementor-416128 elementor-416101\" data-elementor-post-type=\"page\">\n\t\t\t\t<div class=\"elementor-element elementor-element-9e4c9ac e-con-full e-flex e-con e-parent\" data-id=\"9e4c9ac\" data-element_type=\"container\" data-e-type=\"container\" data-settings=\"{&quot;background_background&quot;:&quot;classic&quot;}\">\n\t\t\t\t<\/div>\n\t\t\t\t<section class=\"elementor-section elementor-top-section elementor-element elementor-element-10ce9678 elementor-section-full_width elementor-section-height-default elementor-section-height-default\" data-id=\"10ce9678\" data-element_type=\"section\" data-e-type=\"section\">\n\t\t\t\t\t\t<div class=\"elementor-container elementor-column-gap-default\">\n\t\t\t\t\t<div class=\"elementor-column elementor-col-25 elementor-top-column elementor-element elementor-element-7be25744\" data-id=\"7be25744\" data-element_type=\"column\" data-e-type=\"column\">\n\t\t\t<div class=\"elementor-widget-wrap elementor-element-populated\">\n\t\t\t\t\t\t<div class=\"elementor-element elementor-element-21fce7b4 elementor-toc--minimized-on-tablet elementor-widget elementor-widget-table-of-contents\" data-id=\"21fce7b4\" data-element_type=\"widget\" data-e-type=\"widget\" data-settings=\"{&quot;exclude_headings_by_selector&quot;:[],&quot;marker_view&quot;:&quot;bullets&quot;,&quot;headings_by_tags&quot;:[&quot;h2&quot;,&quot;h3&quot;,&quot;h4&quot;,&quot;h5&quot;,&quot;h6&quot;],&quot;icon&quot;:{&quot;value&quot;:&quot;fas fa-circle&quot;,&quot;library&quot;:&quot;fa-solid&quot;,&quot;rendered_tag&quot;:&quot;&lt;svg class=\\&quot;e-font-icon-svg e-fas-circle\\&quot; viewBox=\\&quot;0 0 512 512\\&quot; xmlns=\\&quot;http:\\\/\\\/www.w3.org\\\/2000\\\/svg\\&quot;&gt;&lt;path d=\\&quot;M256 8C119 8 8 119 8 256s111 248 248 248 248-111 248-248S393 8 256 8z\\&quot;&gt;&lt;\\\/path&gt;&lt;\\\/svg&gt;&quot;},&quot;no_headings_message&quot;:&quot;No headings were found on this page.&quot;,&quot;minimize_box&quot;:&quot;yes&quot;,&quot;minimized_on&quot;:&quot;tablet&quot;,&quot;hierarchical_view&quot;:&quot;yes&quot;,&quot;min_height&quot;:{&quot;unit&quot;:&quot;px&quot;,&quot;size&quot;:&quot;&quot;,&quot;sizes&quot;:[]},&quot;min_height_tablet&quot;:{&quot;unit&quot;:&quot;px&quot;,&quot;size&quot;:&quot;&quot;,&quot;sizes&quot;:[]},&quot;min_height_mobile&quot;:{&quot;unit&quot;:&quot;px&quot;,&quot;size&quot;:&quot;&quot;,&quot;sizes&quot;:[]}}\" data-widget_type=\"table-of-contents.default\">\n\t\t\t\t<div class=\"elementor-widget-container\">\n\t\t\t\t\t\t\t\t\t<div class=\"elementor-toc__header\">\n\t\t\t\t\t\t<h4 class=\"elementor-toc__header-title\">\n\t\t\t\tObsah\t\t\t<\/h4>\n\t\t\t\t\t\t\t\t\t\t<div class=\"elementor-toc__toggle-button elementor-toc__toggle-button--expand\" role=\"button\" tabindex=\"0\" aria-controls=\"elementor-toc__21fce7b4\" aria-expanded=\"true\" aria-label=\"Open table of contents\"><svg aria-hidden=\"true\" class=\"e-font-icon-svg e-fas-chevron-down\" viewBox=\"0 0 448 512\" xmlns=\"http:\/\/www.w3.org\/2000\/svg\"><path d=\"M207.029 381.476L12.686 187.132c-9.373-9.373-9.373-24.569 0-33.941l22.667-22.667c9.357-9.357 24.522-9.375 33.901-.04L224 284.505l154.745-154.021c9.379-9.335 24.544-9.317 33.901.04l22.667 22.667c9.373 9.373 9.373 24.569 0 33.941L240.971 381.476c-9.373 9.372-24.569 9.372-33.942 0z\"><\/path><\/svg><\/div>\n\t\t\t\t<div class=\"elementor-toc__toggle-button elementor-toc__toggle-button--collapse\" role=\"button\" tabindex=\"0\" aria-controls=\"elementor-toc__21fce7b4\" aria-expanded=\"true\" aria-label=\"Close table of contents\"><svg aria-hidden=\"true\" class=\"e-font-icon-svg e-fas-chevron-up\" viewBox=\"0 0 448 512\" xmlns=\"http:\/\/www.w3.org\/2000\/svg\"><path d=\"M240.971 130.524l194.343 194.343c9.373 9.373 9.373 24.569 0 33.941l-22.667 22.667c-9.357 9.357-24.522 9.375-33.901.04L224 227.495 69.255 381.516c-9.379 9.335-24.544 9.317-33.901-.04l-22.667-22.667c-9.373-9.373-9.373-24.569 0-33.941L207.03 130.525c9.372-9.373 24.568-9.373 33.941-.001z\"><\/path><\/svg><\/div>\n\t\t\t\t\t<\/div>\n\t\t\t\t<div id=\"elementor-toc__21fce7b4\" class=\"elementor-toc__body\">\n\t\t\t<div class=\"elementor-toc__spinner-container\">\n\t\t\t\t<svg class=\"elementor-toc__spinner eicon-animation-spin e-font-icon-svg e-eicon-loading\" aria-hidden=\"true\" viewBox=\"0 0 1000 1000\" xmlns=\"http:\/\/www.w3.org\/2000\/svg\"><path d=\"M500 975V858C696 858 858 696 858 500S696 142 500 142 142 304 142 500H25C25 237 238 25 500 25S975 237 975 500 763 975 500 975Z\"><\/path><\/svg>\t\t\t<\/div>\n\t\t<\/div>\n\t\t\t\t\t\t<\/div>\n\t\t\t\t<\/div>\n\t\t\t\t\t<\/div>\n\t\t<\/div>\n\t\t\t\t<div class=\"elementor-column elementor-col-50 elementor-top-column elementor-element elementor-element-741733cc\" data-id=\"741733cc\" data-element_type=\"column\" data-e-type=\"column\">\n\t\t\t<div class=\"elementor-widget-wrap elementor-element-populated\">\n\t\t\t\t\t\t<div class=\"elementor-element elementor-element-9e717b7 elementor-widget elementor-widget-text-editor\" data-id=\"9e717b7\" data-element_type=\"widget\" data-e-type=\"widget\" data-widget_type=\"text-editor.default\">\n\t\t\t\t<div class=\"elementor-widget-container\">\n\t\t\t\t\t\t\t\t\t<h1><strong>Pr\u016fvodce p\u0159ihl\u00e1\u0161en\u00edm k pron\u00e1jmu jachty<\/strong><\/h1>\n<h2 data-sourcepos=\"1:1-1:75\">P\u0159ihl\u00e1\u0161en\u00ed k pron\u00e1jmu jachty: Hladce vyplujte vst\u0159\u00edc nezapomenuteln\u00e9mu dobrodru\u017estv\u00ed<\/h2>\n<p data-sourcepos=\"3:1-3:184\"><strong>P\u0159ipravte se na dovolenou sn\u016f na plachetnici!<\/strong>  Tento komplexn\u00ed pr\u016fvodce v\u00e1m zajist\u00ed bezprobl\u00e9mov\u00e9 odbaven\u00ed na va\u0161\u00ed jacht\u011b a umo\u017en\u00ed v\u00e1m za\u010d\u00edt dobrodru\u017estv\u00ed spr\u00e1vn\u011b.<\/p>\n<h3 data-sourcepos=\"5:1-5:24\"><span style=\"text-decoration: underline;\"><strong>P\u0159ed vyplut\u00edm:<\/strong><\/span><\/h3>\n<p data-sourcepos=\"7:1-7:37\"><strong>1. P\u0159edlo\u017ete seznam pos\u00e1dky a licence:<\/strong><\/p>\n<ul data-sourcepos=\"9:1-11:0\">\n<li data-sourcepos=\"9:1-9:143\">Zajist\u011bte si hladk\u00fd pr\u016fb\u011bh odbaven\u00ed t\u00edm, \u017ee p\u0159edem za\u0161lete <strong>seznam pos\u00e1dky<\/strong> a <strong>plavebn\u00ed\/VHF licence<\/strong>. V\u00e1\u0161 agent v\u00e1m poskytne pot\u0159ebn\u00e9 formul\u00e1\u0159e.<\/li>\n<li data-sourcepos=\"10:1-11:0\">Alespo\u0148 jeden \u010dlen pos\u00e1dky mus\u00ed m\u00edt <strong>platnou licenci VHF pro<\/strong> komunikaci na mo\u0159i.<\/li>\n<\/ul>\n<p data-sourcepos=\"12:1-12:31\"><strong>2. Zlep\u0161ete sv\u00e9 zku\u0161enosti:<\/strong><\/p>\n<ul data-sourcepos=\"14:1-16:0\">\n<li data-sourcepos=\"14:1-14:152\"><strong>V\u010dasn\u00e9 p\u0159ihl\u00e1\u0161en\u00ed:<\/strong> Pokud v\u00e1m brzy r\u00e1no odl\u00e9t\u00e1 letadlo nebo chcete za\u010d\u00edt s pozn\u00e1v\u00e1n\u00edm d\u0159\u00edve (standardn\u00ed odbaven\u00ed je v 17:00), po\u017e\u00e1dejte o <strong>d\u0159\u00edv\u011bj\u0161\u00ed odbaven\u00ed<\/strong> ve 13:00.<\/li>\n<li data-sourcepos=\"15:1-16:0\"><strong>Dal\u0161\u00ed vybaven\u00ed:<\/strong> Abyste se vyhnuli zpo\u017ed\u011bn\u00ed, rezervujte si p\u0159edem <strong>dal\u0161\u00ed vybaven\u00ed,<\/strong> jako jsou paddleboardy (SUP).<\/li>\n<\/ul>\n<p data-sourcepos=\"17:1-17:30\"><strong>3. P\u0159\u00edjezd do p\u0159\u00edstavu:<\/strong><\/p>\n<ul data-sourcepos=\"19:1-22:0\">\n<li data-sourcepos=\"19:1-19:103\"><strong>Autem:<\/strong> Zjist\u011bte, zda je v p\u0159\u00edstavu k dispozici <strong>hl\u00eddan\u00e9 parkovi\u0161t\u011b<\/strong>, nebo prozkoumejte jin\u00e9 mo\u017enosti parkov\u00e1n\u00ed.<\/li>\n<li data-sourcepos=\"20:1-20:128\"><strong>Letecky:<\/strong> Leteckou dopravu: Zajist\u011bte si <strong>transfer<\/strong> prost\u0159ednictv\u00edm sv\u00e9ho agenta nebo charterov\u00e9 spole\u010dnosti. Z leti\u0161t\u011b jezd\u00ed tak\u00e9 tax\u00edky a autobusy.<\/li>\n<li data-sourcepos=\"21:1-22:0\"><strong>Provisioning:<\/strong> Pro v\u011bt\u0161\u00ed pohodl\u00ed <strong>si<\/strong> m\u016f\u017eete <strong>objednat potraviny online<\/strong> a nechat si <strong>je<\/strong> doru\u010dit p\u0159\u00edmo na jachtu.<\/li>\n<\/ul>\n<h3 data-sourcepos=\"23:1-23:17\"><span style=\"text-decoration: underline;\"><strong>Po p\u0159\u00edjezdu:<\/strong><\/span><\/h3>\n<p data-sourcepos=\"25:1-25:35\"><strong>1. P\u0159ihl\u00e1\u0161en\u00ed v kancel\u00e1\u0159i z\u00e1kladny:<\/strong><\/p>\n<ul data-sourcepos=\"27:1-33:0\">\n<li data-sourcepos=\"27:1-33:0\">P\u0159ij\u010fte v\u010das a p\u0159ineste si:\n<ul data-sourcepos=\"28:5-33:0\">\n<li data-sourcepos=\"28:5-28:23\"><strong>N\u00e1stupn\u00ed l\u00edstek<\/strong><\/li>\n<li data-sourcepos=\"29:5-29:28\"><strong>Kompletn\u00ed seznam pos\u00e1dky<\/strong><\/li>\n<li data-sourcepos=\"30:5-30:43\"><strong>P\u016fvodn\u00ed kapit\u00e1nsk\u00e9 pr\u016fkazy a pr\u016fkazy VKV<\/strong><\/li>\n<li data-sourcepos=\"31:5-31:18\"><strong>ID pos\u00e1dky<\/strong><\/li>\n<li data-sourcepos=\"32:5-33:0\"><strong>Zp\u016fsob platby (hotovost\/kreditn\u00ed karta)<\/strong><\/li>\n<\/ul>\n<\/li>\n<\/ul>\n<p data-sourcepos=\"34:1-34:28\"><strong>2. Administrativn\u00ed \u00fakoly:<\/strong><\/p>\n<ul data-sourcepos=\"36:1-41:0\">\n<li data-sourcepos=\"36:1-41:0\">Na\u0161i zam\u011bstnanci na z\u00e1kladn\u011b:\n<ul data-sourcepos=\"37:5-41:0\">\n<li data-sourcepos=\"37:5-37:48\"><strong>Potvrzen\u00ed informac\u00ed o pos\u00e1dce a licenc\u00edch.<\/strong><\/li>\n<li data-sourcepos=\"38:5-38:48\"><strong>Zpracov\u00e1n\u00ed turistick\u00e9 dan\u011b a poplatk\u016f za vybaven\u00ed.<\/strong><\/li>\n<li data-sourcepos=\"39:5-39:61\"><strong>Zpracov\u00e1n\u00ed kauce<\/strong> (v hotovosti nebo kreditn\u00ed kartou).<\/li>\n<li data-sourcepos=\"40:5-41:0\">Nab\u00eddka <strong>poji\u0161t\u011bn\u00ed vklad\u016f<\/strong> (nepovinn\u00e1).<\/li>\n<\/ul>\n<\/li>\n<\/ul>\n<p data-sourcepos=\"42:1-42:37\"><strong>3. Odbaven\u00ed lodi s technikem:<\/strong><\/p>\n<ul data-sourcepos=\"44:1-51:0\">\n<li data-sourcepos=\"44:1-44:56\">Seznamte se s technikem na palub\u011b s <strong>doklady od lodi<\/strong>.<\/li>\n<li data-sourcepos=\"45:1-45:56\">Zajist\u011bte, aby byl <strong>kapit\u00e1n p\u0159\u00edtomen<\/strong> p\u0159i prohl\u00eddce.<\/li>\n<li data-sourcepos=\"46:1-49:53\">Technik bude:\n<ul data-sourcepos=\"47:5-49:53\">\n<li data-sourcepos=\"47:5-47:63\">Zkontrolujte <strong>naviga\u010dn\u00ed, elektrick\u00e9 a bezpe\u010dnostn\u00ed vybaven\u00ed<\/strong>.<\/li>\n<li data-sourcepos=\"48:5-48:58\">Zkontrolujte <strong>plachty a z\u00e1kladn\u00ed n\u00e1stroje pro provoz jachty<\/strong>.<\/li>\n<li data-sourcepos=\"49:5-49:53\">Odpov\u00ed na va\u0161e dotazy a vy\u0159e\u0161\u00ed p\u0159\u00edpadn\u00e9 obavy.<\/li>\n<\/ul>\n<\/li>\n<li data-sourcepos=\"50:1-51:0\">Po dokon\u010den\u00ed ob\u011b strany podep\u00ed\u0161\u00ed <strong>kontroln\u00ed seznam<\/strong>.<\/li>\n<\/ul>\n<h3 data-sourcepos=\"52:1-52:22\"><span style=\"text-decoration: underline;\"><strong>P\u0159ipraveno k vyplut\u00ed!<\/strong><\/span><\/h3>\n<p data-sourcepos=\"54:1-54:102\">Po dokon\u010den\u00ed odbaven\u00ed m\u016f\u017eete <strong>vyrazit na cestu a vydat se vst\u0159\u00edc nezapomenuteln\u00e9mu dobrodru\u017estv\u00ed!<\/strong><\/p>\n<p data-sourcepos=\"56:1-56:127\"><strong>Bonusov\u00fd tip:<\/strong> Pokud p\u0159ed vyplut\u00edm naraz\u00edte na n\u011bjak\u00e9 probl\u00e9my, kontaktujte <strong>\u010d\u00edslo technick\u00e9 podpory<\/strong> uveden\u00e9 v lodn\u00edch dokladech.<\/p>\n<p data-sourcepos=\"58:1-58:74\"><strong>U\u017eijte si p\u0159\u00edzniv\u00fd v\u00edtr, klidn\u00e9 mo\u0159e a opravdu kouzeln\u00e9 chv\u00edle na Jadranu!<\/strong><\/p>\n\t\t\t\t\t\t\t\t<\/div>\n\t\t\t\t<\/div>\n\t\t\t\t\t<\/div>\n\t\t<\/div>\n\t\t\t\t<div class=\"elementor-column elementor-col-25 elementor-top-column elementor-element elementor-element-2536a580\" data-id=\"2536a580\" data-element_type=\"column\" data-e-type=\"column\">\n\t\t\t<div class=\"elementor-widget-wrap elementor-element-populated\">\n\t\t\t\t\t\t<div class=\"elementor-element elementor-element-458c2026 elementor-widget elementor-widget-template\" data-id=\"458c2026\" data-element_type=\"widget\" data-e-type=\"widget\" data-widget_type=\"template.default\">\n\t\t\t\t<div class=\"elementor-widget-container\">\n\t\t\t\t\t\t\t<div class=\"elementor-template\">\n\t\t\t\t\t<div data-elementor-type=\"section\" data-elementor-id=\"77213\" class=\"elementor elementor-77213 elementor-76339\" data-elementor-post-type=\"elementor_library\">\n\t\t\t\t\t<section class=\"elementor-section elementor-inner-section elementor-element elementor-element-457e679b elementor-section-full_width elementor-section-height-min-height elementor-section-content-middle elementor-section-height-default\" data-id=\"457e679b\" data-element_type=\"section\" data-e-type=\"section\" data-settings=\"{&quot;background_background&quot;:&quot;classic&quot;}\">\n\t\t\t\t\t\t\t<div class=\"elementor-background-overlay\"><\/div>\n\t\t\t\t\t\t\t<div class=\"elementor-container elementor-column-gap-default\">\n\t\t\t\t\t<div class=\"elementor-column elementor-col-100 elementor-inner-column elementor-element elementor-element-33d83c77\" data-id=\"33d83c77\" data-element_type=\"column\" data-e-type=\"column\">\n\t\t\t<div class=\"elementor-widget-wrap elementor-element-populated\">\n\t\t\t\t\t\t<div class=\"elementor-element elementor-element-26c46f13 elementor-widget elementor-widget-text-editor\" data-id=\"26c46f13\" data-element_type=\"widget\" data-e-type=\"widget\" data-widget_type=\"text-editor.default\">\n\t\t\t\t<div class=\"elementor-widget-container\">\n\t\t\t\t\t\t\t\t\t<p style=\"text-align: center;\">Hled\u00e1te lo\u010f?<\/p>\n\t\t\t\t\t\t\t\t<\/div>\n\t\t\t\t<\/div>\n\t\t\t\t<div class=\"elementor-element elementor-element-7116d3fc elementor-align-center elementor-widget elementor-widget-button\" data-id=\"7116d3fc\" data-element_type=\"widget\" data-e-type=\"widget\" data-widget_type=\"button.default\">\n\t\t\t\t<div class=\"elementor-widget-container\">\n\t\t\t\t\t\t\t\t\t<div class=\"elementor-button-wrapper\">\n\t\t\t\t\t<a class=\"elementor-button elementor-button-link elementor-size-md\" href=\"https:\/\/skippercity.com\/cs\/ziskejte-nabidku-pronajem-jachty-chorvatsko\/\" target=\"_blank\">\n\t\t\t\t\t\t<span class=\"elementor-button-content-wrapper\">\n\t\t\t\t\t\t\t\t\t<span class=\"elementor-button-text\">Z\u00cdSKEJTE CENOVOU CENU ZDARMA<\/span>\n\t\t\t\t\t<\/span>\n\t\t\t\t\t<\/a>\n\t\t\t\t<\/div>\n\t\t\t\t\t\t\t\t<\/div>\n\t\t\t\t<\/div>\n\t\t\t\t\t<\/div>\n\t\t<\/div>\n\t\t\t\t\t<\/div>\n\t\t<\/section>\n\t\t\t\t<\/div>\n\t\t\t\t<\/div>\n\t\t\t\t\t\t<\/div>\n\t\t\t\t<\/div>\n\t\t\t\t\t<\/div>\n\t\t<\/div>\n\t\t\t\t\t<\/div>\n\t\t<\/section>\n\t\t\t\t<\/div>\n\t\t","protected":false},"excerpt":{"rendered":"<p>Obsah Pr\u016fvodce p\u0159ihl\u00e1\u0161en\u00edm k pron\u00e1jmu jachty P\u0159ihl\u00e1\u0161en\u00ed k pron\u00e1jmu jachty: Hladce vyplujte vst\u0159\u00edc nezapomenuteln\u00e9mu dobrodru\u017estv\u00ed P\u0159ipravte se na dovolenou sn\u016f na plachetnici! Tento komplexn\u00ed pr\u016fvodce v\u00e1m zajist\u00ed bezprobl\u00e9mov\u00e9 odbaven\u00ed na va\u0161\u00ed jacht\u011b a umo\u017en\u00ed v\u00e1m za\u010d\u00edt dobrodru\u017estv\u00ed spr\u00e1vn\u011b. P\u0159ed vyplut\u00edm: 1. P\u0159edlo\u017ete seznam pos\u00e1dky a licence: Zajist\u011bte si hladk\u00fd pr\u016fb\u011bh odbaven\u00ed t\u00edm, \u017ee p\u0159edem za\u0161lete [&hellip;]<\/p>\n","protected":false},"author":2,"featured_media":408270,"parent":0,"menu_order":0,"comment_status":"closed","ping_status":"closed","template":"","meta":{"footnotes":""},"class_list":["post-416128","page","type-page","status-publish","has-post-thumbnail","hentry"],"_links":{"self":[{"href":"https:\/\/skippercity.com\/cs\/wp-json\/wp\/v2\/pages\/416128","targetHints":{"allow":["GET"]}}],"collection":[{"href":"https:\/\/skippercity.com\/cs\/wp-json\/wp\/v2\/pages"}],"about":[{"href":"https:\/\/skippercity.com\/cs\/wp-json\/wp\/v2\/types\/page"}],"author":[{"embeddable":true,"href":"https:\/\/skippercity.com\/cs\/wp-json\/wp\/v2\/users\/2"}],"replies":[{"embeddable":true,"href":"https:\/\/skippercity.com\/cs\/wp-json\/wp\/v2\/comments?post=416128"}],"version-history":[{"count":0,"href":"https:\/\/skippercity.com\/cs\/wp-json\/wp\/v2\/pages\/416128\/revisions"}],"wp:featuredmedia":[{"embeddable":true,"href":"https:\/\/skippercity.com\/cs\/wp-json\/wp\/v2\/media\/408270"}],"wp:attachment":[{"href":"https:\/\/skippercity.com\/cs\/wp-json\/wp\/v2\/media?parent=416128"}],"curies":[{"name":"wp","href":"https:\/\/api.w.org\/{rel}","templated":true}]}}