{"id":416334,"date":"2024-03-02T09:54:36","date_gmt":"2024-03-02T09:54:36","guid":{"rendered":"https:\/\/www.skippercity.com\/vyplujte-na-dechberouci-chorvatske-pobrezi-skippercity-com-pronajem-jachet-na-pobrezi-chorvatska\/"},"modified":"2025-03-06T14:03:36","modified_gmt":"2025-03-06T14:03:36","slug":"vyplujte-na-dechberouci-chorvatske-pobrezi-skippercity-com-pronajem-jachet-na-pobrezi-chorvatska","status":"publish","type":"page","link":"https:\/\/skippercity.com\/cs\/vyplujte-na-dechberouci-chorvatske-pobrezi-skippercity-com-pronajem-jachet-na-pobrezi-chorvatska\/","title":{"rendered":"Vyplujte na dechberouc\u00ed chorvatsk\u00e9 pob\u0159e\u017e\u00ed: SkipperCity.com: Pron\u00e1jem jachet na pob\u0159e\u017e\u00ed Chorvatska."},"content":{"rendered":"\t\t<div data-elementor-type=\"wp-page\" data-elementor-id=\"416334\" class=\"elementor elementor-416334 elementor-416326\" data-elementor-post-type=\"page\">\n\t\t\t\t<div class=\"elementor-element elementor-element-7221df9 e-con-full e-flex e-con e-parent\" data-id=\"7221df9\" data-element_type=\"container\" data-e-type=\"container\" data-settings=\"{&quot;background_background&quot;:&quot;classic&quot;}\">\n\t\t\t\t<\/div>\n\t\t\t\t<section class=\"elementor-section elementor-top-section elementor-element elementor-element-16f0dcfb elementor-section-full_width elementor-section-height-default elementor-section-height-default\" data-id=\"16f0dcfb\" data-element_type=\"section\" data-e-type=\"section\">\n\t\t\t\t\t\t<div class=\"elementor-container elementor-column-gap-default\">\n\t\t\t\t\t<div class=\"elementor-column elementor-col-25 elementor-top-column elementor-element elementor-element-14ec4fad\" data-id=\"14ec4fad\" data-element_type=\"column\" data-e-type=\"column\">\n\t\t\t<div class=\"elementor-widget-wrap elementor-element-populated\">\n\t\t\t\t\t\t<div class=\"elementor-element elementor-element-168931b8 elementor-toc--minimized-on-tablet elementor-widget elementor-widget-table-of-contents\" data-id=\"168931b8\" data-element_type=\"widget\" data-e-type=\"widget\" data-settings=\"{&quot;exclude_headings_by_selector&quot;:[],&quot;marker_view&quot;:&quot;bullets&quot;,&quot;headings_by_tags&quot;:[&quot;h2&quot;,&quot;h3&quot;,&quot;h4&quot;,&quot;h5&quot;,&quot;h6&quot;],&quot;icon&quot;:{&quot;value&quot;:&quot;fas fa-circle&quot;,&quot;library&quot;:&quot;fa-solid&quot;,&quot;rendered_tag&quot;:&quot;&lt;svg class=\\&quot;e-font-icon-svg e-fas-circle\\&quot; viewBox=\\&quot;0 0 512 512\\&quot; xmlns=\\&quot;http:\\\/\\\/www.w3.org\\\/2000\\\/svg\\&quot;&gt;&lt;path d=\\&quot;M256 8C119 8 8 119 8 256s111 248 248 248 248-111 248-248S393 8 256 8z\\&quot;&gt;&lt;\\\/path&gt;&lt;\\\/svg&gt;&quot;},&quot;no_headings_message&quot;:&quot;No headings were found on this page.&quot;,&quot;minimize_box&quot;:&quot;yes&quot;,&quot;minimized_on&quot;:&quot;tablet&quot;,&quot;hierarchical_view&quot;:&quot;yes&quot;,&quot;min_height&quot;:{&quot;unit&quot;:&quot;px&quot;,&quot;size&quot;:&quot;&quot;,&quot;sizes&quot;:[]},&quot;min_height_tablet&quot;:{&quot;unit&quot;:&quot;px&quot;,&quot;size&quot;:&quot;&quot;,&quot;sizes&quot;:[]},&quot;min_height_mobile&quot;:{&quot;unit&quot;:&quot;px&quot;,&quot;size&quot;:&quot;&quot;,&quot;sizes&quot;:[]}}\" data-widget_type=\"table-of-contents.default\">\n\t\t\t\t<div class=\"elementor-widget-container\">\n\t\t\t\t\t\t\t\t\t<div class=\"elementor-toc__header\">\n\t\t\t\t\t\t<h4 class=\"elementor-toc__header-title\">\n\t\t\t\tObsah\t\t\t<\/h4>\n\t\t\t\t\t\t\t\t\t\t<div class=\"elementor-toc__toggle-button elementor-toc__toggle-button--expand\" role=\"button\" tabindex=\"0\" aria-controls=\"elementor-toc__168931b8\" aria-expanded=\"true\" aria-label=\"Open table of contents\"><svg aria-hidden=\"true\" class=\"e-font-icon-svg e-fas-chevron-down\" viewBox=\"0 0 448 512\" xmlns=\"http:\/\/www.w3.org\/2000\/svg\"><path d=\"M207.029 381.476L12.686 187.132c-9.373-9.373-9.373-24.569 0-33.941l22.667-22.667c9.357-9.357 24.522-9.375 33.901-.04L224 284.505l154.745-154.021c9.379-9.335 24.544-9.317 33.901.04l22.667 22.667c9.373 9.373 9.373 24.569 0 33.941L240.971 381.476c-9.373 9.372-24.569 9.372-33.942 0z\"><\/path><\/svg><\/div>\n\t\t\t\t<div class=\"elementor-toc__toggle-button elementor-toc__toggle-button--collapse\" role=\"button\" tabindex=\"0\" aria-controls=\"elementor-toc__168931b8\" aria-expanded=\"true\" aria-label=\"Close table of contents\"><svg aria-hidden=\"true\" class=\"e-font-icon-svg e-fas-chevron-up\" viewBox=\"0 0 448 512\" xmlns=\"http:\/\/www.w3.org\/2000\/svg\"><path d=\"M240.971 130.524l194.343 194.343c9.373 9.373 9.373 24.569 0 33.941l-22.667 22.667c-9.357 9.357-24.522 9.375-33.901.04L224 227.495 69.255 381.516c-9.379 9.335-24.544 9.317-33.901-.04l-22.667-22.667c-9.373-9.373-9.373-24.569 0-33.941L207.03 130.525c9.372-9.373 24.568-9.373 33.941-.001z\"><\/path><\/svg><\/div>\n\t\t\t\t\t<\/div>\n\t\t\t\t<div id=\"elementor-toc__168931b8\" class=\"elementor-toc__body\">\n\t\t\t<div class=\"elementor-toc__spinner-container\">\n\t\t\t\t<svg class=\"elementor-toc__spinner eicon-animation-spin e-font-icon-svg e-eicon-loading\" aria-hidden=\"true\" viewBox=\"0 0 1000 1000\" xmlns=\"http:\/\/www.w3.org\/2000\/svg\"><path d=\"M500 975V858C696 858 858 696 858 500S696 142 500 142 142 304 142 500H25C25 237 238 25 500 25S975 237 975 500 763 975 500 975Z\"><\/path><\/svg>\t\t\t<\/div>\n\t\t<\/div>\n\t\t\t\t\t\t<\/div>\n\t\t\t\t<\/div>\n\t\t\t\t\t<\/div>\n\t\t<\/div>\n\t\t\t\t<div class=\"elementor-column elementor-col-50 elementor-top-column elementor-element elementor-element-56a65c9e\" data-id=\"56a65c9e\" data-element_type=\"column\" data-e-type=\"column\">\n\t\t\t<div class=\"elementor-widget-wrap elementor-element-populated\">\n\t\t\t\t\t\t<div class=\"elementor-element elementor-element-11821385 elementor-widget elementor-widget-text-editor\" data-id=\"11821385\" data-element_type=\"widget\" data-e-type=\"widget\" data-widget_type=\"text-editor.default\">\n\t\t\t\t<div class=\"elementor-widget-container\">\n\t\t\t\t\t\t\t\t\t<div class=\"markdown markdown-main-panel ui-v2-enabled\" dir=\"ltr\">\n<h1 data-sourcepos=\"1:1-1:80\">Vyplujte na dechberouc\u00ed chorvatsk\u00e9 pob\u0159e\u017e\u00ed: SkipperCity.com: Pron\u00e1jem jachet na pob\u0159e\u017e\u00ed Chorvatska.<\/h1>\n<h2 data-sourcepos=\"3:1-3:45\"><strong>Nezapomenuteln\u00e1 dovolen\u00e1 na plachetnici v Chorvatsku<\/strong><\/h2>\n<p data-sourcepos=\"5:1-5:278\">Chorvatsko se sv\u00fdmi tyrkysov\u00fdmi vodami, malebn\u00fdmi ostrovy a p\u016fvabn\u00fdmi pob\u0159e\u017en\u00edmi m\u011bsty je vysn\u011bnou destinac\u00ed pro milovn\u00edky jachtingu. A\u0165 u\u017e jste zku\u0161en\u00fd jachta\u0159, kter\u00fd hled\u00e1 dobrodru\u017estv\u00ed, nebo rodina, kter\u00e1 si chce odpo\u010dinout, SkipperCity.com dok\u00e1\u017ee prom\u011bnit v\u00e1\u0161 sen ve skute\u010dnost.<\/p>\n<h2 data-sourcepos=\"7:1-7:63\"><strong>Prozkoumejte sv\u00e9 mo\u017enosti: Katamar\u00e1ny, plachetnice a motorov\u00e9 \u010dluny<\/strong><\/h2>\n<p data-sourcepos=\"9:1-9:221\">Na SkipperCity.com jsme va\u0161e jedin\u00e9 m\u00edsto pro <strong>pron\u00e1jem jachet v Chorvatsku<\/strong>. S <strong>v\u00edce ne\u017e 13 000 jachtami<\/strong> v na\u0161\u00ed rozs\u00e1hl\u00e9 flotile nab\u00edz\u00edme \u0161irokou \u0161k\u00e1lu mo\u017enost\u00ed, kter\u00e9 uspokoj\u00ed v\u0161echny preference a \u00farovn\u011b jachta\u0159sk\u00fdch zku\u0161enost\u00ed:<\/p>\n<ul data-sourcepos=\"11:1-14:0\">\n<li data-sourcepos=\"11:1-11:353\"><strong>\u010c\u00e1ry katamar\u00e1n\u016f:<\/strong> <strong>Za\u017eijte bezkonkuren\u010dn\u00ed stabilitu a pohodl\u00ed<\/strong> na palub\u011b luxusn\u00edho katamar\u00e1nu, kter\u00fd je ide\u00e1ln\u00ed pro rodiny a skupiny, kter\u00e9 hledaj\u00ed prostorn\u00fd a relaxa\u010dn\u00ed z\u00e1\u017eitek. Prozkoumejte na\u0161i str\u00e1nku o pron\u00e1jmu katamar\u00e1n\u016f v Chorvatsku: <a class=\"traceable-link\" href=\"https:\/\/skippercity.com\/cs\/pronajem-katamaranu-chorvatsko\/\" target=\"_blank\" rel=\"noopener noreferrer\">https:\/\/skippercity.com\/catamaran-charter-croatia\/<\/a> a dozv\u00edte se v\u00edce.<\/li>\n<li data-sourcepos=\"12:1-12:370\"><strong>Pron\u00e1jem plachetnic:<\/strong> <strong>Vyzkou\u0161ejte si klasick\u00fd p\u016fvab a vzru\u0161en\u00ed z plavby<\/strong> na klasick\u00e9 plachetnici, kter\u00e1 je ide\u00e1ln\u00ed pro objevov\u00e1n\u00ed skryt\u00fdch z\u00e1tok a pro\u017e\u00edv\u00e1n\u00ed radosti z plavby po Jadersk\u00e9m mo\u0159i. V\u00edce informac\u00ed o pron\u00e1jmu plachetnic v Chorvatsku: https: <a class=\"traceable-link\" href=\"https:\/\/skippercity.com\/cs\/pronajem-plachetnic-chorvatsko\/\" target=\"_blank\" rel=\"noopener noreferrer\">\/\/skippercity.com\/sailboat-charter-croatia\/<\/a> mo\u017enosti na na\u0161ich webov\u00fdch str\u00e1nk\u00e1ch.<\/li>\n<li data-sourcepos=\"13:1-14:0\"><strong>Chartery motorov\u00fdch \u010dlun\u016f:<\/strong> <strong>Objevujte pob\u0159e\u017e\u00ed vlastn\u00edm tempem<\/strong> d\u00edky na\u0161im vzru\u0161uj\u00edc\u00edm charter\u016fm na motorov\u00fdch \u010dlunech, kter\u00e9 jsou ide\u00e1ln\u00ed pro ty, kdo hledaj\u00ed rychlej\u0161\u00ed tempo a mo\u017enost p\u0159ekonat v\u011bt\u0161\u00ed vzd\u00e1lenost. Podrobnosti naleznete na str\u00e1nce Charta motorov\u00fdch \u010dlun\u016f Chorvatsko: https: <a class=\"traceable-link\" href=\"https:\/\/skippercity.com\/cs\/pronajem-motorovych-clunu-chorvatsko\/\" target=\"_blank\" rel=\"noopener noreferrer\">\/\/skippercity.com\/motorboat-charter-croatia\/<\/a>.<\/li>\n<\/ul>\n<h2 data-sourcepos=\"15:1-15:41\"><strong>Z\u00e1\u017eitky na m\u00edru pro ka\u017ed\u00e9ho n\u00e1mo\u0159n\u00edka<\/strong><\/h2>\n<p data-sourcepos=\"17:1-17:153\">Ch\u00e1peme, \u017ee ka\u017ed\u00fd n\u00e1mo\u0159n\u00edk m\u00e1 jedine\u010dn\u00e9 pot\u0159eby. Vyberte si ze t\u0159\u00ed r\u016fzn\u00fdch mo\u017enost\u00ed pron\u00e1jmu, aby bylo va\u0161e dobrodru\u017estv\u00ed na chorvatsk\u00e9 plachetnici skute\u010dn\u011b nezapomenuteln\u00e9:<\/p>\n<ul data-sourcepos=\"19:1-22:0\">\n<li data-sourcepos=\"19:1-19:249\"><strong>Pron\u00e1jem lod\u00ed bez pos\u00e1dky:<\/strong> Vydejte <strong>se na nez\u00e1visl\u00e9 dobrodru\u017estv\u00ed<\/strong> (pouze zku\u0161en\u00ed n\u00e1mo\u0159n\u00edci s platn\u00fdm pr\u016fkazem) a vytvo\u0159te si vlastn\u00ed trasu. V\u00edce informac\u00ed o po\u017eadavc\u00edch a v\u00fdhod\u00e1ch naleznete na str\u00e1nce Bareboat Charter Croatia: [invalid URL removed].<\/li>\n<li data-sourcepos=\"20:1-20:363\"><strong>Kapit\u00e1novan\u00e9 lod\u011b:<\/strong> <strong>Odpo\u010d\u00edvejte a u\u017e\u00edvejte si scen\u00e9rie<\/strong>, zat\u00edmco profesion\u00e1ln\u00ed kapit\u00e1n se star\u00e1 o navigaci a vy se m\u016f\u017eete pln\u011b soust\u0159edit na pozn\u00e1v\u00e1n\u00ed kr\u00e1s Chorvatska. Zjist\u011bte v\u00edce o na\u0161ich slu\u017eb\u00e1ch Skippered Yacht Charter Croatia: <a class=\"traceable-link\" href=\"https:\/\/skippercity.com\/cs\/skippered-yacht-charter-chorvatsko\/\" target=\"_blank\" rel=\"noopener noreferrer\">https:\/\/skippercity.com\/skippered-yacht-charter-croatia\/<\/a>.<\/li>\n<li data-sourcepos=\"21:1-22:0\"><strong>Chartery s pos\u00e1dkou:<\/strong> <strong>Vychutnejte si dokonal\u00fd luxus<\/strong> na jacht\u011b s kapit\u00e1nem a plnou pos\u00e1dkou, kter\u00e1 nab\u00edz\u00ed individu\u00e1ln\u00ed slu\u017eby a uspokoj\u00ed v\u0161echny va\u0161e pot\u0159eby. Prozkoumejte mo\u017enosti pron\u00e1jmu jachet s pos\u00e1dkou v Chorvatsku: <a class=\"traceable-link\" href=\"https:\/\/skippercity.com\/cs\/pronajem-lodi-s-posadkou-chorvatsko\/\" target=\"_blank\" rel=\"noopener noreferrer\">https:\/\/skippercity.com\/crewed-yacht-charter-croatia\/<\/a> na na\u0161ich webov\u00fdch str\u00e1nk\u00e1ch.<\/li>\n<\/ul>\n<h2 data-sourcepos=\"23:1-23:37\"><strong>Poznejte rozmanit\u00e9 regiony Chorvatska<\/strong><\/h2>\n<p data-sourcepos=\"25:1-25:204\">Vydejte se na dobrodru\u017enou cestu z r\u016fzn\u00fdch m\u00edst v Chorvatsku, nap\u0159\u00edklad ze Splitu, Dubrovn\u00edku, Zadaru, \u0160ibeniku a Trogiru. Ka\u017ed\u00fd region se py\u0161n\u00ed jedine\u010dnou pob\u0159e\u017en\u00ed krajinou a skryt\u00fdmi klenoty, kter\u00e9 \u010dekaj\u00ed na objeven\u00ed.<\/p>\n<h2 data-sourcepos=\"27:1-27:44\"><strong>Bezprobl\u00e9mov\u00e1 rezervace a odborn\u00e9 veden\u00ed:<\/strong><\/h2>\n<p data-sourcepos=\"29:1-29:180\">N\u00e1\u0161 zku\u0161en\u00fd t\u00fdm je zde, aby v\u00e1m pomohl na ka\u017ed\u00e9m kroku. Nab\u00edz\u00edme osobn\u00ed doporu\u010den\u00ed, odborn\u00e9 poradenstv\u00ed p\u0159i v\u00fdb\u011bru ide\u00e1ln\u00ed jachty a bezprobl\u00e9mov\u00fd proces rezervace.<\/p>\n<h2 data-sourcepos=\"31:1-31:36\"><strong>Za\u010dn\u011bte pl\u00e1novat sv\u016fj sen je\u0161t\u011b dnes:<\/strong><\/h2>\n<p data-sourcepos=\"33:1-33:189\">Kontaktujte SkipperCity.com je\u0161t\u011b dnes pro bezplatnou nab\u00eddku a za\u010dn\u011bte pl\u00e1novat sv\u016fj nezapomenuteln\u00fd z\u00e1\u017eitek z <strong>pron\u00e1jmu plachetnice v Chorvatsku<\/strong>, pron\u00e1jmu <strong>katamar\u00e1nu v Chorvatsku<\/strong> nebo <strong>pron\u00e1jmu motorov\u00e9ho \u010dlunu v Chorvatsku<\/strong>!<\/p>\n<\/div>\n\t\t\t\t\t\t\t\t<\/div>\n\t\t\t\t<\/div>\n\t\t\t\t\t<\/div>\n\t\t<\/div>\n\t\t\t\t<div class=\"elementor-column elementor-col-25 elementor-top-column elementor-element elementor-element-50e30ed\" data-id=\"50e30ed\" data-element_type=\"column\" data-e-type=\"column\">\n\t\t\t<div class=\"elementor-widget-wrap elementor-element-populated\">\n\t\t\t\t\t\t<div class=\"elementor-element elementor-element-1809f061 elementor-widget elementor-widget-template\" data-id=\"1809f061\" data-element_type=\"widget\" data-e-type=\"widget\" data-widget_type=\"template.default\">\n\t\t\t\t<div class=\"elementor-widget-container\">\n\t\t\t\t\t\t\t<div class=\"elementor-template\">\n\t\t\t\t\t<div data-elementor-type=\"section\" data-elementor-id=\"77213\" class=\"elementor elementor-77213 elementor-76339\" data-elementor-post-type=\"elementor_library\">\n\t\t\t\t\t<section class=\"elementor-section elementor-inner-section elementor-element elementor-element-457e679b elementor-section-full_width elementor-section-height-min-height elementor-section-content-middle elementor-section-height-default\" data-id=\"457e679b\" data-element_type=\"section\" data-e-type=\"section\" data-settings=\"{&quot;background_background&quot;:&quot;classic&quot;}\">\n\t\t\t\t\t\t\t<div class=\"elementor-background-overlay\"><\/div>\n\t\t\t\t\t\t\t<div class=\"elementor-container elementor-column-gap-default\">\n\t\t\t\t\t<div class=\"elementor-column elementor-col-100 elementor-inner-column elementor-element elementor-element-33d83c77\" data-id=\"33d83c77\" data-element_type=\"column\" data-e-type=\"column\">\n\t\t\t<div class=\"elementor-widget-wrap elementor-element-populated\">\n\t\t\t\t\t\t<div class=\"elementor-element elementor-element-26c46f13 elementor-widget elementor-widget-text-editor\" data-id=\"26c46f13\" data-element_type=\"widget\" data-e-type=\"widget\" data-widget_type=\"text-editor.default\">\n\t\t\t\t<div class=\"elementor-widget-container\">\n\t\t\t\t\t\t\t\t\t<p style=\"text-align: center;\">Hled\u00e1te lo\u010f?<\/p>\n\t\t\t\t\t\t\t\t<\/div>\n\t\t\t\t<\/div>\n\t\t\t\t<div class=\"elementor-element elementor-element-7116d3fc elementor-align-center elementor-widget elementor-widget-button\" data-id=\"7116d3fc\" data-element_type=\"widget\" data-e-type=\"widget\" data-widget_type=\"button.default\">\n\t\t\t\t<div class=\"elementor-widget-container\">\n\t\t\t\t\t\t\t\t\t<div class=\"elementor-button-wrapper\">\n\t\t\t\t\t<a class=\"elementor-button elementor-button-link elementor-size-md\" href=\"https:\/\/skippercity.com\/cs\/ziskejte-nabidku-pronajem-jachty-chorvatsko\/\" target=\"_blank\">\n\t\t\t\t\t\t<span class=\"elementor-button-content-wrapper\">\n\t\t\t\t\t\t\t\t\t<span class=\"elementor-button-text\">Z\u00cdSKEJTE CENOVOU CENU ZDARMA<\/span>\n\t\t\t\t\t<\/span>\n\t\t\t\t\t<\/a>\n\t\t\t\t<\/div>\n\t\t\t\t\t\t\t\t<\/div>\n\t\t\t\t<\/div>\n\t\t\t\t\t<\/div>\n\t\t<\/div>\n\t\t\t\t\t<\/div>\n\t\t<\/section>\n\t\t\t\t<\/div>\n\t\t\t\t<\/div>\n\t\t\t\t\t\t<\/div>\n\t\t\t\t<\/div>\n\t\t\t\t\t<\/div>\n\t\t<\/div>\n\t\t\t\t\t<\/div>\n\t\t<\/section>\n\t\t\t\t<\/div>\n\t\t","protected":false},"excerpt":{"rendered":"<p>Obsah Vyplujte na dechberouc\u00ed chorvatsk\u00e9 pob\u0159e\u017e\u00ed: SkipperCity.com: Pron\u00e1jem jachet na pob\u0159e\u017e\u00ed Chorvatska. Nezapomenuteln\u00e1 dovolen\u00e1 na plachetnici v Chorvatsku Chorvatsko se sv\u00fdmi tyrkysov\u00fdmi vodami, malebn\u00fdmi ostrovy a p\u016fvabn\u00fdmi pob\u0159e\u017en\u00edmi m\u011bsty je vysn\u011bnou destinac\u00ed pro milovn\u00edky jachtingu. A\u0165 u\u017e jste zku\u0161en\u00fd jachta\u0159, kter\u00fd hled\u00e1 dobrodru\u017estv\u00ed, nebo rodina, kter\u00e1 si chce odpo\u010dinout, SkipperCity.com dok\u00e1\u017ee prom\u011bnit v\u00e1\u0161 sen ve [&hellip;]<\/p>\n","protected":false},"author":2,"featured_media":408270,"parent":0,"menu_order":0,"comment_status":"closed","ping_status":"closed","template":"","meta":{"footnotes":""},"class_list":["post-416334","page","type-page","status-publish","has-post-thumbnail","hentry"],"_links":{"self":[{"href":"https:\/\/skippercity.com\/cs\/wp-json\/wp\/v2\/pages\/416334","targetHints":{"allow":["GET"]}}],"collection":[{"href":"https:\/\/skippercity.com\/cs\/wp-json\/wp\/v2\/pages"}],"about":[{"href":"https:\/\/skippercity.com\/cs\/wp-json\/wp\/v2\/types\/page"}],"author":[{"embeddable":true,"href":"https:\/\/skippercity.com\/cs\/wp-json\/wp\/v2\/users\/2"}],"replies":[{"embeddable":true,"href":"https:\/\/skippercity.com\/cs\/wp-json\/wp\/v2\/comments?post=416334"}],"version-history":[{"count":0,"href":"https:\/\/skippercity.com\/cs\/wp-json\/wp\/v2\/pages\/416334\/revisions"}],"wp:featuredmedia":[{"embeddable":true,"href":"https:\/\/skippercity.com\/cs\/wp-json\/wp\/v2\/media\/408270"}],"wp:attachment":[{"href":"https:\/\/skippercity.com\/cs\/wp-json\/wp\/v2\/media?parent=416334"}],"curies":[{"name":"wp","href":"https:\/\/api.w.org\/{rel}","templated":true}]}}