{"id":423972,"date":"2025-03-21T15:58:15","date_gmt":"2025-03-21T15:58:15","guid":{"rendered":"https:\/\/www.skippercity.com\/trasy-plachetnic-do-chorvatska\/"},"modified":"2025-03-22T22:25:27","modified_gmt":"2025-03-22T22:25:27","slug":"trasy-plachetnic-do-chorvatska","status":"publish","type":"page","link":"https:\/\/skippercity.com\/cs\/trasy-plachetnic-do-chorvatska\/","title":{"rendered":"Trasy plachetnic do Chorvatska"},"content":{"rendered":"\t\t<div data-elementor-type=\"wp-page\" data-elementor-id=\"423972\" class=\"elementor elementor-423972 elementor-423918\" data-elementor-post-type=\"page\">\n\t\t\t\t<div class=\"elementor-element elementor-element-5247feaa e-con-full e-flex e-con e-parent\" data-id=\"5247feaa\" data-element_type=\"container\" data-e-type=\"container\" data-settings=\"{&quot;background_background&quot;:&quot;classic&quot;}\">\n\t\t\t\t<div class=\"elementor-element elementor-element-3177c578 elementor-widget elementor-widget-heading\" data-id=\"3177c578\" data-element_type=\"widget\" data-e-type=\"widget\" data-widget_type=\"heading.default\">\n\t\t\t\t<div class=\"elementor-widget-container\">\n\t\t\t\t\t<h1 class=\"elementor-heading-title elementor-size-default\">Jachta\u0159sk\u00e9 trasy v Chorvatsku | Nejlep\u0161\u00ed jachta\u0159sk\u00e9 trasy na Jadranu<\/h1>\t\t\t\t<\/div>\n\t\t\t\t<\/div>\n\t\t\t\t<\/div>\n\t\t<div class=\"elementor-element elementor-element-36d3d17e e-con-full e-flex e-con e-parent\" data-id=\"36d3d17e\" data-element_type=\"container\" data-e-type=\"container\">\n\t\t<div class=\"elementor-element elementor-element-25be37b4 e-con-full e-flex e-con e-child\" data-id=\"25be37b4\" data-element_type=\"container\" data-e-type=\"container\">\n\t\t\t\t<div class=\"elementor-element elementor-element-7ad88970 elementor-widget-divider--view-line elementor-widget elementor-widget-divider\" data-id=\"7ad88970\" data-element_type=\"widget\" data-e-type=\"widget\" data-widget_type=\"divider.default\">\n\t\t\t\t<div class=\"elementor-widget-container\">\n\t\t\t\t\t\t\t<div class=\"elementor-divider\">\n\t\t\t<span class=\"elementor-divider-separator\">\n\t\t\t\t\t\t<\/span>\n\t\t<\/div>\n\t\t\t\t\t\t<\/div>\n\t\t\t\t<\/div>\n\t\t\t\t<\/div>\n\t\t\t\t<\/div>\n\t\t<div class=\"elementor-element elementor-element-5266346 e-con-full e-flex e-con e-parent\" data-id=\"5266346\" data-element_type=\"container\" data-e-type=\"container\">\n\t\t<div class=\"elementor-element elementor-element-291414f3 e-con-full e-flex e-con e-child\" data-id=\"291414f3\" data-element_type=\"container\" data-e-type=\"container\">\n\t\t\t\t<div class=\"elementor-element elementor-element-445fbf74 elementor-widget elementor-widget-text-editor\" data-id=\"445fbf74\" data-element_type=\"widget\" data-e-type=\"widget\" data-widget_type=\"text-editor.default\">\n\t\t\t\t<div class=\"elementor-widget-container\">\n\t\t\t\t\t\t\t\t\t<p>Vydejte se na \u017eivotn\u00ed dovolenou na plachetnici s pe\u010dliv\u011b navr\u017een\u00fdmi plavebn\u00edmi trasami do Chorvatska od <a href=\"https:\/\/skippercity.com\/cs\/\">SkipperCity<\/a>. Pronajm\u011bte si <a href=\"https:\/\/skippercity.com\/cs\/pronajem-jachet-chorvatsko\/\">luxusn\u00ed jachtu<\/a>, katamar\u00e1n nebo plachetnici a objevte to nejlep\u0161\u00ed z p\u016fvabn\u00fdch chorvatsk\u00fdch ostrov\u016f, historick\u00fdch m\u011bst, nedot\u010den\u00fdch pl\u00e1\u017e\u00ed a skryt\u00fdch z\u00e1tok pod\u00e9l \u00fachvatn\u00e9ho pob\u0159e\u017e\u00ed Jadersk\u00e9ho mo\u0159e. <\/p>\n<\/p>\n<hr>\n<h2> <\/h2>\n<h2>7denn\u00ed plavebn\u00ed trasa ze Splitu<\/h2>\n<p><strong>Den 1: Split &#8211; Trogir<\/strong><br \/>Za\u010dn\u011bte plavbu z pulzuj\u00edc\u00edho Splitu do Trogiru, malebn\u00e9ho m\u011bsta zapsan\u00e9ho na seznamu sv\u011btov\u00e9ho d\u011bdictv\u00ed UNESCO, kter\u00e9 je zn\u00e1m\u00e9 svou \u00fachvatnou st\u0159edov\u011bkou architekturou a \u017eivou n\u00e1b\u0159e\u017en\u00ed promen\u00e1dou.<\/p>\n<p><strong>2. den: Trogir &#8211; \u0160olta<\/strong><br \/>Prozkoumejte klidn\u00fd ostrov \u0160olta, kter\u00fd je zn\u00e1m\u00fd odlehl\u00fdmi z\u00e1tokami, olivov\u00fdmi h\u00e1ji a k\u0159i\u0161\u0165\u00e1lov\u011b \u010distou vodou ide\u00e1ln\u00ed ke koup\u00e1n\u00ed a \u0161norchlov\u00e1n\u00ed.<\/p>\n<p><strong>Den 3: \u0160olta &#8211; Hvar<\/strong><br \/>Vydejte se na cestu na okouzluj\u00edc\u00ed Hvar, kter\u00fd je proslul\u00fd sv\u00fdm ru\u0161n\u00fdm no\u010dn\u00edm \u017eivotem, kr\u00e1sn\u00fdmi pl\u00e1\u017eemi, levandulov\u00fdmi poli a historick\u00fdmi pam\u00e1tkami.<\/p>\n<p><strong>Den 4: Hvar &#8211; Vis<\/strong><br \/>Objevte ostrov Vis, kter\u00fd se vyzna\u010duje nedot\u010denou p\u0159\u00edrodou, tajn\u00fdmi z\u00e1tokami a fascinuj\u00edc\u00edmi historick\u00fdmi pam\u00e1tkami z obdob\u00ed od starov\u011bku po 2. sv\u011btovou v\u00e1lku.<\/p>\n<p><strong>Den 5: Vis &#8211; Komi\u017ea<\/strong><br \/>Nav\u0161tivte Komi\u017eu, p\u016fvabnou ryb\u00e1\u0159skou vesnici na ostrov\u011b Vis, kter\u00e1 je zn\u00e1m\u00e1 sv\u00fdmi autentick\u00fdmi restauracemi s mo\u0159sk\u00fdmi plody a poklidnou tradi\u010dn\u00ed atmosf\u00e9rou.<\/p>\n<p><strong>Den 6: Komi\u017ea &#8211; Bra\u010d<\/strong><br \/>Za\u017eijte pl\u00e1\u017e Zlatni rat na ostrov\u011b Bra\u010d, jednu z nejzn\u00e1m\u011bj\u0161\u00edch chorvatsk\u00fdch pl\u00e1\u017e\u00ed, kter\u00e1 je ide\u00e1ln\u00ed pro vodn\u00ed sporty a relaxaci v n\u00e1dhern\u00e9m prost\u0159ed\u00ed.<\/p>\n<p><strong>Den 7: Bra\u010d &#8211; Split<\/strong><br \/>Vra\u0165te se do Splitu a pono\u0159te se do \u017eivota m\u011bsta, prohl\u00e9dn\u011bte si Diokleci\u00e1n\u016fv pal\u00e1c, m\u00edstn\u00ed trhy a vychutnejte si chorvatskou kuchyni.<\/p>\n<p><a href=\"https:\/\/skippercity.com\/yacht-charter-split\/\">Objevte pron\u00e1jem jachet ze Splitu<\/a><\/p>\n<hr>\n<h2>Dal\u0161\u00ed plavebn\u00ed trasy:<\/h2>\n<p><strong>Z Trogiru (7 dn\u00ed)<\/strong><\/p>\n<ul>\n<li>Den 1: Trogir &#8211; Drvenik Veli &#8211; Klidn\u00e9 pl\u00e1\u017ee a k\u0159i\u0161\u0165\u00e1lov\u00e9 laguny.<\/li>\n<li>Den 2: Drvenik Veli &#8211; Primo\u0161ten &#8211; historick\u00e9 m\u011bsto s vynikaj\u00edc\u00edm v\u00ednem.<\/li>\n<li>Den 3: Z Primo\u0161tenu do \u0160ibeniku &#8211; katedr\u00e1la UNESCO a \u017eiv\u00e1 kultura.<\/li>\n<li>Den 4: \u0160ibenik &#8211; Skradin &#8211; Prohl\u00eddka vodop\u00e1d\u016f N\u00e1rodn\u00edho parku Krka.<\/li>\n<li>Den 5: Skradin &#8211; Zlarin &#8211; proslul\u00fd kor\u00e1lov\u00fd ostrov klidu.<\/li>\n<li>Den 6: Zlarin &#8211; \u0160olta &#8211; malebn\u00e1 p\u0159\u00edroda a odlehl\u00e9 z\u00e1toky.<\/li>\n<li>Den 7: \u0160olta &#8211; Trogir &#8211; n\u00e1vrat do kouzla UNESCO.<\/li>\n<\/ul>\n<p><strong>Z Dubrovn\u00edku (7 dn\u00ed)<\/strong><\/p>\n<ul>\n<li>Den 1: Klidn\u00e9 z\u00e1toky, malebn\u00fd ostrov.<\/li>\n<li>Den 2: \u0160ipan &#8211; Mljet &#8211; N\u00e1rodn\u00ed park, bujn\u00e9 lesy.<\/li>\n<li>Den 3: Mljet &#8211; Kor\u010dula &#8211; st\u0159edov\u011bk\u00fd p\u016fvab, rodi\u0161t\u011b Marca Pola.<\/li>\n<li>Den 4: Kor\u010dula &#8211; Lastovo &#8211; odlehl\u00fd r\u00e1j s nedot\u010den\u00fdmi pl\u00e1\u017eemi.<\/li>\n<li>Den 5: Lastovo &#8211; Pelje\u0161ac &#8211; Slavn\u00e9 vinice, n\u00e1dhern\u00e9 pob\u0159e\u017e\u00ed.<\/li>\n<li>Den 6: Pelje\u0161ac &#8211; Lopud &#8211; P\u00edse\u010dn\u00e9 pl\u00e1\u017ee, tyrkysov\u00e9 mo\u0159e.<\/li>\n<li>Den 7: Lopud &#8211; Dubrovn\u00edk &#8211; Prohl\u00eddka historick\u00e9ho star\u00e9ho m\u011bsta.<\/li>\n<\/ul>\n<p><strong>Ze \u0160ibeniku (7 dn\u00ed)<\/strong><\/p>\n<ul>\n<li>Den 1: \u0160ibenik &#8211; Zlarin &#8211; kouzlo kor\u00e1lov\u00e9ho ostrova.<\/li>\n<li>Den 2: Zlarin &#8211; Kaprije &#8211; Odlehl\u00e9 z\u00e1toky a klid.<\/li>\n<li>Den 3: Z Kaprije do N\u00e1rodn\u00edho parku Kornati &#8211; dramatick\u00e1 krajina.<\/li>\n<li>Den 4: Kornati &#8211; Dugi Otok &#8211; kr\u00e1sy p\u0159\u00edrodn\u00edho parku Tela\u0161\u0107ica.<\/li>\n<li>Den 5: Dugi Otok &#8211; Murter &#8211; \u017eivot na vesnici, malebn\u00e9 pl\u00e1\u017ee.<\/li>\n<li>Den 6: Murter &#8211; Skradin &#8211; n\u00e1v\u0161t\u011bva vodop\u00e1d\u016f Krka.<\/li>\n<li>Den 7: Skradin do \u0160ibeniku &#8211; historick\u00e9ho m\u011bsta UNESCO.<\/li>\n<\/ul>\n<p><strong>Ze Zadaru (7 dn\u00ed)<\/strong><\/p>\n<ul>\n<li>Den 1: Zadar &#8211; Ugljan &#8211; olivov\u00e9 h\u00e1je, tradi\u010dn\u00ed vesnice.<\/li>\n<li>Den 2: Z Ugljanu do Pa\u0161manu &#8211; Pohodov\u00e1 pob\u0159e\u017en\u00ed atmosf\u00e9ra.<\/li>\n<li>Den 3: Pa\u0161man &#8211; Dugi Otok &#8211; Prohl\u00eddka z\u00e1livu Tela\u0161\u0107ica.<\/li>\n<li>Den 4: Dugi Otok &#8211; Molat &#8211; Tich\u00fd klid, odlehl\u00e9 z\u00e1toky.<\/li>\n<li>Den 5: Molat &#8211; Ist &#8211; Klidn\u00fd ostrov, \u010dist\u00e9 mo\u0159e.<\/li>\n<li>Den 6: Z Istu do Silby &#8211; klid a malebn\u00e9 proch\u00e1zky.<\/li>\n<li>Den 7: Silba &#8211; Zadar &#8211; \u017eiv\u00e9 m\u011bsto a historick\u00e9 pam\u00e1tky.<\/li>\n<\/ul>\n<p><strong>Z Istrie (7 dn\u00ed)<\/strong><\/p>\n<ul>\n<li>Den 1: Pula &#8211; Brijuni &#8211; N\u00e1rodn\u00ed park a historick\u00e9 pam\u00e1tky.<\/li>\n<li>Den 2: Brijuni &#8211; Rovinj &#8211; romantick\u00fd p\u016fvab a malebn\u00fd p\u0159\u00edstav.<\/li>\n<li>Den 3: Rovinj &#8211; Pore\u010d &#8211; mozaiky UNESCO, bohat\u00e1 kultura.<\/li>\n<li>Den 4: Pore\u010d &#8211; Novigrad &#8211; kulin\u00e1\u0159sk\u00e9 z\u00e1\u017eitky, v\u00fdhledy na pob\u0159e\u017e\u00ed.<\/li>\n<li>Den 5: Novigrad &#8211; Umag &#8211; odpo\u010dinkov\u00e9 p\u0159\u00edmo\u0159sk\u00e9 m\u011bsto.<\/li>\n<li>Den 6: Umag &#8211; Cres &#8211; pozn\u00e1v\u00e1n\u00ed p\u0159\u00edrodn\u00edch kr\u00e1s a divok\u00e9 p\u0159\u00edrody.<\/li>\n<li>Den 7: Cres &#8211; Pula &#8211; n\u00e1vrat k pam\u00e1tk\u00e1m starov\u011bk\u00e9ho \u0158\u00edma.<\/li>\n<\/ul>\n<hr>\n<h2> <\/h2>\n<h2>Pro\u010d si pro svou dovolenou na plachetnici vybrat SkipperCity?<\/h2>\n<ul>\n<li><strong>Znalost m\u00edstn\u00edch pom\u011br\u016f:<\/strong> Znalosti: Personalizovan\u00e9 trasy a skryt\u00e9 skvosty.<\/li>\n<li><strong>Z\u00e1\u017eitky na m\u00edru:<\/strong> Z\u00e1\u017eitky z plachetnice p\u0159izp\u016fsoben\u00e9 va\u0161im p\u0159\u00e1n\u00edm.<\/li>\n<li><strong>Spolehliv\u00e1 podpora:<\/strong> V\u011bnovan\u00e1 pomoc po celou dobu va\u0161\u00ed plavby.<\/li>\n<\/ul>\n<hr>\n<h2> <\/h2>\n<h2>Z\u00e1kladn\u00ed tipy pro placht\u011bn\u00ed v Chorvatsku<\/h2>\n<ul>\n<li><strong>Nejlep\u0161\u00ed plavebn\u00ed sez\u00f3na:<\/strong> Kv\u011bten a\u017e \u0159\u00edjen (vrchol: \u010derven-srpen).<\/li>\n<li><strong>Balen\u00ed:<\/strong> Vezm\u011bte si s sebou: ochranu proti slunci, plavky, pohodln\u00e9 oble\u010den\u00ed.<\/li>\n<li><strong>Po\u010das\u00ed:<\/strong><a href=\"https:\/\/meteo.hr\/index_en.php\" target=\"_blank\" rel=\"noopener\">(P\u0159edpov\u011b\u010f po\u010das\u00ed pro Chorvatsko<\/a>).<\/li>\n<li><strong>Prozkoumat v\u00edce:<\/strong> <a href=\"https:\/\/www.croatia.hr\/en-GB\" target=\"_blank\" rel=\"noopener\">Chorvatsk\u00e9 turistick\u00e9 sdru\u017een\u00ed<\/a><\/li>\n<\/ul>\n<hr>\n<h2> <\/h2>\n<h2>Souvisej\u00edc\u00ed odkazy SkipperCity<\/h2>\n<ul>\n<li><a href=\"https:\/\/skippercity.com\/cs\/pronajem-jachet-chorvatsko\/\">Pron\u00e1jem luxusn\u00ed jachty<\/a><\/li>\n<li><a href=\"https:\/\/skippercity.com\/cs\/pronajem-katamaranu-chorvatsko\/\">Charta katamar\u00e1n\u016f<\/a><\/li>\n<li><a href=\"https:\/\/skippercity.com\/sailing-boat-charter-croatia\/\">Pron\u00e1jem plachetnice<\/a><\/li>\n<li><a href=\"https:\/\/skippercity.com\/cs\/pronajem-lodi-s-posadkou-chorvatsko\/\">Pron\u00e1jem jachet s pos\u00e1dkou<\/a><\/li>\n<\/ul>\n<hr>\n<h2> <\/h2>\n<h2>Rezervujte si sv\u00e9 dobrodru\u017estv\u00ed na plachetnici v Chorvatsku je\u0161t\u011b dnes<\/h2>\n<p>Za\u010dn\u011bte pl\u00e1novat svou dokonalou dovolenou na plachetnici v Chorvatsku se SkipperCity a poznejte to nejlep\u0161\u00ed z jadransk\u00e9ho pob\u0159e\u017e\u00ed.<\/p>\n<p><a href=\"https:\/\/skippercity.com\/cs\/ziskejte-nabidku-pronajem-jachty-chorvatsko\/\">Po\u017e\u00e1dat o cenovou nab\u00eddku<\/a><\/p>\n\t\t\t\t\t\t\t\t<\/div>\n\t\t\t\t<\/div>\n\t\t\t\t<\/div>\n\t\t<div class=\"elementor-element elementor-element-368d928d e-con-full e-flex e-con e-child\" data-id=\"368d928d\" data-element_type=\"container\" data-e-type=\"container\">\n\t\t\t\t<div class=\"elementor-element elementor-element-215fb5f5 elementor-widget elementor-widget-template\" data-id=\"215fb5f5\" data-element_type=\"widget\" data-e-type=\"widget\" data-widget_type=\"template.default\">\n\t\t\t\t<div class=\"elementor-widget-container\">\n\t\t\t\t\t\t\t<div class=\"elementor-template\">\n\t\t\t\t\t<div data-elementor-type=\"section\" data-elementor-id=\"77213\" class=\"elementor elementor-77213 elementor-76339\" data-elementor-post-type=\"elementor_library\">\n\t\t\t\t\t<section class=\"elementor-section elementor-inner-section elementor-element elementor-element-457e679b elementor-section-full_width elementor-section-height-min-height elementor-section-content-middle elementor-section-height-default\" data-id=\"457e679b\" data-element_type=\"section\" data-e-type=\"section\" data-settings=\"{&quot;background_background&quot;:&quot;classic&quot;}\">\n\t\t\t\t\t\t\t<div class=\"elementor-background-overlay\"><\/div>\n\t\t\t\t\t\t\t<div class=\"elementor-container elementor-column-gap-default\">\n\t\t\t\t\t<div class=\"elementor-column elementor-col-100 elementor-inner-column elementor-element elementor-element-33d83c77\" data-id=\"33d83c77\" data-element_type=\"column\" data-e-type=\"column\">\n\t\t\t<div class=\"elementor-widget-wrap elementor-element-populated\">\n\t\t\t\t\t\t<div class=\"elementor-element elementor-element-26c46f13 elementor-widget elementor-widget-text-editor\" data-id=\"26c46f13\" data-element_type=\"widget\" data-e-type=\"widget\" data-widget_type=\"text-editor.default\">\n\t\t\t\t<div class=\"elementor-widget-container\">\n\t\t\t\t\t\t\t\t\t<p style=\"text-align: center;\">Hled\u00e1te lo\u010f?<\/p>\n\t\t\t\t\t\t\t\t<\/div>\n\t\t\t\t<\/div>\n\t\t\t\t<div class=\"elementor-element elementor-element-7116d3fc elementor-align-center elementor-widget elementor-widget-button\" data-id=\"7116d3fc\" data-element_type=\"widget\" data-e-type=\"widget\" data-widget_type=\"button.default\">\n\t\t\t\t<div class=\"elementor-widget-container\">\n\t\t\t\t\t\t\t\t\t<div class=\"elementor-button-wrapper\">\n\t\t\t\t\t<a class=\"elementor-button elementor-button-link elementor-size-md\" href=\"https:\/\/skippercity.com\/cs\/ziskejte-nabidku-pronajem-jachty-chorvatsko\/\" target=\"_blank\">\n\t\t\t\t\t\t<span class=\"elementor-button-content-wrapper\">\n\t\t\t\t\t\t\t\t\t<span class=\"elementor-button-text\">Z\u00cdSKEJTE CENOVOU CENU ZDARMA<\/span>\n\t\t\t\t\t<\/span>\n\t\t\t\t\t<\/a>\n\t\t\t\t<\/div>\n\t\t\t\t\t\t\t\t<\/div>\n\t\t\t\t<\/div>\n\t\t\t\t\t<\/div>\n\t\t<\/div>\n\t\t\t\t\t<\/div>\n\t\t<\/section>\n\t\t\t\t<\/div>\n\t\t\t\t<\/div>\n\t\t\t\t\t\t<\/div>\n\t\t\t\t<\/div>\n\t\t\t\t<\/div>\n\t\t\t\t<\/div>\n\t\t\t\t<\/div>\n\t\t","protected":false},"excerpt":{"rendered":"<p>Jachta\u0159sk\u00e9 trasy v Chorvatsku | Nejlep\u0161\u00ed jachta\u0159sk\u00e9 trasy na Jadranu Vydejte se na \u017eivotn\u00ed dovolenou na plachetnici s pe\u010dliv\u011b navr\u017een\u00fdmi plavebn\u00edmi trasami do Chorvatska od SkipperCity. Pronajm\u011bte si luxusn\u00ed jachtu, katamar\u00e1n nebo plachetnici a objevte to nejlep\u0161\u00ed z p\u016fvabn\u00fdch chorvatsk\u00fdch ostrov\u016f, historick\u00fdch m\u011bst, nedot\u010den\u00fdch pl\u00e1\u017e\u00ed a skryt\u00fdch z\u00e1tok pod\u00e9l \u00fachvatn\u00e9ho pob\u0159e\u017e\u00ed Jadersk\u00e9ho mo\u0159e. 7denn\u00ed plavebn\u00ed [&hellip;]<\/p>\n","protected":false},"author":2,"featured_media":408270,"parent":0,"menu_order":0,"comment_status":"closed","ping_status":"closed","template":"","meta":{"footnotes":""},"class_list":["post-423972","page","type-page","status-publish","has-post-thumbnail","hentry"],"_links":{"self":[{"href":"https:\/\/skippercity.com\/cs\/wp-json\/wp\/v2\/pages\/423972","targetHints":{"allow":["GET"]}}],"collection":[{"href":"https:\/\/skippercity.com\/cs\/wp-json\/wp\/v2\/pages"}],"about":[{"href":"https:\/\/skippercity.com\/cs\/wp-json\/wp\/v2\/types\/page"}],"author":[{"embeddable":true,"href":"https:\/\/skippercity.com\/cs\/wp-json\/wp\/v2\/users\/2"}],"replies":[{"embeddable":true,"href":"https:\/\/skippercity.com\/cs\/wp-json\/wp\/v2\/comments?post=423972"}],"version-history":[{"count":0,"href":"https:\/\/skippercity.com\/cs\/wp-json\/wp\/v2\/pages\/423972\/revisions"}],"wp:featuredmedia":[{"embeddable":true,"href":"https:\/\/skippercity.com\/cs\/wp-json\/wp\/v2\/media\/408270"}],"wp:attachment":[{"href":"https:\/\/skippercity.com\/cs\/wp-json\/wp\/v2\/media?parent=423972"}],"curies":[{"name":"wp","href":"https:\/\/api.w.org\/{rel}","templated":true}]}}