{"id":71549,"date":"2017-12-02T10:30:31","date_gmt":"2017-12-02T10:30:31","guid":{"rendered":"https:\/\/www.skippercity.com\/naklady-na-pronajem-jachty\/"},"modified":"2024-02-22T08:13:18","modified_gmt":"2024-02-22T08:13:18","slug":"naklady-na-pronajem-jachty","status":"publish","type":"page","link":"https:\/\/skippercity.com\/cs\/naklady-na-pronajem-jachty\/","title":{"rendered":"N\u00e1klady na pron\u00e1jem jachty"},"content":{"rendered":"\t\t<div data-elementor-type=\"wp-page\" data-elementor-id=\"71549\" class=\"elementor elementor-71549 elementor-6005\" data-elementor-post-type=\"page\">\n\t\t\t\t\t\t<section class=\"elementor-section elementor-top-section elementor-element elementor-element-72a141a2 elementor-section-stretched elementor-section-full_width elementor-section-height-min-height elementor-section-height-default elementor-section-items-middle\" data-id=\"72a141a2\" data-element_type=\"section\" data-e-type=\"section\" data-settings=\"{&quot;background_background&quot;:&quot;classic&quot;,&quot;stretch_section&quot;:&quot;section-stretched&quot;}\">\n\t\t\t\t\t\t\t<div class=\"elementor-background-overlay\"><\/div>\n\t\t\t\t\t\t\t<div class=\"elementor-container elementor-column-gap-default\">\n\t\t\t\t\t<div class=\"elementor-column elementor-col-100 elementor-top-column elementor-element elementor-element-2d1ed2d\" data-id=\"2d1ed2d\" data-element_type=\"column\" data-e-type=\"column\">\n\t\t\t<div class=\"elementor-widget-wrap\">\n\t\t\t\t\t\t\t<\/div>\n\t\t<\/div>\n\t\t\t\t\t<\/div>\n\t\t<\/section>\n\t\t\t\t<section class=\"elementor-section elementor-top-section elementor-element elementor-element-7a53a1a2 elementor-section-full_width elementor-section-height-default elementor-section-height-default\" data-id=\"7a53a1a2\" data-element_type=\"section\" data-e-type=\"section\">\n\t\t\t\t\t\t<div class=\"elementor-container elementor-column-gap-default\">\n\t\t\t\t\t<div class=\"elementor-column elementor-col-25 elementor-top-column elementor-element elementor-element-52c15051\" data-id=\"52c15051\" data-element_type=\"column\" data-e-type=\"column\">\n\t\t\t<div class=\"elementor-widget-wrap elementor-element-populated\">\n\t\t\t\t\t\t<div class=\"elementor-element elementor-element-3a99f9df elementor-toc--minimized-on-tablet elementor-widget elementor-widget-table-of-contents\" data-id=\"3a99f9df\" data-element_type=\"widget\" data-e-type=\"widget\" data-settings=\"{&quot;exclude_headings_by_selector&quot;:[],&quot;marker_view&quot;:&quot;bullets&quot;,&quot;headings_by_tags&quot;:[&quot;h2&quot;,&quot;h3&quot;,&quot;h4&quot;,&quot;h5&quot;,&quot;h6&quot;],&quot;icon&quot;:{&quot;value&quot;:&quot;fas fa-circle&quot;,&quot;library&quot;:&quot;fa-solid&quot;,&quot;rendered_tag&quot;:&quot;&lt;svg class=\\&quot;e-font-icon-svg e-fas-circle\\&quot; viewBox=\\&quot;0 0 512 512\\&quot; xmlns=\\&quot;http:\\\/\\\/www.w3.org\\\/2000\\\/svg\\&quot;&gt;&lt;path d=\\&quot;M256 8C119 8 8 119 8 256s111 248 248 248 248-111 248-248S393 8 256 8z\\&quot;&gt;&lt;\\\/path&gt;&lt;\\\/svg&gt;&quot;},&quot;no_headings_message&quot;:&quot;No headings were found on this page.&quot;,&quot;minimize_box&quot;:&quot;yes&quot;,&quot;minimized_on&quot;:&quot;tablet&quot;,&quot;hierarchical_view&quot;:&quot;yes&quot;,&quot;min_height&quot;:{&quot;unit&quot;:&quot;px&quot;,&quot;size&quot;:&quot;&quot;,&quot;sizes&quot;:[]},&quot;min_height_tablet&quot;:{&quot;unit&quot;:&quot;px&quot;,&quot;size&quot;:&quot;&quot;,&quot;sizes&quot;:[]},&quot;min_height_mobile&quot;:{&quot;unit&quot;:&quot;px&quot;,&quot;size&quot;:&quot;&quot;,&quot;sizes&quot;:[]}}\" data-widget_type=\"table-of-contents.default\">\n\t\t\t\t<div class=\"elementor-widget-container\">\n\t\t\t\t\t\t\t\t\t<div class=\"elementor-toc__header\">\n\t\t\t\t\t\t<h4 class=\"elementor-toc__header-title\">\n\t\t\t\tObsah\t\t\t<\/h4>\n\t\t\t\t\t\t\t\t\t\t<div class=\"elementor-toc__toggle-button elementor-toc__toggle-button--expand\" role=\"button\" tabindex=\"0\" aria-controls=\"elementor-toc__3a99f9df\" aria-expanded=\"true\" aria-label=\"Open table of contents\"><svg aria-hidden=\"true\" class=\"e-font-icon-svg e-fas-chevron-down\" viewBox=\"0 0 448 512\" xmlns=\"http:\/\/www.w3.org\/2000\/svg\"><path d=\"M207.029 381.476L12.686 187.132c-9.373-9.373-9.373-24.569 0-33.941l22.667-22.667c9.357-9.357 24.522-9.375 33.901-.04L224 284.505l154.745-154.021c9.379-9.335 24.544-9.317 33.901.04l22.667 22.667c9.373 9.373 9.373 24.569 0 33.941L240.971 381.476c-9.373 9.372-24.569 9.372-33.942 0z\"><\/path><\/svg><\/div>\n\t\t\t\t<div class=\"elementor-toc__toggle-button elementor-toc__toggle-button--collapse\" role=\"button\" tabindex=\"0\" aria-controls=\"elementor-toc__3a99f9df\" aria-expanded=\"true\" aria-label=\"Close table of contents\"><svg aria-hidden=\"true\" class=\"e-font-icon-svg e-fas-chevron-up\" viewBox=\"0 0 448 512\" xmlns=\"http:\/\/www.w3.org\/2000\/svg\"><path d=\"M240.971 130.524l194.343 194.343c9.373 9.373 9.373 24.569 0 33.941l-22.667 22.667c-9.357 9.357-24.522 9.375-33.901.04L224 227.495 69.255 381.516c-9.379 9.335-24.544 9.317-33.901-.04l-22.667-22.667c-9.373-9.373-9.373-24.569 0-33.941L207.03 130.525c9.372-9.373 24.568-9.373 33.941-.001z\"><\/path><\/svg><\/div>\n\t\t\t\t\t<\/div>\n\t\t\t\t<div id=\"elementor-toc__3a99f9df\" class=\"elementor-toc__body\">\n\t\t\t<div class=\"elementor-toc__spinner-container\">\n\t\t\t\t<svg class=\"elementor-toc__spinner eicon-animation-spin e-font-icon-svg e-eicon-loading\" aria-hidden=\"true\" viewBox=\"0 0 1000 1000\" xmlns=\"http:\/\/www.w3.org\/2000\/svg\"><path d=\"M500 975V858C696 858 858 696 858 500S696 142 500 142 142 304 142 500H25C25 237 238 25 500 25S975 237 975 500 763 975 500 975Z\"><\/path><\/svg>\t\t\t<\/div>\n\t\t<\/div>\n\t\t\t\t\t\t<\/div>\n\t\t\t\t<\/div>\n\t\t\t\t\t<\/div>\n\t\t<\/div>\n\t\t\t\t<div class=\"elementor-column elementor-col-50 elementor-top-column elementor-element elementor-element-54508ef9\" data-id=\"54508ef9\" data-element_type=\"column\" data-e-type=\"column\">\n\t\t\t<div class=\"elementor-widget-wrap elementor-element-populated\">\n\t\t\t\t\t\t<div class=\"elementor-element elementor-element-4c4bf85e elementor-widget elementor-widget-text-editor\" data-id=\"4c4bf85e\" data-element_type=\"widget\" data-e-type=\"widget\" data-widget_type=\"text-editor.default\">\n\t\t\t\t<div class=\"elementor-widget-container\">\n\t\t\t\t\t\t\t\t\t<h1 data-sourcepos=\"1:1-1:86\">Odhalen\u00ed n\u00e1klad\u016f na pron\u00e1jem va\u0161\u00ed vysn\u011bn\u00e9 jachty v Chorvatsku: Pr\u016fvodce pro ka\u017ed\u00fd rozpo\u010det<\/h1>\n<p data-sourcepos=\"3:1-3:7\">Chorvatsko se sv\u00fdm n\u00e1dhern\u00fdm jadransk\u00fdm pob\u0159e\u017e\u00edm, podmaniv\u00fdmi ostrovy a pulzuj\u00edc\u00edmi m\u011bsty l\u00e1k\u00e1 jak n\u00e1mo\u0159n\u00edky, tak i milovn\u00edky luxusu. A jak l\u00e9pe poznat jeho kouzlo ne\u017e pron\u00e1jmem jachty? Ne\u017e se v\u0161ak vyd\u00e1te na plavbu, je d\u016fle\u017eit\u00e9 zn\u00e1t n\u00e1klady. Tento pr\u016fvodce odhaluje faktory, kter\u00e9 ovliv\u0148uj\u00ed ceny pron\u00e1jmu jachet v Chorvatsku, a pom\u00e1h\u00e1 v\u00e1m tak orientovat se ve va\u0161em rozpo\u010dtu a napl\u00e1novat si dovolenou sn\u016f.<\/p>\n<h2 data-sourcepos=\"5:1-5:36\"><strong>Porozum\u011bn\u00ed n\u00e1kladov\u00e9mu spektru:<\/strong><\/h2>\n<p data-sourcepos=\"7:1-7:30\">N\u00e1klady na pron\u00e1jem jachty v Chorvatsku se mohou v\u00fdrazn\u011b li\u0161it a pohybuj\u00ed se od <strong>1 000 \u20ac do v\u00edce ne\u017e 10 000 \u20ac za t\u00fdden<\/strong>. Toto \u0161irok\u00e9 spektrum odr\u00e1\u017e\u00ed n\u011bkolik kl\u00ed\u010dov\u00fdch faktor\u016f:<\/p>\n<ul data-sourcepos=\"9:1-10:10\">\n<li data-sourcepos=\"9:1-9:277\"><strong>Typ jachty:<\/strong> Hv\u011bzda show! Volba <strong>luxusn\u00ed motorov\u00e9 jachty<\/strong> je samoz\u0159ejm\u011b spojena s vy\u0161\u0161\u00ed cenou ne\u017e u <strong>oby\u010dejn\u00e9 plachetnice<\/strong>. Motorov\u00e9 jachty se pohybuj\u00ed v rozmez\u00ed od <strong>15 000 do v\u00edce ne\u017e 100 000 eur t\u00fddn\u011b<\/strong>, zat\u00edmco plachetnice mohou za\u010d\u00ednat ji\u017e na <strong>1 000 eur t\u00fddn\u011b<\/strong>.<\/li>\n<li data-sourcepos=\"10:1-10:10\"><strong>Sez\u00f3nnost:<\/strong> V hlavn\u00ed sez\u00f3n\u011b<strong>(\u010derven-srpen)<\/strong> je v Chorvatsku zv\u00fd\u0161en\u00e1 popt\u00e1vka, co\u017e zvy\u0161uje ceny. Vezm\u011bte v \u00favahu <strong>obdob\u00ed mimo sez\u00f3nu (duben-kv\u011bten a z\u00e1\u0159\u00ed-\u0159\u00edjen), kdy<\/strong> je mo\u017en\u00e9 z\u00edskat v\u00fdhodn\u011bj\u0161\u00ed nab\u00eddky.<\/li>\n<li data-sourcepos=\"11:1-11:222\"><strong>Velikost a vybaven\u00ed jachty:<\/strong> V\u011bt\u0161\u00ed jachty se mohou pochlubit v\u011bt\u0161\u00edm po\u010dtem kajut, obytn\u00fdm prostorem a luxusn\u00edm vybaven\u00edm, co\u017e p\u0159irozen\u011b znamen\u00e1 vy\u0161\u0161\u00ed cenu. Naopak men\u0161\u00ed jachty nab\u00edzej\u00ed intimn\u011bj\u0161\u00ed z\u00e1\u017eitek za p\u0159ijateln\u011bj\u0161\u00ed cenu.<\/li>\n<li data-sourcepos=\"12:1-12:116\"><strong>Doba trv\u00e1n\u00ed charty:<\/strong> T\u00fddenn\u00ed pron\u00e1jem je standardem, ale p\u0159i del\u0161\u00ed dob\u011b trv\u00e1n\u00ed m\u016f\u017ee b\u00fdt poskytnuta m\u00edrn\u00e1 sleva na den.<\/li>\n<li data-sourcepos=\"13:1-14:0\"><strong>Dal\u0161\u00ed slu\u017eby:<\/strong> Pron\u00e1jem <strong>kapit\u00e1na<\/strong>, kter\u00fd m\u00e1 zku\u0161enosti s navigac\u00ed, nebo <strong>hostesky, kter\u00e1<\/strong> poskytuje slu\u017eby na palub\u011b, zvy\u0161uje n\u00e1klady a obvykle se pohybuje v rozmez\u00ed <strong>150-250 EUR za den<\/strong>.<\/li>\n<\/ul>\n<h2 data-sourcepos=\"15:1-15:25\"><strong>Pl\u00e1nov\u00e1n\u00ed rozpo\u010dtu:<\/strong><\/h2>\n<p data-sourcepos=\"17:1-17:52\">Chcete-li odhadnout n\u00e1klady na pron\u00e1jem, zva\u017ete n\u00e1sleduj\u00edc\u00ed kroky:<\/p>\n<ol data-sourcepos=\"19:1-19:72\">\n<li data-sourcepos=\"19:1-19:72\"><strong>Definujte sv\u00e9 pot\u0159eby:<\/strong> Kolik lid\u00ed bude na palub\u011b? Jakou \u00farove\u0148 luxusu hled\u00e1te? Pot\u0159ebujete kapit\u00e1na nebo hostesku?<\/li>\n<li data-sourcepos=\"20:1-20:104\"><strong>Vyberte si typ a velikost jachty:<\/strong> Prozkoumejte r\u016fzn\u00e9 mo\u017enosti podle sv\u00fdch preferenc\u00ed a rozpo\u010dtu.<\/li>\n<li data-sourcepos=\"21:1-21:124\"><strong>Zvolte po\u017eadovan\u00e9 ro\u010dn\u00ed obdob\u00ed a dobu trv\u00e1n\u00ed:<\/strong> Vezm\u011bte v \u00favahu hlavn\u00ed sez\u00f3nu a vedlej\u0161\u00ed sez\u00f3nu a d\u00e9lku pron\u00e1jmu.<\/li>\n<li data-sourcepos=\"22:1-23:0\"><strong>Zohledn\u011bte dal\u0161\u00ed slu\u017eby:<\/strong> Zahr\u0148te p\u0159\u00edpadn\u00e9 n\u00e1klady na kapit\u00e1na, hostesku, z\u00e1sobov\u00e1n\u00ed a dal\u0161\u00ed dopl\u0148kov\u00e9 slu\u017eby.<\/li>\n<\/ol>\n<h2 data-sourcepos=\"24:1-24:25\"><strong>Za cenovkou:<\/strong><\/h2>\n<p data-sourcepos=\"26:1-26:207\">Nezapome\u0148te, \u017ee cena nen\u00ed jedin\u00fdm faktorem. Chorvatsko nab\u00edz\u00ed rozmanit\u00e9 z\u00e1\u017eitky, od objevov\u00e1n\u00ed skryt\u00fdch z\u00e1tok a p\u016fvabn\u00fdch m\u011bste\u010dek a\u017e po vodn\u00ed sporty a gurm\u00e1nsk\u00e1 j\u00eddla. Zva\u017ete tyto dal\u0161\u00ed aspekty:<\/p>\n<ul data-sourcepos=\"28:1-29:66\">\n<li data-sourcepos=\"28:1-28:83\"><strong>C\u00edlov\u00e1 destinace:<\/strong> Konkr\u00e9tn\u00ed regiony v Chorvatsku se mohou li\u0161it cenou.<\/li>\n<li data-sourcepos=\"29:1-29:66\"><strong>Poplatky za palivo a kotvi\u0161t\u011b:<\/strong> Tyto poplatky mohou nav\u00fd\u0161it celkov\u00e9 n\u00e1klady, proto se informujte u charterov\u00e9 spole\u010dnosti.<\/li>\n<li data-sourcepos=\"30:1-31:0\"><strong>Provisioning:<\/strong> Rozhodn\u011bte se, zda se budete stravovat sami, nebo si vyberete p\u0159edem p\u0159ipraven\u00e9 z\u00e1soby, p\u0159i\u010dem\u017e oboj\u00ed m\u00e1 vliv na n\u00e1klady.<\/li>\n<\/ul>\n<h2 data-sourcepos=\"32:1-32:44\"><strong>Vyplouv\u00e1me na chorvatsk\u00e9 dobrodru\u017estv\u00ed:<\/strong><\/h2>\n<p data-sourcepos=\"34:1-34:301\">Pochopen\u00edm n\u00e1kladov\u00fdch faktor\u016f a pe\u010dliv\u00fdm pl\u00e1nov\u00e1n\u00edm se m\u016f\u017eete vydat na nezapomenuteln\u00fd charter v Chorvatsku, kter\u00fd odpov\u00edd\u00e1 va\u0161emu rozpo\u010dtu a p\u0159\u00e1n\u00edm. A\u0165 u\u017e hled\u00e1te extravagantn\u00ed \u00fat\u011bk, nebo finan\u010dn\u011b nen\u00e1ro\u010dn\u00e9 dobrodru\u017estv\u00ed na plachetnici, t\u0159pytiv\u00e9 vody Chorvatska na v\u00e1s \u010dekaj\u00ed s nekone\u010dn\u00fdmi mo\u017enostmi.<\/p>\n<p data-sourcepos=\"36:1-36:204\"><strong>Bonusov\u00fd tip:<\/strong> Porovnejte ceny, funkce a dostupnost u r\u016fzn\u00fdch poskytovatel\u016f. To v\u00e1m umo\u017en\u00ed naj\u00edt ide\u00e1ln\u00ed jachtu pro va\u0161i vysn\u011bnou dovolenou v Chorvatsku.<\/p>\n<p data-sourcepos=\"38:1-38:187\"><strong>Kl\u00ed\u010dov\u00e1 slova:<\/strong> pron\u00e1jem jachty Chorvatsko, pron\u00e1jem jachty Chorvatsko, pron\u00e1jem jachty Chorvatsko, pron\u00e1jem jachty Chorvatsko, pron\u00e1jem jachty Chorvatsko rozpo\u010det, pron\u00e1jem jachty Chorvatsko, pl\u00e1nov\u00e1n\u00ed pron\u00e1jmu jachty Chorvatsko.<\/p>C\t\t\t\t\t\t\t\t<\/div>\n\t\t\t\t<\/div>\n\t\t\t\t\t<\/div>\n\t\t<\/div>\n\t\t\t\t<div class=\"elementor-column elementor-col-25 elementor-top-column elementor-element elementor-element-317065af\" data-id=\"317065af\" data-element_type=\"column\" data-e-type=\"column\">\n\t\t\t<div class=\"elementor-widget-wrap elementor-element-populated\">\n\t\t\t\t\t\t<div class=\"elementor-element elementor-element-38fa3f4f elementor-widget elementor-widget-template\" data-id=\"38fa3f4f\" data-element_type=\"widget\" data-e-type=\"widget\" data-widget_type=\"template.default\">\n\t\t\t\t<div class=\"elementor-widget-container\">\n\t\t\t\t\t\t\t<div class=\"elementor-template\">\n\t\t\t\t\t<div data-elementor-type=\"section\" data-elementor-id=\"77213\" class=\"elementor elementor-77213 elementor-76339\" data-elementor-post-type=\"elementor_library\">\n\t\t\t\t\t<section class=\"elementor-section elementor-inner-section elementor-element elementor-element-457e679b elementor-section-full_width elementor-section-height-min-height elementor-section-content-middle elementor-section-height-default\" data-id=\"457e679b\" data-element_type=\"section\" data-e-type=\"section\" data-settings=\"{&quot;background_background&quot;:&quot;classic&quot;}\">\n\t\t\t\t\t\t\t<div class=\"elementor-background-overlay\"><\/div>\n\t\t\t\t\t\t\t<div class=\"elementor-container elementor-column-gap-default\">\n\t\t\t\t\t<div class=\"elementor-column elementor-col-100 elementor-inner-column elementor-element elementor-element-33d83c77\" data-id=\"33d83c77\" data-element_type=\"column\" data-e-type=\"column\">\n\t\t\t<div class=\"elementor-widget-wrap elementor-element-populated\">\n\t\t\t\t\t\t<div class=\"elementor-element elementor-element-26c46f13 elementor-widget elementor-widget-text-editor\" data-id=\"26c46f13\" data-element_type=\"widget\" data-e-type=\"widget\" data-widget_type=\"text-editor.default\">\n\t\t\t\t<div class=\"elementor-widget-container\">\n\t\t\t\t\t\t\t\t\t<p style=\"text-align: center;\">Hled\u00e1te lo\u010f?<\/p>\n\t\t\t\t\t\t\t\t<\/div>\n\t\t\t\t<\/div>\n\t\t\t\t<div class=\"elementor-element elementor-element-7116d3fc elementor-align-center elementor-widget elementor-widget-button\" data-id=\"7116d3fc\" data-element_type=\"widget\" data-e-type=\"widget\" data-widget_type=\"button.default\">\n\t\t\t\t<div class=\"elementor-widget-container\">\n\t\t\t\t\t\t\t\t\t<div class=\"elementor-button-wrapper\">\n\t\t\t\t\t<a class=\"elementor-button elementor-button-link elementor-size-md\" href=\"https:\/\/skippercity.com\/cs\/ziskejte-nabidku-pronajem-jachty-chorvatsko\/\" target=\"_blank\">\n\t\t\t\t\t\t<span class=\"elementor-button-content-wrapper\">\n\t\t\t\t\t\t\t\t\t<span class=\"elementor-button-text\">Z\u00cdSKEJTE CENOVOU CENU ZDARMA<\/span>\n\t\t\t\t\t<\/span>\n\t\t\t\t\t<\/a>\n\t\t\t\t<\/div>\n\t\t\t\t\t\t\t\t<\/div>\n\t\t\t\t<\/div>\n\t\t\t\t\t<\/div>\n\t\t<\/div>\n\t\t\t\t\t<\/div>\n\t\t<\/section>\n\t\t\t\t<\/div>\n\t\t\t\t<\/div>\n\t\t\t\t\t\t<\/div>\n\t\t\t\t<\/div>\n\t\t\t\t\t<\/div>\n\t\t<\/div>\n\t\t\t\t\t<\/div>\n\t\t<\/section>\n\t\t\t\t<\/div>\n\t\t","protected":false},"excerpt":{"rendered":"<p>Obsah Odhalen\u00ed n\u00e1klad\u016f na pron\u00e1jem va\u0161\u00ed vysn\u011bn\u00e9 jachty v Chorvatsku: Pr\u016fvodce pro ka\u017ed\u00fd rozpo\u010det Chorvatsko se sv\u00fdm n\u00e1dhern\u00fdm jadransk\u00fdm pob\u0159e\u017e\u00edm, podmaniv\u00fdmi ostrovy a pulzuj\u00edc\u00edmi m\u011bsty l\u00e1k\u00e1 jak n\u00e1mo\u0159n\u00edky, tak i milovn\u00edky luxusu. A jak l\u00e9pe poznat jeho kouzlo ne\u017e pron\u00e1jmem jachty? Ne\u017e se v\u0161ak vyd\u00e1te na plavbu, je d\u016fle\u017eit\u00e9 zn\u00e1t n\u00e1klady. Tento pr\u016fvodce odhaluje faktory, [&hellip;]<\/p>\n","protected":false},"author":2,"featured_media":71491,"parent":0,"menu_order":0,"comment_status":"closed","ping_status":"closed","template":"","meta":{"footnotes":""},"class_list":["post-71549","page","type-page","status-publish","has-post-thumbnail","hentry"],"_links":{"self":[{"href":"https:\/\/skippercity.com\/cs\/wp-json\/wp\/v2\/pages\/71549","targetHints":{"allow":["GET"]}}],"collection":[{"href":"https:\/\/skippercity.com\/cs\/wp-json\/wp\/v2\/pages"}],"about":[{"href":"https:\/\/skippercity.com\/cs\/wp-json\/wp\/v2\/types\/page"}],"author":[{"embeddable":true,"href":"https:\/\/skippercity.com\/cs\/wp-json\/wp\/v2\/users\/2"}],"replies":[{"embeddable":true,"href":"https:\/\/skippercity.com\/cs\/wp-json\/wp\/v2\/comments?post=71549"}],"version-history":[{"count":0,"href":"https:\/\/skippercity.com\/cs\/wp-json\/wp\/v2\/pages\/71549\/revisions"}],"wp:featuredmedia":[{"embeddable":true,"href":"https:\/\/skippercity.com\/cs\/wp-json\/wp\/v2\/media\/71491"}],"wp:attachment":[{"href":"https:\/\/skippercity.com\/cs\/wp-json\/wp\/v2\/media?parent=71549"}],"curies":[{"name":"wp","href":"https:\/\/api.w.org\/{rel}","templated":true}]}}