{"id":71758,"date":"2017-11-15T23:12:15","date_gmt":"2017-11-15T23:12:15","guid":{"rendered":"https:\/\/www.skippercity.com\/plachteni-v-chorvatsku-je-zabava-byt-inspirovan\/"},"modified":"2024-02-29T15:13:42","modified_gmt":"2024-02-29T15:13:42","slug":"plachteni-v-chorvatsku-je-zabava-byt-inspirovan","status":"publish","type":"page","link":"https:\/\/skippercity.com\/cs\/plachteni-v-chorvatsku-je-zabava-byt-inspirovan\/","title":{"rendered":"Placht\u011bn\u00ed v Chorvatsku je z\u00e1bava; B\u00fdt inspirov\u00e1n"},"content":{"rendered":"\t\t<div data-elementor-type=\"wp-page\" data-elementor-id=\"71758\" class=\"elementor elementor-71758 elementor-1583\" data-elementor-post-type=\"page\">\n\t\t\t\t<div class=\"elementor-element elementor-element-73e7b46 e-con-full e-flex e-con e-parent\" data-id=\"73e7b46\" data-element_type=\"container\" data-e-type=\"container\" data-settings=\"{&quot;background_background&quot;:&quot;classic&quot;}\">\n\t\t\t\t<\/div>\n\t\t\t\t<section class=\"elementor-section elementor-top-section elementor-element elementor-element-c4c2e00 elementor-section-full_width elementor-section-height-default elementor-section-height-default\" data-id=\"c4c2e00\" data-element_type=\"section\" data-e-type=\"section\">\n\t\t\t\t\t\t<div class=\"elementor-container elementor-column-gap-default\">\n\t\t\t\t\t<div class=\"elementor-column elementor-col-25 elementor-top-column elementor-element elementor-element-4544b0c1\" data-id=\"4544b0c1\" data-element_type=\"column\" data-e-type=\"column\">\n\t\t\t<div class=\"elementor-widget-wrap elementor-element-populated\">\n\t\t\t\t\t\t<div class=\"elementor-element elementor-element-71d12fdb elementor-toc--minimized-on-tablet elementor-widget elementor-widget-table-of-contents\" data-id=\"71d12fdb\" data-element_type=\"widget\" data-e-type=\"widget\" data-settings=\"{&quot;exclude_headings_by_selector&quot;:[],&quot;marker_view&quot;:&quot;bullets&quot;,&quot;headings_by_tags&quot;:[&quot;h2&quot;,&quot;h3&quot;,&quot;h4&quot;,&quot;h5&quot;,&quot;h6&quot;],&quot;icon&quot;:{&quot;value&quot;:&quot;fas fa-circle&quot;,&quot;library&quot;:&quot;fa-solid&quot;,&quot;rendered_tag&quot;:&quot;&lt;svg class=\\&quot;e-font-icon-svg e-fas-circle\\&quot; viewBox=\\&quot;0 0 512 512\\&quot; xmlns=\\&quot;http:\\\/\\\/www.w3.org\\\/2000\\\/svg\\&quot;&gt;&lt;path d=\\&quot;M256 8C119 8 8 119 8 256s111 248 248 248 248-111 248-248S393 8 256 8z\\&quot;&gt;&lt;\\\/path&gt;&lt;\\\/svg&gt;&quot;},&quot;no_headings_message&quot;:&quot;No headings were found on this page.&quot;,&quot;minimize_box&quot;:&quot;yes&quot;,&quot;minimized_on&quot;:&quot;tablet&quot;,&quot;hierarchical_view&quot;:&quot;yes&quot;,&quot;min_height&quot;:{&quot;unit&quot;:&quot;px&quot;,&quot;size&quot;:&quot;&quot;,&quot;sizes&quot;:[]},&quot;min_height_tablet&quot;:{&quot;unit&quot;:&quot;px&quot;,&quot;size&quot;:&quot;&quot;,&quot;sizes&quot;:[]},&quot;min_height_mobile&quot;:{&quot;unit&quot;:&quot;px&quot;,&quot;size&quot;:&quot;&quot;,&quot;sizes&quot;:[]}}\" data-widget_type=\"table-of-contents.default\">\n\t\t\t\t<div class=\"elementor-widget-container\">\n\t\t\t\t\t\t\t\t\t<div class=\"elementor-toc__header\">\n\t\t\t\t\t\t<h4 class=\"elementor-toc__header-title\">\n\t\t\t\tObsah\t\t\t<\/h4>\n\t\t\t\t\t\t\t\t\t\t<div class=\"elementor-toc__toggle-button elementor-toc__toggle-button--expand\" role=\"button\" tabindex=\"0\" aria-controls=\"elementor-toc__71d12fdb\" aria-expanded=\"true\" aria-label=\"Open table of contents\"><svg aria-hidden=\"true\" class=\"e-font-icon-svg e-fas-chevron-down\" viewBox=\"0 0 448 512\" xmlns=\"http:\/\/www.w3.org\/2000\/svg\"><path d=\"M207.029 381.476L12.686 187.132c-9.373-9.373-9.373-24.569 0-33.941l22.667-22.667c9.357-9.357 24.522-9.375 33.901-.04L224 284.505l154.745-154.021c9.379-9.335 24.544-9.317 33.901.04l22.667 22.667c9.373 9.373 9.373 24.569 0 33.941L240.971 381.476c-9.373 9.372-24.569 9.372-33.942 0z\"><\/path><\/svg><\/div>\n\t\t\t\t<div class=\"elementor-toc__toggle-button elementor-toc__toggle-button--collapse\" role=\"button\" tabindex=\"0\" aria-controls=\"elementor-toc__71d12fdb\" aria-expanded=\"true\" aria-label=\"Close table of contents\"><svg aria-hidden=\"true\" class=\"e-font-icon-svg e-fas-chevron-up\" viewBox=\"0 0 448 512\" xmlns=\"http:\/\/www.w3.org\/2000\/svg\"><path d=\"M240.971 130.524l194.343 194.343c9.373 9.373 9.373 24.569 0 33.941l-22.667 22.667c-9.357 9.357-24.522 9.375-33.901.04L224 227.495 69.255 381.516c-9.379 9.335-24.544 9.317-33.901-.04l-22.667-22.667c-9.373-9.373-9.373-24.569 0-33.941L207.03 130.525c9.372-9.373 24.568-9.373 33.941-.001z\"><\/path><\/svg><\/div>\n\t\t\t\t\t<\/div>\n\t\t\t\t<div id=\"elementor-toc__71d12fdb\" class=\"elementor-toc__body\">\n\t\t\t<div class=\"elementor-toc__spinner-container\">\n\t\t\t\t<svg class=\"elementor-toc__spinner eicon-animation-spin e-font-icon-svg e-eicon-loading\" aria-hidden=\"true\" viewBox=\"0 0 1000 1000\" xmlns=\"http:\/\/www.w3.org\/2000\/svg\"><path d=\"M500 975V858C696 858 858 696 858 500S696 142 500 142 142 304 142 500H25C25 237 238 25 500 25S975 237 975 500 763 975 500 975Z\"><\/path><\/svg>\t\t\t<\/div>\n\t\t<\/div>\n\t\t\t\t\t\t<\/div>\n\t\t\t\t<\/div>\n\t\t\t\t\t<\/div>\n\t\t<\/div>\n\t\t\t\t<div class=\"elementor-column elementor-col-50 elementor-top-column elementor-element elementor-element-7707a56\" data-id=\"7707a56\" data-element_type=\"column\" data-e-type=\"column\">\n\t\t\t<div class=\"elementor-widget-wrap elementor-element-populated\">\n\t\t\t\t\t\t<div class=\"elementor-element elementor-element-305b22d8 elementor-widget elementor-widget-text-editor\" data-id=\"305b22d8\" data-element_type=\"widget\" data-e-type=\"widget\" data-widget_type=\"text-editor.default\">\n\t\t\t\t<div class=\"elementor-widget-container\">\n\t\t\t\t\t\t\t\t\t<div class=\"markdown markdown-main-panel ui-v2-enabled\" dir=\"ltr\">\n<h1 data-sourcepos=\"1:1-1:69\">Jachting v Chorvatsku je z\u00e1bava! Nechte se inspirovat!<\/h1>\n<h2 data-sourcepos=\"1:1-1:69\">Vyplujte za dobrodru\u017estv\u00edm: V Chorvatsku na v\u00e1s \u010dekaj\u00ed nezapomenuteln\u00e9 z\u00e1\u017eitky.<\/h2>\n<p data-sourcepos=\"3:1-3:309\">P\u0159edstavte si, jak klou\u017eete po tyrkysov\u00fdch vod\u00e1ch Jadersk\u00e9ho mo\u0159e, slunce v\u00e1s h\u0159eje do tv\u00e1\u0159e a jemn\u00e1 mo\u0159sk\u00e1 mlha v\u00e1m \u010de\u0159\u00ed poko\u017eku. Chorvatsko se sv\u00fdmi nes\u010detn\u00fdmi ostrovy, skryt\u00fdmi z\u00e1tokami a okouzluj\u00edc\u00edmi pob\u0159e\u017en\u00edmi m\u011bste\u010dky v\u00e1s l\u00e1k\u00e1 na dobrodru\u017enou plavbu, kter\u00e1 v\u00e1m vyraz\u00ed dech.<\/p>\n<p data-sourcepos=\"5:1-5:54\"><strong>Ute\u010dte od oby\u010dejnosti a p\u0159ijm\u011bte neoby\u010dejnost:<\/strong><\/p>\n<ul data-sourcepos=\"7:1-11:0\">\n<li data-sourcepos=\"7:1-7:165\"><strong>Vym\u011b\u0148te m\u011bstsk\u00e9 krajiny za mo\u0159sk\u00e9:<\/strong> Sledujte v\u00fdchod slunce, kter\u00fd p\u0159i vyplouv\u00e1n\u00ed obarv\u00ed oblohu do z\u00e1\u0159iv\u00fdch barev, a jedin\u00fdm zvukem bude jemn\u00e9 \u0161plouch\u00e1n\u00ed vln o trup lodi.<\/li>\n<li data-sourcepos=\"8:1-8:171\"><strong>Prozkoumejte skryt\u00e9 skvosty:<\/strong> Objevte odlehl\u00e9 z\u00e1toky p\u0159\u00edstupn\u00e9 pouze lod\u00ed, nedot\u010den\u00e9 pl\u00e1\u017ee ide\u00e1ln\u00ed pro odpo\u010dinek a p\u016fvabn\u00e9 vesni\u010dky, kde jako by se zastavil \u010das.<\/li>\n<li data-sourcepos=\"9:1-9:157\"><strong>Pono\u0159te se do k\u0159i\u0161\u0165\u00e1lov\u011b \u010dist\u00e9 vody:<\/strong> Vydejte se na pot\u00e1p\u011b\u010dskou expedici: \u0161norchlujte na kor\u00e1lov\u00fdch \u00fatesech pln\u00fdch \u017eivota nebo se pono\u0159te do podmo\u0159sk\u00e9ho sv\u011bta.<\/li>\n<li data-sourcepos=\"10:1-11:0\"><strong>Plavte se pod hv\u011bzdnou oblohou:<\/strong> P\u0159i setm\u011bn\u00ed m\u016f\u017eete pozorovat \u00fachvatnou hv\u011bzdnou oblohu, kterou nezakr\u00fdvaj\u00ed sv\u011btla m\u011bst, a c\u00edtit, jak v\u00e1s zaplavuje pocit klidu.<\/li>\n<\/ul>\n<\/div>\n<div class=\"markdown markdown-main-panel ui-v2-enabled\" dir=\"ltr\">\n<p data-sourcepos=\"12:1-12:36\">\n<p data-sourcepos=\"12:1-12:36\"><strong>P\u0159ijm\u011bte ducha dobrodru\u017estv\u00ed:<\/strong><\/p>\n<ul data-sourcepos=\"14:1-17:0\">\n<li data-sourcepos=\"14:1-14:164\"><strong>Proch\u00e1zejte neprob\u00e1dan\u00e1 \u00fazem\u00ed:<\/strong> Ujm\u011bte se kormidla a ur\u010dete sm\u011br, poci\u0165te vzru\u0161en\u00ed z plavby na otev\u0159en\u00e9m mo\u0159i a uspokojen\u00ed ze zvl\u00e1dnut\u00ed nov\u00e9 dovednosti.<\/li>\n<li data-sourcepos=\"15:1-15:145\"><strong>Spojte se s p\u0159\u00edrodou:<\/strong> Vdechujte \u010derstv\u00fd mo\u0159sk\u00fd vzduch, vn\u00edmejte slunce na k\u016f\u017ei a pono\u0159te se do kr\u00e1sy jadransk\u00e9ho pob\u0159e\u017e\u00ed.<\/li>\n<li data-sourcepos=\"16:1-17:0\"><strong>Vytvo\u0159te si trval\u00e9 vzpom\u00ednky:<\/strong> Pod\u011blte se o z\u00e1\u017eitky se sv\u00fdmi bl\u00edzk\u00fdmi a vytvo\u0159te nezapomenuteln\u00e9 p\u0159\u00edb\u011bhy a okam\u017eiky, kter\u00e9 si nav\u017edy uchov\u00e1te.<\/li>\n<\/ul>\n<\/div>\n<div class=\"markdown markdown-main-panel ui-v2-enabled\" dir=\"ltr\">\n<p data-sourcepos=\"18:1-18:67\"><strong>Chorvatsko je v\u00edc ne\u017e jen destinace, je to pozv\u00e1nka do:<\/strong><\/p>\n<ul data-sourcepos=\"20:1-23:0\">\n<li data-sourcepos=\"20:1-20:102\"><strong>Odpojte se od ka\u017edodennosti:<\/strong> Nechte starosti za sebou a vychutnejte si svobodu na otev\u0159en\u00e9m mo\u0159i.<\/li>\n<li data-sourcepos=\"21:1-21:116\"><strong>Z\u00edskejte zp\u011bt sv\u016fj smysl pro \u00fa\u017eas:<\/strong> Znovu objevte prost\u00e9 radosti \u017eivota a spojte se s p\u0159\u00edrodou v jej\u00ed nej\u010dist\u0161\u00ed podob\u011b.<\/li>\n<li data-sourcepos=\"22:1-23:0\"><strong>Vytvo\u0159te p\u0159\u00edb\u011bh, kter\u00fd stoj\u00ed za to vypr\u00e1v\u011bt:<\/strong> Vydejte se na cestu, kter\u00e1 v\u00e1s prom\u011bn\u00ed a zanech\u00e1 v\u00e1m obnoven\u00e9ho ducha a srdce pln\u00e9 vzpom\u00ednek.<\/li>\n<\/ul>\n<\/div>\n<div class=\"markdown markdown-main-panel ui-v2-enabled\" dir=\"ltr\">\n<p data-sourcepos=\"24:1-24:135\"><strong>Napn\u011bte plachty, uc\u00edt\u00edte v\u00edtr ve vlasech a vydejte se vst\u0159\u00edc nezapomenuteln\u00e9mu dobrodru\u017estv\u00ed v Chorvatsku. Jadersk\u00e9 mo\u0159e \u010dek\u00e1!<\/strong><\/p>\n<p data-sourcepos=\"24:1-24:135\">\n<\/div>\n<h2 data-sourcepos=\"7:1-7:58\">Vydejte se na nezapomenuteln\u00e9 dobrodru\u017estv\u00ed na plachetnici v Chorvatsku<\/h2>\n<p data-sourcepos=\"9:1-9:260\">Chorvatsko s n\u00e1dhern\u00fdm jadransk\u00fdm pob\u0159e\u017e\u00edm, nes\u010detn\u00fdmi ostrovy a p\u016fvabn\u00fdmi p\u0159\u00edstavn\u00edmi m\u011bsty je vysn\u011bnou destinac\u00ed pro dovolenou na plachetnici. A\u0165 u\u017e jste zku\u0161en\u00fd jachta\u0159, nebo \u00fapln\u00fd za\u010d\u00e1te\u010dn\u00edk, v Chorvatsku na v\u00e1s \u010dek\u00e1 perfektn\u00ed mo\u017enost pron\u00e1jmu jachty.<\/p>\n<p data-sourcepos=\"11:1-11:52\"><strong>Pron\u00e1jem jachty na m\u00edru pro v\u0161echny preference:<\/strong><\/p>\n<ul data-sourcepos=\"13:1-17:0\">\n<li data-sourcepos=\"13:1-13:234\"><strong>Kapit\u00e1novan\u00e9 charterov\u00e9 lod\u011b:<\/strong> Ide\u00e1ln\u00ed pro ty, kte\u0159\u00ed si cht\u011bj\u00ed odpo\u010dinout a u\u017e\u00edt si krajinu bez zodpov\u011bdnosti za \u0159\u00edzen\u00ed lodi. Zku\u0161en\u00fd kapit\u00e1n se postar\u00e1 o v\u0161e, od plavby na lodi a\u017e po pl\u00e1nov\u00e1n\u00ed trasy.<\/li>\n<li data-sourcepos=\"14:1-14:166\"><strong>Pron\u00e1jem lod\u00ed bez pos\u00e1dky:<\/strong> Pro zku\u0161en\u00e9 n\u00e1mo\u0159n\u00edky, kte\u0159\u00ed cht\u011bj\u00ed m\u00edt volnost a prozkoum\u00e1vat mo\u0159e sv\u00fdm vlastn\u00edm tempem. K pron\u00e1jmu lodi bez pos\u00e1dky pot\u0159ebujete platn\u00fd jachta\u0159sk\u00fd pr\u016fkaz.<\/li>\n<li data-sourcepos=\"15:1-15:214\"><strong>Chartery s pos\u00e1dkou:<\/strong> Kombinace svobody pron\u00e1jmu bez pos\u00e1dky s komfortem a slu\u017ebami profesion\u00e1ln\u00ed pos\u00e1dky. Pos\u00e1dka se star\u00e1 o plavbu na lodi, p\u0159\u00edpravu j\u00eddel a zaji\u0161\u0165uje v\u0161echny va\u0161e pot\u0159eby.<\/li>\n<li data-sourcepos=\"16:1-17:0\"><strong>Chartery all-inclusive:<\/strong> Bezstarostn\u00fd z\u00e1\u017eitek z plavby. O v\u0161e je postar\u00e1no, od j\u00eddla a n\u00e1poj\u016f a\u017e po aktivity a v\u00fdlety. Sta\u010d\u00ed se jen pohodln\u011b usadit, odpo\u010d\u00edvat a u\u017e\u00edvat si j\u00edzdu.<\/li>\n<\/ul>\n<p data-sourcepos=\"18:1-18:48\"><strong>Odhalen\u00ed rozmanit\u00fdch jachta\u0159sk\u00fdch oblast\u00ed Chorvatska:<\/strong><\/p>\n<ul data-sourcepos=\"20:1-24:0\">\n<li data-sourcepos=\"20:1-20:215\"><strong>Dalmatsk\u00e9 pob\u0159e\u017e\u00ed:<\/strong> Dalmatsk\u00e9 pob\u0159e\u017e\u00ed: nejobl\u00edben\u011bj\u0161\u00ed jachta\u0159sk\u00fd region v Chorvatsku, kter\u00fd nab\u00edz\u00ed kr\u00e1snou kombinaci historick\u00fdch m\u011bst, p\u016fvabn\u00fdch vesnic a odlehl\u00fdch z\u00e1tok. Prozkoumejte Dubrovn\u00edk, Split, Hvar, Bra\u010d a Kornati.<\/li>\n<li data-sourcepos=\"21:1-21:239\"><strong>Istrijsk\u00fd poloostrov:<\/strong> Objevte jedine\u010dn\u00e9 kouzlo Istrie se st\u0159edov\u011bk\u00fdmi m\u011bste\u010dky na vrcholc\u00edch kopc\u016f, ben\u00e1tsk\u00fdm vlivem a vynikaj\u00edc\u00ed m\u00edstn\u00ed kuchyn\u00ed. Plavte se kolem n\u00e1rodn\u00edho parku Brijuni a prohl\u00e9dn\u011bte si pulskou ar\u00e9nu, \u0159\u00edmsk\u00fd amfite\u00e1tr.<\/li>\n<li data-sourcepos=\"22:1-22:225\"><strong>Kvarnersk\u00fd z\u00e1liv:<\/strong> Plavba Kvarnersk\u00fdm z\u00e1livem, kter\u00fd je zn\u00e1m\u00fd svou dramatickou krajinou, bujnou vegetac\u00ed a k\u0159i\u0161\u0165\u00e1lov\u011b \u010distou vodou. Nav\u0161tivte ostrovy Krk, Rab a Cres a prohl\u00e9dn\u011bte si p\u016fvabn\u00e1 m\u011bsta Opatija a Rijeka.<\/li>\n<li data-sourcepos=\"23:1-24:0\"><strong>Ji\u017en\u00ed Jadran:<\/strong> Plavte se po ji\u017en\u00edm Jadranu, kter\u00fd je zn\u00e1m\u00fd sv\u00fdmi n\u00e1dhern\u00fdmi p\u0159\u00edrodn\u00edmi kr\u00e1sami a uvoln\u011bnou atmosf\u00e9rou. Prozkoumejte Elafitsk\u00e9 ostrovy, n\u00e1rodn\u00ed park Mljet a historick\u00e9 m\u011bsto Dubrovn\u00edk.<\/li>\n<\/ul>\n<p data-sourcepos=\"25:1-25:36\"><strong>Krom\u011b \u00fachvatn\u00fdch scen\u00e9ri\u00ed:<\/strong><\/p>\n<ul data-sourcepos=\"27:1-30:0\">\n<li data-sourcepos=\"27:1-27:226\"><strong>Pono\u0159te se do bohat\u00e9 kultury a historie Chorvatska:<\/strong> Prozkoumejte starobyl\u00e9 ruiny, p\u016fvabn\u00e1 m\u011bste\u010dka a pulzuj\u00edc\u00ed m\u011bsta. Vychutnejte si vynikaj\u00edc\u00ed m\u00edstn\u00ed kuchyni, kter\u00e1 je zn\u00e1m\u00e1 \u010derstv\u00fdmi mo\u0159sk\u00fdmi plody, olivov\u00fdm olejem a region\u00e1ln\u00edmi specialitami.<\/li>\n<li data-sourcepos=\"28:1-28:153\"><strong>Dop\u0159ejte si vodn\u00ed aktivity:<\/strong> V k\u0159i\u0161\u0165\u00e1lov\u011b \u010dist\u00fdch vod\u00e1ch Jadersk\u00e9ho mo\u0159e se m\u016f\u017eete v\u011bnovat plav\u00e1n\u00ed, \u0161norchlov\u00e1n\u00ed, pot\u00e1p\u011bn\u00ed, j\u00edzd\u011b na kajaku nebo paddleboardu.<\/li>\n<li data-sourcepos=\"29:1-30:0\"><strong>Poznejte v\u0159elou pohostinnost Chorvat\u016f:<\/strong> M\u00edstn\u00ed obyvatel\u00e9 jsou zn\u00e1m\u00ed svou p\u0159\u00e1telskou a pohostinnou povahou, d\u00edky n\u00ed\u017e se budete c\u00edtit jako doma.<\/li>\n<\/ul>\n<p data-sourcepos=\"31:1-31:63\"><strong>Za\u010dn\u011bte pl\u00e1novat sv\u00e9 vysn\u011bn\u00e9 jachta\u0159sk\u00e9 dobrodru\u017estv\u00ed v Chorvatsku je\u0161t\u011b dnes!<\/strong><\/p>\n\t\t\t\t\t\t\t\t<\/div>\n\t\t\t\t<\/div>\n\t\t\t\t\t<\/div>\n\t\t<\/div>\n\t\t\t\t<div class=\"elementor-column elementor-col-25 elementor-top-column elementor-element elementor-element-3beb6c0b\" data-id=\"3beb6c0b\" data-element_type=\"column\" data-e-type=\"column\">\n\t\t\t<div class=\"elementor-widget-wrap elementor-element-populated\">\n\t\t\t\t\t\t<div class=\"elementor-element elementor-element-397c5332 elementor-widget elementor-widget-template\" data-id=\"397c5332\" data-element_type=\"widget\" data-e-type=\"widget\" data-widget_type=\"template.default\">\n\t\t\t\t<div class=\"elementor-widget-container\">\n\t\t\t\t\t\t\t<div class=\"elementor-template\">\n\t\t\t\t\t<div data-elementor-type=\"section\" data-elementor-id=\"77213\" class=\"elementor elementor-77213 elementor-76339\" data-elementor-post-type=\"elementor_library\">\n\t\t\t\t\t<section class=\"elementor-section elementor-inner-section elementor-element elementor-element-457e679b elementor-section-full_width elementor-section-height-min-height elementor-section-content-middle elementor-section-height-default\" data-id=\"457e679b\" data-element_type=\"section\" data-e-type=\"section\" data-settings=\"{&quot;background_background&quot;:&quot;classic&quot;}\">\n\t\t\t\t\t\t\t<div class=\"elementor-background-overlay\"><\/div>\n\t\t\t\t\t\t\t<div class=\"elementor-container elementor-column-gap-default\">\n\t\t\t\t\t<div class=\"elementor-column elementor-col-100 elementor-inner-column elementor-element elementor-element-33d83c77\" data-id=\"33d83c77\" data-element_type=\"column\" data-e-type=\"column\">\n\t\t\t<div class=\"elementor-widget-wrap elementor-element-populated\">\n\t\t\t\t\t\t<div class=\"elementor-element elementor-element-26c46f13 elementor-widget elementor-widget-text-editor\" data-id=\"26c46f13\" data-element_type=\"widget\" data-e-type=\"widget\" data-widget_type=\"text-editor.default\">\n\t\t\t\t<div class=\"elementor-widget-container\">\n\t\t\t\t\t\t\t\t\t<p style=\"text-align: center;\">Hled\u00e1te lo\u010f?<\/p>\n\t\t\t\t\t\t\t\t<\/div>\n\t\t\t\t<\/div>\n\t\t\t\t<div class=\"elementor-element elementor-element-7116d3fc elementor-align-center elementor-widget elementor-widget-button\" data-id=\"7116d3fc\" data-element_type=\"widget\" data-e-type=\"widget\" data-widget_type=\"button.default\">\n\t\t\t\t<div class=\"elementor-widget-container\">\n\t\t\t\t\t\t\t\t\t<div class=\"elementor-button-wrapper\">\n\t\t\t\t\t<a class=\"elementor-button elementor-button-link elementor-size-md\" href=\"https:\/\/skippercity.com\/cs\/ziskejte-nabidku-pronajem-jachty-chorvatsko\/\" target=\"_blank\">\n\t\t\t\t\t\t<span class=\"elementor-button-content-wrapper\">\n\t\t\t\t\t\t\t\t\t<span class=\"elementor-button-text\">Z\u00cdSKEJTE CENOVOU CENU ZDARMA<\/span>\n\t\t\t\t\t<\/span>\n\t\t\t\t\t<\/a>\n\t\t\t\t<\/div>\n\t\t\t\t\t\t\t\t<\/div>\n\t\t\t\t<\/div>\n\t\t\t\t\t<\/div>\n\t\t<\/div>\n\t\t\t\t\t<\/div>\n\t\t<\/section>\n\t\t\t\t<\/div>\n\t\t\t\t<\/div>\n\t\t\t\t\t\t<\/div>\n\t\t\t\t<\/div>\n\t\t\t\t\t<\/div>\n\t\t<\/div>\n\t\t\t\t\t<\/div>\n\t\t<\/section>\n\t\t\t\t<\/div>\n\t\t","protected":false},"excerpt":{"rendered":"<p>Obsah Jachting v Chorvatsku je z\u00e1bava! Nechte se inspirovat! Vyplujte za dobrodru\u017estv\u00edm: V Chorvatsku na v\u00e1s \u010dekaj\u00ed nezapomenuteln\u00e9 z\u00e1\u017eitky. P\u0159edstavte si, jak klou\u017eete po tyrkysov\u00fdch vod\u00e1ch Jadersk\u00e9ho mo\u0159e, slunce v\u00e1s h\u0159eje do tv\u00e1\u0159e a jemn\u00e1 mo\u0159sk\u00e1 mlha v\u00e1m \u010de\u0159\u00ed poko\u017eku. Chorvatsko se sv\u00fdmi nes\u010detn\u00fdmi ostrovy, skryt\u00fdmi z\u00e1tokami a okouzluj\u00edc\u00edmi pob\u0159e\u017en\u00edmi m\u011bste\u010dky v\u00e1s l\u00e1k\u00e1 na dobrodru\u017enou [&hellip;]<\/p>\n","protected":false},"author":2,"featured_media":71491,"parent":0,"menu_order":0,"comment_status":"closed","ping_status":"closed","template":"","meta":{"footnotes":""},"class_list":["post-71758","page","type-page","status-publish","has-post-thumbnail","hentry"],"_links":{"self":[{"href":"https:\/\/skippercity.com\/cs\/wp-json\/wp\/v2\/pages\/71758","targetHints":{"allow":["GET"]}}],"collection":[{"href":"https:\/\/skippercity.com\/cs\/wp-json\/wp\/v2\/pages"}],"about":[{"href":"https:\/\/skippercity.com\/cs\/wp-json\/wp\/v2\/types\/page"}],"author":[{"embeddable":true,"href":"https:\/\/skippercity.com\/cs\/wp-json\/wp\/v2\/users\/2"}],"replies":[{"embeddable":true,"href":"https:\/\/skippercity.com\/cs\/wp-json\/wp\/v2\/comments?post=71758"}],"version-history":[{"count":0,"href":"https:\/\/skippercity.com\/cs\/wp-json\/wp\/v2\/pages\/71758\/revisions"}],"wp:featuredmedia":[{"embeddable":true,"href":"https:\/\/skippercity.com\/cs\/wp-json\/wp\/v2\/media\/71491"}],"wp:attachment":[{"href":"https:\/\/skippercity.com\/cs\/wp-json\/wp\/v2\/media?parent=71758"}],"curies":[{"name":"wp","href":"https:\/\/api.w.org\/{rel}","templated":true}]}}