{"id":71939,"date":"2017-11-15T21:24:45","date_gmt":"2017-11-15T21:24:45","guid":{"rendered":"https:\/\/www.skippercity.com\/pujcovna-lodi-v-chorvatsku\/"},"modified":"2024-02-21T12:24:45","modified_gmt":"2024-02-21T12:24:45","slug":"pujcovna-lodi-v-chorvatsku","status":"publish","type":"page","link":"https:\/\/skippercity.com\/cs\/pujcovna-lodi-v-chorvatsku\/","title":{"rendered":"P\u016fj\u010dovna lod\u00ed v Chorvatsku"},"content":{"rendered":"\t\t<div data-elementor-type=\"wp-page\" data-elementor-id=\"71939\" class=\"elementor elementor-71939 elementor-1472\" data-elementor-post-type=\"page\">\n\t\t\t\t<div class=\"elementor-element elementor-element-6042987 e-con-full e-flex e-con e-parent\" data-id=\"6042987\" data-element_type=\"container\" data-e-type=\"container\" data-settings=\"{&quot;background_background&quot;:&quot;classic&quot;}\">\n\t\t\t\t<\/div>\n\t\t\t\t<section class=\"elementor-section elementor-top-section elementor-element elementor-element-6ac0cb3c elementor-section-full_width elementor-section-height-default elementor-section-height-default\" data-id=\"6ac0cb3c\" data-element_type=\"section\" data-e-type=\"section\">\n\t\t\t\t\t\t<div class=\"elementor-container elementor-column-gap-default\">\n\t\t\t\t\t<div class=\"elementor-column elementor-col-25 elementor-top-column elementor-element elementor-element-6105046c\" data-id=\"6105046c\" data-element_type=\"column\" data-e-type=\"column\">\n\t\t\t<div class=\"elementor-widget-wrap elementor-element-populated\">\n\t\t\t\t\t\t<div class=\"elementor-element elementor-element-27770b8e elementor-toc--minimized-on-tablet elementor-widget elementor-widget-table-of-contents\" data-id=\"27770b8e\" data-element_type=\"widget\" data-e-type=\"widget\" data-settings=\"{&quot;exclude_headings_by_selector&quot;:[],&quot;marker_view&quot;:&quot;bullets&quot;,&quot;headings_by_tags&quot;:[&quot;h2&quot;,&quot;h3&quot;,&quot;h4&quot;,&quot;h5&quot;,&quot;h6&quot;],&quot;icon&quot;:{&quot;value&quot;:&quot;fas fa-circle&quot;,&quot;library&quot;:&quot;fa-solid&quot;,&quot;rendered_tag&quot;:&quot;&lt;svg class=\\&quot;e-font-icon-svg e-fas-circle\\&quot; viewBox=\\&quot;0 0 512 512\\&quot; xmlns=\\&quot;http:\\\/\\\/www.w3.org\\\/2000\\\/svg\\&quot;&gt;&lt;path d=\\&quot;M256 8C119 8 8 119 8 256s111 248 248 248 248-111 248-248S393 8 256 8z\\&quot;&gt;&lt;\\\/path&gt;&lt;\\\/svg&gt;&quot;},&quot;no_headings_message&quot;:&quot;No headings were found on this page.&quot;,&quot;minimize_box&quot;:&quot;yes&quot;,&quot;minimized_on&quot;:&quot;tablet&quot;,&quot;hierarchical_view&quot;:&quot;yes&quot;,&quot;min_height&quot;:{&quot;unit&quot;:&quot;px&quot;,&quot;size&quot;:&quot;&quot;,&quot;sizes&quot;:[]},&quot;min_height_tablet&quot;:{&quot;unit&quot;:&quot;px&quot;,&quot;size&quot;:&quot;&quot;,&quot;sizes&quot;:[]},&quot;min_height_mobile&quot;:{&quot;unit&quot;:&quot;px&quot;,&quot;size&quot;:&quot;&quot;,&quot;sizes&quot;:[]}}\" data-widget_type=\"table-of-contents.default\">\n\t\t\t\t<div class=\"elementor-widget-container\">\n\t\t\t\t\t\t\t\t\t<div class=\"elementor-toc__header\">\n\t\t\t\t\t\t<h4 class=\"elementor-toc__header-title\">\n\t\t\t\tObsah\t\t\t<\/h4>\n\t\t\t\t\t\t\t\t\t\t<div class=\"elementor-toc__toggle-button elementor-toc__toggle-button--expand\" role=\"button\" tabindex=\"0\" aria-controls=\"elementor-toc__27770b8e\" aria-expanded=\"true\" aria-label=\"Open table of contents\"><svg aria-hidden=\"true\" class=\"e-font-icon-svg e-fas-chevron-down\" viewBox=\"0 0 448 512\" xmlns=\"http:\/\/www.w3.org\/2000\/svg\"><path d=\"M207.029 381.476L12.686 187.132c-9.373-9.373-9.373-24.569 0-33.941l22.667-22.667c9.357-9.357 24.522-9.375 33.901-.04L224 284.505l154.745-154.021c9.379-9.335 24.544-9.317 33.901.04l22.667 22.667c9.373 9.373 9.373 24.569 0 33.941L240.971 381.476c-9.373 9.372-24.569 9.372-33.942 0z\"><\/path><\/svg><\/div>\n\t\t\t\t<div class=\"elementor-toc__toggle-button elementor-toc__toggle-button--collapse\" role=\"button\" tabindex=\"0\" aria-controls=\"elementor-toc__27770b8e\" aria-expanded=\"true\" aria-label=\"Close table of contents\"><svg aria-hidden=\"true\" class=\"e-font-icon-svg e-fas-chevron-up\" viewBox=\"0 0 448 512\" xmlns=\"http:\/\/www.w3.org\/2000\/svg\"><path d=\"M240.971 130.524l194.343 194.343c9.373 9.373 9.373 24.569 0 33.941l-22.667 22.667c-9.357 9.357-24.522 9.375-33.901.04L224 227.495 69.255 381.516c-9.379 9.335-24.544 9.317-33.901-.04l-22.667-22.667c-9.373-9.373-9.373-24.569 0-33.941L207.03 130.525c9.372-9.373 24.568-9.373 33.941-.001z\"><\/path><\/svg><\/div>\n\t\t\t\t\t<\/div>\n\t\t\t\t<div id=\"elementor-toc__27770b8e\" class=\"elementor-toc__body\">\n\t\t\t<div class=\"elementor-toc__spinner-container\">\n\t\t\t\t<svg class=\"elementor-toc__spinner eicon-animation-spin e-font-icon-svg e-eicon-loading\" aria-hidden=\"true\" viewBox=\"0 0 1000 1000\" xmlns=\"http:\/\/www.w3.org\/2000\/svg\"><path d=\"M500 975V858C696 858 858 696 858 500S696 142 500 142 142 304 142 500H25C25 237 238 25 500 25S975 237 975 500 763 975 500 975Z\"><\/path><\/svg>\t\t\t<\/div>\n\t\t<\/div>\n\t\t\t\t\t\t<\/div>\n\t\t\t\t<\/div>\n\t\t\t\t\t<\/div>\n\t\t<\/div>\n\t\t\t\t<div class=\"elementor-column elementor-col-50 elementor-top-column elementor-element elementor-element-5f305314\" data-id=\"5f305314\" data-element_type=\"column\" data-e-type=\"column\">\n\t\t\t<div class=\"elementor-widget-wrap elementor-element-populated\">\n\t\t\t\t\t\t<div class=\"elementor-element elementor-element-38e8ec5b elementor-widget elementor-widget-text-editor\" data-id=\"38e8ec5b\" data-element_type=\"widget\" data-e-type=\"widget\" data-widget_type=\"text-editor.default\">\n\t\t\t\t<div class=\"elementor-widget-container\">\n\t\t\t\t\t\t\t\t\t<h1>P\u016fj\u010dovna lod\u00ed v Chorvatsku<\/h1>\n<p>Chorvatsko s n\u00e1dhern\u00fdm pob\u0159e\u017e\u00edm, k\u0159i\u0161\u0165\u00e1lov\u011b \u010distou vodou a tis\u00edci ostrovy je vysn\u011bnou destinac\u00ed pro ty, kte\u0159\u00ed hledaj\u00ed nezapomenuteln\u00e9 z\u00e1\u017eitky z plavby. A\u0165 u\u017e jste zku\u0161en\u00fd n\u00e1mo\u0159n\u00edk, nebo za\u010d\u00e1te\u010dn\u00edk, ur\u010dit\u011b si vyberete p\u016fj\u010dovnu lod\u00ed, kter\u00e1 bude vyhovovat va\u0161im pot\u0159eb\u00e1m. V tomto pr\u016fvodci se sezn\u00e1m\u00edme s r\u016fzn\u00fdmi typy pron\u00e1jm\u016f lod\u00ed v Chorvatsku, s n\u00e1klady v roce 2024 a s p\u011bti nejlep\u0161\u00edmi destinacemi pro pron\u00e1jem jachet.<\/p>\n<h2>Pro\u010d Chorvatsko?<\/h2>\n<p>Chorvatsko nab\u00edz\u00ed jedny z nejkr\u00e1sn\u011bj\u0161\u00edch jachta\u0159sk\u00fdch destinac\u00ed na sv\u011bt\u011b. Jeho pob\u0159e\u017e\u00ed je poseto tis\u00edci ostrov\u016f, z nich\u017e ka\u017ed\u00fd m\u00e1 sv\u00e9 jedine\u010dn\u00e9 kouzlo. V Chorvatsku si ka\u017ed\u00fd najde to sv\u00e9 &#8211; od historick\u00fdch m\u011bst Split a Dubrovn\u00edk a\u017e po odlehl\u00e9 z\u00e1toky Kornatsk\u00fdch ostrov\u016f. St\u0159edomo\u0159sk\u00e9 klima, tepl\u00e9 vody a m\u00edrn\u00fd v\u00edtr \u010din\u00ed z t\u00e9to zem\u011b ide\u00e1ln\u00ed destinaci pro placht\u011bn\u00ed.<\/p>\n<p><img fetchpriority=\"high\" decoding=\"async\" class=\"alignnone size-full wp-image-412487\" src=\"https:\/\/skippercity.com\/vsebina\/uploads\/yacht-charter-catamaran-rental.jpeg\" alt=\"katamar\u00e1n charter chorvatsko\" width=\"1200\" height=\"717\" srcset=\"https:\/\/skippercity.com\/vsebina\/uploads\/yacht-charter-catamaran-rental.jpeg 1200w, https:\/\/skippercity.com\/vsebina\/uploads\/yacht-charter-catamaran-rental-768x459.jpeg 768w, https:\/\/skippercity.com\/vsebina\/uploads\/yacht-charter-catamaran-rental-700x418.jpeg 700w\" sizes=\"(max-width: 1200px) 100vw, 1200px\" \/><\/p>\n<h2>Typy pron\u00e1jmu lod\u00ed<\/h2>\n<h3>Charter s kapit\u00e1nem<\/h3>\n<p>Ide\u00e1ln\u00ed pro ty, kte\u0159\u00ed si cht\u011bj\u00ed odpo\u010dinout a u\u017e\u00edt si cestu bez starost\u00ed o navigaci nebo ovl\u00e1d\u00e1n\u00ed lodi. <a href=\"https:\/\/skippercity.com\/cs\/skippered-yacht-charter-chorvatsko\/\">Profesion\u00e1ln\u00ed kapit\u00e1n<\/a> se postar\u00e1 o v\u0161e, od \u0159\u00edzen\u00ed a\u017e po kotven\u00ed, zat\u00edmco vy se budete kochat kr\u00e1sami Jadersk\u00e9ho mo\u0159e.<\/p>\n<h3><strong>Charter s pos\u00e1dkou<\/strong><\/h3>\n<p>Chcete-li za\u017e\u00edt skute\u010dn\u011b luxusn\u00ed z\u00e1\u017eitek, je vhodnou volbou <a href=\"https:\/\/skippercity.com\/cs\/pronajem-lodi-s-posadkou-chorvatsko\/\">charter s pos\u00e1dkou<\/a>. Krom\u011b kapit\u00e1na budete m\u00edt k dispozici kucha\u0159e a dal\u0161\u00ed \u010dleny pos\u00e1dky, kte\u0159\u00ed se postaraj\u00ed o v\u0161echny va\u0161e pot\u0159eby. Tato mo\u017enost je ide\u00e1ln\u00ed pro ty, kte\u0159\u00ed se cht\u011bj\u00ed nechat h\u00fd\u010dkat a u\u017e\u00edt si p\u011btihv\u011bzdi\u010dkovou dovolenou na plachetnici.<\/p>\n<h3><strong>Pron\u00e1jem \u010dlunu bez pos\u00e1dky<\/strong><\/h3>\n<p>Pokud m\u00e1te zku\u0161enosti s plavbou a pot\u0159ebnou kvalifikaci, m\u016f\u017eete si vybrat pron\u00e1jem lodi bez pos\u00e1dky. P\u0159i t\u00e9to mo\u017enosti budete kapit\u00e1nem sv\u00e9 vlastn\u00ed lodi, zodpov\u011bdn\u00fdm za navigaci, kotven\u00ed a v\u0161echny dal\u0161\u00ed aspekty plavby. Je to skv\u011bl\u00fd zp\u016fsob, jak prozkoumat chorvatsk\u00e9 pob\u0159e\u017e\u00ed vlastn\u00edm tempem.<\/p>\n<p><img decoding=\"async\" class=\"alignnone size-full wp-image-412448\" src=\"https:\/\/skippercity.com\/vsebina\/uploads\/2.jpg\" alt=\"katamar\u00e1n charter chorvatsko\" width=\"698\" height=\"466\"><\/p>\n<h2>Typy lod\u00ed<\/h2>\n<h3><strong>Plachetnice<\/strong><\/h3>\n<p>Plachetnice jsou nejtradi\u010dn\u011bj\u0161\u00edm a nejromanti\u010dt\u011bj\u0161\u00edm zp\u016fsobem pozn\u00e1v\u00e1n\u00ed Jadersk\u00e9ho mo\u0159e a nab\u00edzej\u00ed klidnou a ekologickou plavbu. Jsou ide\u00e1ln\u00ed pro ty, kte\u0159\u00ed si cht\u011bj\u00ed vychutnat klid mo\u0159e a \u0161um\u011bn\u00ed v\u011btru v placht\u00e1ch.<\/p>\n<h3><strong>Katamar\u00e1ny<\/strong><\/h3>\n<p><a href=\"https:\/\/skippercity.com\/cs\/pronajem-katamaranu-chorvatsko\/\">Katamar\u00e1ny,<\/a> zn\u00e1m\u00e9 svou stabilitou a prostornost\u00ed, jsou obl\u00edbenou volbou pro rodiny a v\u011bt\u0161\u00ed skupiny. D\u00edky n\u011bkolika kajut\u00e1m a velk\u00e9mu prostoru na palub\u011b nab\u00edzej\u00ed pohodl\u00ed a luxus b\u011bhem plavby.<\/p>\n<h3><strong>Motorov\u00e9 \u010dluny<\/strong><\/h3>\n<p>Pokud tou\u017e\u00edte po rychlosti, je pro v\u00e1s vhodnou volbou motorov\u00fd \u010dlun. D\u00edky v\u00fdkonn\u00fdm motor\u016fm v\u00e1s tyto lod\u011b rychle doprav\u00ed z jednoho m\u00edsta ur\u010den\u00ed do druh\u00e9ho a umo\u017en\u00ed v\u00e1m p\u0159ekonat v\u011bt\u0161\u00ed vzd\u00e1lenost za krat\u0161\u00ed dobu.<\/p>\n<p><img decoding=\"async\" class=\"alignnone size-full wp-image-412396\" src=\"https:\/\/skippercity.com\/vsebina\/uploads\/catamaran-charter-croatia-1.jpg\" alt=\"katamar\u00e1n charter chorvatsko\" width=\"1920\" height=\"932\" srcset=\"https:\/\/skippercity.com\/vsebina\/uploads\/catamaran-charter-croatia-1.jpg 1920w, https:\/\/skippercity.com\/vsebina\/uploads\/catamaran-charter-croatia-1-768x373.jpg 768w, https:\/\/skippercity.com\/vsebina\/uploads\/catamaran-charter-croatia-1-1536x746.jpg 1536w, https:\/\/skippercity.com\/vsebina\/uploads\/catamaran-charter-croatia-1-700x340.jpg 700w\" sizes=\"(max-width: 1920px) 100vw, 1920px\" \/><\/p>\n<h2>Plavebn\u00ed oblasti<\/h2>\n<h3><strong>Rozd\u011blit<\/strong><\/h3>\n<p>Split je jednou z nejobl\u00edben\u011bj\u0161\u00edch jachta\u0159sk\u00fdch destinac\u00ed v Chorvatsku a nab\u00edz\u00ed dokonalou kombinaci historie, kultury a p\u0159\u00edrodn\u00edch kr\u00e1s. Ve Splitu si ka\u017ed\u00fd najde n\u011bco pro sebe &#8211; od starobyl\u00e9ho Diokleci\u00e1nova pal\u00e1ce a\u017e po n\u00e1dhern\u00e9 ostrovy Hvar a Vis.<\/p>\n<h3><strong>Zadar<\/strong><\/h3>\n<p>Zadar je okouzluj\u00edc\u00ed m\u011bsto s jedine\u010dnou sm\u011bsic\u00ed \u0159\u00edmsk\u00fdch, byzantsk\u00fdch a ben\u00e1tsk\u00fdch vliv\u016f, kter\u00e9 je ide\u00e1ln\u00ed pro prohl\u00eddku lod\u00ed. Nedalek\u00fd n\u00e1rodn\u00ed park Kornati je pro svou \u00fachvatnou krajinu a k\u0159i\u0161\u0165\u00e1lov\u011b \u010distou vodu nep\u0159ehl\u00e9dnuteln\u00fd.<\/p>\n<h3><strong>Trogir<\/strong><\/h3>\n<p>Trogir je zn\u00e1m\u00fd jako &#8222;Mal\u00e9 Ben\u00e1tky&#8220; Chorvatska a je zaps\u00e1n na seznamu sv\u011btov\u00e9ho d\u011bdictv\u00ed UNESCO, kter\u00e9 si nejl\u00e9pe prohl\u00e9dnete lod\u00ed. Trogir se sv\u00fdmi \u00fazk\u00fdmi uli\u010dkami, historick\u00fdmi budovami a malebn\u00fdm n\u00e1b\u0159e\u017e\u00edm je n\u00e1dhern\u00fdm m\u00edstem k objevov\u00e1n\u00ed.<\/p>\n<h3><strong>Dubrovn\u00edk<\/strong><\/h3>\n<p>Dubrovn\u00edk, kter\u00fd je zn\u00e1m\u00fd sv\u00fdmi st\u0159edov\u011bk\u00fdmi hradbami a \u00fa\u017easnou architekturou, je povinnou destinac\u00ed pro ka\u017ed\u00e9ho milovn\u00edka plavby. Nedalek\u00e9 ostrovy Elafiti nab\u00edzej\u00ed nedot\u010den\u00e9 pl\u00e1\u017ee a odlehl\u00e9 z\u00e1toky, kter\u00e9 jsou ide\u00e1ln\u00ed pro celodenn\u00ed odpo\u010dinek.<\/p>\n<h3><strong>\u0160ibenik<\/strong><\/h3>\n<p>\u0160ibenik se nach\u00e1z\u00ed v srdci Dalm\u00e1cie a je okouzluj\u00edc\u00edm m\u011bstem s bohatou histori\u00ed a \u00fachvatnou p\u0159\u00edrodou. Nedalek\u00fd n\u00e1rodn\u00ed park Krka je r\u00e1jem pro milovn\u00edky p\u0159\u00edrody s vodop\u00e1dy, jezery a bujn\u00fdmi lesy.<\/p>\n<p><img loading=\"lazy\" decoding=\"async\" class=\"alignnone size-full wp-image-412382\" src=\"https:\/\/skippercity.com\/vsebina\/uploads\/croatia-catamaran-charter.jpg\" alt=\"charter chorvatsk\u00fdch katamar\u00e1n\u016f\" width=\"1600\" height=\"900\" srcset=\"https:\/\/skippercity.com\/vsebina\/uploads\/croatia-catamaran-charter.jpg 1600w, https:\/\/skippercity.com\/vsebina\/uploads\/croatia-catamaran-charter-768x432.jpg 768w, https:\/\/skippercity.com\/vsebina\/uploads\/croatia-catamaran-charter-1536x864.jpg 1536w, https:\/\/skippercity.com\/vsebina\/uploads\/croatia-catamaran-charter-500x281.jpg 500w, https:\/\/skippercity.com\/vsebina\/uploads\/croatia-catamaran-charter-700x394.jpg 700w\" sizes=\"(max-width: 1600px) 100vw, 1600px\" \/><\/p>\n<h2>N\u00e1klady na pron\u00e1jem lod\u00ed v roce 2024<\/h2>\n<p>Cena pron\u00e1jmu lod\u00ed v Chorvatsku se li\u0161\u00ed v z\u00e1vislosti na typu lodi, velikosti lodi, d\u00e9lce pron\u00e1jmu a ro\u010dn\u00edm obdob\u00ed. Od roku 2024 se pr\u016fm\u011brn\u00e1 cena pron\u00e1jmu lodi bez pos\u00e1dky v Chorvatsku pohybuje kolem 2 000 a\u017e 4 000 eur za t\u00fdden u plachetnice, 3 000 a\u017e 6 000 eur za t\u00fdden u katamar\u00e1nu a 4 000 a\u017e 8 000 eur za t\u00fdden u motorov\u00e9ho \u010dlunu.<\/p>\n<p>Charterov\u00e9 plavby s kapit\u00e1nem a pos\u00e1dkou jsou dra\u017e\u0161\u00ed, ceny se pohybuj\u00ed od 5 000 do 15 000 eur za t\u00fdden za plachetnici, od 8 000 do 20 000 eur za t\u00fdden za katamar\u00e1n a od 10 000 do 30 000 eur za t\u00fdden za motorov\u00fd \u010dlun.<\/p>\n<p><img loading=\"lazy\" decoding=\"async\" class=\"alignnone size-full wp-image-412504\" src=\"https:\/\/skippercity.com\/vsebina\/uploads\/Mooring-and-Docking-Costs-in-Croatia-A-Comprehensive-Overview.jpg\" alt=\"N\u00e1klady na kotven\u00ed a dokov\u00e1n\u00ed v Chorvatsku Komplexn\u00ed p\u0159ehled\" width=\"1280\" height=\"853\" srcset=\"https:\/\/skippercity.com\/vsebina\/uploads\/Mooring-and-Docking-Costs-in-Croatia-A-Comprehensive-Overview.jpg 1280w, https:\/\/skippercity.com\/vsebina\/uploads\/Mooring-and-Docking-Costs-in-Croatia-A-Comprehensive-Overview-768x512.jpg 768w, https:\/\/skippercity.com\/vsebina\/uploads\/Mooring-and-Docking-Costs-in-Croatia-A-Comprehensive-Overview-700x466.jpg 700w\" sizes=\"(max-width: 1280px) 100vw, 1280px\" \/><\/p>\n<h2>Jak si pronajmout lo\u010f v Chorvatsku: N\u00e1vod krok za krokem<\/h2>\n<p>Chorvatsko je d\u00edky sv\u00e9mu n\u00e1dhern\u00e9mu pob\u0159e\u017e\u00ed, k\u0159i\u0161\u0165\u00e1lov\u011b \u010dist\u00e9 vod\u011b a tis\u00edc\u016fm ostrov\u016f ide\u00e1ln\u00ed destinac\u00ed pro milovn\u00edky placht\u011bn\u00ed. A\u0165 u\u017e jste zku\u0161en\u00fd n\u00e1mo\u0159n\u00edk, nebo za\u010d\u00e1te\u010dn\u00edk, pron\u00e1jem lodi v Chorvatsku je skv\u011bl\u00fd zp\u016fsob, jak prozkoumat Jadersk\u00e9 mo\u0159e a objevit skryt\u00e9 skvosty t\u00e9to zem\u011b. Zde najdete podrobn\u00fd n\u00e1vod, jak si v Chorvatsku pronajmout lo\u010f:<\/p>\n<h3>Ur\u010dete sv\u016fj rozpo\u010det a preference<\/h3>\n<p>Ne\u017e za\u010dnete hledat pron\u00e1jem lodi, je d\u016fle\u017eit\u00e9 ur\u010dit sv\u016fj rozpo\u010det a preference. Zva\u017ete velikost lodi, po\u010det kajut a po\u017eadovan\u00e9 vybaven\u00ed. Rozhodn\u011bte se, zda chcete charter s kapit\u00e1nem, charter s pos\u00e1dkou nebo pron\u00e1jem hol\u00e9 lodi.<\/p>\n<h3>V\u00fdb\u011br p\u016fj\u010dovny lod\u00ed<\/h3>\n<p>V Chorvatsku existuje n\u011bkolik p\u016fj\u010doven lod\u00ed, proto je nutn\u00e9 si ud\u011blat pr\u016fzkum a vybrat si renomovanou spole\u010dnost. P\u0159e\u010dt\u011bte si recenze, prohl\u00e9dn\u011bte si jejich flotilu lod\u00ed a informujte se o jejich slu\u017eb\u00e1ch. Mezi obl\u00edben\u00e9 p\u016fj\u010dovny lod\u00ed v Chorvatsku pat\u0159\u00ed SkipperCity, Sail Croatia, The Moorings, Dream Yacht Charter a NauticEd.<\/p>\n<h3>Vyberte si oblast plavby<\/h3>\n<p>Chorvatsko nab\u00edz\u00ed \u0159adu jachta\u0159sk\u00fdch oblast\u00ed, z nich\u017e ka\u017ed\u00e1 m\u00e1 sv\u00e9 jedine\u010dn\u00e9 kouzlo. Mezi obl\u00edben\u00e9 jachta\u0159sk\u00e9 oblasti v Chorvatsku pat\u0159\u00ed Split, Zadar, Trogir, Dubrovn\u00edk a \u0160ibenik. Zva\u017ete bl\u00edzkost oblasti plavby k po\u017eadovan\u00fdm destinac\u00edm, pov\u011btrnostn\u00ed podm\u00ednky a dostupnost m\u00edst pro kotven\u00ed.<\/p>\n<h3>Vyberte si typ lodi<\/h3>\n<p>Jakmile si vyberete oblast plavby, je \u010das vybrat typ lodi, kter\u00e1 nejl\u00e9pe vyhovuje va\u0161im pot\u0159eb\u00e1m. Plachetnice jsou ide\u00e1ln\u00ed pro romantickou a ekologickou plavbu, zat\u00edmco katamar\u00e1ny nab\u00edzej\u00ed stabilitu a prostornost, tak\u017ee jsou ide\u00e1ln\u00ed pro rodiny a v\u011bt\u0161\u00ed skupiny. Motorov\u00e9 \u010dluny jsou skv\u011bl\u00e9 pro ty, kte\u0159\u00ed cht\u011bj\u00ed p\u0159ekonat v\u011bt\u0161\u00ed vzd\u00e1lenost za krat\u0161\u00ed dobu.<\/p>\n<h3>Zkontrolujte dostupnost a rezervujte si lo\u010f<\/h3>\n<p>Po v\u00fdb\u011bru typu lodi zkontrolujte dostupnost lodi v po\u017eadovan\u00e9m term\u00ednu. V\u011bt\u0161ina p\u016fj\u010doven lod\u00ed m\u00e1 online rezerva\u010dn\u00ed syst\u00e9m, kter\u00fd usnad\u0148uje kontrolu dostupnosti a rezervaci. Nezapome\u0148te si lo\u010f rezervovat s dostate\u010dn\u00fdm p\u0159edstihem, zejm\u00e9na v hlavn\u00ed sez\u00f3n\u011b, proto\u017ee lod\u011b mohou b\u00fdt rychle obsazen\u00e9.<\/p>\n<h3>P\u0159e\u010dt\u011bte si smlouvu o pron\u00e1jmu a podm\u00ednky<\/h3>\n<p>P\u0159ed dokon\u010den\u00edm rezervace si pe\u010dliv\u011b prostudujte smlouvu o pron\u00e1jmu a podm\u00ednky. V\u011bnujte pozornost storno podm\u00ednk\u00e1m, po\u017eadavk\u016fm na z\u00e1lohu a p\u0159\u00edpadn\u00fdm dal\u0161\u00edm poplatk\u016fm. P\u0159ed podpisem se ujist\u011bte, \u017ee rozum\u00edte podm\u00ednk\u00e1m n\u00e1jemn\u00ed smlouvy.<\/p>\n<h3>P\u0159\u00edprava na cestu<\/h3>\n<p>Jakmile si zarezervujete pron\u00e1jem lodi, je \u010das za\u010d\u00edt se p\u0159ipravovat na cestu. Sestavte si seznam nezbytn\u00fdch v\u011bc\u00ed, jako jsou opalovac\u00ed kr\u00e9m, klobouky, slune\u010dn\u00ed br\u00fdle, plavky a ru\u010dn\u00edky. Nezapome\u0148te si s sebou vz\u00edt kvalifikaci pro plavbu a v\u0161echny pot\u0159ebn\u00e9 dokumenty, jako jsou pasy a v\u00edza.<\/p>\n<h2>Z\u00e1v\u011br<\/h2>\n<p>Chorvatsko nab\u00edz\u00ed jedny z nejkr\u00e1sn\u011bj\u0161\u00edch jachta\u0159sk\u00fdch destinac\u00ed na sv\u011bt\u011b a nen\u00ed lep\u0161\u00ed zp\u016fsob, jak je prozkoumat, ne\u017e na lodi. A\u0165 u\u017e hled\u00e1te odpo\u010dinkovou dovolenou, nebo dobrodru\u017enou plavbu, v Chorvatsku si ka\u017ed\u00fd najde to sv\u00e9.<\/p>\n<p>D\u00edky \u0161irok\u00e9 nab\u00eddce pron\u00e1jm\u016f lod\u00ed, jachta\u0159sk\u00fdch oblast\u00ed a charter\u016f si jist\u011b vyberete ide\u00e1ln\u00ed variantu pro sv\u00e9 dal\u0161\u00ed jachta\u0159sk\u00e9 dobrodru\u017estv\u00ed v Chorvatsku.<\/p>\n<h2>U\u017eijte si dobrodru\u017estv\u00ed na plachetnici<\/h2>\n<p>Kone\u010dn\u011b je \u010das vydat se na dobrodru\u017enou plavbu po Chorvatsku! V den pron\u00e1jmu se dostavte na z\u00e1kladnu p\u016fj\u010dovny lod\u00ed a setkejte se s person\u00e1lem, abyste se sezn\u00e1mili s funkcemi lodi a bezpe\u010dnostn\u00edmi postupy. Jakmile budete p\u0159ipraveni, vyplujte na mo\u0159e a prozkoumejte n\u00e1dhern\u00e9 chorvatsk\u00e9 pob\u0159e\u017e\u00ed, ostrovy a skryt\u00e9 z\u00e1toky. U\u017eijte si svobodu a flexibilitu plavby vlastn\u00edm tempem a z\u00edskejte vzpom\u00ednky, kter\u00e9 v\u00e1m z\u016fstanou na cel\u00fd \u017eivot.<\/p>\n<p>&#8211;<\/p>\n\t\t\t\t\t\t\t\t<\/div>\n\t\t\t\t<\/div>\n\t\t\t\t\t<\/div>\n\t\t<\/div>\n\t\t\t\t<div class=\"elementor-column elementor-col-25 elementor-top-column elementor-element elementor-element-15a73c22\" data-id=\"15a73c22\" data-element_type=\"column\" data-e-type=\"column\">\n\t\t\t<div class=\"elementor-widget-wrap elementor-element-populated\">\n\t\t\t\t\t\t<div class=\"elementor-element elementor-element-45b56144 elementor-widget elementor-widget-template\" data-id=\"45b56144\" data-element_type=\"widget\" data-e-type=\"widget\" data-widget_type=\"template.default\">\n\t\t\t\t<div class=\"elementor-widget-container\">\n\t\t\t\t\t\t\t<div class=\"elementor-template\">\n\t\t\t\t\t<div data-elementor-type=\"section\" data-elementor-id=\"77213\" class=\"elementor elementor-77213 elementor-76339\" data-elementor-post-type=\"elementor_library\">\n\t\t\t\t\t<section class=\"elementor-section elementor-inner-section elementor-element elementor-element-457e679b elementor-section-full_width elementor-section-height-min-height elementor-section-content-middle elementor-section-height-default\" data-id=\"457e679b\" data-element_type=\"section\" data-e-type=\"section\" data-settings=\"{&quot;background_background&quot;:&quot;classic&quot;}\">\n\t\t\t\t\t\t\t<div class=\"elementor-background-overlay\"><\/div>\n\t\t\t\t\t\t\t<div class=\"elementor-container elementor-column-gap-default\">\n\t\t\t\t\t<div class=\"elementor-column elementor-col-100 elementor-inner-column elementor-element elementor-element-33d83c77\" data-id=\"33d83c77\" data-element_type=\"column\" data-e-type=\"column\">\n\t\t\t<div class=\"elementor-widget-wrap elementor-element-populated\">\n\t\t\t\t\t\t<div class=\"elementor-element elementor-element-26c46f13 elementor-widget elementor-widget-text-editor\" data-id=\"26c46f13\" data-element_type=\"widget\" data-e-type=\"widget\" data-widget_type=\"text-editor.default\">\n\t\t\t\t<div class=\"elementor-widget-container\">\n\t\t\t\t\t\t\t\t\t<p style=\"text-align: center;\">Hled\u00e1te lo\u010f?<\/p>\n\t\t\t\t\t\t\t\t<\/div>\n\t\t\t\t<\/div>\n\t\t\t\t<div class=\"elementor-element elementor-element-7116d3fc elementor-align-center elementor-widget elementor-widget-button\" data-id=\"7116d3fc\" data-element_type=\"widget\" data-e-type=\"widget\" data-widget_type=\"button.default\">\n\t\t\t\t<div class=\"elementor-widget-container\">\n\t\t\t\t\t\t\t\t\t<div class=\"elementor-button-wrapper\">\n\t\t\t\t\t<a class=\"elementor-button elementor-button-link elementor-size-md\" href=\"https:\/\/skippercity.com\/cs\/ziskejte-nabidku-pronajem-jachty-chorvatsko\/\" target=\"_blank\">\n\t\t\t\t\t\t<span class=\"elementor-button-content-wrapper\">\n\t\t\t\t\t\t\t\t\t<span class=\"elementor-button-text\">Z\u00cdSKEJTE CENOVOU CENU ZDARMA<\/span>\n\t\t\t\t\t<\/span>\n\t\t\t\t\t<\/a>\n\t\t\t\t<\/div>\n\t\t\t\t\t\t\t\t<\/div>\n\t\t\t\t<\/div>\n\t\t\t\t\t<\/div>\n\t\t<\/div>\n\t\t\t\t\t<\/div>\n\t\t<\/section>\n\t\t\t\t<\/div>\n\t\t\t\t<\/div>\n\t\t\t\t\t\t<\/div>\n\t\t\t\t<\/div>\n\t\t\t\t\t<\/div>\n\t\t<\/div>\n\t\t\t\t\t<\/div>\n\t\t<\/section>\n\t\t\t\t<\/div>\n\t\t","protected":false},"excerpt":{"rendered":"<p>Obsah P\u016fj\u010dovna lod\u00ed v Chorvatsku Chorvatsko s n\u00e1dhern\u00fdm pob\u0159e\u017e\u00edm, k\u0159i\u0161\u0165\u00e1lov\u011b \u010distou vodou a tis\u00edci ostrovy je vysn\u011bnou destinac\u00ed pro ty, kte\u0159\u00ed hledaj\u00ed nezapomenuteln\u00e9 z\u00e1\u017eitky z plavby. A\u0165 u\u017e jste zku\u0161en\u00fd n\u00e1mo\u0159n\u00edk, nebo za\u010d\u00e1te\u010dn\u00edk, ur\u010dit\u011b si vyberete p\u016fj\u010dovnu lod\u00ed, kter\u00e1 bude vyhovovat va\u0161im pot\u0159eb\u00e1m. V tomto pr\u016fvodci se sezn\u00e1m\u00edme s r\u016fzn\u00fdmi typy pron\u00e1jm\u016f lod\u00ed v Chorvatsku, [&hellip;]<\/p>\n","protected":false},"author":2,"featured_media":71491,"parent":0,"menu_order":0,"comment_status":"closed","ping_status":"closed","template":"","meta":{"footnotes":""},"class_list":["post-71939","page","type-page","status-publish","has-post-thumbnail","hentry"],"_links":{"self":[{"href":"https:\/\/skippercity.com\/cs\/wp-json\/wp\/v2\/pages\/71939","targetHints":{"allow":["GET"]}}],"collection":[{"href":"https:\/\/skippercity.com\/cs\/wp-json\/wp\/v2\/pages"}],"about":[{"href":"https:\/\/skippercity.com\/cs\/wp-json\/wp\/v2\/types\/page"}],"author":[{"embeddable":true,"href":"https:\/\/skippercity.com\/cs\/wp-json\/wp\/v2\/users\/2"}],"replies":[{"embeddable":true,"href":"https:\/\/skippercity.com\/cs\/wp-json\/wp\/v2\/comments?post=71939"}],"version-history":[{"count":0,"href":"https:\/\/skippercity.com\/cs\/wp-json\/wp\/v2\/pages\/71939\/revisions"}],"wp:featuredmedia":[{"embeddable":true,"href":"https:\/\/skippercity.com\/cs\/wp-json\/wp\/v2\/media\/71491"}],"wp:attachment":[{"href":"https:\/\/skippercity.com\/cs\/wp-json\/wp\/v2\/media?parent=71939"}],"curies":[{"name":"wp","href":"https:\/\/api.w.org\/{rel}","templated":true}]}}