{"id":72130,"date":"2017-11-15T22:25:11","date_gmt":"2017-11-15T22:25:11","guid":{"rendered":"https:\/\/www.skippercity.com\/kontaktujte-nas\/"},"modified":"2025-03-22T22:25:07","modified_gmt":"2025-03-22T22:25:07","slug":"kontaktujte-nas","status":"publish","type":"page","link":"https:\/\/skippercity.com\/cs\/kontaktujte-nas\/","title":{"rendered":"Kontaktujte n\u00e1s"},"content":{"rendered":"\t\t<div data-elementor-type=\"wp-page\" data-elementor-id=\"72130\" class=\"elementor elementor-72130 elementor-1503\" data-elementor-post-type=\"page\">\n\t\t\t\t<div class=\"elementor-element elementor-element-5ee8829a e-con-full e-flex e-con e-parent\" data-id=\"5ee8829a\" data-element_type=\"container\" data-e-type=\"container\" data-settings=\"{&quot;background_background&quot;:&quot;classic&quot;}\">\n\t\t\t\t<div class=\"elementor-element elementor-element-29972400 elementor-widget elementor-widget-heading\" data-id=\"29972400\" data-element_type=\"widget\" data-e-type=\"widget\" data-widget_type=\"heading.default\">\n\t\t\t\t<div class=\"elementor-widget-container\">\n\t\t\t\t\t<h1 class=\"elementor-heading-title elementor-size-default\">Kontaktujte SkipperCity - Va\u0161eho odborn\u00edka na pron\u00e1jem jachet v Chorvatsku<\/h1>\t\t\t\t<\/div>\n\t\t\t\t<\/div>\n\t\t\t\t<\/div>\n\t\t<div class=\"elementor-element elementor-element-894d52f e-con-full e-flex e-con e-parent\" data-id=\"894d52f\" data-element_type=\"container\" data-e-type=\"container\">\n\t\t<div class=\"elementor-element elementor-element-382053af e-con-full e-flex e-con e-child\" data-id=\"382053af\" data-element_type=\"container\" data-e-type=\"container\">\n\t\t\t\t<div class=\"elementor-element elementor-element-5e2d7f0c elementor-widget-divider--view-line elementor-widget elementor-widget-divider\" data-id=\"5e2d7f0c\" data-element_type=\"widget\" data-e-type=\"widget\" data-widget_type=\"divider.default\">\n\t\t\t\t<div class=\"elementor-widget-container\">\n\t\t\t\t\t\t\t<div class=\"elementor-divider\">\n\t\t\t<span class=\"elementor-divider-separator\">\n\t\t\t\t\t\t<\/span>\n\t\t<\/div>\n\t\t\t\t\t\t<\/div>\n\t\t\t\t<\/div>\n\t\t\t\t<\/div>\n\t\t\t\t<\/div>\n\t\t<div class=\"elementor-element elementor-element-79de9934 e-con-full e-flex e-con e-parent\" data-id=\"79de9934\" data-element_type=\"container\" data-e-type=\"container\">\n\t\t<div class=\"elementor-element elementor-element-9241096 e-con-full e-flex e-con e-child\" data-id=\"9241096\" data-element_type=\"container\" data-e-type=\"container\">\n\t\t\t\t<div class=\"elementor-element elementor-element-a2c8bc7 elementor-widget elementor-widget-text-editor\" data-id=\"a2c8bc7\" data-element_type=\"widget\" data-e-type=\"widget\" data-widget_type=\"text-editor.default\">\n\t\t\t\t<div class=\"elementor-widget-container\">\n\t\t\t\t\t\t\t\t\t<p data-pm-slice=\"1 1 []\">Ve SkipperCity se specializujeme na vytv\u00e1\u0159en\u00ed nezapomenuteln\u00fdch z\u00e1\u017eitk\u016f z pron\u00e1jmu jachet v Chorvatsku. A\u0165 u\u017e jste p\u0159ipraveni vyplout, nebo m\u00e1te jen dotazy, n\u00e1\u0161 specializovan\u00fd t\u00fdm v\u00e1m pom\u016f\u017ee na ka\u017ed\u00e9m kroku. <\/p>\n<p>V\u011b\u0159\u00edme, \u017ee v\u00e1m poskytneme individu\u00e1ln\u00ed slu\u017eby, rychl\u00e9 reakce a odborn\u00e9 znalosti, aby va\u0161e dobrodru\u017estv\u00ed na plachetnici bylo bezprobl\u00e9mov\u00e9 a bez stresu.<\/p>\n<div>\n<hr>\n<\/div>\n<h2><strong>Spojte se s n\u00e1mi<\/strong><\/h2>\n<p>Budeme r\u00e1di, kdy\u017e se n\u00e1m ozvete! Kontaktujte n\u00e1s pomoc\u00ed kontaktn\u00edho formul\u00e1\u0159e n\u00ed\u017ee nebo se s n\u00e1mi spojte p\u0159\u00edmo e-mailem \u010di telefonicky. <\/p>\n<ul data-spread=\"false\">\n<li>\n<p><strong>Adresa kancel\u00e1\u0159e:<\/strong> 5 Secretary&#8217;s Lane, Gibraltar GX11 1AA.<\/p>\n<\/li>\n<li>\n<p><strong>Telefon:<\/strong> +386 40 873 520<\/p>\n<\/li>\n<li>\n<p><strong>E-mail:<\/strong> <a>info@skippercity.com<\/a><\/p>\n<\/li>\n<\/ul>\n<p><strong>Pracovn\u00ed doba:<\/strong><\/p>\n<ul data-spread=\"false\">\n<li>\n<p>Pond\u011bl\u00ed a\u017e p\u00e1tek: 9:00 &#8211; 18:00 (SE\u010c)<\/p>\n<\/li>\n<\/ul>\n<div>\n<hr>\n<\/div>\n<h2><strong>Pro\u010d si vybrat SkipperCity?<\/strong><\/h2>\n<ul data-spread=\"false\">\n<li>\n<p>V\u00edce ne\u017e 10 let zku\u0161enost\u00ed s pron\u00e1jmem jachet v Chorvatsku<\/p>\n<\/li>\n<li>\n<p>K dispozici jsou luxusn\u00ed jachty, katamar\u00e1ny a plachetnice<\/p>\n<\/li>\n<li>\n<p>P\u0159izp\u016fsoben\u00e9 plavebn\u00ed trasy s m\u00edstn\u00edmi odborn\u00fdmi znalostmi<\/p>\n<\/li>\n<li>\n<p>Specializovan\u00fd t\u00fdm z\u00e1kaznick\u00e9 podpory<\/p>\n<\/li>\n<\/ul>\n<div>\n<hr>\n<\/div>\n<h2>Obecn\u00e9 \u00fadaje o spole\u010dnosti<\/h2>\n<p><strong>N\u00e1zev spole\u010dnosti:<\/strong> Blackbird One Ltd.<\/p>\n<p><strong>S\u00eddlo spole\u010dnosti:<\/strong> 5 Secretary&#8217;s Lane, Gibraltar GX11 1AA.<\/p>\n<p><strong>\u010c\u00edslo spole\u010dnosti:<\/strong> 114712<\/p>\n<p><strong>\u010c\u00edslo DPH:<\/strong> GI665887<\/p>\n<p><strong>Typ spole\u010dnosti:<\/strong> Soukrom\u00e1 spole\u010dnost s ru\u010den\u00edm omezen\u00fdm<\/p>\n<p><strong>Datum zalo\u017een\u00ed:<\/strong> St\u0159eda 3. srpna 2016<\/p>\n<p><strong>Univerz\u00e1ln\u00ed k\u00f3d subjektu:<\/strong> 1218-0731-6129-3170<\/p>\n<hr class=\"\" data-start=\"1818\" data-end=\"1821\">\n\t\t\t\t\t\t\t\t<\/div>\n\t\t\t\t<\/div>\n\t\t\t\t<div class=\"elementor-element elementor-element-1eacc25 elementor-widget elementor-widget-text-editor\" data-id=\"1eacc25\" data-element_type=\"widget\" data-e-type=\"widget\" data-widget_type=\"text-editor.default\">\n\t\t\t\t<div class=\"elementor-widget-container\">\n\t\t\t\t\t\t\t\t\t<h2>Zde je snadn\u00fd zp\u016fsob, jak n\u00e1s kontaktovat<\/h2>\n<p>Vypl\u0148te n\u00ed\u017ee uveden\u00fd formul\u00e1\u0159 a my se v\u00e1m co nejd\u0159\u00edve ozveme.<\/p>\n<p><em data-start=\"1097\" data-end=\"1136\">Obvykle odpov\u00edd\u00e1me do 24 hodin.<\/em><\/p>\n\t\t\t\t\t\t\t\t<\/div>\n\t\t\t\t<\/div>\n\t\t\t\t<div class=\"elementor-element elementor-element-edcfc63 elementor-button-align-end elementor-widget elementor-widget-form\" data-id=\"edcfc63\" data-element_type=\"widget\" data-e-type=\"widget\" data-settings=\"{&quot;step_next_label&quot;:&quot;dal\\u0161\\u00ed&quot;,&quot;step_previous_label&quot;:&quot;P\\u0159edchoz\\u00ed&quot;,&quot;button_width&quot;:&quot;100&quot;,&quot;step_type&quot;:&quot;number_text&quot;,&quot;step_icon_shape&quot;:&quot;circle&quot;}\" data-widget_type=\"form.default\">\n\t\t\t\t<div class=\"elementor-widget-container\">\n\t\t\t\t\t\t\t<form class=\"elementor-form\" method=\"post\" name=\"Kontaktujte n\u00e1s\" aria-label=\"Kontaktujte n\u00e1s\">\n\t\t\t<input type=\"hidden\" name=\"post_id\" value=\"72130\"\/>\n\t\t\t<input type=\"hidden\" name=\"form_id\" value=\"edcfc63\"\/>\n\t\t\t<input type=\"hidden\" name=\"referer_title\" value=\"Kontakt SkipperCity | Odborn\u00e9 pron\u00e1jmy jachet v Chorvatsku\" \/>\n\n\t\t\t\t\t\t\t<input type=\"hidden\" name=\"queried_id\" value=\"72130\"\/>\n\t\t\t\n\t\t\t<div class=\"elementor-form-fields-wrapper elementor-labels-above\">\n\t\t\t\t\t\t\t\t<div class=\"elementor-field-type-text elementor-field-group elementor-column elementor-field-group-name elementor-col-50 elementor-field-required elementor-mark-required\">\n\t\t\t\t\t\t\t\t\t\t\t\t\t<input size=\"1\" type=\"text\" name=\"form_fields[name]\" id=\"form-field-name\" class=\"elementor-field elementor-size-md  elementor-field-textual\" placeholder=\"Va\u0161e cel\u00e9 jm\u00e9no\" required=\"required\">\n\t\t\t\t\t\t\t\t\t\t\t<\/div>\n\t\t\t\t\t\t\t\t<div class=\"elementor-field-type-email elementor-field-group elementor-column elementor-field-group-email elementor-col-50 elementor-field-required elementor-mark-required\">\n\t\t\t\t\t\t\t\t\t\t\t\t\t<input size=\"1\" type=\"email\" name=\"form_fields[email]\" id=\"form-field-email\" class=\"elementor-field elementor-size-md  elementor-field-textual\" placeholder=\"Tv\u016fj e-mail\" required=\"required\">\n\t\t\t\t\t\t\t\t\t\t\t<\/div>\n\t\t\t\t\t\t\t\t<div class=\"elementor-field-type-textarea elementor-field-group elementor-column elementor-field-group-message elementor-col-100 elementor-field-required elementor-mark-required\">\n\t\t\t\t\t<textarea class=\"elementor-field-textual elementor-field  elementor-size-md\" name=\"form_fields[message]\" id=\"form-field-message\" rows=\"4\" placeholder=\"Jak v\u00e1m m\u016f\u017eeme pomoci?\" required=\"required\"><\/textarea>\t\t\t\t<\/div>\n\t\t\t\t\t\t\t\t<div class=\"elementor-field-type-recaptcha_v3 elementor-field-group elementor-column elementor-field-group-field_5be8171 elementor-col-100 recaptcha_v3-bottomright\">\n\t\t\t\t\t<div class=\"elementor-field\" id=\"form-field-field_5be8171\"><div class=\"elementor-g-recaptcha\" data-sitekey=\"6LfHt6kZAAAAANj-dshT1u2Pnh9JOR8ReW8dzxG1\" data-type=\"v3\" data-action=\"Form\" data-badge=\"bottomright\" data-size=\"invisible\"><\/div><\/div>\t\t\t\t<\/div>\n\t\t\t\t\t\t\t\t<div class=\"elementor-field-group elementor-column elementor-field-type-submit elementor-col-100 e-form__buttons\">\n\t\t\t\t\t<button class=\"elementor-button elementor-size-sm\" type=\"submit\">\n\t\t\t\t\t\t<span class=\"elementor-button-content-wrapper\">\n\t\t\t\t\t\t\t\t\t\t\t\t\t\t\t\t\t\t\t\t\t\t<span class=\"elementor-button-text\">Poslat<\/span>\n\t\t\t\t\t\t\t\t\t\t\t\t\t<\/span>\n\t\t\t\t\t<\/button>\n\t\t\t\t<\/div>\n\t\t\t<\/div>\n\t\t<\/form>\n\t\t\t\t\t\t<\/div>\n\t\t\t\t<\/div>\n\t\t\t\t<\/div>\n\t\t<div class=\"elementor-element elementor-element-7ae4eb58 e-con-full e-flex e-con e-child\" data-id=\"7ae4eb58\" data-element_type=\"container\" data-e-type=\"container\">\n\t\t\t\t<div class=\"elementor-element elementor-element-3ef887c6 elementor-widget elementor-widget-template\" data-id=\"3ef887c6\" data-element_type=\"widget\" data-e-type=\"widget\" data-widget_type=\"template.default\">\n\t\t\t\t<div class=\"elementor-widget-container\">\n\t\t\t\t\t\t\t<div class=\"elementor-template\">\n\t\t\t\t\t<div data-elementor-type=\"section\" data-elementor-id=\"77213\" class=\"elementor elementor-77213 elementor-76339\" data-elementor-post-type=\"elementor_library\">\n\t\t\t\t\t<section class=\"elementor-section elementor-inner-section elementor-element elementor-element-457e679b elementor-section-full_width elementor-section-height-min-height elementor-section-content-middle elementor-section-height-default\" data-id=\"457e679b\" data-element_type=\"section\" data-e-type=\"section\" data-settings=\"{&quot;background_background&quot;:&quot;classic&quot;}\">\n\t\t\t\t\t\t\t<div class=\"elementor-background-overlay\"><\/div>\n\t\t\t\t\t\t\t<div class=\"elementor-container elementor-column-gap-default\">\n\t\t\t\t\t<div class=\"elementor-column elementor-col-100 elementor-inner-column elementor-element elementor-element-33d83c77\" data-id=\"33d83c77\" data-element_type=\"column\" data-e-type=\"column\">\n\t\t\t<div class=\"elementor-widget-wrap elementor-element-populated\">\n\t\t\t\t\t\t<div class=\"elementor-element elementor-element-26c46f13 elementor-widget elementor-widget-text-editor\" data-id=\"26c46f13\" data-element_type=\"widget\" data-e-type=\"widget\" data-widget_type=\"text-editor.default\">\n\t\t\t\t<div class=\"elementor-widget-container\">\n\t\t\t\t\t\t\t\t\t<p style=\"text-align: center;\">Hled\u00e1te lo\u010f?<\/p>\n\t\t\t\t\t\t\t\t<\/div>\n\t\t\t\t<\/div>\n\t\t\t\t<div class=\"elementor-element elementor-element-7116d3fc elementor-align-center elementor-widget elementor-widget-button\" data-id=\"7116d3fc\" data-element_type=\"widget\" data-e-type=\"widget\" data-widget_type=\"button.default\">\n\t\t\t\t<div class=\"elementor-widget-container\">\n\t\t\t\t\t\t\t\t\t<div class=\"elementor-button-wrapper\">\n\t\t\t\t\t<a class=\"elementor-button elementor-button-link elementor-size-md\" href=\"https:\/\/skippercity.com\/cs\/ziskejte-nabidku-pronajem-jachty-chorvatsko\/\" target=\"_blank\">\n\t\t\t\t\t\t<span class=\"elementor-button-content-wrapper\">\n\t\t\t\t\t\t\t\t\t<span class=\"elementor-button-text\">Z\u00cdSKEJTE CENOVOU CENU ZDARMA<\/span>\n\t\t\t\t\t<\/span>\n\t\t\t\t\t<\/a>\n\t\t\t\t<\/div>\n\t\t\t\t\t\t\t\t<\/div>\n\t\t\t\t<\/div>\n\t\t\t\t\t<\/div>\n\t\t<\/div>\n\t\t\t\t\t<\/div>\n\t\t<\/section>\n\t\t\t\t<\/div>\n\t\t\t\t<\/div>\n\t\t\t\t\t\t<\/div>\n\t\t\t\t<\/div>\n\t\t\t\t<\/div>\n\t\t\t\t<\/div>\n\t\t\t\t<\/div>\n\t\t","protected":false},"excerpt":{"rendered":"<p>SkipperCity je v\u00e1\u0161 spolehliv\u00fd partner pro nezapomenuteln\u00e9 pron\u00e1jmy jachet v Chorvatsku. D\u00edky desetilet\u00fdm zku\u0161enostem, v\u00fdjime\u010dn\u00e9mu z\u00e1kaznick\u00e9mu servisu a individu\u00e1ln\u00edm jachta\u0159sk\u00fdm itiner\u00e1\u0159\u016fm jsme tu, abychom v\u00e1m pomohli vytvo\u0159it dokonalou dovolenou na plachetnici pod\u00e9l n\u00e1dhern\u00e9ho pob\u0159e\u017e\u00ed Jadranu. <\/p>\n","protected":false},"author":2,"featured_media":71491,"parent":0,"menu_order":0,"comment_status":"closed","ping_status":"closed","template":"","meta":{"footnotes":""},"class_list":["post-72130","page","type-page","status-publish","has-post-thumbnail","hentry"],"_links":{"self":[{"href":"https:\/\/skippercity.com\/cs\/wp-json\/wp\/v2\/pages\/72130","targetHints":{"allow":["GET"]}}],"collection":[{"href":"https:\/\/skippercity.com\/cs\/wp-json\/wp\/v2\/pages"}],"about":[{"href":"https:\/\/skippercity.com\/cs\/wp-json\/wp\/v2\/types\/page"}],"author":[{"embeddable":true,"href":"https:\/\/skippercity.com\/cs\/wp-json\/wp\/v2\/users\/2"}],"replies":[{"embeddable":true,"href":"https:\/\/skippercity.com\/cs\/wp-json\/wp\/v2\/comments?post=72130"}],"version-history":[{"count":0,"href":"https:\/\/skippercity.com\/cs\/wp-json\/wp\/v2\/pages\/72130\/revisions"}],"wp:featuredmedia":[{"embeddable":true,"href":"https:\/\/skippercity.com\/cs\/wp-json\/wp\/v2\/media\/71491"}],"wp:attachment":[{"href":"https:\/\/skippercity.com\/cs\/wp-json\/wp\/v2\/media?parent=72130"}],"curies":[{"name":"wp","href":"https:\/\/api.w.org\/{rel}","templated":true}]}}