{"id":73723,"date":"2021-02-24T10:28:05","date_gmt":"2021-02-24T10:28:05","guid":{"rendered":"https:\/\/www.skippercity.com\/chorvatske-papirove-navigacni-mapy-a-autorizovani-distributori-publikaci\/"},"modified":"2025-03-06T21:09:50","modified_gmt":"2025-03-06T21:09:50","slug":"chorvatske-papirove-navigacni-mapy-a-autorizovani-distributori-publikaci","status":"publish","type":"page","link":"https:\/\/skippercity.com\/cs\/chorvatske-papirove-navigacni-mapy-a-autorizovani-distributori-publikaci\/","title":{"rendered":"Chorvatsk\u00e9 pap\u00edrov\u00e9 naviga\u010dn\u00ed mapy a autorizovan\u00ed distributo\u0159i publikac\u00ed"},"content":{"rendered":"\t\t<div data-elementor-type=\"wp-page\" data-elementor-id=\"73723\" class=\"elementor elementor-73723 elementor-73594\" data-elementor-post-type=\"page\">\n\t\t\t\t\t\t<section class=\"elementor-section elementor-top-section elementor-element elementor-element-1ce8aec elementor-section-stretched elementor-section-full_width elementor-section-height-default elementor-section-height-default\" data-id=\"1ce8aec\" data-element_type=\"section\" data-e-type=\"section\" data-settings=\"{&quot;background_background&quot;:&quot;classic&quot;,&quot;stretch_section&quot;:&quot;section-stretched&quot;}\">\n\t\t\t\t\t\t\t<div class=\"elementor-background-overlay\"><\/div>\n\t\t\t\t\t\t\t<div class=\"elementor-container elementor-column-gap-default\">\n\t\t\t\t\t<div class=\"elementor-column elementor-col-33 elementor-top-column elementor-element elementor-element-30532ae8\" data-id=\"30532ae8\" data-element_type=\"column\" data-e-type=\"column\">\n\t\t\t<div class=\"elementor-widget-wrap\">\n\t\t\t\t\t\t\t<\/div>\n\t\t<\/div>\n\t\t\t\t<div class=\"elementor-column elementor-col-33 elementor-top-column elementor-element elementor-element-4cad9155\" data-id=\"4cad9155\" data-element_type=\"column\" data-e-type=\"column\">\n\t\t\t<div class=\"elementor-widget-wrap elementor-element-populated\">\n\t\t\t\t\t\t<div class=\"elementor-element elementor-element-50ef1a12 elementor-widget elementor-widget-heading\" data-id=\"50ef1a12\" data-element_type=\"widget\" data-e-type=\"widget\" data-widget_type=\"heading.default\">\n\t\t\t\t<div class=\"elementor-widget-container\">\n\t\t\t\t\t<h3 class=\"elementor-heading-title elementor-size-default\">Chorvatsk\u00e9 n\u00e1mo\u0159n\u00ed mapy<\/h3>\t\t\t\t<\/div>\n\t\t\t\t<\/div>\n\t\t\t\t<div class=\"elementor-element elementor-element-199a540a elementor-widget-divider--view-line elementor-widget elementor-widget-divider\" data-id=\"199a540a\" data-element_type=\"widget\" data-e-type=\"widget\" data-widget_type=\"divider.default\">\n\t\t\t\t<div class=\"elementor-widget-container\">\n\t\t\t\t\t\t\t<div class=\"elementor-divider\">\n\t\t\t<span class=\"elementor-divider-separator\">\n\t\t\t\t\t\t<\/span>\n\t\t<\/div>\n\t\t\t\t\t\t<\/div>\n\t\t\t\t<\/div>\n\t\t\t\t<div class=\"elementor-element elementor-element-5a792ade elementor-widget elementor-widget-heading\" data-id=\"5a792ade\" data-element_type=\"widget\" data-e-type=\"widget\" data-widget_type=\"heading.default\">\n\t\t\t\t<div class=\"elementor-widget-container\">\n\t\t\t\t\t<h1 class=\"elementor-heading-title elementor-size-default\"><a href=\"https:\/\/www.hhi.hr\/en\/products-and-services\/where-to-buy\" target=\"_blank\" rel=\"noopener noreferrer\">autorizovan\u00ed distributo\u0159i<\/a><\/h1>\t\t\t\t<\/div>\n\t\t\t\t<\/div>\n\t\t\t\t\t<\/div>\n\t\t<\/div>\n\t\t\t\t<div class=\"elementor-column elementor-col-33 elementor-top-column elementor-element elementor-element-64f808b4\" data-id=\"64f808b4\" data-element_type=\"column\" data-e-type=\"column\">\n\t\t\t<div class=\"elementor-widget-wrap\">\n\t\t\t\t\t\t\t<\/div>\n\t\t<\/div>\n\t\t\t\t\t<\/div>\n\t\t<\/section>\n\t\t\t\t<section class=\"elementor-section elementor-top-section elementor-element elementor-element-4e7e9bb9 elementor-section-full_width elementor-section-height-default elementor-section-height-default\" data-id=\"4e7e9bb9\" data-element_type=\"section\" data-e-type=\"section\">\n\t\t\t\t\t\t<div class=\"elementor-container elementor-column-gap-default\">\n\t\t\t\t\t<div class=\"elementor-column elementor-col-25 elementor-top-column elementor-element elementor-element-b802a37\" data-id=\"b802a37\" data-element_type=\"column\" data-e-type=\"column\">\n\t\t\t<div class=\"elementor-widget-wrap elementor-element-populated\">\n\t\t\t\t\t\t<div class=\"elementor-element elementor-element-3bd125f4 elementor-toc--minimized-on-tablet elementor-widget elementor-widget-table-of-contents\" data-id=\"3bd125f4\" data-element_type=\"widget\" data-e-type=\"widget\" data-settings=\"{&quot;exclude_headings_by_selector&quot;:[],&quot;marker_view&quot;:&quot;bullets&quot;,&quot;headings_by_tags&quot;:[&quot;h2&quot;,&quot;h3&quot;,&quot;h4&quot;,&quot;h5&quot;,&quot;h6&quot;],&quot;icon&quot;:{&quot;value&quot;:&quot;fas fa-circle&quot;,&quot;library&quot;:&quot;fa-solid&quot;,&quot;rendered_tag&quot;:&quot;&lt;svg class=\\&quot;e-font-icon-svg e-fas-circle\\&quot; viewBox=\\&quot;0 0 512 512\\&quot; xmlns=\\&quot;http:\\\/\\\/www.w3.org\\\/2000\\\/svg\\&quot;&gt;&lt;path d=\\&quot;M256 8C119 8 8 119 8 256s111 248 248 248 248-111 248-248S393 8 256 8z\\&quot;&gt;&lt;\\\/path&gt;&lt;\\\/svg&gt;&quot;},&quot;no_headings_message&quot;:&quot;No headings were found on this page.&quot;,&quot;minimize_box&quot;:&quot;yes&quot;,&quot;minimized_on&quot;:&quot;tablet&quot;,&quot;hierarchical_view&quot;:&quot;yes&quot;,&quot;min_height&quot;:{&quot;unit&quot;:&quot;px&quot;,&quot;size&quot;:&quot;&quot;,&quot;sizes&quot;:[]},&quot;min_height_tablet&quot;:{&quot;unit&quot;:&quot;px&quot;,&quot;size&quot;:&quot;&quot;,&quot;sizes&quot;:[]},&quot;min_height_mobile&quot;:{&quot;unit&quot;:&quot;px&quot;,&quot;size&quot;:&quot;&quot;,&quot;sizes&quot;:[]}}\" data-widget_type=\"table-of-contents.default\">\n\t\t\t\t<div class=\"elementor-widget-container\">\n\t\t\t\t\t\t\t\t\t<div class=\"elementor-toc__header\">\n\t\t\t\t\t\t<h4 class=\"elementor-toc__header-title\">\n\t\t\t\tObsah\t\t\t<\/h4>\n\t\t\t\t\t\t\t\t\t\t<div class=\"elementor-toc__toggle-button elementor-toc__toggle-button--expand\" role=\"button\" tabindex=\"0\" aria-controls=\"elementor-toc__3bd125f4\" aria-expanded=\"true\" aria-label=\"Open table of contents\"><svg aria-hidden=\"true\" class=\"e-font-icon-svg e-fas-chevron-down\" viewBox=\"0 0 448 512\" xmlns=\"http:\/\/www.w3.org\/2000\/svg\"><path d=\"M207.029 381.476L12.686 187.132c-9.373-9.373-9.373-24.569 0-33.941l22.667-22.667c9.357-9.357 24.522-9.375 33.901-.04L224 284.505l154.745-154.021c9.379-9.335 24.544-9.317 33.901.04l22.667 22.667c9.373 9.373 9.373 24.569 0 33.941L240.971 381.476c-9.373 9.372-24.569 9.372-33.942 0z\"><\/path><\/svg><\/div>\n\t\t\t\t<div class=\"elementor-toc__toggle-button elementor-toc__toggle-button--collapse\" role=\"button\" tabindex=\"0\" aria-controls=\"elementor-toc__3bd125f4\" aria-expanded=\"true\" aria-label=\"Close table of contents\"><svg aria-hidden=\"true\" class=\"e-font-icon-svg e-fas-chevron-up\" viewBox=\"0 0 448 512\" xmlns=\"http:\/\/www.w3.org\/2000\/svg\"><path d=\"M240.971 130.524l194.343 194.343c9.373 9.373 9.373 24.569 0 33.941l-22.667 22.667c-9.357 9.357-24.522 9.375-33.901.04L224 227.495 69.255 381.516c-9.379 9.335-24.544 9.317-33.901-.04l-22.667-22.667c-9.373-9.373-9.373-24.569 0-33.941L207.03 130.525c9.372-9.373 24.568-9.373 33.941-.001z\"><\/path><\/svg><\/div>\n\t\t\t\t\t<\/div>\n\t\t\t\t<div id=\"elementor-toc__3bd125f4\" class=\"elementor-toc__body\">\n\t\t\t<div class=\"elementor-toc__spinner-container\">\n\t\t\t\t<svg class=\"elementor-toc__spinner eicon-animation-spin e-font-icon-svg e-eicon-loading\" aria-hidden=\"true\" viewBox=\"0 0 1000 1000\" xmlns=\"http:\/\/www.w3.org\/2000\/svg\"><path d=\"M500 975V858C696 858 858 696 858 500S696 142 500 142 142 304 142 500H25C25 237 238 25 500 25S975 237 975 500 763 975 500 975Z\"><\/path><\/svg>\t\t\t<\/div>\n\t\t<\/div>\n\t\t\t\t\t\t<\/div>\n\t\t\t\t<\/div>\n\t\t\t\t\t<\/div>\n\t\t<\/div>\n\t\t\t\t<div class=\"elementor-column elementor-col-50 elementor-top-column elementor-element elementor-element-47f34465\" data-id=\"47f34465\" data-element_type=\"column\" data-e-type=\"column\">\n\t\t\t<div class=\"elementor-widget-wrap elementor-element-populated\">\n\t\t\t\t\t\t<div class=\"elementor-element elementor-element-9df50af elementor-widget elementor-widget-text-editor\" data-id=\"9df50af\" data-element_type=\"widget\" data-e-type=\"widget\" data-widget_type=\"text-editor.default\">\n\t\t\t\t<div class=\"elementor-widget-container\">\n\t\t\t\t\t\t\t\t\t<p>Pap\u00edrov\u00e9 mapy a publikace HHI jsou k dispozici k zakoupen\u00ed u autorizovan\u00fdch distributor\u016f.<\/p>\n<p>Pokud hled\u00e1te koupit pap\u00edrov\u00e9 n\u00e1mo\u0159n\u00ed mapy v Chorvatsku, kontaktujte autorizovan\u00e9 distributory.<\/p>\n\t\t\t\t\t\t\t\t<\/div>\n\t\t\t\t<\/div>\n\t\t\t\t<div class=\"elementor-element elementor-element-d487c8d elementor-widget elementor-widget-text-editor\" data-id=\"d487c8d\" data-element_type=\"widget\" data-e-type=\"widget\" data-widget_type=\"text-editor.default\">\n\t\t\t\t<div class=\"elementor-widget-container\">\n\t\t\t\t\t\t\t\t\t<\/p>\n<table class=\"table\">\n<thead>\n<tr>\n<td>\n  <strong>N\u00e1zev<\/strong>\n<\/td>\n<td>\n  <strong>Adresa<\/strong>\n<\/td>\n<td>\n  <strong>E-mail \/ Web<\/strong>\n<\/td>\n<td style=\"min-width: 160px;\">\n  <strong>Tel \/ Fax<\/strong>\n<\/td>\n<\/tr>\n<\/thead>\n<tbody>\n<tr>Marina Stores www.marinastores.hr <\/tr>\n<tr>\n<td>&#8211; Marina Stores, Z\u00e1h\u0159eb<\/td>\n<td> Cvjetna cesta 11<br \/> 10 000 Z\u00e1h\u0159eb<br \/> Hrvatska<\/td>\n<td><a href=\"mailto:zagreb@lalizas.com\"> zagreb@lalizas.com<\/a><br \/><a href=\"https:\/\/www.marinastores.hr\/\" target=\"_blank\" rel=\"noopener\"> www.marinastores.hr<\/a><\/td>\n<td> +385 (0) 1 6183 342<br \/> +385 (0) 1 6183 341<\/td>\n<\/tr>\n<tr>\n<td>&#8211; Marina Stores, \u0160ibenik<\/td>\n<td> Obala dr. Franje Tu\u0111mana 2<br \/> 22000 \u0160ibenik<br \/> Hrvatska<\/td>\n<td><a href=\"mailto:sibenik@lalizas.com\"> sibenik@lalizas.com<\/a><br \/><a href=\"https:\/\/www.marinastores.hr\/\" target=\"_blank\" rel=\"noopener\"> www.marinastores.hr<\/a><\/td>\n<td> +385 (0) 22 212268<br \/> +385 (0) 22 212268<\/td>\n<\/tr>\n<tr>\n<td>&#8211; Marina Stores, Dubrovn\u00edk<\/td>\n<td> Na Skali 4<br \/> 20236 Moko\u0161ica-Dubrovnik<br \/> Hrvatska<\/td>\n<td><a href=\"mailto:dubrovnik@lalizas.com\"> dubrovnik@lalizas.com<\/a><br \/><a href=\"https:\/\/www.marinastores.hr\/\" target=\"_blank\" rel=\"noopener\"> www.marinastores.hr<\/a><\/td>\n<td> +385 (0) 20 454073<br \/> +385 (0) 20 454073<\/td>\n<\/tr>\n<tr>\n<td>&#8211; Marina Stores, Pula<\/td>\n<td> Riva 14<br \/> 52000 Pula<br \/> Hrvatska<\/td>\n<td><a href=\"mailto:pula@lalizas.com\"> pula@lalizas.com<\/a><br \/><a href=\"https:\/\/www.marinastores.hr\/\" target=\"_blank\" rel=\"noopener\"> www.marinastores.hr<\/a><\/td>\n<td> +385 (0) 52 210904<br \/> +385 (0) 52 210904<\/td>\n<\/tr>\n<tr>\n<td>&#8211; Marina Stores, Rijeka<\/td>\n<td> M. Bara\u010da 3<br \/> 51000 Rijeka<br \/> Hrvatska<\/td>\n<td><a href=\"mailto:rijeka@lalizas.com\"> rijeka@lalizas.com<\/a><br \/><a href=\"https:\/\/www.marinastores.hr\/\" target=\"_blank\" rel=\"noopener\"> www.marinastores.hr<\/a><\/td>\n<td> +385 (0) 51 343173<br \/> +385 (0) 51 343173<\/td>\n<\/tr>\n<tr>\n<td>&#8211; Marina Stores, Zadar<\/td>\n<td> Franka Lisice 91<br \/> 23000 Zadar<br \/> Hrvatska<\/td>\n<td><a href=\"mailto:zadar@lalizas.com\"> zadar@lalizas.com<\/a><br \/><a href=\"https:\/\/www.marinastores.hr\/\" target=\"_blank\" rel=\"noopener\"> www.marinastores.hr<\/a><\/td>\n<td> +385 (0) 23 302147<br \/> +385 (0) 23 302147<\/td>\n<\/tr>\n<tr>\n<td>&#8211; Marina Stores, Makarska<\/td>\n<td> Kralja Zvonimira 3<br \/> 21300 Makarska<br \/> Hrvatska<\/td>\n<td><a href=\"mailto:makarska@lalizas.com\"> makarska@lalizas.com<\/a><br \/><a href=\"https:\/\/www.marinastores.hr\/\" target=\"_blank\" rel=\"noopener\"> www.marinastores.hr<\/a><\/td>\n<td> +385 (0) 21 679389<br \/> +385 (0) 21 679389<\/td>\n<\/tr>\n<tr>\n<td>&#8211; Marina Stores, Dubrovnik, Gru\u017e<\/td>\n<td> Obala Pape Ivana Pavla II<br \/> 20000 Dubrovn\u00edk<br \/> Hrvatska<\/td>\n<td><a href=\"mailto:gruz@lalizas.com\"> gruz@lalizas.com<\/a><br \/><a href=\"https:\/\/www.marinastores.hr\/\" target=\"_blank\" rel=\"noopener\"> www.marinastores.hr<\/a><\/td>\n<td> +385 (0) 20 313063<br \/> +385 (0) 20 313063<\/td>\n<\/tr>\n<tr>\n<td>&#8211; Marina Stores, Biograd na Moru<\/td>\n<td> Kralja Petra Sva\u010di\u0107a 14<br \/> 23210 Biograd na Moru<br \/> Hrvatska<\/td>\n<td><a href=\"mailto:biograd@lalizas.com\"> biograd@lalizas.com<\/a><br \/><a href=\"https:\/\/www.marinastores.hr\/\" target=\"_blank\" rel=\"noopener\"> www.marinastores.hr<\/a><\/td>\n<td> +385 (0) 23 700866<br \/> +385 (0) 23 700866<\/td>\n<\/tr>\n<tr>\n<td>&#8211; Marina Stores, Trogir<\/td>\n<td> Dejte Cumbrijanu 22<br \/> 21220 Trogir<br \/> Hrvatska<\/td>\n<td><a href=\"mailto:trogir@lalizas.com\"> trogir@lalizas.com<\/a><br \/><a href=\"https:\/\/www.marinastores.hr\/\" target=\"_blank\" rel=\"noopener\"> www.marinastores.hr<\/a><\/td>\n<td> +385 (0) 21 883031<br \/> +385 (0) 21 883031<\/td>\n<\/tr>\n<tr>\n<td>&#8211; Marina Stores, Vodice<\/td>\n<td> Artina bb<br \/> 22211 Vodice<br \/> Hrvatska<\/td>\n<td><a href=\"mailto:vodice@lalizas.com\"> vodice@lalizas.com<\/a><br \/><a href=\"https:\/\/www.marinastores.hr\/\" target=\"_blank\" rel=\"noopener\"> www.marinastores.hr<\/a><\/td>\n<td> +385 (0) 22 247544<br \/> +385 (0) 22 247544<\/td>\n<\/tr>\n<tr>\n<td>&#8211; Marina Stores, Split<\/td>\n<td> Lova\u010dki dal 1<br \/> 21000 Split<br \/> Hrvatska<\/td>\n<td><a href=\"mailto:split@lalizas.com\"> split@lalizas.com<\/a><br \/><a href=\"https:\/\/www.marinastores.hr\/\" target=\"_blank\" rel=\"noopener\"> www.marinastores.hr<\/a><\/td>\n<td> +385 (0) 21 566683<br \/> +385 (0) 21 566683<\/td>\n<\/tr>\n<tr>\n<td>Dominovi\u0107, Z\u00e1h\u0159eb<\/td>\n<td> Hrvatske bratske zajednice 4<br \/> zgrada NSK<br \/> 10001 Z\u00e1h\u0159eb<br \/> Hrvatska<\/td>\n<td><a href=\"mailto:dominovic@dominovic.hr\"> dominovic@dominovic.hr<\/a><br \/><a title=\"www.knjizara-dominovic.hr\" href=\"https:\/\/www.knjizara-dominovic.hr\/proizvodi\/izdavaci\/hrvatski-hidrografski-institut-split\/\" target=\"_blank\" rel=\"noopener\"> www.knjizara-dominovic.hr<\/a><\/td>\n<td> +385 (0) 1 6150 315<br \/> +385 (0) 1 6130 111<\/td>\n<\/tr>\n<tr>\n<td>Navigatore, Pore\u010d<\/td>\n<td> Riva Amfora 7, \u010cervar-Porat<br \/> 52440 Pore\u010d<br \/> Hrvatska<\/td>\n<td><\/td>\n<td> +385 (0) 52 436663<br \/> +385 (0) 52 436663<\/td>\n<\/tr>\n<tr>\n<td>AC Nautik eU<\/td>\n<td> Anton Hubmann Platz 1<br \/> 8077 G\u00f6ssendorf<br \/> Rakousko<\/td>\n<td><a href=\"mailto:support@kuestenpatent-kroatien.at\"> support@kuestenpatent-kroatien.at<\/a><br \/><a href=\"https:\/\/www.kuestenpatent-kroatien.at\/\" target=\"_blank\" rel=\"noopener\"> www.kuestenpatent-kroatien.at<\/a><\/td>\n<td> +43 (0) 676 3074163<\/td>\n<\/tr>\n<tr>\n<td>Enciklopedija doo<\/td>\n<td> Visoka 8<br \/> 21000 Split<br \/> Hrvatska<\/td>\n<td> <\/td>\n<td> <\/td>\n<\/tr>\n<tr>\n<td>&#8211; Prodavaonica Split<\/td>\n<td> Dra\u017eanac 45<br \/> 21000 Split<br \/> Hrvatska<\/td>\n<td><a href=\"mailto:encinautika@gmail.com\"> encinautika@gmail.com<\/a><\/td>\n<td> 021 398 406<\/td>\n<\/tr>\n<tr>\n<td>Aurani doo<\/td>\n<td> Banjol 101<br \/> 51280 Rab<br \/> Hrvatska<\/td>\n<td><a href=\"mailto:aurani@ri.t-com.hr\"> aurani@ri.t-com.hr<\/a><\/td>\n<td> 051774483<br \/> 051725450<\/td>\n<\/tr>\n<tr>\n<td>&#8211; Prodavaonica 1<\/td>\n<td> Banjol 101<br \/> 51280 Rab<br \/> Hrvatska<\/td>\n<td><\/td>\n<td> 051774483<br \/> 051725450<\/td>\n<\/tr>\n<tr>\n<td>&#8211; Prodavaonica 2<\/td>\n<td> Priko 40<br \/> 51550 Mali Lo\u0161inj<br \/> Hrvatska<\/td>\n<td><a href=\"mailto:aurani@ri.t-com.hr\"> aurani@ri.t-com.hr<\/a><\/td>\n<td> 051 233 399<br \/> 051 233 399<\/td>\n<\/tr>\n<tr>\n<td>Delalija trgovina doo<\/td>\n<td> Petrovaradinsk\u00e1 5a<br \/> 10 000 Z\u00e1h\u0159eb<br \/> Hrvatska<\/td>\n<td><a href=\"mailto:delalija-trgovina@zg.t-com.hr\"> delalija-trgovina@zg.t-com.hr<\/a><br \/><a href=\"https:\/\/delani.hr\/\" target=\"_blank\" rel=\"noopener\"> www.delani.hr<\/a><\/td>\n<td> 01 3866 785<br \/> 098 299 880<\/td>\n<\/tr>\n<tr>\n<td>Geosustavi, Split<\/td>\n<td> Gunduli\u0107eva 26<br \/> Dalma &#8211; Dobri<br \/> 21000 Split<br \/> Hrvatska<\/td>\n<td><a href=\"mailto:info@geosustavi.hr\"> info@geosustavi.hr<\/a><br \/><a href=\"https:\/\/geosustavi.hr\/\" target=\"_blank\" rel=\"noopener\"> www.geosustavi.hr<\/a><\/td>\n<td> +385 (0) 21 582208<br \/> +385 (0) 21 484556<\/td>\n<\/tr>\n<\/tbody>\n<\/table>\n\t\t\t\t\t\t\t\t<\/div>\n\t\t\t\t<\/div>\n\t\t\t\t\t<\/div>\n\t\t<\/div>\n\t\t\t\t<div class=\"elementor-column elementor-col-25 elementor-top-column elementor-element elementor-element-2bb3060d\" data-id=\"2bb3060d\" data-element_type=\"column\" data-e-type=\"column\">\n\t\t\t<div class=\"elementor-widget-wrap elementor-element-populated\">\n\t\t\t\t\t\t<div class=\"elementor-element elementor-element-3d15bba6 elementor-widget elementor-widget-template\" data-id=\"3d15bba6\" data-element_type=\"widget\" data-e-type=\"widget\" data-widget_type=\"template.default\">\n\t\t\t\t<div class=\"elementor-widget-container\">\n\t\t\t\t\t\t\t<div class=\"elementor-template\">\n\t\t\t\t\t<div data-elementor-type=\"section\" data-elementor-id=\"77213\" class=\"elementor elementor-77213 elementor-76339\" data-elementor-post-type=\"elementor_library\">\n\t\t\t\t\t<section class=\"elementor-section elementor-inner-section elementor-element elementor-element-457e679b elementor-section-full_width elementor-section-height-min-height elementor-section-content-middle elementor-section-height-default\" data-id=\"457e679b\" data-element_type=\"section\" data-e-type=\"section\" data-settings=\"{&quot;background_background&quot;:&quot;classic&quot;}\">\n\t\t\t\t\t\t\t<div class=\"elementor-background-overlay\"><\/div>\n\t\t\t\t\t\t\t<div class=\"elementor-container elementor-column-gap-default\">\n\t\t\t\t\t<div class=\"elementor-column elementor-col-100 elementor-inner-column elementor-element elementor-element-33d83c77\" data-id=\"33d83c77\" data-element_type=\"column\" data-e-type=\"column\">\n\t\t\t<div class=\"elementor-widget-wrap elementor-element-populated\">\n\t\t\t\t\t\t<div class=\"elementor-element elementor-element-26c46f13 elementor-widget elementor-widget-text-editor\" data-id=\"26c46f13\" data-element_type=\"widget\" data-e-type=\"widget\" data-widget_type=\"text-editor.default\">\n\t\t\t\t<div class=\"elementor-widget-container\">\n\t\t\t\t\t\t\t\t\t<p style=\"text-align: center;\">Hled\u00e1te lo\u010f?<\/p>\n\t\t\t\t\t\t\t\t<\/div>\n\t\t\t\t<\/div>\n\t\t\t\t<div class=\"elementor-element elementor-element-7116d3fc elementor-align-center elementor-widget elementor-widget-button\" data-id=\"7116d3fc\" data-element_type=\"widget\" data-e-type=\"widget\" data-widget_type=\"button.default\">\n\t\t\t\t<div class=\"elementor-widget-container\">\n\t\t\t\t\t\t\t\t\t<div class=\"elementor-button-wrapper\">\n\t\t\t\t\t<a class=\"elementor-button elementor-button-link elementor-size-md\" href=\"https:\/\/skippercity.com\/cs\/ziskejte-nabidku-pronajem-jachty-chorvatsko\/\" target=\"_blank\">\n\t\t\t\t\t\t<span class=\"elementor-button-content-wrapper\">\n\t\t\t\t\t\t\t\t\t<span class=\"elementor-button-text\">Z\u00cdSKEJTE CENOVOU CENU ZDARMA<\/span>\n\t\t\t\t\t<\/span>\n\t\t\t\t\t<\/a>\n\t\t\t\t<\/div>\n\t\t\t\t\t\t\t\t<\/div>\n\t\t\t\t<\/div>\n\t\t\t\t\t<\/div>\n\t\t<\/div>\n\t\t\t\t\t<\/div>\n\t\t<\/section>\n\t\t\t\t<\/div>\n\t\t\t\t<\/div>\n\t\t\t\t\t\t<\/div>\n\t\t\t\t<\/div>\n\t\t\t\t\t<\/div>\n\t\t<\/div>\n\t\t\t\t\t<\/div>\n\t\t<\/section>\n\t\t\t\t<\/div>\n\t\t","protected":false},"excerpt":{"rendered":"<p>Chorvatsk\u00e9 n\u00e1mo\u0159n\u00ed mapy autorizovan\u00ed distributo\u0159i Obsah Pap\u00edrov\u00e9 mapy a publikace HHI jsou k dispozici k zakoupen\u00ed u autorizovan\u00fdch distributor\u016f. Pokud hled\u00e1te koupit pap\u00edrov\u00e9 n\u00e1mo\u0159n\u00ed mapy v Chorvatsku, kontaktujte autorizovan\u00e9 distributory. N\u00e1zev Adresa E-mail \/ Web Tel \/ Fax Marina Stores www.marinastores.hr &#8211; Marina Stores, Z\u00e1h\u0159eb Cvjetna cesta 11 10 000 Z\u00e1h\u0159eb Hrvatska zagreb@lalizas.com www.marinastores.hr +385 [&hellip;]<\/p>\n","protected":false},"author":2,"featured_media":71687,"parent":0,"menu_order":0,"comment_status":"closed","ping_status":"closed","template":"","meta":{"footnotes":""},"class_list":["post-73723","page","type-page","status-publish","has-post-thumbnail","hentry"],"_links":{"self":[{"href":"https:\/\/skippercity.com\/cs\/wp-json\/wp\/v2\/pages\/73723","targetHints":{"allow":["GET"]}}],"collection":[{"href":"https:\/\/skippercity.com\/cs\/wp-json\/wp\/v2\/pages"}],"about":[{"href":"https:\/\/skippercity.com\/cs\/wp-json\/wp\/v2\/types\/page"}],"author":[{"embeddable":true,"href":"https:\/\/skippercity.com\/cs\/wp-json\/wp\/v2\/users\/2"}],"replies":[{"embeddable":true,"href":"https:\/\/skippercity.com\/cs\/wp-json\/wp\/v2\/comments?post=73723"}],"version-history":[{"count":0,"href":"https:\/\/skippercity.com\/cs\/wp-json\/wp\/v2\/pages\/73723\/revisions"}],"wp:featuredmedia":[{"embeddable":true,"href":"https:\/\/skippercity.com\/cs\/wp-json\/wp\/v2\/media\/71687"}],"wp:attachment":[{"href":"https:\/\/skippercity.com\/cs\/wp-json\/wp\/v2\/media?parent=73723"}],"curies":[{"name":"wp","href":"https:\/\/api.w.org\/{rel}","templated":true}]}}