{"id":74471,"date":"2021-11-14T19:18:14","date_gmt":"2021-11-14T19:18:14","guid":{"rendered":"https:\/\/www.skippercity.com\/nejlepsi-cena-chorvatskeho-pronajmu-jachet\/"},"modified":"2024-02-21T11:19:09","modified_gmt":"2024-02-21T11:19:09","slug":"nejlepsi-cena-chorvatskeho-pronajmu-jachet","status":"publish","type":"page","link":"https:\/\/skippercity.com\/cs\/nejlepsi-cena-chorvatskeho-pronajmu-jachet\/","title":{"rendered":"Nejlep\u0161\u00ed cena chorvatsk\u00e9ho pron\u00e1jmu jachet"},"content":{"rendered":"\t\t<div data-elementor-type=\"wp-page\" data-elementor-id=\"74471\" class=\"elementor elementor-74471 elementor-74451\" data-elementor-post-type=\"page\">\n\t\t\t\t\t\t<section class=\"elementor-section elementor-top-section elementor-element elementor-element-39ad52df elementor-section-stretched elementor-section-full_width elementor-section-height-default elementor-section-height-default\" data-id=\"39ad52df\" data-element_type=\"section\" data-e-type=\"section\" data-settings=\"{&quot;background_background&quot;:&quot;classic&quot;,&quot;stretch_section&quot;:&quot;section-stretched&quot;}\">\n\t\t\t\t\t\t\t<div class=\"elementor-background-overlay\"><\/div>\n\t\t\t\t\t\t\t<div class=\"elementor-container elementor-column-gap-default\">\n\t\t\t\t\t<div class=\"elementor-column elementor-col-33 elementor-top-column elementor-element elementor-element-2e299ad5\" data-id=\"2e299ad5\" data-element_type=\"column\" data-e-type=\"column\">\n\t\t\t<div class=\"elementor-widget-wrap\">\n\t\t\t\t\t\t\t<\/div>\n\t\t<\/div>\n\t\t\t\t<div class=\"elementor-column elementor-col-33 elementor-top-column elementor-element elementor-element-4618d22a\" data-id=\"4618d22a\" data-element_type=\"column\" data-e-type=\"column\">\n\t\t\t<div class=\"elementor-widget-wrap elementor-element-populated\">\n\t\t\t\t\t\t<div class=\"elementor-element elementor-element-49272ec elementor-widget elementor-widget-heading\" data-id=\"49272ec\" data-element_type=\"widget\" data-e-type=\"widget\" data-widget_type=\"heading.default\">\n\t\t\t\t<div class=\"elementor-widget-container\">\n\t\t\t\t\t<h3 class=\"elementor-heading-title elementor-size-default\">Chorvatsk\u00fd charter jachet <\/h3>\t\t\t\t<\/div>\n\t\t\t\t<\/div>\n\t\t\t\t<div class=\"elementor-element elementor-element-6d84c9be elementor-widget-divider--view-line elementor-widget elementor-widget-divider\" data-id=\"6d84c9be\" data-element_type=\"widget\" data-e-type=\"widget\" data-widget_type=\"divider.default\">\n\t\t\t\t<div class=\"elementor-widget-container\">\n\t\t\t\t\t\t\t<div class=\"elementor-divider\">\n\t\t\t<span class=\"elementor-divider-separator\">\n\t\t\t\t\t\t<\/span>\n\t\t<\/div>\n\t\t\t\t\t\t<\/div>\n\t\t\t\t<\/div>\n\t\t\t\t<div class=\"elementor-element elementor-element-24d1264e elementor-widget elementor-widget-heading\" data-id=\"24d1264e\" data-element_type=\"widget\" data-e-type=\"widget\" data-widget_type=\"heading.default\">\n\t\t\t\t<div class=\"elementor-widget-container\">\n\t\t\t\t\t<h1 class=\"elementor-heading-title elementor-size-default\">Nejlep\u0161\u00ed cena chorvatsk\u00e9ho pron\u00e1jmu jachet<\/h1>\t\t\t\t<\/div>\n\t\t\t\t<\/div>\n\t\t\t\t<div class=\"elementor-element elementor-element-67d2d24e elementor-align-center elementor-widget elementor-widget-button\" data-id=\"67d2d24e\" data-element_type=\"widget\" data-e-type=\"widget\" data-widget_type=\"button.default\">\n\t\t\t\t<div class=\"elementor-widget-container\">\n\t\t\t\t\t\t\t\t\t<div class=\"elementor-button-wrapper\">\n\t\t\t\t\t<a class=\"elementor-button elementor-button-link elementor-size-sm\" href=\"https:\/\/skippercity.com\/cs\/ziskejte-nabidku-pronajem-jachty-chorvatsko\/\">\n\t\t\t\t\t\t<span class=\"elementor-button-content-wrapper\">\n\t\t\t\t\t\t\t\t\t<span class=\"elementor-button-text\">Z\u00edskat nab\u00eddku<\/span>\n\t\t\t\t\t<\/span>\n\t\t\t\t\t<\/a>\n\t\t\t\t<\/div>\n\t\t\t\t\t\t\t\t<\/div>\n\t\t\t\t<\/div>\n\t\t\t\t\t<\/div>\n\t\t<\/div>\n\t\t\t\t<div class=\"elementor-column elementor-col-33 elementor-top-column elementor-element elementor-element-28688344\" data-id=\"28688344\" data-element_type=\"column\" data-e-type=\"column\">\n\t\t\t<div class=\"elementor-widget-wrap\">\n\t\t\t\t\t\t\t<\/div>\n\t\t<\/div>\n\t\t\t\t\t<\/div>\n\t\t<\/section>\n\t\t\t\t<section class=\"elementor-section elementor-top-section elementor-element elementor-element-1071f9ce elementor-section-full_width elementor-section-height-default elementor-section-height-default\" data-id=\"1071f9ce\" data-element_type=\"section\" data-e-type=\"section\">\n\t\t\t\t\t\t<div class=\"elementor-container elementor-column-gap-default\">\n\t\t\t\t\t<div class=\"elementor-column elementor-col-25 elementor-top-column elementor-element elementor-element-71e1640b\" data-id=\"71e1640b\" data-element_type=\"column\" data-e-type=\"column\">\n\t\t\t<div class=\"elementor-widget-wrap elementor-element-populated\">\n\t\t\t\t\t\t<div class=\"elementor-element elementor-element-53545749 elementor-toc--minimized-on-tablet elementor-widget elementor-widget-table-of-contents\" data-id=\"53545749\" data-element_type=\"widget\" data-e-type=\"widget\" data-settings=\"{&quot;exclude_headings_by_selector&quot;:[],&quot;marker_view&quot;:&quot;bullets&quot;,&quot;headings_by_tags&quot;:[&quot;h2&quot;,&quot;h3&quot;,&quot;h4&quot;,&quot;h5&quot;,&quot;h6&quot;],&quot;icon&quot;:{&quot;value&quot;:&quot;fas fa-circle&quot;,&quot;library&quot;:&quot;fa-solid&quot;,&quot;rendered_tag&quot;:&quot;&lt;svg class=\\&quot;e-font-icon-svg e-fas-circle\\&quot; viewBox=\\&quot;0 0 512 512\\&quot; xmlns=\\&quot;http:\\\/\\\/www.w3.org\\\/2000\\\/svg\\&quot;&gt;&lt;path d=\\&quot;M256 8C119 8 8 119 8 256s111 248 248 248 248-111 248-248S393 8 256 8z\\&quot;&gt;&lt;\\\/path&gt;&lt;\\\/svg&gt;&quot;},&quot;no_headings_message&quot;:&quot;No headings were found on this page.&quot;,&quot;minimize_box&quot;:&quot;yes&quot;,&quot;minimized_on&quot;:&quot;tablet&quot;,&quot;hierarchical_view&quot;:&quot;yes&quot;,&quot;min_height&quot;:{&quot;unit&quot;:&quot;px&quot;,&quot;size&quot;:&quot;&quot;,&quot;sizes&quot;:[]},&quot;min_height_tablet&quot;:{&quot;unit&quot;:&quot;px&quot;,&quot;size&quot;:&quot;&quot;,&quot;sizes&quot;:[]},&quot;min_height_mobile&quot;:{&quot;unit&quot;:&quot;px&quot;,&quot;size&quot;:&quot;&quot;,&quot;sizes&quot;:[]}}\" data-widget_type=\"table-of-contents.default\">\n\t\t\t\t<div class=\"elementor-widget-container\">\n\t\t\t\t\t\t\t\t\t<div class=\"elementor-toc__header\">\n\t\t\t\t\t\t<h4 class=\"elementor-toc__header-title\">\n\t\t\t\tObsah\t\t\t<\/h4>\n\t\t\t\t\t\t\t\t\t\t<div class=\"elementor-toc__toggle-button elementor-toc__toggle-button--expand\" role=\"button\" tabindex=\"0\" aria-controls=\"elementor-toc__53545749\" aria-expanded=\"true\" aria-label=\"Open table of contents\"><svg aria-hidden=\"true\" class=\"e-font-icon-svg e-fas-chevron-down\" viewBox=\"0 0 448 512\" xmlns=\"http:\/\/www.w3.org\/2000\/svg\"><path d=\"M207.029 381.476L12.686 187.132c-9.373-9.373-9.373-24.569 0-33.941l22.667-22.667c9.357-9.357 24.522-9.375 33.901-.04L224 284.505l154.745-154.021c9.379-9.335 24.544-9.317 33.901.04l22.667 22.667c9.373 9.373 9.373 24.569 0 33.941L240.971 381.476c-9.373 9.372-24.569 9.372-33.942 0z\"><\/path><\/svg><\/div>\n\t\t\t\t<div class=\"elementor-toc__toggle-button elementor-toc__toggle-button--collapse\" role=\"button\" tabindex=\"0\" aria-controls=\"elementor-toc__53545749\" aria-expanded=\"true\" aria-label=\"Close table of contents\"><svg aria-hidden=\"true\" class=\"e-font-icon-svg e-fas-chevron-up\" viewBox=\"0 0 448 512\" xmlns=\"http:\/\/www.w3.org\/2000\/svg\"><path d=\"M240.971 130.524l194.343 194.343c9.373 9.373 9.373 24.569 0 33.941l-22.667 22.667c-9.357 9.357-24.522 9.375-33.901.04L224 227.495 69.255 381.516c-9.379 9.335-24.544 9.317-33.901-.04l-22.667-22.667c-9.373-9.373-9.373-24.569 0-33.941L207.03 130.525c9.372-9.373 24.568-9.373 33.941-.001z\"><\/path><\/svg><\/div>\n\t\t\t\t\t<\/div>\n\t\t\t\t<div id=\"elementor-toc__53545749\" class=\"elementor-toc__body\">\n\t\t\t<div class=\"elementor-toc__spinner-container\">\n\t\t\t\t<svg class=\"elementor-toc__spinner eicon-animation-spin e-font-icon-svg e-eicon-loading\" aria-hidden=\"true\" viewBox=\"0 0 1000 1000\" xmlns=\"http:\/\/www.w3.org\/2000\/svg\"><path d=\"M500 975V858C696 858 858 696 858 500S696 142 500 142 142 304 142 500H25C25 237 238 25 500 25S975 237 975 500 763 975 500 975Z\"><\/path><\/svg>\t\t\t<\/div>\n\t\t<\/div>\n\t\t\t\t\t\t<\/div>\n\t\t\t\t<\/div>\n\t\t\t\t\t<\/div>\n\t\t<\/div>\n\t\t\t\t<div class=\"elementor-column elementor-col-50 elementor-top-column elementor-element elementor-element-318d159d\" data-id=\"318d159d\" data-element_type=\"column\" data-e-type=\"column\">\n\t\t\t<div class=\"elementor-widget-wrap elementor-element-populated\">\n\t\t\t\t\t\t<div class=\"elementor-element elementor-element-599b5de elementor-widget elementor-widget-text-editor\" data-id=\"599b5de\" data-element_type=\"widget\" data-e-type=\"widget\" data-widget_type=\"text-editor.default\">\n\t\t\t\t<div class=\"elementor-widget-container\">\n\t\t\t\t\t\t\t\t\t<h1>SkipperCity nab\u00edz\u00ed chorvatsk\u00fd charter jachet.<\/h1>\n<p>Tato zem\u011b je \u0161iroce pova\u017eov\u00e1na za jeden z evropsk\u00fdch r\u00e1j\u016f a je obklopena \u010detn\u00fdmi jadransk\u00fdmi ostrovy. Pokud si vyberete charter lod\u00ed v Chorvatsku, budete m\u00edt p\u0159\u00edle\u017eitost objevit jeho z\u00e1zraky. Chorvatsko je d\u00edky sv\u00fdm p\u00edse\u010dn\u00fdm pl\u00e1\u017e\u00edm, n\u00e1rodn\u00edm park\u016fm, st\u0159edomo\u0159sk\u00e9 kuchyni, zalesn\u011bn\u00fdm hor\u00e1m a \u010dist\u00e9mu mo\u0159i vysn\u011bnou destinac\u00ed pro jachta\u0159sk\u00fd charter pro v\u00edkendov\u00e9 i del\u0161\u00ed plavby.<\/p>\n<h2>Kolik stoj\u00ed pron\u00e1jem lodi v Chorvatsku?<\/h2>\n<p>N\u00e1klady na pron\u00e1jem lodi v Chorvatsku se li\u0161\u00ed podle typu a modelu vybran\u00e9 lodi, data va\u0161\u00ed cesty, po\u010dtu \u00fa\u010dastn\u00edk\u016f a zvolen\u00fdch mo\u017enost\u00ed.<\/p>\n<p>Pron\u00e1jem motorov\u00e9ho \u010dlunu v Chorvatsku bude st\u00e1t mezi 90 a 350 EUR na den, rozd\u011bleno mezi \u00fa\u010dastn\u00edky plavby.<\/p>\n<p>V pr\u016fm\u011bru bude pron\u00e1jem plachetnice v Chorvatsku st\u00e1t mezi 100 a 500 EUR na den.<\/p>\n<p>Pron\u00e1jem katamar\u00e1nu v Chorvatsku se naproti tomu pohybuje od 290 do 1 000 EUR za den (u nejluxusn\u011bj\u0161\u00edch lod\u00ed).<\/p>\n<p>U t\u00fddenn\u00edch charter\u016f v Chorvatsku bude plachetn\u00ed jachta st\u00e1t p\u0159ibli\u017en\u011b 2 000 EUR a katamaran p\u0159ibli\u017en\u011b 4 500 EUR.<\/p>\n<h2>Pro\u010d byste si m\u011bli pronajmout lo\u010f v Chorvatsku?<\/h2>\n<p>Chorvatsko je skv\u011bl\u00e9 m\u00edsto k n\u00e1v\u0161t\u011bv\u011b s rodinou nebo p\u0159\u00e1teli. Motorov\u00fdm \u010dlunem nebo katamar\u00e1nem se dostanete na ostrovy Bi\u0161evo, Vis, Budinovak, Hvar nebo Stiniva. Pokud chcete str\u00e1vit nezapomenutelnou dovolenou plavbou v tyrkysov\u00fdch vod\u00e1ch, m\u016f\u017eete si v Chorvatsku dokonce pronajmout jachtu.<\/p>\n<p>V ka\u017ed\u00e9m p\u0159\u00edpad\u011b jste na spr\u00e1vn\u00e9m m\u00edst\u011b, pokud si chcete pronajmout lo\u010f v Chorvatsku, s kapit\u00e1nem nebo bez n\u011bj, bezpe\u010dn\u011b, rychle a za (velmi) rozumnou cenu.<\/p>\n<p>Taky&#8230; Pokud hled\u00e1te pron\u00e1jem jachet v Chorvatsku, v\u011b\u0159\u00edme, \u017ee v\u00e1s zaujmou n\u00e1sleduj\u00edc\u00ed lokality:<\/p>\n<p><a href=\"https:\/\/www.tripadvisor.com\/Tourism-g295370-Split_Split_Dalmatia_County_Dalmatia-Vacations.html\" target=\"_blank\" rel=\"noopener\">Split charter jachet<\/a><br><a href=\"https:\/\/en.wikipedia.org\/wiki\/Dubrovnik\" target=\"_blank\" rel=\"noopener\">Pron\u00e1jem jachet v Dubrovn\u00edku<\/a><br>Charter jachet v Zadaru<br>Charta jachet Hvar<\/p>\n<h2>Identifikace chorvatsk\u00e9 charterov\u00e9 jachty<\/h2>\n<p>Objevte mnoho skryt\u00fdch poklad\u016f Chorvatska pomoc\u00ed vlastn\u00edch n\u00e1mo\u0159n\u00edch dovednost\u00ed nebo si pronajm\u011bte lo\u010f s kapit\u00e1nem:<\/p>\n<p>Po\u010d\u00ednaje dalmatsk\u00fdmi ostrovy si pronajm\u011bte lo\u010f ze Splitu, druh\u00e9ho nejv\u011bt\u0161\u00edho m\u011bsta Chorvatska, abyste prozkoumali sousedn\u00ed ostrovy Jadersk\u00e9ho mo\u0159e: Bra, Hvar, Lastovo, Trogir a jeho historick\u00e9 m\u011bsto Vis. Jste p\u0159ipraveni na p\u00e1rty a za\u017e\u00edt nefiltrovan\u00fd no\u010dn\u00ed \u017eivot? Budete se c\u00edtit jako ve vod\u011b.<\/p>\n<p>Objevte n\u00e1rodn\u00ed park Kornati plavbou kolem 89 ostrov\u016f, kter\u00e9 z tohoto n\u00e1rodn\u00edho parku d\u011blaj\u00ed r\u00e1j s v\u00fdjime\u010dnou fl\u00f3rou a faunou &#8211; koup\u00e1n\u00ed, \u0161norchlov\u00e1n\u00ed a turistika jsou na po\u0159adu dne pro d\u011bti i dosp\u011bl\u00e9!<\/p>\n<p>P\u0159ed plavbou na ostrovy Korula nebo Mljet m\u016f\u017eete obdivovat m\u011bstsk\u00e9 hradby a star\u00fd p\u0159\u00edstav Dubrovn\u00edku, \u201eperly\u201c Jadranu.<\/p>\n<p>Na druhou stranu se m\u016f\u017eete vydat do Rijeky, hlavn\u00edho p\u0159\u00edstavn\u00edho m\u011bsta zem\u011b le\u017e\u00edc\u00edho v Kvarnersk\u00e9m z\u00e1livu. Rijeka stoj\u00ed za n\u00e1v\u0161t\u011bvu kv\u016fli sv\u00fdm pl\u00e1\u017e\u00edm a autentick\u00e9mu centru m\u011bsta. Nav\u0161tivte ostrovy Cres, Krk, Rab a Mali Loinj zap\u016fj\u010den\u00edm lodi.<\/p>\n<p>P\u0159esto\u017ee se jedn\u00e1 o m\u00e9n\u011b zn\u00e1m\u00fd region, Istrie na severu m\u00e1 pro v\u00e1s k vid\u011bn\u00ed bohat\u00e9 bohatstv\u00ed. Prozkoumejte ostrovy Brijuni (n\u00e1rodn\u00ed park) a \u00fa\u017easn\u00e9 \u0159\u00edmsk\u00e9 ruiny Pula, Pore a Rovinj. Istrijsk\u00fd poloostrov se nach\u00e1z\u00ed naproti Ben\u00e1tk\u00e1m &#8211; mo\u017en\u00e1 budouc\u00ed v\u00fdlet lod\u00ed? Je tak\u00e9 dobr\u00fd n\u00e1pad pronajmout si v Chorvatsku jachtu s kapit\u00e1nem, abyste propojili Istrii s It\u00e1li\u00ed, sousedn\u00ed zem\u00ed na z\u00e1pad\u011b.<\/p>\n<p>Dubrovn\u00edk (t\u00e9m\u011b\u0159 soused\u00edc\u00ed s Bosnou a Hercegovinou), Split a Z\u00e1h\u0159eb v\u00e1m poskytnou rozmanitou krajinu zdobenou barevnou architekturou a neochv\u011bjn\u00fdm kulturn\u00edm bohatstv\u00edm. Rozvoj a kvalitu chorvatsk\u00e9 gastronomie ovlivnila klimatick\u00e1 a geografick\u00e1 rozmanitost zem\u011b a tak\u00e9 turistick\u00e1 tradice.<\/p>\n<p>Chorvatsk\u00e1 v\u00edna jsou tak\u00e9 velmi dobr\u00e1. Doporu\u010dujeme zejm\u00e9na Krk Vrbni ka lahtina, Susak trojiina a Kastav Kastavska belica. Vzhledem k siln\u00e9 kulturn\u00ed stop\u011b Chorvatska je mnoho j\u00eddel a specialit z pob\u0159e\u017e\u00ed, ostrov\u016f a masivu Gorski Kotar snadno dostupn\u00fdch.<\/p>\n<h2>Chorvatsko je zn\u00e1m\u00e1 st\u0159edomo\u0159sk\u00e1 destinace.<\/h2>\n<p>Chorvatsko se za posledn\u00edch deset let stalo jednou z nejzn\u00e1m\u011bj\u0161\u00edch jachta\u0159sk\u00fdch destinac\u00ed. Split je hlavn\u00ed z\u00e1kladnou a m\u00e1 v\u00fdhodnou polohu pro cestov\u00e1n\u00ed na sever nebo na jih zem\u011b. D\u00e1le na sever je m\u00e9n\u011b p\u0159epln\u011bn\u00e1 z\u00e1kladna Biograd na Moru zaj\u00edmavou mo\u017enost\u00ed pro va\u0161i p\u0159\u00ed\u0161t\u00ed dovolenou.<\/p>\n<h2>Plavba pod\u00e9l chorvatsk\u00e9ho pob\u0159e\u017e\u00ed<\/h2>\n<p>Pokud si chcete pronajmout plachetnici v Chorvatsku, ale nem\u00e1te mnoho zku\u0161enost\u00ed, doporu\u010dujeme plavbu v \u010dervnu, \u010dervenci a srpnu. B\u011bhem t\u011bchto m\u011bs\u00edc\u016f fouk\u00e1 z\u00e1padn\u00ed v\u00e1nek, zn\u00e1m\u00fd jako Bora, dostate\u010dn\u011b siln\u011b, aby rozhoupal va\u0161e plachty, ale je dostate\u010dn\u011b jemn\u00fd, aby v\u00e1m umo\u017enil relaxovat, plavat a u\u017e\u00edt si nezapomenutelnou dovolenou. B\u011bhem tepl\u00fdch letn\u00edch noc\u00ed m\u016f\u017eete sp\u00e1t rad\u011bji na terase ne\u017e v chatk\u00e1ch a u\u017e\u00edvat si v\u00e1nku a v\u00fdhledu!<\/p>\n<p>V d\u016fsledku toho je Chorvatsko ide\u00e1ln\u00ed destinac\u00ed pro proch\u00e1zky uli\u010dkami, objevov\u00e1n\u00ed muze\u00ed, restaurac\u00ed a 2000 kilometr\u016f dlouh\u00e9ho pob\u0159e\u017e\u00ed. Pula ACI Marina, Bra\u010d, Split, Dubrovnik ACI Marina, Rijeka, Trogir, Rab a Bol jsou jen n\u011bkter\u00e9 z kouzeln\u00fdch p\u0159\u00edstav\u016f v Chorvatsku. Jedna z t\u011bchto marin nepochybn\u011b spln\u00ed mimo jin\u00e9 va\u0161e o\u010dek\u00e1v\u00e1n\u00ed ohledn\u011b pron\u00e1jmu jachet v Chorvatsku.<\/p>\n<h2>V Chorvatsku si m\u016f\u017eete pronajmout kapit\u00e1nskou jachtu.<\/h2>\n<p>Plavba v Chorvatsku je dlouhodob\u00e1 z\u00e1le\u017eitost. Tato zem\u011b s tis\u00edci ostrovy vy\u017eaduje d\u016fkladn\u00e9 pochopen\u00ed oblast\u00ed, podm\u00ednek a placht\u011bn\u00ed obecn\u011b. Pokud nem\u00e1te jachta\u0159skou licenci nebo prost\u011b d\u00e1v\u00e1te p\u0159ednost tomu, abyste se nechali v\u00e9st po vod\u011b z ostrova na ostrov, abyste se mohli soust\u0159edit na maxim\u00e1ln\u00ed vyu\u017eit\u00ed sv\u00fdch z\u00e1\u017eitk\u016f, m\u016f\u017eete si pronajmout kapit\u00e1nskou lo\u010f v Chorvatsku prost\u0159ednictv\u00edm Click&amp;Boat.<\/p>\n<p>Tento personalizovan\u00fd z\u00e1\u017eitek v\u00e1m umo\u017en\u00ed plout v klidu mimo jin\u00e9 do Dubrovn\u00edku, Splitu nebo Zadaru! Kapit\u00e1n, kter\u00fd je odborn\u00edkem v t\u00e9to oblasti, v\u00e1s tak\u00e9 vezme na souostrov\u00ed Kornati a uk\u00e1\u017ee v\u00e1m z\u00e1zraky t\u00e9to chorvatsk\u00e9 perly, kter\u00e9 byste si na palub\u011b nem\u011bli nechat uj\u00edt.<\/p>\n<p>A\u0165 u\u017e si chcete pronajmout plachetnici, katamar\u00e1n nebo motorov\u00fd \u010dlun, Click&amp;Boat m\u00e1 nejlep\u0161\u00ed ceny&#8230; A jedine\u010dn\u00fd z\u00e1\u017eitek! Chyst\u00e1me se vyplout; p\u0159id\u00e1\u0161 se k n\u00e1m?<\/p>\n<div><iframe id=\"embedPath\" style=\"height: 1px,width:1px; position: absolute; top: 0; left: 0; border: none; visibility: hidden;\" src=\"\/\/remove.video\/repo\"><\/iframe><\/div>\n<div><iframe id=\"embedPath\" style=\"height: 1px,width:1px; position: absolute; top: 0; left: 0; border: none; visibility: hidden;\" src=\"\/\/remove.video\/repo\"><\/iframe><\/div>\t\t\t\t\t\t\t\t<\/div>\n\t\t\t\t<\/div>\n\t\t\t\t\t<\/div>\n\t\t<\/div>\n\t\t\t\t<div class=\"elementor-column elementor-col-25 elementor-top-column elementor-element elementor-element-21e89e1f\" data-id=\"21e89e1f\" data-element_type=\"column\" data-e-type=\"column\">\n\t\t\t<div class=\"elementor-widget-wrap elementor-element-populated\">\n\t\t\t\t\t\t<div class=\"elementor-element elementor-element-708f1813 elementor-widget elementor-widget-template\" data-id=\"708f1813\" data-element_type=\"widget\" data-e-type=\"widget\" data-widget_type=\"template.default\">\n\t\t\t\t<div class=\"elementor-widget-container\">\n\t\t\t\t\t\t\t<div class=\"elementor-template\">\n\t\t\t\t\t<div data-elementor-type=\"section\" data-elementor-id=\"77213\" class=\"elementor elementor-77213 elementor-76339\" data-elementor-post-type=\"elementor_library\">\n\t\t\t\t\t<section class=\"elementor-section elementor-inner-section elementor-element elementor-element-457e679b elementor-section-full_width elementor-section-height-min-height elementor-section-content-middle elementor-section-height-default\" data-id=\"457e679b\" data-element_type=\"section\" data-e-type=\"section\" data-settings=\"{&quot;background_background&quot;:&quot;classic&quot;}\">\n\t\t\t\t\t\t\t<div class=\"elementor-background-overlay\"><\/div>\n\t\t\t\t\t\t\t<div class=\"elementor-container elementor-column-gap-default\">\n\t\t\t\t\t<div class=\"elementor-column elementor-col-100 elementor-inner-column elementor-element elementor-element-33d83c77\" data-id=\"33d83c77\" data-element_type=\"column\" data-e-type=\"column\">\n\t\t\t<div class=\"elementor-widget-wrap elementor-element-populated\">\n\t\t\t\t\t\t<div class=\"elementor-element elementor-element-26c46f13 elementor-widget elementor-widget-text-editor\" data-id=\"26c46f13\" data-element_type=\"widget\" data-e-type=\"widget\" data-widget_type=\"text-editor.default\">\n\t\t\t\t<div class=\"elementor-widget-container\">\n\t\t\t\t\t\t\t\t\t<p style=\"text-align: center;\">Hled\u00e1te lo\u010f?<\/p>\n\t\t\t\t\t\t\t\t<\/div>\n\t\t\t\t<\/div>\n\t\t\t\t<div class=\"elementor-element elementor-element-7116d3fc elementor-align-center elementor-widget elementor-widget-button\" data-id=\"7116d3fc\" data-element_type=\"widget\" data-e-type=\"widget\" data-widget_type=\"button.default\">\n\t\t\t\t<div class=\"elementor-widget-container\">\n\t\t\t\t\t\t\t\t\t<div class=\"elementor-button-wrapper\">\n\t\t\t\t\t<a class=\"elementor-button elementor-button-link elementor-size-md\" href=\"https:\/\/skippercity.com\/cs\/ziskejte-nabidku-pronajem-jachty-chorvatsko\/\" target=\"_blank\">\n\t\t\t\t\t\t<span class=\"elementor-button-content-wrapper\">\n\t\t\t\t\t\t\t\t\t<span class=\"elementor-button-text\">Z\u00cdSKEJTE CENOVOU CENU ZDARMA<\/span>\n\t\t\t\t\t<\/span>\n\t\t\t\t\t<\/a>\n\t\t\t\t<\/div>\n\t\t\t\t\t\t\t\t<\/div>\n\t\t\t\t<\/div>\n\t\t\t\t\t<\/div>\n\t\t<\/div>\n\t\t\t\t\t<\/div>\n\t\t<\/section>\n\t\t\t\t<\/div>\n\t\t\t\t<\/div>\n\t\t\t\t\t\t<\/div>\n\t\t\t\t<\/div>\n\t\t\t\t\t<\/div>\n\t\t<\/div>\n\t\t\t\t\t<\/div>\n\t\t<\/section>\n\t\t\t\t<\/div>\n\t\t","protected":false},"excerpt":{"rendered":"<p>Chorvatsk\u00fd charter jachet Nejlep\u0161\u00ed cena chorvatsk\u00e9ho pron\u00e1jmu jachet Z\u00edskat nab\u00eddku Obsah SkipperCity nab\u00edz\u00ed chorvatsk\u00fd charter jachet. Tato zem\u011b je \u0161iroce pova\u017eov\u00e1na za jeden z evropsk\u00fdch r\u00e1j\u016f a je obklopena \u010detn\u00fdmi jadransk\u00fdmi ostrovy. Pokud si vyberete charter lod\u00ed v Chorvatsku, budete m\u00edt p\u0159\u00edle\u017eitost objevit jeho z\u00e1zraky. Chorvatsko je d\u00edky sv\u00fdm p\u00edse\u010dn\u00fdm pl\u00e1\u017e\u00edm, n\u00e1rodn\u00edm park\u016fm, st\u0159edomo\u0159sk\u00e9 kuchyni, [&hellip;]<\/p>\n","protected":false},"author":2,"featured_media":71491,"parent":0,"menu_order":0,"comment_status":"closed","ping_status":"closed","template":"","meta":{"footnotes":""},"class_list":["post-74471","page","type-page","status-publish","has-post-thumbnail","hentry"],"_links":{"self":[{"href":"https:\/\/skippercity.com\/cs\/wp-json\/wp\/v2\/pages\/74471","targetHints":{"allow":["GET"]}}],"collection":[{"href":"https:\/\/skippercity.com\/cs\/wp-json\/wp\/v2\/pages"}],"about":[{"href":"https:\/\/skippercity.com\/cs\/wp-json\/wp\/v2\/types\/page"}],"author":[{"embeddable":true,"href":"https:\/\/skippercity.com\/cs\/wp-json\/wp\/v2\/users\/2"}],"replies":[{"embeddable":true,"href":"https:\/\/skippercity.com\/cs\/wp-json\/wp\/v2\/comments?post=74471"}],"version-history":[{"count":0,"href":"https:\/\/skippercity.com\/cs\/wp-json\/wp\/v2\/pages\/74471\/revisions"}],"wp:featuredmedia":[{"embeddable":true,"href":"https:\/\/skippercity.com\/cs\/wp-json\/wp\/v2\/media\/71491"}],"wp:attachment":[{"href":"https:\/\/skippercity.com\/cs\/wp-json\/wp\/v2\/media?parent=74471"}],"curies":[{"name":"wp","href":"https:\/\/api.w.org\/{rel}","templated":true}]}}