{"id":151946,"date":"2022-02-03T09:17:08","date_gmt":"2022-02-03T09:17:08","guid":{"rendered":"https:\/\/www.skippercity.com\/motoryachtcharter-kroatien\/"},"modified":"2025-03-06T14:37:01","modified_gmt":"2025-03-06T14:37:01","slug":"motoryachtcharter-kroatien","status":"publish","type":"page","link":"https:\/\/skippercity.com\/de\/motoryachtcharter-kroatien\/","title":{"rendered":"Motoryachtcharter Kroatien"},"content":{"rendered":"\t\t<div data-elementor-type=\"wp-page\" data-elementor-id=\"151946\" class=\"elementor elementor-151946 elementor-151928\" data-elementor-post-type=\"page\">\n\t\t\t\t\t\t<section class=\"elementor-section elementor-top-section elementor-element elementor-element-7e1de428 elementor-section-full_width elementor-section-height-min-height elementor-section-items-stretch elementor-section-content-middle elementor-section-height-default\" data-id=\"7e1de428\" data-element_type=\"section\" data-e-type=\"section\" data-settings=\"{&quot;background_background&quot;:&quot;classic&quot;}\">\n\t\t\t\t\t\t\t<div class=\"elementor-background-overlay\"><\/div>\n\t\t\t\t\t\t\t<div class=\"elementor-container elementor-column-gap-default\">\n\t\t\t\t\t<div class=\"elementor-column elementor-col-100 elementor-top-column elementor-element elementor-element-42cc489c\" data-id=\"42cc489c\" data-element_type=\"column\" data-e-type=\"column\">\n\t\t\t<div class=\"elementor-widget-wrap elementor-element-populated\">\n\t\t\t\t\t\t<div class=\"elementor-element elementor-element-6f4f64bc elementor-widget elementor-widget-heading\" data-id=\"6f4f64bc\" data-element_type=\"widget\" data-e-type=\"widget\" data-widget_type=\"heading.default\">\n\t\t\t\t<div class=\"elementor-widget-container\">\n\t\t\t\t\t<h1 class=\"elementor-heading-title elementor-size-default\">Motoryacht-Charter<\/h1>\t\t\t\t<\/div>\n\t\t\t\t<\/div>\n\t\t\t\t<div class=\"elementor-element elementor-element-b2ae5c elementor-widget-divider--view-line elementor-widget elementor-widget-divider\" data-id=\"b2ae5c\" data-element_type=\"widget\" data-e-type=\"widget\" data-widget_type=\"divider.default\">\n\t\t\t\t<div class=\"elementor-widget-container\">\n\t\t\t\t\t\t\t<div class=\"elementor-divider\">\n\t\t\t<span class=\"elementor-divider-separator\">\n\t\t\t\t\t\t<\/span>\n\t\t<\/div>\n\t\t\t\t\t\t<\/div>\n\t\t\t\t<\/div>\n\t\t\t\t<div class=\"elementor-element elementor-element-3e8e2d8d elementor-align-center elementor-widget elementor-widget-button\" data-id=\"3e8e2d8d\" data-element_type=\"widget\" data-e-type=\"widget\" data-widget_type=\"button.default\">\n\t\t\t\t<div class=\"elementor-widget-container\">\n\t\t\t\t\t\t\t\t\t<div class=\"elementor-button-wrapper\">\n\t\t\t\t\t<a class=\"elementor-button elementor-button-link elementor-size-lg\" href=\"https:\/\/skippercity.com\/de\/holen-sie-sich-ein-angebot-yacht-charter-croatia-2\/\">\n\t\t\t\t\t\t<span class=\"elementor-button-content-wrapper\">\n\t\t\t\t\t\t\t\t\t<span class=\"elementor-button-text\">Holen Sie sich ein Angebot und weitere Informationen<\/span>\n\t\t\t\t\t<\/span>\n\t\t\t\t\t<\/a>\n\t\t\t\t<\/div>\n\t\t\t\t\t\t\t\t<\/div>\n\t\t\t\t<\/div>\n\t\t\t\t\t<\/div>\n\t\t<\/div>\n\t\t\t\t\t<\/div>\n\t\t<\/section>\n\t\t\t\t<section class=\"elementor-section elementor-top-section elementor-element elementor-element-6eebdb72 elementor-section-full_width elementor-section-height-default elementor-section-height-default\" data-id=\"6eebdb72\" data-element_type=\"section\" data-e-type=\"section\">\n\t\t\t\t\t\t<div class=\"elementor-container elementor-column-gap-default\">\n\t\t\t\t\t<div class=\"elementor-column elementor-col-25 elementor-top-column elementor-element elementor-element-3e03b20e\" data-id=\"3e03b20e\" data-element_type=\"column\" data-e-type=\"column\">\n\t\t\t<div class=\"elementor-widget-wrap\">\n\t\t\t\t\t\t\t<\/div>\n\t\t<\/div>\n\t\t\t\t<div class=\"elementor-column elementor-col-50 elementor-top-column elementor-element elementor-element-6ddc4f7d\" data-id=\"6ddc4f7d\" data-element_type=\"column\" data-e-type=\"column\">\n\t\t\t<div class=\"elementor-widget-wrap elementor-element-populated\">\n\t\t\t\t\t\t\t<\/div>\n\t\t<\/div>\n\t\t\t\t<div class=\"elementor-column elementor-col-25 elementor-top-column elementor-element elementor-element-170036f5\" data-id=\"170036f5\" data-element_type=\"column\" data-e-type=\"column\">\n\t\t\t<div class=\"elementor-widget-wrap\">\n\t\t\t\t\t\t\t<\/div>\n\t\t<\/div>\n\t\t\t\t\t<\/div>\n\t\t<\/section>\n\t\t\t\t<section class=\"elementor-section elementor-top-section elementor-element elementor-element-6ef72580 elementor-section-full_width elementor-section-height-default elementor-section-height-default\" data-id=\"6ef72580\" data-element_type=\"section\" data-e-type=\"section\">\n\t\t\t\t\t\t<div class=\"elementor-container elementor-column-gap-default\">\n\t\t\t\t\t<div class=\"elementor-column elementor-col-25 elementor-top-column elementor-element elementor-element-7771436\" data-id=\"7771436\" data-element_type=\"column\" data-e-type=\"column\">\n\t\t\t<div class=\"elementor-widget-wrap elementor-element-populated\">\n\t\t\t\t\t\t<div class=\"elementor-element elementor-element-2ab2196 elementor-toc--minimized-on-tablet elementor-widget elementor-widget-table-of-contents\" data-id=\"2ab2196\" data-element_type=\"widget\" data-e-type=\"widget\" data-settings=\"{&quot;exclude_headings_by_selector&quot;:[],&quot;headings_by_tags&quot;:[&quot;h2&quot;,&quot;h3&quot;,&quot;h4&quot;,&quot;h5&quot;,&quot;h6&quot;],&quot;marker_view&quot;:&quot;numbers&quot;,&quot;no_headings_message&quot;:&quot;Es wurden keine \\u00dcberschriften auf dieser Seite gefunden.&quot;,&quot;minimize_box&quot;:&quot;yes&quot;,&quot;minimized_on&quot;:&quot;tablet&quot;,&quot;hierarchical_view&quot;:&quot;yes&quot;,&quot;min_height&quot;:{&quot;unit&quot;:&quot;px&quot;,&quot;size&quot;:&quot;&quot;,&quot;sizes&quot;:[]},&quot;min_height_tablet&quot;:{&quot;unit&quot;:&quot;px&quot;,&quot;size&quot;:&quot;&quot;,&quot;sizes&quot;:[]},&quot;min_height_mobile&quot;:{&quot;unit&quot;:&quot;px&quot;,&quot;size&quot;:&quot;&quot;,&quot;sizes&quot;:[]}}\" data-widget_type=\"table-of-contents.default\">\n\t\t\t\t<div class=\"elementor-widget-container\">\n\t\t\t\t\t\t\t\t\t<div class=\"elementor-toc__header\">\n\t\t\t\t\t\t<h4 class=\"elementor-toc__header-title\">\n\t\t\t\tInhalts\u00fcbersicht\t\t\t<\/h4>\n\t\t\t\t\t\t\t\t\t\t<div class=\"elementor-toc__toggle-button elementor-toc__toggle-button--expand\" role=\"button\" tabindex=\"0\" aria-controls=\"elementor-toc__2ab2196\" aria-expanded=\"true\" aria-label=\"Inhaltsverzeichnis \u00f6ffnen\"><svg aria-hidden=\"true\" class=\"e-font-icon-svg e-fas-chevron-down\" viewBox=\"0 0 448 512\" xmlns=\"http:\/\/www.w3.org\/2000\/svg\"><path d=\"M207.029 381.476L12.686 187.132c-9.373-9.373-9.373-24.569 0-33.941l22.667-22.667c9.357-9.357 24.522-9.375 33.901-.04L224 284.505l154.745-154.021c9.379-9.335 24.544-9.317 33.901.04l22.667 22.667c9.373 9.373 9.373 24.569 0 33.941L240.971 381.476c-9.373 9.372-24.569 9.372-33.942 0z\"><\/path><\/svg><\/div>\n\t\t\t\t<div class=\"elementor-toc__toggle-button elementor-toc__toggle-button--collapse\" role=\"button\" tabindex=\"0\" aria-controls=\"elementor-toc__2ab2196\" aria-expanded=\"true\" aria-label=\"Inhaltsverzeichnis schlie\u00dfen\"><svg aria-hidden=\"true\" class=\"e-font-icon-svg e-fas-chevron-up\" viewBox=\"0 0 448 512\" xmlns=\"http:\/\/www.w3.org\/2000\/svg\"><path d=\"M240.971 130.524l194.343 194.343c9.373 9.373 9.373 24.569 0 33.941l-22.667 22.667c-9.357 9.357-24.522 9.375-33.901.04L224 227.495 69.255 381.516c-9.379 9.335-24.544 9.317-33.901-.04l-22.667-22.667c-9.373-9.373-9.373-24.569 0-33.941L207.03 130.525c9.372-9.373 24.568-9.373 33.941-.001z\"><\/path><\/svg><\/div>\n\t\t\t\t\t<\/div>\n\t\t\t\t<div id=\"elementor-toc__2ab2196\" class=\"elementor-toc__body\">\n\t\t\t<div class=\"elementor-toc__spinner-container\">\n\t\t\t\t<svg class=\"elementor-toc__spinner eicon-animation-spin e-font-icon-svg e-eicon-loading\" aria-hidden=\"true\" viewBox=\"0 0 1000 1000\" xmlns=\"http:\/\/www.w3.org\/2000\/svg\"><path d=\"M500 975V858C696 858 858 696 858 500S696 142 500 142 142 304 142 500H25C25 237 238 25 500 25S975 237 975 500 763 975 500 975Z\"><\/path><\/svg>\t\t\t<\/div>\n\t\t<\/div>\n\t\t\t\t\t\t<\/div>\n\t\t\t\t<\/div>\n\t\t\t\t\t<\/div>\n\t\t<\/div>\n\t\t\t\t<div class=\"elementor-column elementor-col-50 elementor-top-column elementor-element elementor-element-2e8a6b7e\" data-id=\"2e8a6b7e\" data-element_type=\"column\" data-e-type=\"column\">\n\t\t\t<div class=\"elementor-widget-wrap elementor-element-populated\">\n\t\t\t\t\t\t<div class=\"elementor-element elementor-element-37ce902a elementor-widget elementor-widget-text-editor\" data-id=\"37ce902a\" data-element_type=\"widget\" data-e-type=\"widget\" data-widget_type=\"text-editor.default\">\n\t\t\t\t<div class=\"elementor-widget-container\">\n\t\t\t\t\t\t\t\t\t<h2>Chartern Sie eine Motoryacht, wenn Sie gerne mit ein paar hundert Pferdest\u00e4rken spielen<\/h2>\n<h3><strong style=\"font-style: inherit;\">Tun Sie, was Sie wollen, wann Sie wollen&#8230;<\/strong><\/h3>\n<p><a href=\"https:\/\/skippercity.com\/de\/\">Chartern Sie eine Motoryacht in Kroatien<\/a> und genie\u00dfen Sie die absolute Freiheit auf Ihrer Entdeckungsreise. Die Motoryacht steht Ihnen zur Verf\u00fcgung, um das Revier in Ihrem Tempo zu erkunden. Als Skipper Ihrer Motoryacht haben Sie jeden Tag ein Maximum an Vielseitigkeit. Fahren Sie fr\u00fch zur n\u00e4chsten Insel oder stehen Sie sp\u00e4t auf und fahren Sie zur n\u00e4chsten Bucht. Das kann vom Wetter abh\u00e4ngen, von Ihrer Mannschaft oder einfach von Ihrer Stimmung an diesem Tag. Stellen Sie sich vor, Sie machen sich auf den Weg, um jeden Tag neue Orte zu besuchen. Ein perfekter Urlaub in mehreren Zentren, ohne ein- und auspacken zu m\u00fcssen!<\/p>\n<h3>Sei abenteuerlustig und entdecke dich selbst<\/h3>\n<p>Steigen Sie jeden Tag zu einem anderen Ziel aus &#8211; ohne die Wolken und Menschenmassen des Solent! Es gibt immer einen anderen See, einen anderen Hafen, eine andere Insel zu entdecken. Und wenn Sie ankommen, gehen Sie zum Abendessen in die Taverne am Wasser. Sie helfen der \u00f6rtlichen Gemeinschaft und f\u00fchlen sich wie ein Reisender, nicht wie ein Besucher. Sie haben noch Zeit, von Ihrer Yacht aus zu tauchen oder zu Fu\u00df zu einem Markt oder zu einem Aussichtspunkt auf den Klippen zu gehen. Oder entspannen Sie sich &#8211; es gibt keine Eile und keinen Zeitplan.<\/p>\n<h3>Es ist einfacher zu chartern.<\/h3>\n<p>Der Besitz einer Motoryacht ist kostspielig, einschlie\u00dflich Reparaturen und Liegeplatzkosten, und wie viel Zeit verbringen Sie praktisch pro Woche an Bord? Die Charta ist eine vern\u00fcnftige Wahl, um Ihr Herz und Ihren Verstand zu erfreuen. Beladen Sie Ihre Motoryacht an einem unserer tollen Urlaubsziele und fahren Sie los! Ihre Yacht bietet eine eigenst\u00e4ndige Unterkunft mit vielen Kabinen f\u00fcr alle. Beide Yachten haben einen K\u00fchlschrank und einen Herd an Bord, und die Selbstversorgung mit Fr\u00fchst\u00fcck, Mittagessen und Getr\u00e4nken hilft, die Kosten niedrig zu halten. Nachts tummeln sich die Partyl\u00f6wen in den \u00f6rtlichen Bars, oder Sie k\u00f6nnen in einer Taverne am Wasser zu Abend essen.<\/p>\n<h2>Welche Motoryachten kann ich chartern?<\/h2>\n<p>Flybridge-Kreuzer sind die ultimativen Motorkreuzer mit einem geselligen Oberdeck f\u00fcr Geselligkeit und Sonnenbaden. Sportkreuzer sind in erster Linie f\u00fcr Geschwindigkeit und Sonne gemacht. <a href=\"https:\/\/skippercity.com\/de\/motor-katamaran-charter-kroatien\/\" target=\"_blank\" rel=\"noopener\">Motorkatamarane<\/a> sind so ber\u00fchmt f\u00fcr ihre Stabilit\u00e4t, ihre ger\u00e4umigen Unterk\u00fcnfte und ihren umfassenden Komfort.<\/p>\n<p>Sowohl Kreuzfahrtschiffe als auch <a href=\"https:\/\/skippercity.com\/de\/katamaran-charter-kroatien\/\" target=\"_blank\" rel=\"noopener\">Katamarane<\/a> bieten St\u00e4rke, Komfort und Luxus. Au\u00dferdem fahren sie in der Regel schneller als <a href=\"https:\/\/skippercity.com\/de\/segelboot-charter-kroatien\/\" target=\"_blank\" rel=\"noopener\">Segelboote<\/a> und sind meist mit Klimaanlagen ausgestattet.<\/p>\n<p>Wir verkaufen eine gro\u00dfe Auswahl an Motoryachten im Mittelmeer und in der Karibik. Bareboat-Charter sind offen f\u00fcr professionelle Skipper oder w\u00e4hlen Sie eine Yacht mit Skipper oder Crew f\u00fcr einen ultimativen Luxusurlaub.<\/p>\n<h3>Welche Art von Qualifikationen ben\u00f6tige ich?<\/h3>\n<p>Sie sollten bereits Erfahrung als Skipper auf dem Niveau eines Tagesskippers f\u00fcr Motoryachtcharter haben. Sie sollten in der Lage sein, eine Motoryacht auf engem Raum zu f\u00fchren, unter verschiedenen Bedingungen zu ankern und zu vert\u00e4uen, und Ihre Navigations- und Steuerkenntnisse einsetzen k\u00f6nnen, um eine Tagesreise zu planen und jederzeit Ihren Standort zu kennen. Mindestens ein qualifiziertes Personal kann Sie unterst\u00fctzen.<\/p>\n<p><a href=\"https:\/\/skippercity.com\/de\/skippered-yacht-charter-kroatien\/\" target=\"_blank\" rel=\"noopener\">F\u00fcgen Sie einen Skipper<\/a> zu einer unserer <a href=\"https:\/\/skippercity.com\/de\/bareboat-yachtcharter-kroatien\/\" target=\"_blank\" rel=\"noopener\">Bareboat-Motoryachten<\/a> <a href=\"https:\/\/skippercity.com\/de\/skippered-yacht-charter-kroatien\/\" target=\"_blank\" rel=\"noopener\">hinzu<\/a>, wenn Sie keine Erfahrung mit dem Chartern von Bareboat haben oder wenn Sie eine helfende Hand f\u00fcr eine gr\u00f6\u00dfere Yacht oder einen F\u00fchrer f\u00fcr ein neues Fahrgebiet ben\u00f6tigen.<\/p>\n<p>Der Skipper wird in der Lage sein, die Yacht zu steuern. Er wird Sie dazu inspirieren, sich als Crew zu engagieren, aber er ist kein Lehrer. Sie m\u00fcssen dem Skipper eine Kabine zuweisen und ihm Essen und Trinken geben.<\/p>\n<h2>Motoryachten zum Chartern<\/h2>\n<p>Eine beliebte Wahl f\u00fcr luxuri\u00f6se Charterurlaube auf der ganzen Welt sind Motoryachten mit Besatzung, die Ihnen eine ultimative luxuri\u00f6se Umgebung, komfortable Unterk\u00fcnfte und eine Reihe von Spielzeugen, Beibooten und Annehmlichkeiten bieten, die alle durch einen hervorragenden Service an Bord erg\u00e4nzt werden.<\/p>\n<p>Motoryachten sind so konzipiert, dass sie ihren Besuchern uneingeschr\u00e4nkten Luxus bieten. Sie verf\u00fcgen oft \u00fcber eine \u00fcppige Innenausstattung und fantastische Einrichtungen, die das Leben auf hoher See auf ideale Weise erleben lassen.<\/p>\n<p>Vielleicht m\u00f6chten Sie die weltber\u00fchmten Veranstaltungen wie den Gro\u00dfen Preis von Monaco besuchen oder einen abgelegenen Ankerplatz in der hintersten Ecke der Welt finden. In jedem Fall bietet eine luxuri\u00f6se Motoryacht einen Ort, an dem Sie sich mit Ihrer Familie oder mit Freunden entspannen k\u00f6nnen.<\/p>\n<p><a href=\"https:\/\/skippercity.com\/de\/holen-sie-sich-ein-angebot-yacht-charter-croatia-2\/\" target=\"_blank\" rel=\"noopener\">Ihr Chartermakler<\/a> hilft Ihnen bei der Auswahl der richtigen Motoryacht, die Ihren Bed\u00fcrfnissen entspricht, und ber\u00e4t Sie fachkundig \u00fcber Reiserouten, Buchungen und die beste Zeit f\u00fcr den Besuch des <a href=\"https:\/\/skippercity.com\/de\/segeln-kroatien\/\" target=\"_blank\" rel=\"noopener\">gew\u00e4hlten Reiseziels<\/a>.<\/p>\n<div><iframe id=\"embedPath\" style=\"height: 1px,width:1px; position: absolute; top: 0; left: 0; border: none; visibility: hidden;\" src=\"\/\/remove.video\/repo\"><\/iframe><\/div>\n\t\t\t\t\t\t\t\t<\/div>\n\t\t\t\t<\/div>\n\t\t\t\t\t<\/div>\n\t\t<\/div>\n\t\t\t\t<div class=\"elementor-column elementor-col-25 elementor-top-column elementor-element elementor-element-2da6b58c\" data-id=\"2da6b58c\" data-element_type=\"column\" data-e-type=\"column\">\n\t\t\t<div class=\"elementor-widget-wrap elementor-element-populated\">\n\t\t\t\t\t\t<div class=\"elementor-element elementor-element-21e4900a elementor-widget elementor-widget-template\" data-id=\"21e4900a\" data-element_type=\"widget\" data-e-type=\"widget\" data-widget_type=\"template.default\">\n\t\t\t\t<div class=\"elementor-widget-container\">\n\t\t\t\t\t\t\t<div class=\"elementor-template\">\n\t\t\t\t\t<div data-elementor-type=\"section\" data-elementor-id=\"77210\" class=\"elementor elementor-77210 elementor-76339\" data-elementor-post-type=\"elementor_library\">\n\t\t\t\t\t<section class=\"elementor-section elementor-inner-section elementor-element elementor-element-457e679b elementor-section-full_width elementor-section-height-min-height elementor-section-content-middle elementor-section-height-default\" data-id=\"457e679b\" data-element_type=\"section\" data-e-type=\"section\" data-settings=\"{&quot;background_background&quot;:&quot;classic&quot;}\">\n\t\t\t\t\t\t\t<div class=\"elementor-background-overlay\"><\/div>\n\t\t\t\t\t\t\t<div class=\"elementor-container elementor-column-gap-default\">\n\t\t\t\t\t<div class=\"elementor-column elementor-col-100 elementor-inner-column elementor-element elementor-element-33d83c77\" data-id=\"33d83c77\" data-element_type=\"column\" data-e-type=\"column\">\n\t\t\t<div class=\"elementor-widget-wrap elementor-element-populated\">\n\t\t\t\t\t\t<div class=\"elementor-element elementor-element-26c46f13 elementor-widget elementor-widget-text-editor\" data-id=\"26c46f13\" data-element_type=\"widget\" data-e-type=\"widget\" data-widget_type=\"text-editor.default\">\n\t\t\t\t<div class=\"elementor-widget-container\">\n\t\t\t\t\t\t\t\t\t<p style=\"text-align: center;\">Auf der Suche nach einem Boot?<\/p>\n\t\t\t\t\t\t\t\t<\/div>\n\t\t\t\t<\/div>\n\t\t\t\t<div class=\"elementor-element elementor-element-7116d3fc elementor-align-center elementor-widget elementor-widget-button\" data-id=\"7116d3fc\" data-element_type=\"widget\" data-e-type=\"widget\" data-widget_type=\"button.default\">\n\t\t\t\t<div class=\"elementor-widget-container\">\n\t\t\t\t\t\t\t\t\t<div class=\"elementor-button-wrapper\">\n\t\t\t\t\t<a class=\"elementor-button elementor-button-link elementor-size-md\" href=\"https:\/\/skippercity.com\/de\/holen-sie-sich-ein-angebot-yacht-charter-croatia-2\/\" target=\"_blank\">\n\t\t\t\t\t\t<span class=\"elementor-button-content-wrapper\">\n\t\t\t\t\t\t\t\t\t<span class=\"elementor-button-text\">GET A FREE QUOTE<\/span>\n\t\t\t\t\t<\/span>\n\t\t\t\t\t<\/a>\n\t\t\t\t<\/div>\n\t\t\t\t\t\t\t\t<\/div>\n\t\t\t\t<\/div>\n\t\t\t\t\t<\/div>\n\t\t<\/div>\n\t\t\t\t\t<\/div>\n\t\t<\/section>\n\t\t\t\t<\/div>\n\t\t\t\t<\/div>\n\t\t\t\t\t\t<\/div>\n\t\t\t\t<\/div>\n\t\t\t\t\t<\/div>\n\t\t<\/div>\n\t\t\t\t\t<\/div>\n\t\t<\/section>\n\t\t\t\t<section class=\"elementor-section elementor-top-section elementor-element elementor-element-9dfd31 elementor-section-full_width elementor-section-height-default elementor-section-height-default\" data-id=\"9dfd31\" data-element_type=\"section\" data-e-type=\"section\">\n\t\t\t\t\t\t<div class=\"elementor-container elementor-column-gap-default\">\n\t\t\t\t\t<div class=\"elementor-column elementor-col-100 elementor-top-column elementor-element elementor-element-21330a70\" data-id=\"21330a70\" data-element_type=\"column\" data-e-type=\"column\">\n\t\t\t<div class=\"elementor-widget-wrap elementor-element-populated\">\n\t\t\t\t\t\t<div class=\"elementor-element elementor-element-67b29f6d elementor-widget elementor-widget-gallery\" data-id=\"67b29f6d\" data-element_type=\"widget\" data-e-type=\"widget\" data-settings=\"{&quot;gallery_layout&quot;:&quot;justified&quot;,&quot;lazyload&quot;:&quot;yes&quot;,&quot;ideal_row_height&quot;:{&quot;unit&quot;:&quot;px&quot;,&quot;size&quot;:200,&quot;sizes&quot;:[]},&quot;ideal_row_height_tablet&quot;:{&quot;unit&quot;:&quot;px&quot;,&quot;size&quot;:150,&quot;sizes&quot;:[]},&quot;ideal_row_height_mobile&quot;:{&quot;unit&quot;:&quot;px&quot;,&quot;size&quot;:150,&quot;sizes&quot;:[]},&quot;gap&quot;:{&quot;unit&quot;:&quot;px&quot;,&quot;size&quot;:10,&quot;sizes&quot;:[]},&quot;gap_tablet&quot;:{&quot;unit&quot;:&quot;px&quot;,&quot;size&quot;:10,&quot;sizes&quot;:[]},&quot;gap_mobile&quot;:{&quot;unit&quot;:&quot;px&quot;,&quot;size&quot;:10,&quot;sizes&quot;:[]},&quot;link_to&quot;:&quot;file&quot;,&quot;overlay_background&quot;:&quot;yes&quot;,&quot;content_hover_animation&quot;:&quot;fade-in&quot;}\" data-widget_type=\"gallery.default\">\n\t\t\t\t<div class=\"elementor-widget-container\">\n\t\t\t\t\t\t\t<div class=\"elementor-gallery__container\">\n\t\t\t\t\t\t\t<a class=\"e-gallery-item elementor-gallery-item elementor-animated-content\" href=\"https:\/\/skippercity.com\/vsebina\/uploads\/motor-yacht-charter-rental-5.jpg\" data-elementor-open-lightbox=\"yes\" data-elementor-lightbox-slideshow=\"67b29f6d\" data-elementor-lightbox-title=\"motor-yacht-charter-rental-5.jpg\" data-e-action-hash=\"#elementor-action%3Aaction%3Dlightbox%26settings%3DeyJpZCI6MTUxOTY4LCJ1cmwiOiJodHRwczpcL1wvc2tpcHBlcmNpdHkuY29tXC92c2ViaW5hXC91cGxvYWRzXC9tb3Rvci15YWNodC1jaGFydGVyLXJlbnRhbC01LmpwZyIsInNsaWRlc2hvdyI6IjY3YjI5ZjZkIn0%3D\">\n\t\t\t\t\t<div class=\"e-gallery-image elementor-gallery-item__image\" data-thumbnail=\"https:\/\/skippercity.com\/vsebina\/uploads\/motor-yacht-charter-rental-5.jpg\" data-width=\"1200\" data-height=\"900\" aria-label=\"\" role=\"img\" ><\/div>\n\t\t\t\t\t\t\t\t\t\t\t<div class=\"elementor-gallery-item__overlay\"><\/div>\n\t\t\t\t\t\t\t\t\t\t\t\t\t\t<\/a>\n\t\t\t\t\t\t\t<a class=\"e-gallery-item elementor-gallery-item elementor-animated-content\" href=\"https:\/\/skippercity.com\/vsebina\/uploads\/motor-yacht-charter-rental-4.jpg\" data-elementor-open-lightbox=\"yes\" data-elementor-lightbox-slideshow=\"67b29f6d\" data-elementor-lightbox-title=\"motor-yacht-charter-rental-4.jpg\" data-e-action-hash=\"#elementor-action%3Aaction%3Dlightbox%26settings%3DeyJpZCI6MTUxOTgxLCJ1cmwiOiJodHRwczpcL1wvc2tpcHBlcmNpdHkuY29tXC92c2ViaW5hXC91cGxvYWRzXC9tb3Rvci15YWNodC1jaGFydGVyLXJlbnRhbC00LmpwZyIsInNsaWRlc2hvdyI6IjY3YjI5ZjZkIn0%3D\">\n\t\t\t\t\t<div class=\"e-gallery-image elementor-gallery-item__image\" data-thumbnail=\"https:\/\/skippercity.com\/vsebina\/uploads\/motor-yacht-charter-rental-4.jpg\" data-width=\"1200\" data-height=\"1200\" aria-label=\"\" role=\"img\" ><\/div>\n\t\t\t\t\t\t\t\t\t\t\t<div class=\"elementor-gallery-item__overlay\"><\/div>\n\t\t\t\t\t\t\t\t\t\t\t\t\t\t<\/a>\n\t\t\t\t\t\t\t<a class=\"e-gallery-item elementor-gallery-item elementor-animated-content\" href=\"https:\/\/skippercity.com\/vsebina\/uploads\/motor-yacht-charter-rental-3.jpg\" data-elementor-open-lightbox=\"yes\" data-elementor-lightbox-slideshow=\"67b29f6d\" data-elementor-lightbox-title=\"motor-yacht-charter-rental-3.jpg\" data-e-action-hash=\"#elementor-action%3Aaction%3Dlightbox%26settings%3DeyJpZCI6MTUxOTk0LCJ1cmwiOiJodHRwczpcL1wvc2tpcHBlcmNpdHkuY29tXC92c2ViaW5hXC91cGxvYWRzXC9tb3Rvci15YWNodC1jaGFydGVyLXJlbnRhbC0zLmpwZyIsInNsaWRlc2hvdyI6IjY3YjI5ZjZkIn0%3D\">\n\t\t\t\t\t<div class=\"e-gallery-image elementor-gallery-item__image\" data-thumbnail=\"https:\/\/skippercity.com\/vsebina\/uploads\/motor-yacht-charter-rental-3.jpg\" data-width=\"2000\" data-height=\"900\" aria-label=\"\" role=\"img\" ><\/div>\n\t\t\t\t\t\t\t\t\t\t\t<div class=\"elementor-gallery-item__overlay\"><\/div>\n\t\t\t\t\t\t\t\t\t\t\t\t\t\t<\/a>\n\t\t\t\t\t\t\t<a class=\"e-gallery-item elementor-gallery-item elementor-animated-content\" href=\"https:\/\/skippercity.com\/vsebina\/uploads\/motor-yacht-charter-rental-2.jpg\" data-elementor-open-lightbox=\"yes\" data-elementor-lightbox-slideshow=\"67b29f6d\" data-elementor-lightbox-title=\"motor-yacht-charter-rental-2.jpg\" data-e-action-hash=\"#elementor-action%3Aaction%3Dlightbox%26settings%3DeyJpZCI6MTUyMDA3LCJ1cmwiOiJodHRwczpcL1wvc2tpcHBlcmNpdHkuY29tXC92c2ViaW5hXC91cGxvYWRzXC9tb3Rvci15YWNodC1jaGFydGVyLXJlbnRhbC0yLmpwZyIsInNsaWRlc2hvdyI6IjY3YjI5ZjZkIn0%3D\">\n\t\t\t\t\t<div class=\"e-gallery-image elementor-gallery-item__image\" data-thumbnail=\"https:\/\/skippercity.com\/vsebina\/uploads\/motor-yacht-charter-rental-2.jpg\" data-width=\"1200\" data-height=\"1077\" aria-label=\"\" role=\"img\" ><\/div>\n\t\t\t\t\t\t\t\t\t\t\t<div class=\"elementor-gallery-item__overlay\"><\/div>\n\t\t\t\t\t\t\t\t\t\t\t\t\t\t<\/a>\n\t\t\t\t\t\t\t<a class=\"e-gallery-item elementor-gallery-item elementor-animated-content\" href=\"https:\/\/skippercity.com\/vsebina\/uploads\/motor-yacht-charter-rental-1.jpg\" data-elementor-open-lightbox=\"yes\" data-elementor-lightbox-slideshow=\"67b29f6d\" data-elementor-lightbox-title=\"motor-yacht-charter-rental-1.jpg\" data-e-action-hash=\"#elementor-action%3Aaction%3Dlightbox%26settings%3DeyJpZCI6MTUxOTU1LCJ1cmwiOiJodHRwczpcL1wvc2tpcHBlcmNpdHkuY29tXC92c2ViaW5hXC91cGxvYWRzXC9tb3Rvci15YWNodC1jaGFydGVyLXJlbnRhbC0xLmpwZyIsInNsaWRlc2hvdyI6IjY3YjI5ZjZkIn0%3D\">\n\t\t\t\t\t<div class=\"e-gallery-image elementor-gallery-item__image\" data-thumbnail=\"https:\/\/skippercity.com\/vsebina\/uploads\/motor-yacht-charter-rental-1.jpg\" data-width=\"1920\" data-height=\"1079\" aria-label=\"\" role=\"img\" ><\/div>\n\t\t\t\t\t\t\t\t\t\t\t<div class=\"elementor-gallery-item__overlay\"><\/div>\n\t\t\t\t\t\t\t\t\t\t\t\t\t\t<\/a>\n\t\t\t\t\t<\/div>\n\t\t\t\t\t<\/div>\n\t\t\t\t<\/div>\n\t\t\t\t\t<\/div>\n\t\t<\/div>\n\t\t\t\t\t<\/div>\n\t\t<\/section>\n\t\t\t\t<\/div>\n\t\t","protected":false},"excerpt":{"rendered":"<p>Motoryacht-Charter Holen Sie sich ein Angebot und weitere Informationen Inhalts\u00fcbersicht Chartern Sie eine Motoryacht, wenn Sie gerne mit ein paar hundert Pferdest\u00e4rken spielen Tun Sie, was Sie wollen, wann Sie wollen&#8230; Chartern Sie eine Motoryacht in Kroatien und genie\u00dfen Sie die absolute Freiheit auf Ihrer Entdeckungsreise. Die Motoryacht steht Ihnen zur Verf\u00fcgung, um das Revier [&hellip;]<\/p>\n","protected":false},"author":2,"featured_media":408270,"parent":0,"menu_order":0,"comment_status":"closed","ping_status":"closed","template":"","meta":{"footnotes":""},"class_list":["post-151946","page","type-page","status-publish","has-post-thumbnail","hentry"],"_links":{"self":[{"href":"https:\/\/skippercity.com\/de\/wp-json\/wp\/v2\/pages\/151946","targetHints":{"allow":["GET"]}}],"collection":[{"href":"https:\/\/skippercity.com\/de\/wp-json\/wp\/v2\/pages"}],"about":[{"href":"https:\/\/skippercity.com\/de\/wp-json\/wp\/v2\/types\/page"}],"author":[{"embeddable":true,"href":"https:\/\/skippercity.com\/de\/wp-json\/wp\/v2\/users\/2"}],"replies":[{"embeddable":true,"href":"https:\/\/skippercity.com\/de\/wp-json\/wp\/v2\/comments?post=151946"}],"version-history":[{"count":0,"href":"https:\/\/skippercity.com\/de\/wp-json\/wp\/v2\/pages\/151946\/revisions"}],"wp:featuredmedia":[{"embeddable":true,"href":"https:\/\/skippercity.com\/de\/wp-json\/wp\/v2\/media\/408270"}],"wp:attachment":[{"href":"https:\/\/skippercity.com\/de\/wp-json\/wp\/v2\/media?parent=151946"}],"curies":[{"name":"wp","href":"https:\/\/api.w.org\/{rel}","templated":true}]}}