{"id":412098,"date":"2024-01-14T20:42:38","date_gmt":"2024-01-14T20:42:38","guid":{"rendered":"https:\/\/www.skippercity.com\/partner-tos-seite\/"},"modified":"2024-01-20T06:48:19","modified_gmt":"2024-01-20T06:48:19","slug":"partner-tos-seite","status":"publish","type":"page","link":"https:\/\/skippercity.com\/de\/partner-tos-seite\/","title":{"rendered":"Partner-TOS-Seite"},"content":{"rendered":"\t\t<div data-elementor-type=\"wp-page\" data-elementor-id=\"412098\" class=\"elementor elementor-412098 elementor-412033\" data-elementor-post-type=\"page\">\n\t\t\t\t<div class=\"elementor-element elementor-element-e8b4547 e-con-full e-flex e-con e-parent\" data-id=\"e8b4547\" data-element_type=\"container\" data-e-type=\"container\">\n\t\t<div class=\"elementor-element elementor-element-6c6403f e-con-full e-flex e-con e-child\" data-id=\"6c6403f\" data-element_type=\"container\" data-e-type=\"container\">\n\t\t\t\t<\/div>\n\t\t<div class=\"elementor-element elementor-element-c162eda e-con-full e-flex e-con e-child\" data-id=\"c162eda\" data-element_type=\"container\" data-e-type=\"container\">\n\t\t\t\t<div class=\"elementor-element elementor-element-3553b57 elementor-widget elementor-widget-text-editor\" data-id=\"3553b57\" data-element_type=\"widget\" data-e-type=\"widget\" data-widget_type=\"text-editor.default\">\n\t\t\t\t<div class=\"elementor-widget-container\">\n\t\t\t\t\t\t\t\t\t<h2>Partnervereinbarung<\/h2>\n<h2>(Allgemeine Gesch\u00e4ftsbedingungen des Partnerprogramms)<\/h2>\n<p>Diese Vereinbarung (die &#8222;Vereinbarung&#8220;) wird zwischen SkipperCity, Blackbird<br \/>One Ltd, 5 Secretary&#8217;s Lane, Gibraltar GX11 1AA, (das &#8222;Unternehmen&#8220;), und<br \/>Tochtergesellschaft (die &#8222;Tochtergesellschaft&#8220;), und gemeinsam (die &#8222;Parteien&#8220;) f\u00fcr<br \/>Teilnahme am Partnerprogramm des Unternehmens.<\/p>\n<p>Der Partner m\u00f6chte bestimmte Materialien, die f\u00fcr das Unternehmen werben, einbinden, und<br \/>einen Link zur Website des Unternehmens in diese Materialien aufzunehmen auf<br \/>der Website des Partners und\/oder an anderer Stelle im Internet;<\/p>\n<p>DARUM, in Anbetracht der gegenseitigen Versprechen, Vereinbarungen und Abmachungen,<br \/>Garantien und anderen guten und wertvollen Gegenleistungen, die hierin festgelegt sind,<br \/>vereinbaren die Parteien folgendes:<\/p>\n<ol>\n<li><b>Werbematerialien.<\/b>  Das Unternehmen stellt Folgendes zur Verf\u00fcgung<br \/>Bestimmte Werbebanner, Button-Links, Textlinks,<br \/>und\/oder anderes Grafik- oder Textmaterial zur Anzeige und Verwendung auf der Website<br \/>Partner-Website (die &#8222;Werbematerialien&#8220;) und\/oder an anderer Stelle auf<br \/>Internet. Der Partner soll die Werbematerialien ausstellen auf<br \/>Website des Partners und\/oder an anderer Stelle im Internet an prominenter Stelle und als<br \/>Mitgliedsorganisation f\u00fcr angemessen h\u00e4lt, vorausgesetzt, die Art und Weise der Anzeige unterliegt<br \/>den Bestimmungen und Bedingungen dieses Abkommens. Das Mitglied muss au\u00dferdem<br \/>einen Link von den Werbematerialien zur Website des Unternehmens enthalten, da<br \/>vom Unternehmen angegeben.<\/li>\n<li><b>Verwendung von Werbematerialien.  <\/b>Nutzung und Anzeige durch den Partner<br \/>der Werbematerialien auf der Website des Partners und\/oder anderswo<br \/>im Internet m\u00fcssen den folgenden Bedingungen und Konditionen entsprechen<br \/>Spezifikationen:\n<ul>\n<li>a. Der Partner darf keine grafischen, textlichen oder anderen Materialien verwenden<br \/>der Website des Unternehmens (https:\/\/yachtco.net), andere Produkte oder Dienstleistungen<br \/>als die Werbematerialien, es sei denn, das Unternehmen stimmt schriftlich zu<br \/>bevor sie angezeigt werden.<\/li>\n<li>b. Der Partner darf die Werbematerialien nur f\u00fcr den Zweck verwenden<br \/>die Website des Unternehmens (und die verf\u00fcgbaren Produkte und Dienstleistungen) zu bewerben<br \/>darauf) und f\u00fcr die Verlinkung mit der Website des Unternehmens.<\/li>\n<li>c. Der Partner wird keine \u00c4nderungen, Erg\u00e4nzungen, Abstriche oder sonstige<br \/>die Werbematerialien in der Form zu \u00e4ndern, wie sie vom Unternehmen erstellt werden. Wenn<br \/>Der Partner m\u00f6chte die Werbematerialien \u00e4ndern oder anderweitig modifizieren,<br \/>Der Partner muss die vorherige schriftliche Zustimmung des Unternehmens f\u00fcr solche<br \/>\u00c4nderung der Modifikation.<\/li>\n<li>d. Die Werbematerialien werden verwendet, um auf die Website des Unternehmens zu verlinken, und zwar auf die spezifischen Seiten und Adressen innerhalb der Website.<\/li>\n<li>e. Die Partner k\u00f6nnen ihre eigenen Werbematerialien (Grafiken, Texte oder andere) nach eigenem Ermessen erstellen.<\/li>\n<\/ul>\n<\/li>\n<li><b>Lizenz<\/b>. Das Unternehmen gew\u00e4hrt dem Partner hiermit ein nicht-exklusives,<br \/>nicht \u00fcbertragbare Lizenz (die &#8222;Lizenz&#8220;) zur Nutzung der Werbematerialien<br \/>nach Ma\u00dfgabe der Bestimmungen und Bedingungen dieses Abkommens. Der Begriff<br \/>der Lizenz erlischt mit dem Ablauf oder der Beendigung dieses<br \/>Vereinbarung.<\/li>\n<li><b>Geistiges Eigentum.<\/b>  Das Unternehmen beh\u00e4lt sich alle Rechte und das Eigentum vor,<br \/>und Interesse an den Werbematerialien sowie an allen Urheberrechten,<br \/>Marke oder sonstiges geistiges Eigentum in den Werbematerialien.<br \/>Keine Bestimmung dieses Abkommens ist so auszulegen, dass sie dem Partner irgendwelche<br \/>Rechte, Eigentum oder Interesse an den Werbematerialien oder an den<br \/>zugrundeliegenden geistigen Eigentums, mit Ausnahme der Rechte zur Nutzung des<br \/>Werbematerialien, die im Rahmen der Lizenz gew\u00e4hrt werden, wie in Abschnitt<br \/>3.<\/li>\n<li><b>Beziehung zwischen den Parteien.  <\/b>Dieses Abkommen gilt nicht<br \/>so ausgelegt werden, dass ein Arbeitsverh\u00e4ltnis, eine Agenturbeziehung oder ein<br \/>Partnerschaft zwischen Unternehmen und Partner. Das Mitglied muss Folgendes bereitstellen<br \/>Dienstleistungen f\u00fcr das Unternehmen als unabh\u00e4ngiger Auftragnehmer. Das Mitglied hat<br \/>keine Befugnis, das Unternehmen in irgendeiner Vereinbarung zu binden, noch ist der<br \/>in keiner Weise als Vertreter des Unternehmens angesehen werden.<\/li>\n<li><b>Provisionen:<br \/><\/b>\n<ul>\n<li>a. Als Gegenleistung f\u00fcr die Anzeige der Werbematerialien durch den Partner,<br \/>und f\u00fcr die Einhaltung und Erf\u00fcllung der Bedingungen durch den Partner<br \/>Bedingungen dieses Vertrages, zahlt das Unternehmen dem verbundenen Unternehmen eine<br \/>Provision (die &#8222;Provision&#8220;) in H\u00f6he eines Prozentsatzes des Preises f\u00fcr<br \/>Unterbringung auf einem Schiff, das von einem Besucher gebucht wurde, der Zugang zum Unternehmen hat<br \/>Website \u00fcber einen Link auf der Website des Affiliates oder \u00fcber die Website des Affiliates<br \/>Link an anderer Stelle im Internet. Der derzeitige Prozentsatz betr\u00e4gt 20 %. Diese<br \/>Der Prozentsatz kann von der Gesellschaft jederzeit ge\u00e4ndert werden.<\/li>\n<li>b. Das Unternehmen f\u00fchrt genaue und aktuelle Aufzeichnungen \u00fcber die Daten<br \/>bis zur Beendigung dieser Vereinbarung zur Ermittlung des Gesamtbetrags der<br \/>H\u00f6he der dem Partner geschuldeten Provisionen. Das Mitglied erh\u00e4lt<br \/>auf Antrag angemessenen Zugang zu diesen Unterlagen. Jede Diskrepanz zwischen<br \/>die H\u00f6he der nach diesen Aufzeichnungen geschuldeten Provisionen und die<br \/>tats\u00e4chliche H\u00f6he der an den Partner in einem oder mehreren Zeitr\u00e4umen gezahlten Provisionen<br \/>werden vom Unternehmen innerhalb von 14 Tagen nach Entdeckung des Fehlers behoben.<br \/>Diskrepanz.<\/li>\n<li>c. Die Kommissionen werden f\u00fcr einen Zeitraum von 30 Tagen ab dem Datum des Schiffes gehalten.<br \/>Vermietungsende, um das Unternehmen im Falle einer R\u00fcckbuchung zu sch\u00fctzen, die<br \/>auftreten. Das Unternehmen zahlt alle aufgelaufenen und zu zahlenden Provisionen an<br \/>Partner innerhalb von 30 Tagen nach Ende der Bootsvermietung (die &#8222;Provisionszahlung<br \/>Datum&#8220;).<\/li>\n<li>d. F\u00fcr den Fall, dass der Partner diese Vereinbarung wesentlich verletzt<br \/>und das Unternehmen diese Vereinbarung innerhalb von 30 Tagen nach einem solchen Versto\u00df k\u00fcndigt,<br \/>dann werden alle aufgelaufenen und f\u00e4lligen Provisionen, die dem Partner zustehen<br \/>verwirkt, und das Unternehmen ist nicht verpflichtet, solche Provisionen an<br \/>Partner.<\/li>\n<\/ul>\n<\/li>\n<li><b>Zusicherungen und Garantien der Partner.<\/b>  Der Partner sichert Folgendes zu und gew\u00e4hrleistet Folgendes:\n<ul>\n<li>a. Das Mitglied hat die rechtliche Befugnis, diese Vereinbarung zu schlie\u00dfen.<br \/>und an die Versprechen, Vereinbarungen und sonstigen Pflichten gebunden zu sein, die<br \/>in diesem Abkommen.<\/li>\n<li>b. Die Website des Affiliates und\/oder die Link-Seite des Affiliates enthalten keine Materialien, die:\n<ul>\n<li>i. Sexuell eindeutig, obsz\u00f6n oder pornografisch;<\/li>\n<li>ii. Beleidigend, profan, hasserf\u00fcllt, bedrohlich, sch\u00e4dlich, verleumderisch,<br \/>verleumderisch, bel\u00e4stigend oder diskriminierend sind (unabh\u00e4ngig davon, ob sie auf Rasse basieren),<br \/>Ethnie, Glaube, Religion, Geschlecht, sexuelle Orientierung, k\u00f6rperliche<br \/>Behinderung oder anderweitig);<\/li>\n<li>iii. Graphisch gewaltt\u00e4tig, einschlie\u00dflich gewaltt\u00e4tiger Videospielbilder; oder<\/li>\n<li>iv. Anstiftung zu ungesetzlichem Verhalten<\/li>\n<\/ul>\n<\/li>\n<li>c. Das verbundene Unternehmen hat alle erforderlichen Genehmigungen, Lizenzen oder<br \/>andere Erlaubnis f\u00fcr jegliches geistige Eigentum, das auf den Seiten des Partners<br \/>Website. Nichts auf der Website von Affiliate verletzt das geistige Eigentum von<br \/>Eigentumsrechte einer nat\u00fcrlichen oder juristischen Person. Keine nat\u00fcrliche oder juristische Person hat<br \/>oder eine Klage wegen eines solchen Versto\u00dfes angedroht, noch hat der Partner<br \/>Grund zu der Annahme haben, dass eine nat\u00fcrliche oder juristische Person eine Klage einreichen wird oder<br \/>eine solche Forderung f\u00fcr die Zukunft androhen.<\/li>\n<li>d. Der Partner wird die Werbematerialien in keiner anderen Weise als in Abschnitt 2 oben dargelegt verwenden.<\/li>\n<li>e. Der Partner erhebt keinen Anspruch auf das Eigentum an den Werbematerialien.<br \/>Materialien oder des Urheberrechts, der Marke oder anderer geistiger<br \/>darin enthaltenes Eigentum.<\/li>\n<li>f. Der Partner wird keine Informationen ver\u00f6ffentlichen oder anderweitig verbreiten<br \/>Werbematerialien f\u00fcr die Website des Partners, die auf das Unternehmen oder<br \/>der Website des Unternehmens, es sei denn, das Unternehmen gibt vorher schriftlich sein Einverst\u00e4ndnis<br \/>die Verbreitung solcher Materialien. Der Partner wird den Namen des Unternehmens nicht verwenden<br \/>(oder jeden Namen, der dem Namen des Unternehmens zum Verwechseln \u00e4hnlich ist) f\u00fcr jede<br \/>auf seiner Website, in seinem Werbematerial oder in anderen<br \/>Zusammenhang, au\u00dfer zur F\u00f6rderung der Website des Unternehmens, wie in dieser<br \/>Vereinbarung. Der Partner wird keine Domainnamen registrieren, die Folgendes beinhalten<br \/>Name des Unternehmens, oder der dem Namen des Unternehmens zum Verwechseln \u00e4hnlich ist.<\/li>\n<li>g. Das Mitglied wird sich nicht an der Verteilung von unaufgeforderten<br \/>Massen-E-Mails (Spam), die in irgendeiner Weise auf das Unternehmen oder<br \/>Die Website des Unternehmens.<\/li>\n<li>h. Die Website des Partners und\/oder die Linkseite des Partners m\u00fcssen thematisch mit dem Inhalt der Website des Unternehmens zusammenh\u00e4ngen.<\/li>\n<\/ul>\n<\/li>\n<li><b>Entsch\u00e4digung.<\/b>  Das verbundene Unternehmen h\u00e4lt das Unternehmen schadlos und h\u00e4lt<br \/>das Unternehmen von allen Anspr\u00fcchen, Sch\u00e4den, Klagen, Beschwerden oder<br \/>sonstige Kosten, die sich aus einer Verletzung der Garantien des Mitglieds ergeben<br \/>wie in Abschnitt 7 beschrieben. Der Partner muss au\u00dferdem entsch\u00e4digen und halten<br \/>Unternehmen f\u00fcr alle Sch\u00e4den, Verluste oder sonstigen Kosten schadlos zu halten, die aus der<br \/>die Nutzung oder den Missbrauch des Werbematerials durch den Partner.<\/li>\n<li><b>Vertraulichkeit.  <\/b>Alle Informationen, denen der Partner ausgesetzt ist<br \/>aufgrund seiner Beziehung zum Unternehmen im Rahmen dieses Vertrags, der<br \/>Informationen nicht f\u00fcr die \u00d6ffentlichkeit zug\u00e4nglich sind, gelten als<br \/>als &#8222;vertrauliche Unternehmensinformationen&#8220; zu betrachten. Der Partner darf keine Informationen \u00fcber<br \/>vertrauliche Informationen des Unternehmens an eine nat\u00fcrliche oder juristische Person weitergeben, au\u00dfer wenn<br \/>gesetzlich vorgeschrieben ist, es sei denn, der Partner erh\u00e4lt eine vorherige schriftliche Zustimmung f\u00fcr<br \/>eine solche Offenlegung durch das Unternehmen.<\/li>\n<li><b>Begriff.<br \/><\/b>\n<ul>\n<li>a. Diese Vereinbarung tritt sofort in Kraft und bleibt in vollem Umfang in Kraft, bis sie gem\u00e4\u00df diesem Abschnitt 10 gek\u00fcndigt wird.<\/li>\n<li>b. Jede Vertragspartei hat das Recht, dieses Abkommen zu k\u00fcndigen, wenn<br \/>zu jeder Zeit und aus jedem Grund. Die k\u00fcndigende Vertragspartei muss schriftlich mitteilen<br \/>die andere Vertragspartei mindestens 30 Tage vor dem geplanten Zeitpunkt der<br \/>Beendigung.<\/li>\n<\/ul>\n<\/li>\n<li><b>Steuern.<\/b>  Das Unternehmen ist nicht verantwortlich f\u00fcr Steuern, die von<br \/>Verbundene Unternehmen, die sich aus der Beziehung des Verbundenen Unternehmens zum Unternehmen ergeben, wie<br \/>in diesem Abkommen festgelegt. Das Unternehmen beh\u00e4lt keine Steuern von den<br \/>An den Partner gezahlte Provisionen.<\/li>\n<li><b>Begrenzung der Haftung.<\/b>  Das Unternehmen ist nicht haftbar f\u00fcr jegliche<br \/>entgangene Gewinne oder Kosten oder f\u00fcr jegliche direkte, indirekte, besondere oder<br \/>Neben- oder Folgesch\u00e4den, einschlie\u00dflich der Kosten im Zusammenhang mit dem<br \/>Beschaffung von Ersatzwaren oder -dienstleistungen (unabh\u00e4ngig davon, ob das Unternehmen<br \/>die M\u00f6glichkeit eines solchen Schadens h\u00e4tte kennen oder darauf hinweisen m\u00fcssen),<br \/>die sich aus einem Verlust, einer Aussetzung oder Unterbrechung ergeben oder damit zusammenh\u00e4ngen<br \/>des Dienstes, der Beendigung dieser Vereinbarung, der Nutzung oder des Missbrauchs der<br \/>Werbematerialien oder sonstige Leistungen im Rahmen dieses Vertrags<br \/>Vereinbarung.<\/li>\n<li><b>Gegenst\u00fccke.<\/b>  Dieses Abkommen kann in mehreren Teilen ausgef\u00fchrt werden<br \/>Ausfertigungen, von denen jede ein Original darstellt und alle<br \/>die zusammen eine einzige Vereinbarung bilden.<\/li>\n<li><b>Trennbarkeit.<\/b>  Sollte ein Teil oder Teile dieses Abkommens<br \/>aus irgendeinem Grund f\u00fcr nicht durchsetzbar erkl\u00e4rt werden, bleibt der Rest dieses Abkommens<br \/>bleiben in vollem Umfang in Kraft und wirksam. Wenn eine Bestimmung dieser<br \/>Vereinbarung von einem zust\u00e4ndigen Gericht f\u00fcr ung\u00fcltig oder nicht durchsetzbar erkl\u00e4rt wird<br \/>Gerichtsbarkeit, und wenn die Einschr\u00e4nkung einer solchen Bestimmung dazu f\u00fchren w\u00fcrde, dass die Bestimmung<br \/>g\u00fcltig ist, so ist diese Bestimmung so zu verstehen, dass sie<br \/>begrenzt.<\/li>\n<li><b>Rubriken<\/b>. Die \u00dcberschriften der einzelnen Abschnitte dienen lediglich der \u00dcbersichtlichkeit und haben keinen Einfluss auf die Bedeutung der Bestimmungen dieses Abkommens.<\/li>\n<li><b>Gesamte Vereinbarung.<\/b>  Dieses Abkommen stellt die gesamte<br \/>Vereinbarung zwischen dem Unternehmen und dem verbundenen Unternehmen und ersetzt alle fr\u00fcheren<br \/>Absprachen oder Zusicherungen jeglicher Art vor dem Datum dieser<br \/>Vereinbarung. Es gibt keine weiteren Versprechen, Bedingungen, Absprachen oder<br \/>sonstige Vereinbarungen, ob m\u00fcndlich oder schriftlich, die sich auf den Gegenstand beziehen<br \/>Gegenstand dieses Abkommens<\/li>\n<\/ol>\n\t\t\t\t\t\t\t\t<\/div>\n\t\t\t\t<\/div>\n\t\t\t\t<\/div>\n\t\t<div class=\"elementor-element elementor-element-510b0b1 e-con-full e-flex e-con e-child\" data-id=\"510b0b1\" data-element_type=\"container\" data-e-type=\"container\">\n\t\t\t\t<\/div>\n\t\t\t\t<\/div>\n\t\t\t\t<\/div>\n\t\t","protected":false},"excerpt":{"rendered":"<p>Partnervereinbarung (Allgemeine Gesch\u00e4ftsbedingungen des Partnerprogramms) Diese Vereinbarung (die &#8222;Vereinbarung&#8220;) wird zwischen SkipperCity, BlackbirdOne Ltd, 5 Secretary&#8217;s Lane, Gibraltar GX11 1AA, (das &#8222;Unternehmen&#8220;), undTochtergesellschaft (die &#8222;Tochtergesellschaft&#8220;), und gemeinsam (die &#8222;Parteien&#8220;) f\u00fcrTeilnahme am Partnerprogramm des Unternehmens. Der Partner m\u00f6chte bestimmte Materialien, die f\u00fcr das Unternehmen werben, einbinden, undeinen Link zur Website des Unternehmens in diese Materialien aufzunehmen [&hellip;]<\/p>\n","protected":false},"author":2,"featured_media":408270,"parent":0,"menu_order":0,"comment_status":"closed","ping_status":"closed","template":"","meta":{"footnotes":""},"class_list":["post-412098","page","type-page","status-publish","has-post-thumbnail","hentry"],"_links":{"self":[{"href":"https:\/\/skippercity.com\/de\/wp-json\/wp\/v2\/pages\/412098","targetHints":{"allow":["GET"]}}],"collection":[{"href":"https:\/\/skippercity.com\/de\/wp-json\/wp\/v2\/pages"}],"about":[{"href":"https:\/\/skippercity.com\/de\/wp-json\/wp\/v2\/types\/page"}],"author":[{"embeddable":true,"href":"https:\/\/skippercity.com\/de\/wp-json\/wp\/v2\/users\/2"}],"replies":[{"embeddable":true,"href":"https:\/\/skippercity.com\/de\/wp-json\/wp\/v2\/comments?post=412098"}],"version-history":[{"count":0,"href":"https:\/\/skippercity.com\/de\/wp-json\/wp\/v2\/pages\/412098\/revisions"}],"wp:featuredmedia":[{"embeddable":true,"href":"https:\/\/skippercity.com\/de\/wp-json\/wp\/v2\/media\/408270"}],"wp:attachment":[{"href":"https:\/\/skippercity.com\/de\/wp-json\/wp\/v2\/media?parent=412098"}],"curies":[{"name":"wp","href":"https:\/\/api.w.org\/{rel}","templated":true}]}}