{"id":416123,"date":"2024-03-01T09:09:14","date_gmt":"2024-03-01T09:09:14","guid":{"rendered":"https:\/\/www.skippercity.com\/yachtcharter-check-in-leitfaden\/"},"modified":"2024-03-01T09:24:22","modified_gmt":"2024-03-01T09:24:22","slug":"yachtcharter-check-in-leitfaden","status":"publish","type":"page","link":"https:\/\/skippercity.com\/de\/yachtcharter-check-in-leitfaden\/","title":{"rendered":"Yachtcharter Check-in Leitfaden"},"content":{"rendered":"\t\t<div data-elementor-type=\"wp-page\" data-elementor-id=\"416123\" class=\"elementor elementor-416123 elementor-416101\" data-elementor-post-type=\"page\">\n\t\t\t\t<div class=\"elementor-element elementor-element-9e4c9ac e-con-full e-flex e-con e-parent\" data-id=\"9e4c9ac\" data-element_type=\"container\" data-e-type=\"container\" data-settings=\"{&quot;background_background&quot;:&quot;classic&quot;}\">\n\t\t\t\t<\/div>\n\t\t\t\t<section class=\"elementor-section elementor-top-section elementor-element elementor-element-10ce9678 elementor-section-full_width elementor-section-height-default elementor-section-height-default\" data-id=\"10ce9678\" data-element_type=\"section\" data-e-type=\"section\">\n\t\t\t\t\t\t<div class=\"elementor-container elementor-column-gap-default\">\n\t\t\t\t\t<div class=\"elementor-column elementor-col-25 elementor-top-column elementor-element elementor-element-7be25744\" data-id=\"7be25744\" data-element_type=\"column\" data-e-type=\"column\">\n\t\t\t<div class=\"elementor-widget-wrap elementor-element-populated\">\n\t\t\t\t\t\t<div class=\"elementor-element elementor-element-21fce7b4 elementor-toc--minimized-on-tablet elementor-widget elementor-widget-table-of-contents\" data-id=\"21fce7b4\" data-element_type=\"widget\" data-e-type=\"widget\" data-settings=\"{&quot;exclude_headings_by_selector&quot;:[],&quot;marker_view&quot;:&quot;bullets&quot;,&quot;headings_by_tags&quot;:[&quot;h2&quot;,&quot;h3&quot;,&quot;h4&quot;,&quot;h5&quot;,&quot;h6&quot;],&quot;icon&quot;:{&quot;value&quot;:&quot;fas fa-circle&quot;,&quot;library&quot;:&quot;fa-solid&quot;,&quot;rendered_tag&quot;:&quot;&lt;svg class=\\&quot;e-font-icon-svg e-fas-circle\\&quot; viewBox=\\&quot;0 0 512 512\\&quot; xmlns=\\&quot;http:\\\/\\\/www.w3.org\\\/2000\\\/svg\\&quot;&gt;&lt;path d=\\&quot;M256 8C119 8 8 119 8 256s111 248 248 248 248-111 248-248S393 8 256 8z\\&quot;&gt;&lt;\\\/path&gt;&lt;\\\/svg&gt;&quot;},&quot;no_headings_message&quot;:&quot;Es wurden keine \\u00dcberschriften auf dieser Seite gefunden.&quot;,&quot;minimize_box&quot;:&quot;yes&quot;,&quot;minimized_on&quot;:&quot;tablet&quot;,&quot;hierarchical_view&quot;:&quot;yes&quot;,&quot;min_height&quot;:{&quot;unit&quot;:&quot;px&quot;,&quot;size&quot;:&quot;&quot;,&quot;sizes&quot;:[]},&quot;min_height_tablet&quot;:{&quot;unit&quot;:&quot;px&quot;,&quot;size&quot;:&quot;&quot;,&quot;sizes&quot;:[]},&quot;min_height_mobile&quot;:{&quot;unit&quot;:&quot;px&quot;,&quot;size&quot;:&quot;&quot;,&quot;sizes&quot;:[]}}\" data-widget_type=\"table-of-contents.default\">\n\t\t\t\t<div class=\"elementor-widget-container\">\n\t\t\t\t\t\t\t\t\t<div class=\"elementor-toc__header\">\n\t\t\t\t\t\t<h4 class=\"elementor-toc__header-title\">\n\t\t\t\tInhalts\u00fcbersicht\t\t\t<\/h4>\n\t\t\t\t\t\t\t\t\t\t<div class=\"elementor-toc__toggle-button elementor-toc__toggle-button--expand\" role=\"button\" tabindex=\"0\" aria-controls=\"elementor-toc__21fce7b4\" aria-expanded=\"true\" aria-label=\"Inhaltsverzeichnis \u00f6ffnen\"><svg aria-hidden=\"true\" class=\"e-font-icon-svg e-fas-chevron-down\" viewBox=\"0 0 448 512\" xmlns=\"http:\/\/www.w3.org\/2000\/svg\"><path d=\"M207.029 381.476L12.686 187.132c-9.373-9.373-9.373-24.569 0-33.941l22.667-22.667c9.357-9.357 24.522-9.375 33.901-.04L224 284.505l154.745-154.021c9.379-9.335 24.544-9.317 33.901.04l22.667 22.667c9.373 9.373 9.373 24.569 0 33.941L240.971 381.476c-9.373 9.372-24.569 9.372-33.942 0z\"><\/path><\/svg><\/div>\n\t\t\t\t<div class=\"elementor-toc__toggle-button elementor-toc__toggle-button--collapse\" role=\"button\" tabindex=\"0\" aria-controls=\"elementor-toc__21fce7b4\" aria-expanded=\"true\" aria-label=\"Inhaltsverzeichnis schlie\u00dfen\"><svg aria-hidden=\"true\" class=\"e-font-icon-svg e-fas-chevron-up\" viewBox=\"0 0 448 512\" xmlns=\"http:\/\/www.w3.org\/2000\/svg\"><path d=\"M240.971 130.524l194.343 194.343c9.373 9.373 9.373 24.569 0 33.941l-22.667 22.667c-9.357 9.357-24.522 9.375-33.901.04L224 227.495 69.255 381.516c-9.379 9.335-24.544 9.317-33.901-.04l-22.667-22.667c-9.373-9.373-9.373-24.569 0-33.941L207.03 130.525c9.372-9.373 24.568-9.373 33.941-.001z\"><\/path><\/svg><\/div>\n\t\t\t\t\t<\/div>\n\t\t\t\t<div id=\"elementor-toc__21fce7b4\" class=\"elementor-toc__body\">\n\t\t\t<div class=\"elementor-toc__spinner-container\">\n\t\t\t\t<svg class=\"elementor-toc__spinner eicon-animation-spin e-font-icon-svg e-eicon-loading\" aria-hidden=\"true\" viewBox=\"0 0 1000 1000\" xmlns=\"http:\/\/www.w3.org\/2000\/svg\"><path d=\"M500 975V858C696 858 858 696 858 500S696 142 500 142 142 304 142 500H25C25 237 238 25 500 25S975 237 975 500 763 975 500 975Z\"><\/path><\/svg>\t\t\t<\/div>\n\t\t<\/div>\n\t\t\t\t\t\t<\/div>\n\t\t\t\t<\/div>\n\t\t\t\t\t<\/div>\n\t\t<\/div>\n\t\t\t\t<div class=\"elementor-column elementor-col-50 elementor-top-column elementor-element elementor-element-741733cc\" data-id=\"741733cc\" data-element_type=\"column\" data-e-type=\"column\">\n\t\t\t<div class=\"elementor-widget-wrap elementor-element-populated\">\n\t\t\t\t\t\t<div class=\"elementor-element elementor-element-9e717b7 elementor-widget elementor-widget-text-editor\" data-id=\"9e717b7\" data-element_type=\"widget\" data-e-type=\"widget\" data-widget_type=\"text-editor.default\">\n\t\t\t\t<div class=\"elementor-widget-container\">\n\t\t\t\t\t\t\t\t\t<h1><strong>Yachtcharter Check-in Leitfaden<\/strong><\/h1>\n<h2 data-sourcepos=\"1:1-1:75\">Yachtcharter Check-in: Reibungslos in See stechen f\u00fcr ein unvergessliches Abenteuer<\/h2>\n<p data-sourcepos=\"3:1-3:184\"><strong>Machen Sie sich bereit f\u00fcr Ihren Traum-Segelurlaub!<\/strong>  Dieser umfassende Leitfaden sorgt f\u00fcr einen reibungslosen Ablauf beim Einchecken auf Ihrer Charteryacht, so dass Sie Ihr Abenteuer gleich richtig beginnen k\u00f6nnen.<\/p>\n<h3 data-sourcepos=\"5:1-5:24\"><span style=\"text-decoration: underline;\"><strong>Vor dem Segelsetzen:<\/strong><\/span><\/h3>\n<p data-sourcepos=\"7:1-7:37\"><strong>1. Crewliste und Lizenzen einreichen:<\/strong><\/p>\n<ul data-sourcepos=\"9:1-11:0\">\n<li data-sourcepos=\"9:1-9:143\">Sorgen Sie f\u00fcr einen reibungslosen Check-in, indem Sie Ihre <strong>Crewliste<\/strong> und Ihre <strong>Segel-\/VHF-Lizenzen<\/strong> im Voraus \u00fcbermitteln. Die erforderlichen Formulare erhalten Sie von Ihrem Vertreter.<\/li>\n<li data-sourcepos=\"10:1-11:0\">Mindestens ein Besatzungsmitglied ben\u00f6tigt eine <strong>g\u00fcltige UKW-Lizenz<\/strong> f\u00fcr die Kommunikation auf See.<\/li>\n<\/ul>\n<p data-sourcepos=\"12:1-12:31\"><strong>2. Verbessern Sie Ihr Erlebnis:<\/strong><\/p>\n<ul data-sourcepos=\"14:1-16:0\">\n<li data-sourcepos=\"14:1-14:152\"><strong>Fr\u00fches Einchecken:<\/strong> Bitten Sie um einen <strong>fr\u00fchen Check-in<\/strong> um 13.00 Uhr, wenn Sie einen fr\u00fchen Flug haben oder Ihre Erkundungstour fr\u00fcher beginnen m\u00f6chten (Standard-Check-in ist 17.00 Uhr).<\/li>\n<li data-sourcepos=\"15:1-16:0\"><strong>Zus\u00e4tzliche Ausr\u00fcstung:<\/strong> Buchen Sie <strong>zus\u00e4tzliche Ausr\u00fcstung<\/strong> wie Stand-up-Paddleboards (SUPs) im Voraus, um Verz\u00f6gerungen zu vermeiden.<\/li>\n<\/ul>\n<p data-sourcepos=\"17:1-17:30\"><strong>3. Ankunft in der Marina:<\/strong><\/p>\n<ul data-sourcepos=\"19:1-22:0\">\n<li data-sourcepos=\"19:1-19:103\"><strong>Mit dem Auto:<\/strong> Pr\u00fcfen Sie, ob am Jachthafen ein <strong>bewachter Parkplatz<\/strong> zur Verf\u00fcgung steht, oder erkunden Sie andere Parkm\u00f6glichkeiten.<\/li>\n<li data-sourcepos=\"20:1-20:128\"><strong>Mit dem Flugzeug:<\/strong> Vereinbaren Sie einen <strong>Transfer<\/strong> \u00fcber Ihren Agenten oder Ihr Charterunternehmen. Vom Flughafen aus sind auch Taxis und Busse verf\u00fcgbar.<\/li>\n<li data-sourcepos=\"21:1-22:0\"><strong>Verpflegung:<\/strong> F\u00fcr zus\u00e4tzlichen Komfort k\u00f6nnen Sie <strong>Lebensmittel online bestellen<\/strong> und direkt auf Ihre Yacht liefern lassen.<\/li>\n<\/ul>\n<h3 data-sourcepos=\"23:1-23:17\"><span style=\"text-decoration: underline;\"><strong>Bei der Ankunft:<\/strong><\/span><\/h3>\n<p data-sourcepos=\"25:1-25:35\"><strong>1. Melden Sie sich im Basisb\u00fcro an:<\/strong><\/p>\n<ul data-sourcepos=\"27:1-33:0\">\n<li data-sourcepos=\"27:1-33:0\">Seien Sie p\u00fcnktlich und bringen Sie Ihre:\n<ul data-sourcepos=\"28:5-33:0\">\n<li data-sourcepos=\"28:5-28:23\"><strong>Einsteigekarte<\/strong><\/li>\n<li data-sourcepos=\"29:5-29:28\"><strong>Vollst\u00e4ndige Liste der Besatzung<\/strong><\/li>\n<li data-sourcepos=\"30:5-30:43\"><strong>Original Schifferpatente und VHF-Lizenzen<\/strong><\/li>\n<li data-sourcepos=\"31:5-31:18\"><strong>Crew-IDs<\/strong><\/li>\n<li data-sourcepos=\"32:5-33:0\"><strong>Zahlungsmethode (Bargeld\/Kreditkarte)<\/strong><\/li>\n<\/ul>\n<\/li>\n<\/ul>\n<p data-sourcepos=\"34:1-34:28\"><strong>2. Administrative Aufgaben:<\/strong><\/p>\n<ul data-sourcepos=\"36:1-41:0\">\n<li data-sourcepos=\"36:1-41:0\">Unser Basispersonal wird:\n<ul data-sourcepos=\"37:5-41:0\">\n<li data-sourcepos=\"37:5-37:48\"><strong>Best\u00e4tigen Sie die Angaben zur Besatzung und die Lizenzen.<\/strong><\/li>\n<li data-sourcepos=\"38:5-38:48\"><strong>Erledigung der Kurtaxe und der Ausr\u00fcstungsgeb\u00fchren.<\/strong><\/li>\n<li data-sourcepos=\"39:5-39:61\"><strong>Bearbeiten Sie die Kaution<\/strong> (bar oder mit Kreditkarte).<\/li>\n<li data-sourcepos=\"40:5-41:0\">Bieten Sie eine <strong>Einlagensicherung<\/strong> an (fakultativ).<\/li>\n<\/ul>\n<\/li>\n<\/ul>\n<p data-sourcepos=\"42:1-42:37\"><strong>3. Einchecken des Bootes mit dem Techniker:<\/strong><\/p>\n<ul data-sourcepos=\"44:1-51:0\">\n<li data-sourcepos=\"44:1-44:56\">Treffen Sie den Techniker an Bord mit Ihren <strong>Schiffspapieren<\/strong>.<\/li>\n<li data-sourcepos=\"45:1-45:56\">Vergewissern Sie sich, dass der <strong>Schiffsf\u00fchrer<\/strong> bei der Begehung <strong>anwesend ist<\/strong>.<\/li>\n<li data-sourcepos=\"46:1-49:53\">Der Techniker wird:\n<ul data-sourcepos=\"47:5-49:53\">\n<li data-sourcepos=\"47:5-47:63\">\u00dcberpr\u00fcfen Sie die <strong>Navigations-, Elektro- und Sicherheitsausr\u00fcstung<\/strong>.<\/li>\n<li data-sourcepos=\"48:5-48:58\">\u00dcberpr\u00fcfen Sie die <strong>Segel und die wichtigsten Werkzeuge f\u00fcr den Betrieb der Yacht<\/strong>.<\/li>\n<li data-sourcepos=\"49:5-49:53\">Sie beantworten Ihre Fragen und gehen auf Ihre Bedenken ein.<\/li>\n<\/ul>\n<\/li>\n<li data-sourcepos=\"50:1-51:0\">Beide Parteien unterzeichnen die <strong>Checkliste<\/strong> nach ihrer Fertigstellung.<\/li>\n<\/ul>\n<h3 data-sourcepos=\"52:1-52:22\"><span style=\"text-decoration: underline;\"><strong>Bereit zum Ablegen!<\/strong><\/span><\/h3>\n<p data-sourcepos=\"54:1-54:102\">Nach dem Einchecken k\u00f6nnen Sie <strong>losfahren und sich auf ein unvergessliches Abenteuer einlassen!<\/strong><\/p>\n<p data-sourcepos=\"56:1-56:127\"><strong>Bonus-Tipp:<\/strong> Wenn Sie vor der Fahrt Probleme haben, wenden Sie sich an die in Ihren Schiffspapieren angegebene <strong>Nummer des technischen Kundendienstes<\/strong>.<\/p>\n<p data-sourcepos=\"58:1-58:74\"><strong>Genie\u00dfen Sie guten Wind, ruhige See und eine wahrhaft magische Zeit auf der Adria!<\/strong><\/p>\n\t\t\t\t\t\t\t\t<\/div>\n\t\t\t\t<\/div>\n\t\t\t\t\t<\/div>\n\t\t<\/div>\n\t\t\t\t<div class=\"elementor-column elementor-col-25 elementor-top-column elementor-element elementor-element-2536a580\" data-id=\"2536a580\" data-element_type=\"column\" data-e-type=\"column\">\n\t\t\t<div class=\"elementor-widget-wrap elementor-element-populated\">\n\t\t\t\t\t\t<div class=\"elementor-element elementor-element-458c2026 elementor-widget elementor-widget-template\" data-id=\"458c2026\" data-element_type=\"widget\" data-e-type=\"widget\" data-widget_type=\"template.default\">\n\t\t\t\t<div class=\"elementor-widget-container\">\n\t\t\t\t\t\t\t<div class=\"elementor-template\">\n\t\t\t\t\t<div data-elementor-type=\"section\" data-elementor-id=\"77210\" class=\"elementor elementor-77210 elementor-76339\" data-elementor-post-type=\"elementor_library\">\n\t\t\t\t\t<section class=\"elementor-section elementor-inner-section elementor-element elementor-element-457e679b elementor-section-full_width elementor-section-height-min-height elementor-section-content-middle elementor-section-height-default\" data-id=\"457e679b\" data-element_type=\"section\" data-e-type=\"section\" data-settings=\"{&quot;background_background&quot;:&quot;classic&quot;}\">\n\t\t\t\t\t\t\t<div class=\"elementor-background-overlay\"><\/div>\n\t\t\t\t\t\t\t<div class=\"elementor-container elementor-column-gap-default\">\n\t\t\t\t\t<div class=\"elementor-column elementor-col-100 elementor-inner-column elementor-element elementor-element-33d83c77\" data-id=\"33d83c77\" data-element_type=\"column\" data-e-type=\"column\">\n\t\t\t<div class=\"elementor-widget-wrap elementor-element-populated\">\n\t\t\t\t\t\t<div class=\"elementor-element elementor-element-26c46f13 elementor-widget elementor-widget-text-editor\" data-id=\"26c46f13\" data-element_type=\"widget\" data-e-type=\"widget\" data-widget_type=\"text-editor.default\">\n\t\t\t\t<div class=\"elementor-widget-container\">\n\t\t\t\t\t\t\t\t\t<p style=\"text-align: center;\">Auf der Suche nach einem Boot?<\/p>\n\t\t\t\t\t\t\t\t<\/div>\n\t\t\t\t<\/div>\n\t\t\t\t<div class=\"elementor-element elementor-element-7116d3fc elementor-align-center elementor-widget elementor-widget-button\" data-id=\"7116d3fc\" data-element_type=\"widget\" data-e-type=\"widget\" data-widget_type=\"button.default\">\n\t\t\t\t<div class=\"elementor-widget-container\">\n\t\t\t\t\t\t\t\t\t<div class=\"elementor-button-wrapper\">\n\t\t\t\t\t<a class=\"elementor-button elementor-button-link elementor-size-md\" href=\"https:\/\/skippercity.com\/de\/holen-sie-sich-ein-angebot-yacht-charter-croatia-2\/\" target=\"_blank\">\n\t\t\t\t\t\t<span class=\"elementor-button-content-wrapper\">\n\t\t\t\t\t\t\t\t\t<span class=\"elementor-button-text\">GET A FREE QUOTE<\/span>\n\t\t\t\t\t<\/span>\n\t\t\t\t\t<\/a>\n\t\t\t\t<\/div>\n\t\t\t\t\t\t\t\t<\/div>\n\t\t\t\t<\/div>\n\t\t\t\t\t<\/div>\n\t\t<\/div>\n\t\t\t\t\t<\/div>\n\t\t<\/section>\n\t\t\t\t<\/div>\n\t\t\t\t<\/div>\n\t\t\t\t\t\t<\/div>\n\t\t\t\t<\/div>\n\t\t\t\t\t<\/div>\n\t\t<\/div>\n\t\t\t\t\t<\/div>\n\t\t<\/section>\n\t\t\t\t<\/div>\n\t\t","protected":false},"excerpt":{"rendered":"<p>Inhalts\u00fcbersicht Yachtcharter Check-in Leitfaden Yachtcharter Check-in: Reibungslos in See stechen f\u00fcr ein unvergessliches Abenteuer Machen Sie sich bereit f\u00fcr Ihren Traum-Segelurlaub! Dieser umfassende Leitfaden sorgt f\u00fcr einen reibungslosen Ablauf beim Einchecken auf Ihrer Charteryacht, so dass Sie Ihr Abenteuer gleich richtig beginnen k\u00f6nnen. Vor dem Segelsetzen: 1. Crewliste und Lizenzen einreichen: Sorgen Sie f\u00fcr einen [&hellip;]<\/p>\n","protected":false},"author":2,"featured_media":408270,"parent":0,"menu_order":0,"comment_status":"closed","ping_status":"closed","template":"","meta":{"footnotes":""},"class_list":["post-416123","page","type-page","status-publish","has-post-thumbnail","hentry"],"_links":{"self":[{"href":"https:\/\/skippercity.com\/de\/wp-json\/wp\/v2\/pages\/416123","targetHints":{"allow":["GET"]}}],"collection":[{"href":"https:\/\/skippercity.com\/de\/wp-json\/wp\/v2\/pages"}],"about":[{"href":"https:\/\/skippercity.com\/de\/wp-json\/wp\/v2\/types\/page"}],"author":[{"embeddable":true,"href":"https:\/\/skippercity.com\/de\/wp-json\/wp\/v2\/users\/2"}],"replies":[{"embeddable":true,"href":"https:\/\/skippercity.com\/de\/wp-json\/wp\/v2\/comments?post=416123"}],"version-history":[{"count":0,"href":"https:\/\/skippercity.com\/de\/wp-json\/wp\/v2\/pages\/416123\/revisions"}],"wp:featuredmedia":[{"embeddable":true,"href":"https:\/\/skippercity.com\/de\/wp-json\/wp\/v2\/media\/408270"}],"wp:attachment":[{"href":"https:\/\/skippercity.com\/de\/wp-json\/wp\/v2\/media?parent=416123"}],"curies":[{"name":"wp","href":"https:\/\/api.w.org\/{rel}","templated":true}]}}