{"id":416331,"date":"2024-03-02T09:54:36","date_gmt":"2024-03-02T09:54:36","guid":{"rendered":"https:\/\/www.skippercity.com\/setzen-sie-segel-an-kroatiens-atemberaubender-kueste-yachtcharter-mit-skippercity-com\/"},"modified":"2024-03-02T10:38:54","modified_gmt":"2024-03-02T10:38:54","slug":"setzen-sie-segel-an-kroatiens-atemberaubender-kueste-yachtcharter-mit-skippercity-com","status":"publish","type":"page","link":"https:\/\/skippercity.com\/de\/setzen-sie-segel-an-kroatiens-atemberaubender-kueste-yachtcharter-mit-skippercity-com\/","title":{"rendered":"Setzen Sie Segel an Kroatiens atemberaubender K\u00fcste: Yachtcharter mit SkipperCity.com"},"content":{"rendered":"\t\t<div data-elementor-type=\"wp-page\" data-elementor-id=\"416331\" class=\"elementor elementor-416331 elementor-416326\" data-elementor-post-type=\"page\">\n\t\t\t\t<div class=\"elementor-element elementor-element-7221df9 e-con-full e-flex e-con e-parent\" data-id=\"7221df9\" data-element_type=\"container\" data-e-type=\"container\" data-settings=\"{&quot;background_background&quot;:&quot;classic&quot;}\">\n\t\t\t\t<\/div>\n\t\t\t\t<section class=\"elementor-section elementor-top-section elementor-element elementor-element-16f0dcfb elementor-section-full_width elementor-section-height-default elementor-section-height-default\" data-id=\"16f0dcfb\" data-element_type=\"section\" data-e-type=\"section\">\n\t\t\t\t\t\t<div class=\"elementor-container elementor-column-gap-default\">\n\t\t\t\t\t<div class=\"elementor-column elementor-col-25 elementor-top-column elementor-element elementor-element-14ec4fad\" data-id=\"14ec4fad\" data-element_type=\"column\" data-e-type=\"column\">\n\t\t\t<div class=\"elementor-widget-wrap elementor-element-populated\">\n\t\t\t\t\t\t<div class=\"elementor-element elementor-element-168931b8 elementor-toc--minimized-on-tablet elementor-widget elementor-widget-table-of-contents\" data-id=\"168931b8\" data-element_type=\"widget\" data-e-type=\"widget\" data-settings=\"{&quot;exclude_headings_by_selector&quot;:[],&quot;marker_view&quot;:&quot;bullets&quot;,&quot;headings_by_tags&quot;:[&quot;h2&quot;,&quot;h3&quot;,&quot;h4&quot;,&quot;h5&quot;,&quot;h6&quot;],&quot;icon&quot;:{&quot;value&quot;:&quot;fas fa-circle&quot;,&quot;library&quot;:&quot;fa-solid&quot;,&quot;rendered_tag&quot;:&quot;&lt;svg class=\\&quot;e-font-icon-svg e-fas-circle\\&quot; viewBox=\\&quot;0 0 512 512\\&quot; xmlns=\\&quot;http:\\\/\\\/www.w3.org\\\/2000\\\/svg\\&quot;&gt;&lt;path d=\\&quot;M256 8C119 8 8 119 8 256s111 248 248 248 248-111 248-248S393 8 256 8z\\&quot;&gt;&lt;\\\/path&gt;&lt;\\\/svg&gt;&quot;},&quot;no_headings_message&quot;:&quot;Es wurden keine \\u00dcberschriften auf dieser Seite gefunden.&quot;,&quot;minimize_box&quot;:&quot;yes&quot;,&quot;minimized_on&quot;:&quot;tablet&quot;,&quot;hierarchical_view&quot;:&quot;yes&quot;,&quot;min_height&quot;:{&quot;unit&quot;:&quot;px&quot;,&quot;size&quot;:&quot;&quot;,&quot;sizes&quot;:[]},&quot;min_height_tablet&quot;:{&quot;unit&quot;:&quot;px&quot;,&quot;size&quot;:&quot;&quot;,&quot;sizes&quot;:[]},&quot;min_height_mobile&quot;:{&quot;unit&quot;:&quot;px&quot;,&quot;size&quot;:&quot;&quot;,&quot;sizes&quot;:[]}}\" data-widget_type=\"table-of-contents.default\">\n\t\t\t\t<div class=\"elementor-widget-container\">\n\t\t\t\t\t\t\t\t\t<div class=\"elementor-toc__header\">\n\t\t\t\t\t\t<h4 class=\"elementor-toc__header-title\">\n\t\t\t\tInhalts\u00fcbersicht\t\t\t<\/h4>\n\t\t\t\t\t\t\t\t\t\t<div class=\"elementor-toc__toggle-button elementor-toc__toggle-button--expand\" role=\"button\" tabindex=\"0\" aria-controls=\"elementor-toc__168931b8\" aria-expanded=\"true\" aria-label=\"Inhaltsverzeichnis \u00f6ffnen\"><svg aria-hidden=\"true\" class=\"e-font-icon-svg e-fas-chevron-down\" viewBox=\"0 0 448 512\" xmlns=\"http:\/\/www.w3.org\/2000\/svg\"><path d=\"M207.029 381.476L12.686 187.132c-9.373-9.373-9.373-24.569 0-33.941l22.667-22.667c9.357-9.357 24.522-9.375 33.901-.04L224 284.505l154.745-154.021c9.379-9.335 24.544-9.317 33.901.04l22.667 22.667c9.373 9.373 9.373 24.569 0 33.941L240.971 381.476c-9.373 9.372-24.569 9.372-33.942 0z\"><\/path><\/svg><\/div>\n\t\t\t\t<div class=\"elementor-toc__toggle-button elementor-toc__toggle-button--collapse\" role=\"button\" tabindex=\"0\" aria-controls=\"elementor-toc__168931b8\" aria-expanded=\"true\" aria-label=\"Inhaltsverzeichnis schlie\u00dfen\"><svg aria-hidden=\"true\" class=\"e-font-icon-svg e-fas-chevron-up\" viewBox=\"0 0 448 512\" xmlns=\"http:\/\/www.w3.org\/2000\/svg\"><path d=\"M240.971 130.524l194.343 194.343c9.373 9.373 9.373 24.569 0 33.941l-22.667 22.667c-9.357 9.357-24.522 9.375-33.901.04L224 227.495 69.255 381.516c-9.379 9.335-24.544 9.317-33.901-.04l-22.667-22.667c-9.373-9.373-9.373-24.569 0-33.941L207.03 130.525c9.372-9.373 24.568-9.373 33.941-.001z\"><\/path><\/svg><\/div>\n\t\t\t\t\t<\/div>\n\t\t\t\t<div id=\"elementor-toc__168931b8\" class=\"elementor-toc__body\">\n\t\t\t<div class=\"elementor-toc__spinner-container\">\n\t\t\t\t<svg class=\"elementor-toc__spinner eicon-animation-spin e-font-icon-svg e-eicon-loading\" aria-hidden=\"true\" viewBox=\"0 0 1000 1000\" xmlns=\"http:\/\/www.w3.org\/2000\/svg\"><path d=\"M500 975V858C696 858 858 696 858 500S696 142 500 142 142 304 142 500H25C25 237 238 25 500 25S975 237 975 500 763 975 500 975Z\"><\/path><\/svg>\t\t\t<\/div>\n\t\t<\/div>\n\t\t\t\t\t\t<\/div>\n\t\t\t\t<\/div>\n\t\t\t\t\t<\/div>\n\t\t<\/div>\n\t\t\t\t<div class=\"elementor-column elementor-col-50 elementor-top-column elementor-element elementor-element-56a65c9e\" data-id=\"56a65c9e\" data-element_type=\"column\" data-e-type=\"column\">\n\t\t\t<div class=\"elementor-widget-wrap elementor-element-populated\">\n\t\t\t\t\t\t<div class=\"elementor-element elementor-element-11821385 elementor-widget elementor-widget-text-editor\" data-id=\"11821385\" data-element_type=\"widget\" data-e-type=\"widget\" data-widget_type=\"text-editor.default\">\n\t\t\t\t<div class=\"elementor-widget-container\">\n\t\t\t\t\t\t\t\t\t<div class=\"markdown markdown-main-panel ui-v2-enabled\" dir=\"ltr\">\n<h1 data-sourcepos=\"1:1-1:80\">Setzen Sie Segel an Kroatiens atemberaubender K\u00fcste: Yachtcharter mit SkipperCity.com<\/h1>\n<h2 data-sourcepos=\"3:1-3:45\"><strong>Unvergessliche Segelurlaube in Kroatien<\/strong><\/h2>\n<p data-sourcepos=\"5:1-5:278\">Kroatien ist mit seinem t\u00fcrkisfarbenen Wasser, seinen malerischen Inseln und charmanten K\u00fcstenst\u00e4dten ein Traumziel f\u00fcr Segelbegeisterte. Ob Sie ein erfahrener Segler sind, der das Abenteuer sucht, oder eine Familie, die einen erholsamen Urlaub verbringen m\u00f6chte, SkipperCity.com kann Ihren Traum Wirklichkeit werden lassen.<\/p>\n<h2 data-sourcepos=\"7:1-7:63\"><strong>Erkunden Sie Ihre Optionen: Katamarane, Segelboote und Motorboote<\/strong><\/h2>\n<p data-sourcepos=\"9:1-9:221\">Bei SkipperCity.com sind wir Ihr One-Stop-Shop f\u00fcr <strong>Kroatien Yachtcharter<\/strong>. Mit <strong>\u00fcber 13.000 Yachten<\/strong> in unserer umfangreichen Flotte bieten wir eine breite Palette von Optionen f\u00fcr alle Vorlieben und Segelerfahrungen:<\/p>\n<ul data-sourcepos=\"11:1-14:0\">\n<li data-sourcepos=\"11:1-11:353\"><strong>Katamaran-Charter:<\/strong> <strong>Erleben Sie unvergleichliche Stabilit\u00e4t und Komfort<\/strong> an Bord eines luxuri\u00f6sen Katamarans, ideal f\u00fcr Familien und Gruppen, die ein ger\u00e4umiges und entspannendes Erlebnis suchen. Entdecken Sie unsere Katamaran Charter Kroatien: <a class=\"traceable-link\" href=\"https:\/\/skippercity.com\/de\/katamaran-charter-kroatien\/\" target=\"_blank\" rel=\"noopener noreferrer\">https:\/\/skippercity.com\/catamaran-charter-croatia\/<\/a> Seite, um mehr zu erfahren.<\/li>\n<li data-sourcepos=\"12:1-12:370\"><strong>Segelboot-Charter:<\/strong> <strong>Genie\u00dfen Sie den klassischen Charme und den Nervenkitzel des Segelns<\/strong> auf einem klassischen Segelboot, das ideal ist, um versteckte Buchten zu erkunden und die Freude am Navigieren auf der Adria zu erleben. Entdecken Sie mehr \u00fcber Segelbootcharter Kroatien: <a class=\"traceable-link\" href=\"https:\/\/skippercity.com\/de\/segelboot-charter-kroatien\/\" target=\"_blank\" rel=\"noopener noreferrer\">https:\/\/skippercity.com\/sailboat-charter-croatia\/<\/a> Optionen auf unserer Website.<\/li>\n<li data-sourcepos=\"13:1-14:0\"><strong>Motorboot-Charter:<\/strong> <strong>Entdecken Sie die K\u00fcste in Ihrem eigenen Tempo<\/strong> mit unseren aufregenden Motorboot-Chartern, die perfekt f\u00fcr diejenigen sind, die ein schnelleres Tempo und die M\u00f6glichkeit suchen, mehr Strecke zu machen. Siehe unsere Seite Motorbootcharter Kroatien: <a class=\"traceable-link\" href=\"https:\/\/skippercity.com\/de\/motorboot-charter-kroatien\/\" target=\"_blank\" rel=\"noopener noreferrer\">https:\/\/skippercity.com\/motorboat-charter-croatia\/<\/a> f\u00fcr Details.<\/li>\n<\/ul>\n<h2 data-sourcepos=\"15:1-15:41\"><strong>Ma\u00dfgeschneiderte Erlebnisse f\u00fcr jeden Segler<\/strong><\/h2>\n<p data-sourcepos=\"17:1-17:153\">Wir wissen, dass jeder Segler seine eigenen Bed\u00fcrfnisse hat. W\u00e4hlen Sie aus drei verschiedenen Charteroptionen, um Ihr kroatisches Segelabenteuer wirklich unvergesslich zu machen:<\/p>\n<ul data-sourcepos=\"19:1-22:0\">\n<li data-sourcepos=\"19:1-19:249\"><strong>Bareboat-Charter:<\/strong> <strong>Begeben Sie sich auf ein unabh\u00e4ngiges Abenteuer<\/strong> (nur f\u00fcr erfahrene Segler mit g\u00fcltigem Bootsf\u00fchrerschein) und stellen Sie Ihre eigene Reiseroute zusammen. Erfahren Sie mehr \u00fcber die Anforderungen und Vorteile auf unserer Seite Bareboat Charter Kroatien: [invalid URL removed].<\/li>\n<li data-sourcepos=\"20:1-20:363\"><strong>Charters mit Skipper:<\/strong> <strong>Entspannen Sie sich und genie\u00dfen Sie die Landschaft<\/strong>, w\u00e4hrend ein professioneller Skipper die Navigation \u00fcbernimmt, so dass Sie sich ganz auf die Sch\u00f6nheit Kroatiens konzentrieren k\u00f6nnen. Erfahren Sie mehr \u00fcber unseren Skippered Yacht Charter Croatia: <a class=\"traceable-link\" href=\"https:\/\/skippercity.com\/de\/skippered-yacht-charter-kroatien\/\" target=\"_blank\" rel=\"noopener noreferrer\">https:\/\/skippercity.com\/skippered-yacht-charter-croatia\/<\/a>.<\/li>\n<li data-sourcepos=\"21:1-22:0\"><strong>Charters mit Crew:<\/strong> <strong>G\u00f6nnen Sie sich den ultimativen Luxus<\/strong> mit einer Yacht mit Kapit\u00e4n und voller Besatzung, die einen pers\u00f6nlichen Service bietet und auf Ihre Bed\u00fcrfnisse eingeht. Entdecken Sie die M\u00f6glichkeiten von Crewed Yacht Charter Kroatien: <a class=\"traceable-link\" href=\"https:\/\/skippercity.com\/de\/crewed-yachtcharter-kroatien\/\" target=\"_blank\" rel=\"noopener noreferrer\">https:\/\/skippercity.com\/crewed-yacht-charter-croatia\/<\/a> auf unserer Website.<\/li>\n<\/ul>\n<h2 data-sourcepos=\"23:1-23:37\"><strong>Entdecken Sie Kroatiens vielf\u00e4ltige Regionen<\/strong><\/h2>\n<p data-sourcepos=\"25:1-25:204\">Begeben Sie sich auf ein Abenteuer von verschiedenen Orten in Kroatien, darunter Split, Dubrovnik, Zadar, \u0160ibenik und Trogir. Jede Region bietet einzigartige K\u00fcstenlandschaften und versteckte Sch\u00e4tze, die darauf warten, entdeckt zu werden.<\/p>\n<h2 data-sourcepos=\"27:1-27:44\"><strong>Problemlose Buchung und fachkundige Beratung:<\/strong><\/h2>\n<p data-sourcepos=\"29:1-29:180\">Unser erfahrenes Team steht Ihnen bei jedem Schritt zur Seite. Wir bieten pers\u00f6nliche Empfehlungen, fachkundige Beratung bei der Auswahl der perfekten Yacht und einen reibungslosen Buchungsprozess.<\/p>\n<h2 data-sourcepos=\"31:1-31:36\"><strong>Beginnen Sie noch heute mit der Planung Ihres Traums:<\/strong><\/h2>\n<p data-sourcepos=\"33:1-33:189\">Kontaktieren Sie SkipperCity.com noch heute f\u00fcr ein kostenloses Angebot und beginnen Sie mit der Planung Ihres unvergesslichen <strong>Segelbootcharter Kroatien<\/strong>, <strong>Katamarancharter Kroatien<\/strong> oder <strong>Motorbootcharter Kroatien<\/strong> Erlebnisses!<\/p>\n<\/div>\n\t\t\t\t\t\t\t\t<\/div>\n\t\t\t\t<\/div>\n\t\t\t\t\t<\/div>\n\t\t<\/div>\n\t\t\t\t<div class=\"elementor-column elementor-col-25 elementor-top-column elementor-element elementor-element-50e30ed\" data-id=\"50e30ed\" data-element_type=\"column\" data-e-type=\"column\">\n\t\t\t<div class=\"elementor-widget-wrap elementor-element-populated\">\n\t\t\t\t\t\t<div class=\"elementor-element elementor-element-1809f061 elementor-widget elementor-widget-template\" data-id=\"1809f061\" data-element_type=\"widget\" data-e-type=\"widget\" data-widget_type=\"template.default\">\n\t\t\t\t<div class=\"elementor-widget-container\">\n\t\t\t\t\t\t\t<div class=\"elementor-template\">\n\t\t\t\t\t<div data-elementor-type=\"section\" data-elementor-id=\"77210\" class=\"elementor elementor-77210 elementor-76339\" data-elementor-post-type=\"elementor_library\">\n\t\t\t\t\t<section class=\"elementor-section elementor-inner-section elementor-element elementor-element-457e679b elementor-section-full_width elementor-section-height-min-height elementor-section-content-middle elementor-section-height-default\" data-id=\"457e679b\" data-element_type=\"section\" data-e-type=\"section\" data-settings=\"{&quot;background_background&quot;:&quot;classic&quot;}\">\n\t\t\t\t\t\t\t<div class=\"elementor-background-overlay\"><\/div>\n\t\t\t\t\t\t\t<div class=\"elementor-container elementor-column-gap-default\">\n\t\t\t\t\t<div class=\"elementor-column elementor-col-100 elementor-inner-column elementor-element elementor-element-33d83c77\" data-id=\"33d83c77\" data-element_type=\"column\" data-e-type=\"column\">\n\t\t\t<div class=\"elementor-widget-wrap elementor-element-populated\">\n\t\t\t\t\t\t<div class=\"elementor-element elementor-element-26c46f13 elementor-widget elementor-widget-text-editor\" data-id=\"26c46f13\" data-element_type=\"widget\" data-e-type=\"widget\" data-widget_type=\"text-editor.default\">\n\t\t\t\t<div class=\"elementor-widget-container\">\n\t\t\t\t\t\t\t\t\t<p style=\"text-align: center;\">Auf der Suche nach einem Boot?<\/p>\n\t\t\t\t\t\t\t\t<\/div>\n\t\t\t\t<\/div>\n\t\t\t\t<div class=\"elementor-element elementor-element-7116d3fc elementor-align-center elementor-widget elementor-widget-button\" data-id=\"7116d3fc\" data-element_type=\"widget\" data-e-type=\"widget\" data-widget_type=\"button.default\">\n\t\t\t\t<div class=\"elementor-widget-container\">\n\t\t\t\t\t\t\t\t\t<div class=\"elementor-button-wrapper\">\n\t\t\t\t\t<a class=\"elementor-button elementor-button-link elementor-size-md\" href=\"https:\/\/skippercity.com\/de\/holen-sie-sich-ein-angebot-yacht-charter-croatia-2\/\" target=\"_blank\">\n\t\t\t\t\t\t<span class=\"elementor-button-content-wrapper\">\n\t\t\t\t\t\t\t\t\t<span class=\"elementor-button-text\">GET A FREE QUOTE<\/span>\n\t\t\t\t\t<\/span>\n\t\t\t\t\t<\/a>\n\t\t\t\t<\/div>\n\t\t\t\t\t\t\t\t<\/div>\n\t\t\t\t<\/div>\n\t\t\t\t\t<\/div>\n\t\t<\/div>\n\t\t\t\t\t<\/div>\n\t\t<\/section>\n\t\t\t\t<\/div>\n\t\t\t\t<\/div>\n\t\t\t\t\t\t<\/div>\n\t\t\t\t<\/div>\n\t\t\t\t\t<\/div>\n\t\t<\/div>\n\t\t\t\t\t<\/div>\n\t\t<\/section>\n\t\t\t\t<\/div>\n\t\t","protected":false},"excerpt":{"rendered":"<p>Inhalts\u00fcbersicht Setzen Sie Segel an Kroatiens atemberaubender K\u00fcste: Yachtcharter mit SkipperCity.com Unvergessliche Segelurlaube in Kroatien Kroatien ist mit seinem t\u00fcrkisfarbenen Wasser, seinen malerischen Inseln und charmanten K\u00fcstenst\u00e4dten ein Traumziel f\u00fcr Segelbegeisterte. Ob Sie ein erfahrener Segler sind, der das Abenteuer sucht, oder eine Familie, die einen erholsamen Urlaub verbringen m\u00f6chte, SkipperCity.com kann Ihren Traum Wirklichkeit [&hellip;]<\/p>\n","protected":false},"author":2,"featured_media":408270,"parent":0,"menu_order":0,"comment_status":"closed","ping_status":"closed","template":"","meta":{"footnotes":""},"class_list":["post-416331","page","type-page","status-publish","has-post-thumbnail","hentry"],"_links":{"self":[{"href":"https:\/\/skippercity.com\/de\/wp-json\/wp\/v2\/pages\/416331","targetHints":{"allow":["GET"]}}],"collection":[{"href":"https:\/\/skippercity.com\/de\/wp-json\/wp\/v2\/pages"}],"about":[{"href":"https:\/\/skippercity.com\/de\/wp-json\/wp\/v2\/types\/page"}],"author":[{"embeddable":true,"href":"https:\/\/skippercity.com\/de\/wp-json\/wp\/v2\/users\/2"}],"replies":[{"embeddable":true,"href":"https:\/\/skippercity.com\/de\/wp-json\/wp\/v2\/comments?post=416331"}],"version-history":[{"count":0,"href":"https:\/\/skippercity.com\/de\/wp-json\/wp\/v2\/pages\/416331\/revisions"}],"wp:featuredmedia":[{"embeddable":true,"href":"https:\/\/skippercity.com\/de\/wp-json\/wp\/v2\/media\/408270"}],"wp:attachment":[{"href":"https:\/\/skippercity.com\/de\/wp-json\/wp\/v2\/media?parent=416331"}],"curies":[{"name":"wp","href":"https:\/\/api.w.org\/{rel}","templated":true}]}}