{"id":423539,"date":"2025-01-06T09:20:41","date_gmt":"2025-01-06T09:20:41","guid":{"rendered":"https:\/\/www.skippercity.com\/luxus-yachtcharterflotte-mit-besatzung\/"},"modified":"2025-03-07T10:04:24","modified_gmt":"2025-03-07T10:04:24","slug":"luxus-yachtcharterflotte-mit-besatzung","status":"publish","type":"page","link":"https:\/\/skippercity.com\/de\/luxus-yachtcharterflotte-mit-besatzung\/","title":{"rendered":"LUXUS-YACHTCHARTERFLOTTE MIT BESATZUNG"},"content":{"rendered":"\t\t<div data-elementor-type=\"wp-page\" data-elementor-id=\"423539\" class=\"elementor elementor-423539 elementor-420659\" data-elementor-post-type=\"page\">\n\t\t\t\t\t\t<section class=\"elementor-section elementor-top-section elementor-element elementor-element-68c7e533 elementor-section-stretched elementor-section-full_width elementor-section-height-default elementor-section-height-default\" data-id=\"68c7e533\" data-element_type=\"section\" data-e-type=\"section\" data-settings=\"{&quot;background_background&quot;:&quot;classic&quot;,&quot;stretch_section&quot;:&quot;section-stretched&quot;}\">\n\t\t\t\t\t\t\t<div class=\"elementor-background-overlay\"><\/div>\n\t\t\t\t\t\t\t<div class=\"elementor-container elementor-column-gap-default\">\n\t\t\t\t\t<div class=\"elementor-column elementor-col-100 elementor-top-column elementor-element elementor-element-56e23c83\" data-id=\"56e23c83\" data-element_type=\"column\" data-e-type=\"column\">\n\t\t\t<div class=\"elementor-widget-wrap elementor-element-populated\">\n\t\t\t\t\t\t<div class=\"elementor-element elementor-element-49aa0f1f elementor-widget elementor-widget-heading\" data-id=\"49aa0f1f\" data-element_type=\"widget\" data-e-type=\"widget\" data-widget_type=\"heading.default\">\n\t\t\t\t<div class=\"elementor-widget-container\">\n\t\t\t\t\t<h2 class=\"elementor-heading-title elementor-size-default\">LUXUS-YACHTCHARTERFLOTTE MIT BESATZUNG<\/h2>\t\t\t\t<\/div>\n\t\t\t\t<\/div>\n\t\t\t\t<div class=\"elementor-element elementor-element-135221b7 elementor-widget-divider--view-line elementor-widget elementor-widget-divider\" data-id=\"135221b7\" data-element_type=\"widget\" data-e-type=\"widget\" data-widget_type=\"divider.default\">\n\t\t\t\t<div class=\"elementor-widget-container\">\n\t\t\t\t\t\t\t<div class=\"elementor-divider\">\n\t\t\t<span class=\"elementor-divider-separator\">\n\t\t\t\t\t\t<\/span>\n\t\t<\/div>\n\t\t\t\t\t\t<\/div>\n\t\t\t\t<\/div>\n\t\t\t\t<div class=\"elementor-element elementor-element-449e34dc elementor-widget elementor-widget-heading\" data-id=\"449e34dc\" data-element_type=\"widget\" data-e-type=\"widget\" data-widget_type=\"heading.default\">\n\t\t\t\t<div class=\"elementor-widget-container\">\n\t\t\t\t\t<h3 class=\"elementor-heading-title elementor-size-default\">Die Adria ist der Ort, an dem Sie sein sollten, und wir sind hier, um Ihnen die beste Auswahl an Luxusyachten zu bieten.<\/h3>\t\t\t\t<\/div>\n\t\t\t\t<\/div>\n\t\t\t\t\t<\/div>\n\t\t<\/div>\n\t\t\t\t\t<\/div>\n\t\t<\/section>\n\t\t<div class=\"elementor-element elementor-element-71a930a e-con-full e-flex e-con e-parent\" data-id=\"71a930a\" data-element_type=\"container\" data-e-type=\"container\">\n\t\t\t\t<div class=\"elementor-element elementor-element-2338a4c elementor-widget elementor-widget-heading\" data-id=\"2338a4c\" data-element_type=\"widget\" data-e-type=\"widget\" data-widget_type=\"heading.default\">\n\t\t\t\t<div class=\"elementor-widget-container\">\n\t\t\t\t\t<h2 class=\"elementor-heading-title elementor-size-default\"><a href=\"https:\/\/skippercity.com\/luxur-yacht-black-swan-custom-line-49m\/\">M\/V BLACK SWAN - CUSTOM LINE 49m<\/a><\/h2>\t\t\t\t<\/div>\n\t\t\t\t<\/div>\n\t\t\t\t<div class=\"elementor-element elementor-element-11d848e elementor-widget elementor-widget-button\" data-id=\"11d848e\" data-element_type=\"widget\" data-e-type=\"widget\" data-widget_type=\"button.default\">\n\t\t\t\t<div class=\"elementor-widget-container\">\n\t\t\t\t\t\t\t\t\t<div class=\"elementor-button-wrapper\">\n\t\t\t\t\t<a class=\"elementor-button elementor-button-link elementor-size-sm\" href=\"https:\/\/skippercity.com\/luxur-yacht-black-swan-custom-line-49m\/\">\n\t\t\t\t\t\t<span class=\"elementor-button-content-wrapper\">\n\t\t\t\t\t\t\t\t\t<span class=\"elementor-button-text\">Mehr Infos  <\/span>\n\t\t\t\t\t<\/span>\n\t\t\t\t\t<\/a>\n\t\t\t\t<\/div>\n\t\t\t\t\t\t\t\t<\/div>\n\t\t\t\t<\/div>\n\t\t<div class=\"elementor-element elementor-element-0114a07 e-grid e-con-full e-con e-child\" data-id=\"0114a07\" data-element_type=\"container\" data-e-type=\"container\">\n\t\t\t\t<div class=\"elementor-element elementor-element-83290a1 elementor-widget elementor-widget-image\" data-id=\"83290a1\" data-element_type=\"widget\" data-e-type=\"widget\" data-widget_type=\"image.default\">\n\t\t\t\t<div class=\"elementor-widget-container\">\n\t\t\t\t\t\t\t\t\t\t\t\t\t\t\t\t<a href=\"https:\/\/skippercity.com\/luxur-yacht-black-swan-custom-line-49m\/\">\n\t\t\t\t\t\t\t<img fetchpriority=\"high\" decoding=\"async\" width=\"1920\" height=\"1080\" src=\"https:\/\/skippercity.com\/vsebina\/uploads\/black-swan-b-65-.jpg\" class=\"attachment-large size-large wp-image-420693\" alt=\"M\/V BLACK SWAN - CUSTOM LINE 49m\" srcset=\"https:\/\/skippercity.com\/vsebina\/uploads\/black-swan-b-65-.jpg 1920w, https:\/\/skippercity.com\/vsebina\/uploads\/black-swan-b-65--768x432.jpg 768w, https:\/\/skippercity.com\/vsebina\/uploads\/black-swan-b-65--1536x864.jpg 1536w, https:\/\/skippercity.com\/vsebina\/uploads\/black-swan-b-65--500x281.jpg 500w, https:\/\/skippercity.com\/vsebina\/uploads\/black-swan-b-65--700x394.jpg 700w\" sizes=\"(max-width: 1920px) 100vw, 1920px\" \/>\t\t\t\t\t\t\t\t<\/a>\n\t\t\t\t\t\t\t\t\t\t\t\t\t\t\t<\/div>\n\t\t\t\t<\/div>\n\t\t\t\t<div class=\"elementor-element elementor-element-09349d2 elementor-widget elementor-widget-text-editor\" data-id=\"09349d2\" data-element_type=\"widget\" data-e-type=\"widget\" data-widget_type=\"text-editor.default\">\n\t\t\t\t<div class=\"elementor-widget-container\">\n\t\t\t\t\t\t\t\t\t<table width=\"100%\">\n<tbody>\n<tr>\n<td width=\"20%\">Kreuzfahrtgebiet<\/td>\n<td width=\"80%\"> Kroatien<\/td>\n<\/tr>\n<tr>\n<td>Heimathafen<\/td>\n<td> Teilen<\/td>\n<\/tr>\n<tr>\n<td>G\u00e4ste auf Kreuzfahrt<\/td>\n<td>20<\/td>\n<\/tr>\n<tr>\n<td>Schlafende G\u00e4ste<\/td>\n<td>20<\/td>\n<\/tr>\n<tr>\n<td>Kapit\u00e4n &amp; Besatzung<\/td>\n<td> Kapit\u00e4n, Erster Offizier, Ingenieur, Koch, Sous-Chef, Chefstewardess, Deckhand x 3, Steward(ess) x 3<\/td>\n<\/tr>\n<tr>\n<td>Unterkunft<\/td>\n<td>\n<div><strong>10 LUXURI\u00d6SE G\u00c4STEKABINEN MIT BAD<\/strong><\/div>\n<div><strong>UPPER DECK<\/strong> &#8211; 2 G\u00e4stekabinen<\/div>\n<div>&#8211; Master-Kabine I &#8211; 25 m2 mit King-Size-Doppelbett<\/div>\n<div>&#8211; VIP-Kabinen 20 m2 mit Queen-Size-Doppelbett, das in ein Doppelbett umgewandelt werden kann<\/div>\n<div><strong>MAIN DECK<\/strong> &#8211; 5 G\u00e4stekabinen<\/div>\n<div>&#8211; Master-Kabine II &#8211; 25 m2 mit King-Size-Doppelbett<\/div>\n<div>&#8211; 4 x VIP-Kabinen 20 m2 mit Kingsize-Doppelbett &#8211; alle umwandelbar in Kabinen mit zwei Einzelbetten<\/div>\n<div> <strong>LOWER DECK <\/strong>&#8211; 3 G\u00e4stekabinen<\/div>\n<div>&#8211; Master-Kabine III &#8211; mit Kingsize-Doppelbett<\/div>\n<div>&#8211; G\u00e4stekabine I &#8211; mit Queen-Size-Doppelbett, umwandelbar in eine Kabine mit zwei Einzelbetten<\/div>\n<div>&#8211; G\u00e4stekabine II &#8211; mit einem Doppelbett, das in ein Doppelbett umgewandelt werden kann<\/div><\/td>\n<\/tr>\n<\/tbody>\n<\/table>\t\t\t\t\t\t\t\t<\/div>\n\t\t\t\t<\/div>\n\t\t\t\t<\/div>\n\t\t\t\t<\/div>\n\t\t<div class=\"elementor-element elementor-element-e7fe85d e-con-full e-flex e-con e-parent\" data-id=\"e7fe85d\" data-element_type=\"container\" data-e-type=\"container\">\n\t\t\t\t<div class=\"elementor-element elementor-element-2f3bfc5 elementor-widget-divider--view-line elementor-widget elementor-widget-divider\" data-id=\"2f3bfc5\" data-element_type=\"widget\" data-e-type=\"widget\" data-widget_type=\"divider.default\">\n\t\t\t\t<div class=\"elementor-widget-container\">\n\t\t\t\t\t\t\t<div class=\"elementor-divider\">\n\t\t\t<span class=\"elementor-divider-separator\">\n\t\t\t\t\t\t<\/span>\n\t\t<\/div>\n\t\t\t\t\t\t<\/div>\n\t\t\t\t<\/div>\n\t\t\t\t<\/div>\n\t\t<div class=\"elementor-element elementor-element-5dc3ab8 e-con-full e-flex e-con e-parent\" data-id=\"5dc3ab8\" data-element_type=\"container\" data-e-type=\"container\">\n\t\t\t\t<div class=\"elementor-element elementor-element-dd8e592 elementor-widget elementor-widget-heading\" data-id=\"dd8e592\" data-element_type=\"widget\" data-e-type=\"widget\" data-widget_type=\"heading.default\">\n\t\t\t\t<div class=\"elementor-widget-container\">\n\t\t\t\t\t<h2 class=\"elementor-heading-title elementor-size-default\"><a href=\"https:\/\/skippercity.com\/m-v-anthea-custom-made-52-m-motor-yacht\/\">M\/V ANTHEA - Sonderanfertigung 52 m MOTORYACHT<\/a><\/h2>\t\t\t\t<\/div>\n\t\t\t\t<\/div>\n\t\t\t\t<div class=\"elementor-element elementor-element-c61b63b elementor-widget elementor-widget-button\" data-id=\"c61b63b\" data-element_type=\"widget\" data-e-type=\"widget\" data-widget_type=\"button.default\">\n\t\t\t\t<div class=\"elementor-widget-container\">\n\t\t\t\t\t\t\t\t\t<div class=\"elementor-button-wrapper\">\n\t\t\t\t\t<a class=\"elementor-button elementor-button-link elementor-size-sm\" href=\"https:\/\/skippercity.com\/m-v-anthea-custom-made-52-m-motor-yacht\/\">\n\t\t\t\t\t\t<span class=\"elementor-button-content-wrapper\">\n\t\t\t\t\t\t\t\t\t<span class=\"elementor-button-text\">Mehr Infos  <\/span>\n\t\t\t\t\t<\/span>\n\t\t\t\t\t<\/a>\n\t\t\t\t<\/div>\n\t\t\t\t\t\t\t\t<\/div>\n\t\t\t\t<\/div>\n\t\t<div class=\"elementor-element elementor-element-5a48768 e-grid e-con-full e-con e-child\" data-id=\"5a48768\" data-element_type=\"container\" data-e-type=\"container\">\n\t\t\t\t<div class=\"elementor-element elementor-element-79ff54e elementor-widget elementor-widget-image\" data-id=\"79ff54e\" data-element_type=\"widget\" data-e-type=\"widget\" data-widget_type=\"image.default\">\n\t\t\t\t<div class=\"elementor-widget-container\">\n\t\t\t\t\t\t\t\t\t\t\t\t\t\t\t\t<a href=\"https:\/\/skippercity.com\/m-v-anthea-custom-made-52-m-motor-yacht\/\">\n\t\t\t\t\t\t\t<img decoding=\"async\" width=\"1920\" height=\"1080\" src=\"https:\/\/skippercity.com\/vsebina\/uploads\/Luxury-Yacht-ANTHEA-CUSTOM-MADE-52-m-MOTOR-YACHT.jpg\" class=\"attachment-large size-large wp-image-420708\" alt=\"M\/V ANTHEA - CUSTOM MADE 52 m MOTOR YACHT\" srcset=\"https:\/\/skippercity.com\/vsebina\/uploads\/Luxury-Yacht-ANTHEA-CUSTOM-MADE-52-m-MOTOR-YACHT.jpg 1920w, https:\/\/skippercity.com\/vsebina\/uploads\/Luxury-Yacht-ANTHEA-CUSTOM-MADE-52-m-MOTOR-YACHT-768x432.jpg 768w, https:\/\/skippercity.com\/vsebina\/uploads\/Luxury-Yacht-ANTHEA-CUSTOM-MADE-52-m-MOTOR-YACHT-1536x864.jpg 1536w, https:\/\/skippercity.com\/vsebina\/uploads\/Luxury-Yacht-ANTHEA-CUSTOM-MADE-52-m-MOTOR-YACHT-500x281.jpg 500w, https:\/\/skippercity.com\/vsebina\/uploads\/Luxury-Yacht-ANTHEA-CUSTOM-MADE-52-m-MOTOR-YACHT-700x394.jpg 700w\" sizes=\"(max-width: 1920px) 100vw, 1920px\" \/>\t\t\t\t\t\t\t\t<\/a>\n\t\t\t\t\t\t\t\t\t\t\t\t\t\t\t<\/div>\n\t\t\t\t<\/div>\n\t\t\t\t<div class=\"elementor-element elementor-element-e119933 elementor-widget elementor-widget-text-editor\" data-id=\"e119933\" data-element_type=\"widget\" data-e-type=\"widget\" data-widget_type=\"text-editor.default\">\n\t\t\t\t<div class=\"elementor-widget-container\">\n\t\t\t\t\t\t\t\t\t<table width=\"746\">\n<tbody>\n<tr>\n<td width=\"117\">Kreuzfahrtgebiet<\/td>\n<td width=\"629\"> Kroatien<\/td>\n<\/tr>\n<tr>\n<td>Heimathafen<\/td>\n<td> Split &#8211; Kroatien<\/td>\n<\/tr>\n<tr>\n<td>G\u00e4ste auf Kreuzfahrt<\/td>\n<td>20<\/td>\n<\/tr>\n<tr>\n<td>Schlafende G\u00e4ste<\/td>\n<td>20<\/td>\n<\/tr>\n<tr>\n<td>Kapit\u00e4n &amp; Besatzung<\/td>\n<td> Kapit\u00e4n, Erster Offizier, Ingenieur, Koch, Kochassistent, Deckhelfer x 3, Steward(ess ) x 3<\/td>\n<\/tr>\n<tr>\n<td>Unterkunft<\/td>\n<td><strong>10 luxuri\u00f6se G\u00e4stekabinen mit eigenem Bad: <\/strong> 6 G\u00e4stekabinen auf dem Hauptdeck und 4 G\u00e4stekabinen auf dem Unterdeck:\n\n<strong>Hauptdeck<\/strong>:\n<ul>\n \t<li>Master-Kabine 25 m2 mit King-Size-Doppelbett<\/li>\n \t<li>3 x VIP-Kabinen 20 m2 &#8211; 24 m2 mit King-Size-Doppelbett<\/li>\n \t<li>2 x G\u00e4stekabinen 19 m2 mit Kingsize-Doppelbett, das in zwei Kabinen mit Einzelbetten umgewandelt werden kann<\/li>\n<\/ul>\n<strong>  Niedriges Deck<\/strong>\n<ul>\n \t<li>2 x Master-Kabinen 29 m2 mit King-Size-Doppelbett<\/li>\n \t<li>2 x Master-Kabinen 29 m2 mit Kingsize-Doppelbett, das in zwei Kabinen mit Einzelbetten umgewandelt werden kann<\/li>\n<\/ul>\n<\/td>\n<\/tr>\n<\/tbody>\n<\/table>\n&nbsp;\t\t\t\t\t\t\t\t<\/div>\n\t\t\t\t<\/div>\n\t\t\t\t<\/div>\n\t\t\t\t<\/div>\n\t\t<div class=\"elementor-element elementor-element-4db8ba8 e-con-full e-flex e-con e-parent\" data-id=\"4db8ba8\" data-element_type=\"container\" data-e-type=\"container\">\n\t\t\t\t<div class=\"elementor-element elementor-element-6d674fe elementor-widget-divider--view-line elementor-widget elementor-widget-divider\" data-id=\"6d674fe\" data-element_type=\"widget\" data-e-type=\"widget\" data-widget_type=\"divider.default\">\n\t\t\t\t<div class=\"elementor-widget-container\">\n\t\t\t\t\t\t\t<div class=\"elementor-divider\">\n\t\t\t<span class=\"elementor-divider-separator\">\n\t\t\t\t\t\t<\/span>\n\t\t<\/div>\n\t\t\t\t\t\t<\/div>\n\t\t\t\t<\/div>\n\t\t\t\t<\/div>\n\t\t<div class=\"elementor-element elementor-element-e948a2e e-con-full e-flex e-con e-parent\" data-id=\"e948a2e\" data-element_type=\"container\" data-e-type=\"container\">\n\t\t\t\t<div class=\"elementor-element elementor-element-3609ea9 elementor-widget elementor-widget-heading\" data-id=\"3609ea9\" data-element_type=\"widget\" data-e-type=\"widget\" data-widget_type=\"heading.default\">\n\t\t\t\t<div class=\"elementor-widget-container\">\n\t\t\t\t\t<h2 class=\"elementor-heading-title elementor-size-default\"><a href=\"https:\/\/skippercity.com\/m-s-adri-45-50-m-custom-line\/\">M\/S ADRI - 45,50 m CUSTOM LINE  <\/a><\/h2>\t\t\t\t<\/div>\n\t\t\t\t<\/div>\n\t\t\t\t<div class=\"elementor-element elementor-element-c65970a elementor-widget elementor-widget-button\" data-id=\"c65970a\" data-element_type=\"widget\" data-e-type=\"widget\" data-widget_type=\"button.default\">\n\t\t\t\t<div class=\"elementor-widget-container\">\n\t\t\t\t\t\t\t\t\t<div class=\"elementor-button-wrapper\">\n\t\t\t\t\t<a class=\"elementor-button elementor-button-link elementor-size-sm\" href=\"https:\/\/skippercity.com\/m-s-adri-45-50-m-custom-line\/\">\n\t\t\t\t\t\t<span class=\"elementor-button-content-wrapper\">\n\t\t\t\t\t\t\t\t\t<span class=\"elementor-button-text\">Mehr Infos  <\/span>\n\t\t\t\t\t<\/span>\n\t\t\t\t\t<\/a>\n\t\t\t\t<\/div>\n\t\t\t\t\t\t\t\t<\/div>\n\t\t\t\t<\/div>\n\t\t<div class=\"elementor-element elementor-element-162a854 e-grid e-con-full e-con e-child\" data-id=\"162a854\" data-element_type=\"container\" data-e-type=\"container\">\n\t\t\t\t<div class=\"elementor-element elementor-element-ba612a1 elementor-widget elementor-widget-image\" data-id=\"ba612a1\" data-element_type=\"widget\" data-e-type=\"widget\" data-widget_type=\"image.default\">\n\t\t\t\t<div class=\"elementor-widget-container\">\n\t\t\t\t\t\t\t\t\t\t\t\t\t\t\t\t<a href=\"https:\/\/skippercity.com\/m-s-adri-45-50-m-custom-line\/\">\n\t\t\t\t\t\t\t<img decoding=\"async\" width=\"1920\" height=\"1080\" src=\"https:\/\/skippercity.com\/vsebina\/uploads\/Luxury-yacht-ADRI-45.50-m-CUSTOM-LINE.jpg\" class=\"attachment-large size-large wp-image-420721\" alt=\"M\/S ADRI - 45.50 m CUSTOM LINE\" srcset=\"https:\/\/skippercity.com\/vsebina\/uploads\/Luxury-yacht-ADRI-45.50-m-CUSTOM-LINE.jpg 1920w, https:\/\/skippercity.com\/vsebina\/uploads\/Luxury-yacht-ADRI-45.50-m-CUSTOM-LINE-768x432.jpg 768w, https:\/\/skippercity.com\/vsebina\/uploads\/Luxury-yacht-ADRI-45.50-m-CUSTOM-LINE-1536x864.jpg 1536w, https:\/\/skippercity.com\/vsebina\/uploads\/Luxury-yacht-ADRI-45.50-m-CUSTOM-LINE-500x281.jpg 500w, https:\/\/skippercity.com\/vsebina\/uploads\/Luxury-yacht-ADRI-45.50-m-CUSTOM-LINE-700x394.jpg 700w\" sizes=\"(max-width: 1920px) 100vw, 1920px\" \/>\t\t\t\t\t\t\t\t<\/a>\n\t\t\t\t\t\t\t\t\t\t\t\t\t\t\t<\/div>\n\t\t\t\t<\/div>\n\t\t\t\t<div class=\"elementor-element elementor-element-85af5db elementor-widget elementor-widget-text-editor\" data-id=\"85af5db\" data-element_type=\"widget\" data-e-type=\"widget\" data-widget_type=\"text-editor.default\">\n\t\t\t\t<div class=\"elementor-widget-container\">\n\t\t\t\t\t\t\t\t\t<table width=\"746\">\n<tbody>\n<tr>\n<td width=\"117\">Kreuzfahrtgebiet<\/td>\n<td width=\"629\"> Kroatien<\/td>\n<\/tr>\n<tr>\n<td>Heimathafen<\/td>\n<td> Split &#8211; Kroatien<\/td>\n<\/tr>\n<tr>\n<td>G\u00e4ste auf Kreuzfahrt<\/td>\n<td>12<\/td>\n<\/tr>\n<tr>\n<td>Schlafende G\u00e4ste<\/td>\n<td>12<\/td>\n<\/tr>\n<tr>\n<td>Kapit\u00e4n &amp; Besatzung<\/td>\n<td>8 (Kapit\u00e4n, Chefkoch, Koch, Erster Offizier. 2. Stewardess, Ingenieur, Deckhelfer x 2)<\/td>\n<\/tr>\n<tr>\n<td>Unterkunft<\/td>\n<td>\n<p><strong>6 luxuri\u00f6se G\u00e4stekabinen mit Doppelbett und eigenem Bad:  <\/strong><\/p>\n<p>2 x Master-Kingsize-Bett-Kabinen<br \/>4 x VIP-Kingsize-Bett-Kabinen, die in Zweibett-Kabinen umgewandelt werden k\u00f6nnen<\/p>\n<\/td>\n<\/tr>\n<\/tbody>\n<\/table>\n\t\t\t\t\t\t\t\t<\/div>\n\t\t\t\t<\/div>\n\t\t\t\t<\/div>\n\t\t\t\t<\/div>\n\t\t\t\t<\/div>\n\t\t","protected":false},"excerpt":{"rendered":"<p>LUXUS-YACHTCHARTERFLOTTE MIT BESATZUNG Die Adria ist der Ort, an dem Sie sein sollten, und wir sind hier, um Ihnen die beste Auswahl an Luxusyachten zu bieten. M\/V BLACK SWAN &#8211; CUSTOM LINE 49m Mehr Infos Kreuzfahrtgebiet Kroatien Heimathafen Teilen G\u00e4ste auf Kreuzfahrt 20 Schlafende G\u00e4ste 20 Kapit\u00e4n &amp; Besatzung Kapit\u00e4n, Erster Offizier, Ingenieur, Koch, Sous-Chef, [&hellip;]<\/p>\n","protected":false},"author":2,"featured_media":408270,"parent":0,"menu_order":0,"comment_status":"closed","ping_status":"closed","template":"","meta":{"footnotes":""},"class_list":["post-423539","page","type-page","status-publish","has-post-thumbnail","hentry"],"_links":{"self":[{"href":"https:\/\/skippercity.com\/de\/wp-json\/wp\/v2\/pages\/423539","targetHints":{"allow":["GET"]}}],"collection":[{"href":"https:\/\/skippercity.com\/de\/wp-json\/wp\/v2\/pages"}],"about":[{"href":"https:\/\/skippercity.com\/de\/wp-json\/wp\/v2\/types\/page"}],"author":[{"embeddable":true,"href":"https:\/\/skippercity.com\/de\/wp-json\/wp\/v2\/users\/2"}],"replies":[{"embeddable":true,"href":"https:\/\/skippercity.com\/de\/wp-json\/wp\/v2\/comments?post=423539"}],"version-history":[{"count":0,"href":"https:\/\/skippercity.com\/de\/wp-json\/wp\/v2\/pages\/423539\/revisions"}],"wp:featuredmedia":[{"embeddable":true,"href":"https:\/\/skippercity.com\/de\/wp-json\/wp\/v2\/media\/408270"}],"wp:attachment":[{"href":"https:\/\/skippercity.com\/de\/wp-json\/wp\/v2\/media?parent=423539"}],"curies":[{"name":"wp","href":"https:\/\/api.w.org\/{rel}","templated":true}]}}