{"id":51960,"date":"2017-11-15T23:12:15","date_gmt":"2017-11-15T23:12:15","guid":{"rendered":"https:\/\/www.skippercity.com\/segeln-in-kroatien-macht-spass-lassen-sie-sich-inspirieren\/"},"modified":"2024-02-29T15:13:42","modified_gmt":"2024-02-29T15:13:42","slug":"segeln-in-kroatien-macht-spass-lassen-sie-sich-inspirieren","status":"publish","type":"page","link":"https:\/\/skippercity.com\/de\/segeln-in-kroatien-macht-spass-lassen-sie-sich-inspirieren\/","title":{"rendered":"Segeln in Kroatien macht Spa\u00df; Lassen Sie sich inspirieren"},"content":{"rendered":"\t\t<div data-elementor-type=\"wp-page\" data-elementor-id=\"51960\" class=\"elementor elementor-51960 elementor-1583\" data-elementor-post-type=\"page\">\n\t\t\t\t<div class=\"elementor-element elementor-element-73e7b46 e-con-full e-flex e-con e-parent\" data-id=\"73e7b46\" data-element_type=\"container\" data-e-type=\"container\" data-settings=\"{&quot;background_background&quot;:&quot;classic&quot;}\">\n\t\t\t\t<\/div>\n\t\t\t\t<section class=\"elementor-section elementor-top-section elementor-element elementor-element-c4c2e00 elementor-section-full_width elementor-section-height-default elementor-section-height-default\" data-id=\"c4c2e00\" data-element_type=\"section\" data-e-type=\"section\">\n\t\t\t\t\t\t<div class=\"elementor-container elementor-column-gap-default\">\n\t\t\t\t\t<div class=\"elementor-column elementor-col-25 elementor-top-column elementor-element elementor-element-4544b0c1\" data-id=\"4544b0c1\" data-element_type=\"column\" data-e-type=\"column\">\n\t\t\t<div class=\"elementor-widget-wrap elementor-element-populated\">\n\t\t\t\t\t\t<div class=\"elementor-element elementor-element-71d12fdb elementor-toc--minimized-on-tablet elementor-widget elementor-widget-table-of-contents\" data-id=\"71d12fdb\" data-element_type=\"widget\" data-e-type=\"widget\" data-settings=\"{&quot;exclude_headings_by_selector&quot;:[],&quot;marker_view&quot;:&quot;bullets&quot;,&quot;headings_by_tags&quot;:[&quot;h2&quot;,&quot;h3&quot;,&quot;h4&quot;,&quot;h5&quot;,&quot;h6&quot;],&quot;icon&quot;:{&quot;value&quot;:&quot;fas fa-circle&quot;,&quot;library&quot;:&quot;fa-solid&quot;,&quot;rendered_tag&quot;:&quot;&lt;svg class=\\&quot;e-font-icon-svg e-fas-circle\\&quot; viewBox=\\&quot;0 0 512 512\\&quot; xmlns=\\&quot;http:\\\/\\\/www.w3.org\\\/2000\\\/svg\\&quot;&gt;&lt;path d=\\&quot;M256 8C119 8 8 119 8 256s111 248 248 248 248-111 248-248S393 8 256 8z\\&quot;&gt;&lt;\\\/path&gt;&lt;\\\/svg&gt;&quot;},&quot;no_headings_message&quot;:&quot;Es wurden keine \\u00dcberschriften auf dieser Seite gefunden.&quot;,&quot;minimize_box&quot;:&quot;yes&quot;,&quot;minimized_on&quot;:&quot;tablet&quot;,&quot;hierarchical_view&quot;:&quot;yes&quot;,&quot;min_height&quot;:{&quot;unit&quot;:&quot;px&quot;,&quot;size&quot;:&quot;&quot;,&quot;sizes&quot;:[]},&quot;min_height_tablet&quot;:{&quot;unit&quot;:&quot;px&quot;,&quot;size&quot;:&quot;&quot;,&quot;sizes&quot;:[]},&quot;min_height_mobile&quot;:{&quot;unit&quot;:&quot;px&quot;,&quot;size&quot;:&quot;&quot;,&quot;sizes&quot;:[]}}\" data-widget_type=\"table-of-contents.default\">\n\t\t\t\t<div class=\"elementor-widget-container\">\n\t\t\t\t\t\t\t\t\t<div class=\"elementor-toc__header\">\n\t\t\t\t\t\t<h4 class=\"elementor-toc__header-title\">\n\t\t\t\tInhalts\u00fcbersicht\t\t\t<\/h4>\n\t\t\t\t\t\t\t\t\t\t<div class=\"elementor-toc__toggle-button elementor-toc__toggle-button--expand\" role=\"button\" tabindex=\"0\" aria-controls=\"elementor-toc__71d12fdb\" aria-expanded=\"true\" aria-label=\"Inhaltsverzeichnis \u00f6ffnen\"><svg aria-hidden=\"true\" class=\"e-font-icon-svg e-fas-chevron-down\" viewBox=\"0 0 448 512\" xmlns=\"http:\/\/www.w3.org\/2000\/svg\"><path d=\"M207.029 381.476L12.686 187.132c-9.373-9.373-9.373-24.569 0-33.941l22.667-22.667c9.357-9.357 24.522-9.375 33.901-.04L224 284.505l154.745-154.021c9.379-9.335 24.544-9.317 33.901.04l22.667 22.667c9.373 9.373 9.373 24.569 0 33.941L240.971 381.476c-9.373 9.372-24.569 9.372-33.942 0z\"><\/path><\/svg><\/div>\n\t\t\t\t<div class=\"elementor-toc__toggle-button elementor-toc__toggle-button--collapse\" role=\"button\" tabindex=\"0\" aria-controls=\"elementor-toc__71d12fdb\" aria-expanded=\"true\" aria-label=\"Inhaltsverzeichnis schlie\u00dfen\"><svg aria-hidden=\"true\" class=\"e-font-icon-svg e-fas-chevron-up\" viewBox=\"0 0 448 512\" xmlns=\"http:\/\/www.w3.org\/2000\/svg\"><path d=\"M240.971 130.524l194.343 194.343c9.373 9.373 9.373 24.569 0 33.941l-22.667 22.667c-9.357 9.357-24.522 9.375-33.901.04L224 227.495 69.255 381.516c-9.379 9.335-24.544 9.317-33.901-.04l-22.667-22.667c-9.373-9.373-9.373-24.569 0-33.941L207.03 130.525c9.372-9.373 24.568-9.373 33.941-.001z\"><\/path><\/svg><\/div>\n\t\t\t\t\t<\/div>\n\t\t\t\t<div id=\"elementor-toc__71d12fdb\" class=\"elementor-toc__body\">\n\t\t\t<div class=\"elementor-toc__spinner-container\">\n\t\t\t\t<svg class=\"elementor-toc__spinner eicon-animation-spin e-font-icon-svg e-eicon-loading\" aria-hidden=\"true\" viewBox=\"0 0 1000 1000\" xmlns=\"http:\/\/www.w3.org\/2000\/svg\"><path d=\"M500 975V858C696 858 858 696 858 500S696 142 500 142 142 304 142 500H25C25 237 238 25 500 25S975 237 975 500 763 975 500 975Z\"><\/path><\/svg>\t\t\t<\/div>\n\t\t<\/div>\n\t\t\t\t\t\t<\/div>\n\t\t\t\t<\/div>\n\t\t\t\t\t<\/div>\n\t\t<\/div>\n\t\t\t\t<div class=\"elementor-column elementor-col-50 elementor-top-column elementor-element elementor-element-7707a56\" data-id=\"7707a56\" data-element_type=\"column\" data-e-type=\"column\">\n\t\t\t<div class=\"elementor-widget-wrap elementor-element-populated\">\n\t\t\t\t\t\t<div class=\"elementor-element elementor-element-305b22d8 elementor-widget elementor-widget-text-editor\" data-id=\"305b22d8\" data-element_type=\"widget\" data-e-type=\"widget\" data-widget_type=\"text-editor.default\">\n\t\t\t\t<div class=\"elementor-widget-container\">\n\t\t\t\t\t\t\t\t\t<div class=\"markdown markdown-main-panel ui-v2-enabled\" dir=\"ltr\">\n<h1 data-sourcepos=\"1:1-1:69\">Segeln in Kroatien macht Spa\u00df! Lassen Sie sich inspirieren!<\/h1>\n<h2 data-sourcepos=\"1:1-1:69\">Segel setzen f\u00fcr Abenteuer: Unvergessliche Erlebnisse erwarten Sie in Kroatien<\/h2>\n<p data-sourcepos=\"3:1-3:309\">Stellen Sie sich vor, wie Sie \u00fcber das t\u00fcrkisfarbene Wasser der Adria gleiten, die Sonne Ihr Gesicht w\u00e4rmt und die sanfte Gischt des Ozeans Ihre Haut umweht. Kroatien mit seinen unz\u00e4hligen Inseln, versteckten Buchten und charmanten K\u00fcstenst\u00e4dten l\u00e4dt Sie zu einem Segelabenteuer ein, das Ihnen den Atem rauben wird.<\/p>\n<p data-sourcepos=\"5:1-5:54\"><strong>Entfliehen Sie dem Gew\u00f6hnlichen und lassen Sie sich auf das Au\u00dfergew\u00f6hnliche ein:<\/strong><\/p>\n<ul data-sourcepos=\"7:1-11:0\">\n<li data-sourcepos=\"7:1-7:165\"><strong>Tauschen Sie Stadtansichten gegen Meereslandschaften:<\/strong> Erleben Sie, wie der Sonnenaufgang den Himmel in leuchtende Farben taucht, w\u00e4hrend Sie in See stechen und nur das sanfte Pl\u00e4tschern der Wellen gegen den Schiffsrumpf zu h\u00f6ren ist.<\/li>\n<li data-sourcepos=\"8:1-8:171\"><strong>Entdecken Sie verborgene Juwelen:<\/strong> Entdecken Sie abgelegene Buchten, die nur mit dem Boot erreichbar sind, unber\u00fchrte Str\u00e4nde, die zum Entspannen einladen, und charmante D\u00f6rfer, in denen die Zeit stillzustehen scheint.<\/li>\n<li data-sourcepos=\"9:1-9:157\"><strong>Tauchen Sie in kristallklarem Wasser:<\/strong> Schnorcheln Sie an lebhaften Korallenriffen oder tauchen Sie bei einer Tauchexpedition in die Unterwasserwelt ein.<\/li>\n<li data-sourcepos=\"10:1-11:0\"><strong>Segeln Sie unter dem Sternenhimmel:<\/strong> Wenn die Nacht hereinbricht, k\u00f6nnen Sie den atemberaubenden Sternenhimmel bewundern, der nicht von den Lichtern der Stadt verdeckt wird, und ein Gef\u00fchl der Ruhe \u00fcber sich ergehen lassen.<\/li>\n<\/ul>\n<\/div>\n<div class=\"markdown markdown-main-panel ui-v2-enabled\" dir=\"ltr\">\n<p data-sourcepos=\"12:1-12:36\">\n<p data-sourcepos=\"12:1-12:36\"><strong>Lassen Sie sich vom Geist des Abenteuers anstecken:<\/strong><\/p>\n<ul data-sourcepos=\"14:1-17:0\">\n<li data-sourcepos=\"14:1-14:164\"><strong>Navigieren Sie durch unerforschte Gegenden:<\/strong> \u00dcbernehmen Sie das Ruder und bestimmen Sie den Kurs, erleben Sie den Nervenkitzel beim Segeln auf offener See und die Befriedigung, eine neue Fertigkeit zu meistern.<\/li>\n<li data-sourcepos=\"15:1-15:145\"><strong>Verbinden Sie sich mit der Natur:<\/strong> Atmen Sie die frische Meeresluft ein, sp\u00fcren Sie die Sonne auf Ihrer Haut und tauchen Sie ein in die Sch\u00f6nheit der Adriak\u00fcste.<\/li>\n<li data-sourcepos=\"16:1-17:0\"><strong>Schaffen Sie bleibende Erinnerungen:<\/strong> Teilen Sie das Erlebnis mit Ihren Lieben und schaffen Sie unvergessliche Geschichten und Momente, die f\u00fcr immer in Erinnerung bleiben werden.<\/li>\n<\/ul>\n<\/div>\n<div class=\"markdown markdown-main-panel ui-v2-enabled\" dir=\"ltr\">\n<p data-sourcepos=\"18:1-18:67\"><strong>Kroatien ist mehr als nur ein Reiseziel, es ist eine Einladung dazu:<\/strong><\/p>\n<ul data-sourcepos=\"20:1-23:0\">\n<li data-sourcepos=\"20:1-20:102\"><strong>Trennen Sie sich vom Alltag:<\/strong> Lassen Sie Ihre Sorgen hinter sich und genie\u00dfen Sie die Freiheit des offenen Meeres.<\/li>\n<li data-sourcepos=\"21:1-21:116\"><strong>Gewinnen Sie Ihren Sinn f\u00fcr Wunder zur\u00fcck:<\/strong> Entdecken Sie die einfachen Freuden des Lebens wieder und verbinden Sie sich wieder mit der Natur in ihrer reinsten Form.<\/li>\n<li data-sourcepos=\"22:1-23:0\"><strong>Schaffen Sie eine Geschichte, die es wert ist, erz\u00e4hlt zu werden:<\/strong> Begeben Sie sich auf eine Reise, die Sie ver\u00e4ndern wird und Sie mit einem neuen Geist und einem Herzen voller Erinnerungen zur\u00fcckl\u00e4sst.<\/li>\n<\/ul>\n<\/div>\n<div class=\"markdown markdown-main-panel ui-v2-enabled\" dir=\"ltr\">\n<p data-sourcepos=\"24:1-24:135\"><strong>Also, hissen Sie die Segel, sp\u00fcren Sie den Wind in Ihren Haaren und nehmen Sie Kurs auf ein unvergessliches Abenteuer in Kroatien. Das Adriatische Meer erwartet Sie!<\/strong><\/p>\n<p data-sourcepos=\"24:1-24:135\">\n<\/div>\n<h2 data-sourcepos=\"7:1-7:58\">Begeben Sie sich auf ein unvergessliches Segelabenteuer in Kroatien<\/h2>\n<p data-sourcepos=\"9:1-9:260\">Kroatien ist mit seiner atemberaubenden Adriak\u00fcste, seinen unz\u00e4hligen Inseln und charmanten Hafenst\u00e4dten ein Traumziel f\u00fcr einen Segelurlaub. Egal ob Sie ein erfahrener Segler oder ein absoluter Anf\u00e4nger sind, in Kroatien wartet eine perfekte Yachtcharter Option auf Sie.<\/p>\n<p data-sourcepos=\"11:1-11:52\"><strong>Ma\u00dfgeschneiderte Yachtcharter f\u00fcr jede Vorliebe:<\/strong><\/p>\n<ul data-sourcepos=\"13:1-17:0\">\n<li data-sourcepos=\"13:1-13:234\"><strong>Chartern mit Skipper:<\/strong> Ideal f\u00fcr diejenigen, die sich entspannen und die Landschaft genie\u00dfen m\u00f6chten, ohne die Verantwortung f\u00fcr die Navigation des Bootes zu \u00fcbernehmen. Ein erfahrener Skipper k\u00fcmmert sich um alles, vom Segeln des Bootes bis zur Planung der Reiseroute.<\/li>\n<li data-sourcepos=\"14:1-14:166\"><strong>Bareboat-Charter:<\/strong> F\u00fcr erfahrene Segler, die die Freiheit haben wollen, in ihrem eigenen Tempo zu segeln. F\u00fcr einen Bareboat-Charter ben\u00f6tigen Sie einen g\u00fcltigen Segelschein.<\/li>\n<li data-sourcepos=\"15:1-15:214\"><strong>Chartern mit Besatzung:<\/strong> Kombinieren Sie die Freiheit eines Bareboat-Charters mit dem Komfort und Service einer professionellen Crew. Eine Crew k\u00fcmmert sich um das Segeln des Bootes, die Zubereitung der Mahlzeiten und darum, dass alle Ihre Bed\u00fcrfnisse erf\u00fcllt werden.<\/li>\n<li data-sourcepos=\"16:1-17:0\"><strong>All-inclusive-Charter:<\/strong> Das ultimative sorglose Segelerlebnis. F\u00fcr alles ist gesorgt, von Mahlzeiten und Getr\u00e4nken bis hin zu Aktivit\u00e4ten und Ausfl\u00fcgen. Sie m\u00fcssen sich nur noch zur\u00fccklehnen, entspannen und die Fahrt genie\u00dfen.<\/li>\n<\/ul>\n<p data-sourcepos=\"18:1-18:48\"><strong>Entdeckung der vielf\u00e4ltigen Segelregionen Kroatiens:<\/strong><\/p>\n<ul data-sourcepos=\"20:1-24:0\">\n<li data-sourcepos=\"20:1-20:215\"><strong>Dalmatinische K\u00fcste:<\/strong> Das beliebteste Segelrevier Kroatiens bietet eine wundersch\u00f6ne Mischung aus historischen St\u00e4dten, charmanten D\u00f6rfern und abgelegenen Buchten. Entdecken Sie Dubrovnik, Split, Hvar, Bra\u010d und die Kornati-Inseln.<\/li>\n<li data-sourcepos=\"21:1-21:239\"><strong>Halbinsel Istrien:<\/strong> Entdecken Sie den einzigartigen Charme Istriens mit seinen mittelalterlichen St\u00e4dten auf den H\u00fcgeln, dem venezianischen Einfluss und der k\u00f6stlichen lokalen K\u00fcche. Segeln Sie durch den Nationalpark der Brijuni-Inseln und erkunden Sie die Arena von Pula, ein r\u00f6misches Amphitheater.<\/li>\n<li data-sourcepos=\"22:1-22:225\"><strong>Kvarner-Golf:<\/strong> Fahren Sie durch den Kvarner-Golf, der f\u00fcr seine dramatischen Landschaften, seine \u00fcppige Vegetation und sein kristallklares Wasser bekannt ist. Besuchen Sie die Inseln Krk, Rab und Cres, und erkunden Sie die charmanten St\u00e4dte Opatija und Rijeka.<\/li>\n<li data-sourcepos=\"23:1-24:0\"><strong>S\u00fcdliche Adria:<\/strong> Segeln Sie entlang der s\u00fcdlichen Adriak\u00fcste, die f\u00fcr ihre atemberaubende nat\u00fcrliche Sch\u00f6nheit und entspannte Atmosph\u00e4re bekannt ist. Erkunden Sie die Elaphiti-Inseln, den Mljet-Nationalpark und die historische Stadt Dubrovnik.<\/li>\n<\/ul>\n<p data-sourcepos=\"25:1-25:36\"><strong>Abgesehen von der atemberaubenden Landschaft:<\/strong><\/p>\n<ul data-sourcepos=\"27:1-30:0\">\n<li data-sourcepos=\"27:1-27:226\"><strong>Tauchen Sie ein in die reiche Kultur und Geschichte Kroatiens:<\/strong> Erkunden Sie antike Ruinen, charmante D\u00f6rfer und pulsierende St\u00e4dte. Genie\u00dfen Sie die k\u00f6stliche lokale K\u00fcche, die f\u00fcr ihre frischen Meeresfr\u00fcchte, ihr Oliven\u00f6l und ihre regionalen Spezialit\u00e4ten bekannt ist.<\/li>\n<li data-sourcepos=\"28:1-28:153\"><strong>Genie\u00dfen Sie Aktivit\u00e4ten im Wasser:<\/strong> Schwimmen, Schnorcheln, Tauchen, Kajakfahren oder Stand-up-Paddleboarding im kristallklaren Wasser der Adria.<\/li>\n<li data-sourcepos=\"29:1-30:0\"><strong>Erleben Sie die herzliche Gastfreundschaft der kroatischen Bev\u00f6lkerung:<\/strong> Die Einheimischen sind f\u00fcr ihre freundliche und aufgeschlossene Art bekannt, so dass Sie sich sofort wie zu Hause f\u00fchlen.<\/li>\n<\/ul>\n<p data-sourcepos=\"31:1-31:63\"><strong>Beginnen Sie noch heute mit der Planung Ihres Traum-Segelabenteuers in Kroatien!<\/strong><\/p>\n\t\t\t\t\t\t\t\t<\/div>\n\t\t\t\t<\/div>\n\t\t\t\t\t<\/div>\n\t\t<\/div>\n\t\t\t\t<div class=\"elementor-column elementor-col-25 elementor-top-column elementor-element elementor-element-3beb6c0b\" data-id=\"3beb6c0b\" data-element_type=\"column\" data-e-type=\"column\">\n\t\t\t<div class=\"elementor-widget-wrap elementor-element-populated\">\n\t\t\t\t\t\t<div class=\"elementor-element elementor-element-397c5332 elementor-widget elementor-widget-template\" data-id=\"397c5332\" data-element_type=\"widget\" data-e-type=\"widget\" data-widget_type=\"template.default\">\n\t\t\t\t<div class=\"elementor-widget-container\">\n\t\t\t\t\t\t\t<div class=\"elementor-template\">\n\t\t\t\t\t<div data-elementor-type=\"section\" data-elementor-id=\"77210\" class=\"elementor elementor-77210 elementor-76339\" data-elementor-post-type=\"elementor_library\">\n\t\t\t\t\t<section class=\"elementor-section elementor-inner-section elementor-element elementor-element-457e679b elementor-section-full_width elementor-section-height-min-height elementor-section-content-middle elementor-section-height-default\" data-id=\"457e679b\" data-element_type=\"section\" data-e-type=\"section\" data-settings=\"{&quot;background_background&quot;:&quot;classic&quot;}\">\n\t\t\t\t\t\t\t<div class=\"elementor-background-overlay\"><\/div>\n\t\t\t\t\t\t\t<div class=\"elementor-container elementor-column-gap-default\">\n\t\t\t\t\t<div class=\"elementor-column elementor-col-100 elementor-inner-column elementor-element elementor-element-33d83c77\" data-id=\"33d83c77\" data-element_type=\"column\" data-e-type=\"column\">\n\t\t\t<div class=\"elementor-widget-wrap elementor-element-populated\">\n\t\t\t\t\t\t<div class=\"elementor-element elementor-element-26c46f13 elementor-widget elementor-widget-text-editor\" data-id=\"26c46f13\" data-element_type=\"widget\" data-e-type=\"widget\" data-widget_type=\"text-editor.default\">\n\t\t\t\t<div class=\"elementor-widget-container\">\n\t\t\t\t\t\t\t\t\t<p style=\"text-align: center;\">Auf der Suche nach einem Boot?<\/p>\n\t\t\t\t\t\t\t\t<\/div>\n\t\t\t\t<\/div>\n\t\t\t\t<div class=\"elementor-element elementor-element-7116d3fc elementor-align-center elementor-widget elementor-widget-button\" data-id=\"7116d3fc\" data-element_type=\"widget\" data-e-type=\"widget\" data-widget_type=\"button.default\">\n\t\t\t\t<div class=\"elementor-widget-container\">\n\t\t\t\t\t\t\t\t\t<div class=\"elementor-button-wrapper\">\n\t\t\t\t\t<a class=\"elementor-button elementor-button-link elementor-size-md\" href=\"https:\/\/skippercity.com\/de\/holen-sie-sich-ein-angebot-yacht-charter-croatia-2\/\" target=\"_blank\">\n\t\t\t\t\t\t<span class=\"elementor-button-content-wrapper\">\n\t\t\t\t\t\t\t\t\t<span class=\"elementor-button-text\">GET A FREE QUOTE<\/span>\n\t\t\t\t\t<\/span>\n\t\t\t\t\t<\/a>\n\t\t\t\t<\/div>\n\t\t\t\t\t\t\t\t<\/div>\n\t\t\t\t<\/div>\n\t\t\t\t\t<\/div>\n\t\t<\/div>\n\t\t\t\t\t<\/div>\n\t\t<\/section>\n\t\t\t\t<\/div>\n\t\t\t\t<\/div>\n\t\t\t\t\t\t<\/div>\n\t\t\t\t<\/div>\n\t\t\t\t\t<\/div>\n\t\t<\/div>\n\t\t\t\t\t<\/div>\n\t\t<\/section>\n\t\t\t\t<\/div>\n\t\t","protected":false},"excerpt":{"rendered":"<p>Inhalts\u00fcbersicht Segeln in Kroatien macht Spa\u00df! Lassen Sie sich inspirieren! Segel setzen f\u00fcr Abenteuer: Unvergessliche Erlebnisse erwarten Sie in Kroatien Stellen Sie sich vor, wie Sie \u00fcber das t\u00fcrkisfarbene Wasser der Adria gleiten, die Sonne Ihr Gesicht w\u00e4rmt und die sanfte Gischt des Ozeans Ihre Haut umweht. Kroatien mit seinen unz\u00e4hligen Inseln, versteckten Buchten und [&hellip;]<\/p>\n","protected":false},"author":2,"featured_media":16223,"parent":0,"menu_order":0,"comment_status":"closed","ping_status":"closed","template":"","meta":{"footnotes":""},"class_list":["post-51960","page","type-page","status-publish","has-post-thumbnail","hentry"],"_links":{"self":[{"href":"https:\/\/skippercity.com\/de\/wp-json\/wp\/v2\/pages\/51960","targetHints":{"allow":["GET"]}}],"collection":[{"href":"https:\/\/skippercity.com\/de\/wp-json\/wp\/v2\/pages"}],"about":[{"href":"https:\/\/skippercity.com\/de\/wp-json\/wp\/v2\/types\/page"}],"author":[{"embeddable":true,"href":"https:\/\/skippercity.com\/de\/wp-json\/wp\/v2\/users\/2"}],"replies":[{"embeddable":true,"href":"https:\/\/skippercity.com\/de\/wp-json\/wp\/v2\/comments?post=51960"}],"version-history":[{"count":0,"href":"https:\/\/skippercity.com\/de\/wp-json\/wp\/v2\/pages\/51960\/revisions"}],"wp:featuredmedia":[{"embeddable":true,"href":"https:\/\/skippercity.com\/de\/wp-json\/wp\/v2\/media\/16223"}],"wp:attachment":[{"href":"https:\/\/skippercity.com\/de\/wp-json\/wp\/v2\/media?parent=51960"}],"curies":[{"name":"wp","href":"https:\/\/api.w.org\/{rel}","templated":true}]}}