{"id":52163,"date":"2017-12-02T10:30:31","date_gmt":"2017-12-02T10:30:31","guid":{"rendered":"https:\/\/www.skippercity.com\/yachtcharter-kosten\/"},"modified":"2024-02-22T08:13:23","modified_gmt":"2024-02-22T08:13:23","slug":"yachtcharter-kosten","status":"publish","type":"page","link":"https:\/\/skippercity.com\/de\/yachtcharter-kosten\/","title":{"rendered":"Yachtcharter Kosten"},"content":{"rendered":"\t\t<div data-elementor-type=\"wp-page\" data-elementor-id=\"52163\" class=\"elementor elementor-52163 elementor-6005\" data-elementor-post-type=\"page\">\n\t\t\t\t\t\t<section class=\"elementor-section elementor-top-section elementor-element elementor-element-72a141a2 elementor-section-stretched elementor-section-full_width elementor-section-height-min-height elementor-section-height-default elementor-section-items-middle\" data-id=\"72a141a2\" data-element_type=\"section\" data-e-type=\"section\" data-settings=\"{&quot;background_background&quot;:&quot;classic&quot;,&quot;stretch_section&quot;:&quot;section-stretched&quot;}\">\n\t\t\t\t\t\t\t<div class=\"elementor-background-overlay\"><\/div>\n\t\t\t\t\t\t\t<div class=\"elementor-container elementor-column-gap-default\">\n\t\t\t\t\t<div class=\"elementor-column elementor-col-100 elementor-top-column elementor-element elementor-element-2d1ed2d\" data-id=\"2d1ed2d\" data-element_type=\"column\" data-e-type=\"column\">\n\t\t\t<div class=\"elementor-widget-wrap\">\n\t\t\t\t\t\t\t<\/div>\n\t\t<\/div>\n\t\t\t\t\t<\/div>\n\t\t<\/section>\n\t\t\t\t<section class=\"elementor-section elementor-top-section elementor-element elementor-element-7a53a1a2 elementor-section-full_width elementor-section-height-default elementor-section-height-default\" data-id=\"7a53a1a2\" data-element_type=\"section\" data-e-type=\"section\">\n\t\t\t\t\t\t<div class=\"elementor-container elementor-column-gap-default\">\n\t\t\t\t\t<div class=\"elementor-column elementor-col-25 elementor-top-column elementor-element elementor-element-52c15051\" data-id=\"52c15051\" data-element_type=\"column\" data-e-type=\"column\">\n\t\t\t<div class=\"elementor-widget-wrap elementor-element-populated\">\n\t\t\t\t\t\t<div class=\"elementor-element elementor-element-3a99f9df elementor-toc--minimized-on-tablet elementor-widget elementor-widget-table-of-contents\" data-id=\"3a99f9df\" data-element_type=\"widget\" data-e-type=\"widget\" data-settings=\"{&quot;exclude_headings_by_selector&quot;:[],&quot;marker_view&quot;:&quot;bullets&quot;,&quot;headings_by_tags&quot;:[&quot;h2&quot;,&quot;h3&quot;,&quot;h4&quot;,&quot;h5&quot;,&quot;h6&quot;],&quot;icon&quot;:{&quot;value&quot;:&quot;fas fa-circle&quot;,&quot;library&quot;:&quot;fa-solid&quot;,&quot;rendered_tag&quot;:&quot;&lt;svg class=\\&quot;e-font-icon-svg e-fas-circle\\&quot; viewBox=\\&quot;0 0 512 512\\&quot; xmlns=\\&quot;http:\\\/\\\/www.w3.org\\\/2000\\\/svg\\&quot;&gt;&lt;path d=\\&quot;M256 8C119 8 8 119 8 256s111 248 248 248 248-111 248-248S393 8 256 8z\\&quot;&gt;&lt;\\\/path&gt;&lt;\\\/svg&gt;&quot;},&quot;no_headings_message&quot;:&quot;Es wurden keine \\u00dcberschriften auf dieser Seite gefunden.&quot;,&quot;minimize_box&quot;:&quot;yes&quot;,&quot;minimized_on&quot;:&quot;tablet&quot;,&quot;hierarchical_view&quot;:&quot;yes&quot;,&quot;min_height&quot;:{&quot;unit&quot;:&quot;px&quot;,&quot;size&quot;:&quot;&quot;,&quot;sizes&quot;:[]},&quot;min_height_tablet&quot;:{&quot;unit&quot;:&quot;px&quot;,&quot;size&quot;:&quot;&quot;,&quot;sizes&quot;:[]},&quot;min_height_mobile&quot;:{&quot;unit&quot;:&quot;px&quot;,&quot;size&quot;:&quot;&quot;,&quot;sizes&quot;:[]}}\" data-widget_type=\"table-of-contents.default\">\n\t\t\t\t<div class=\"elementor-widget-container\">\n\t\t\t\t\t\t\t\t\t<div class=\"elementor-toc__header\">\n\t\t\t\t\t\t<h4 class=\"elementor-toc__header-title\">\n\t\t\t\tInhalts\u00fcbersicht\t\t\t<\/h4>\n\t\t\t\t\t\t\t\t\t\t<div class=\"elementor-toc__toggle-button elementor-toc__toggle-button--expand\" role=\"button\" tabindex=\"0\" aria-controls=\"elementor-toc__3a99f9df\" aria-expanded=\"true\" aria-label=\"Inhaltsverzeichnis \u00f6ffnen\"><svg aria-hidden=\"true\" class=\"e-font-icon-svg e-fas-chevron-down\" viewBox=\"0 0 448 512\" xmlns=\"http:\/\/www.w3.org\/2000\/svg\"><path d=\"M207.029 381.476L12.686 187.132c-9.373-9.373-9.373-24.569 0-33.941l22.667-22.667c9.357-9.357 24.522-9.375 33.901-.04L224 284.505l154.745-154.021c9.379-9.335 24.544-9.317 33.901.04l22.667 22.667c9.373 9.373 9.373 24.569 0 33.941L240.971 381.476c-9.373 9.372-24.569 9.372-33.942 0z\"><\/path><\/svg><\/div>\n\t\t\t\t<div class=\"elementor-toc__toggle-button elementor-toc__toggle-button--collapse\" role=\"button\" tabindex=\"0\" aria-controls=\"elementor-toc__3a99f9df\" aria-expanded=\"true\" aria-label=\"Inhaltsverzeichnis schlie\u00dfen\"><svg aria-hidden=\"true\" class=\"e-font-icon-svg e-fas-chevron-up\" viewBox=\"0 0 448 512\" xmlns=\"http:\/\/www.w3.org\/2000\/svg\"><path d=\"M240.971 130.524l194.343 194.343c9.373 9.373 9.373 24.569 0 33.941l-22.667 22.667c-9.357 9.357-24.522 9.375-33.901.04L224 227.495 69.255 381.516c-9.379 9.335-24.544 9.317-33.901-.04l-22.667-22.667c-9.373-9.373-9.373-24.569 0-33.941L207.03 130.525c9.372-9.373 24.568-9.373 33.941-.001z\"><\/path><\/svg><\/div>\n\t\t\t\t\t<\/div>\n\t\t\t\t<div id=\"elementor-toc__3a99f9df\" class=\"elementor-toc__body\">\n\t\t\t<div class=\"elementor-toc__spinner-container\">\n\t\t\t\t<svg class=\"elementor-toc__spinner eicon-animation-spin e-font-icon-svg e-eicon-loading\" aria-hidden=\"true\" viewBox=\"0 0 1000 1000\" xmlns=\"http:\/\/www.w3.org\/2000\/svg\"><path d=\"M500 975V858C696 858 858 696 858 500S696 142 500 142 142 304 142 500H25C25 237 238 25 500 25S975 237 975 500 763 975 500 975Z\"><\/path><\/svg>\t\t\t<\/div>\n\t\t<\/div>\n\t\t\t\t\t\t<\/div>\n\t\t\t\t<\/div>\n\t\t\t\t\t<\/div>\n\t\t<\/div>\n\t\t\t\t<div class=\"elementor-column elementor-col-50 elementor-top-column elementor-element elementor-element-54508ef9\" data-id=\"54508ef9\" data-element_type=\"column\" data-e-type=\"column\">\n\t\t\t<div class=\"elementor-widget-wrap elementor-element-populated\">\n\t\t\t\t\t\t<div class=\"elementor-element elementor-element-4c4bf85e elementor-widget elementor-widget-text-editor\" data-id=\"4c4bf85e\" data-element_type=\"widget\" data-e-type=\"widget\" data-widget_type=\"text-editor.default\">\n\t\t\t\t<div class=\"elementor-widget-container\">\n\t\t\t\t\t\t\t\t\t<h1 data-sourcepos=\"1:1-1:86\">Enth\u00fcllen Sie die Kosten f\u00fcr Ihren Traum-Yachtcharter in Kroatien: Ein Leitfaden f\u00fcr jedes Budget<\/h1>\n<p data-sourcepos=\"3:1-3:7\">Kroatien mit seiner atemberaubenden Adriak\u00fcste, seinen bezaubernden Inseln und pulsierenden St\u00e4dten lockt Segler und Luxusliebhaber gleicherma\u00dfen an. Und wie k\u00f6nnte man diesen Zauber besser erleben als mit einer gecharterten Jacht? Doch bevor man in See sticht, muss man sich \u00fcber die Kosten im Klaren sein. Dieser Leitfaden erl\u00e4utert die Faktoren, die die Preise f\u00fcr Yachtcharter in Kroatien beeinflussen, und hilft Ihnen, Ihr Budget einzusch\u00e4tzen und Ihren Traumurlaub zu planen.<\/p>\n<h2 data-sourcepos=\"5:1-5:36\"><strong>Verstehen des Kostenspektrums:<\/strong><\/h2>\n<p data-sourcepos=\"7:1-7:30\">Die Kosten f\u00fcr einen Yachtcharter in Kroatien k\u00f6nnen erheblich variieren und reichen von <strong>1.000 \u20ac bis zu \u00fcber 10.000 \u20ac pro Woche<\/strong>. Dieses breite Spektrum spiegelt mehrere Schl\u00fcsselfaktoren wider:<\/p>\n<ul data-sourcepos=\"9:1-10:10\">\n<li data-sourcepos=\"9:1-9:277\"><strong>Yacht-Typ:<\/strong> Der Star der Show! Die Entscheidung f\u00fcr eine <strong>luxuri\u00f6se Motoryacht<\/strong> ist nat\u00fcrlich mit einem h\u00f6heren Preis verbunden als bei einem <strong>einfachen Segelboot<\/strong>. Die Preise f\u00fcr Motoryachten liegen zwischen <strong>15.000 \u20ac und 100.000 \u20ac pro Woche<\/strong>, w\u00e4hrend Segelboote bereits ab <strong>1.000 \u20ac pro Woche<\/strong> zu haben sind.<\/li>\n<li data-sourcepos=\"10:1-10:10\"><strong>Saisonabh\u00e4ngigkeit:<\/strong> In der Hochsaison in Kroatien<strong>(Juni-August<\/strong>) steigt die Nachfrage stark an und treibt die Preise in die H\u00f6he. In der <strong>Nebensaison (April-Mai und September-Oktober)<\/strong> gibt es m\u00f6glicherweise bessere Angebote.<\/li>\n<li data-sourcepos=\"11:1-11:222\"><strong>Gr\u00f6\u00dfe und Ausstattung der Yacht:<\/strong> Gr\u00f6\u00dfere Yachten verf\u00fcgen \u00fcber mehr Kabinen, mehr Wohnraum und eine luxuri\u00f6se Ausstattung, die nat\u00fcrlich einen h\u00f6heren Preis erfordert. Umgekehrt bieten kleinere Yachten ein intimeres Erlebnis zu einem g\u00fcnstigeren Preis.<\/li>\n<li data-sourcepos=\"12:1-12:116\"><strong>Dauer des Charters:<\/strong> W\u00f6chentliche Charter sind der Standard, aber bei l\u00e4ngerer Dauer k\u00f6nnen leichte Rabatte pro Tag gew\u00e4hrt werden.<\/li>\n<li data-sourcepos=\"13:1-14:0\"><strong>Zus\u00e4tzliche Dienstleistungen:<\/strong> Die Anmietung eines <strong>Skippers<\/strong> f\u00fcr Navigationskenntnisse oder einer <strong>Hostess<\/strong> f\u00fcr den Service an Bord ist mit zus\u00e4tzlichen Kosten verbunden, die in der Regel zwischen <strong>150 \u20ac und 250 \u20ac pro Tag<\/strong> liegen.<\/li>\n<\/ul>\n<h2 data-sourcepos=\"15:1-15:25\"><strong>Planen Sie Ihr Budget:<\/strong><\/h2>\n<p data-sourcepos=\"17:1-17:52\">Um Ihre Charterkosten abzusch\u00e4tzen, gehen Sie folgenderma\u00dfen vor:<\/p>\n<ol data-sourcepos=\"19:1-19:72\">\n<li data-sourcepos=\"19:1-19:72\"><strong>Definieren Sie Ihren Bedarf:<\/strong> Wie viele Personen werden an Bord sein? Welches Ma\u00df an Luxus w\u00fcnschen Sie sich? Ben\u00f6tigen Sie einen Skipper oder eine Hostess?<\/li>\n<li data-sourcepos=\"20:1-20:104\"><strong>W\u00e4hlen Sie den Typ und die Gr\u00f6\u00dfe Ihres Schiffes:<\/strong> Recherchieren Sie verschiedene Optionen je nach Ihren Vorlieben und Ihrem Budget.<\/li>\n<li data-sourcepos=\"21:1-21:124\"><strong>W\u00e4hlen Sie die gew\u00fcnschte Saison und Dauer:<\/strong> \u00dcberlegen Sie, ob Sie in der Hauptsaison oder in der Nebensaison fahren m\u00f6chten und wie lange Ihr Charter dauern soll.<\/li>\n<li data-sourcepos=\"22:1-23:0\"><strong>Kalkulieren Sie zus\u00e4tzliche Dienstleistungen ein:<\/strong> Ber\u00fccksichtigen Sie m\u00f6gliche Kosten f\u00fcr Skipper, Hostess, Verpflegung und andere Extras.<\/li>\n<\/ol>\n<h2 data-sourcepos=\"24:1-24:25\"><strong>Jenseits des Preisschildes:<\/strong><\/h2>\n<p data-sourcepos=\"26:1-26:207\">Denken Sie daran, dass die Kosten nicht der einzige Faktor sind. Kroatien bietet vielf\u00e4ltige Erlebnisse, von der Erkundung versteckter Buchten und charmanter St\u00e4dte bis hin zu Wassersport und Gourmetgerichten. Ber\u00fccksichtigen Sie diese zus\u00e4tzlichen Aspekte:<\/p>\n<ul data-sourcepos=\"28:1-29:66\">\n<li data-sourcepos=\"28:1-28:83\"><strong>Reiseziel:<\/strong> Bestimmte Regionen in Kroatien k\u00f6nnen unterschiedliche Preisniveaus haben.<\/li>\n<li data-sourcepos=\"29:1-29:66\"><strong>Kraftstoff und Liegeplatzgeb\u00fchren:<\/strong> Diese k\u00f6nnen zu den Gesamtkosten hinzukommen. Erkundigen Sie sich daher beim Vercharterer, um Klarheit zu erhalten.<\/li>\n<li data-sourcepos=\"30:1-31:0\"><strong>Verpflegung:<\/strong> Entscheiden Sie, ob Sie sich selbst verpflegen wollen oder ob Sie sich f\u00fcr vorr\u00e4tigen Proviant entscheiden, beides wirkt sich auf die Kosten aus.<\/li>\n<\/ul>\n<h2 data-sourcepos=\"32:1-32:44\"><strong>Aufbruch zu Ihrem kroatischen Abenteuer:<\/strong><\/h2>\n<p data-sourcepos=\"34:1-34:301\">Wenn Sie die Kostenfaktoren kennen und sorgf\u00e4ltig planen, k\u00f6nnen Sie einen unvergesslichen Yachtcharter in Kroatien beginnen, der Ihrem Budget und Ihren W\u00fcnschen entspricht. Ob Sie einen extravaganten Urlaub oder ein preisg\u00fcnstiges Segelabenteuer suchen, die glitzernden Gew\u00e4sser Kroatiens bieten unendlich viele M\u00f6glichkeiten.<\/p>\n<p data-sourcepos=\"36:1-36:204\"><strong>Bonus-Tipp:<\/strong> Vergleichen Sie Preise, Funktionen und Verf\u00fcgbarkeit bei verschiedenen Anbietern. So k\u00f6nnen Sie die perfekte Yacht f\u00fcr Ihren Traumurlaub in Kroatien finden.<\/p>\n<p data-sourcepos=\"38:1-38:187\"><strong>Stichworte:<\/strong> Kroatien Yachtcharter, Yachtcharter Kosten, Kroatien Segeln, Yachtcharter Kroatien, Yachtcharter Kroatien Budget, Luxusyachtcharter Kroatien, Planung Kroatien Yachtcharter.<\/p>C\t\t\t\t\t\t\t\t<\/div>\n\t\t\t\t<\/div>\n\t\t\t\t\t<\/div>\n\t\t<\/div>\n\t\t\t\t<div class=\"elementor-column elementor-col-25 elementor-top-column elementor-element elementor-element-317065af\" data-id=\"317065af\" data-element_type=\"column\" data-e-type=\"column\">\n\t\t\t<div class=\"elementor-widget-wrap elementor-element-populated\">\n\t\t\t\t\t\t<div class=\"elementor-element elementor-element-38fa3f4f elementor-widget elementor-widget-template\" data-id=\"38fa3f4f\" data-element_type=\"widget\" data-e-type=\"widget\" data-widget_type=\"template.default\">\n\t\t\t\t<div class=\"elementor-widget-container\">\n\t\t\t\t\t\t\t<div class=\"elementor-template\">\n\t\t\t\t\t<div data-elementor-type=\"section\" data-elementor-id=\"77210\" class=\"elementor elementor-77210 elementor-76339\" data-elementor-post-type=\"elementor_library\">\n\t\t\t\t\t<section class=\"elementor-section elementor-inner-section elementor-element elementor-element-457e679b elementor-section-full_width elementor-section-height-min-height elementor-section-content-middle elementor-section-height-default\" data-id=\"457e679b\" data-element_type=\"section\" data-e-type=\"section\" data-settings=\"{&quot;background_background&quot;:&quot;classic&quot;}\">\n\t\t\t\t\t\t\t<div class=\"elementor-background-overlay\"><\/div>\n\t\t\t\t\t\t\t<div class=\"elementor-container elementor-column-gap-default\">\n\t\t\t\t\t<div class=\"elementor-column elementor-col-100 elementor-inner-column elementor-element elementor-element-33d83c77\" data-id=\"33d83c77\" data-element_type=\"column\" data-e-type=\"column\">\n\t\t\t<div class=\"elementor-widget-wrap elementor-element-populated\">\n\t\t\t\t\t\t<div class=\"elementor-element elementor-element-26c46f13 elementor-widget elementor-widget-text-editor\" data-id=\"26c46f13\" data-element_type=\"widget\" data-e-type=\"widget\" data-widget_type=\"text-editor.default\">\n\t\t\t\t<div class=\"elementor-widget-container\">\n\t\t\t\t\t\t\t\t\t<p style=\"text-align: center;\">Auf der Suche nach einem Boot?<\/p>\n\t\t\t\t\t\t\t\t<\/div>\n\t\t\t\t<\/div>\n\t\t\t\t<div class=\"elementor-element elementor-element-7116d3fc elementor-align-center elementor-widget elementor-widget-button\" data-id=\"7116d3fc\" data-element_type=\"widget\" data-e-type=\"widget\" data-widget_type=\"button.default\">\n\t\t\t\t<div class=\"elementor-widget-container\">\n\t\t\t\t\t\t\t\t\t<div class=\"elementor-button-wrapper\">\n\t\t\t\t\t<a class=\"elementor-button elementor-button-link elementor-size-md\" href=\"https:\/\/skippercity.com\/de\/holen-sie-sich-ein-angebot-yacht-charter-croatia-2\/\" target=\"_blank\">\n\t\t\t\t\t\t<span class=\"elementor-button-content-wrapper\">\n\t\t\t\t\t\t\t\t\t<span class=\"elementor-button-text\">GET A FREE QUOTE<\/span>\n\t\t\t\t\t<\/span>\n\t\t\t\t\t<\/a>\n\t\t\t\t<\/div>\n\t\t\t\t\t\t\t\t<\/div>\n\t\t\t\t<\/div>\n\t\t\t\t\t<\/div>\n\t\t<\/div>\n\t\t\t\t\t<\/div>\n\t\t<\/section>\n\t\t\t\t<\/div>\n\t\t\t\t<\/div>\n\t\t\t\t\t\t<\/div>\n\t\t\t\t<\/div>\n\t\t\t\t\t<\/div>\n\t\t<\/div>\n\t\t\t\t\t<\/div>\n\t\t<\/section>\n\t\t\t\t<\/div>\n\t\t","protected":false},"excerpt":{"rendered":"<p>Inhalts\u00fcbersicht Enth\u00fcllen Sie die Kosten f\u00fcr Ihren Traum-Yachtcharter in Kroatien: Ein Leitfaden f\u00fcr jedes Budget Kroatien mit seiner atemberaubenden Adriak\u00fcste, seinen bezaubernden Inseln und pulsierenden St\u00e4dten lockt Segler und Luxusliebhaber gleicherma\u00dfen an. Und wie k\u00f6nnte man diesen Zauber besser erleben als mit einer gecharterten Jacht? Doch bevor man in See sticht, muss man sich \u00fcber [&hellip;]<\/p>\n","protected":false},"author":2,"featured_media":16223,"parent":0,"menu_order":0,"comment_status":"closed","ping_status":"closed","template":"","meta":{"footnotes":""},"class_list":["post-52163","page","type-page","status-publish","has-post-thumbnail","hentry"],"_links":{"self":[{"href":"https:\/\/skippercity.com\/de\/wp-json\/wp\/v2\/pages\/52163","targetHints":{"allow":["GET"]}}],"collection":[{"href":"https:\/\/skippercity.com\/de\/wp-json\/wp\/v2\/pages"}],"about":[{"href":"https:\/\/skippercity.com\/de\/wp-json\/wp\/v2\/types\/page"}],"author":[{"embeddable":true,"href":"https:\/\/skippercity.com\/de\/wp-json\/wp\/v2\/users\/2"}],"replies":[{"embeddable":true,"href":"https:\/\/skippercity.com\/de\/wp-json\/wp\/v2\/comments?post=52163"}],"version-history":[{"count":0,"href":"https:\/\/skippercity.com\/de\/wp-json\/wp\/v2\/pages\/52163\/revisions"}],"wp:featuredmedia":[{"embeddable":true,"href":"https:\/\/skippercity.com\/de\/wp-json\/wp\/v2\/media\/16223"}],"wp:attachment":[{"href":"https:\/\/skippercity.com\/de\/wp-json\/wp\/v2\/media?parent=52163"}],"curies":[{"name":"wp","href":"https:\/\/api.w.org\/{rel}","templated":true}]}}