{"id":52989,"date":"2017-11-15T21:24:45","date_gmt":"2017-11-15T21:24:45","guid":{"rendered":"https:\/\/www.skippercity.com\/bootsverleih-kroatien\/"},"modified":"2024-02-21T12:24:45","modified_gmt":"2024-02-21T12:24:45","slug":"bootsverleih-kroatien","status":"publish","type":"page","link":"https:\/\/skippercity.com\/de\/bootsverleih-kroatien\/","title":{"rendered":"Bootsverleih Kroatien"},"content":{"rendered":"\t\t<div data-elementor-type=\"wp-page\" data-elementor-id=\"52989\" class=\"elementor elementor-52989 elementor-1472\" data-elementor-post-type=\"page\">\n\t\t\t\t<div class=\"elementor-element elementor-element-6042987 e-con-full e-flex e-con e-parent\" data-id=\"6042987\" data-element_type=\"container\" data-e-type=\"container\" data-settings=\"{&quot;background_background&quot;:&quot;classic&quot;}\">\n\t\t\t\t<\/div>\n\t\t\t\t<section class=\"elementor-section elementor-top-section elementor-element elementor-element-6ac0cb3c elementor-section-full_width elementor-section-height-default elementor-section-height-default\" data-id=\"6ac0cb3c\" data-element_type=\"section\" data-e-type=\"section\">\n\t\t\t\t\t\t<div class=\"elementor-container elementor-column-gap-default\">\n\t\t\t\t\t<div class=\"elementor-column elementor-col-25 elementor-top-column elementor-element elementor-element-6105046c\" data-id=\"6105046c\" data-element_type=\"column\" data-e-type=\"column\">\n\t\t\t<div class=\"elementor-widget-wrap elementor-element-populated\">\n\t\t\t\t\t\t<div class=\"elementor-element elementor-element-27770b8e elementor-toc--minimized-on-tablet elementor-widget elementor-widget-table-of-contents\" data-id=\"27770b8e\" data-element_type=\"widget\" data-e-type=\"widget\" data-settings=\"{&quot;exclude_headings_by_selector&quot;:[],&quot;marker_view&quot;:&quot;bullets&quot;,&quot;headings_by_tags&quot;:[&quot;h2&quot;,&quot;h3&quot;,&quot;h4&quot;,&quot;h5&quot;,&quot;h6&quot;],&quot;icon&quot;:{&quot;value&quot;:&quot;fas fa-circle&quot;,&quot;library&quot;:&quot;fa-solid&quot;,&quot;rendered_tag&quot;:&quot;&lt;svg class=\\&quot;e-font-icon-svg e-fas-circle\\&quot; viewBox=\\&quot;0 0 512 512\\&quot; xmlns=\\&quot;http:\\\/\\\/www.w3.org\\\/2000\\\/svg\\&quot;&gt;&lt;path d=\\&quot;M256 8C119 8 8 119 8 256s111 248 248 248 248-111 248-248S393 8 256 8z\\&quot;&gt;&lt;\\\/path&gt;&lt;\\\/svg&gt;&quot;},&quot;no_headings_message&quot;:&quot;Es wurden keine \\u00dcberschriften auf dieser Seite gefunden.&quot;,&quot;minimize_box&quot;:&quot;yes&quot;,&quot;minimized_on&quot;:&quot;tablet&quot;,&quot;hierarchical_view&quot;:&quot;yes&quot;,&quot;min_height&quot;:{&quot;unit&quot;:&quot;px&quot;,&quot;size&quot;:&quot;&quot;,&quot;sizes&quot;:[]},&quot;min_height_tablet&quot;:{&quot;unit&quot;:&quot;px&quot;,&quot;size&quot;:&quot;&quot;,&quot;sizes&quot;:[]},&quot;min_height_mobile&quot;:{&quot;unit&quot;:&quot;px&quot;,&quot;size&quot;:&quot;&quot;,&quot;sizes&quot;:[]}}\" data-widget_type=\"table-of-contents.default\">\n\t\t\t\t<div class=\"elementor-widget-container\">\n\t\t\t\t\t\t\t\t\t<div class=\"elementor-toc__header\">\n\t\t\t\t\t\t<h4 class=\"elementor-toc__header-title\">\n\t\t\t\tInhalts\u00fcbersicht\t\t\t<\/h4>\n\t\t\t\t\t\t\t\t\t\t<div class=\"elementor-toc__toggle-button elementor-toc__toggle-button--expand\" role=\"button\" tabindex=\"0\" aria-controls=\"elementor-toc__27770b8e\" aria-expanded=\"true\" aria-label=\"Inhaltsverzeichnis \u00f6ffnen\"><svg aria-hidden=\"true\" class=\"e-font-icon-svg e-fas-chevron-down\" viewBox=\"0 0 448 512\" xmlns=\"http:\/\/www.w3.org\/2000\/svg\"><path d=\"M207.029 381.476L12.686 187.132c-9.373-9.373-9.373-24.569 0-33.941l22.667-22.667c9.357-9.357 24.522-9.375 33.901-.04L224 284.505l154.745-154.021c9.379-9.335 24.544-9.317 33.901.04l22.667 22.667c9.373 9.373 9.373 24.569 0 33.941L240.971 381.476c-9.373 9.372-24.569 9.372-33.942 0z\"><\/path><\/svg><\/div>\n\t\t\t\t<div class=\"elementor-toc__toggle-button elementor-toc__toggle-button--collapse\" role=\"button\" tabindex=\"0\" aria-controls=\"elementor-toc__27770b8e\" aria-expanded=\"true\" aria-label=\"Inhaltsverzeichnis schlie\u00dfen\"><svg aria-hidden=\"true\" class=\"e-font-icon-svg e-fas-chevron-up\" viewBox=\"0 0 448 512\" xmlns=\"http:\/\/www.w3.org\/2000\/svg\"><path d=\"M240.971 130.524l194.343 194.343c9.373 9.373 9.373 24.569 0 33.941l-22.667 22.667c-9.357 9.357-24.522 9.375-33.901.04L224 227.495 69.255 381.516c-9.379 9.335-24.544 9.317-33.901-.04l-22.667-22.667c-9.373-9.373-9.373-24.569 0-33.941L207.03 130.525c9.372-9.373 24.568-9.373 33.941-.001z\"><\/path><\/svg><\/div>\n\t\t\t\t\t<\/div>\n\t\t\t\t<div id=\"elementor-toc__27770b8e\" class=\"elementor-toc__body\">\n\t\t\t<div class=\"elementor-toc__spinner-container\">\n\t\t\t\t<svg class=\"elementor-toc__spinner eicon-animation-spin e-font-icon-svg e-eicon-loading\" aria-hidden=\"true\" viewBox=\"0 0 1000 1000\" xmlns=\"http:\/\/www.w3.org\/2000\/svg\"><path d=\"M500 975V858C696 858 858 696 858 500S696 142 500 142 142 304 142 500H25C25 237 238 25 500 25S975 237 975 500 763 975 500 975Z\"><\/path><\/svg>\t\t\t<\/div>\n\t\t<\/div>\n\t\t\t\t\t\t<\/div>\n\t\t\t\t<\/div>\n\t\t\t\t\t<\/div>\n\t\t<\/div>\n\t\t\t\t<div class=\"elementor-column elementor-col-50 elementor-top-column elementor-element elementor-element-5f305314\" data-id=\"5f305314\" data-element_type=\"column\" data-e-type=\"column\">\n\t\t\t<div class=\"elementor-widget-wrap elementor-element-populated\">\n\t\t\t\t\t\t<div class=\"elementor-element elementor-element-38e8ec5b elementor-widget elementor-widget-text-editor\" data-id=\"38e8ec5b\" data-element_type=\"widget\" data-e-type=\"widget\" data-widget_type=\"text-editor.default\">\n\t\t\t\t<div class=\"elementor-widget-container\">\n\t\t\t\t\t\t\t\t\t<h1>Bootsverleih in Kroatien<\/h1>\n<p>Kroatien ist mit seiner atemberaubenden K\u00fcste, dem kristallklaren Wasser und den Tausenden von Inseln ein Traumziel f\u00fcr alle, die ein unvergessliches Segelerlebnis suchen. Ob Sie ein erfahrener Segler oder ein Anf\u00e4nger sind, es gibt eine Bootsvermietung, die Ihren Bed\u00fcrfnissen entspricht. In diesem Leitfaden werden wir die verschiedenen Arten von Bootsvermietungen in Kroatien, die Kosten im Jahr 2024 und die f\u00fcnf besten Yachtcharter-Ziele vorstellen.<\/p>\n<h2>Warum Kroatien?<\/h2>\n<p>Kroatien bietet einige der sch\u00f6nsten Segelreviere der Welt. Die K\u00fcste ist mit Tausenden von Inseln \u00fcbers\u00e4t, von denen jede ihren eigenen Charme hat. Von den historischen St\u00e4dten Split und Dubrovnik bis hin zu den abgeschiedenen Buchten der Kornati-Inseln &#8211; Kroatien hat f\u00fcr jeden etwas zu bieten. Das mediterrane Klima, die warmen Gew\u00e4sser und die sanften Winde machen das Land zu einem idealen Reiseziel f\u00fcr Segler.<\/p>\n<p><img fetchpriority=\"high\" decoding=\"async\" class=\"alignnone size-full wp-image-412487\" src=\"https:\/\/skippercity.com\/vsebina\/uploads\/yacht-charter-catamaran-rental.jpeg\" alt=\"Katamaran Charter Kroatien\" width=\"1200\" height=\"717\" srcset=\"https:\/\/skippercity.com\/vsebina\/uploads\/yacht-charter-catamaran-rental.jpeg 1200w, https:\/\/skippercity.com\/vsebina\/uploads\/yacht-charter-catamaran-rental-768x459.jpeg 768w, https:\/\/skippercity.com\/vsebina\/uploads\/yacht-charter-catamaran-rental-700x418.jpeg 700w\" sizes=\"(max-width: 1200px) 100vw, 1200px\" \/><\/p>\n<h2>Arten von Bootsvermietungen<\/h2>\n<h3>Charter mit Skipper<\/h3>\n<p>Ideal f\u00fcr diejenigen, die sich entspannen und die Reise genie\u00dfen wollen, ohne sich um die Navigation oder die Handhabung des Bootes zu k\u00fcmmern. Ein <a href=\"https:\/\/skippercity.com\/de\/skippered-yacht-charter-kroatien\/\">professioneller Skipper<\/a> k\u00fcmmert sich um alles, vom Steuern bis zum Festmachen, w\u00e4hrend Sie die Sch\u00f6nheit der Adria genie\u00dfen.<\/p>\n<h3><strong>Charter mit Besatzung<\/strong><\/h3>\n<p>F\u00fcr ein wirklich luxuri\u00f6ses Erlebnis ist ein <a href=\"https:\/\/skippercity.com\/de\/crewed-yachtcharter-kroatien\/\">Charter mit Besatzung<\/a> die richtige Wahl. Neben dem Skipper stehen Ihnen ein Koch und weitere Besatzungsmitglieder zur Verf\u00fcgung, die sich um Ihre Bed\u00fcrfnisse k\u00fcmmern. Diese Option ist perfekt f\u00fcr diejenigen, die sich verw\u00f6hnen lassen und einen F\u00fcnf-Sterne-Segelurlaub genie\u00dfen m\u00f6chten.<\/p>\n<h3><strong>Bareboat-Vermietung<\/strong><\/h3>\n<p>Wenn Sie \u00fcber Segelerfahrung und die erforderlichen Qualifikationen verf\u00fcgen, k\u00f6nnen Sie sich f\u00fcr eine Bareboat-Vermietung entscheiden. Bei dieser Option sind Sie der Kapit\u00e4n Ihres eigenen Schiffes und verantwortlich f\u00fcr Navigation, Anlegen und alle anderen Aspekte des Segelns. Es ist eine gro\u00dfartige M\u00f6glichkeit, die kroatische K\u00fcste in Ihrem eigenen Tempo zu erkunden.<\/p>\n<p><img decoding=\"async\" class=\"alignnone size-full wp-image-412448\" src=\"https:\/\/skippercity.com\/vsebina\/uploads\/2.jpg\" alt=\"Katamaran Charter Kroatien\" width=\"698\" height=\"466\"><\/p>\n<h2>Bootstypen<\/h2>\n<h3><strong>Segelboote<\/strong><\/h3>\n<p>Segelboote sind die traditionellste und romantischste Art, die Adria zu erkunden, und bieten ein friedliches und umweltfreundliches Segelerlebnis. Sie sind ideal f\u00fcr alle, die die Ruhe des Meeres und das Rauschen des Windes in den Segeln genie\u00dfen wollen.<\/p>\n<h3><strong>Katamarane<\/strong><\/h3>\n<p><a href=\"https:\/\/skippercity.com\/de\/katamaran-charter-kroatien\/\">Katamarane<\/a> sind bekannt f\u00fcr ihre Stabilit\u00e4t und Ger\u00e4umigkeit und sind eine beliebte Wahl f\u00fcr Familien und gr\u00f6\u00dfere Gruppen. Mit mehreren Kabinen und viel Platz an Deck bieten sie Komfort und Luxus beim Segeln.<\/p>\n<h3><strong>Motorboote<\/strong><\/h3>\n<p>Wenn es Ihnen auf Geschwindigkeit ankommt, ist ein Motorboot das Richtige f\u00fcr Sie. Mit ihren leistungsstarken Motoren k\u00f6nnen diese Boote Sie schnell von einem Ziel zum anderen bringen, so dass Sie mehr Strecke in k\u00fcrzerer Zeit zur\u00fccklegen k\u00f6nnen.<\/p>\n<p><img decoding=\"async\" class=\"alignnone size-full wp-image-412396\" src=\"https:\/\/skippercity.com\/vsebina\/uploads\/catamaran-charter-croatia-1.jpg\" alt=\"Katamaran Charter Kroatien\" width=\"1920\" height=\"932\" srcset=\"https:\/\/skippercity.com\/vsebina\/uploads\/catamaran-charter-croatia-1.jpg 1920w, https:\/\/skippercity.com\/vsebina\/uploads\/catamaran-charter-croatia-1-768x373.jpg 768w, https:\/\/skippercity.com\/vsebina\/uploads\/catamaran-charter-croatia-1-1536x746.jpg 1536w, https:\/\/skippercity.com\/vsebina\/uploads\/catamaran-charter-croatia-1-700x340.jpg 700w\" sizes=\"(max-width: 1920px) 100vw, 1920px\" \/><\/p>\n<h2>Segelreviere<\/h2>\n<h3><strong>trennen<\/strong><\/h3>\n<p>Als eines der beliebtesten Segelziele Kroatiens bietet Split eine perfekte Mischung aus Geschichte, Kultur und Natursch\u00f6nheiten. Vom antiken Diokletianspalast bis hin zu den atemberaubenden Inseln Hvar und Vis &#8211; Split bietet f\u00fcr jeden etwas.<\/p>\n<h3><strong>Zadar<\/strong><\/h3>\n<p>Mit seiner einzigartigen Mischung aus r\u00f6mischen, byzantinischen und venezianischen Einfl\u00fcssen ist Zadar eine charmante Stadt, die sich perfekt f\u00fcr eine Erkundung per Boot eignet. Der nahe gelegene Nationalpark Kornati-Inseln ist wegen seiner atemberaubenden Landschaften und kristallklaren Gew\u00e4sser ein Muss.<\/p>\n<h3><strong>Trogir<\/strong><\/h3>\n<p>Trogir ist als &#8222;Klein-Venedig&#8220; Kroatiens bekannt und geh\u00f6rt zum UNESCO-Weltkulturerbe, das man am besten per Boot erkundet. Mit seinen engen Gassen, historischen Geb\u00e4uden und der malerischen Uferpromenade ist Trogir ein wahres Vergn\u00fcgen, das es zu entdecken gilt.<\/p>\n<h3><strong>Dubrovnik<\/strong><\/h3>\n<p>Dubrovnik ist ber\u00fchmt f\u00fcr seine mittelalterlichen Mauern und seine atemberaubende Architektur und ist ein Muss f\u00fcr jeden Segelbegeisterten. Die nahegelegenen Elafiti-Inseln bieten unber\u00fchrte Str\u00e4nde und abgeschiedene Buchten, ideal f\u00fcr einen Tag der Entspannung.<\/p>\n<h3><strong>Sibenik<\/strong><\/h3>\n<p>Sibenik, im Herzen Dalmatiens gelegen, ist eine charmante Stadt mit reicher Geschichte und atemberaubender Natursch\u00f6nheit. Der nahe gelegene Krka-Nationalpark ist mit seinen Wasserf\u00e4llen, Seen und \u00fcppigen W\u00e4ldern ein Paradies f\u00fcr Naturliebhaber.<\/p>\n<p><img loading=\"lazy\" decoding=\"async\" class=\"alignnone size-full wp-image-412382\" src=\"https:\/\/skippercity.com\/vsebina\/uploads\/croatia-catamaran-charter.jpg\" alt=\"kroatien katamaran charter\" width=\"1600\" height=\"900\" srcset=\"https:\/\/skippercity.com\/vsebina\/uploads\/croatia-catamaran-charter.jpg 1600w, https:\/\/skippercity.com\/vsebina\/uploads\/croatia-catamaran-charter-768x432.jpg 768w, https:\/\/skippercity.com\/vsebina\/uploads\/croatia-catamaran-charter-1536x864.jpg 1536w, https:\/\/skippercity.com\/vsebina\/uploads\/croatia-catamaran-charter-500x281.jpg 500w, https:\/\/skippercity.com\/vsebina\/uploads\/croatia-catamaran-charter-700x394.jpg 700w\" sizes=\"(max-width: 1600px) 100vw, 1600px\" \/><\/p>\n<h2>Kosten der Bootsvermietung im Jahr 2024<\/h2>\n<p>Die Kosten f\u00fcr die Bootsvermietung in Kroatien h\u00e4ngen von der Art des Bootes, der Gr\u00f6\u00dfe des Bootes, der Mietdauer und der Jahreszeit ab. Ab 2024 liegen die durchschnittlichen Kosten f\u00fcr eine Bareboat-Miete in Kroatien bei 2.000 bis 4.000 \u20ac pro Woche f\u00fcr ein Segelboot, 3.000 bis 6.000 \u20ac pro Woche f\u00fcr einen Katamaran und 4.000 bis 8.000 \u20ac pro Woche f\u00fcr ein Motorboot.<\/p>\n<p>Charterboote mit Skipper und Crew sind teurer, die Preise liegen zwischen 5.000 und 15.000 \u20ac pro Woche f\u00fcr ein Segelboot, 8.000 bis 20.000 \u20ac pro Woche f\u00fcr einen Katamaran und 10.000 bis 30.000 \u20ac pro Woche f\u00fcr ein Motorboot.<\/p>\n<p><img loading=\"lazy\" decoding=\"async\" class=\"alignnone size-full wp-image-412504\" src=\"https:\/\/skippercity.com\/vsebina\/uploads\/Mooring-and-Docking-Costs-in-Croatia-A-Comprehensive-Overview.jpg\" alt=\"Liegeplatz- und Anlegekosten in Kroatien Ein umfassender \u00dcberblick\" width=\"1280\" height=\"853\" srcset=\"https:\/\/skippercity.com\/vsebina\/uploads\/Mooring-and-Docking-Costs-in-Croatia-A-Comprehensive-Overview.jpg 1280w, https:\/\/skippercity.com\/vsebina\/uploads\/Mooring-and-Docking-Costs-in-Croatia-A-Comprehensive-Overview-768x512.jpg 768w, https:\/\/skippercity.com\/vsebina\/uploads\/Mooring-and-Docking-Costs-in-Croatia-A-Comprehensive-Overview-700x466.jpg 700w\" sizes=\"(max-width: 1280px) 100vw, 1280px\" \/><\/p>\n<h2>Wie man ein Boot in Kroatien mietet: Ein Schritt-f\u00fcr-Schritt-Leitfaden<\/h2>\n<p>Die atemberaubende K\u00fcste, das kristallklare Wasser und die Tausenden von Inseln machen Kroatien zu einem idealen Reiseziel f\u00fcr Segelbegeisterte. Ob Sie nun ein erfahrener Segler oder ein Anf\u00e4nger sind, ein Boot in Kroatien zu mieten ist eine fantastische M\u00f6glichkeit, die Adria zu erkunden und die versteckten Sch\u00e4tze des Landes zu entdecken. Hier finden Sie eine Schritt-f\u00fcr-Schritt-Anleitung, wie Sie in Kroatien ein Boot mieten k\u00f6nnen:<\/p>\n<h3>Bestimmen Sie Ihr Budget und Ihre Vorlieben<\/h3>\n<p>Bevor Sie sich auf die Suche nach einer Bootsvermietung machen, sollten Sie Ihr Budget und Ihre Vorlieben festlegen. Ber\u00fccksichtigen Sie die Gr\u00f6\u00dfe des Bootes, die Anzahl der Kabinen und die von Ihnen gew\u00fcnschte Ausstattung. Entscheiden Sie, ob Sie einen Charter mit Skipper, mit Crew oder ohne Boot w\u00fcnschen.<\/p>\n<h3>W\u00e4hlen Sie einen Bootsverleih<\/h3>\n<p>Es gibt mehrere Bootsvermieter in Kroatien, daher ist es wichtig, dass Sie sich gut informieren und ein seri\u00f6ses Unternehmen ausw\u00e4hlen. Lesen Sie Bewertungen, pr\u00fcfen Sie die Bootsflotte und erkundigen Sie sich nach den Dienstleistungen. Einige beliebte Bootsvermieter in Kroatien sind SkipperCity, Sail Croatia, The Moorings, Dream Yacht Charter und NauticEd.<\/p>\n<h3>W\u00e4hlen Sie Ihr Segelgebiet<\/h3>\n<p>Kroatien bietet eine Vielzahl von Segelrevieren, jedes mit seinem eigenen, einzigartigen Charme. Einige beliebte Segelreviere in Kroatien sind Split, Zadar, Trogir, Dubrovnik und Sibenik. Ber\u00fccksichtigen Sie die N\u00e4he des Segelreviers zu Ihren gew\u00fcnschten Zielen, die Wetterbedingungen und die Verf\u00fcgbarkeit von Liegepl\u00e4tzen.<\/p>\n<h3>W\u00e4hlen Sie Ihren Bootstyp<\/h3>\n<p>Wenn Sie sich f\u00fcr ein Segelrevier entschieden haben, ist es an der Zeit, den Bootstyp auszuw\u00e4hlen, der Ihren Bed\u00fcrfnissen am besten entspricht. Segelboote sind ideal f\u00fcr ein romantisches und umweltfreundliches Segelerlebnis, w\u00e4hrend Katamarane durch ihre Stabilit\u00e4t und Ger\u00e4umigkeit ideal f\u00fcr Familien und gr\u00f6\u00dfere Gruppen sind. Motorboote eignen sich hervorragend f\u00fcr diejenigen, die in k\u00fcrzerer Zeit mehr Strecke zur\u00fccklegen wollen.<\/p>\n<h3>Verf\u00fcgbarkeit pr\u00fcfen und Ihr Boot buchen<\/h3>\n<p>Nachdem Sie Ihren Bootstyp ausgew\u00e4hlt haben, pr\u00fcfen Sie die Verf\u00fcgbarkeit des Bootes f\u00fcr Ihren Wunschtermin. Die meisten Bootsvermieter verf\u00fcgen \u00fcber ein Online-Buchungssystem, mit dem Sie ganz einfach die Verf\u00fcgbarkeit pr\u00fcfen und eine Reservierung vornehmen k\u00f6nnen. Buchen Sie Ihr Boot rechtzeitig, vor allem in der Hochsaison, da die Boote schnell ausgebucht sein k\u00f6nnen.<\/p>\n<h3>Pr\u00fcfen Sie den Mietvertrag und die Bedingungen<\/h3>\n<p>Bevor Sie Ihre Buchung abschlie\u00dfen, sollten Sie den Mietvertrag und die Bedingungen sorgf\u00e4ltig pr\u00fcfen. Achten Sie auf die Stornierungsbedingungen, die Anforderungen an die Kaution und eventuelle zus\u00e4tzliche Geb\u00fchren oder Kosten. Vergewissern Sie sich, dass Sie die Bedingungen des Mietvertrags verstehen, bevor Sie ihn unterschreiben.<\/p>\n<h3>Bereiten Sie sich auf Ihre Reise vor<\/h3>\n<p>Sobald Sie Ihren Bootsverleih gebucht haben, ist es an der Zeit, sich auf Ihre Reise vorzubereiten. Erstellen Sie eine Packliste mit den wichtigsten Dingen, wie Sonnencreme, H\u00fcte, Sonnenbrillen, Badeanz\u00fcge und Handt\u00fccher. Vergessen Sie nicht, Ihre Segelqualifikationen und alle erforderlichen Dokumente wie Reisepass und Visum mitzubringen.<\/p>\n<h2>Schlussfolgerung<\/h2>\n<p>Kroatien bietet einige der sch\u00f6nsten Segelreviere der Welt, und es gibt keine bessere M\u00f6glichkeit, sie zu erkunden als mit dem Boot. Ob Sie nun einen erholsamen Urlaub oder einen abenteuerlichen Segelt\u00f6rn suchen, Kroatien hat f\u00fcr jeden etwas zu bieten.<\/p>\n<p>Bei der gro\u00dfen Auswahl an Bootsvermietungen, Segelrevieren und Yachtcharter-Angeboten finden Sie bestimmt die perfekte Option f\u00fcr Ihr n\u00e4chstes Segelabenteuer in Kroatien.<\/p>\n<h2>Genie\u00dfen Sie Ihr Segelabenteuer<\/h2>\n<p>Endlich ist es an der Zeit, sich in Ihr Segelabenteuer in Kroatien zu st\u00fcrzen! Kommen Sie am Tag der Anmietung zur Basis des Bootsverleihers und besprechen Sie mit dem Personal die Eigenschaften und Sicherheitsvorkehrungen des Bootes. Sobald Sie bereit sind, setzen Sie die Segel und erkunden die atemberaubende kroatische K\u00fcste, die Inseln und versteckten Buchten. Genie\u00dfen Sie die Freiheit und Flexibilit\u00e4t des Segelns in Ihrem eigenen Tempo und schaffen Sie Erinnerungen, die ein Leben lang halten.<\/p>\n<p>&#8211;<\/p>\n\t\t\t\t\t\t\t\t<\/div>\n\t\t\t\t<\/div>\n\t\t\t\t\t<\/div>\n\t\t<\/div>\n\t\t\t\t<div class=\"elementor-column elementor-col-25 elementor-top-column elementor-element elementor-element-15a73c22\" data-id=\"15a73c22\" data-element_type=\"column\" data-e-type=\"column\">\n\t\t\t<div class=\"elementor-widget-wrap elementor-element-populated\">\n\t\t\t\t\t\t<div class=\"elementor-element elementor-element-45b56144 elementor-widget elementor-widget-template\" data-id=\"45b56144\" data-element_type=\"widget\" data-e-type=\"widget\" data-widget_type=\"template.default\">\n\t\t\t\t<div class=\"elementor-widget-container\">\n\t\t\t\t\t\t\t<div class=\"elementor-template\">\n\t\t\t\t\t<div data-elementor-type=\"section\" data-elementor-id=\"77210\" class=\"elementor elementor-77210 elementor-76339\" data-elementor-post-type=\"elementor_library\">\n\t\t\t\t\t<section class=\"elementor-section elementor-inner-section elementor-element elementor-element-457e679b elementor-section-full_width elementor-section-height-min-height elementor-section-content-middle elementor-section-height-default\" data-id=\"457e679b\" data-element_type=\"section\" data-e-type=\"section\" data-settings=\"{&quot;background_background&quot;:&quot;classic&quot;}\">\n\t\t\t\t\t\t\t<div class=\"elementor-background-overlay\"><\/div>\n\t\t\t\t\t\t\t<div class=\"elementor-container elementor-column-gap-default\">\n\t\t\t\t\t<div class=\"elementor-column elementor-col-100 elementor-inner-column elementor-element elementor-element-33d83c77\" data-id=\"33d83c77\" data-element_type=\"column\" data-e-type=\"column\">\n\t\t\t<div class=\"elementor-widget-wrap elementor-element-populated\">\n\t\t\t\t\t\t<div class=\"elementor-element elementor-element-26c46f13 elementor-widget elementor-widget-text-editor\" data-id=\"26c46f13\" data-element_type=\"widget\" data-e-type=\"widget\" data-widget_type=\"text-editor.default\">\n\t\t\t\t<div class=\"elementor-widget-container\">\n\t\t\t\t\t\t\t\t\t<p style=\"text-align: center;\">Auf der Suche nach einem Boot?<\/p>\n\t\t\t\t\t\t\t\t<\/div>\n\t\t\t\t<\/div>\n\t\t\t\t<div class=\"elementor-element elementor-element-7116d3fc elementor-align-center elementor-widget elementor-widget-button\" data-id=\"7116d3fc\" data-element_type=\"widget\" data-e-type=\"widget\" data-widget_type=\"button.default\">\n\t\t\t\t<div class=\"elementor-widget-container\">\n\t\t\t\t\t\t\t\t\t<div class=\"elementor-button-wrapper\">\n\t\t\t\t\t<a class=\"elementor-button elementor-button-link elementor-size-md\" href=\"https:\/\/skippercity.com\/de\/holen-sie-sich-ein-angebot-yacht-charter-croatia-2\/\" target=\"_blank\">\n\t\t\t\t\t\t<span class=\"elementor-button-content-wrapper\">\n\t\t\t\t\t\t\t\t\t<span class=\"elementor-button-text\">GET A FREE QUOTE<\/span>\n\t\t\t\t\t<\/span>\n\t\t\t\t\t<\/a>\n\t\t\t\t<\/div>\n\t\t\t\t\t\t\t\t<\/div>\n\t\t\t\t<\/div>\n\t\t\t\t\t<\/div>\n\t\t<\/div>\n\t\t\t\t\t<\/div>\n\t\t<\/section>\n\t\t\t\t<\/div>\n\t\t\t\t<\/div>\n\t\t\t\t\t\t<\/div>\n\t\t\t\t<\/div>\n\t\t\t\t\t<\/div>\n\t\t<\/div>\n\t\t\t\t\t<\/div>\n\t\t<\/section>\n\t\t\t\t<\/div>\n\t\t","protected":false},"excerpt":{"rendered":"<p>Inhalts\u00fcbersicht Bootsverleih in Kroatien Kroatien ist mit seiner atemberaubenden K\u00fcste, dem kristallklaren Wasser und den Tausenden von Inseln ein Traumziel f\u00fcr alle, die ein unvergessliches Segelerlebnis suchen. Ob Sie ein erfahrener Segler oder ein Anf\u00e4nger sind, es gibt eine Bootsvermietung, die Ihren Bed\u00fcrfnissen entspricht. In diesem Leitfaden werden wir die verschiedenen Arten von Bootsvermietungen in [&hellip;]<\/p>\n","protected":false},"author":2,"featured_media":16223,"parent":0,"menu_order":0,"comment_status":"closed","ping_status":"closed","template":"","meta":{"footnotes":""},"class_list":["post-52989","page","type-page","status-publish","has-post-thumbnail","hentry"],"_links":{"self":[{"href":"https:\/\/skippercity.com\/de\/wp-json\/wp\/v2\/pages\/52989","targetHints":{"allow":["GET"]}}],"collection":[{"href":"https:\/\/skippercity.com\/de\/wp-json\/wp\/v2\/pages"}],"about":[{"href":"https:\/\/skippercity.com\/de\/wp-json\/wp\/v2\/types\/page"}],"author":[{"embeddable":true,"href":"https:\/\/skippercity.com\/de\/wp-json\/wp\/v2\/users\/2"}],"replies":[{"embeddable":true,"href":"https:\/\/skippercity.com\/de\/wp-json\/wp\/v2\/comments?post=52989"}],"version-history":[{"count":0,"href":"https:\/\/skippercity.com\/de\/wp-json\/wp\/v2\/pages\/52989\/revisions"}],"wp:featuredmedia":[{"embeddable":true,"href":"https:\/\/skippercity.com\/de\/wp-json\/wp\/v2\/media\/16223"}],"wp:attachment":[{"href":"https:\/\/skippercity.com\/de\/wp-json\/wp\/v2\/media?parent=52989"}],"curies":[{"name":"wp","href":"https:\/\/api.w.org\/{rel}","templated":true}]}}