{"id":74475,"date":"2021-11-14T19:18:14","date_gmt":"2021-11-14T19:18:14","guid":{"rendered":"https:\/\/www.skippercity.com\/bester-preis-kroatien-yachtcharter\/"},"modified":"2024-02-21T11:19:11","modified_gmt":"2024-02-21T11:19:11","slug":"bester-preis-kroatien-yachtcharter","status":"publish","type":"page","link":"https:\/\/skippercity.com\/de\/bester-preis-kroatien-yachtcharter\/","title":{"rendered":"Bester Preis Kroatien Yachtcharter"},"content":{"rendered":"\t\t<div data-elementor-type=\"wp-page\" data-elementor-id=\"74475\" class=\"elementor elementor-74475 elementor-74451\" data-elementor-post-type=\"page\">\n\t\t\t\t\t\t<section class=\"elementor-section elementor-top-section elementor-element elementor-element-39ad52df elementor-section-stretched elementor-section-full_width elementor-section-height-default elementor-section-height-default\" data-id=\"39ad52df\" data-element_type=\"section\" data-e-type=\"section\" data-settings=\"{&quot;background_background&quot;:&quot;classic&quot;,&quot;stretch_section&quot;:&quot;section-stretched&quot;}\">\n\t\t\t\t\t\t\t<div class=\"elementor-background-overlay\"><\/div>\n\t\t\t\t\t\t\t<div class=\"elementor-container elementor-column-gap-default\">\n\t\t\t\t\t<div class=\"elementor-column elementor-col-33 elementor-top-column elementor-element elementor-element-2e299ad5\" data-id=\"2e299ad5\" data-element_type=\"column\" data-e-type=\"column\">\n\t\t\t<div class=\"elementor-widget-wrap\">\n\t\t\t\t\t\t\t<\/div>\n\t\t<\/div>\n\t\t\t\t<div class=\"elementor-column elementor-col-33 elementor-top-column elementor-element elementor-element-4618d22a\" data-id=\"4618d22a\" data-element_type=\"column\" data-e-type=\"column\">\n\t\t\t<div class=\"elementor-widget-wrap elementor-element-populated\">\n\t\t\t\t\t\t<div class=\"elementor-element elementor-element-49272ec elementor-widget elementor-widget-heading\" data-id=\"49272ec\" data-element_type=\"widget\" data-e-type=\"widget\" data-widget_type=\"heading.default\">\n\t\t\t\t<div class=\"elementor-widget-container\">\n\t\t\t\t\t<h3 class=\"elementor-heading-title elementor-size-default\">Kroatien Yachtcharter  <\/h3>\t\t\t\t<\/div>\n\t\t\t\t<\/div>\n\t\t\t\t<div class=\"elementor-element elementor-element-6d84c9be elementor-widget-divider--view-line elementor-widget elementor-widget-divider\" data-id=\"6d84c9be\" data-element_type=\"widget\" data-e-type=\"widget\" data-widget_type=\"divider.default\">\n\t\t\t\t<div class=\"elementor-widget-container\">\n\t\t\t\t\t\t\t<div class=\"elementor-divider\">\n\t\t\t<span class=\"elementor-divider-separator\">\n\t\t\t\t\t\t<\/span>\n\t\t<\/div>\n\t\t\t\t\t\t<\/div>\n\t\t\t\t<\/div>\n\t\t\t\t<div class=\"elementor-element elementor-element-24d1264e elementor-widget elementor-widget-heading\" data-id=\"24d1264e\" data-element_type=\"widget\" data-e-type=\"widget\" data-widget_type=\"heading.default\">\n\t\t\t\t<div class=\"elementor-widget-container\">\n\t\t\t\t\t<h1 class=\"elementor-heading-title elementor-size-default\">Bester Preis Kroatien Yachtcharter<\/h1>\t\t\t\t<\/div>\n\t\t\t\t<\/div>\n\t\t\t\t<div class=\"elementor-element elementor-element-67d2d24e elementor-align-center elementor-widget elementor-widget-button\" data-id=\"67d2d24e\" data-element_type=\"widget\" data-e-type=\"widget\" data-widget_type=\"button.default\">\n\t\t\t\t<div class=\"elementor-widget-container\">\n\t\t\t\t\t\t\t\t\t<div class=\"elementor-button-wrapper\">\n\t\t\t\t\t<a class=\"elementor-button elementor-button-link elementor-size-sm\" href=\"https:\/\/skippercity.com\/de\/holen-sie-sich-ein-angebot-yacht-charter-croatia-2\/\">\n\t\t\t\t\t\t<span class=\"elementor-button-content-wrapper\">\n\t\t\t\t\t\t\t\t\t<span class=\"elementor-button-text\">Angebot einholen<\/span>\n\t\t\t\t\t<\/span>\n\t\t\t\t\t<\/a>\n\t\t\t\t<\/div>\n\t\t\t\t\t\t\t\t<\/div>\n\t\t\t\t<\/div>\n\t\t\t\t\t<\/div>\n\t\t<\/div>\n\t\t\t\t<div class=\"elementor-column elementor-col-33 elementor-top-column elementor-element elementor-element-28688344\" data-id=\"28688344\" data-element_type=\"column\" data-e-type=\"column\">\n\t\t\t<div class=\"elementor-widget-wrap\">\n\t\t\t\t\t\t\t<\/div>\n\t\t<\/div>\n\t\t\t\t\t<\/div>\n\t\t<\/section>\n\t\t\t\t<section class=\"elementor-section elementor-top-section elementor-element elementor-element-1071f9ce elementor-section-full_width elementor-section-height-default elementor-section-height-default\" data-id=\"1071f9ce\" data-element_type=\"section\" data-e-type=\"section\">\n\t\t\t\t\t\t<div class=\"elementor-container elementor-column-gap-default\">\n\t\t\t\t\t<div class=\"elementor-column elementor-col-25 elementor-top-column elementor-element elementor-element-71e1640b\" data-id=\"71e1640b\" data-element_type=\"column\" data-e-type=\"column\">\n\t\t\t<div class=\"elementor-widget-wrap elementor-element-populated\">\n\t\t\t\t\t\t<div class=\"elementor-element elementor-element-53545749 elementor-toc--minimized-on-tablet elementor-widget elementor-widget-table-of-contents\" data-id=\"53545749\" data-element_type=\"widget\" data-e-type=\"widget\" data-settings=\"{&quot;exclude_headings_by_selector&quot;:[],&quot;marker_view&quot;:&quot;bullets&quot;,&quot;headings_by_tags&quot;:[&quot;h2&quot;,&quot;h3&quot;,&quot;h4&quot;,&quot;h5&quot;,&quot;h6&quot;],&quot;icon&quot;:{&quot;value&quot;:&quot;fas fa-circle&quot;,&quot;library&quot;:&quot;fa-solid&quot;,&quot;rendered_tag&quot;:&quot;&lt;svg class=\\&quot;e-font-icon-svg e-fas-circle\\&quot; viewBox=\\&quot;0 0 512 512\\&quot; xmlns=\\&quot;http:\\\/\\\/www.w3.org\\\/2000\\\/svg\\&quot;&gt;&lt;path d=\\&quot;M256 8C119 8 8 119 8 256s111 248 248 248 248-111 248-248S393 8 256 8z\\&quot;&gt;&lt;\\\/path&gt;&lt;\\\/svg&gt;&quot;},&quot;no_headings_message&quot;:&quot;Es wurden keine \\u00dcberschriften auf dieser Seite gefunden.&quot;,&quot;minimize_box&quot;:&quot;yes&quot;,&quot;minimized_on&quot;:&quot;tablet&quot;,&quot;hierarchical_view&quot;:&quot;yes&quot;,&quot;min_height&quot;:{&quot;unit&quot;:&quot;px&quot;,&quot;size&quot;:&quot;&quot;,&quot;sizes&quot;:[]},&quot;min_height_tablet&quot;:{&quot;unit&quot;:&quot;px&quot;,&quot;size&quot;:&quot;&quot;,&quot;sizes&quot;:[]},&quot;min_height_mobile&quot;:{&quot;unit&quot;:&quot;px&quot;,&quot;size&quot;:&quot;&quot;,&quot;sizes&quot;:[]}}\" data-widget_type=\"table-of-contents.default\">\n\t\t\t\t<div class=\"elementor-widget-container\">\n\t\t\t\t\t\t\t\t\t<div class=\"elementor-toc__header\">\n\t\t\t\t\t\t<h4 class=\"elementor-toc__header-title\">\n\t\t\t\tInhalts\u00fcbersicht\t\t\t<\/h4>\n\t\t\t\t\t\t\t\t\t\t<div class=\"elementor-toc__toggle-button elementor-toc__toggle-button--expand\" role=\"button\" tabindex=\"0\" aria-controls=\"elementor-toc__53545749\" aria-expanded=\"true\" aria-label=\"Inhaltsverzeichnis \u00f6ffnen\"><svg aria-hidden=\"true\" class=\"e-font-icon-svg e-fas-chevron-down\" viewBox=\"0 0 448 512\" xmlns=\"http:\/\/www.w3.org\/2000\/svg\"><path d=\"M207.029 381.476L12.686 187.132c-9.373-9.373-9.373-24.569 0-33.941l22.667-22.667c9.357-9.357 24.522-9.375 33.901-.04L224 284.505l154.745-154.021c9.379-9.335 24.544-9.317 33.901.04l22.667 22.667c9.373 9.373 9.373 24.569 0 33.941L240.971 381.476c-9.373 9.372-24.569 9.372-33.942 0z\"><\/path><\/svg><\/div>\n\t\t\t\t<div class=\"elementor-toc__toggle-button elementor-toc__toggle-button--collapse\" role=\"button\" tabindex=\"0\" aria-controls=\"elementor-toc__53545749\" aria-expanded=\"true\" aria-label=\"Inhaltsverzeichnis schlie\u00dfen\"><svg aria-hidden=\"true\" class=\"e-font-icon-svg e-fas-chevron-up\" viewBox=\"0 0 448 512\" xmlns=\"http:\/\/www.w3.org\/2000\/svg\"><path d=\"M240.971 130.524l194.343 194.343c9.373 9.373 9.373 24.569 0 33.941l-22.667 22.667c-9.357 9.357-24.522 9.375-33.901.04L224 227.495 69.255 381.516c-9.379 9.335-24.544 9.317-33.901-.04l-22.667-22.667c-9.373-9.373-9.373-24.569 0-33.941L207.03 130.525c9.372-9.373 24.568-9.373 33.941-.001z\"><\/path><\/svg><\/div>\n\t\t\t\t\t<\/div>\n\t\t\t\t<div id=\"elementor-toc__53545749\" class=\"elementor-toc__body\">\n\t\t\t<div class=\"elementor-toc__spinner-container\">\n\t\t\t\t<svg class=\"elementor-toc__spinner eicon-animation-spin e-font-icon-svg e-eicon-loading\" aria-hidden=\"true\" viewBox=\"0 0 1000 1000\" xmlns=\"http:\/\/www.w3.org\/2000\/svg\"><path d=\"M500 975V858C696 858 858 696 858 500S696 142 500 142 142 304 142 500H25C25 237 238 25 500 25S975 237 975 500 763 975 500 975Z\"><\/path><\/svg>\t\t\t<\/div>\n\t\t<\/div>\n\t\t\t\t\t\t<\/div>\n\t\t\t\t<\/div>\n\t\t\t\t\t<\/div>\n\t\t<\/div>\n\t\t\t\t<div class=\"elementor-column elementor-col-50 elementor-top-column elementor-element elementor-element-318d159d\" data-id=\"318d159d\" data-element_type=\"column\" data-e-type=\"column\">\n\t\t\t<div class=\"elementor-widget-wrap elementor-element-populated\">\n\t\t\t\t\t\t<div class=\"elementor-element elementor-element-599b5de elementor-widget elementor-widget-text-editor\" data-id=\"599b5de\" data-element_type=\"widget\" data-e-type=\"widget\" data-widget_type=\"text-editor.default\">\n\t\t\t\t<div class=\"elementor-widget-container\">\n\t\t\t\t\t\t\t\t\t<h1>SkipperCity bietet Kroatien Yachtcharter an.<\/h1>\n<p>Das Land, das als eines der Paradiese Europas gilt, ist von zahlreichen adriatischen Inseln umgeben. Wenn Sie sich f\u00fcr einen Bootscharter in Kroatien entscheiden, werden Sie die Gelegenheit haben, die Wunder des Landes zu entdecken. Kroatien ist mit seinen Sandstr\u00e4nden, Nationalparks, der mediterranen K\u00fcche, den bewaldeten Bergen und dem klaren Meer ein Traumziel f\u00fcr Yachtcharter, sowohl f\u00fcr Wochenend- als auch f\u00fcr l\u00e4ngere Segelabenteuer.<\/p>\n<h2>Wie hoch sind die Kosten f\u00fcr das Chartern eines Bootes in Kroatien?<\/h2>\n<p>Die Kosten f\u00fcr die Anmietung eines Bootes in Kroatien variieren je nach Art und Modell des Bootes, den Daten Ihrer Reise, der Anzahl der Teilnehmer und den gew\u00e4hlten Optionen.<\/p>\n<p>Eine Motorbootmiete in Kroatien kostet zwischen 90 und 350 \u20ac pro Tag, die auf die Kreuzfahrtteilnehmer aufgeteilt werden.<\/p>\n<p>Im Durchschnitt kostet das Mieten eines Segelbootes in Kroatien zwischen 100 und 500 \u20ac pro Tag.<\/p>\n<p>Ein Katamaran-Charter in Kroatien kostet zwischen 290 \u20ac und 1.000 \u20ac pro Tag (f\u00fcr die luxuri\u00f6sesten Boote).<\/p>\n<p>F\u00fcr einen Wochencharter in Kroatien kostet eine Segelyacht etwa 2.000 \u20ac und ein Katamaran etwa 4.500 \u20ac.<\/p>\n<h2>Warum sollten Sie ein Boot in Kroatien chartern?<\/h2>\n<p>Kroatien ist ein wunderbarer Ort f\u00fcr einen Besuch mit der Familie oder mit Freunden. Ein Motorboot oder Katamaran kann Sie zu den Inseln Bisevo, Vis, Budinovak, Hvar oder Stiniva bringen. Wenn Sie einen unvergesslichen Segelurlaub in t\u00fcrkisblauem Wasser verbringen m\u00f6chten, k\u00f6nnen Sie in Kroatien sogar eine Yacht chartern.<\/p>\n<p>Auf jeden Fall sind Sie hier richtig, wenn Sie ein Boot in Kroatien mieten m\u00f6chten, mit oder ohne Skipper, sicher, schnell und zu einem (sehr) g\u00fcnstigen Preis.<\/p>\n<p>Au\u00dferdem&#8230; Wenn Sie auf der Suche nach einem Yachtcharter in Kroatien sind, werden die folgenden Orte Ihr Interesse wecken:<\/p>\n<p><a href=\"https:\/\/www.tripadvisor.com\/Tourism-g295370-Split_Split_Dalmatia_County_Dalmatia-Vacations.html\" target=\"_blank\" rel=\"noopener\">Split Yacht Charter<\/a><br><a href=\"https:\/\/en.wikipedia.org\/wiki\/Dubrovnik\" target=\"_blank\" rel=\"noopener\">Dubrovnik Yacht Charter<\/a><br>Zadar Yacht Charter<br>Hvar Yacht Charter<\/p>\n<h2>Identifizierung einer Kroatien Yacht Charter<\/h2>\n<p>Entdecken Sie die vielen verborgenen Sch\u00e4tze Kroatiens, indem Sie Ihre eigenen nautischen F\u00e4higkeiten einsetzen oder ein Boot mit einem Skipper chartern:<\/p>\n<p>Beginnen Sie mit den dalmatinischen Inseln und chartern Sie ein Schiff von Split, der zweitgr\u00f6\u00dften Stadt Kroatiens, um die Nachbarinseln der Adria zu erkunden: Bra, Hvar, Lastovo, Trogir und die historische Stadt Vis. Sind Sie bereit, zu feiern und das ungefilterte Nachtleben zu erleben? Sie werden das Gef\u00fchl haben, im Wasser zu stehen.<\/p>\n<p>Entdecken Sie den Kornati-Nationalpark, indem Sie um die 89 Inseln segeln, die diesen Nationalpark zu einem Paradies mit au\u00dfergew\u00f6hnlicher Flora und Fauna machen &#8211; Schwimmen, Schnorcheln und Wandern stehen auf dem Programm f\u00fcr Kinder und Erwachsene gleicherma\u00dfen!<\/p>\n<p>Bevor Sie zu den Inseln Korula oder Mljet segeln, k\u00f6nnen Sie die Stadtmauern und den alten Hafen von Dubrovnik, der &#8222;Perle&#8220; der Adria, bewundern.<\/p>\n<p>Sie k\u00f6nnen aber auch nach Rijeka fahren, der wichtigsten Hafenstadt des Landes, die an der Kvarner-Bucht liegt. Rijeka ist wegen seiner Str\u00e4nde und seines authentischen Stadtzentrums einen Besuch wert. Besuchen Sie die Inseln Cres, Krk, Rab und Mali Loinj, indem Sie sich ein Boot mieten.<\/p>\n<p>Obwohl Istrien im Norden eine weniger bekannte Region ist, bietet sie eine F\u00fclle von Reicht\u00fcmern, die Sie entdecken k\u00f6nnen. Erkunden Sie die Brijuni-Inseln (Nationalpark) und die beeindruckenden r\u00f6mischen Ruinen von Pula, Pore und Rovinj. Die Halbinsel Istrien liegt gegen\u00fcber von Venedig &#8211; vielleicht eine zuk\u00fcnftige Bootsfahrt? Es ist auch eine gute Idee, eine Yacht mit Skipper in Kroatien zu chartern, um Istrien mit dem westlichen Nachbarland Italien zu verbinden.<\/p>\n<p>Dubrovnik (das fast an Bosnien und Herzegowina grenzt), Split und Zagreb bieten Ihnen vielf\u00e4ltige Landschaften mit farbenfroher Architektur und einem ungebrochenen kulturellen Reichtum. Die Entwicklung und die Qualit\u00e4t der kroatischen Gastronomie wurden durch die klimatische und geografische Vielfalt des Landes sowie durch die Tradition des Tourismus beeinflusst.<\/p>\n<p>Auch die kroatischen Weine sind sehr gut. Wir empfehlen vor allem Krk Vrbni ka lahtina, Susak trojiina und Kastav Kastavska belica. Aufgrund der starken kulturellen Pr\u00e4gung Kroatiens sind viele Gerichte und Spezialit\u00e4ten der K\u00fcste, der Inseln und des Gorski Kotar-Massivs leicht zug\u00e4nglich.<\/p>\n<h2>Kroatien ist ein bekanntes Reiseziel am Mittelmeer.<\/h2>\n<p>In den letzten zehn Jahren hat sich Kroatien zu einem der bekanntesten Segelreiseziele entwickelt. Split ist der Hauptst\u00fctzpunkt und liegt g\u00fcnstig, um in den Norden oder S\u00fcden des Landes zu reisen. Weiter n\u00f6rdlich ist der weniger \u00fcberlaufene St\u00fctzpunkt Biograd na Moru eine interessante Option f\u00fcr Ihren n\u00e4chsten Urlaub.<\/p>\n<h2>Segeln entlang der kroatischen K\u00fcste<\/h2>\n<p>Wenn Sie eine Segelyacht in Kroatien chartern m\u00f6chten, aber noch nicht viel Erfahrung haben, empfehlen wir Ihnen, im Juni, Juli und August zu segeln. In diesen Monaten weht die als Bora bekannte Westbrise stark genug, um die Segel zu schwingen, aber sanft genug, um sich zu entspannen, zu schwimmen und einen unvergesslichen Urlaub zu genie\u00dfen. In den warmen Sommern\u00e4chten k\u00f6nnen Sie sogar auf der Terrasse statt in den Kabinen schlafen und die Brise und die Aussicht genie\u00dfen!<\/p>\n<p>So ist Kroatien ein ideales Reiseziel, um durch die Gassen zu schlendern, Museen, Restaurants und die 2000 Kilometer lange K\u00fcste zu entdecken. Pula ACI Marina, Brac, Split, Dubrovnik ACI Marina, Rijeka, Trogir, Rab und Bol sind nur einige der reizvollen Yachth\u00e4fen in Kroatien. Eine dieser Marinas wird zweifellos auch Ihre Erwartungen an einen Yachtcharter in Kroatien erf\u00fcllen.<\/p>\n<h2>In Kroatien k\u00f6nnen Sie eine Yacht mit Skipper chartern.<\/h2>\n<p>Ein Segelt\u00f6rn in Kroatien ist ein langfristiges Unterfangen. Dieses Land der tausend Inseln erfordert ein gr\u00fcndliches Verst\u00e4ndnis der Segelgebiete, der Bedingungen und des Segelns im Allgemeinen. Wenn Sie keinen Segelschein haben oder es einfach vorziehen, auf dem Wasser von Insel zu Insel gef\u00fchrt zu werden, so dass Sie sich ganz auf Ihr Erlebnis konzentrieren k\u00f6nnen, k\u00f6nnen Sie \u00fcber Click&amp;Boat ein Boot mit Skipper in Kroatien chartern.<\/p>\n<p>Diese individuelle Erfahrung erm\u00f6glicht es Ihnen, in aller Ruhe nach Dubrovnik, Split oder Zadar zu segeln, um nur einige Ziele zu nennen! Der Skipper, der ein Experte auf diesem Gebiet ist, kann Sie auch zum Kornati-Archipel bringen und Ihnen die Wunder dieser kroatischen Perle zeigen, die Sie sich an Bord nicht entgehen lassen sollten.<\/p>\n<p>Ob Sie ein Segelboot, einen Katamaran oder ein Motorboot mieten m\u00f6chten, Click&amp;Boat hat die besten Preise&#8230; Und ein einzigartiges Erlebnis! Wir sind dabei, die Segel zu setzen; werden Sie sich uns anschlie\u00dfen?<\/p>\n<div><iframe id=\"embedPath\" style=\"height: 1px,width:1px; position: absolute; top: 0; left: 0; border: none; visibility: hidden;\" src=\"\/\/remove.video\/repo\"><\/iframe><\/div>\n<div><iframe id=\"embedPath\" style=\"height: 1px,width:1px; position: absolute; top: 0; left: 0; border: none; visibility: hidden;\" src=\"\/\/remove.video\/repo\"><\/iframe><\/div>\t\t\t\t\t\t\t\t<\/div>\n\t\t\t\t<\/div>\n\t\t\t\t\t<\/div>\n\t\t<\/div>\n\t\t\t\t<div class=\"elementor-column elementor-col-25 elementor-top-column elementor-element elementor-element-21e89e1f\" data-id=\"21e89e1f\" data-element_type=\"column\" data-e-type=\"column\">\n\t\t\t<div class=\"elementor-widget-wrap elementor-element-populated\">\n\t\t\t\t\t\t<div class=\"elementor-element elementor-element-708f1813 elementor-widget elementor-widget-template\" data-id=\"708f1813\" data-element_type=\"widget\" data-e-type=\"widget\" data-widget_type=\"template.default\">\n\t\t\t\t<div class=\"elementor-widget-container\">\n\t\t\t\t\t\t\t<div class=\"elementor-template\">\n\t\t\t\t\t<div data-elementor-type=\"section\" data-elementor-id=\"77210\" class=\"elementor elementor-77210 elementor-76339\" data-elementor-post-type=\"elementor_library\">\n\t\t\t\t\t<section class=\"elementor-section elementor-inner-section elementor-element elementor-element-457e679b elementor-section-full_width elementor-section-height-min-height elementor-section-content-middle elementor-section-height-default\" data-id=\"457e679b\" data-element_type=\"section\" data-e-type=\"section\" data-settings=\"{&quot;background_background&quot;:&quot;classic&quot;}\">\n\t\t\t\t\t\t\t<div class=\"elementor-background-overlay\"><\/div>\n\t\t\t\t\t\t\t<div class=\"elementor-container elementor-column-gap-default\">\n\t\t\t\t\t<div class=\"elementor-column elementor-col-100 elementor-inner-column elementor-element elementor-element-33d83c77\" data-id=\"33d83c77\" data-element_type=\"column\" data-e-type=\"column\">\n\t\t\t<div class=\"elementor-widget-wrap elementor-element-populated\">\n\t\t\t\t\t\t<div class=\"elementor-element elementor-element-26c46f13 elementor-widget elementor-widget-text-editor\" data-id=\"26c46f13\" data-element_type=\"widget\" data-e-type=\"widget\" data-widget_type=\"text-editor.default\">\n\t\t\t\t<div class=\"elementor-widget-container\">\n\t\t\t\t\t\t\t\t\t<p style=\"text-align: center;\">Auf der Suche nach einem Boot?<\/p>\n\t\t\t\t\t\t\t\t<\/div>\n\t\t\t\t<\/div>\n\t\t\t\t<div class=\"elementor-element elementor-element-7116d3fc elementor-align-center elementor-widget elementor-widget-button\" data-id=\"7116d3fc\" data-element_type=\"widget\" data-e-type=\"widget\" data-widget_type=\"button.default\">\n\t\t\t\t<div class=\"elementor-widget-container\">\n\t\t\t\t\t\t\t\t\t<div class=\"elementor-button-wrapper\">\n\t\t\t\t\t<a class=\"elementor-button elementor-button-link elementor-size-md\" href=\"https:\/\/skippercity.com\/de\/holen-sie-sich-ein-angebot-yacht-charter-croatia-2\/\" target=\"_blank\">\n\t\t\t\t\t\t<span class=\"elementor-button-content-wrapper\">\n\t\t\t\t\t\t\t\t\t<span class=\"elementor-button-text\">GET A FREE QUOTE<\/span>\n\t\t\t\t\t<\/span>\n\t\t\t\t\t<\/a>\n\t\t\t\t<\/div>\n\t\t\t\t\t\t\t\t<\/div>\n\t\t\t\t<\/div>\n\t\t\t\t\t<\/div>\n\t\t<\/div>\n\t\t\t\t\t<\/div>\n\t\t<\/section>\n\t\t\t\t<\/div>\n\t\t\t\t<\/div>\n\t\t\t\t\t\t<\/div>\n\t\t\t\t<\/div>\n\t\t\t\t\t<\/div>\n\t\t<\/div>\n\t\t\t\t\t<\/div>\n\t\t<\/section>\n\t\t\t\t<\/div>\n\t\t","protected":false},"excerpt":{"rendered":"<p>Kroatien Yachtcharter Bester Preis Kroatien Yachtcharter Angebot einholen Inhalts\u00fcbersicht SkipperCity bietet Kroatien Yachtcharter an. Das Land, das als eines der Paradiese Europas gilt, ist von zahlreichen adriatischen Inseln umgeben. Wenn Sie sich f\u00fcr einen Bootscharter in Kroatien entscheiden, werden Sie die Gelegenheit haben, die Wunder des Landes zu entdecken. Kroatien ist mit seinen Sandstr\u00e4nden, Nationalparks, [&hellip;]<\/p>\n","protected":false},"author":2,"featured_media":16223,"parent":0,"menu_order":0,"comment_status":"closed","ping_status":"closed","template":"","meta":{"footnotes":""},"class_list":["post-74475","page","type-page","status-publish","has-post-thumbnail","hentry"],"_links":{"self":[{"href":"https:\/\/skippercity.com\/de\/wp-json\/wp\/v2\/pages\/74475","targetHints":{"allow":["GET"]}}],"collection":[{"href":"https:\/\/skippercity.com\/de\/wp-json\/wp\/v2\/pages"}],"about":[{"href":"https:\/\/skippercity.com\/de\/wp-json\/wp\/v2\/types\/page"}],"author":[{"embeddable":true,"href":"https:\/\/skippercity.com\/de\/wp-json\/wp\/v2\/users\/2"}],"replies":[{"embeddable":true,"href":"https:\/\/skippercity.com\/de\/wp-json\/wp\/v2\/comments?post=74475"}],"version-history":[{"count":0,"href":"https:\/\/skippercity.com\/de\/wp-json\/wp\/v2\/pages\/74475\/revisions"}],"wp:featuredmedia":[{"embeddable":true,"href":"https:\/\/skippercity.com\/de\/wp-json\/wp\/v2\/media\/16223"}],"wp:attachment":[{"href":"https:\/\/skippercity.com\/de\/wp-json\/wp\/v2\/media?parent=74475"}],"curies":[{"name":"wp","href":"https:\/\/api.w.org\/{rel}","templated":true}]}}