{"id":76508,"date":"2022-01-28T10:01:46","date_gmt":"2022-01-28T10:01:46","guid":{"rendered":"https:\/\/www.skippercity.com\/mieten-sie-ihren-skipper-hostess-fuer-einen-yachtcharter-in-kroatien\/"},"modified":"2024-02-21T11:19:09","modified_gmt":"2024-02-21T11:19:09","slug":"mieten-sie-ihren-skipper-hostess-fuer-einen-yachtcharter-in-kroatien","status":"publish","type":"page","link":"https:\/\/skippercity.com\/de\/mieten-sie-ihren-skipper-hostess-fuer-einen-yachtcharter-in-kroatien\/","title":{"rendered":"Mieten Sie Ihren Skipper &amp; Hostess f\u00fcr einen Yachtcharter in Kroatien"},"content":{"rendered":"\t\t<div data-elementor-type=\"wp-page\" data-elementor-id=\"76508\" class=\"elementor elementor-76508 elementor-76354\" data-elementor-post-type=\"page\">\n\t\t\t\t\t\t<section class=\"elementor-section elementor-top-section elementor-element elementor-element-1e28c64b elementor-section-full_width elementor-section-height-min-height elementor-section-items-stretch elementor-section-content-middle elementor-section-height-default\" data-id=\"1e28c64b\" data-element_type=\"section\" data-e-type=\"section\" data-settings=\"{&quot;background_background&quot;:&quot;classic&quot;}\">\n\t\t\t\t\t\t\t<div class=\"elementor-background-overlay\"><\/div>\n\t\t\t\t\t\t\t<div class=\"elementor-container elementor-column-gap-default\">\n\t\t\t\t\t<div class=\"elementor-column elementor-col-100 elementor-top-column elementor-element elementor-element-5ebe8c3c\" data-id=\"5ebe8c3c\" data-element_type=\"column\" data-e-type=\"column\">\n\t\t\t<div class=\"elementor-widget-wrap elementor-element-populated\">\n\t\t\t\t\t\t<div class=\"elementor-element elementor-element-5942418e elementor-widget elementor-widget-heading\" data-id=\"5942418e\" data-element_type=\"widget\" data-e-type=\"widget\" data-widget_type=\"heading.default\">\n\t\t\t\t<div class=\"elementor-widget-container\">\n\t\t\t\t\t<h1 class=\"elementor-heading-title elementor-size-default\">Mieten Sie Ihren Skipper und Ihre Hostess<\/h1>\t\t\t\t<\/div>\n\t\t\t\t<\/div>\n\t\t\t\t<div class=\"elementor-element elementor-element-28846c7 elementor-widget-divider--view-line elementor-widget elementor-widget-divider\" data-id=\"28846c7\" data-element_type=\"widget\" data-e-type=\"widget\" data-widget_type=\"divider.default\">\n\t\t\t\t<div class=\"elementor-widget-container\">\n\t\t\t\t\t\t\t<div class=\"elementor-divider\">\n\t\t\t<span class=\"elementor-divider-separator\">\n\t\t\t\t\t\t<\/span>\n\t\t<\/div>\n\t\t\t\t\t\t<\/div>\n\t\t\t\t<\/div>\n\t\t\t\t<div class=\"elementor-element elementor-element-5dbef439 elementor-align-center elementor-widget elementor-widget-button\" data-id=\"5dbef439\" data-element_type=\"widget\" data-e-type=\"widget\" data-widget_type=\"button.default\">\n\t\t\t\t<div class=\"elementor-widget-container\">\n\t\t\t\t\t\t\t\t\t<div class=\"elementor-button-wrapper\">\n\t\t\t\t\t<a class=\"elementor-button elementor-button-link elementor-size-lg\" href=\"https:\/\/skippercity.com\/de\/holen-sie-sich-ein-angebot-yacht-charter-croatia-2\/\">\n\t\t\t\t\t\t<span class=\"elementor-button-content-wrapper\">\n\t\t\t\t\t\t\t\t\t<span class=\"elementor-button-text\">Holen Sie sich ein Angebot und weitere Informationen<\/span>\n\t\t\t\t\t<\/span>\n\t\t\t\t\t<\/a>\n\t\t\t\t<\/div>\n\t\t\t\t\t\t\t\t<\/div>\n\t\t\t\t<\/div>\n\t\t\t\t\t<\/div>\n\t\t<\/div>\n\t\t\t\t\t<\/div>\n\t\t<\/section>\n\t\t\t\t<section class=\"elementor-section elementor-top-section elementor-element elementor-element-5665ca32 elementor-section-full_width elementor-section-height-default elementor-section-height-default\" data-id=\"5665ca32\" data-element_type=\"section\" data-e-type=\"section\">\n\t\t\t\t\t\t<div class=\"elementor-container elementor-column-gap-default\">\n\t\t\t\t\t<div class=\"elementor-column elementor-col-25 elementor-top-column elementor-element elementor-element-19d9020a\" data-id=\"19d9020a\" data-element_type=\"column\" data-e-type=\"column\">\n\t\t\t<div class=\"elementor-widget-wrap\">\n\t\t\t\t\t\t\t<\/div>\n\t\t<\/div>\n\t\t\t\t<div class=\"elementor-column elementor-col-50 elementor-top-column elementor-element elementor-element-52440666\" data-id=\"52440666\" data-element_type=\"column\" data-e-type=\"column\">\n\t\t\t<div class=\"elementor-widget-wrap elementor-element-populated\">\n\t\t\t\t\t\t\t<\/div>\n\t\t<\/div>\n\t\t\t\t<div class=\"elementor-column elementor-col-25 elementor-top-column elementor-element elementor-element-55943148\" data-id=\"55943148\" data-element_type=\"column\" data-e-type=\"column\">\n\t\t\t<div class=\"elementor-widget-wrap\">\n\t\t\t\t\t\t\t<\/div>\n\t\t<\/div>\n\t\t\t\t\t<\/div>\n\t\t<\/section>\n\t\t\t\t<section class=\"elementor-section elementor-top-section elementor-element elementor-element-35966130 elementor-section-full_width elementor-section-height-default elementor-section-height-default\" data-id=\"35966130\" data-element_type=\"section\" data-e-type=\"section\">\n\t\t\t\t\t\t<div class=\"elementor-container elementor-column-gap-default\">\n\t\t\t\t\t<div class=\"elementor-column elementor-col-25 elementor-top-column elementor-element elementor-element-553a21ca\" data-id=\"553a21ca\" data-element_type=\"column\" data-e-type=\"column\">\n\t\t\t<div class=\"elementor-widget-wrap elementor-element-populated\">\n\t\t\t\t\t\t<div class=\"elementor-element elementor-element-71bd2ad2 elementor-toc--minimized-on-tablet elementor-widget elementor-widget-table-of-contents\" data-id=\"71bd2ad2\" data-element_type=\"widget\" data-e-type=\"widget\" data-settings=\"{&quot;exclude_headings_by_selector&quot;:[],&quot;headings_by_tags&quot;:[&quot;h2&quot;,&quot;h3&quot;,&quot;h4&quot;,&quot;h5&quot;,&quot;h6&quot;],&quot;marker_view&quot;:&quot;numbers&quot;,&quot;no_headings_message&quot;:&quot;Es wurden keine \\u00dcberschriften auf dieser Seite gefunden.&quot;,&quot;minimize_box&quot;:&quot;yes&quot;,&quot;minimized_on&quot;:&quot;tablet&quot;,&quot;hierarchical_view&quot;:&quot;yes&quot;,&quot;min_height&quot;:{&quot;unit&quot;:&quot;px&quot;,&quot;size&quot;:&quot;&quot;,&quot;sizes&quot;:[]},&quot;min_height_tablet&quot;:{&quot;unit&quot;:&quot;px&quot;,&quot;size&quot;:&quot;&quot;,&quot;sizes&quot;:[]},&quot;min_height_mobile&quot;:{&quot;unit&quot;:&quot;px&quot;,&quot;size&quot;:&quot;&quot;,&quot;sizes&quot;:[]}}\" data-widget_type=\"table-of-contents.default\">\n\t\t\t\t<div class=\"elementor-widget-container\">\n\t\t\t\t\t\t\t\t\t<div class=\"elementor-toc__header\">\n\t\t\t\t\t\t<h4 class=\"elementor-toc__header-title\">\n\t\t\t\tInhalts\u00fcbersicht\t\t\t<\/h4>\n\t\t\t\t\t\t\t\t\t\t<div class=\"elementor-toc__toggle-button elementor-toc__toggle-button--expand\" role=\"button\" tabindex=\"0\" aria-controls=\"elementor-toc__71bd2ad2\" aria-expanded=\"true\" aria-label=\"Inhaltsverzeichnis \u00f6ffnen\"><svg aria-hidden=\"true\" class=\"e-font-icon-svg e-fas-chevron-down\" viewBox=\"0 0 448 512\" xmlns=\"http:\/\/www.w3.org\/2000\/svg\"><path d=\"M207.029 381.476L12.686 187.132c-9.373-9.373-9.373-24.569 0-33.941l22.667-22.667c9.357-9.357 24.522-9.375 33.901-.04L224 284.505l154.745-154.021c9.379-9.335 24.544-9.317 33.901.04l22.667 22.667c9.373 9.373 9.373 24.569 0 33.941L240.971 381.476c-9.373 9.372-24.569 9.372-33.942 0z\"><\/path><\/svg><\/div>\n\t\t\t\t<div class=\"elementor-toc__toggle-button elementor-toc__toggle-button--collapse\" role=\"button\" tabindex=\"0\" aria-controls=\"elementor-toc__71bd2ad2\" aria-expanded=\"true\" aria-label=\"Inhaltsverzeichnis schlie\u00dfen\"><svg aria-hidden=\"true\" class=\"e-font-icon-svg e-fas-chevron-up\" viewBox=\"0 0 448 512\" xmlns=\"http:\/\/www.w3.org\/2000\/svg\"><path d=\"M240.971 130.524l194.343 194.343c9.373 9.373 9.373 24.569 0 33.941l-22.667 22.667c-9.357 9.357-24.522 9.375-33.901.04L224 227.495 69.255 381.516c-9.379 9.335-24.544 9.317-33.901-.04l-22.667-22.667c-9.373-9.373-9.373-24.569 0-33.941L207.03 130.525c9.372-9.373 24.568-9.373 33.941-.001z\"><\/path><\/svg><\/div>\n\t\t\t\t\t<\/div>\n\t\t\t\t<div id=\"elementor-toc__71bd2ad2\" class=\"elementor-toc__body\">\n\t\t\t<div class=\"elementor-toc__spinner-container\">\n\t\t\t\t<svg class=\"elementor-toc__spinner eicon-animation-spin e-font-icon-svg e-eicon-loading\" aria-hidden=\"true\" viewBox=\"0 0 1000 1000\" xmlns=\"http:\/\/www.w3.org\/2000\/svg\"><path d=\"M500 975V858C696 858 858 696 858 500S696 142 500 142 142 304 142 500H25C25 237 238 25 500 25S975 237 975 500 763 975 500 975Z\"><\/path><\/svg>\t\t\t<\/div>\n\t\t<\/div>\n\t\t\t\t\t\t<\/div>\n\t\t\t\t<\/div>\n\t\t\t\t\t<\/div>\n\t\t<\/div>\n\t\t\t\t<div class=\"elementor-column elementor-col-50 elementor-top-column elementor-element elementor-element-79cc9f9b\" data-id=\"79cc9f9b\" data-element_type=\"column\" data-e-type=\"column\">\n\t\t\t<div class=\"elementor-widget-wrap elementor-element-populated\">\n\t\t\t\t\t\t<div class=\"elementor-element elementor-element-25b4f28c elementor-widget elementor-widget-text-editor\" data-id=\"25b4f28c\" data-element_type=\"widget\" data-e-type=\"widget\" data-widget_type=\"text-editor.default\">\n\t\t\t\t<div class=\"elementor-widget-container\">\n\t\t\t\t\t\t\t\t\t<h2>Skipper &amp; Hostess<\/h2>\n<p>Die <a href=\"https:\/\/skippercity.com\/de\/mieten-sie-ihren-skipper-hostess-fuer-einen-yachtcharter-in-kroatien\/\">Anmietung eines Skippers von SkipperCity<\/a> ist die perfekte M\u00f6glichkeit, einen unbeschwerten und erholsamen Segelurlaub zu verbringen. Ihr Skipper \u00fcbernimmt die volle Verantwortung f\u00fcr Ihr Schiff, so dass Sie sich entspannen und Ihre Zeit auf See und an Land genie\u00dfen k\u00f6nnen.<\/p>\n<p>Ihr Skipper hilft Ihnen auch bei der Navigation Ihrer Reise und sorgt daf\u00fcr, dass Sie die sichersten und besten H\u00e4fen anlaufen. Unsere Skipper kennen sich in der Region gut aus, sodass sie Sie zu den sch\u00f6nsten Str\u00e4nden, den besten Restaurants und den sch\u00f6nsten H\u00e4fen bringen k\u00f6nnen.<\/p>\n<p>Skipper kennen viele der geheimen Juwelen der <a href=\"https:\/\/en.wikipedia.org\/wiki\/Adriatic_Sea\" target=\"_blank\" rel=\"noopener\">Adria<\/a>, des Mittelmeers, <a href=\"https:\/\/skippercity.com\/de\/segeln-kroatien\/\">Kroatiens<\/a> oder wo auch immer Sie segeln. Wo auch immer Sie hingehen, die Reiseroute wird nach Ihrem Geschmack gestaltet, damit Sie die pulsierenden Hafenst\u00e4dte und die historischen und geografischen Sehensw\u00fcrdigkeiten sehen k\u00f6nnen.<\/p>\n<p>Wenn Sie unseren Skipper engagieren, k\u00f6nnen Sie sicher sein, dass Sie einen professionell ausgebildeten Skipper bekommen, der \u00fcber alle erforderlichen Dokumente verf\u00fcgt und umfangreiche Segelerfahrung hat. Ihre Bequemlichkeit, Ihr Schutz und Ihr Vergn\u00fcgen sind f\u00fcr uns von gr\u00f6\u00dfter Bedeutung, daher stellen wir nur Skipper ein, die unseren h\u00f6chsten Anspr\u00fcchen gerecht werden.<\/p>\n<p>Wenn Sie einen Skipper f\u00fcr Ihren Segelurlaub irgendwo auf der Welt buchen m\u00f6chten, k\u00f6nnen Sie uns <a href=\"https:\/\/skippercity.com\/de\/kontaktieren-sie-uns\/\">gerne kontaktieren<\/a>.<\/p>\n<h2>Mieten Sie Ihren Skipper<\/h2>\n<p>Wenn Sie keinen F\u00fchrerschein haben, bedeutet das nicht, dass <a href=\"https:\/\/skippercity.com\/de\/segelboot-charter-kroatien\/\">Segelboote<\/a>, <a href=\"https:\/\/skippercity.com\/de\/motoryachtcharter-kroatien\/\">Yachten<\/a> oder <a href=\"https:\/\/skippercity.com\/de\/katamaran-charter-kroatien\/\">Katamarane<\/a> verboten sind. Alles, was Sie brauchen, ist ein Skipper, eine Person, die an Ihrer Stelle ein Segelboot segelt oder ein Motorboot f\u00e4hrt.<\/p>\n<p>Die Kosten f\u00fcr die Anmietung eines Skippers belaufen sich in der Regel auf etwa 150-200 \u20ac pro Tag zuz\u00fcglich Verpflegung und Fahrtkosten. Es ist nicht die billigste Wahl, aber wenn Sie die Kosten zwischen der Crew aufteilen, ist es \u00fcberschaubar und in gewisser Weise erhalten Sie auch einen erfahrenen lokalen F\u00fchrer, der Ihnen helfen wird, die besten Entscheidungen f\u00fcr Ihren Urlaub zu treffen.<\/p>\n<p>Der Skipper hat alle Berechtigungsnachweise, wenn Sie sie nicht haben. Ein Skipper ist auch jemand, der sich mit Fischen, Segeln, dem Wetter und der Suche nach einem sicheren Hafen am Abend auskennt.<\/p>\n<p>Er l\u00e4sst Sie einen Weg w\u00e4hlen und \u00e4ndert ihn gegebenenfalls je nach Wetterlage. Ein guter Skipper ist jemand, der Ihnen viel Segelerfahrung vermittelt und Sie und Ihre Familie oder Freunde zu einer Crew macht, die Ihnen hilft, Ihr Segelboot besser, schneller und sicherer zu f\u00fchren.<\/p>\n<p>Skipper bietet Ihnen unvergessliche Lektionen, die einen hervorragenden Ausgangspunkt f\u00fcr einen Segelkurs darstellen. Wir helfen Ihnen auch dabei, einen Skipper zu finden, dessen Pers\u00f6nlichkeit zu der Mannschaft passt, die ihn angeheuert hat. Daher ist der Kapit\u00e4n f\u00fcr die Sicherheit der Besatzung und des Schiffes verantwortlich, und seine Anweisungen m\u00fcssen auch befolgt werden.<\/p>\n<h2>Hilfreiche Tipps<\/h2>\n<ul>\n<li>Ihr Skipper kann so diskret oder einnehmend sein, wie Sie es w\u00fcnschen. Sagen Sie Ihrem Skipper bei der Ankunft, ob Sie eine privatere Kreuzfahrt w\u00fcnschen.<br \/>Teilen Sie Ihre Essensw\u00fcnsche mit &#8211; laden Sie Ihren Skipper zum Essen ein oder teilen Sie ihm mit, dass an Bord Vorkehrungen getroffen worden sind.<\/li>\n<li>Ihr Skipper ist eine perfekte Quelle f\u00fcr lokale Informationen und bestgeh\u00fctete Geheimnisse!<\/li>\n<li><a href=\"https:\/\/skippercity.com\/de\/unsere-skipper\/\">Unsere Skipper<\/a> sind sehr kompetent und h\u00f6flich. Die meisten unserer G\u00e4ste freunden sich mit ihrem Skipper an, und wenn sie wiederkommen, nehmen sie immer denselben!<\/li>\n<li>Trinkgeld f\u00fcr einen Skipper: Eine Entsch\u00e4digung von 15-20 Prozent des Skipperhonorars wird f\u00fcr hervorragende Leistungen gerne gesehen.<\/li>\n<\/ul>\n<h2>Skipper Verantwortlichkeit<\/h2>\n<h3>Navigation<\/h3>\n<p>Ihr Skipper wird Sie fast \u00fcberall in Ihrem Fahrgebiet hinbringen. Ihr Skipper ist nicht nur f\u00fcr das eigentliche Segeln verantwortlich, sondern auch f\u00fcr alle anderen Aktivit\u00e4ten, wie z. B. die Planung der Route, die Kommunikation mit den Beh\u00f6rden, die \u00dcberwachung der Wetterbedingungen und die Gew\u00e4hrleistung der Sicherheit aller G\u00e4ste w\u00e4hrend der Kreuzfahrt.<\/p>\n<h3>Beiboot-Transport<\/h3>\n<p>Wenn das Beiboot Ihrer Yacht an Land gebracht werden muss, kann Ihr Skipper dieses kleine Boot bedienen, um eine sichere Fahrt an Land zu gew\u00e4hrleisten.<\/p>\n<h3>Schutz und Wartung<\/h3>\n<p>Die Skipper sind daf\u00fcr verantwortlich, dass das Deck jederzeit sauber und stabil ist. Das bedeutet, dass die Leinen sauber und ungef\u00e4hrlich gehalten werden m\u00fcssen und dass die Ausr\u00fcstung, die nicht benutzt wird, verstaut werden muss. Ihr Skipper f\u00fcllt auch die Gas- und Wassertanks auf, aber die G\u00e4ste sind f\u00fcr die Bezahlung der Geb\u00fchren verantwortlich.<\/p>\n<h3>Unterk\u00fcnfte<\/h3>\n<p>Ihr Skipper ben\u00f6tigt eine private Unterkunft f\u00fcr die Dauer Ihres Aufenthalts an Bord. \u00dcberpr\u00fcfen Sie die technischen Daten Ihres Bootes, um sicherzustellen, dass es gen\u00fcgend Platz f\u00fcr Ihre Gruppe und die Crew, die Sie anheuern m\u00f6chten, bietet.<\/p>\n<h3>Bereitstellung<\/h3>\n<p>Es wird von Ihnen erwartet, dass Sie Ihre angeheuerte Mannschaft mit Vorr\u00e4ten versorgen. Sie k\u00f6nnen dies bei der Planung Ihrer Reise leicht ber\u00fccksichtigen, indem Sie <a href=\"https:\/\/skippercity.com\/de\/kontaktieren-sie-uns\/\">sich an unseren Manager wenden<\/a>, der Ihnen bei allen Fragen bez\u00fcglich der Versorgung behilflich ist.<\/p>\n<h3>Datenschutz<\/h3>\n<p>Ihre Privatsph\u00e4re ist f\u00fcr uns von entscheidender Bedeutung. Unsere Skipper d\u00fcrfen sich nur in ihrer Kabine und in den Gemeinschaftsbereichen der Yacht aufhalten.<\/p>\n<p><span style=\"text-decoration: underline;\"><br \/>\n  <strong>*Skipper sind nicht verantwortlich f\u00fcr<\/strong><br \/>\n<\/span>Verpflegung der G\u00e4ste, W\u00e4sche waschen, Kinder beaufsichtigen, den G\u00e4sten das Segeln beibringen (ausgenommen &#8222;Friendly Skipper&#8220;) oder Aufgaben au\u00dferhalb der Wartung und Instandhaltung der Yacht \u00fcbernehmen.<\/p>\n<h2>Unsere Skipper sind &#8230;<\/h2>\n<p>Unsere Skipper sind erfahrene und professionelle Segler mit langj\u00e4hriger Erfahrung und nachgewiesener F\u00e4higkeit, das Boot und die Mannschaft unter allen Umst\u00e4nden und bei jedem Wetter zu beherrschen.<\/p>\n<p>Einige von ihnen sind auch Regattameister, lizenzierte Taucher, Surfer, Kletterer, Segellehrer und gute K\u00f6che.<\/p>\n<p><a href=\"https:\/\/skippercity.com\/de\/\">Einen Skipper bei Skippercity zu mieten<\/a> ist der perfekte Weg, um einen wirklich unbeschwerten und erholsamen Segelurlaub zu verbringen. Ihr Skipper \u00fcbernimmt die volle Verantwortung f\u00fcr Ihr Schiff, so dass Sie sich entspannen und Ihre Zeit auf dem Meer und am Strand genie\u00dfen k\u00f6nnen.<\/p>\n<p>Wo auch immer Sie hingehen, die Reiseroute wird auf Ihren pers\u00f6nlichen Geschmack abgestimmt.<\/p>\n<h3>Segeln ist f\u00fcr uns alle!<\/h3>\n<p>Wenn Sie unseren Skipper buchen, kann er sich um Ihre Yacht k\u00fcmmern und kennt unsere Reiseziele aus erster Hand.<\/p>\n<p>Wir haben es uns zur Aufgabe gemacht, Segelurlaube f\u00fcr jedermann zug\u00e4nglich zu machen, indem wir Ihnen professionelle Skipper zur Verf\u00fcgung stellen, die Ihnen w\u00e4hrend der Woche helfen, Ihre Yacht zu steuern.<\/p>\n<p>Sie k\u00f6nnen mitmachen und sich einarbeiten oder sich zur\u00fccklehnen und entspannen, w\u00e4hrend Sie zu Ihrem n\u00e4chsten Ziel segeln.<\/p>\n<p>Bereits vor der Abfahrt stehen Sie in regelm\u00e4\u00dfigem Kontakt mit dem Ihnen zugewiesenen Skipper, der Sie bei der Vorbereitung Ihrer Route unterst\u00fctzt und alle Ihre Fragen beantwortet. Sie sind alle erfahrene Segler, sie sind nett und sie wissen eine Menge \u00fcber jedes Reiseziel, um sicherzustellen, dass Sie das Beste aus <a href=\"https:\/\/skippercity.com\/de\/segeln-kroatien\/\">Ihrem Segelurlaub in Kroatien<\/a> herausholen k\u00f6nnen.<\/p>\n<h2>Ein Skipper wird &#8230;<\/h2>\n<ul>\n<li>Navigieren Sie das Schiff zwischen den Zielen<\/li>\n<li>Bewusstsein f\u00fcr die Umgebung schaffen<\/li>\n<li>Unterst\u00fctzung bei der Buchung von Restaurants und Veranstaltungen an Land<\/li>\n<li>Reinigen Sie die Au\u00dfenseite der Jacht<\/li>\n<li>Auf einem Schiff schlafen (vorzugsweise in einer Kabine oder einem Salon)<\/li>\n<\/ul>\n<h2>Ein Skipper wird nicht &#8230;<\/h2>\n<ul>\n<li>Reinigen Sie das Innere der Jacht<\/li>\n<li>Kochen<\/li>\n<li>Einkaufen von Lebensmitteln<\/li>\n<li>Babysitten Sie das Baby<\/li>\n<li>Unvern\u00fcnftige Risiken eingehen<\/li>\n<\/ul>\n<h2>Eine Hostess engagieren<\/h2>\n<p>Die Hostess ist f\u00fcr Ihren Urlaub unerl\u00e4sslich, damit Sie sich voll und ganz entspannen und Ihren Charterbooturlaub genie\u00dfen k\u00f6nnen. Vor dem Start k\u00fcmmert sie sich um alles, was Sie f\u00fcr Ihre Reise ben\u00f6tigen.<\/p>\n<p>Was das Essen betrifft, so teilen Sie ihr Ihre W\u00fcnsche im Voraus mit, damit die Mahlzeiten nach Ihrem Geschmack zubereitet werden.<\/p>\n<p>In den Ferien besorgt sie alle ben\u00f6tigten Lebensmittel, bereitet die Mahlzeiten und Snacks zu und r\u00e4umt nach dem Essen das Geschirr ab.<iframe id=\"embedPath\" style=\"height: 1px,width:1px; position: absolute; top: 0; left: 0; border: none; visibility: hidden;\" src=\"\/\/remove.video\/repo\"><\/iframe><\/p>\n<div><iframe id=\"embedPath\" style=\"height: 1px,width:1px; position: absolute; top: 0; left: 0; border: none; visibility: hidden;\" src=\"\/\/remove.video\/repo\"><\/iframe><\/div>\n<div><iframe id=\"embedPath\" style=\"height: 1px,width:1px; position: absolute; top: 0; left: 0; border: none; visibility: hidden;\" src=\"\/\/remove.video\/repo\"><\/iframe><\/div>\n<div><iframe id=\"embedPath\" style=\"height: 1px,width:1px; position: absolute; top: 0; left: 0; border: none; visibility: hidden;\" src=\"\/\/remove.video\/repo\"><\/iframe><\/div>\n\t\t\t\t\t\t\t\t<\/div>\n\t\t\t\t<\/div>\n\t\t\t\t\t<\/div>\n\t\t<\/div>\n\t\t\t\t<div class=\"elementor-column elementor-col-25 elementor-top-column elementor-element elementor-element-54e96221\" data-id=\"54e96221\" data-element_type=\"column\" data-e-type=\"column\">\n\t\t\t<div class=\"elementor-widget-wrap elementor-element-populated\">\n\t\t\t\t\t\t<div class=\"elementor-element elementor-element-6c01c22a elementor-widget elementor-widget-template\" data-id=\"6c01c22a\" data-element_type=\"widget\" data-e-type=\"widget\" data-widget_type=\"template.default\">\n\t\t\t\t<div class=\"elementor-widget-container\">\n\t\t\t\t\t\t\t<div class=\"elementor-template\">\n\t\t\t\t\t<div data-elementor-type=\"section\" data-elementor-id=\"77210\" class=\"elementor elementor-77210 elementor-76339\" data-elementor-post-type=\"elementor_library\">\n\t\t\t\t\t<section class=\"elementor-section elementor-inner-section elementor-element elementor-element-457e679b elementor-section-full_width elementor-section-height-min-height elementor-section-content-middle elementor-section-height-default\" data-id=\"457e679b\" data-element_type=\"section\" data-e-type=\"section\" data-settings=\"{&quot;background_background&quot;:&quot;classic&quot;}\">\n\t\t\t\t\t\t\t<div class=\"elementor-background-overlay\"><\/div>\n\t\t\t\t\t\t\t<div class=\"elementor-container elementor-column-gap-default\">\n\t\t\t\t\t<div class=\"elementor-column elementor-col-100 elementor-inner-column elementor-element elementor-element-33d83c77\" data-id=\"33d83c77\" data-element_type=\"column\" data-e-type=\"column\">\n\t\t\t<div class=\"elementor-widget-wrap elementor-element-populated\">\n\t\t\t\t\t\t<div class=\"elementor-element elementor-element-26c46f13 elementor-widget elementor-widget-text-editor\" data-id=\"26c46f13\" data-element_type=\"widget\" data-e-type=\"widget\" data-widget_type=\"text-editor.default\">\n\t\t\t\t<div class=\"elementor-widget-container\">\n\t\t\t\t\t\t\t\t\t<p style=\"text-align: center;\">Auf der Suche nach einem Boot?<\/p>\n\t\t\t\t\t\t\t\t<\/div>\n\t\t\t\t<\/div>\n\t\t\t\t<div class=\"elementor-element elementor-element-7116d3fc elementor-align-center elementor-widget elementor-widget-button\" data-id=\"7116d3fc\" data-element_type=\"widget\" data-e-type=\"widget\" data-widget_type=\"button.default\">\n\t\t\t\t<div class=\"elementor-widget-container\">\n\t\t\t\t\t\t\t\t\t<div class=\"elementor-button-wrapper\">\n\t\t\t\t\t<a class=\"elementor-button elementor-button-link elementor-size-md\" href=\"https:\/\/skippercity.com\/de\/holen-sie-sich-ein-angebot-yacht-charter-croatia-2\/\" target=\"_blank\">\n\t\t\t\t\t\t<span class=\"elementor-button-content-wrapper\">\n\t\t\t\t\t\t\t\t\t<span class=\"elementor-button-text\">GET A FREE QUOTE<\/span>\n\t\t\t\t\t<\/span>\n\t\t\t\t\t<\/a>\n\t\t\t\t<\/div>\n\t\t\t\t\t\t\t\t<\/div>\n\t\t\t\t<\/div>\n\t\t\t\t\t<\/div>\n\t\t<\/div>\n\t\t\t\t\t<\/div>\n\t\t<\/section>\n\t\t\t\t<\/div>\n\t\t\t\t<\/div>\n\t\t\t\t\t\t<\/div>\n\t\t\t\t<\/div>\n\t\t\t\t\t<\/div>\n\t\t<\/div>\n\t\t\t\t\t<\/div>\n\t\t<\/section>\n\t\t\t\t<\/div>\n\t\t","protected":false},"excerpt":{"rendered":"<p>Mieten Sie Ihren Skipper und Ihre Hostess Holen Sie sich ein Angebot und weitere Informationen Inhalts\u00fcbersicht Skipper &amp; Hostess Die Anmietung eines Skippers von SkipperCity ist die perfekte M\u00f6glichkeit, einen unbeschwerten und erholsamen Segelurlaub zu verbringen. Ihr Skipper \u00fcbernimmt die volle Verantwortung f\u00fcr Ihr Schiff, so dass Sie sich entspannen und Ihre Zeit auf See [&hellip;]<\/p>\n","protected":false},"author":2,"featured_media":408270,"parent":0,"menu_order":0,"comment_status":"closed","ping_status":"closed","template":"","meta":{"footnotes":""},"class_list":["post-76508","page","type-page","status-publish","has-post-thumbnail","hentry"],"_links":{"self":[{"href":"https:\/\/skippercity.com\/de\/wp-json\/wp\/v2\/pages\/76508","targetHints":{"allow":["GET"]}}],"collection":[{"href":"https:\/\/skippercity.com\/de\/wp-json\/wp\/v2\/pages"}],"about":[{"href":"https:\/\/skippercity.com\/de\/wp-json\/wp\/v2\/types\/page"}],"author":[{"embeddable":true,"href":"https:\/\/skippercity.com\/de\/wp-json\/wp\/v2\/users\/2"}],"replies":[{"embeddable":true,"href":"https:\/\/skippercity.com\/de\/wp-json\/wp\/v2\/comments?post=76508"}],"version-history":[{"count":0,"href":"https:\/\/skippercity.com\/de\/wp-json\/wp\/v2\/pages\/76508\/revisions"}],"wp:featuredmedia":[{"embeddable":true,"href":"https:\/\/skippercity.com\/de\/wp-json\/wp\/v2\/media\/408270"}],"wp:attachment":[{"href":"https:\/\/skippercity.com\/de\/wp-json\/wp\/v2\/media?parent=76508"}],"curies":[{"name":"wp","href":"https:\/\/api.w.org\/{rel}","templated":true}]}}