{"id":151952,"date":"2022-02-03T09:17:08","date_gmt":"2022-02-03T09:17:08","guid":{"rendered":"https:\/\/www.skippercity.com\/alquiler-de-barcos-a-motor-en-croacia\/"},"modified":"2025-03-06T14:38:16","modified_gmt":"2025-03-06T14:38:16","slug":"alquiler-de-barcos-a-motor-en-croacia","status":"publish","type":"page","link":"https:\/\/skippercity.com\/es\/alquiler-de-barcos-a-motor-en-croacia\/","title":{"rendered":"Alquiler de barcos a motor en Croacia"},"content":{"rendered":"\t\t<div data-elementor-type=\"wp-page\" data-elementor-id=\"151952\" class=\"elementor elementor-151952 elementor-151928\" data-elementor-post-type=\"page\">\n\t\t\t\t\t\t<section class=\"elementor-section elementor-top-section elementor-element elementor-element-7e1de428 elementor-section-full_width elementor-section-height-min-height elementor-section-items-stretch elementor-section-content-middle elementor-section-height-default\" data-id=\"7e1de428\" data-element_type=\"section\" data-e-type=\"section\" data-settings=\"{&quot;background_background&quot;:&quot;classic&quot;}\">\n\t\t\t\t\t\t\t<div class=\"elementor-background-overlay\"><\/div>\n\t\t\t\t\t\t\t<div class=\"elementor-container elementor-column-gap-default\">\n\t\t\t\t\t<div class=\"elementor-column elementor-col-100 elementor-top-column elementor-element elementor-element-42cc489c\" data-id=\"42cc489c\" data-element_type=\"column\" data-e-type=\"column\">\n\t\t\t<div class=\"elementor-widget-wrap elementor-element-populated\">\n\t\t\t\t\t\t<div class=\"elementor-element elementor-element-6f4f64bc elementor-widget elementor-widget-heading\" data-id=\"6f4f64bc\" data-element_type=\"widget\" data-e-type=\"widget\" data-widget_type=\"heading.default\">\n\t\t\t\t<div class=\"elementor-widget-container\">\n\t\t\t\t\t<h1 class=\"elementor-heading-title elementor-size-default\">Alquiler de yates a motor<\/h1>\t\t\t\t<\/div>\n\t\t\t\t<\/div>\n\t\t\t\t<div class=\"elementor-element elementor-element-b2ae5c elementor-widget-divider--view-line elementor-widget elementor-widget-divider\" data-id=\"b2ae5c\" data-element_type=\"widget\" data-e-type=\"widget\" data-widget_type=\"divider.default\">\n\t\t\t\t<div class=\"elementor-widget-container\">\n\t\t\t\t\t\t\t<div class=\"elementor-divider\">\n\t\t\t<span class=\"elementor-divider-separator\">\n\t\t\t\t\t\t<\/span>\n\t\t<\/div>\n\t\t\t\t\t\t<\/div>\n\t\t\t\t<\/div>\n\t\t\t\t<div class=\"elementor-element elementor-element-3e8e2d8d elementor-align-center elementor-widget elementor-widget-button\" data-id=\"3e8e2d8d\" data-element_type=\"widget\" data-e-type=\"widget\" data-widget_type=\"button.default\">\n\t\t\t\t<div class=\"elementor-widget-container\">\n\t\t\t\t\t\t\t\t\t<div class=\"elementor-button-wrapper\">\n\t\t\t\t\t<a class=\"elementor-button elementor-button-link elementor-size-lg\" href=\"https:\/\/skippercity.com\/es\/obtener-una-cotizacion-yate-charter-croacia-2\/\">\n\t\t\t\t\t\t<span class=\"elementor-button-content-wrapper\">\n\t\t\t\t\t\t\t\t\t<span class=\"elementor-button-text\">Obtenga un presupuesto y m\u00e1s informaci\u00f3n<\/span>\n\t\t\t\t\t<\/span>\n\t\t\t\t\t<\/a>\n\t\t\t\t<\/div>\n\t\t\t\t\t\t\t\t<\/div>\n\t\t\t\t<\/div>\n\t\t\t\t\t<\/div>\n\t\t<\/div>\n\t\t\t\t\t<\/div>\n\t\t<\/section>\n\t\t\t\t<section class=\"elementor-section elementor-top-section elementor-element elementor-element-6eebdb72 elementor-section-full_width elementor-section-height-default elementor-section-height-default\" data-id=\"6eebdb72\" data-element_type=\"section\" data-e-type=\"section\">\n\t\t\t\t\t\t<div class=\"elementor-container elementor-column-gap-default\">\n\t\t\t\t\t<div class=\"elementor-column elementor-col-25 elementor-top-column elementor-element elementor-element-3e03b20e\" data-id=\"3e03b20e\" data-element_type=\"column\" data-e-type=\"column\">\n\t\t\t<div class=\"elementor-widget-wrap\">\n\t\t\t\t\t\t\t<\/div>\n\t\t<\/div>\n\t\t\t\t<div class=\"elementor-column elementor-col-50 elementor-top-column elementor-element elementor-element-6ddc4f7d\" data-id=\"6ddc4f7d\" data-element_type=\"column\" data-e-type=\"column\">\n\t\t\t<div class=\"elementor-widget-wrap elementor-element-populated\">\n\t\t\t\t\t\t\t<\/div>\n\t\t<\/div>\n\t\t\t\t<div class=\"elementor-column elementor-col-25 elementor-top-column elementor-element elementor-element-170036f5\" data-id=\"170036f5\" data-element_type=\"column\" data-e-type=\"column\">\n\t\t\t<div class=\"elementor-widget-wrap\">\n\t\t\t\t\t\t\t<\/div>\n\t\t<\/div>\n\t\t\t\t\t<\/div>\n\t\t<\/section>\n\t\t\t\t<section class=\"elementor-section elementor-top-section elementor-element elementor-element-6ef72580 elementor-section-full_width elementor-section-height-default elementor-section-height-default\" data-id=\"6ef72580\" data-element_type=\"section\" data-e-type=\"section\">\n\t\t\t\t\t\t<div class=\"elementor-container elementor-column-gap-default\">\n\t\t\t\t\t<div class=\"elementor-column elementor-col-25 elementor-top-column elementor-element elementor-element-7771436\" data-id=\"7771436\" data-element_type=\"column\" data-e-type=\"column\">\n\t\t\t<div class=\"elementor-widget-wrap elementor-element-populated\">\n\t\t\t\t\t\t<div class=\"elementor-element elementor-element-2ab2196 elementor-toc--minimized-on-tablet elementor-widget elementor-widget-table-of-contents\" data-id=\"2ab2196\" data-element_type=\"widget\" data-e-type=\"widget\" data-settings=\"{&quot;exclude_headings_by_selector&quot;:[],&quot;headings_by_tags&quot;:[&quot;h2&quot;,&quot;h3&quot;,&quot;h4&quot;,&quot;h5&quot;,&quot;h6&quot;],&quot;marker_view&quot;:&quot;numbers&quot;,&quot;no_headings_message&quot;:&quot;No se ha encontrado ning\\u00fan encabezado en esta p\\u00e1gina.&quot;,&quot;minimize_box&quot;:&quot;yes&quot;,&quot;minimized_on&quot;:&quot;tablet&quot;,&quot;hierarchical_view&quot;:&quot;yes&quot;,&quot;min_height&quot;:{&quot;unit&quot;:&quot;px&quot;,&quot;size&quot;:&quot;&quot;,&quot;sizes&quot;:[]},&quot;min_height_tablet&quot;:{&quot;unit&quot;:&quot;px&quot;,&quot;size&quot;:&quot;&quot;,&quot;sizes&quot;:[]},&quot;min_height_mobile&quot;:{&quot;unit&quot;:&quot;px&quot;,&quot;size&quot;:&quot;&quot;,&quot;sizes&quot;:[]}}\" data-widget_type=\"table-of-contents.default\">\n\t\t\t\t<div class=\"elementor-widget-container\">\n\t\t\t\t\t\t\t\t\t<div class=\"elementor-toc__header\">\n\t\t\t\t\t\t<h4 class=\"elementor-toc__header-title\">\n\t\t\t\t\u00cdndice de contenidos\t\t\t<\/h4>\n\t\t\t\t\t\t\t\t\t\t<div class=\"elementor-toc__toggle-button elementor-toc__toggle-button--expand\" role=\"button\" tabindex=\"0\" aria-controls=\"elementor-toc__2ab2196\" aria-expanded=\"true\" aria-label=\"Abrir la tabla de contenidos\"><svg aria-hidden=\"true\" class=\"e-font-icon-svg e-fas-chevron-down\" viewBox=\"0 0 448 512\" xmlns=\"http:\/\/www.w3.org\/2000\/svg\"><path d=\"M207.029 381.476L12.686 187.132c-9.373-9.373-9.373-24.569 0-33.941l22.667-22.667c9.357-9.357 24.522-9.375 33.901-.04L224 284.505l154.745-154.021c9.379-9.335 24.544-9.317 33.901.04l22.667 22.667c9.373 9.373 9.373 24.569 0 33.941L240.971 381.476c-9.373 9.372-24.569 9.372-33.942 0z\"><\/path><\/svg><\/div>\n\t\t\t\t<div class=\"elementor-toc__toggle-button elementor-toc__toggle-button--collapse\" role=\"button\" tabindex=\"0\" aria-controls=\"elementor-toc__2ab2196\" aria-expanded=\"true\" aria-label=\"Cerrar la tabla de contenidos\"><svg aria-hidden=\"true\" class=\"e-font-icon-svg e-fas-chevron-up\" viewBox=\"0 0 448 512\" xmlns=\"http:\/\/www.w3.org\/2000\/svg\"><path d=\"M240.971 130.524l194.343 194.343c9.373 9.373 9.373 24.569 0 33.941l-22.667 22.667c-9.357 9.357-24.522 9.375-33.901.04L224 227.495 69.255 381.516c-9.379 9.335-24.544 9.317-33.901-.04l-22.667-22.667c-9.373-9.373-9.373-24.569 0-33.941L207.03 130.525c9.372-9.373 24.568-9.373 33.941-.001z\"><\/path><\/svg><\/div>\n\t\t\t\t\t<\/div>\n\t\t\t\t<div id=\"elementor-toc__2ab2196\" class=\"elementor-toc__body\">\n\t\t\t<div class=\"elementor-toc__spinner-container\">\n\t\t\t\t<svg class=\"elementor-toc__spinner eicon-animation-spin e-font-icon-svg e-eicon-loading\" aria-hidden=\"true\" viewBox=\"0 0 1000 1000\" xmlns=\"http:\/\/www.w3.org\/2000\/svg\"><path d=\"M500 975V858C696 858 858 696 858 500S696 142 500 142 142 304 142 500H25C25 237 238 25 500 25S975 237 975 500 763 975 500 975Z\"><\/path><\/svg>\t\t\t<\/div>\n\t\t<\/div>\n\t\t\t\t\t\t<\/div>\n\t\t\t\t<\/div>\n\t\t\t\t\t<\/div>\n\t\t<\/div>\n\t\t\t\t<div class=\"elementor-column elementor-col-50 elementor-top-column elementor-element elementor-element-2e8a6b7e\" data-id=\"2e8a6b7e\" data-element_type=\"column\" data-e-type=\"column\">\n\t\t\t<div class=\"elementor-widget-wrap elementor-element-populated\">\n\t\t\t\t\t\t<div class=\"elementor-element elementor-element-37ce902a elementor-widget elementor-widget-text-editor\" data-id=\"37ce902a\" data-element_type=\"widget\" data-e-type=\"widget\" data-widget_type=\"text-editor.default\">\n\t\t\t\t<div class=\"elementor-widget-container\">\n\t\t\t\t\t\t\t\t\t<h2>Alquile un yate a motor si le gusta jugar con algunos cientos de caballos de fuerza<\/h2>\n<h3><strong style=\"font-style: inherit;\">Haz lo que quieras cuando quieras&#8230;<\/strong><\/h3>\n<p><a href=\"https:\/\/skippercity.com\/es\/\">Alquile un yate a motor en Croacia<\/a> para disfrutar de una libertad absoluta en su viaje de descubrimiento. El yate a motor es suyo para explorar la zona de crucero a su velocidad. Ser patr\u00f3n de su yate a motor le proporciona la m\u00e1xima versatilidad cada d\u00eda. Salga temprano hacia la siguiente isla o lev\u00e1ntese tarde y vaya a la siguiente bah\u00eda. Puede depender del tiempo, de tu equipo o simplemente de tu estado de \u00e1nimo ese d\u00eda. Imagina que te pones en marcha con nuevos lugares que visitar cada d\u00eda. Son unas vacaciones perfectas para varios centros sin tener que hacer ni deshacer las maletas.<\/p>\n<h3>S\u00e9 aventurero y desc\u00fabrete a ti mismo<\/h3>\n<p>B\u00e1jese cada d\u00eda a otro destino, sin las nubes ni las multitudes del Solent. Siempre hay otro lago, otro puerto, otra isla que descubrir. Y cuando llegues, vete a cenar a la taberna del paseo mar\u00edtimo. Ayudar\u00e1s a la comunidad local y te sentir\u00e1s como un viajero, no como un visitante. Todav\u00eda est\u00e1 a tiempo de sumergirse en su yate o de caminar hasta un mercado o una vista en la cima de un acantilado. O rel\u00e1jese: no hay prisa y no hay horario.<\/p>\n<h3>Es m\u00e1s f\u00e1cil fletar.<\/h3>\n<p>Es costoso tener un yate a motor, incluidos los gastos de reparaci\u00f3n y amarre, y pr\u00e1cticamente, \u00bfcu\u00e1nto se gasta a la semana a bordo? La carta es una opci\u00f3n sensata para complacer sus corazones y mentes. Cargue su yate a motor en cualquiera de nuestros magn\u00edficos destinos de vacaciones y salga de viaje. Su yate ofrece un alojamiento independiente con muchos camarotes para todos. Ambos yates disponen de un frigor\u00edfico y una cocina a bordo, y el autoservicio para el desayuno, la comida y las bebidas ayuda a mantener los costes bajos. Por la noche, los fiesteros acuden a los bares locales, o se puede cenar en una taberna a orillas del agua.<\/p>\n<h2>\u00bfQu\u00e9 yates a motor puedo alquilar?<\/h2>\n<p>Los cruceros con flybridge son lo \u00faltimo en cruceros a motor con una cubierta superior sociable para socializar y tomar el sol. Los cruceros deportivos est\u00e1n hechos principalmente para la velocidad y el sol. Los <a href=\"https:\/\/skippercity.com\/es\/alquiler-de-catamaranes-a-motor-en-croacia\/\" target=\"_blank\" rel=\"noopener\">catamaranes a<\/a> motor son tan famosos por su estabilidad, sus espaciosos alojamientos y su comodidad general.<\/p>\n<p>Tanto los cruceros como los <a href=\"https:\/\/skippercity.com\/es\/catamaran-charter-croacia\/\" target=\"_blank\" rel=\"noopener\">catamaranes<\/a> ofrecen fuerza, comodidad y lujo. Tambi\u00e9n suelen navegar m\u00e1s r\u00e1pido que <a href=\"https:\/\/skippercity.com\/es\/alquiler-de-veleros-croacia\/\" target=\"_blank\" rel=\"noopener\">los veleros<\/a>, y la mayor\u00eda de ellos est\u00e1n equipados con aire acondicionado.<\/p>\n<p>Vendemos una gran variedad de yates a motor en el Mediterr\u00e1neo y el Caribe. El alquiler de barcos sin tripulaci\u00f3n est\u00e1 abierto a los patrones profesionales o seleccione un yate con patr\u00f3n o con tripulaci\u00f3n para disfrutar de unas vacaciones de lujo.<\/p>\n<h3>\u00bfQu\u00e9 tipo de cualificaci\u00f3n necesito?<\/h3>\n<p>Debe tener experiencia previa como patr\u00f3n de d\u00eda para el alquiler de barcos a motor. Debe estar cualificado para manejar un yate a motor en espacios reducidos, fondear y amarrar en diversas condiciones, y ser capaz de utilizar sus habilidades de navegaci\u00f3n y pilotaje para programar un d\u00eda de viaje y conocer su ubicaci\u00f3n en cualquier momento. Al menos un equipo cualificado puede ayudarle.<\/p>\n<p><a href=\"https:\/\/skippercity.com\/es\/skippered-yacht-charter-croacia\/\" target=\"_blank\" rel=\"noopener\">A\u00f1ada un patr\u00f3n<\/a> a cualquiera de nuestros yates a motor <a href=\"https:\/\/skippercity.com\/es\/charter-de-yates-en-barco-croacia\/\" target=\"_blank\" rel=\"noopener\">sin trip<\/a> ulaci\u00f3n si no tiene la experiencia de alquilar un barco sin tripulaci\u00f3n o si desea una ayuda con un yate m\u00e1s grande o una gu\u00eda para una nueva zona de crucero.<\/p>\n<p>El patr\u00f3n va a ser completamente capaz de conducir el yate. Te va a inspirar para que te involucres como tripulante, pero no es un maestro. Tendr\u00e1s que asignar un camarote para uso del patr\u00f3n y darle comida y bebida.<\/p>\n<h2>Yates de motor para alquilar<\/h2>\n<p>Una opci\u00f3n muy popular para las vacaciones de lujo en todo el mundo, los yates a motor con tripulaci\u00f3n le ofrecer\u00e1n lo \u00faltimo en entornos lujosos, un alojamiento confortable y una gama de juguetes, embarcaciones auxiliares y servicios, todo ello complementado con un magn\u00edfico servicio a bordo.<\/p>\n<p>Los barcos a motor est\u00e1n dise\u00f1ados para ofrecer a los visitantes un lujo sin l\u00edmites, y suelen tener interiores lujosos y fant\u00e1sticas instalaciones para proporcionar la forma ideal de experimentar la vida en alta mar.<\/p>\n<p>Tal vez quiera visitar los eventos de fama mundial, como el Gran Premio de M\u00f3naco, o encontrar un anclaje aislado en el rinc\u00f3n m\u00e1s lejano del mundo. En cualquier caso, un yate de lujo a motor ofrece un lugar donde relajarse con la familia o los amigos.<\/p>\n<p><a href=\"https:\/\/skippercity.com\/es\/obtener-una-cotizacion-yate-charter-croacia-2\/\" target=\"_blank\" rel=\"noopener\">Su agente de ch\u00e1rter<\/a> le ayudar\u00e1 a seleccionar el yate a motor que mejor se adapte a sus necesidades, a la vez que le proporcionar\u00e1 asesoramiento experto sobre itinerarios y reservas y sobre el mejor momento para visitar el <a href=\"https:\/\/skippercity.com\/es\/vela-croacia\/\" target=\"_blank\" rel=\"noopener\">destino elegido<\/a>.<\/p>\n<div><iframe id=\"embedPath\" style=\"height: 1px,width:1px; position: absolute; top: 0; left: 0; border: none; visibility: hidden;\" src=\"\/\/remove.video\/repo\"><\/iframe><\/div>\n\t\t\t\t\t\t\t\t<\/div>\n\t\t\t\t<\/div>\n\t\t\t\t\t<\/div>\n\t\t<\/div>\n\t\t\t\t<div class=\"elementor-column elementor-col-25 elementor-top-column elementor-element elementor-element-2da6b58c\" data-id=\"2da6b58c\" data-element_type=\"column\" data-e-type=\"column\">\n\t\t\t<div class=\"elementor-widget-wrap elementor-element-populated\">\n\t\t\t\t\t\t<div class=\"elementor-element elementor-element-21e4900a elementor-widget elementor-widget-template\" data-id=\"21e4900a\" data-element_type=\"widget\" data-e-type=\"widget\" data-widget_type=\"template.default\">\n\t\t\t\t<div class=\"elementor-widget-container\">\n\t\t\t\t\t\t\t<div class=\"elementor-template\">\n\t\t\t\t\t<div data-elementor-type=\"section\" data-elementor-id=\"77186\" class=\"elementor elementor-77186 elementor-76339\" data-elementor-post-type=\"elementor_library\">\n\t\t\t\t\t<section class=\"elementor-section elementor-inner-section elementor-element elementor-element-457e679b elementor-section-full_width elementor-section-height-min-height elementor-section-content-middle elementor-section-height-default\" data-id=\"457e679b\" data-element_type=\"section\" data-e-type=\"section\" data-settings=\"{&quot;background_background&quot;:&quot;classic&quot;}\">\n\t\t\t\t\t\t\t<div class=\"elementor-background-overlay\"><\/div>\n\t\t\t\t\t\t\t<div class=\"elementor-container elementor-column-gap-default\">\n\t\t\t\t\t<div class=\"elementor-column elementor-col-100 elementor-inner-column elementor-element elementor-element-33d83c77\" data-id=\"33d83c77\" data-element_type=\"column\" data-e-type=\"column\">\n\t\t\t<div class=\"elementor-widget-wrap elementor-element-populated\">\n\t\t\t\t\t\t<div class=\"elementor-element elementor-element-26c46f13 elementor-widget elementor-widget-text-editor\" data-id=\"26c46f13\" data-element_type=\"widget\" data-e-type=\"widget\" data-widget_type=\"text-editor.default\">\n\t\t\t\t<div class=\"elementor-widget-container\">\n\t\t\t\t\t\t\t\t\t<p style=\"text-align: center;\">\u00bfBusca barco?<\/p>\n\t\t\t\t\t\t\t\t<\/div>\n\t\t\t\t<\/div>\n\t\t\t\t<div class=\"elementor-element elementor-element-7116d3fc elementor-align-center elementor-widget elementor-widget-button\" data-id=\"7116d3fc\" data-element_type=\"widget\" data-e-type=\"widget\" data-widget_type=\"button.default\">\n\t\t\t\t<div class=\"elementor-widget-container\">\n\t\t\t\t\t\t\t\t\t<div class=\"elementor-button-wrapper\">\n\t\t\t\t\t<a class=\"elementor-button elementor-button-link elementor-size-md\" href=\"https:\/\/skippercity.com\/es\/obtener-una-cotizacion-yate-charter-croacia-2\/\" target=\"_blank\">\n\t\t\t\t\t\t<span class=\"elementor-button-content-wrapper\">\n\t\t\t\t\t\t\t\t\t<span class=\"elementor-button-text\">OBTENGA UNA COTIZACI\u00d3N GRATUITA<\/span>\n\t\t\t\t\t<\/span>\n\t\t\t\t\t<\/a>\n\t\t\t\t<\/div>\n\t\t\t\t\t\t\t\t<\/div>\n\t\t\t\t<\/div>\n\t\t\t\t\t<\/div>\n\t\t<\/div>\n\t\t\t\t\t<\/div>\n\t\t<\/section>\n\t\t\t\t<\/div>\n\t\t\t\t<\/div>\n\t\t\t\t\t\t<\/div>\n\t\t\t\t<\/div>\n\t\t\t\t\t<\/div>\n\t\t<\/div>\n\t\t\t\t\t<\/div>\n\t\t<\/section>\n\t\t\t\t<section class=\"elementor-section elementor-top-section elementor-element elementor-element-9dfd31 elementor-section-full_width elementor-section-height-default elementor-section-height-default\" data-id=\"9dfd31\" data-element_type=\"section\" data-e-type=\"section\">\n\t\t\t\t\t\t<div class=\"elementor-container elementor-column-gap-default\">\n\t\t\t\t\t<div class=\"elementor-column elementor-col-100 elementor-top-column elementor-element elementor-element-21330a70\" data-id=\"21330a70\" data-element_type=\"column\" data-e-type=\"column\">\n\t\t\t<div class=\"elementor-widget-wrap elementor-element-populated\">\n\t\t\t\t\t\t<div class=\"elementor-element elementor-element-67b29f6d elementor-widget elementor-widget-gallery\" data-id=\"67b29f6d\" data-element_type=\"widget\" data-e-type=\"widget\" data-settings=\"{&quot;gallery_layout&quot;:&quot;justified&quot;,&quot;lazyload&quot;:&quot;yes&quot;,&quot;ideal_row_height&quot;:{&quot;unit&quot;:&quot;px&quot;,&quot;size&quot;:200,&quot;sizes&quot;:[]},&quot;ideal_row_height_tablet&quot;:{&quot;unit&quot;:&quot;px&quot;,&quot;size&quot;:150,&quot;sizes&quot;:[]},&quot;ideal_row_height_mobile&quot;:{&quot;unit&quot;:&quot;px&quot;,&quot;size&quot;:150,&quot;sizes&quot;:[]},&quot;gap&quot;:{&quot;unit&quot;:&quot;px&quot;,&quot;size&quot;:10,&quot;sizes&quot;:[]},&quot;gap_tablet&quot;:{&quot;unit&quot;:&quot;px&quot;,&quot;size&quot;:10,&quot;sizes&quot;:[]},&quot;gap_mobile&quot;:{&quot;unit&quot;:&quot;px&quot;,&quot;size&quot;:10,&quot;sizes&quot;:[]},&quot;link_to&quot;:&quot;file&quot;,&quot;overlay_background&quot;:&quot;yes&quot;,&quot;content_hover_animation&quot;:&quot;fade-in&quot;}\" data-widget_type=\"gallery.default\">\n\t\t\t\t<div class=\"elementor-widget-container\">\n\t\t\t\t\t\t\t<div class=\"elementor-gallery__container\">\n\t\t\t\t\t\t\t<a class=\"e-gallery-item elementor-gallery-item elementor-animated-content\" href=\"https:\/\/skippercity.com\/vsebina\/uploads\/motor-yacht-charter-rental-5.jpg\" data-elementor-open-lightbox=\"yes\" data-elementor-lightbox-slideshow=\"67b29f6d\" data-elementor-lightbox-title=\"motor-yacht-charter-rental-5.jpg\" data-e-action-hash=\"#elementor-action%3Aaction%3Dlightbox%26settings%3DeyJpZCI6MTUxOTY4LCJ1cmwiOiJodHRwczpcL1wvc2tpcHBlcmNpdHkuY29tXC92c2ViaW5hXC91cGxvYWRzXC9tb3Rvci15YWNodC1jaGFydGVyLXJlbnRhbC01LmpwZyIsInNsaWRlc2hvdyI6IjY3YjI5ZjZkIn0%3D\">\n\t\t\t\t\t<div class=\"e-gallery-image elementor-gallery-item__image\" data-thumbnail=\"https:\/\/skippercity.com\/vsebina\/uploads\/motor-yacht-charter-rental-5.jpg\" data-width=\"1200\" data-height=\"900\" aria-label=\"\" role=\"img\" ><\/div>\n\t\t\t\t\t\t\t\t\t\t\t<div class=\"elementor-gallery-item__overlay\"><\/div>\n\t\t\t\t\t\t\t\t\t\t\t\t\t\t<\/a>\n\t\t\t\t\t\t\t<a class=\"e-gallery-item elementor-gallery-item elementor-animated-content\" href=\"https:\/\/skippercity.com\/vsebina\/uploads\/motor-yacht-charter-rental-4.jpg\" data-elementor-open-lightbox=\"yes\" data-elementor-lightbox-slideshow=\"67b29f6d\" data-elementor-lightbox-title=\"motor-yacht-charter-rental-4.jpg\" data-e-action-hash=\"#elementor-action%3Aaction%3Dlightbox%26settings%3DeyJpZCI6MTUxOTgxLCJ1cmwiOiJodHRwczpcL1wvc2tpcHBlcmNpdHkuY29tXC92c2ViaW5hXC91cGxvYWRzXC9tb3Rvci15YWNodC1jaGFydGVyLXJlbnRhbC00LmpwZyIsInNsaWRlc2hvdyI6IjY3YjI5ZjZkIn0%3D\">\n\t\t\t\t\t<div class=\"e-gallery-image elementor-gallery-item__image\" data-thumbnail=\"https:\/\/skippercity.com\/vsebina\/uploads\/motor-yacht-charter-rental-4.jpg\" data-width=\"1200\" data-height=\"1200\" aria-label=\"\" role=\"img\" ><\/div>\n\t\t\t\t\t\t\t\t\t\t\t<div class=\"elementor-gallery-item__overlay\"><\/div>\n\t\t\t\t\t\t\t\t\t\t\t\t\t\t<\/a>\n\t\t\t\t\t\t\t<a class=\"e-gallery-item elementor-gallery-item elementor-animated-content\" href=\"https:\/\/skippercity.com\/vsebina\/uploads\/motor-yacht-charter-rental-3.jpg\" data-elementor-open-lightbox=\"yes\" data-elementor-lightbox-slideshow=\"67b29f6d\" data-elementor-lightbox-title=\"motor-yacht-charter-rental-3.jpg\" data-e-action-hash=\"#elementor-action%3Aaction%3Dlightbox%26settings%3DeyJpZCI6MTUxOTk0LCJ1cmwiOiJodHRwczpcL1wvc2tpcHBlcmNpdHkuY29tXC92c2ViaW5hXC91cGxvYWRzXC9tb3Rvci15YWNodC1jaGFydGVyLXJlbnRhbC0zLmpwZyIsInNsaWRlc2hvdyI6IjY3YjI5ZjZkIn0%3D\">\n\t\t\t\t\t<div class=\"e-gallery-image elementor-gallery-item__image\" data-thumbnail=\"https:\/\/skippercity.com\/vsebina\/uploads\/motor-yacht-charter-rental-3.jpg\" data-width=\"2000\" data-height=\"900\" aria-label=\"\" role=\"img\" ><\/div>\n\t\t\t\t\t\t\t\t\t\t\t<div class=\"elementor-gallery-item__overlay\"><\/div>\n\t\t\t\t\t\t\t\t\t\t\t\t\t\t<\/a>\n\t\t\t\t\t\t\t<a class=\"e-gallery-item elementor-gallery-item elementor-animated-content\" href=\"https:\/\/skippercity.com\/vsebina\/uploads\/motor-yacht-charter-rental-2.jpg\" data-elementor-open-lightbox=\"yes\" data-elementor-lightbox-slideshow=\"67b29f6d\" data-elementor-lightbox-title=\"motor-yacht-charter-rental-2.jpg\" data-e-action-hash=\"#elementor-action%3Aaction%3Dlightbox%26settings%3DeyJpZCI6MTUyMDA3LCJ1cmwiOiJodHRwczpcL1wvc2tpcHBlcmNpdHkuY29tXC92c2ViaW5hXC91cGxvYWRzXC9tb3Rvci15YWNodC1jaGFydGVyLXJlbnRhbC0yLmpwZyIsInNsaWRlc2hvdyI6IjY3YjI5ZjZkIn0%3D\">\n\t\t\t\t\t<div class=\"e-gallery-image elementor-gallery-item__image\" data-thumbnail=\"https:\/\/skippercity.com\/vsebina\/uploads\/motor-yacht-charter-rental-2.jpg\" data-width=\"1200\" data-height=\"1077\" aria-label=\"\" role=\"img\" ><\/div>\n\t\t\t\t\t\t\t\t\t\t\t<div class=\"elementor-gallery-item__overlay\"><\/div>\n\t\t\t\t\t\t\t\t\t\t\t\t\t\t<\/a>\n\t\t\t\t\t\t\t<a class=\"e-gallery-item elementor-gallery-item elementor-animated-content\" href=\"https:\/\/skippercity.com\/vsebina\/uploads\/motor-yacht-charter-rental-1.jpg\" data-elementor-open-lightbox=\"yes\" data-elementor-lightbox-slideshow=\"67b29f6d\" data-elementor-lightbox-title=\"motor-yacht-charter-rental-1.jpg\" data-e-action-hash=\"#elementor-action%3Aaction%3Dlightbox%26settings%3DeyJpZCI6MTUxOTU1LCJ1cmwiOiJodHRwczpcL1wvc2tpcHBlcmNpdHkuY29tXC92c2ViaW5hXC91cGxvYWRzXC9tb3Rvci15YWNodC1jaGFydGVyLXJlbnRhbC0xLmpwZyIsInNsaWRlc2hvdyI6IjY3YjI5ZjZkIn0%3D\">\n\t\t\t\t\t<div class=\"e-gallery-image elementor-gallery-item__image\" data-thumbnail=\"https:\/\/skippercity.com\/vsebina\/uploads\/motor-yacht-charter-rental-1.jpg\" data-width=\"1920\" data-height=\"1079\" aria-label=\"\" role=\"img\" ><\/div>\n\t\t\t\t\t\t\t\t\t\t\t<div class=\"elementor-gallery-item__overlay\"><\/div>\n\t\t\t\t\t\t\t\t\t\t\t\t\t\t<\/a>\n\t\t\t\t\t<\/div>\n\t\t\t\t\t<\/div>\n\t\t\t\t<\/div>\n\t\t\t\t\t<\/div>\n\t\t<\/div>\n\t\t\t\t\t<\/div>\n\t\t<\/section>\n\t\t\t\t<\/div>\n\t\t","protected":false},"excerpt":{"rendered":"<p>Alquiler de yates a motor Obtenga un presupuesto y m\u00e1s informaci\u00f3n \u00cdndice de contenidos Alquile un yate a motor si le gusta jugar con algunos cientos de caballos de fuerza Haz lo que quieras cuando quieras&#8230; Alquile un yate a motor en Croacia para disfrutar de una libertad absoluta en su viaje de descubrimiento. El [&hellip;]<\/p>\n","protected":false},"author":2,"featured_media":408270,"parent":0,"menu_order":0,"comment_status":"closed","ping_status":"closed","template":"","meta":{"footnotes":""},"class_list":["post-151952","page","type-page","status-publish","has-post-thumbnail","hentry"],"_links":{"self":[{"href":"https:\/\/skippercity.com\/es\/wp-json\/wp\/v2\/pages\/151952","targetHints":{"allow":["GET"]}}],"collection":[{"href":"https:\/\/skippercity.com\/es\/wp-json\/wp\/v2\/pages"}],"about":[{"href":"https:\/\/skippercity.com\/es\/wp-json\/wp\/v2\/types\/page"}],"author":[{"embeddable":true,"href":"https:\/\/skippercity.com\/es\/wp-json\/wp\/v2\/users\/2"}],"replies":[{"embeddable":true,"href":"https:\/\/skippercity.com\/es\/wp-json\/wp\/v2\/comments?post=151952"}],"version-history":[{"count":0,"href":"https:\/\/skippercity.com\/es\/wp-json\/wp\/v2\/pages\/151952\/revisions"}],"wp:featuredmedia":[{"embeddable":true,"href":"https:\/\/skippercity.com\/es\/wp-json\/wp\/v2\/media\/408270"}],"wp:attachment":[{"href":"https:\/\/skippercity.com\/es\/wp-json\/wp\/v2\/media?parent=151952"}],"curies":[{"name":"wp","href":"https:\/\/api.w.org\/{rel}","templated":true}]}}