{"id":412101,"date":"2024-01-14T20:42:38","date_gmt":"2024-01-14T20:42:38","guid":{"rendered":"https:\/\/www.skippercity.com\/pagina-de-condiciones-de-servicio-para-afiliados\/"},"modified":"2024-01-20T06:49:04","modified_gmt":"2024-01-20T06:49:04","slug":"pagina-de-condiciones-de-servicio-para-afiliados","status":"publish","type":"page","link":"https:\/\/skippercity.com\/es\/pagina-de-condiciones-de-servicio-para-afiliados\/","title":{"rendered":"P\u00e1gina de condiciones de servicio para afiliados"},"content":{"rendered":"\t\t<div data-elementor-type=\"wp-page\" data-elementor-id=\"412101\" class=\"elementor elementor-412101 elementor-412033\" data-elementor-post-type=\"page\">\n\t\t\t\t<div class=\"elementor-element elementor-element-e8b4547 e-con-full e-flex e-con e-parent\" data-id=\"e8b4547\" data-element_type=\"container\" data-e-type=\"container\">\n\t\t<div class=\"elementor-element elementor-element-6c6403f e-con-full e-flex e-con e-child\" data-id=\"6c6403f\" data-element_type=\"container\" data-e-type=\"container\">\n\t\t\t\t<\/div>\n\t\t<div class=\"elementor-element elementor-element-c162eda e-con-full e-flex e-con e-child\" data-id=\"c162eda\" data-element_type=\"container\" data-e-type=\"container\">\n\t\t\t\t<div class=\"elementor-element elementor-element-3553b57 elementor-widget elementor-widget-text-editor\" data-id=\"3553b57\" data-element_type=\"widget\" data-e-type=\"widget\" data-widget_type=\"text-editor.default\">\n\t\t\t\t<div class=\"elementor-widget-container\">\n\t\t\t\t\t\t\t\t\t<h2>Acuerdo de afiliaci\u00f3n<\/h2>\n<h2>(Condiciones del programa de afiliaci\u00f3n)<\/h2>\n<p>El presente acuerdo (el \u00abAcuerdo\u00bb) se celebra entre SkipperCity, Blackbird<br \/>One Ltd, 5 Secretary&#8217;s Lane, Gibraltar GX11 1AA, (la \u00abSociedad\u00bb), y<br \/>afiliada (la \u00abAfiliada\u00bb), y colectivamente, (las \u00abPartes\u00bb) por<br \/>participaci\u00f3n en el programa de afiliados de La Empresa.<\/p>\n<p>El afiliado desea incluir determinados materiales de promoci\u00f3n de la empresa, y<br \/>incluir un enlace al sitio web de la empresa dentro de esos materiales en<br \/>Sitio web del afiliado y\/o en cualquier otro lugar de Internet;<\/p>\n<p>AHORA POR LO TANTO, en consideraci\u00f3n de las promesas mutuas, pactos,<br \/>garant\u00edas, y otras buenas y valiosas consideraciones establecidas en el presente documento,<br \/>las Partes acuerdan lo siguiente:<\/p>\n<ol>\n<li><b>Material promocional.<\/b>  La empresa pondr\u00e1 a disposici\u00f3n de<br \/>Afiliar determinados anuncios de banner, enlaces de botones, enlaces de texto,<br \/>y\/u otro material gr\u00e1fico o textual para su visualizaci\u00f3n y uso en el<br \/>sitio web del afiliado (los \u00abmateriales promocionales\u00bb) y\/o en cualquier otro lugar de<br \/>Internet. El Afiliado exhibir\u00e1 los Materiales Promocionales en<br \/>sitio web del afiliado y\/o en cualquier otro lugar de Internet de forma destacada y tan<br \/>Afiliado considere oportuno, siempre que la forma de exhibici\u00f3n est\u00e9 sujeta<br \/>a los t\u00e9rminos y condiciones del presente Acuerdo. El afiliado tambi\u00e9n deber\u00e1<br \/>incluir un enlace desde los Materiales Promocionales al sitio web de la Empresa, como<br \/>especificado por la empresa.<\/li>\n<li><b>Uso de material promocional.  <\/b>Uso y exhibici\u00f3n del afiliado<br \/>de los Materiales Promocionales en el sitio web del Afiliado y\/o en cualquier otro lugar<br \/>en Internet deber\u00e1n ajustarse a los siguientes t\u00e9rminos, condiciones y<br \/>especificaciones:\n<ul>\n<li>a. El afiliado no podr\u00e1 utilizar ning\u00fan material gr\u00e1fico, textual o de otro tipo<br \/>del sitio web de la Empresa (https:\/\/yachtco.net), productos o servicios otros<br \/>que los Materiales Promocionales, a menos que la Empresa acepte por escrito<br \/>antes de su exposici\u00f3n.<\/li>\n<li>b. El Afiliado s\u00f3lo podr\u00e1 utilizar los Materiales Promocionales para los fines siguientes<br \/>de promocionar el sitio web de la Empresa (y los productos y servicios disponibles<br \/>en el mismo), y para enlazar con el sitio web de la Empresa.<\/li>\n<li>c. El afiliado no alterar\u00e1, a\u00f1adir\u00e1, sustraer\u00e1 o de otro modo<br \/>modificar los Materiales Promocionales a medida que sean preparados por la Empresa. Si<br \/>El Afiliado desea alterar o modificar de otro modo los Materiales Promocionales,<br \/>El afiliado deber\u00e1 obtener el consentimiento previo por escrito de la empresa para que dicha<br \/>alteraci\u00f3n de la modificaci\u00f3n.<\/li>\n<li>d. Los Materiales Promocionales se utilizar\u00e1n para enlazar con el sitio web de la Empresa, con las p\u00e1ginas espec\u00edficas y la direcci\u00f3n dentro del sitio web.<\/li>\n<li>e. El afiliado puede crear sus propios materiales promocionales (gr\u00e1ficos, textuales o de otro tipo) como considere oportuno.<\/li>\n<\/ul>\n<\/li>\n<li><b>Licencia<\/b>. Por la presente, la empresa concede al afiliado una licencia no exclusiva,<br \/>licencia intransferible (la \u00abLicencia\u00bb) para utilizar los Materiales Promocionales<br \/>seg\u00fan se especifica en los t\u00e9rminos y condiciones del presente Acuerdo. El t\u00e9rmino<br \/>de la Licencia expirar\u00e1 a la expiraci\u00f3n o terminaci\u00f3n de esta<br \/>Acuerdo.<\/li>\n<li><b>Propiedad intelectual.<\/b>  La empresa conserva todos los derechos y la propiedad,<br \/>e intereses en los Materiales Promocionales, y en cualquier derecho de autor,<br \/>marca comercial u otra propiedad intelectual en los Materiales Promocionales.<br \/>Nada de lo dispuesto en el presente Contrato se interpretar\u00e1 en el sentido de conceder al Afiliado ninguna<br \/>derechos, propiedad o inter\u00e9s en los Materiales Promocionales, o en el<br \/>propiedad intelectual subyacente, salvo los derechos de uso del<br \/>Los Materiales Promocionales concedidos en virtud de la Licencia, tal y como se establece en la Secci\u00f3n<br \/>3.<\/li>\n<li><b>Relaci\u00f3n de las partes.  <\/b>El presente Acuerdo no ser\u00e1<br \/>se interpretar\u00e1 en el sentido de crear una relaci\u00f3n laboral, de agencia o de<br \/>asociaci\u00f3n entre la Empresa y el Afiliado. El afiliado proporcionar\u00e1<br \/>servicios para la Empresa como contratista independiente. El afiliado tendr\u00e1<br \/>ninguna autoridad para obligar a la Compa\u00f1\u00eda en ning\u00fan acuerdo, ni el Afiliado ser\u00e1<br \/>considerarse agente de la Empresa en ning\u00fan sentido.<\/li>\n<li><b>Comisiones:<br \/><\/b>\n<ul>\n<li>a. A cambio de que el Afiliado exhiba los Materiales Promocionales,<br \/>y para el cumplimiento y ejecuci\u00f3n por parte del afiliado de los t\u00e9rminos y<br \/>condiciones del presente Contrato, la Compa\u00f1\u00eda pagar\u00e1 al Afiliado una<br \/>comisi\u00f3n (la \u00abComisi\u00f3n\u00bb) por un importe equivalente a un porcentaje del precio por<br \/>alojamiento en barco reservado por un visitante que acceda a las instalaciones de la Compa\u00f1\u00eda<br \/>a trav\u00e9s de un enlace en el sitio web del afiliado o a trav\u00e9s del sitio web del afiliado.<br \/>enlace en otro lugar de Internet . El porcentaje actual es del 20%. Este<br \/>El porcentaje est\u00e1 sujeto a cambios por parte de la empresa en cualquier momento.<\/li>\n<li>b. La empresa mantendr\u00e1 registros precisos y actualizados de los datos<br \/>utilizados hasta la terminaci\u00f3n del presente acuerdo para determinar el total de<br \/>importe de las comisiones adeudadas al afiliado. El afiliado recibir\u00e1<br \/>acceso razonable a estos registros previa solicitud. Cualquier discrepancia entre<br \/>el importe de las Comisiones adeudadas seg\u00fan estos registros, y el<br \/>importe real de las comisiones pagadas al afiliado en cualquier periodo o periodos<br \/>deber\u00e1 ser rectificada por la Empresa en un plazo de 14 d\u00edas a partir del descubrimiento de dicha<br \/>discrepancia.<\/li>\n<li>c. Las comisiones se retienen durante un periodo de 30 d\u00edas a partir de la fecha del barco<br \/>de alquiler para proteger a la Empresa en caso de cualquier devoluci\u00f3n de cargo que pueda<br \/>ocurrir. La empresa abonar\u00e1 todas las comisiones devengadas y pagaderas a<br \/>Afiliado en los 30 d\u00edas siguientes a la finalizaci\u00f3n del alquiler de la embarcaci\u00f3n (el \u00abPago de la Comisi\u00f3n<br \/>Fecha\u00bb).<\/li>\n<li>d. En caso de que el afiliado incumpla materialmente el presente contrato<br \/>y la Empresa resuelva el presente Acuerdo en un plazo de 30 d\u00edas a partir de dicho incumplimiento,<br \/>las comisiones devengadas y pagaderas que se adeuden al afiliado ser\u00e1n las siguientes<br \/>y la empresa no estar\u00e1 obligada a pagar dichas comisiones a los beneficiarios.<br \/>Afiliado.<\/li>\n<\/ul>\n<\/li>\n<li><b>Declaraciones y garant\u00edas del afiliado.<\/b>  El afiliado declara y garantiza lo siguiente\n<ul>\n<li>a. El afiliado tiene autoridad legal para suscribir el presente contrato<br \/>y a obligarse a las promesas, pactos y dem\u00e1s deberes establecidos<br \/>en el presente Acuerdo.<\/li>\n<li>b. El sitio web del afiliado y\/o la p\u00e1gina de enlaces del afiliado no contienen ning\u00fan material que sea:\n<ul>\n<li>i. Sexualmente expl\u00edcito, obsceno o pornogr\u00e1fico;<\/li>\n<li>ii. Ofensivo, profano, odioso, amenazador, da\u00f1ino, difamatorio,<br \/>difamatorio, acosador o discriminatorio (ya sea por motivos de raza,<br \/>etnia, credo, religi\u00f3n, sexo, orientaci\u00f3n sexual, condici\u00f3n f\u00edsica<br \/>discapacidad, o de otro tipo);<\/li>\n<li>iii. Gr\u00e1ficamente violentos, incluidas las im\u00e1genes de videojuegos violentos; o<\/li>\n<li>iv. Solicitando cualquier comportamiento il\u00edcito<\/li>\n<\/ul>\n<\/li>\n<li>c. El afiliado ha obtenido todas las autorizaciones, licencias o<br \/>otro permiso para cualquier propiedad intelectual utilizada en el sitio web del afiliado.<br \/>sitio web. Nada de lo contenido en el sitio web del afiliado vulnera los derechos de propiedad intelectual o industrial de los usuarios.<br \/>derechos de propiedad de cualquier persona o entidad. Ninguna persona o entidad ha presentado<br \/>o amenazado con emprender una acci\u00f3n reclamando dicha infracci\u00f3n, ni el Afiliado<br \/>tenga motivos para creer que cualquier persona o entidad interpondr\u00e1 o<br \/>amenazar con tal reclamaci\u00f3n en el futuro.<\/li>\n<li>d. El Afiliado no utilizar\u00e1 los Materiales Promocionales de forma distinta a la establecida en la Secci\u00f3n 2 anterior.<\/li>\n<li>e. El Afiliado no podr\u00e1 reclamar la propiedad de los Premios Promocionales.<br \/>materiales, o de los derechos de autor, marca registrada u otros derechos intelectuales<br \/>propiedad en el mismo.<\/li>\n<li>f. El afiliado no publicar\u00e1 ni distribuir\u00e1 de ning\u00fan otro modo<br \/>materiales publicitarios para el sitio web del afiliado que hagan referencia a la empresa o a<br \/>sitio web de la Empresa a menos que la Empresa d\u00e9 su consentimiento previo por escrito a la<br \/>distribuci\u00f3n de dichos materiales. El afiliado no utilizar\u00e1 el nombre de la empresa<br \/>(o cualquier nombre que sea confusamente similar al nombre de la Empresa) para cualquier<br \/>en su sitio web, en su material promocional o en cualquier otro medio de comunicaci\u00f3n.<br \/>contexto, salvo para promocionar el sitio web de la Empresa, tal como se especifica en este<br \/>Acuerdo. El afiliado no registrar\u00e1 ning\u00fan nombre de dominio que incorpore<br \/>El nombre de la empresa, o que sea confusamente similar al nombre de la empresa.<\/li>\n<li>g. El afiliado no participar\u00e1 en la distribuci\u00f3n de ninguna<br \/>correos electr\u00f3nicos masivos (spam) en los que se mencione o haga referencia de alg\u00fan modo a la Empresa o a<br \/>P\u00e1gina web de la empresa.<\/li>\n<li>h. El sitio web del afiliado y\/o la p\u00e1gina de enlace del afiliado deben estar relacionados tem\u00e1ticamente con el contenido del sitio web de la empresa.<\/li>\n<\/ul>\n<\/li>\n<li><b>Indemnizaci\u00f3n.<\/b>  El afiliado indemnizar\u00e1 a la Compa\u00f1\u00eda y mantendr\u00e1<br \/>Compa\u00f1\u00eda de cualquier reclamaci\u00f3n, da\u00f1o, pleito, acci\u00f3n, queja, o<br \/>otros costes derivados de cualquier incumplimiento de las garant\u00edas del afiliado establecidas<br \/>en la secci\u00f3n 7 anterior. El afiliado tambi\u00e9n indemnizar\u00e1 y mantendr\u00e1<br \/>a la Compa\u00f1\u00eda por cualquier da\u00f1o, p\u00e9rdida u otro coste derivado de la<br \/>uso o mal uso por parte del Afiliado de los Materiales Promocionales.<\/li>\n<li><b>Confidencialidad.  <\/b>Cualquier informaci\u00f3n a la que el afiliado est\u00e9 expuesto<br \/>en virtud de su relaci\u00f3n con la Empresa en virtud del presente Acuerdo, que<br \/>informaci\u00f3n no est\u00e9 disponible para el p\u00fablico en general, se considerar\u00e1<br \/>como \u00abInformaci\u00f3n confidencial de la empresa\u00bb. El afiliado no podr\u00e1 divulgar<br \/>Informaci\u00f3n confidencial de la empresa a cualquier persona o entidad, excepto cuando<br \/>obligado por ley, a menos que el afiliado obtenga el consentimiento previo por escrito para<br \/>dicha divulgaci\u00f3n por parte de la Empresa.<\/li>\n<li><b>Plazo.<br \/><\/b>\n<ul>\n<li>a. El presente Acuerdo entrar\u00e1 en vigor inmediatamente y permanecer\u00e1 plenamente vigente hasta su rescisi\u00f3n de conformidad con la presente Secci\u00f3n 10.<\/li>\n<li>b. Cualquiera de las Partes tendr\u00e1 derecho a rescindir el presente Acuerdo en<br \/>en cualquier momento y por cualquier causa. La Parte que rescinde el contrato deber\u00e1 comunicar por escrito<br \/>notificaci\u00f3n a la otra Parte al menos 30 d\u00edas antes de la fecha prevista de<br \/>terminaci\u00f3n.<\/li>\n<\/ul>\n<\/li>\n<li><b>Impuestos.<\/b>  La Sociedad no ser\u00e1 responsable de los impuestos adeudados por<br \/>Afiliado derivada de la relaci\u00f3n del Afiliado con la Empresa seg\u00fan lo establecido<br \/>en el presente Acuerdo. La empresa no retendr\u00e1 ning\u00fan impuesto del<br \/>Comisiones pagadas al afiliado.<\/li>\n<li><b>Limitaci\u00f3n de responsabilidad.<\/b>  La empresa no ser\u00e1 responsable de ning\u00fan<br \/>p\u00e9rdida de beneficios o costes, o por cualquier da\u00f1o directo, indirecto, especial,<br \/>da\u00f1os incidentales o consecuentes, incluidos los costes asociados al<br \/>la adquisici\u00f3n de bienes o servicios de sustituci\u00f3n (tanto si la Empresa era o<br \/>deber\u00eda haber tenido conocimiento o haber sido advertido de la posibilidad de tales da\u00f1os),<br \/>derivados o relacionados con cualquier p\u00e9rdida, suspensi\u00f3n o interrupci\u00f3n<br \/>del servicio, la rescisi\u00f3n del presente Acuerdo, el uso o mal uso del<br \/>materiales promocionales u otros servicios prestados en virtud del presente<br \/>Acuerdo.<\/li>\n<li><b>Contrapartes.<\/b>  El presente Acuerdo podr\u00e1 celebrarse en varias<br \/>contrapartes, cada una de las cuales constituir\u00e1 un original y todas<br \/>que, en su conjunto, constituir\u00e1n un \u00fanico acuerdo.<\/li>\n<li><b>Divisibilidad.<\/b>  Si alguna parte o partes del presente Acuerdo se<br \/>el resto del presente Acuerdo.<br \/>continuar\u00e1 en pleno vigor y efecto. Si alguna disposici\u00f3n de este<br \/>Acuerdo sea considerado inv\u00e1lido o inaplicable por cualquier tribunal competente.<br \/>jurisdicci\u00f3n, y si la limitaci\u00f3n de dicha disposici\u00f3n hiciera que la disposici\u00f3n<br \/>v\u00e1lida, se considerar\u00e1 que dicha disposici\u00f3n es<br \/>limitado.<\/li>\n<li><b>Ep\u00edgrafes<\/b>. Los encabezamientos de las secciones del presente documento se utilizan \u00fanicamente por comodidad y no afectar\u00e1n al significado de las disposiciones del presente Acuerdo.<\/li>\n<li><b>Acuerdo completo.<\/b>  El presente Acuerdo constituye la totalidad<br \/>acuerdo entre la Empresa y el Afiliado, y sustituye a cualquier<br \/>entendimiento o representaci\u00f3n de ning\u00fan tipo anterior a la fecha de esta<br \/>Acuerdo. No existen otras promesas, condiciones, acuerdos o<br \/>otros acuerdos, orales o escritos, relacionados con el tema<br \/>objeto del presente Acuerdo<\/li>\n<\/ol>\n\t\t\t\t\t\t\t\t<\/div>\n\t\t\t\t<\/div>\n\t\t\t\t<\/div>\n\t\t<div class=\"elementor-element elementor-element-510b0b1 e-con-full e-flex e-con e-child\" data-id=\"510b0b1\" data-element_type=\"container\" data-e-type=\"container\">\n\t\t\t\t<\/div>\n\t\t\t\t<\/div>\n\t\t\t\t<\/div>\n\t\t","protected":false},"excerpt":{"rendered":"<p>Acuerdo de afiliaci\u00f3n (Condiciones del programa de afiliaci\u00f3n) El presente acuerdo (el \u00abAcuerdo\u00bb) se celebra entre SkipperCity, BlackbirdOne Ltd, 5 Secretary&#8217;s Lane, Gibraltar GX11 1AA, (la \u00abSociedad\u00bb), yafiliada (la \u00abAfiliada\u00bb), y colectivamente, (las \u00abPartes\u00bb) porparticipaci\u00f3n en el programa de afiliados de La Empresa. El afiliado desea incluir determinados materiales de promoci\u00f3n de la empresa, yincluir [&hellip;]<\/p>\n","protected":false},"author":2,"featured_media":408270,"parent":0,"menu_order":0,"comment_status":"closed","ping_status":"closed","template":"","meta":{"footnotes":""},"class_list":["post-412101","page","type-page","status-publish","has-post-thumbnail","hentry"],"_links":{"self":[{"href":"https:\/\/skippercity.com\/es\/wp-json\/wp\/v2\/pages\/412101","targetHints":{"allow":["GET"]}}],"collection":[{"href":"https:\/\/skippercity.com\/es\/wp-json\/wp\/v2\/pages"}],"about":[{"href":"https:\/\/skippercity.com\/es\/wp-json\/wp\/v2\/types\/page"}],"author":[{"embeddable":true,"href":"https:\/\/skippercity.com\/es\/wp-json\/wp\/v2\/users\/2"}],"replies":[{"embeddable":true,"href":"https:\/\/skippercity.com\/es\/wp-json\/wp\/v2\/comments?post=412101"}],"version-history":[{"count":0,"href":"https:\/\/skippercity.com\/es\/wp-json\/wp\/v2\/pages\/412101\/revisions"}],"wp:featuredmedia":[{"embeddable":true,"href":"https:\/\/skippercity.com\/es\/wp-json\/wp\/v2\/media\/408270"}],"wp:attachment":[{"href":"https:\/\/skippercity.com\/es\/wp-json\/wp\/v2\/media?parent=412101"}],"curies":[{"name":"wp","href":"https:\/\/api.w.org\/{rel}","templated":true}]}}