{"id":416124,"date":"2024-03-01T09:09:14","date_gmt":"2024-03-01T09:09:14","guid":{"rendered":"https:\/\/www.skippercity.com\/guia-de-check-in-para-alquiler-de-yates\/"},"modified":"2024-03-01T09:24:22","modified_gmt":"2024-03-01T09:24:22","slug":"guia-de-check-in-para-alquiler-de-yates","status":"publish","type":"page","link":"https:\/\/skippercity.com\/es\/guia-de-check-in-para-alquiler-de-yates\/","title":{"rendered":"Gu\u00eda de check-in para alquiler de yates"},"content":{"rendered":"\t\t<div data-elementor-type=\"wp-page\" data-elementor-id=\"416124\" class=\"elementor elementor-416124 elementor-416101\" data-elementor-post-type=\"page\">\n\t\t\t\t<div class=\"elementor-element elementor-element-9e4c9ac e-con-full e-flex e-con e-parent\" data-id=\"9e4c9ac\" data-element_type=\"container\" data-e-type=\"container\" data-settings=\"{&quot;background_background&quot;:&quot;classic&quot;}\">\n\t\t\t\t<\/div>\n\t\t\t\t<section class=\"elementor-section elementor-top-section elementor-element elementor-element-10ce9678 elementor-section-full_width elementor-section-height-default elementor-section-height-default\" data-id=\"10ce9678\" data-element_type=\"section\" data-e-type=\"section\">\n\t\t\t\t\t\t<div class=\"elementor-container elementor-column-gap-default\">\n\t\t\t\t\t<div class=\"elementor-column elementor-col-25 elementor-top-column elementor-element elementor-element-7be25744\" data-id=\"7be25744\" data-element_type=\"column\" data-e-type=\"column\">\n\t\t\t<div class=\"elementor-widget-wrap elementor-element-populated\">\n\t\t\t\t\t\t<div class=\"elementor-element elementor-element-21fce7b4 elementor-toc--minimized-on-tablet elementor-widget elementor-widget-table-of-contents\" data-id=\"21fce7b4\" data-element_type=\"widget\" data-e-type=\"widget\" data-settings=\"{&quot;exclude_headings_by_selector&quot;:[],&quot;marker_view&quot;:&quot;bullets&quot;,&quot;headings_by_tags&quot;:[&quot;h2&quot;,&quot;h3&quot;,&quot;h4&quot;,&quot;h5&quot;,&quot;h6&quot;],&quot;icon&quot;:{&quot;value&quot;:&quot;fas fa-circle&quot;,&quot;library&quot;:&quot;fa-solid&quot;,&quot;rendered_tag&quot;:&quot;&lt;svg class=\\&quot;e-font-icon-svg e-fas-circle\\&quot; viewBox=\\&quot;0 0 512 512\\&quot; xmlns=\\&quot;http:\\\/\\\/www.w3.org\\\/2000\\\/svg\\&quot;&gt;&lt;path d=\\&quot;M256 8C119 8 8 119 8 256s111 248 248 248 248-111 248-248S393 8 256 8z\\&quot;&gt;&lt;\\\/path&gt;&lt;\\\/svg&gt;&quot;},&quot;no_headings_message&quot;:&quot;No se ha encontrado ning\\u00fan encabezado en esta p\\u00e1gina.&quot;,&quot;minimize_box&quot;:&quot;yes&quot;,&quot;minimized_on&quot;:&quot;tablet&quot;,&quot;hierarchical_view&quot;:&quot;yes&quot;,&quot;min_height&quot;:{&quot;unit&quot;:&quot;px&quot;,&quot;size&quot;:&quot;&quot;,&quot;sizes&quot;:[]},&quot;min_height_tablet&quot;:{&quot;unit&quot;:&quot;px&quot;,&quot;size&quot;:&quot;&quot;,&quot;sizes&quot;:[]},&quot;min_height_mobile&quot;:{&quot;unit&quot;:&quot;px&quot;,&quot;size&quot;:&quot;&quot;,&quot;sizes&quot;:[]}}\" data-widget_type=\"table-of-contents.default\">\n\t\t\t\t<div class=\"elementor-widget-container\">\n\t\t\t\t\t\t\t\t\t<div class=\"elementor-toc__header\">\n\t\t\t\t\t\t<h4 class=\"elementor-toc__header-title\">\n\t\t\t\t\u00cdndice de contenidos\t\t\t<\/h4>\n\t\t\t\t\t\t\t\t\t\t<div class=\"elementor-toc__toggle-button elementor-toc__toggle-button--expand\" role=\"button\" tabindex=\"0\" aria-controls=\"elementor-toc__21fce7b4\" aria-expanded=\"true\" aria-label=\"Abrir la tabla de contenidos\"><svg aria-hidden=\"true\" class=\"e-font-icon-svg e-fas-chevron-down\" viewBox=\"0 0 448 512\" xmlns=\"http:\/\/www.w3.org\/2000\/svg\"><path d=\"M207.029 381.476L12.686 187.132c-9.373-9.373-9.373-24.569 0-33.941l22.667-22.667c9.357-9.357 24.522-9.375 33.901-.04L224 284.505l154.745-154.021c9.379-9.335 24.544-9.317 33.901.04l22.667 22.667c9.373 9.373 9.373 24.569 0 33.941L240.971 381.476c-9.373 9.372-24.569 9.372-33.942 0z\"><\/path><\/svg><\/div>\n\t\t\t\t<div class=\"elementor-toc__toggle-button elementor-toc__toggle-button--collapse\" role=\"button\" tabindex=\"0\" aria-controls=\"elementor-toc__21fce7b4\" aria-expanded=\"true\" aria-label=\"Cerrar la tabla de contenidos\"><svg aria-hidden=\"true\" class=\"e-font-icon-svg e-fas-chevron-up\" viewBox=\"0 0 448 512\" xmlns=\"http:\/\/www.w3.org\/2000\/svg\"><path d=\"M240.971 130.524l194.343 194.343c9.373 9.373 9.373 24.569 0 33.941l-22.667 22.667c-9.357 9.357-24.522 9.375-33.901.04L224 227.495 69.255 381.516c-9.379 9.335-24.544 9.317-33.901-.04l-22.667-22.667c-9.373-9.373-9.373-24.569 0-33.941L207.03 130.525c9.372-9.373 24.568-9.373 33.941-.001z\"><\/path><\/svg><\/div>\n\t\t\t\t\t<\/div>\n\t\t\t\t<div id=\"elementor-toc__21fce7b4\" class=\"elementor-toc__body\">\n\t\t\t<div class=\"elementor-toc__spinner-container\">\n\t\t\t\t<svg class=\"elementor-toc__spinner eicon-animation-spin e-font-icon-svg e-eicon-loading\" aria-hidden=\"true\" viewBox=\"0 0 1000 1000\" xmlns=\"http:\/\/www.w3.org\/2000\/svg\"><path d=\"M500 975V858C696 858 858 696 858 500S696 142 500 142 142 304 142 500H25C25 237 238 25 500 25S975 237 975 500 763 975 500 975Z\"><\/path><\/svg>\t\t\t<\/div>\n\t\t<\/div>\n\t\t\t\t\t\t<\/div>\n\t\t\t\t<\/div>\n\t\t\t\t\t<\/div>\n\t\t<\/div>\n\t\t\t\t<div class=\"elementor-column elementor-col-50 elementor-top-column elementor-element elementor-element-741733cc\" data-id=\"741733cc\" data-element_type=\"column\" data-e-type=\"column\">\n\t\t\t<div class=\"elementor-widget-wrap elementor-element-populated\">\n\t\t\t\t\t\t<div class=\"elementor-element elementor-element-9e717b7 elementor-widget elementor-widget-text-editor\" data-id=\"9e717b7\" data-element_type=\"widget\" data-e-type=\"widget\" data-widget_type=\"text-editor.default\">\n\t\t\t\t<div class=\"elementor-widget-container\">\n\t\t\t\t\t\t\t\t\t<h1><strong>Gu\u00eda de check-in para alquiler de yates<\/strong><\/h1>\n<h2 data-sourcepos=\"1:1-1:75\">Registro de Alquiler de Yates: Zarpe sin contratiempos para una aventura inolvidable<\/h2>\n<p data-sourcepos=\"3:1-3:184\"><strong>Prep\u00e1rese para las vacaciones n\u00e1uticas de sus sue\u00f1os.<\/strong>  Esta completa gu\u00eda le garantiza un proceso de registro sin contratiempos en el alquiler de su yate, permiti\u00e9ndole comenzar su aventura con buen pie.<\/p>\n<h3 data-sourcepos=\"5:1-5:24\"><span style=\"text-decoration: underline;\"><strong>Antes de zarpar:<\/strong><\/span><\/h3>\n<p data-sourcepos=\"7:1-7:37\"><strong>1. Presentar lista de tripulaci\u00f3n y licencias:<\/strong><\/p>\n<ul data-sourcepos=\"9:1-11:0\">\n<li data-sourcepos=\"9:1-9:143\">Aseg\u00farese de que la facturaci\u00f3n se realiza sin problemas enviando con antelaci\u00f3n la <strong>lista de tripulantes<\/strong> y las <strong>licencias de navegaci\u00f3n\/VHF<\/strong>. Su agente le facilitar\u00e1 los formularios necesarios.<\/li>\n<li data-sourcepos=\"10:1-11:0\">Al menos un miembro de la tripulaci\u00f3n necesita una <strong>licencia VHF v\u00e1lida<\/strong> para comunicarse en el mar.<\/li>\n<\/ul>\n<p data-sourcepos=\"12:1-12:31\"><strong>2. Mejore su experiencia:<\/strong><\/p>\n<ul data-sourcepos=\"14:1-16:0\">\n<li data-sourcepos=\"14:1-14:152\"><strong>Facturaci\u00f3n anticipada:<\/strong> Solicite una <strong>facturaci\u00f3n anticipada<\/strong> a las 13:00 si tiene un vuelo temprano o prefiere empezar a explorar antes (la facturaci\u00f3n est\u00e1ndar es a las 17:00).<\/li>\n<li data-sourcepos=\"15:1-16:0\"><strong>Equipamiento adicional:<\/strong> Reserve con antelaci\u00f3n <strong>equipos<\/strong> adicionales como tablas de paddle surf (SUP) para evitar retrasos.<\/li>\n<\/ul>\n<p data-sourcepos=\"17:1-17:30\"><strong>3. Llegada al puerto deportivo:<\/strong><\/p>\n<ul data-sourcepos=\"19:1-22:0\">\n<li data-sourcepos=\"19:1-19:103\"><strong>En coche:<\/strong> Compruebe si hay <strong>aparcamiento vigilado<\/strong> en el puerto deportivo o explore otras opciones de aparcamiento.<\/li>\n<li data-sourcepos=\"20:1-20:128\"><strong>En avi\u00f3n:<\/strong> Organice un <strong>traslado<\/strong> a trav\u00e9s de su agente o compa\u00f1\u00eda ch\u00e1rter. Tambi\u00e9n hay taxis y autobuses desde el aeropuerto.<\/li>\n<li data-sourcepos=\"21:1-22:0\"><strong>Aprovisionamiento:<\/strong> Para mayor comodidad, <strong>pida v\u00edveres en l\u00ednea<\/strong> para que se los entreguen directamente en su yate.<\/li>\n<\/ul>\n<h3 data-sourcepos=\"23:1-23:17\"><span style=\"text-decoration: underline;\"><strong>A la llegada:<\/strong><\/span><\/h3>\n<p data-sourcepos=\"25:1-25:35\"><strong>1. Registrarse en la Oficina de la Base:<\/strong><\/p>\n<ul data-sourcepos=\"27:1-33:0\">\n<li data-sourcepos=\"27:1-33:0\">Sea puntual y traiga su:\n<ul data-sourcepos=\"28:5-33:0\">\n<li data-sourcepos=\"28:5-28:23\"><strong>Tarjeta de embarque<\/strong><\/li>\n<li data-sourcepos=\"29:5-29:28\"><strong>Lista completa de la tripulaci\u00f3n<\/strong><\/li>\n<li data-sourcepos=\"30:5-30:43\"><strong>Licencias originales de patr\u00f3n y VHF<\/strong><\/li>\n<li data-sourcepos=\"31:5-31:18\"><strong>Identificaci\u00f3n de la tripulaci\u00f3n<\/strong><\/li>\n<li data-sourcepos=\"32:5-33:0\"><strong>Forma de pago (efectivo\/tarjeta de cr\u00e9dito)<\/strong><\/li>\n<\/ul>\n<\/li>\n<\/ul>\n<p data-sourcepos=\"34:1-34:28\"><strong>2. Tareas administrativas:<\/strong><\/p>\n<ul data-sourcepos=\"36:1-41:0\">\n<li data-sourcepos=\"36:1-41:0\">Nuestro personal de base lo har\u00e1:\n<ul data-sourcepos=\"37:5-41:0\">\n<li data-sourcepos=\"37:5-37:48\"><strong>Confirme la informaci\u00f3n de la tripulaci\u00f3n y las licencias.<\/strong><\/li>\n<li data-sourcepos=\"38:5-38:48\"><strong>Gestionar el impuesto tur\u00edstico y las tasas de equipamiento.<\/strong><\/li>\n<li data-sourcepos=\"39:5-39:61\"><strong>Tramitar la fianza<\/strong> (en efectivo o con tarjeta de cr\u00e9dito).<\/li>\n<li data-sourcepos=\"40:5-41:0\">Ofrecer <strong>un seguro de dep\u00f3sito<\/strong> (opcional).<\/li>\n<\/ul>\n<\/li>\n<\/ul>\n<p data-sourcepos=\"42:1-42:37\"><strong>3. Registro del barco con el t\u00e9cnico:<\/strong><\/p>\n<ul data-sourcepos=\"44:1-51:0\">\n<li data-sourcepos=\"44:1-44:56\">Re\u00fanase con el t\u00e9cnico a bordo con los <strong>papeles de<\/strong> su <strong>barco<\/strong>.<\/li>\n<li data-sourcepos=\"45:1-45:56\">Aseg\u00farese de que el <strong>patr\u00f3n est\u00e1 presente<\/strong> en el recorrido.<\/li>\n<li data-sourcepos=\"46:1-49:53\">El t\u00e9cnico deber\u00e1:\n<ul data-sourcepos=\"47:5-49:53\">\n<li data-sourcepos=\"47:5-47:63\">Inspeccionar <strong>los equipos de navegaci\u00f3n, el\u00e9ctricos y de seguridad<\/strong>.<\/li>\n<li data-sourcepos=\"48:5-48:58\">Compruebe las <strong>velas y las herramientas esenciales para el funcionamiento del yate<\/strong>.<\/li>\n<li data-sourcepos=\"49:5-49:53\">Responder\u00e1 a sus preguntas y resolver\u00e1 sus dudas.<\/li>\n<\/ul>\n<\/li>\n<li data-sourcepos=\"50:1-51:0\">Ambas partes firman la <strong>lista de<\/strong> control una vez completada.<\/li>\n<\/ul>\n<h3 data-sourcepos=\"52:1-52:22\"><span style=\"text-decoration: underline;\"><strong>Listos para zarpar<\/strong><\/span><\/h3>\n<p data-sourcepos=\"54:1-54:102\">Una vez completado el check-in, estar\u00e1 listo para soltar amarras <strong>y embarcarse en una aventura inolvidable.<\/strong><\/p>\n<p data-sourcepos=\"56:1-56:127\"><strong>Consejo adicional:<\/strong> Si tiene alg\u00fan problema antes de zarpar, p\u00f3ngase en contacto con el <strong>n\u00famero de asistencia<\/strong> t\u00e9cnica que figura en la documentaci\u00f3n del barco.<\/p>\n<p data-sourcepos=\"58:1-58:74\"><strong>Disfrute de vientos favorables, mar en calma y de un viaje m\u00e1gico por el Adri\u00e1tico.<\/strong><\/p>\n\t\t\t\t\t\t\t\t<\/div>\n\t\t\t\t<\/div>\n\t\t\t\t\t<\/div>\n\t\t<\/div>\n\t\t\t\t<div class=\"elementor-column elementor-col-25 elementor-top-column elementor-element elementor-element-2536a580\" data-id=\"2536a580\" data-element_type=\"column\" data-e-type=\"column\">\n\t\t\t<div class=\"elementor-widget-wrap elementor-element-populated\">\n\t\t\t\t\t\t<div class=\"elementor-element elementor-element-458c2026 elementor-widget elementor-widget-template\" data-id=\"458c2026\" data-element_type=\"widget\" data-e-type=\"widget\" data-widget_type=\"template.default\">\n\t\t\t\t<div class=\"elementor-widget-container\">\n\t\t\t\t\t\t\t<div class=\"elementor-template\">\n\t\t\t\t\t<div data-elementor-type=\"section\" data-elementor-id=\"77186\" class=\"elementor elementor-77186 elementor-76339\" data-elementor-post-type=\"elementor_library\">\n\t\t\t\t\t<section class=\"elementor-section elementor-inner-section elementor-element elementor-element-457e679b elementor-section-full_width elementor-section-height-min-height elementor-section-content-middle elementor-section-height-default\" data-id=\"457e679b\" data-element_type=\"section\" data-e-type=\"section\" data-settings=\"{&quot;background_background&quot;:&quot;classic&quot;}\">\n\t\t\t\t\t\t\t<div class=\"elementor-background-overlay\"><\/div>\n\t\t\t\t\t\t\t<div class=\"elementor-container elementor-column-gap-default\">\n\t\t\t\t\t<div class=\"elementor-column elementor-col-100 elementor-inner-column elementor-element elementor-element-33d83c77\" data-id=\"33d83c77\" data-element_type=\"column\" data-e-type=\"column\">\n\t\t\t<div class=\"elementor-widget-wrap elementor-element-populated\">\n\t\t\t\t\t\t<div class=\"elementor-element elementor-element-26c46f13 elementor-widget elementor-widget-text-editor\" data-id=\"26c46f13\" data-element_type=\"widget\" data-e-type=\"widget\" data-widget_type=\"text-editor.default\">\n\t\t\t\t<div class=\"elementor-widget-container\">\n\t\t\t\t\t\t\t\t\t<p style=\"text-align: center;\">\u00bfBusca barco?<\/p>\n\t\t\t\t\t\t\t\t<\/div>\n\t\t\t\t<\/div>\n\t\t\t\t<div class=\"elementor-element elementor-element-7116d3fc elementor-align-center elementor-widget elementor-widget-button\" data-id=\"7116d3fc\" data-element_type=\"widget\" data-e-type=\"widget\" data-widget_type=\"button.default\">\n\t\t\t\t<div class=\"elementor-widget-container\">\n\t\t\t\t\t\t\t\t\t<div class=\"elementor-button-wrapper\">\n\t\t\t\t\t<a class=\"elementor-button elementor-button-link elementor-size-md\" href=\"https:\/\/skippercity.com\/es\/obtener-una-cotizacion-yate-charter-croacia-2\/\" target=\"_blank\">\n\t\t\t\t\t\t<span class=\"elementor-button-content-wrapper\">\n\t\t\t\t\t\t\t\t\t<span class=\"elementor-button-text\">OBTENGA UNA COTIZACI\u00d3N GRATUITA<\/span>\n\t\t\t\t\t<\/span>\n\t\t\t\t\t<\/a>\n\t\t\t\t<\/div>\n\t\t\t\t\t\t\t\t<\/div>\n\t\t\t\t<\/div>\n\t\t\t\t\t<\/div>\n\t\t<\/div>\n\t\t\t\t\t<\/div>\n\t\t<\/section>\n\t\t\t\t<\/div>\n\t\t\t\t<\/div>\n\t\t\t\t\t\t<\/div>\n\t\t\t\t<\/div>\n\t\t\t\t\t<\/div>\n\t\t<\/div>\n\t\t\t\t\t<\/div>\n\t\t<\/section>\n\t\t\t\t<\/div>\n\t\t","protected":false},"excerpt":{"rendered":"<p>\u00cdndice de contenidos Gu\u00eda de check-in para alquiler de yates Registro de Alquiler de Yates: Zarpe sin contratiempos para una aventura inolvidable Prep\u00e1rese para las vacaciones n\u00e1uticas de sus sue\u00f1os. Esta completa gu\u00eda le garantiza un proceso de registro sin contratiempos en el alquiler de su yate, permiti\u00e9ndole comenzar su aventura con buen pie. Antes [&hellip;]<\/p>\n","protected":false},"author":2,"featured_media":408270,"parent":0,"menu_order":0,"comment_status":"closed","ping_status":"closed","template":"","meta":{"footnotes":""},"class_list":["post-416124","page","type-page","status-publish","has-post-thumbnail","hentry"],"_links":{"self":[{"href":"https:\/\/skippercity.com\/es\/wp-json\/wp\/v2\/pages\/416124","targetHints":{"allow":["GET"]}}],"collection":[{"href":"https:\/\/skippercity.com\/es\/wp-json\/wp\/v2\/pages"}],"about":[{"href":"https:\/\/skippercity.com\/es\/wp-json\/wp\/v2\/types\/page"}],"author":[{"embeddable":true,"href":"https:\/\/skippercity.com\/es\/wp-json\/wp\/v2\/users\/2"}],"replies":[{"embeddable":true,"href":"https:\/\/skippercity.com\/es\/wp-json\/wp\/v2\/comments?post=416124"}],"version-history":[{"count":0,"href":"https:\/\/skippercity.com\/es\/wp-json\/wp\/v2\/pages\/416124\/revisions"}],"wp:featuredmedia":[{"embeddable":true,"href":"https:\/\/skippercity.com\/es\/wp-json\/wp\/v2\/media\/408270"}],"wp:attachment":[{"href":"https:\/\/skippercity.com\/es\/wp-json\/wp\/v2\/media?parent=416124"}],"curies":[{"name":"wp","href":"https:\/\/api.w.org\/{rel}","templated":true}]}}