{"id":416332,"date":"2024-03-02T09:54:36","date_gmt":"2024-03-02T09:54:36","guid":{"rendered":"https:\/\/www.skippercity.com\/navegue-por-la-impresionante-costa-de-croacia-alquiler-de-yates-con-skippercity-com\/"},"modified":"2024-03-02T10:38:55","modified_gmt":"2024-03-02T10:38:55","slug":"navegue-por-la-impresionante-costa-de-croacia-alquiler-de-yates-con-skippercity-com","status":"publish","type":"page","link":"https:\/\/skippercity.com\/es\/navegue-por-la-impresionante-costa-de-croacia-alquiler-de-yates-con-skippercity-com\/","title":{"rendered":"Navegue por la impresionante costa de Croacia: Alquiler de yates con SkipperCity.com"},"content":{"rendered":"\t\t<div data-elementor-type=\"wp-page\" data-elementor-id=\"416332\" class=\"elementor elementor-416332 elementor-416326\" data-elementor-post-type=\"page\">\n\t\t\t\t<div class=\"elementor-element elementor-element-7221df9 e-con-full e-flex e-con e-parent\" data-id=\"7221df9\" data-element_type=\"container\" data-e-type=\"container\" data-settings=\"{&quot;background_background&quot;:&quot;classic&quot;}\">\n\t\t\t\t<\/div>\n\t\t\t\t<section class=\"elementor-section elementor-top-section elementor-element elementor-element-16f0dcfb elementor-section-full_width elementor-section-height-default elementor-section-height-default\" data-id=\"16f0dcfb\" data-element_type=\"section\" data-e-type=\"section\">\n\t\t\t\t\t\t<div class=\"elementor-container elementor-column-gap-default\">\n\t\t\t\t\t<div class=\"elementor-column elementor-col-25 elementor-top-column elementor-element elementor-element-14ec4fad\" data-id=\"14ec4fad\" data-element_type=\"column\" data-e-type=\"column\">\n\t\t\t<div class=\"elementor-widget-wrap elementor-element-populated\">\n\t\t\t\t\t\t<div class=\"elementor-element elementor-element-168931b8 elementor-toc--minimized-on-tablet elementor-widget elementor-widget-table-of-contents\" data-id=\"168931b8\" data-element_type=\"widget\" data-e-type=\"widget\" data-settings=\"{&quot;exclude_headings_by_selector&quot;:[],&quot;marker_view&quot;:&quot;bullets&quot;,&quot;headings_by_tags&quot;:[&quot;h2&quot;,&quot;h3&quot;,&quot;h4&quot;,&quot;h5&quot;,&quot;h6&quot;],&quot;icon&quot;:{&quot;value&quot;:&quot;fas fa-circle&quot;,&quot;library&quot;:&quot;fa-solid&quot;,&quot;rendered_tag&quot;:&quot;&lt;svg class=\\&quot;e-font-icon-svg e-fas-circle\\&quot; viewBox=\\&quot;0 0 512 512\\&quot; xmlns=\\&quot;http:\\\/\\\/www.w3.org\\\/2000\\\/svg\\&quot;&gt;&lt;path d=\\&quot;M256 8C119 8 8 119 8 256s111 248 248 248 248-111 248-248S393 8 256 8z\\&quot;&gt;&lt;\\\/path&gt;&lt;\\\/svg&gt;&quot;},&quot;no_headings_message&quot;:&quot;No se ha encontrado ning\\u00fan encabezado en esta p\\u00e1gina.&quot;,&quot;minimize_box&quot;:&quot;yes&quot;,&quot;minimized_on&quot;:&quot;tablet&quot;,&quot;hierarchical_view&quot;:&quot;yes&quot;,&quot;min_height&quot;:{&quot;unit&quot;:&quot;px&quot;,&quot;size&quot;:&quot;&quot;,&quot;sizes&quot;:[]},&quot;min_height_tablet&quot;:{&quot;unit&quot;:&quot;px&quot;,&quot;size&quot;:&quot;&quot;,&quot;sizes&quot;:[]},&quot;min_height_mobile&quot;:{&quot;unit&quot;:&quot;px&quot;,&quot;size&quot;:&quot;&quot;,&quot;sizes&quot;:[]}}\" data-widget_type=\"table-of-contents.default\">\n\t\t\t\t<div class=\"elementor-widget-container\">\n\t\t\t\t\t\t\t\t\t<div class=\"elementor-toc__header\">\n\t\t\t\t\t\t<h4 class=\"elementor-toc__header-title\">\n\t\t\t\t\u00cdndice de contenidos\t\t\t<\/h4>\n\t\t\t\t\t\t\t\t\t\t<div class=\"elementor-toc__toggle-button elementor-toc__toggle-button--expand\" role=\"button\" tabindex=\"0\" aria-controls=\"elementor-toc__168931b8\" aria-expanded=\"true\" aria-label=\"Abrir la tabla de contenidos\"><svg aria-hidden=\"true\" class=\"e-font-icon-svg e-fas-chevron-down\" viewBox=\"0 0 448 512\" xmlns=\"http:\/\/www.w3.org\/2000\/svg\"><path d=\"M207.029 381.476L12.686 187.132c-9.373-9.373-9.373-24.569 0-33.941l22.667-22.667c9.357-9.357 24.522-9.375 33.901-.04L224 284.505l154.745-154.021c9.379-9.335 24.544-9.317 33.901.04l22.667 22.667c9.373 9.373 9.373 24.569 0 33.941L240.971 381.476c-9.373 9.372-24.569 9.372-33.942 0z\"><\/path><\/svg><\/div>\n\t\t\t\t<div class=\"elementor-toc__toggle-button elementor-toc__toggle-button--collapse\" role=\"button\" tabindex=\"0\" aria-controls=\"elementor-toc__168931b8\" aria-expanded=\"true\" aria-label=\"Cerrar la tabla de contenidos\"><svg aria-hidden=\"true\" class=\"e-font-icon-svg e-fas-chevron-up\" viewBox=\"0 0 448 512\" xmlns=\"http:\/\/www.w3.org\/2000\/svg\"><path d=\"M240.971 130.524l194.343 194.343c9.373 9.373 9.373 24.569 0 33.941l-22.667 22.667c-9.357 9.357-24.522 9.375-33.901.04L224 227.495 69.255 381.516c-9.379 9.335-24.544 9.317-33.901-.04l-22.667-22.667c-9.373-9.373-9.373-24.569 0-33.941L207.03 130.525c9.372-9.373 24.568-9.373 33.941-.001z\"><\/path><\/svg><\/div>\n\t\t\t\t\t<\/div>\n\t\t\t\t<div id=\"elementor-toc__168931b8\" class=\"elementor-toc__body\">\n\t\t\t<div class=\"elementor-toc__spinner-container\">\n\t\t\t\t<svg class=\"elementor-toc__spinner eicon-animation-spin e-font-icon-svg e-eicon-loading\" aria-hidden=\"true\" viewBox=\"0 0 1000 1000\" xmlns=\"http:\/\/www.w3.org\/2000\/svg\"><path d=\"M500 975V858C696 858 858 696 858 500S696 142 500 142 142 304 142 500H25C25 237 238 25 500 25S975 237 975 500 763 975 500 975Z\"><\/path><\/svg>\t\t\t<\/div>\n\t\t<\/div>\n\t\t\t\t\t\t<\/div>\n\t\t\t\t<\/div>\n\t\t\t\t\t<\/div>\n\t\t<\/div>\n\t\t\t\t<div class=\"elementor-column elementor-col-50 elementor-top-column elementor-element elementor-element-56a65c9e\" data-id=\"56a65c9e\" data-element_type=\"column\" data-e-type=\"column\">\n\t\t\t<div class=\"elementor-widget-wrap elementor-element-populated\">\n\t\t\t\t\t\t<div class=\"elementor-element elementor-element-11821385 elementor-widget elementor-widget-text-editor\" data-id=\"11821385\" data-element_type=\"widget\" data-e-type=\"widget\" data-widget_type=\"text-editor.default\">\n\t\t\t\t<div class=\"elementor-widget-container\">\n\t\t\t\t\t\t\t\t\t<div class=\"markdown markdown-main-panel ui-v2-enabled\" dir=\"ltr\">\n<h1 data-sourcepos=\"1:1-1:80\">Navegue por la impresionante costa de Croacia: Alquiler de yates con SkipperCity.com<\/h1>\n<h2 data-sourcepos=\"3:1-3:45\"><strong>Vacaciones inolvidables en velero por Croacia<\/strong><\/h2>\n<p data-sourcepos=\"5:1-5:278\">Croacia, con sus aguas turquesas, sus pintorescas islas y sus encantadoras ciudades costeras, es un destino de ensue\u00f1o para los amantes de la navegaci\u00f3n. Tanto si es un navegante experimentado en busca de aventuras como si es una familia que desea una escapada de relax, SkipperCity.com puede convertir su sue\u00f1o en realidad.<\/p>\n<h2 data-sourcepos=\"7:1-7:63\"><strong>Explore sus opciones: Catamaranes, veleros y lanchas motoras<\/strong><\/h2>\n<p data-sourcepos=\"9:1-9:221\">En SkipperCity.com, somos su ventanilla \u00fanica para el <strong>alquiler de yates en Croacia<\/strong>. Con <strong>m\u00e1s de 13.000 yates<\/strong> en nuestra extensa flota, ofrecemos una amplia gama de opciones para satisfacer todas las preferencias y niveles de experiencia de navegaci\u00f3n:<\/p>\n<ul data-sourcepos=\"11:1-14:0\">\n<li data-sourcepos=\"11:1-11:353\"><strong>Alquiler de Catamaranes:<\/strong> <strong>Experimente una estabilidad y comodidad sin<\/strong> igual a bordo de un lujoso catamar\u00e1n, perfecto para familias y grupos que buscan una experiencia espaciosa y relajante. Explore nuestra p\u00e1gina Catamar\u00e1n Charter Croacia: <a class=\"traceable-link\" href=\"https:\/\/skippercity.com\/es\/catamaran-charter-croacia\/\" target=\"_blank\" rel=\"noopener noreferrer\">https:\/\/skippercity.com\/catamaran-charter-croatia\/<\/a> para obtener m\u00e1s informaci\u00f3n.<\/li>\n<li data-sourcepos=\"12:1-12:370\"><strong>Alquiler de veleros:<\/strong> <strong>Abrace el encanto cl\u00e1sico y la emoci\u00f3n de navegar<\/strong> en un velero cl\u00e1sico, ideal para explorar calas escondidas y experimentar el placer de navegar por el mar Adri\u00e1tico. Descubra m\u00e1s sobre Sailboat Charter Croatia: <a class=\"traceable-link\" href=\"https:\/\/skippercity.com\/es\/alquiler-de-veleros-croacia\/\" target=\"_blank\" rel=\"noopener noreferrer\">https:\/\/skippercity.com\/sailboat-charter-croatia\/<\/a> opciones en nuestra p\u00e1gina web.<\/li>\n<li data-sourcepos=\"13:1-14:0\"><strong>Charters en lancha motora:<\/strong> <strong>Descubra la costa<\/strong> a su ritmo con nuestros emocionantes charters en lancha motora, perfectos para quienes buscan un ritmo m\u00e1s r\u00e1pido y la posibilidad de cubrir m\u00e1s terreno. Consulte nuestra p\u00e1gina Alquiler de barcos a motor en Croacia: <a class=\"traceable-link\" href=\"https:\/\/skippercity.com\/es\/alquiler-de-barcos-motor-croacia\/\" target=\"_blank\" rel=\"noopener noreferrer\">https:\/\/skippercity.com\/motorboat-charter-croatia\/<\/a> para m\u00e1s detalles.<\/li>\n<\/ul>\n<h2 data-sourcepos=\"15:1-15:41\"><strong>Experiencias a la medida de cada navegante<\/strong><\/h2>\n<p data-sourcepos=\"17:1-17:153\">Entendemos que cada navegante tiene unas necesidades \u00fanicas. Elija entre tres opciones distintas de ch\u00e1rter para que su aventura en velero por Croacia sea realmente inolvidable:<\/p>\n<ul data-sourcepos=\"19:1-22:0\">\n<li data-sourcepos=\"19:1-19:249\"><strong>Alquiler de barcos sin tripulaci\u00f3n:<\/strong> <strong>Emb\u00e1rquese en una aventura independiente<\/strong> (s\u00f3lo navegantes experimentados con licencia en vigor) y cree su propio itinerario. Obtenga m\u00e1s informaci\u00f3n sobre los requisitos y ventajas en nuestra p\u00e1gina sobre Alquiler de barcos sin tripulaci\u00f3n en Croacia: [invalid URL removed].<\/li>\n<li data-sourcepos=\"20:1-20:363\"><strong>Charters con patr\u00f3n:<\/strong> <strong>Rel\u00e1jese y disfrute del paisaje<\/strong> mientras un patr\u00f3n profesional se encarga de la navegaci\u00f3n, permiti\u00e9ndole concentrarse plenamente en empaparse de la belleza de Croacia. M\u00e1s informaci\u00f3n sobre nuestros servicios de alquiler de yates con patr\u00f3n en Croacia: <a class=\"traceable-link\" href=\"https:\/\/skippercity.com\/es\/skippered-yacht-charter-croacia\/\" target=\"_blank\" rel=\"noopener noreferrer\">https:\/\/skippercity.com\/skippered-yacht-charter-croatia\/<\/a>.<\/li>\n<li data-sourcepos=\"21:1-22:0\"><strong>Charters con tripulaci\u00f3n:<\/strong> Disfrute <strong>del m\u00e1ximo lujo<\/strong> con un yate capitaneado y con tripulaci\u00f3n completa, que ofrece un servicio personalizado y atiende todas sus necesidades. Explore las posibilidades de alquiler de yates con tripulaci\u00f3n en Croacia: <a class=\"traceable-link\" href=\"https:\/\/skippercity.com\/es\/alquiler-de-yates-tripulados-croacia\/\" target=\"_blank\" rel=\"noopener noreferrer\">https:\/\/skippercity.com\/crewed-yacht-charter-croatia\/<\/a> en nuestro sitio web.<\/li>\n<\/ul>\n<h2 data-sourcepos=\"23:1-23:37\"><strong>Explore las diversas regiones de Croacia<\/strong><\/h2>\n<p data-sourcepos=\"25:1-25:204\">Emb\u00e1rquese en una aventura desde distintos puntos de Croacia, como Split, Dubrovnik, Zadar, \u0160ibenik y Trogir. Cada regi\u00f3n cuenta con paisajes costeros \u00fanicos y joyas ocultas que esperan ser descubiertas.<\/p>\n<h2 data-sourcepos=\"27:1-27:44\"><strong>Reservas sin complicaciones y asesoramiento de expertos:<\/strong><\/h2>\n<p data-sourcepos=\"29:1-29:180\">Nuestro experimentado equipo est\u00e1 aqu\u00ed para guiarle en cada paso del camino. Ofrecemos recomendaciones personalizadas, asesoramiento experto para elegir el yate perfecto y un proceso de reserva sin complicaciones.<\/p>\n<h2 data-sourcepos=\"31:1-31:36\"><strong>Empiece hoy mismo a planificar su sue\u00f1o:<\/strong><\/h2>\n<p data-sourcepos=\"33:1-33:189\">P\u00f3ngase en contacto con SkipperCity.com hoy mismo para obtener un presupuesto gratuito y empezar a planificar su inolvidable experiencia de <strong>alquiler de velero en Croacia<\/strong>, <strong>catamar\u00e1n en Croacia<\/strong> o <strong>lancha motora en Croacia<\/strong>.<\/p>\n<\/div>\n\t\t\t\t\t\t\t\t<\/div>\n\t\t\t\t<\/div>\n\t\t\t\t\t<\/div>\n\t\t<\/div>\n\t\t\t\t<div class=\"elementor-column elementor-col-25 elementor-top-column elementor-element elementor-element-50e30ed\" data-id=\"50e30ed\" data-element_type=\"column\" data-e-type=\"column\">\n\t\t\t<div class=\"elementor-widget-wrap elementor-element-populated\">\n\t\t\t\t\t\t<div class=\"elementor-element elementor-element-1809f061 elementor-widget elementor-widget-template\" data-id=\"1809f061\" data-element_type=\"widget\" data-e-type=\"widget\" data-widget_type=\"template.default\">\n\t\t\t\t<div class=\"elementor-widget-container\">\n\t\t\t\t\t\t\t<div class=\"elementor-template\">\n\t\t\t\t\t<div data-elementor-type=\"section\" data-elementor-id=\"77186\" class=\"elementor elementor-77186 elementor-76339\" data-elementor-post-type=\"elementor_library\">\n\t\t\t\t\t<section class=\"elementor-section elementor-inner-section elementor-element elementor-element-457e679b elementor-section-full_width elementor-section-height-min-height elementor-section-content-middle elementor-section-height-default\" data-id=\"457e679b\" data-element_type=\"section\" data-e-type=\"section\" data-settings=\"{&quot;background_background&quot;:&quot;classic&quot;}\">\n\t\t\t\t\t\t\t<div class=\"elementor-background-overlay\"><\/div>\n\t\t\t\t\t\t\t<div class=\"elementor-container elementor-column-gap-default\">\n\t\t\t\t\t<div class=\"elementor-column elementor-col-100 elementor-inner-column elementor-element elementor-element-33d83c77\" data-id=\"33d83c77\" data-element_type=\"column\" data-e-type=\"column\">\n\t\t\t<div class=\"elementor-widget-wrap elementor-element-populated\">\n\t\t\t\t\t\t<div class=\"elementor-element elementor-element-26c46f13 elementor-widget elementor-widget-text-editor\" data-id=\"26c46f13\" data-element_type=\"widget\" data-e-type=\"widget\" data-widget_type=\"text-editor.default\">\n\t\t\t\t<div class=\"elementor-widget-container\">\n\t\t\t\t\t\t\t\t\t<p style=\"text-align: center;\">\u00bfBusca barco?<\/p>\n\t\t\t\t\t\t\t\t<\/div>\n\t\t\t\t<\/div>\n\t\t\t\t<div class=\"elementor-element elementor-element-7116d3fc elementor-align-center elementor-widget elementor-widget-button\" data-id=\"7116d3fc\" data-element_type=\"widget\" data-e-type=\"widget\" data-widget_type=\"button.default\">\n\t\t\t\t<div class=\"elementor-widget-container\">\n\t\t\t\t\t\t\t\t\t<div class=\"elementor-button-wrapper\">\n\t\t\t\t\t<a class=\"elementor-button elementor-button-link elementor-size-md\" href=\"https:\/\/skippercity.com\/es\/obtener-una-cotizacion-yate-charter-croacia-2\/\" target=\"_blank\">\n\t\t\t\t\t\t<span class=\"elementor-button-content-wrapper\">\n\t\t\t\t\t\t\t\t\t<span class=\"elementor-button-text\">OBTENGA UNA COTIZACI\u00d3N GRATUITA<\/span>\n\t\t\t\t\t<\/span>\n\t\t\t\t\t<\/a>\n\t\t\t\t<\/div>\n\t\t\t\t\t\t\t\t<\/div>\n\t\t\t\t<\/div>\n\t\t\t\t\t<\/div>\n\t\t<\/div>\n\t\t\t\t\t<\/div>\n\t\t<\/section>\n\t\t\t\t<\/div>\n\t\t\t\t<\/div>\n\t\t\t\t\t\t<\/div>\n\t\t\t\t<\/div>\n\t\t\t\t\t<\/div>\n\t\t<\/div>\n\t\t\t\t\t<\/div>\n\t\t<\/section>\n\t\t\t\t<\/div>\n\t\t","protected":false},"excerpt":{"rendered":"<p>\u00cdndice de contenidos Navegue por la impresionante costa de Croacia: Alquiler de yates con SkipperCity.com Vacaciones inolvidables en velero por Croacia Croacia, con sus aguas turquesas, sus pintorescas islas y sus encantadoras ciudades costeras, es un destino de ensue\u00f1o para los amantes de la navegaci\u00f3n. Tanto si es un navegante experimentado en busca de aventuras [&hellip;]<\/p>\n","protected":false},"author":2,"featured_media":408270,"parent":0,"menu_order":0,"comment_status":"closed","ping_status":"closed","template":"","meta":{"footnotes":""},"class_list":["post-416332","page","type-page","status-publish","has-post-thumbnail","hentry"],"_links":{"self":[{"href":"https:\/\/skippercity.com\/es\/wp-json\/wp\/v2\/pages\/416332","targetHints":{"allow":["GET"]}}],"collection":[{"href":"https:\/\/skippercity.com\/es\/wp-json\/wp\/v2\/pages"}],"about":[{"href":"https:\/\/skippercity.com\/es\/wp-json\/wp\/v2\/types\/page"}],"author":[{"embeddable":true,"href":"https:\/\/skippercity.com\/es\/wp-json\/wp\/v2\/users\/2"}],"replies":[{"embeddable":true,"href":"https:\/\/skippercity.com\/es\/wp-json\/wp\/v2\/comments?post=416332"}],"version-history":[{"count":0,"href":"https:\/\/skippercity.com\/es\/wp-json\/wp\/v2\/pages\/416332\/revisions"}],"wp:featuredmedia":[{"embeddable":true,"href":"https:\/\/skippercity.com\/es\/wp-json\/wp\/v2\/media\/408270"}],"wp:attachment":[{"href":"https:\/\/skippercity.com\/es\/wp-json\/wp\/v2\/media?parent=416332"}],"curies":[{"name":"wp","href":"https:\/\/api.w.org\/{rel}","templated":true}]}}