{"id":51982,"date":"2017-11-15T23:12:15","date_gmt":"2017-11-15T23:12:15","guid":{"rendered":"https:\/\/www.skippercity.com\/navegar-en-croacia-es-divertido-inspirate\/"},"modified":"2024-02-29T15:13:42","modified_gmt":"2024-02-29T15:13:42","slug":"navegar-en-croacia-es-divertido-inspirate","status":"publish","type":"page","link":"https:\/\/skippercity.com\/es\/navegar-en-croacia-es-divertido-inspirate\/","title":{"rendered":"Navegar en Croacia es divertido; Insp\u00edrate"},"content":{"rendered":"\t\t<div data-elementor-type=\"wp-page\" data-elementor-id=\"51982\" class=\"elementor elementor-51982 elementor-1583\" data-elementor-post-type=\"page\">\n\t\t\t\t<div class=\"elementor-element elementor-element-73e7b46 e-con-full e-flex e-con e-parent\" data-id=\"73e7b46\" data-element_type=\"container\" data-e-type=\"container\" data-settings=\"{&quot;background_background&quot;:&quot;classic&quot;}\">\n\t\t\t\t<\/div>\n\t\t\t\t<section class=\"elementor-section elementor-top-section elementor-element elementor-element-c4c2e00 elementor-section-full_width elementor-section-height-default elementor-section-height-default\" data-id=\"c4c2e00\" data-element_type=\"section\" data-e-type=\"section\">\n\t\t\t\t\t\t<div class=\"elementor-container elementor-column-gap-default\">\n\t\t\t\t\t<div class=\"elementor-column elementor-col-25 elementor-top-column elementor-element elementor-element-4544b0c1\" data-id=\"4544b0c1\" data-element_type=\"column\" data-e-type=\"column\">\n\t\t\t<div class=\"elementor-widget-wrap elementor-element-populated\">\n\t\t\t\t\t\t<div class=\"elementor-element elementor-element-71d12fdb elementor-toc--minimized-on-tablet elementor-widget elementor-widget-table-of-contents\" data-id=\"71d12fdb\" data-element_type=\"widget\" data-e-type=\"widget\" data-settings=\"{&quot;exclude_headings_by_selector&quot;:[],&quot;marker_view&quot;:&quot;bullets&quot;,&quot;headings_by_tags&quot;:[&quot;h2&quot;,&quot;h3&quot;,&quot;h4&quot;,&quot;h5&quot;,&quot;h6&quot;],&quot;icon&quot;:{&quot;value&quot;:&quot;fas fa-circle&quot;,&quot;library&quot;:&quot;fa-solid&quot;,&quot;rendered_tag&quot;:&quot;&lt;svg class=\\&quot;e-font-icon-svg e-fas-circle\\&quot; viewBox=\\&quot;0 0 512 512\\&quot; xmlns=\\&quot;http:\\\/\\\/www.w3.org\\\/2000\\\/svg\\&quot;&gt;&lt;path d=\\&quot;M256 8C119 8 8 119 8 256s111 248 248 248 248-111 248-248S393 8 256 8z\\&quot;&gt;&lt;\\\/path&gt;&lt;\\\/svg&gt;&quot;},&quot;no_headings_message&quot;:&quot;No se ha encontrado ning\\u00fan encabezado en esta p\\u00e1gina.&quot;,&quot;minimize_box&quot;:&quot;yes&quot;,&quot;minimized_on&quot;:&quot;tablet&quot;,&quot;hierarchical_view&quot;:&quot;yes&quot;,&quot;min_height&quot;:{&quot;unit&quot;:&quot;px&quot;,&quot;size&quot;:&quot;&quot;,&quot;sizes&quot;:[]},&quot;min_height_tablet&quot;:{&quot;unit&quot;:&quot;px&quot;,&quot;size&quot;:&quot;&quot;,&quot;sizes&quot;:[]},&quot;min_height_mobile&quot;:{&quot;unit&quot;:&quot;px&quot;,&quot;size&quot;:&quot;&quot;,&quot;sizes&quot;:[]}}\" data-widget_type=\"table-of-contents.default\">\n\t\t\t\t<div class=\"elementor-widget-container\">\n\t\t\t\t\t\t\t\t\t<div class=\"elementor-toc__header\">\n\t\t\t\t\t\t<h4 class=\"elementor-toc__header-title\">\n\t\t\t\t\u00cdndice de contenidos\t\t\t<\/h4>\n\t\t\t\t\t\t\t\t\t\t<div class=\"elementor-toc__toggle-button elementor-toc__toggle-button--expand\" role=\"button\" tabindex=\"0\" aria-controls=\"elementor-toc__71d12fdb\" aria-expanded=\"true\" aria-label=\"Abrir la tabla de contenidos\"><svg aria-hidden=\"true\" class=\"e-font-icon-svg e-fas-chevron-down\" viewBox=\"0 0 448 512\" xmlns=\"http:\/\/www.w3.org\/2000\/svg\"><path d=\"M207.029 381.476L12.686 187.132c-9.373-9.373-9.373-24.569 0-33.941l22.667-22.667c9.357-9.357 24.522-9.375 33.901-.04L224 284.505l154.745-154.021c9.379-9.335 24.544-9.317 33.901.04l22.667 22.667c9.373 9.373 9.373 24.569 0 33.941L240.971 381.476c-9.373 9.372-24.569 9.372-33.942 0z\"><\/path><\/svg><\/div>\n\t\t\t\t<div class=\"elementor-toc__toggle-button elementor-toc__toggle-button--collapse\" role=\"button\" tabindex=\"0\" aria-controls=\"elementor-toc__71d12fdb\" aria-expanded=\"true\" aria-label=\"Cerrar la tabla de contenidos\"><svg aria-hidden=\"true\" class=\"e-font-icon-svg e-fas-chevron-up\" viewBox=\"0 0 448 512\" xmlns=\"http:\/\/www.w3.org\/2000\/svg\"><path d=\"M240.971 130.524l194.343 194.343c9.373 9.373 9.373 24.569 0 33.941l-22.667 22.667c-9.357 9.357-24.522 9.375-33.901.04L224 227.495 69.255 381.516c-9.379 9.335-24.544 9.317-33.901-.04l-22.667-22.667c-9.373-9.373-9.373-24.569 0-33.941L207.03 130.525c9.372-9.373 24.568-9.373 33.941-.001z\"><\/path><\/svg><\/div>\n\t\t\t\t\t<\/div>\n\t\t\t\t<div id=\"elementor-toc__71d12fdb\" class=\"elementor-toc__body\">\n\t\t\t<div class=\"elementor-toc__spinner-container\">\n\t\t\t\t<svg class=\"elementor-toc__spinner eicon-animation-spin e-font-icon-svg e-eicon-loading\" aria-hidden=\"true\" viewBox=\"0 0 1000 1000\" xmlns=\"http:\/\/www.w3.org\/2000\/svg\"><path d=\"M500 975V858C696 858 858 696 858 500S696 142 500 142 142 304 142 500H25C25 237 238 25 500 25S975 237 975 500 763 975 500 975Z\"><\/path><\/svg>\t\t\t<\/div>\n\t\t<\/div>\n\t\t\t\t\t\t<\/div>\n\t\t\t\t<\/div>\n\t\t\t\t\t<\/div>\n\t\t<\/div>\n\t\t\t\t<div class=\"elementor-column elementor-col-50 elementor-top-column elementor-element elementor-element-7707a56\" data-id=\"7707a56\" data-element_type=\"column\" data-e-type=\"column\">\n\t\t\t<div class=\"elementor-widget-wrap elementor-element-populated\">\n\t\t\t\t\t\t<div class=\"elementor-element elementor-element-305b22d8 elementor-widget elementor-widget-text-editor\" data-id=\"305b22d8\" data-element_type=\"widget\" data-e-type=\"widget\" data-widget_type=\"text-editor.default\">\n\t\t\t\t<div class=\"elementor-widget-container\">\n\t\t\t\t\t\t\t\t\t<div class=\"markdown markdown-main-panel ui-v2-enabled\" dir=\"ltr\">\n<h1 data-sourcepos=\"1:1-1:69\">Navegar en Croacia es divertido Insp\u00edrese<\/h1>\n<h2 data-sourcepos=\"1:1-1:69\">Zarpe hacia la aventura: En Croacia le esperan experiencias inolvidables<\/h2>\n<p data-sourcepos=\"3:1-3:309\">Imag\u00ednese desliz\u00e1ndose por las aguas turquesas del mar Adri\u00e1tico, con el sol calent\u00e1ndole la cara y el suave roc\u00edo del oc\u00e9ano roci\u00e1ndole la piel. Croacia, con sus innumerables islas, calas escondidas y encantadoras ciudades costeras, le invita a embarcarse en una aventura n\u00e1utica que le dejar\u00e1 sin aliento.<\/p>\n<p data-sourcepos=\"5:1-5:54\"><strong>Escapa de lo ordinario y abraza lo extraordinario:<\/strong><\/p>\n<ul data-sourcepos=\"7:1-11:0\">\n<li data-sourcepos=\"7:1-7:165\"><strong>Cambie el paisaje urbano por el marino:<\/strong> Sea testigo de c\u00f3mo el amanecer pinta el cielo con tonos vibrantes mientras zarpa, con el \u00fanico sonido del suave batir de las olas contra el casco.<\/li>\n<li data-sourcepos=\"8:1-8:171\"><strong>Explore joyas ocultas:<\/strong> Descubra calas solitarias a las que s\u00f3lo se puede acceder en barco, playas v\u00edrgenes perfectas para relajarse y pueblos con encanto donde el tiempo parece haberse detenido.<\/li>\n<li data-sourcepos=\"9:1-9:157\"><strong>Sum\u00e9rjase en aguas cristalinas:<\/strong> Practique snorkel en vibrantes arrecifes de coral rebosantes de vida, o pi\u00e9rdase en el mundo submarino con una expedici\u00f3n de submarinismo.<\/li>\n<li data-sourcepos=\"10:1-11:0\"><strong>Navegue bajo un cielo estrellado:<\/strong> Al caer la noche, contemple un impresionante despliegue de estrellas, sin que las luces de la ciudad lo oculten, y sienta que le invade una sensaci\u00f3n de paz.<\/li>\n<\/ul>\n<\/div>\n<div class=\"markdown markdown-main-panel ui-v2-enabled\" dir=\"ltr\">\n<p data-sourcepos=\"12:1-12:36\">\n<p data-sourcepos=\"12:1-12:36\"><strong>Abraza el esp\u00edritu de aventura:<\/strong><\/p>\n<ul data-sourcepos=\"14:1-17:0\">\n<li data-sourcepos=\"14:1-14:164\"><strong>Navega por territorios inexplorados:<\/strong> Toma el tim\u00f3n y traza tu rumbo, sintiendo la emoci\u00f3n de navegar en alta mar y la satisfacci\u00f3n de dominar una nueva habilidad.<\/li>\n<li data-sourcepos=\"15:1-15:145\"><strong>Conecte con la naturaleza:<\/strong> Respire el aire fresco del mar, sienta el sol en la piel y sum\u00e9rjase en la belleza de la costa adri\u00e1tica.<\/li>\n<li data-sourcepos=\"16:1-17:0\"><strong>Forje recuerdos duraderos:<\/strong> Comparta la experiencia con sus seres queridos, creando historias y momentos inolvidables que atesorar\u00e1 para siempre.<\/li>\n<\/ul>\n<\/div>\n<div class=\"markdown markdown-main-panel ui-v2-enabled\" dir=\"ltr\">\n<p data-sourcepos=\"18:1-18:67\"><strong>Croacia es m\u00e1s que un destino: es una invitaci\u00f3n a:<\/strong><\/p>\n<ul data-sourcepos=\"20:1-23:0\">\n<li data-sourcepos=\"20:1-20:102\"><strong>Desconecte de la vida cotidiana:<\/strong> Deje atr\u00e1s sus preocupaciones y abrace la libertad del mar abierto.<\/li>\n<li data-sourcepos=\"21:1-21:116\"><strong>Recupere su sentido de la maravilla:<\/strong> Redescubra las alegr\u00edas sencillas de la vida y vuelva a conectar con la naturaleza en estado puro.<\/li>\n<li data-sourcepos=\"22:1-23:0\"><strong>Cree una historia digna de ser contada:<\/strong> Emb\u00e1rcate en un viaje que te transformar\u00e1, dej\u00e1ndote un esp\u00edritu renovado y un coraz\u00f3n lleno de recuerdos.<\/li>\n<\/ul>\n<\/div>\n<div class=\"markdown markdown-main-panel ui-v2-enabled\" dir=\"ltr\">\n<p data-sourcepos=\"24:1-24:135\"><strong>As\u00ed que iza las velas, siente el viento en tu pelo y pon rumbo a una aventura inolvidable en Croacia. El mar Adri\u00e1tico le espera.<\/strong><\/p>\n<p data-sourcepos=\"24:1-24:135\">\n<\/div>\n<h2 data-sourcepos=\"7:1-7:58\">Emb\u00e1rquese en una inolvidable aventura n\u00e1utica en Croacia<\/h2>\n<p data-sourcepos=\"9:1-9:260\">Croacia, con su impresionante costa adri\u00e1tica, sus innumerables islas y sus encantadoras ciudades portuarias, es un destino de ensue\u00f1o para unas vacaciones en velero. Tanto si es un navegante experimentado como un completo principiante, en Croacia le espera una opci\u00f3n perfecta para alquilar un yate.<\/p>\n<p data-sourcepos=\"11:1-11:52\"><strong>Alquiler de yates a medida para todas las preferencias:<\/strong><\/p>\n<ul data-sourcepos=\"13:1-17:0\">\n<li data-sourcepos=\"13:1-13:234\"><strong>Ch\u00e1rter con patr\u00f3n:<\/strong> Ideal para aquellos que quieren relajarse y disfrutar del paisaje sin la responsabilidad de navegar el barco. Un patr\u00f3n experimentado se encargar\u00e1 de todo, desde la navegaci\u00f3n hasta la planificaci\u00f3n del itinerario.<\/li>\n<li data-sourcepos=\"14:1-14:166\"><strong>Alquiler de barcos sin tripulaci\u00f3n:<\/strong> Para navegantes experimentados que desean la libertad de explorar a su propio ritmo. Necesitar\u00e1 una licencia de navegaci\u00f3n v\u00e1lida para alquilar un barco sin tripulaci\u00f3n.<\/li>\n<li data-sourcepos=\"15:1-15:214\"><strong>Ch\u00e1rter con tripulaci\u00f3n:<\/strong> Combine la libertad de un ch\u00e1rter sin tripulaci\u00f3n con la comodidad y el servicio de una tripulaci\u00f3n profesional. Una tripulaci\u00f3n se encargar\u00e1 de navegar el barco, preparar las comidas y garantizar que se satisfagan todas sus necesidades.<\/li>\n<li data-sourcepos=\"16:1-17:0\"><strong>Ch\u00e1rter con todo incluido:<\/strong> La mejor experiencia de navegaci\u00f3n sin preocupaciones. Nos ocupamos de todo, desde las comidas y bebidas hasta las actividades y excursiones. Todo lo que tienes que hacer es sentarte, relajarte y disfrutar del viaje.<\/li>\n<\/ul>\n<p data-sourcepos=\"18:1-18:48\"><strong>Descubra las diversas regiones n\u00e1uticas de Croacia:<\/strong><\/p>\n<ul data-sourcepos=\"20:1-24:0\">\n<li data-sourcepos=\"20:1-20:215\"><strong>Costa D\u00e1lmata:<\/strong> La regi\u00f3n n\u00e1utica m\u00e1s popular de Croacia, que ofrece una hermosa mezcla de ciudades hist\u00f3ricas, pueblos con encanto y calas solitarias. Explore Dubrovnik, Split, Hvar, Bra\u010d y las islas Kornati.<\/li>\n<li data-sourcepos=\"21:1-21:239\"><strong>Pen\u00ednsula de Istria:<\/strong> Descubra el encanto \u00fanico de Istria, con sus ciudades medievales en lo alto de las colinas, la influencia veneciana y la deliciosa cocina local. Navegue por el Parque Nacional de las Islas Brijuni y explore el Pula Arena, un anfiteatro romano.<\/li>\n<li data-sourcepos=\"22:1-22:225\"><strong>Golfo de Kvarner:<\/strong> Crucero por el Golfo de Kvarner, conocido por sus espectaculares paisajes, su exuberante vegetaci\u00f3n y sus aguas cristalinas. Visite las islas de Krk, Rab y Cres, y explore las encantadoras ciudades de Opatija y Rijeka.<\/li>\n<li data-sourcepos=\"23:1-24:0\"><strong>Adri\u00e1tico meridional:<\/strong> Navegue por la costa meridional del Adri\u00e1tico, conocida por su impresionante belleza natural y su ambiente relajado. Explore las islas Elaphiti, el Parque Nacional de Mljet y la hist\u00f3rica ciudad de Dubrovnik.<\/li>\n<\/ul>\n<p data-sourcepos=\"25:1-25:36\"><strong>M\u00e1s all\u00e1 del impresionante paisaje:<\/strong><\/p>\n<ul data-sourcepos=\"27:1-30:0\">\n<li data-sourcepos=\"27:1-27:226\"><strong>Sum\u00e9rjase en la rica cultura e historia de Croacia:<\/strong> Explore ruinas antiguas, pueblos con encanto y ciudades vibrantes. Saboree la deliciosa cocina local, conocida por su marisco fresco, aceite de oliva y especialidades regionales.<\/li>\n<li data-sourcepos=\"28:1-28:153\"><strong>Disfrute de las actividades acu\u00e1ticas:<\/strong> Practique nataci\u00f3n, snorkel, submarinismo, kayak o stand-up paddleboard en las cristalinas aguas del mar Adri\u00e1tico.<\/li>\n<li data-sourcepos=\"29:1-30:0\"><strong>Experimente la c\u00e1lida hospitalidad del pueblo croata:<\/strong> Los lugare\u00f1os son conocidos por su car\u00e1cter amable y acogedor, que te har\u00e1 sentir como en casa.<\/li>\n<\/ul>\n<p data-sourcepos=\"31:1-31:63\"><strong>Empiece hoy mismo a planear la aventura n\u00e1utica croata de sus sue\u00f1os.<\/strong><\/p>\n\t\t\t\t\t\t\t\t<\/div>\n\t\t\t\t<\/div>\n\t\t\t\t\t<\/div>\n\t\t<\/div>\n\t\t\t\t<div class=\"elementor-column elementor-col-25 elementor-top-column elementor-element elementor-element-3beb6c0b\" data-id=\"3beb6c0b\" data-element_type=\"column\" data-e-type=\"column\">\n\t\t\t<div class=\"elementor-widget-wrap elementor-element-populated\">\n\t\t\t\t\t\t<div class=\"elementor-element elementor-element-397c5332 elementor-widget elementor-widget-template\" data-id=\"397c5332\" data-element_type=\"widget\" data-e-type=\"widget\" data-widget_type=\"template.default\">\n\t\t\t\t<div class=\"elementor-widget-container\">\n\t\t\t\t\t\t\t<div class=\"elementor-template\">\n\t\t\t\t\t<div data-elementor-type=\"section\" data-elementor-id=\"77186\" class=\"elementor elementor-77186 elementor-76339\" data-elementor-post-type=\"elementor_library\">\n\t\t\t\t\t<section class=\"elementor-section elementor-inner-section elementor-element elementor-element-457e679b elementor-section-full_width elementor-section-height-min-height elementor-section-content-middle elementor-section-height-default\" data-id=\"457e679b\" data-element_type=\"section\" data-e-type=\"section\" data-settings=\"{&quot;background_background&quot;:&quot;classic&quot;}\">\n\t\t\t\t\t\t\t<div class=\"elementor-background-overlay\"><\/div>\n\t\t\t\t\t\t\t<div class=\"elementor-container elementor-column-gap-default\">\n\t\t\t\t\t<div class=\"elementor-column elementor-col-100 elementor-inner-column elementor-element elementor-element-33d83c77\" data-id=\"33d83c77\" data-element_type=\"column\" data-e-type=\"column\">\n\t\t\t<div class=\"elementor-widget-wrap elementor-element-populated\">\n\t\t\t\t\t\t<div class=\"elementor-element elementor-element-26c46f13 elementor-widget elementor-widget-text-editor\" data-id=\"26c46f13\" data-element_type=\"widget\" data-e-type=\"widget\" data-widget_type=\"text-editor.default\">\n\t\t\t\t<div class=\"elementor-widget-container\">\n\t\t\t\t\t\t\t\t\t<p style=\"text-align: center;\">\u00bfBusca barco?<\/p>\n\t\t\t\t\t\t\t\t<\/div>\n\t\t\t\t<\/div>\n\t\t\t\t<div class=\"elementor-element elementor-element-7116d3fc elementor-align-center elementor-widget elementor-widget-button\" data-id=\"7116d3fc\" data-element_type=\"widget\" data-e-type=\"widget\" data-widget_type=\"button.default\">\n\t\t\t\t<div class=\"elementor-widget-container\">\n\t\t\t\t\t\t\t\t\t<div class=\"elementor-button-wrapper\">\n\t\t\t\t\t<a class=\"elementor-button elementor-button-link elementor-size-md\" href=\"https:\/\/skippercity.com\/es\/obtener-una-cotizacion-yate-charter-croacia-2\/\" target=\"_blank\">\n\t\t\t\t\t\t<span class=\"elementor-button-content-wrapper\">\n\t\t\t\t\t\t\t\t\t<span class=\"elementor-button-text\">OBTENGA UNA COTIZACI\u00d3N GRATUITA<\/span>\n\t\t\t\t\t<\/span>\n\t\t\t\t\t<\/a>\n\t\t\t\t<\/div>\n\t\t\t\t\t\t\t\t<\/div>\n\t\t\t\t<\/div>\n\t\t\t\t\t<\/div>\n\t\t<\/div>\n\t\t\t\t\t<\/div>\n\t\t<\/section>\n\t\t\t\t<\/div>\n\t\t\t\t<\/div>\n\t\t\t\t\t\t<\/div>\n\t\t\t\t<\/div>\n\t\t\t\t\t<\/div>\n\t\t<\/div>\n\t\t\t\t\t<\/div>\n\t\t<\/section>\n\t\t\t\t<\/div>\n\t\t","protected":false},"excerpt":{"rendered":"<p>\u00cdndice de contenidos Navegar en Croacia es divertido Insp\u00edrese Zarpe hacia la aventura: En Croacia le esperan experiencias inolvidables Imag\u00ednese desliz\u00e1ndose por las aguas turquesas del mar Adri\u00e1tico, con el sol calent\u00e1ndole la cara y el suave roc\u00edo del oc\u00e9ano roci\u00e1ndole la piel. Croacia, con sus innumerables islas, calas escondidas y encantadoras ciudades costeras, le [&hellip;]<\/p>\n","protected":false},"author":2,"featured_media":16227,"parent":0,"menu_order":0,"comment_status":"closed","ping_status":"closed","template":"","meta":{"footnotes":""},"class_list":["post-51982","page","type-page","status-publish","has-post-thumbnail","hentry"],"_links":{"self":[{"href":"https:\/\/skippercity.com\/es\/wp-json\/wp\/v2\/pages\/51982","targetHints":{"allow":["GET"]}}],"collection":[{"href":"https:\/\/skippercity.com\/es\/wp-json\/wp\/v2\/pages"}],"about":[{"href":"https:\/\/skippercity.com\/es\/wp-json\/wp\/v2\/types\/page"}],"author":[{"embeddable":true,"href":"https:\/\/skippercity.com\/es\/wp-json\/wp\/v2\/users\/2"}],"replies":[{"embeddable":true,"href":"https:\/\/skippercity.com\/es\/wp-json\/wp\/v2\/comments?post=51982"}],"version-history":[{"count":0,"href":"https:\/\/skippercity.com\/es\/wp-json\/wp\/v2\/pages\/51982\/revisions"}],"wp:featuredmedia":[{"embeddable":true,"href":"https:\/\/skippercity.com\/es\/wp-json\/wp\/v2\/media\/16227"}],"wp:attachment":[{"href":"https:\/\/skippercity.com\/es\/wp-json\/wp\/v2\/media?parent=51982"}],"curies":[{"name":"wp","href":"https:\/\/api.w.org\/{rel}","templated":true}]}}