{"id":52698,"date":"2017-11-15T22:25:11","date_gmt":"2017-11-15T22:25:11","guid":{"rendered":"https:\/\/www.skippercity.com\/contactenos\/"},"modified":"2025-03-22T22:24:55","modified_gmt":"2025-03-22T22:24:55","slug":"contactenos","status":"publish","type":"page","link":"https:\/\/skippercity.com\/es\/contactenos\/","title":{"rendered":"cont\u00e1ctenos"},"content":{"rendered":"\t\t<div data-elementor-type=\"wp-page\" data-elementor-id=\"52698\" class=\"elementor elementor-52698 elementor-1503\" data-elementor-post-type=\"page\">\n\t\t\t\t<div class=\"elementor-element elementor-element-5ee8829a e-con-full e-flex e-con e-parent\" data-id=\"5ee8829a\" data-element_type=\"container\" data-e-type=\"container\" data-settings=\"{&quot;background_background&quot;:&quot;classic&quot;}\">\n\t\t\t\t<div class=\"elementor-element elementor-element-29972400 elementor-widget elementor-widget-heading\" data-id=\"29972400\" data-element_type=\"widget\" data-e-type=\"widget\" data-widget_type=\"heading.default\">\n\t\t\t\t<div class=\"elementor-widget-container\">\n\t\t\t\t\t<h1 class=\"elementor-heading-title elementor-size-default\">Contacta con SkipperCity - Tus Expertos en Alquiler de Yates en Croacia<\/h1>\t\t\t\t<\/div>\n\t\t\t\t<\/div>\n\t\t\t\t<\/div>\n\t\t<div class=\"elementor-element elementor-element-894d52f e-con-full e-flex e-con e-parent\" data-id=\"894d52f\" data-element_type=\"container\" data-e-type=\"container\">\n\t\t<div class=\"elementor-element elementor-element-382053af e-con-full e-flex e-con e-child\" data-id=\"382053af\" data-element_type=\"container\" data-e-type=\"container\">\n\t\t\t\t<div class=\"elementor-element elementor-element-5e2d7f0c elementor-widget-divider--view-line elementor-widget elementor-widget-divider\" data-id=\"5e2d7f0c\" data-element_type=\"widget\" data-e-type=\"widget\" data-widget_type=\"divider.default\">\n\t\t\t\t<div class=\"elementor-widget-container\">\n\t\t\t\t\t\t\t<div class=\"elementor-divider\">\n\t\t\t<span class=\"elementor-divider-separator\">\n\t\t\t\t\t\t<\/span>\n\t\t<\/div>\n\t\t\t\t\t\t<\/div>\n\t\t\t\t<\/div>\n\t\t\t\t<\/div>\n\t\t\t\t<\/div>\n\t\t<div class=\"elementor-element elementor-element-79de9934 e-con-full e-flex e-con e-parent\" data-id=\"79de9934\" data-element_type=\"container\" data-e-type=\"container\">\n\t\t<div class=\"elementor-element elementor-element-9241096 e-con-full e-flex e-con e-child\" data-id=\"9241096\" data-element_type=\"container\" data-e-type=\"container\">\n\t\t\t\t<div class=\"elementor-element elementor-element-a2c8bc7 elementor-widget elementor-widget-text-editor\" data-id=\"a2c8bc7\" data-element_type=\"widget\" data-e-type=\"widget\" data-widget_type=\"text-editor.default\">\n\t\t\t\t<div class=\"elementor-widget-container\">\n\t\t\t\t\t\t\t\t\t<p data-pm-slice=\"1 1 []\">En SkipperCity, estamos especializados en crear experiencias inolvidables de alquiler de barcos en Croacia. Tanto si est\u00e1s listo para zarpar como si simplemente tienes preguntas, nuestro equipo especializado est\u00e1 aqu\u00ed para ayudarte en cada paso del camino. <\/p>\n<p>Creemos en ofrecer un servicio personalizado, respuestas r\u00e1pidas y conocimientos expertos para que tu aventura de navegaci\u00f3n sea fluida y sin estr\u00e9s.<\/p>\n<div>\n<hr>\n<\/div>\n<h2><strong>Ponte en contacto<\/strong><\/h2>\n<p>\u00a1Nos encantar\u00eda saber de ti! Ponte en contacto con nosotros mediante el siguiente formulario de contacto, o directamente por correo electr\u00f3nico o tel\u00e9fono. <\/p>\n<ul data-spread=\"false\">\n<li>\n<p><strong>Direcci\u00f3n de la oficina:<\/strong> SkipperCity.com, Blackbird One Ltd., 5 Secretary&#8217;s Lane, Gibraltar GX11 1AA<\/p>\n<\/li>\n<li>\n<p><strong>Tel:<\/strong> +386 40 873 520<\/p>\n<\/li>\n<li>\n<p><strong>Correo electr\u00f3nico:<\/strong> <a>info@skippercity.com<\/a><\/p>\n<\/li>\n<\/ul>\n<p><strong>Horario de atenci\u00f3n al p\u00fablico:<\/strong><\/p>\n<ul data-spread=\"false\">\n<li>\n<p>De lunes a viernes: 9:00 &#8211; 18:00 (CET)<\/p>\n<\/li>\n<\/ul>\n<div>\n<hr>\n<\/div>\n<h2><strong>\u00bfPor qu\u00e9 elegir SkipperCity?<\/strong><\/h2>\n<ul data-spread=\"false\">\n<li>\n<p>M\u00e1s de 10 a\u00f1os de experiencia en alquiler de yates en Croacia<\/p>\n<\/li>\n<li>\n<p>Yates de lujo, catamaranes y veleros disponibles<\/p>\n<\/li>\n<li>\n<p>Itinerarios de navegaci\u00f3n personalizados con experiencia local<\/p>\n<\/li>\n<li>\n<p>Equipo dedicado de atenci\u00f3n al cliente<\/p>\n<\/li>\n<\/ul>\n<div>\n<hr>\n<\/div>\n<h2>Datos generales de la empresa<\/h2>\n<p><strong>Nombre de la empresa:<\/strong> Blackbird One Ltd.<\/p>\n<p><strong>Domicilio social:<\/strong> 5 Secretary&#8217;s Lane, Gibraltar GX11 1AA<\/p>\n<p><strong>N\u00famero de empresa:<\/strong> 114712<\/p>\n<p><strong>N\u00ba IVA:<\/strong> GI665887<\/p>\n<p><strong>Tipo de sociedad:<\/strong> Sociedad Limitada por Acciones<\/p>\n<p><strong>Fecha de incorporaci\u00f3n:<\/strong> Mi\u00e9rcoles, 3 de agosto de 2016<\/p>\n<p><strong>C\u00f3digo Universal de Entidad:<\/strong> 1218-0731-6129-3170<\/p>\n<hr class=\"\" data-start=\"1818\" data-end=\"1821\">\n\t\t\t\t\t\t\t\t<\/div>\n\t\t\t\t<\/div>\n\t\t\t\t<div class=\"elementor-element elementor-element-1eacc25 elementor-widget elementor-widget-text-editor\" data-id=\"1eacc25\" data-element_type=\"widget\" data-e-type=\"widget\" data-widget_type=\"text-editor.default\">\n\t\t\t\t<div class=\"elementor-widget-container\">\n\t\t\t\t\t\t\t\t\t<h2>Esta es una manera f\u00e1cil de ponerse en contacto con nosotros<\/h2>\n<p>Rellena el siguiente formulario y nos pondremos en contacto contigo lo antes posible.<\/p>\n<p><em data-start=\"1097\" data-end=\"1136\">Normalmente respondemos en 24 horas.<\/em><\/p>\n\t\t\t\t\t\t\t\t<\/div>\n\t\t\t\t<\/div>\n\t\t\t\t<div class=\"elementor-element elementor-element-edcfc63 elementor-button-align-end elementor-widget elementor-widget-form\" data-id=\"edcfc63\" data-element_type=\"widget\" data-e-type=\"widget\" data-settings=\"{&quot;step_next_label&quot;:&quot;Siguiente&quot;,&quot;step_previous_label&quot;:&quot;Anterior&quot;,&quot;button_width&quot;:&quot;100&quot;,&quot;step_type&quot;:&quot;number_text&quot;,&quot;step_icon_shape&quot;:&quot;circle&quot;}\" data-widget_type=\"form.default\">\n\t\t\t\t<div class=\"elementor-widget-container\">\n\t\t\t\t\t\t\t<form class=\"elementor-form\" method=\"post\" name=\"Cont\u00e1ctenos p\u00e1gina\" aria-label=\"Cont\u00e1ctenos p\u00e1gina\">\n\t\t\t<input type=\"hidden\" name=\"post_id\" value=\"52698\"\/>\n\t\t\t<input type=\"hidden\" name=\"form_id\" value=\"edcfc63\"\/>\n\t\t\t<input type=\"hidden\" name=\"referer_title\" value=\"Contacta con SkipperCity | Expertos en Alquiler de Yates en Croacia\" \/>\n\n\t\t\t\t\t\t\t<input type=\"hidden\" name=\"queried_id\" value=\"52698\"\/>\n\t\t\t\n\t\t\t<div class=\"elementor-form-fields-wrapper elementor-labels-above\">\n\t\t\t\t\t\t\t\t<div class=\"elementor-field-type-text elementor-field-group elementor-column elementor-field-group-name elementor-col-50 elementor-field-required elementor-mark-required\">\n\t\t\t\t\t\t\t\t\t\t\t\t\t<input size=\"1\" type=\"text\" name=\"form_fields[name]\" id=\"form-field-name\" class=\"elementor-field elementor-size-md  elementor-field-textual\" placeholder=\"Su nombre completo\" required=\"required\">\n\t\t\t\t\t\t\t\t\t\t\t<\/div>\n\t\t\t\t\t\t\t\t<div class=\"elementor-field-type-email elementor-field-group elementor-column elementor-field-group-email elementor-col-50 elementor-field-required elementor-mark-required\">\n\t\t\t\t\t\t\t\t\t\t\t\t\t<input size=\"1\" type=\"email\" name=\"form_fields[email]\" id=\"form-field-email\" class=\"elementor-field elementor-size-md  elementor-field-textual\" placeholder=\"Su correo electr\u00f3nico\" required=\"required\">\n\t\t\t\t\t\t\t\t\t\t\t<\/div>\n\t\t\t\t\t\t\t\t<div class=\"elementor-field-type-textarea elementor-field-group elementor-column elementor-field-group-message elementor-col-100 elementor-field-required elementor-mark-required\">\n\t\t\t\t\t<textarea class=\"elementor-field-textual elementor-field  elementor-size-md\" name=\"form_fields[message]\" id=\"form-field-message\" rows=\"4\" placeholder=\"\u00bfC\u00f3mo podemos ayudarte?\" required=\"required\"><\/textarea>\t\t\t\t<\/div>\n\t\t\t\t\t\t\t\t<div class=\"elementor-field-type-recaptcha_v3 elementor-field-group elementor-column elementor-field-group-field_5be8171 elementor-col-100 recaptcha_v3-bottomright\">\n\t\t\t\t\t<div class=\"elementor-field\" id=\"form-field-field_5be8171\"><div class=\"elementor-g-recaptcha\" data-sitekey=\"6LfHt6kZAAAAANj-dshT1u2Pnh9JOR8ReW8dzxG1\" data-type=\"v3\" data-action=\"Form\" data-badge=\"bottomright\" data-size=\"invisible\"><\/div><\/div>\t\t\t\t<\/div>\n\t\t\t\t\t\t\t\t<div class=\"elementor-field-group elementor-column elementor-field-type-submit elementor-col-100 e-form__buttons\">\n\t\t\t\t\t<button class=\"elementor-button elementor-size-sm\" type=\"submit\">\n\t\t\t\t\t\t<span class=\"elementor-button-content-wrapper\">\n\t\t\t\t\t\t\t\t\t\t\t\t\t\t\t\t\t\t\t\t\t\t<span class=\"elementor-button-text\">Enviar<\/span>\n\t\t\t\t\t\t\t\t\t\t\t\t\t<\/span>\n\t\t\t\t\t<\/button>\n\t\t\t\t<\/div>\n\t\t\t<\/div>\n\t\t<\/form>\n\t\t\t\t\t\t<\/div>\n\t\t\t\t<\/div>\n\t\t\t\t<\/div>\n\t\t<div class=\"elementor-element elementor-element-7ae4eb58 e-con-full e-flex e-con e-child\" data-id=\"7ae4eb58\" data-element_type=\"container\" data-e-type=\"container\">\n\t\t\t\t<div class=\"elementor-element elementor-element-3ef887c6 elementor-widget elementor-widget-template\" data-id=\"3ef887c6\" data-element_type=\"widget\" data-e-type=\"widget\" data-widget_type=\"template.default\">\n\t\t\t\t<div class=\"elementor-widget-container\">\n\t\t\t\t\t\t\t<div class=\"elementor-template\">\n\t\t\t\t\t<div data-elementor-type=\"section\" data-elementor-id=\"77186\" class=\"elementor elementor-77186 elementor-76339\" data-elementor-post-type=\"elementor_library\">\n\t\t\t\t\t<section class=\"elementor-section elementor-inner-section elementor-element elementor-element-457e679b elementor-section-full_width elementor-section-height-min-height elementor-section-content-middle elementor-section-height-default\" data-id=\"457e679b\" data-element_type=\"section\" data-e-type=\"section\" data-settings=\"{&quot;background_background&quot;:&quot;classic&quot;}\">\n\t\t\t\t\t\t\t<div class=\"elementor-background-overlay\"><\/div>\n\t\t\t\t\t\t\t<div class=\"elementor-container elementor-column-gap-default\">\n\t\t\t\t\t<div class=\"elementor-column elementor-col-100 elementor-inner-column elementor-element elementor-element-33d83c77\" data-id=\"33d83c77\" data-element_type=\"column\" data-e-type=\"column\">\n\t\t\t<div class=\"elementor-widget-wrap elementor-element-populated\">\n\t\t\t\t\t\t<div class=\"elementor-element elementor-element-26c46f13 elementor-widget elementor-widget-text-editor\" data-id=\"26c46f13\" data-element_type=\"widget\" data-e-type=\"widget\" data-widget_type=\"text-editor.default\">\n\t\t\t\t<div class=\"elementor-widget-container\">\n\t\t\t\t\t\t\t\t\t<p style=\"text-align: center;\">\u00bfBusca barco?<\/p>\n\t\t\t\t\t\t\t\t<\/div>\n\t\t\t\t<\/div>\n\t\t\t\t<div class=\"elementor-element elementor-element-7116d3fc elementor-align-center elementor-widget elementor-widget-button\" data-id=\"7116d3fc\" data-element_type=\"widget\" data-e-type=\"widget\" data-widget_type=\"button.default\">\n\t\t\t\t<div class=\"elementor-widget-container\">\n\t\t\t\t\t\t\t\t\t<div class=\"elementor-button-wrapper\">\n\t\t\t\t\t<a class=\"elementor-button elementor-button-link elementor-size-md\" href=\"https:\/\/skippercity.com\/es\/obtener-una-cotizacion-yate-charter-croacia-2\/\" target=\"_blank\">\n\t\t\t\t\t\t<span class=\"elementor-button-content-wrapper\">\n\t\t\t\t\t\t\t\t\t<span class=\"elementor-button-text\">OBTENGA UNA COTIZACI\u00d3N GRATUITA<\/span>\n\t\t\t\t\t<\/span>\n\t\t\t\t\t<\/a>\n\t\t\t\t<\/div>\n\t\t\t\t\t\t\t\t<\/div>\n\t\t\t\t<\/div>\n\t\t\t\t\t<\/div>\n\t\t<\/div>\n\t\t\t\t\t<\/div>\n\t\t<\/section>\n\t\t\t\t<\/div>\n\t\t\t\t<\/div>\n\t\t\t\t\t\t<\/div>\n\t\t\t\t<\/div>\n\t\t\t\t<\/div>\n\t\t\t\t<\/div>\n\t\t\t\t<\/div>\n\t\t","protected":false},"excerpt":{"rendered":"<p>SkipperCity es tu socio de confianza para alquileres de yates inolvidables en Croacia. Con una d\u00e9cada de experiencia, un servicio de atenci\u00f3n al cliente excepcional e itinerarios de navegaci\u00f3n personalizados, estamos aqu\u00ed para ayudarte a crear tus vacaciones perfectas en velero por la impresionante costa del Adri\u00e1tico. <\/p>\n","protected":false},"author":2,"featured_media":16227,"parent":0,"menu_order":0,"comment_status":"closed","ping_status":"closed","template":"","meta":{"footnotes":""},"class_list":["post-52698","page","type-page","status-publish","has-post-thumbnail","hentry"],"_links":{"self":[{"href":"https:\/\/skippercity.com\/es\/wp-json\/wp\/v2\/pages\/52698","targetHints":{"allow":["GET"]}}],"collection":[{"href":"https:\/\/skippercity.com\/es\/wp-json\/wp\/v2\/pages"}],"about":[{"href":"https:\/\/skippercity.com\/es\/wp-json\/wp\/v2\/types\/page"}],"author":[{"embeddable":true,"href":"https:\/\/skippercity.com\/es\/wp-json\/wp\/v2\/users\/2"}],"replies":[{"embeddable":true,"href":"https:\/\/skippercity.com\/es\/wp-json\/wp\/v2\/comments?post=52698"}],"version-history":[{"count":0,"href":"https:\/\/skippercity.com\/es\/wp-json\/wp\/v2\/pages\/52698\/revisions"}],"wp:featuredmedia":[{"embeddable":true,"href":"https:\/\/skippercity.com\/es\/wp-json\/wp\/v2\/media\/16227"}],"wp:attachment":[{"href":"https:\/\/skippercity.com\/es\/wp-json\/wp\/v2\/media?parent=52698"}],"curies":[{"name":"wp","href":"https:\/\/api.w.org\/{rel}","templated":true}]}}