{"id":53000,"date":"2017-11-15T21:24:45","date_gmt":"2017-11-15T21:24:45","guid":{"rendered":"https:\/\/www.skippercity.com\/alquiler-de-barcos-croacia\/"},"modified":"2024-02-21T12:25:08","modified_gmt":"2024-02-21T12:25:08","slug":"alquiler-de-barcos-croacia","status":"publish","type":"page","link":"https:\/\/skippercity.com\/es\/alquiler-de-barcos-croacia\/","title":{"rendered":"Alquiler de barcos Croacia"},"content":{"rendered":"\t\t<div data-elementor-type=\"wp-page\" data-elementor-id=\"53000\" class=\"elementor elementor-53000 elementor-1472\" data-elementor-post-type=\"page\">\n\t\t\t\t<div class=\"elementor-element elementor-element-6042987 e-con-full e-flex e-con e-parent\" data-id=\"6042987\" data-element_type=\"container\" data-e-type=\"container\" data-settings=\"{&quot;background_background&quot;:&quot;classic&quot;}\">\n\t\t\t\t<\/div>\n\t\t\t\t<section class=\"elementor-section elementor-top-section elementor-element elementor-element-6ac0cb3c elementor-section-full_width elementor-section-height-default elementor-section-height-default\" data-id=\"6ac0cb3c\" data-element_type=\"section\" data-e-type=\"section\">\n\t\t\t\t\t\t<div class=\"elementor-container elementor-column-gap-default\">\n\t\t\t\t\t<div class=\"elementor-column elementor-col-25 elementor-top-column elementor-element elementor-element-6105046c\" data-id=\"6105046c\" data-element_type=\"column\" data-e-type=\"column\">\n\t\t\t<div class=\"elementor-widget-wrap elementor-element-populated\">\n\t\t\t\t\t\t<div class=\"elementor-element elementor-element-27770b8e elementor-toc--minimized-on-tablet elementor-widget elementor-widget-table-of-contents\" data-id=\"27770b8e\" data-element_type=\"widget\" data-e-type=\"widget\" data-settings=\"{&quot;exclude_headings_by_selector&quot;:[],&quot;marker_view&quot;:&quot;bullets&quot;,&quot;headings_by_tags&quot;:[&quot;h2&quot;,&quot;h3&quot;,&quot;h4&quot;,&quot;h5&quot;,&quot;h6&quot;],&quot;icon&quot;:{&quot;value&quot;:&quot;fas fa-circle&quot;,&quot;library&quot;:&quot;fa-solid&quot;,&quot;rendered_tag&quot;:&quot;&lt;svg class=\\&quot;e-font-icon-svg e-fas-circle\\&quot; viewBox=\\&quot;0 0 512 512\\&quot; xmlns=\\&quot;http:\\\/\\\/www.w3.org\\\/2000\\\/svg\\&quot;&gt;&lt;path d=\\&quot;M256 8C119 8 8 119 8 256s111 248 248 248 248-111 248-248S393 8 256 8z\\&quot;&gt;&lt;\\\/path&gt;&lt;\\\/svg&gt;&quot;},&quot;no_headings_message&quot;:&quot;No se ha encontrado ning\\u00fan encabezado en esta p\\u00e1gina.&quot;,&quot;minimize_box&quot;:&quot;yes&quot;,&quot;minimized_on&quot;:&quot;tablet&quot;,&quot;hierarchical_view&quot;:&quot;yes&quot;,&quot;min_height&quot;:{&quot;unit&quot;:&quot;px&quot;,&quot;size&quot;:&quot;&quot;,&quot;sizes&quot;:[]},&quot;min_height_tablet&quot;:{&quot;unit&quot;:&quot;px&quot;,&quot;size&quot;:&quot;&quot;,&quot;sizes&quot;:[]},&quot;min_height_mobile&quot;:{&quot;unit&quot;:&quot;px&quot;,&quot;size&quot;:&quot;&quot;,&quot;sizes&quot;:[]}}\" data-widget_type=\"table-of-contents.default\">\n\t\t\t\t<div class=\"elementor-widget-container\">\n\t\t\t\t\t\t\t\t\t<div class=\"elementor-toc__header\">\n\t\t\t\t\t\t<h4 class=\"elementor-toc__header-title\">\n\t\t\t\t\u00cdndice de contenidos\t\t\t<\/h4>\n\t\t\t\t\t\t\t\t\t\t<div class=\"elementor-toc__toggle-button elementor-toc__toggle-button--expand\" role=\"button\" tabindex=\"0\" aria-controls=\"elementor-toc__27770b8e\" aria-expanded=\"true\" aria-label=\"Abrir la tabla de contenidos\"><svg aria-hidden=\"true\" class=\"e-font-icon-svg e-fas-chevron-down\" viewBox=\"0 0 448 512\" xmlns=\"http:\/\/www.w3.org\/2000\/svg\"><path d=\"M207.029 381.476L12.686 187.132c-9.373-9.373-9.373-24.569 0-33.941l22.667-22.667c9.357-9.357 24.522-9.375 33.901-.04L224 284.505l154.745-154.021c9.379-9.335 24.544-9.317 33.901.04l22.667 22.667c9.373 9.373 9.373 24.569 0 33.941L240.971 381.476c-9.373 9.372-24.569 9.372-33.942 0z\"><\/path><\/svg><\/div>\n\t\t\t\t<div class=\"elementor-toc__toggle-button elementor-toc__toggle-button--collapse\" role=\"button\" tabindex=\"0\" aria-controls=\"elementor-toc__27770b8e\" aria-expanded=\"true\" aria-label=\"Cerrar la tabla de contenidos\"><svg aria-hidden=\"true\" class=\"e-font-icon-svg e-fas-chevron-up\" viewBox=\"0 0 448 512\" xmlns=\"http:\/\/www.w3.org\/2000\/svg\"><path d=\"M240.971 130.524l194.343 194.343c9.373 9.373 9.373 24.569 0 33.941l-22.667 22.667c-9.357 9.357-24.522 9.375-33.901.04L224 227.495 69.255 381.516c-9.379 9.335-24.544 9.317-33.901-.04l-22.667-22.667c-9.373-9.373-9.373-24.569 0-33.941L207.03 130.525c9.372-9.373 24.568-9.373 33.941-.001z\"><\/path><\/svg><\/div>\n\t\t\t\t\t<\/div>\n\t\t\t\t<div id=\"elementor-toc__27770b8e\" class=\"elementor-toc__body\">\n\t\t\t<div class=\"elementor-toc__spinner-container\">\n\t\t\t\t<svg class=\"elementor-toc__spinner eicon-animation-spin e-font-icon-svg e-eicon-loading\" aria-hidden=\"true\" viewBox=\"0 0 1000 1000\" xmlns=\"http:\/\/www.w3.org\/2000\/svg\"><path d=\"M500 975V858C696 858 858 696 858 500S696 142 500 142 142 304 142 500H25C25 237 238 25 500 25S975 237 975 500 763 975 500 975Z\"><\/path><\/svg>\t\t\t<\/div>\n\t\t<\/div>\n\t\t\t\t\t\t<\/div>\n\t\t\t\t<\/div>\n\t\t\t\t\t<\/div>\n\t\t<\/div>\n\t\t\t\t<div class=\"elementor-column elementor-col-50 elementor-top-column elementor-element elementor-element-5f305314\" data-id=\"5f305314\" data-element_type=\"column\" data-e-type=\"column\">\n\t\t\t<div class=\"elementor-widget-wrap elementor-element-populated\">\n\t\t\t\t\t\t<div class=\"elementor-element elementor-element-38e8ec5b elementor-widget elementor-widget-text-editor\" data-id=\"38e8ec5b\" data-element_type=\"widget\" data-e-type=\"widget\" data-widget_type=\"text-editor.default\">\n\t\t\t\t<div class=\"elementor-widget-container\">\n\t\t\t\t\t\t\t\t\t<h1>Alquiler de barcos en Croacia<\/h1>\n<p>Croacia, con su impresionante costa, sus aguas cristalinas y sus miles de islas, es un destino de ensue\u00f1o para quienes buscan una experiencia n\u00e1utica memorable. Tanto si es un navegante experimentado como un principiante, hay una opci\u00f3n de alquiler de embarcaciones que se adapta a sus necesidades. En esta gu\u00eda, exploraremos los diferentes tipos de alquiler de barcos disponibles en Croacia, el coste en 2024 y los cinco principales destinos de alquiler de yates.<\/p>\n<h2>\u00bfPor qu\u00e9 Croacia?<\/h2>\n<p>Croacia ofrece algunos de los destinos n\u00e1uticos m\u00e1s bellos del mundo. Su litoral est\u00e1 salpicado de miles de islas, cada una con su propio encanto. Desde las hist\u00f3ricas ciudades de Split y Dubrovnik hasta las rec\u00f3nditas calas de las islas Kornati, Croacia tiene algo para todos los gustos. El clima mediterr\u00e1neo del pa\u00eds, sus aguas c\u00e1lidas y sus vientos suaves lo convierten en un destino ideal para navegar.<\/p>\n<p><img fetchpriority=\"high\" decoding=\"async\" class=\"alignnone size-full wp-image-412487\" src=\"https:\/\/skippercity.com\/vsebina\/uploads\/yacht-charter-catamaran-rental.jpeg\" alt=\"catamar\u00e1n charter croacia\" width=\"1200\" height=\"717\" srcset=\"https:\/\/skippercity.com\/vsebina\/uploads\/yacht-charter-catamaran-rental.jpeg 1200w, https:\/\/skippercity.com\/vsebina\/uploads\/yacht-charter-catamaran-rental-768x459.jpeg 768w, https:\/\/skippercity.com\/vsebina\/uploads\/yacht-charter-catamaran-rental-700x418.jpeg 700w\" sizes=\"(max-width: 1200px) 100vw, 1200px\" \/><\/p>\n<h2>Tipos de alquiler de barcos<\/h2>\n<h3>Charter con patr\u00f3n<\/h3>\n<p>Ideal para quienes desean relajarse y disfrutar del viaje sin preocuparse de la navegaci\u00f3n ni del manejo de la embarcaci\u00f3n. Un <a href=\"https:\/\/skippercity.com\/es\/skippered-yacht-charter-croacia\/\">patr\u00f3n profesional<\/a> se ocupar\u00e1 de todo, desde el gobierno hasta el amarre, mientras usted se sumerge en la belleza del mar Adri\u00e1tico.<\/p>\n<h3><strong>Ch\u00e1rter con tripulaci\u00f3n<\/strong><\/h3>\n<p>Para disfrutar de una experiencia realmente lujosa, lo mejor es <a href=\"https:\/\/skippercity.com\/es\/alquiler-de-yates-tripulados-croacia\/\">alquilar un barco con tripulaci\u00f3n<\/a>. Adem\u00e1s de un patr\u00f3n, tendr\u00e1s un chef y otros miembros de la tripulaci\u00f3n para atender todas tus necesidades. Esta opci\u00f3n es perfecta para quienes desean dejarse mimar y disfrutar de unas vacaciones en velero de cinco estrellas.<\/p>\n<h3><strong>Alquiler de barcos sin tripulaci\u00f3n<\/strong><\/h3>\n<p>Si tiene experiencia en navegaci\u00f3n y la titulaci\u00f3n necesaria, puede optar por alquilar un barco sin tripulaci\u00f3n. Con esta opci\u00f3n, ser\u00e1s el capit\u00e1n de tu propio barco, responsable de la navegaci\u00f3n, el amarre y todos los dem\u00e1s aspectos de la navegaci\u00f3n. Es una forma estupenda de explorar la costa croata a su propio ritmo.<\/p>\n<p><img decoding=\"async\" class=\"alignnone size-full wp-image-412448\" src=\"https:\/\/skippercity.com\/vsebina\/uploads\/2.jpg\" alt=\"catamar\u00e1n charter croacia\" width=\"698\" height=\"466\"><\/p>\n<h2>Tipos de barcos<\/h2>\n<h3><strong>Barcos de vela<\/strong><\/h3>\n<p>Los veleros, la forma m\u00e1s tradicional y rom\u00e1ntica de explorar el Adri\u00e1tico, ofrecen una experiencia de navegaci\u00f3n tranquila y respetuosa con el medio ambiente. Son perfectas para quienes desean disfrutar de la tranquilidad del mar y del sonido del viento en las velas.<\/p>\n<h3><strong>Catamaranes<\/strong><\/h3>\n<p>Conocidos por su estabilidad y amplitud, <a href=\"https:\/\/skippercity.com\/es\/catamaran-charter-croacia\/\">los catamaranes<\/a> son una opci\u00f3n popular para familias y grupos grandes. Con m\u00faltiples camarotes y amplio espacio en cubierta, ofrecen comodidad y lujo durante la navegaci\u00f3n.<\/p>\n<h3><strong>Barcos a motor<\/strong><\/h3>\n<p>Si lo que busca es velocidad, lo mejor es una lancha motora. Gracias a sus potentes motores, estas embarcaciones pueden llevarle r\u00e1pidamente de un destino a otro, permiti\u00e9ndole cubrir m\u00e1s terreno en menos tiempo.<\/p>\n<p><img decoding=\"async\" class=\"alignnone size-full wp-image-412396\" src=\"https:\/\/skippercity.com\/vsebina\/uploads\/catamaran-charter-croatia-1.jpg\" alt=\"catamar\u00e1n charter croacia\" width=\"1920\" height=\"932\" srcset=\"https:\/\/skippercity.com\/vsebina\/uploads\/catamaran-charter-croatia-1.jpg 1920w, https:\/\/skippercity.com\/vsebina\/uploads\/catamaran-charter-croatia-1-768x373.jpg 768w, https:\/\/skippercity.com\/vsebina\/uploads\/catamaran-charter-croatia-1-1536x746.jpg 1536w, https:\/\/skippercity.com\/vsebina\/uploads\/catamaran-charter-croatia-1-700x340.jpg 700w\" sizes=\"(max-width: 1920px) 100vw, 1920px\" \/><\/p>\n<h2>Zonas de vela<\/h2>\n<h3><strong>Dividir<\/strong><\/h3>\n<p>Split, uno de los destinos n\u00e1uticos m\u00e1s populares de Croacia, ofrece una mezcla perfecta de historia, cultura y belleza natural. Desde el antiguo Palacio de Diocleciano hasta las impresionantes islas de Hvar y Vis, en Split hay algo para todos los gustos.<\/p>\n<h3><strong>Zadar<\/strong><\/h3>\n<p>Con su mezcla \u00fanica de influencias romanas, bizantinas y venecianas, Zadar es una ciudad encantadora, perfecta para explorarla en barco. El cercano Parque Nacional de las Islas Kornati es una visita obligada por sus impresionantes paisajes y aguas cristalinas.<\/p>\n<h3><strong>Trogir<\/strong><\/h3>\n<p>Conocida como la \u00abPeque\u00f1a Venecia\u00bb de Croacia, Trogir es Patrimonio de la Humanidad de la UNESCO y la mejor forma de explorarla es en barco. Con sus callejuelas, edificios hist\u00f3ricos y pintorescos muelles, Trogir es una delicia para descubrir.<\/p>\n<h3><strong>Dubrovnik<\/strong><\/h3>\n<p>Famosa por sus murallas medievales y su impresionante arquitectura, Dubrovnik es un destino de visita obligada para cualquier aficionado a la navegaci\u00f3n. Las cercanas islas Elafiti ofrecen playas v\u00edrgenes y calas solitarias, perfectas para un d\u00eda de relax.<\/p>\n<h3><strong>Sibenik<\/strong><\/h3>\n<p>Situada en el coraz\u00f3n de Dalmacia, Sibenik es una encantadora ciudad con una rica historia y una impresionante belleza natural. El cercano Parque Nacional de Krka es un para\u00edso para los amantes de la naturaleza, con sus cascadas, lagos y frondosos bosques.<\/p>\n<p><img loading=\"lazy\" decoding=\"async\" class=\"alignnone size-full wp-image-412382\" src=\"https:\/\/skippercity.com\/vsebina\/uploads\/croatia-catamaran-charter.jpg\" alt=\"alquiler de catamaranes en croacia\" width=\"1600\" height=\"900\" srcset=\"https:\/\/skippercity.com\/vsebina\/uploads\/croatia-catamaran-charter.jpg 1600w, https:\/\/skippercity.com\/vsebina\/uploads\/croatia-catamaran-charter-768x432.jpg 768w, https:\/\/skippercity.com\/vsebina\/uploads\/croatia-catamaran-charter-1536x864.jpg 1536w, https:\/\/skippercity.com\/vsebina\/uploads\/croatia-catamaran-charter-500x281.jpg 500w, https:\/\/skippercity.com\/vsebina\/uploads\/croatia-catamaran-charter-700x394.jpg 700w\" sizes=\"(max-width: 1600px) 100vw, 1600px\" \/><\/p>\n<h2>Coste del alquiler de barcos en 2024<\/h2>\n<p>El coste del alquiler de barcos en Croacia var\u00eda en funci\u00f3n del tipo de embarcaci\u00f3n, su tama\u00f1o, la duraci\u00f3n del alquiler y la \u00e9poca del a\u00f1o. En 2024, el coste medio del alquiler de un barco sin tripulaci\u00f3n en Croacia rondaba entre 2.000 y 4.000 euros semanales para un velero, entre 3.000 y 6.000 euros semanales para un catamar\u00e1n, y entre 4.000 y 8.000 euros semanales para una lancha motora.<\/p>\n<p>Los ch\u00e1rter con patr\u00f3n y tripulaci\u00f3n son m\u00e1s caros, con precios que oscilan entre 5.000 y 15.000 euros por semana para un velero, entre 8.000 y 20.000 euros por semana para un catamar\u00e1n, y entre 10.000 y 30.000 euros por semana para una lancha motora.<\/p>\n<p><img loading=\"lazy\" decoding=\"async\" class=\"alignnone size-full wp-image-412504\" src=\"https:\/\/skippercity.com\/vsebina\/uploads\/Mooring-and-Docking-Costs-in-Croatia-A-Comprehensive-Overview.jpg\" alt=\"Costes de atraque y amarre en Croacia Panor\u00e1mica general\" width=\"1280\" height=\"853\" srcset=\"https:\/\/skippercity.com\/vsebina\/uploads\/Mooring-and-Docking-Costs-in-Croatia-A-Comprehensive-Overview.jpg 1280w, https:\/\/skippercity.com\/vsebina\/uploads\/Mooring-and-Docking-Costs-in-Croatia-A-Comprehensive-Overview-768x512.jpg 768w, https:\/\/skippercity.com\/vsebina\/uploads\/Mooring-and-Docking-Costs-in-Croatia-A-Comprehensive-Overview-700x466.jpg 700w\" sizes=\"(max-width: 1280px) 100vw, 1280px\" \/><\/p>\n<h2>C\u00f3mo alquilar un barco en Croacia: Gu\u00eda paso a paso<\/h2>\n<p>El impresionante litoral croata, sus aguas cristalinas y sus miles de islas lo convierten en un destino ideal para los amantes de la navegaci\u00f3n. Tanto si es un marinero experimentado como un principiante, alquilar un barco en Croacia es una forma fant\u00e1stica de explorar el mar Adri\u00e1tico y descubrir las joyas ocultas del pa\u00eds. Aqu\u00ed tiene una gu\u00eda paso a paso sobre c\u00f3mo alquilar un barco en Croacia:<\/p>\n<h3>Determine su presupuesto y preferencias<\/h3>\n<p>Antes de empezar a buscar un barco de alquiler, es importante determinar su presupuesto y sus preferencias. Tenga en cuenta el tama\u00f1o del barco, el n\u00famero de camarotes y las comodidades que necesita. Decida si desea un ch\u00e1rter con patr\u00f3n, con tripulaci\u00f3n o a casco desnudo.<\/p>\n<h3>Elija una empresa de alquiler de barcos<\/h3>\n<p>Hay varias empresas de alquiler de barcos en Croacia, por lo que es esencial investigar y elegir una compa\u00f1\u00eda de confianza. Lea opiniones, compruebe su flota de embarcaciones e inf\u00f3rmese sobre sus servicios. Algunas empresas populares de alquiler de barcos en Croacia son SkipperCity, Sail Croatia, The Moorings, Dream Yacht Charter y NauticEd.<\/p>\n<h3>Seleccione su zona de navegaci\u00f3n<\/h3>\n<p>Croacia ofrece diversas zonas de navegaci\u00f3n, cada una con su propio encanto. Algunas zonas populares para navegar en Croacia son Split, Zadar, Trogir, Dubrovnik y Sibenik. Tenga en cuenta la proximidad de la zona de navegaci\u00f3n a los destinos deseados, las condiciones meteorol\u00f3gicas y la disponibilidad de puntos de amarre.<\/p>\n<h3>Elija su tipo de barco<\/h3>\n<p>Una vez elegida la zona de navegaci\u00f3n, es hora de seleccionar el tipo de embarcaci\u00f3n que mejor se adapte a sus necesidades. Los veleros son perfectos para una experiencia de navegaci\u00f3n rom\u00e1ntica y ecol\u00f3gica, mientras que los catamaranes ofrecen estabilidad y amplitud, por lo que son ideales para familias y grupos grandes. Las lanchas motoras son ideales para quienes desean cubrir m\u00e1s terreno en menos tiempo.<\/p>\n<h3>Compruebe la disponibilidad y reserve su barco<\/h3>\n<p>Despu\u00e9s de seleccionar el tipo de barco, compruebe la disponibilidad del barco para las fechas deseadas. La mayor\u00eda de las empresas de alquiler de embarcaciones disponen de un sistema de reservas en l\u00ednea, lo que facilita comprobar la disponibilidad y hacer una reserva. Aseg\u00farese de reservar su barco con suficiente antelaci\u00f3n, sobre todo en temporada alta, ya que los barcos pueden llenarse r\u00e1pidamente.<\/p>\n<h3>Revisar el contrato de alquiler y las condiciones<\/h3>\n<p>Antes de finalizar la reserva, revise detenidamente el contrato de alquiler y las condiciones. Preste atenci\u00f3n a la pol\u00edtica de cancelaci\u00f3n, los requisitos de dep\u00f3sito de seguridad y cualquier tasa o cargo adicional. Aseg\u00farate de que entiendes las condiciones del contrato de alquiler antes de firmarlo.<\/p>\n<h3>Prepare su viaje<\/h3>\n<p>Una vez que haya reservado su barco de alquiler, es hora de empezar a prepararse para el viaje. Haga una lista con los art\u00edculos esenciales, como crema solar, sombreros, gafas de sol, ba\u00f1adores y toallas. No olvide traer sus t\u00edtulos de navegaci\u00f3n y cualquier documento necesario, como pasaportes y visados.<\/p>\n<h2>Conclusi\u00f3n<\/h2>\n<p>Croacia ofrece algunos de los destinos n\u00e1uticos m\u00e1s bellos del mundo, y no hay mejor forma de explorarlos que en barco. Tanto si busca unas vacaciones relajantes como un aventurero viaje en velero, Croacia tiene algo para todos los gustos.<\/p>\n<p>Con una amplia gama de alquileres de barcos, zonas de navegaci\u00f3n y ch\u00e1rteres de yates entre los que elegir, seguro que encontrar\u00e1 la opci\u00f3n perfecta para su pr\u00f3xima aventura n\u00e1utica en Croacia.<\/p>\n<h2>Disfrute de su aventura a vela<\/h2>\n<p>Por fin ha llegado el momento de embarcarse en su aventura n\u00e1utica por Croacia. Llegue a la base de la empresa de alquiler de embarcaciones el d\u00eda del alquiler y re\u00fanase con el personal para repasar las caracter\u00edsticas de la embarcaci\u00f3n y los procedimientos de seguridad. Cuando est\u00e9 listo, zarpe y explore la impresionante costa croata, sus islas y sus calas escondidas. Disfrute de la libertad y flexibilidad de navegar a su propio ritmo y cree recuerdos que durar\u00e1n toda la vida.<\/p>\n<p>&#8211;<\/p>\n\t\t\t\t\t\t\t\t<\/div>\n\t\t\t\t<\/div>\n\t\t\t\t\t<\/div>\n\t\t<\/div>\n\t\t\t\t<div class=\"elementor-column elementor-col-25 elementor-top-column elementor-element elementor-element-15a73c22\" data-id=\"15a73c22\" data-element_type=\"column\" data-e-type=\"column\">\n\t\t\t<div class=\"elementor-widget-wrap elementor-element-populated\">\n\t\t\t\t\t\t<div class=\"elementor-element elementor-element-45b56144 elementor-widget elementor-widget-template\" data-id=\"45b56144\" data-element_type=\"widget\" data-e-type=\"widget\" data-widget_type=\"template.default\">\n\t\t\t\t<div class=\"elementor-widget-container\">\n\t\t\t\t\t\t\t<div class=\"elementor-template\">\n\t\t\t\t\t<div data-elementor-type=\"section\" data-elementor-id=\"77186\" class=\"elementor elementor-77186 elementor-76339\" data-elementor-post-type=\"elementor_library\">\n\t\t\t\t\t<section class=\"elementor-section elementor-inner-section elementor-element elementor-element-457e679b elementor-section-full_width elementor-section-height-min-height elementor-section-content-middle elementor-section-height-default\" data-id=\"457e679b\" data-element_type=\"section\" data-e-type=\"section\" data-settings=\"{&quot;background_background&quot;:&quot;classic&quot;}\">\n\t\t\t\t\t\t\t<div class=\"elementor-background-overlay\"><\/div>\n\t\t\t\t\t\t\t<div class=\"elementor-container elementor-column-gap-default\">\n\t\t\t\t\t<div class=\"elementor-column elementor-col-100 elementor-inner-column elementor-element elementor-element-33d83c77\" data-id=\"33d83c77\" data-element_type=\"column\" data-e-type=\"column\">\n\t\t\t<div class=\"elementor-widget-wrap elementor-element-populated\">\n\t\t\t\t\t\t<div class=\"elementor-element elementor-element-26c46f13 elementor-widget elementor-widget-text-editor\" data-id=\"26c46f13\" data-element_type=\"widget\" data-e-type=\"widget\" data-widget_type=\"text-editor.default\">\n\t\t\t\t<div class=\"elementor-widget-container\">\n\t\t\t\t\t\t\t\t\t<p style=\"text-align: center;\">\u00bfBusca barco?<\/p>\n\t\t\t\t\t\t\t\t<\/div>\n\t\t\t\t<\/div>\n\t\t\t\t<div class=\"elementor-element elementor-element-7116d3fc elementor-align-center elementor-widget elementor-widget-button\" data-id=\"7116d3fc\" data-element_type=\"widget\" data-e-type=\"widget\" data-widget_type=\"button.default\">\n\t\t\t\t<div class=\"elementor-widget-container\">\n\t\t\t\t\t\t\t\t\t<div class=\"elementor-button-wrapper\">\n\t\t\t\t\t<a class=\"elementor-button elementor-button-link elementor-size-md\" href=\"https:\/\/skippercity.com\/es\/obtener-una-cotizacion-yate-charter-croacia-2\/\" target=\"_blank\">\n\t\t\t\t\t\t<span class=\"elementor-button-content-wrapper\">\n\t\t\t\t\t\t\t\t\t<span class=\"elementor-button-text\">OBTENGA UNA COTIZACI\u00d3N GRATUITA<\/span>\n\t\t\t\t\t<\/span>\n\t\t\t\t\t<\/a>\n\t\t\t\t<\/div>\n\t\t\t\t\t\t\t\t<\/div>\n\t\t\t\t<\/div>\n\t\t\t\t\t<\/div>\n\t\t<\/div>\n\t\t\t\t\t<\/div>\n\t\t<\/section>\n\t\t\t\t<\/div>\n\t\t\t\t<\/div>\n\t\t\t\t\t\t<\/div>\n\t\t\t\t<\/div>\n\t\t\t\t\t<\/div>\n\t\t<\/div>\n\t\t\t\t\t<\/div>\n\t\t<\/section>\n\t\t\t\t<\/div>\n\t\t","protected":false},"excerpt":{"rendered":"<p>\u00cdndice de contenidos Alquiler de barcos en Croacia Croacia, con su impresionante costa, sus aguas cristalinas y sus miles de islas, es un destino de ensue\u00f1o para quienes buscan una experiencia n\u00e1utica memorable. Tanto si es un navegante experimentado como un principiante, hay una opci\u00f3n de alquiler de embarcaciones que se adapta a sus necesidades. [&hellip;]<\/p>\n","protected":false},"author":2,"featured_media":16227,"parent":0,"menu_order":0,"comment_status":"closed","ping_status":"closed","template":"","meta":{"footnotes":""},"class_list":["post-53000","page","type-page","status-publish","has-post-thumbnail","hentry"],"_links":{"self":[{"href":"https:\/\/skippercity.com\/es\/wp-json\/wp\/v2\/pages\/53000","targetHints":{"allow":["GET"]}}],"collection":[{"href":"https:\/\/skippercity.com\/es\/wp-json\/wp\/v2\/pages"}],"about":[{"href":"https:\/\/skippercity.com\/es\/wp-json\/wp\/v2\/types\/page"}],"author":[{"embeddable":true,"href":"https:\/\/skippercity.com\/es\/wp-json\/wp\/v2\/users\/2"}],"replies":[{"embeddable":true,"href":"https:\/\/skippercity.com\/es\/wp-json\/wp\/v2\/comments?post=53000"}],"version-history":[{"count":0,"href":"https:\/\/skippercity.com\/es\/wp-json\/wp\/v2\/pages\/53000\/revisions"}],"wp:featuredmedia":[{"embeddable":true,"href":"https:\/\/skippercity.com\/es\/wp-json\/wp\/v2\/media\/16227"}],"wp:attachment":[{"href":"https:\/\/skippercity.com\/es\/wp-json\/wp\/v2\/media?parent=53000"}],"curies":[{"name":"wp","href":"https:\/\/api.w.org\/{rel}","templated":true}]}}