{"id":69303,"date":"2020-10-03T08:23:35","date_gmt":"2020-10-03T08:23:35","guid":{"rendered":"https:\/\/www.skippercity.com\/obtener-una-cotizacion-yate-charter-croacia-2\/"},"modified":"2024-02-21T11:52:56","modified_gmt":"2024-02-21T11:52:56","slug":"obtener-una-cotizacion-yate-charter-croacia-2","status":"publish","type":"page","link":"https:\/\/skippercity.com\/es\/obtener-una-cotizacion-yate-charter-croacia-2\/","title":{"rendered":"Obtener una cotizaci\u00f3n yate charter Croacia"},"content":{"rendered":"\t\t<div data-elementor-type=\"wp-page\" data-elementor-id=\"69303\" class=\"elementor elementor-69303 elementor-68804\" data-elementor-post-type=\"page\">\n\t\t\t\t\t\t<section class=\"elementor-section elementor-top-section elementor-element elementor-element-c0ffef elementor-section-stretched elementor-section-full_width elementor-section-height-default elementor-section-height-default\" data-id=\"c0ffef\" data-element_type=\"section\" data-e-type=\"section\" data-settings=\"{&quot;background_background&quot;:&quot;classic&quot;,&quot;stretch_section&quot;:&quot;section-stretched&quot;}\">\n\t\t\t\t\t\t\t<div class=\"elementor-background-overlay\"><\/div>\n\t\t\t\t\t\t\t<div class=\"elementor-container elementor-column-gap-default\">\n\t\t\t\t\t<div class=\"elementor-column elementor-col-33 elementor-top-column elementor-element elementor-element-144bb851\" data-id=\"144bb851\" data-element_type=\"column\" data-e-type=\"column\">\n\t\t\t<div class=\"elementor-widget-wrap\">\n\t\t\t\t\t\t\t<\/div>\n\t\t<\/div>\n\t\t\t\t<div class=\"elementor-column elementor-col-33 elementor-top-column elementor-element elementor-element-3fb13674\" data-id=\"3fb13674\" data-element_type=\"column\" data-e-type=\"column\">\n\t\t\t<div class=\"elementor-widget-wrap elementor-element-populated\">\n\t\t\t\t\t\t<div class=\"elementor-element elementor-element-562f4c7 elementor-widget elementor-widget-heading\" data-id=\"562f4c7\" data-element_type=\"widget\" data-e-type=\"widget\" data-widget_type=\"heading.default\">\n\t\t\t\t<div class=\"elementor-widget-container\">\n\t\t\t\t\t<h3 class=\"elementor-heading-title elementor-size-default\">Perm\u00edtanos ayudarle<\/h3>\t\t\t\t<\/div>\n\t\t\t\t<\/div>\n\t\t\t\t<div class=\"elementor-element elementor-element-3a8294c8 elementor-widget-divider--view-line elementor-widget elementor-widget-divider\" data-id=\"3a8294c8\" data-element_type=\"widget\" data-e-type=\"widget\" data-widget_type=\"divider.default\">\n\t\t\t\t<div class=\"elementor-widget-container\">\n\t\t\t\t\t\t\t<div class=\"elementor-divider\">\n\t\t\t<span class=\"elementor-divider-separator\">\n\t\t\t\t\t\t<\/span>\n\t\t<\/div>\n\t\t\t\t\t\t<\/div>\n\t\t\t\t<\/div>\n\t\t\t\t<div class=\"elementor-element elementor-element-4c35d707 elementor-widget elementor-widget-heading\" data-id=\"4c35d707\" data-element_type=\"widget\" data-e-type=\"widget\" data-widget_type=\"heading.default\">\n\t\t\t\t<div class=\"elementor-widget-container\">\n\t\t\t\t\t<h1 class=\"elementor-heading-title elementor-size-default\">Obtenga las mejores ofertas de barcos\nen su correo electr\u00f3nico<\/h1>\t\t\t\t<\/div>\n\t\t\t\t<\/div>\n\t\t\t\t\t<\/div>\n\t\t<\/div>\n\t\t\t\t<div class=\"elementor-column elementor-col-33 elementor-top-column elementor-element elementor-element-70a21823\" data-id=\"70a21823\" data-element_type=\"column\" data-e-type=\"column\">\n\t\t\t<div class=\"elementor-widget-wrap\">\n\t\t\t\t\t\t\t<\/div>\n\t\t<\/div>\n\t\t\t\t\t<\/div>\n\t\t<\/section>\n\t\t\t\t<section class=\"elementor-section elementor-top-section elementor-element elementor-element-63a8761 elementor-section-boxed elementor-section-height-default elementor-section-height-default\" data-id=\"63a8761\" data-element_type=\"section\" data-e-type=\"section\">\n\t\t\t\t\t\t<div class=\"elementor-container elementor-column-gap-default\">\n\t\t\t\t\t<div class=\"elementor-column elementor-col-16 elementor-top-column elementor-element elementor-element-a66a2e4\" data-id=\"a66a2e4\" data-element_type=\"column\" data-e-type=\"column\">\n\t\t\t<div class=\"elementor-widget-wrap\">\n\t\t\t\t\t\t\t<\/div>\n\t\t<\/div>\n\t\t\t\t<div class=\"elementor-column elementor-col-66 elementor-top-column elementor-element elementor-element-480153b\" data-id=\"480153b\" data-element_type=\"column\" data-e-type=\"column\">\n\t\t\t<div class=\"elementor-widget-wrap elementor-element-populated\">\n\t\t\t\t\t\t<div class=\"elementor-element elementor-element-8532fa8 elementor-widget elementor-widget-text-editor\" data-id=\"8532fa8\" data-element_type=\"widget\" data-e-type=\"widget\" data-widget_type=\"text-editor.default\">\n\t\t\t\t<div class=\"elementor-widget-container\">\n\t\t\t\t\t\t\t\t\t<h2 style=\"text-align: center;\">Rellene el siguiente formulario,<\/h2>\n<h2 style=\"text-align: center;\">vamos a comprobar toda la disponibilidad de yates,<\/h2>\n<h2 style=\"text-align: center;\">y enviar ofertas a su correo electr\u00f3nico.<\/h2>\n<p style=\"text-align: center;\">Adem\u00e1s de las mejores ofertas de barcos, obtendr\u00e1:<\/p>\n<p style=\"text-align: center;\"><strong>&#8211; Gerente dedicado para ayudarle<\/strong><\/p>\n<p style=\"text-align: center;\"><strong>&#8211; M\u00e1s informaci\u00f3n sobre c\u00f3mo alquilar un barco<\/strong><\/p>\n\t\t\t\t\t\t\t\t<\/div>\n\t\t\t\t<\/div>\n\t\t\t\t\t<\/div>\n\t\t<\/div>\n\t\t\t\t<div class=\"elementor-column elementor-col-16 elementor-top-column elementor-element elementor-element-8244c01\" data-id=\"8244c01\" data-element_type=\"column\" data-e-type=\"column\">\n\t\t\t<div class=\"elementor-widget-wrap\">\n\t\t\t\t\t\t\t<\/div>\n\t\t<\/div>\n\t\t\t\t\t<\/div>\n\t\t<\/section>\n\t\t\t\t<section class=\"elementor-section elementor-top-section elementor-element elementor-element-20404f8 elementor-section-boxed elementor-section-height-default elementor-section-height-default\" data-id=\"20404f8\" data-element_type=\"section\" data-e-type=\"section\">\n\t\t\t\t\t\t<div class=\"elementor-container elementor-column-gap-default\">\n\t\t\t\t\t<div class=\"elementor-column elementor-col-16 elementor-top-column elementor-element elementor-element-f82fb7c\" data-id=\"f82fb7c\" data-element_type=\"column\" data-e-type=\"column\">\n\t\t\t<div class=\"elementor-widget-wrap\">\n\t\t\t\t\t\t\t<\/div>\n\t\t<\/div>\n\t\t\t\t<div class=\"elementor-column elementor-col-66 elementor-top-column elementor-element elementor-element-151f126\" data-id=\"151f126\" data-element_type=\"column\" data-e-type=\"column\">\n\t\t\t<div class=\"elementor-widget-wrap elementor-element-populated\">\n\t\t\t\t\t\t<div class=\"elementor-element elementor-element-c20e64a elementor-button-align-end elementor-widget elementor-widget-form\" data-id=\"c20e64a\" data-element_type=\"widget\" data-e-type=\"widget\" data-settings=\"{&quot;step_next_label&quot;:&quot;Siguiente&quot;,&quot;step_previous_label&quot;:&quot;Anterior&quot;,&quot;step_type&quot;:&quot;number_text&quot;,&quot;step_icon_shape&quot;:&quot;circle&quot;}\" data-widget_type=\"form.default\">\n\t\t\t\t<div class=\"elementor-widget-container\">\n\t\t\t\t\t\t\t<form class=\"elementor-form\" method=\"post\" name=\"Nuevo formulario\" aria-label=\"Nuevo formulario\">\n\t\t\t<input type=\"hidden\" name=\"post_id\" value=\"69303\"\/>\n\t\t\t<input type=\"hidden\" name=\"form_id\" value=\"c20e64a\"\/>\n\t\t\t<input type=\"hidden\" name=\"referer_title\" value=\"Obtenga hoy su presupuesto gratuito para alquilar un yate en Croacia | SkipperCity\" \/>\n\n\t\t\t\t\t\t\t<input type=\"hidden\" name=\"queried_id\" value=\"69303\"\/>\n\t\t\t\n\t\t\t<div class=\"elementor-form-fields-wrapper elementor-labels-above\">\n\t\t\t\t\t\t\t\t<div class=\"elementor-field-type-text elementor-field-group elementor-column elementor-field-group-name elementor-col-100 elementor-field-required elementor-mark-required\">\n\t\t\t\t\t\t\t\t\t\t\t\t<label for=\"form-field-name\" class=\"elementor-field-label\">\n\t\t\t\t\t\t\t\t1. Nombre\t\t\t\t\t\t\t<\/label>\n\t\t\t\t\t\t\t\t\t\t\t\t\t\t<input size=\"1\" type=\"text\" name=\"form_fields[name]\" id=\"form-field-name\" class=\"elementor-field elementor-size-sm  elementor-field-textual\" placeholder=\"Te llamas:\" required=\"required\">\n\t\t\t\t\t\t\t\t\t\t\t<\/div>\n\t\t\t\t\t\t\t\t<div class=\"elementor-field-type-email elementor-field-group elementor-column elementor-field-group-email elementor-col-100 elementor-field-required elementor-mark-required\">\n\t\t\t\t\t\t\t\t\t\t\t\t<label for=\"form-field-email\" class=\"elementor-field-label\">\n\t\t\t\t\t\t\t\t2. Correo electr\u00f3nico\t\t\t\t\t\t\t<\/label>\n\t\t\t\t\t\t\t\t\t\t\t\t\t\t<input size=\"1\" type=\"email\" name=\"form_fields[email]\" id=\"form-field-email\" class=\"elementor-field elementor-size-sm  elementor-field-textual\" placeholder=\"Su correo electr\u00f3nico:\" required=\"required\">\n\t\t\t\t\t\t\t\t\t\t\t<\/div>\n\t\t\t\t\t\t\t\t<div class=\"elementor-field-type-text elementor-field-group elementor-column elementor-field-group-field_c0d606d elementor-col-100 elementor-field-required elementor-mark-required\">\n\t\t\t\t\t\t\t\t\t\t\t\t<label for=\"form-field-field_c0d606d\" class=\"elementor-field-label\">\n\t\t\t\t\t\t\t\t3. Fecha de inicio\t\t\t\t\t\t\t<\/label>\n\t\t\t\t\t\t\t\t\t\t\t\t\t\t<input size=\"1\" type=\"text\" name=\"form_fields[field_c0d606d]\" id=\"form-field-field_c0d606d\" class=\"elementor-field elementor-size-sm  elementor-field-textual\" placeholder=\"Fecha de inicio del viaje:\" required=\"required\">\n\t\t\t\t\t\t\t\t\t\t\t<\/div>\n\t\t\t\t\t\t\t\t<div class=\"elementor-field-type-text elementor-field-group elementor-column elementor-field-group-field_fbf88cd elementor-col-100 elementor-field-required elementor-mark-required\">\n\t\t\t\t\t\t\t\t\t\t\t\t<label for=\"form-field-field_fbf88cd\" class=\"elementor-field-label\">\n\t\t\t\t\t\t\t\t4. Fecha de finalizaci\u00f3n\t\t\t\t\t\t\t<\/label>\n\t\t\t\t\t\t\t\t\t\t\t\t\t\t<input size=\"1\" type=\"text\" name=\"form_fields[field_fbf88cd]\" id=\"form-field-field_fbf88cd\" class=\"elementor-field elementor-size-sm  elementor-field-textual\" placeholder=\"Fecha de finalizaci\u00f3n del viaje:\" required=\"required\">\n\t\t\t\t\t\t\t\t\t\t\t<\/div>\n\t\t\t\t\t\t\t\t<div class=\"elementor-field-type-select elementor-field-group elementor-column elementor-field-group-field_c512056 elementor-col-100 elementor-field-type-select-multiple elementor-field-required elementor-mark-required\">\n\t\t\t\t\t\t\t\t\t\t\t\t<label for=\"form-field-field_c512056\" class=\"elementor-field-label\">\n\t\t\t\t\t\t\t\t5. \u00bfCu\u00e1l es su \u00e1rea de navegaci\u00f3n deseada en Croacia?\t\t\t\t\t\t\t<\/label>\n\t\t\t\t\t\t\t\t<div class=\"elementor-field elementor-select-wrapper remove-before \">\n\t\t\t<div class=\"select-caret-down-wrapper\">\n\t\t\t\t\t\t\t<\/div>\n\t\t\t<select name=\"form_fields[field_c512056][]\" id=\"form-field-field_c512056\" class=\"elementor-field-textual elementor-size-sm\" required=\"required\" multiple=\"\" size=\"7\">\n\t\t\t\t\t\t\t\t\t<option value=\"Dividir\">Dividir<\/option>\n\t\t\t\t\t\t\t\t\t<option value=\"Dubrovnik\">Dubrovnik<\/option>\n\t\t\t\t\t\t\t\t\t<option value=\"Sibenik\">Sibenik<\/option>\n\t\t\t\t\t\t\t\t\t<option value=\"Zadar\">Zadar<\/option>\n\t\t\t\t\t\t\t\t\t<option value=\"Istra\">Istra<\/option>\n\t\t\t\t\t\t\t\t\t<option value=\"Kvarner\">Kvarner<\/option>\n\t\t\t\t\t\t\t<\/select>\n\t\t<\/div>\n\t\t\t\t\t\t<\/div>\n\t\t\t\t\t\t\t\t<div class=\"elementor-field-type-select elementor-field-group elementor-column elementor-field-group-field_30385a1 elementor-col-100 elementor-field-type-select-multiple elementor-field-required elementor-mark-required\">\n\t\t\t\t\t\t\t\t\t\t\t\t<label for=\"form-field-field_30385a1\" class=\"elementor-field-label\">\n\t\t\t\t\t\t\t\t6. \u00bfTiene un tipo de barco preferido?\t\t\t\t\t\t\t<\/label>\n\t\t\t\t\t\t\t\t<div class=\"elementor-field elementor-select-wrapper remove-before \">\n\t\t\t<div class=\"select-caret-down-wrapper\">\n\t\t\t\t\t\t\t<\/div>\n\t\t\t<select name=\"form_fields[field_30385a1][]\" id=\"form-field-field_30385a1\" class=\"elementor-field-textual elementor-size-sm\" required=\"required\" multiple=\"\" size=\"7\">\n\t\t\t\t\t\t\t\t\t<option value=\"Catamar\u00e1n\">Catamar\u00e1n<\/option>\n\t\t\t\t\t\t\t\t\t<option value=\"Velero\">Velero<\/option>\n\t\t\t\t\t\t\t\t\t<option value=\"Lancha\">Lancha<\/option>\n\t\t\t\t\t\t\t\t\t<option value=\"Motoryacht\">Motoryacht<\/option>\n\t\t\t\t\t\t\t\t\t<option value=\"Goleta\">Goleta<\/option>\n\t\t\t\t\t\t\t\t\t<option value=\"Yate de lujo\">Yate de lujo<\/option>\n\t\t\t\t\t\t\t<\/select>\n\t\t<\/div>\n\t\t\t\t\t\t<\/div>\n\t\t\t\t\t\t\t\t<div class=\"elementor-field-type-select elementor-field-group elementor-column elementor-field-group-field_3573b62 elementor-col-100 elementor-field-required elementor-mark-required\">\n\t\t\t\t\t\t\t\t\t\t\t\t<label for=\"form-field-field_3573b62\" class=\"elementor-field-label\">\n\t\t\t\t\t\t\t\t7. \u00bfNecesita un capit\u00e1n?\t\t\t\t\t\t\t<\/label>\n\t\t\t\t\t\t\t\t<div class=\"elementor-field elementor-select-wrapper remove-before \">\n\t\t\t<div class=\"select-caret-down-wrapper\">\n\t\t\t\t<svg aria-hidden=\"true\" class=\"e-font-icon-svg e-eicon-caret-down\" viewBox=\"0 0 571.4 571.4\" xmlns=\"http:\/\/www.w3.org\/2000\/svg\"><path d=\"M571 393Q571 407 561 418L311 668Q300 679 286 679T261 668L11 418Q0 407 0 393T11 368 36 357H536Q550 357 561 368T571 393Z\"><\/path><\/svg>\t\t\t<\/div>\n\t\t\t<select name=\"form_fields[field_3573b62]\" id=\"form-field-field_3573b62\" class=\"elementor-field-textual elementor-size-sm\" required=\"required\">\n\t\t\t\t\t\t\t\t\t<option value=\"S\u00ed, necesitamos un capit\u00e1n\">S\u00ed, necesitamos un capit\u00e1n<\/option>\n\t\t\t\t\t\t\t\t\t<option value=\"No, tomaremos un ch\u00e1rter a casco desnudo\">No, tomaremos un ch\u00e1rter a casco desnudo<\/option>\n\t\t\t\t\t\t\t\t\t<option value=\"No estoy seguro, gu\u00edame\">No estoy seguro, gu\u00edame<\/option>\n\t\t\t\t\t\t\t<\/select>\n\t\t<\/div>\n\t\t\t\t\t\t<\/div>\n\t\t\t\t\t\t\t\t<div class=\"elementor-field-type-select elementor-field-group elementor-column elementor-field-group-field_2a3e87a elementor-col-100 elementor-field-required elementor-mark-required\">\n\t\t\t\t\t\t\t\t\t\t\t\t<label for=\"form-field-field_2a3e87a\" class=\"elementor-field-label\">\n\t\t\t\t\t\t\t\t8. \u00bfNecesitas un cocinero?\t\t\t\t\t\t\t<\/label>\n\t\t\t\t\t\t\t\t<div class=\"elementor-field elementor-select-wrapper remove-before \">\n\t\t\t<div class=\"select-caret-down-wrapper\">\n\t\t\t\t<svg aria-hidden=\"true\" class=\"e-font-icon-svg e-eicon-caret-down\" viewBox=\"0 0 571.4 571.4\" xmlns=\"http:\/\/www.w3.org\/2000\/svg\"><path d=\"M571 393Q571 407 561 418L311 668Q300 679 286 679T261 668L11 418Q0 407 0 393T11 368 36 357H536Q550 357 561 368T571 393Z\"><\/path><\/svg>\t\t\t<\/div>\n\t\t\t<select name=\"form_fields[field_2a3e87a]\" id=\"form-field-field_2a3e87a\" class=\"elementor-field-textual elementor-size-sm\" required=\"required\">\n\t\t\t\t\t\t\t\t\t<option value=\"S\u00ed, necesitamos un cocinero\">S\u00ed, necesitamos un cocinero<\/option>\n\t\t\t\t\t\t\t\t\t<option value=\"No, nos aprovisionaremos y nos cocinaremos a nosotros mismos\">No, nos aprovisionaremos y nos cocinaremos a nosotros mismos<\/option>\n\t\t\t\t\t\t\t\t\t<option value=\"No estoy seguro, gu\u00edame\">No estoy seguro, gu\u00edame<\/option>\n\t\t\t\t\t\t\t<\/select>\n\t\t<\/div>\n\t\t\t\t\t\t<\/div>\n\t\t\t\t\t\t\t\t<div class=\"elementor-field-type-text elementor-field-group elementor-column elementor-field-group-field_2ef9adc elementor-col-100 elementor-field-required elementor-mark-required\">\n\t\t\t\t\t\t\t\t\t\t\t\t<label for=\"form-field-field_2ef9adc\" class=\"elementor-field-label\">\n\t\t\t\t\t\t\t\t9. \u00bfCu\u00e1ntas cabinas necesita?\t\t\t\t\t\t\t<\/label>\n\t\t\t\t\t\t\t\t\t\t\t\t\t\t<input size=\"1\" type=\"text\" name=\"form_fields[field_2ef9adc]\" id=\"form-field-field_2ef9adc\" class=\"elementor-field elementor-size-sm  elementor-field-textual\" placeholder=\"... sin contar posibles cabinas de tripulaci\u00f3n...  \" required=\"required\">\n\t\t\t\t\t\t\t\t\t\t\t<\/div>\n\t\t\t\t\t\t\t\t<div class=\"elementor-field-type-text elementor-field-group elementor-column elementor-field-group-field_517faeb elementor-col-100 elementor-field-required elementor-mark-required\">\n\t\t\t\t\t\t\t\t\t\t\t\t<label for=\"form-field-field_517faeb\" class=\"elementor-field-label\">\n\t\t\t\t\t\t\t\t10. \u00bfCu\u00e1ntos son?\t\t\t\t\t\t\t<\/label>\n\t\t\t\t\t\t\t\t\t\t\t\t\t\t<input size=\"1\" type=\"text\" name=\"form_fields[field_517faeb]\" id=\"form-field-field_517faeb\" class=\"elementor-field elementor-size-sm  elementor-field-textual\" placeholder=\"N\u00famero de invitados\" required=\"required\">\n\t\t\t\t\t\t\t\t\t\t\t<\/div>\n\t\t\t\t\t\t\t\t<div class=\"elementor-field-type-text elementor-field-group elementor-column elementor-field-group-field_f9eecbc elementor-col-100 elementor-field-required elementor-mark-required\">\n\t\t\t\t\t\t\t\t\t\t\t\t<label for=\"form-field-field_f9eecbc\" class=\"elementor-field-label\">\n\t\t\t\t\t\t\t\t11. \u00bfCu\u00e1l es su presupuesto m\u00e1ximo de barco?\t\t\t\t\t\t\t<\/label>\n\t\t\t\t\t\t\t\t\t\t\t\t\t\t<input size=\"1\" type=\"text\" name=\"form_fields[field_f9eecbc]\" id=\"form-field-field_f9eecbc\" class=\"elementor-field elementor-size-sm  elementor-field-textual\" placeholder=\"Tenemos 13.000 barcos disponibles. El presupuesto m\u00e1ximo nos ayudar\u00e1 a refinar su b\u00fasqueda.  \" required=\"required\">\n\t\t\t\t\t\t\t\t\t\t\t<\/div>\n\t\t\t\t\t\t\t\t<div class=\"elementor-field-type-textarea elementor-field-group elementor-column elementor-field-group-field_e0838e3 elementor-col-100\">\n\t\t\t\t\t\t\t\t\t\t\t\t<label for=\"form-field-field_e0838e3\" class=\"elementor-field-label\">\n\t\t\t\t\t\t\t\t12. Mensaje adicional para nosotros:\t\t\t\t\t\t\t<\/label>\n\t\t\t\t\t\t<textarea class=\"elementor-field-textual elementor-field  elementor-size-sm\" name=\"form_fields[field_e0838e3]\" id=\"form-field-field_e0838e3\" rows=\"5\" placeholder=\"Cuanta m\u00e1s informaci\u00f3n nos proporcione, mejor podremos ayudarle. Por favor, d\u00edganos si hay algo m\u00e1s que debamos considerar al buscar su barco. Puede dejar esto en blanco o simplemente decir &quot;hola&quot; ;-)\"><\/textarea>\t\t\t\t<\/div>\n\t\t\t\t\t\t\t\t<div class=\"elementor-field-type-recaptcha_v3 elementor-field-group elementor-column elementor-field-group-field_4ccb3a5 elementor-col-100 recaptcha_v3-bottomright\">\n\t\t\t\t\t<div class=\"elementor-field\" id=\"form-field-field_4ccb3a5\"><div class=\"elementor-g-recaptcha\" data-sitekey=\"6LfHt6kZAAAAANj-dshT1u2Pnh9JOR8ReW8dzxG1\" data-type=\"v3\" data-action=\"Form\" data-badge=\"bottomright\" data-size=\"invisible\"><\/div><\/div>\t\t\t\t<\/div>\n\t\t\t\t\t\t\t\t<div class=\"elementor-field-group elementor-column elementor-field-type-submit elementor-col-100 e-form__buttons\">\n\t\t\t\t\t<button class=\"elementor-button elementor-size-md\" type=\"submit\">\n\t\t\t\t\t\t<span class=\"elementor-button-content-wrapper\">\n\t\t\t\t\t\t\t\t\t\t\t\t\t\t\t\t\t\t\t\t\t\t<span class=\"elementor-button-text\">Enviar<\/span>\n\t\t\t\t\t\t\t\t\t\t\t\t\t<\/span>\n\t\t\t\t\t<\/button>\n\t\t\t\t<\/div>\n\t\t\t<\/div>\n\t\t<\/form>\n\t\t\t\t\t\t<\/div>\n\t\t\t\t<\/div>\n\t\t\t\t\t<\/div>\n\t\t<\/div>\n\t\t\t\t<div class=\"elementor-column elementor-col-16 elementor-top-column elementor-element elementor-element-b7496ba\" data-id=\"b7496ba\" data-element_type=\"column\" data-e-type=\"column\">\n\t\t\t<div class=\"elementor-widget-wrap\">\n\t\t\t\t\t\t\t<\/div>\n\t\t<\/div>\n\t\t\t\t\t<\/div>\n\t\t<\/section>\n\t\t\t\t<\/div>\n\t\t","protected":false},"excerpt":{"rendered":"<p>Perm\u00edtanos ayudarle Obtenga las mejores ofertas de barcos en su correo electr\u00f3nico Rellene el siguiente formulario, vamos a comprobar toda la disponibilidad de yates, y enviar ofertas a su correo electr\u00f3nico. Adem\u00e1s de las mejores ofertas de barcos, obtendr\u00e1: &#8211; Gerente dedicado para ayudarle &#8211; M\u00e1s informaci\u00f3n sobre c\u00f3mo alquilar un barco<\/p>\n","protected":false},"author":2,"featured_media":408270,"parent":0,"menu_order":0,"comment_status":"closed","ping_status":"closed","template":"","meta":{"footnotes":""},"class_list":["post-69303","page","type-page","status-publish","has-post-thumbnail","hentry"],"_links":{"self":[{"href":"https:\/\/skippercity.com\/es\/wp-json\/wp\/v2\/pages\/69303","targetHints":{"allow":["GET"]}}],"collection":[{"href":"https:\/\/skippercity.com\/es\/wp-json\/wp\/v2\/pages"}],"about":[{"href":"https:\/\/skippercity.com\/es\/wp-json\/wp\/v2\/types\/page"}],"author":[{"embeddable":true,"href":"https:\/\/skippercity.com\/es\/wp-json\/wp\/v2\/users\/2"}],"replies":[{"embeddable":true,"href":"https:\/\/skippercity.com\/es\/wp-json\/wp\/v2\/comments?post=69303"}],"version-history":[{"count":0,"href":"https:\/\/skippercity.com\/es\/wp-json\/wp\/v2\/pages\/69303\/revisions"}],"wp:featuredmedia":[{"embeddable":true,"href":"https:\/\/skippercity.com\/es\/wp-json\/wp\/v2\/media\/408270"}],"wp:attachment":[{"href":"https:\/\/skippercity.com\/es\/wp-json\/wp\/v2\/media?parent=69303"}],"curies":[{"name":"wp","href":"https:\/\/api.w.org\/{rel}","templated":true}]}}