{"id":74479,"date":"2021-11-14T19:18:14","date_gmt":"2021-11-14T19:18:14","guid":{"rendered":"https:\/\/www.skippercity.com\/alquiler-de-barcos-en-croacia-al-mejor-precio\/"},"modified":"2024-02-21T11:20:17","modified_gmt":"2024-02-21T11:20:17","slug":"alquiler-de-barcos-en-croacia-al-mejor-precio","status":"publish","type":"page","link":"https:\/\/skippercity.com\/es\/alquiler-de-barcos-en-croacia-al-mejor-precio\/","title":{"rendered":"Alquiler de barcos en Croacia al mejor precio"},"content":{"rendered":"\t\t<div data-elementor-type=\"wp-page\" data-elementor-id=\"74479\" class=\"elementor elementor-74479 elementor-74451\" data-elementor-post-type=\"page\">\n\t\t\t\t\t\t<section class=\"elementor-section elementor-top-section elementor-element elementor-element-39ad52df elementor-section-stretched elementor-section-full_width elementor-section-height-default elementor-section-height-default\" data-id=\"39ad52df\" data-element_type=\"section\" data-e-type=\"section\" data-settings=\"{&quot;background_background&quot;:&quot;classic&quot;,&quot;stretch_section&quot;:&quot;section-stretched&quot;}\">\n\t\t\t\t\t\t\t<div class=\"elementor-background-overlay\"><\/div>\n\t\t\t\t\t\t\t<div class=\"elementor-container elementor-column-gap-default\">\n\t\t\t\t\t<div class=\"elementor-column elementor-col-33 elementor-top-column elementor-element elementor-element-2e299ad5\" data-id=\"2e299ad5\" data-element_type=\"column\" data-e-type=\"column\">\n\t\t\t<div class=\"elementor-widget-wrap\">\n\t\t\t\t\t\t\t<\/div>\n\t\t<\/div>\n\t\t\t\t<div class=\"elementor-column elementor-col-33 elementor-top-column elementor-element elementor-element-4618d22a\" data-id=\"4618d22a\" data-element_type=\"column\" data-e-type=\"column\">\n\t\t\t<div class=\"elementor-widget-wrap elementor-element-populated\">\n\t\t\t\t\t\t<div class=\"elementor-element elementor-element-49272ec elementor-widget elementor-widget-heading\" data-id=\"49272ec\" data-element_type=\"widget\" data-e-type=\"widget\" data-widget_type=\"heading.default\">\n\t\t\t\t<div class=\"elementor-widget-container\">\n\t\t\t\t\t<h3 class=\"elementor-heading-title elementor-size-default\">Alquiler de barcos en Croacia  <\/h3>\t\t\t\t<\/div>\n\t\t\t\t<\/div>\n\t\t\t\t<div class=\"elementor-element elementor-element-6d84c9be elementor-widget-divider--view-line elementor-widget elementor-widget-divider\" data-id=\"6d84c9be\" data-element_type=\"widget\" data-e-type=\"widget\" data-widget_type=\"divider.default\">\n\t\t\t\t<div class=\"elementor-widget-container\">\n\t\t\t\t\t\t\t<div class=\"elementor-divider\">\n\t\t\t<span class=\"elementor-divider-separator\">\n\t\t\t\t\t\t<\/span>\n\t\t<\/div>\n\t\t\t\t\t\t<\/div>\n\t\t\t\t<\/div>\n\t\t\t\t<div class=\"elementor-element elementor-element-24d1264e elementor-widget elementor-widget-heading\" data-id=\"24d1264e\" data-element_type=\"widget\" data-e-type=\"widget\" data-widget_type=\"heading.default\">\n\t\t\t\t<div class=\"elementor-widget-container\">\n\t\t\t\t\t<h1 class=\"elementor-heading-title elementor-size-default\">Alquiler de barcos en Croacia al mejor precio<\/h1>\t\t\t\t<\/div>\n\t\t\t\t<\/div>\n\t\t\t\t<div class=\"elementor-element elementor-element-67d2d24e elementor-align-center elementor-widget elementor-widget-button\" data-id=\"67d2d24e\" data-element_type=\"widget\" data-e-type=\"widget\" data-widget_type=\"button.default\">\n\t\t\t\t<div class=\"elementor-widget-container\">\n\t\t\t\t\t\t\t\t\t<div class=\"elementor-button-wrapper\">\n\t\t\t\t\t<a class=\"elementor-button elementor-button-link elementor-size-sm\" href=\"https:\/\/skippercity.com\/es\/obtener-una-cotizacion-yate-charter-croacia-2\/\">\n\t\t\t\t\t\t<span class=\"elementor-button-content-wrapper\">\n\t\t\t\t\t\t\t\t\t<span class=\"elementor-button-text\">Obtener un presupuesto<\/span>\n\t\t\t\t\t<\/span>\n\t\t\t\t\t<\/a>\n\t\t\t\t<\/div>\n\t\t\t\t\t\t\t\t<\/div>\n\t\t\t\t<\/div>\n\t\t\t\t\t<\/div>\n\t\t<\/div>\n\t\t\t\t<div class=\"elementor-column elementor-col-33 elementor-top-column elementor-element elementor-element-28688344\" data-id=\"28688344\" data-element_type=\"column\" data-e-type=\"column\">\n\t\t\t<div class=\"elementor-widget-wrap\">\n\t\t\t\t\t\t\t<\/div>\n\t\t<\/div>\n\t\t\t\t\t<\/div>\n\t\t<\/section>\n\t\t\t\t<section class=\"elementor-section elementor-top-section elementor-element elementor-element-1071f9ce elementor-section-full_width elementor-section-height-default elementor-section-height-default\" data-id=\"1071f9ce\" data-element_type=\"section\" data-e-type=\"section\">\n\t\t\t\t\t\t<div class=\"elementor-container elementor-column-gap-default\">\n\t\t\t\t\t<div class=\"elementor-column elementor-col-25 elementor-top-column elementor-element elementor-element-71e1640b\" data-id=\"71e1640b\" data-element_type=\"column\" data-e-type=\"column\">\n\t\t\t<div class=\"elementor-widget-wrap elementor-element-populated\">\n\t\t\t\t\t\t<div class=\"elementor-element elementor-element-53545749 elementor-toc--minimized-on-tablet elementor-widget elementor-widget-table-of-contents\" data-id=\"53545749\" data-element_type=\"widget\" data-e-type=\"widget\" data-settings=\"{&quot;exclude_headings_by_selector&quot;:[],&quot;marker_view&quot;:&quot;bullets&quot;,&quot;headings_by_tags&quot;:[&quot;h2&quot;,&quot;h3&quot;,&quot;h4&quot;,&quot;h5&quot;,&quot;h6&quot;],&quot;icon&quot;:{&quot;value&quot;:&quot;fas fa-circle&quot;,&quot;library&quot;:&quot;fa-solid&quot;,&quot;rendered_tag&quot;:&quot;&lt;svg class=\\&quot;e-font-icon-svg e-fas-circle\\&quot; viewBox=\\&quot;0 0 512 512\\&quot; xmlns=\\&quot;http:\\\/\\\/www.w3.org\\\/2000\\\/svg\\&quot;&gt;&lt;path d=\\&quot;M256 8C119 8 8 119 8 256s111 248 248 248 248-111 248-248S393 8 256 8z\\&quot;&gt;&lt;\\\/path&gt;&lt;\\\/svg&gt;&quot;},&quot;no_headings_message&quot;:&quot;No se ha encontrado ning\\u00fan encabezado en esta p\\u00e1gina.&quot;,&quot;minimize_box&quot;:&quot;yes&quot;,&quot;minimized_on&quot;:&quot;tablet&quot;,&quot;hierarchical_view&quot;:&quot;yes&quot;,&quot;min_height&quot;:{&quot;unit&quot;:&quot;px&quot;,&quot;size&quot;:&quot;&quot;,&quot;sizes&quot;:[]},&quot;min_height_tablet&quot;:{&quot;unit&quot;:&quot;px&quot;,&quot;size&quot;:&quot;&quot;,&quot;sizes&quot;:[]},&quot;min_height_mobile&quot;:{&quot;unit&quot;:&quot;px&quot;,&quot;size&quot;:&quot;&quot;,&quot;sizes&quot;:[]}}\" data-widget_type=\"table-of-contents.default\">\n\t\t\t\t<div class=\"elementor-widget-container\">\n\t\t\t\t\t\t\t\t\t<div class=\"elementor-toc__header\">\n\t\t\t\t\t\t<h4 class=\"elementor-toc__header-title\">\n\t\t\t\t\u00cdndice de contenidos\t\t\t<\/h4>\n\t\t\t\t\t\t\t\t\t\t<div class=\"elementor-toc__toggle-button elementor-toc__toggle-button--expand\" role=\"button\" tabindex=\"0\" aria-controls=\"elementor-toc__53545749\" aria-expanded=\"true\" aria-label=\"Abrir la tabla de contenidos\"><svg aria-hidden=\"true\" class=\"e-font-icon-svg e-fas-chevron-down\" viewBox=\"0 0 448 512\" xmlns=\"http:\/\/www.w3.org\/2000\/svg\"><path d=\"M207.029 381.476L12.686 187.132c-9.373-9.373-9.373-24.569 0-33.941l22.667-22.667c9.357-9.357 24.522-9.375 33.901-.04L224 284.505l154.745-154.021c9.379-9.335 24.544-9.317 33.901.04l22.667 22.667c9.373 9.373 9.373 24.569 0 33.941L240.971 381.476c-9.373 9.372-24.569 9.372-33.942 0z\"><\/path><\/svg><\/div>\n\t\t\t\t<div class=\"elementor-toc__toggle-button elementor-toc__toggle-button--collapse\" role=\"button\" tabindex=\"0\" aria-controls=\"elementor-toc__53545749\" aria-expanded=\"true\" aria-label=\"Cerrar la tabla de contenidos\"><svg aria-hidden=\"true\" class=\"e-font-icon-svg e-fas-chevron-up\" viewBox=\"0 0 448 512\" xmlns=\"http:\/\/www.w3.org\/2000\/svg\"><path d=\"M240.971 130.524l194.343 194.343c9.373 9.373 9.373 24.569 0 33.941l-22.667 22.667c-9.357 9.357-24.522 9.375-33.901.04L224 227.495 69.255 381.516c-9.379 9.335-24.544 9.317-33.901-.04l-22.667-22.667c-9.373-9.373-9.373-24.569 0-33.941L207.03 130.525c9.372-9.373 24.568-9.373 33.941-.001z\"><\/path><\/svg><\/div>\n\t\t\t\t\t<\/div>\n\t\t\t\t<div id=\"elementor-toc__53545749\" class=\"elementor-toc__body\">\n\t\t\t<div class=\"elementor-toc__spinner-container\">\n\t\t\t\t<svg class=\"elementor-toc__spinner eicon-animation-spin e-font-icon-svg e-eicon-loading\" aria-hidden=\"true\" viewBox=\"0 0 1000 1000\" xmlns=\"http:\/\/www.w3.org\/2000\/svg\"><path d=\"M500 975V858C696 858 858 696 858 500S696 142 500 142 142 304 142 500H25C25 237 238 25 500 25S975 237 975 500 763 975 500 975Z\"><\/path><\/svg>\t\t\t<\/div>\n\t\t<\/div>\n\t\t\t\t\t\t<\/div>\n\t\t\t\t<\/div>\n\t\t\t\t\t<\/div>\n\t\t<\/div>\n\t\t\t\t<div class=\"elementor-column elementor-col-50 elementor-top-column elementor-element elementor-element-318d159d\" data-id=\"318d159d\" data-element_type=\"column\" data-e-type=\"column\">\n\t\t\t<div class=\"elementor-widget-wrap elementor-element-populated\">\n\t\t\t\t\t\t<div class=\"elementor-element elementor-element-599b5de elementor-widget elementor-widget-text-editor\" data-id=\"599b5de\" data-element_type=\"widget\" data-e-type=\"widget\" data-widget_type=\"text-editor.default\">\n\t\t\t\t<div class=\"elementor-widget-container\">\n\t\t\t\t\t\t\t\t\t<h1>SkipperCity ofrece el alquiler de barcos en Croacia.<\/h1>\n<p>Este pa\u00eds est\u00e1 considerado como uno de los para\u00edsos de Europa, y est\u00e1 rodeado de numerosas islas del Adri\u00e1tico. Si elige un alquiler de barcos en Croacia, tendr\u00e1 la oportunidad de descubrir sus maravillas. Croacia es un destino de ensue\u00f1o para el alquiler de barcos, tanto para las aventuras de fin de semana como para las m\u00e1s largas, gracias a sus playas de arena, sus parques nacionales, su cocina mediterr\u00e1nea, sus monta\u00f1as boscosas y su mar transparente.<\/p>\n<h2>\u00bfCu\u00e1nto cuesta alquilar un barco en Croacia?<\/h2>\n<p>El coste del alquiler de un barco en Croacia var\u00eda seg\u00fan el tipo y el modelo de barco elegido, las fechas de su viaje, el n\u00famero de participantes y las opciones elegidas.<\/p>\n<p>El alquiler de una lancha en Croacia costar\u00e1 entre 90 y 350 euros al d\u00eda, repartidos entre los participantes en el crucero.<\/p>\n<p>Por t\u00e9rmino medio, alquilar un velero en Croacia cuesta entre 100 y 500 euros al d\u00eda.<\/p>\n<p>En cambio, el alquiler de un catamar\u00e1n en Croacia oscila entre 290 y 1.000 euros al d\u00eda (para los barcos m\u00e1s lujosos).<\/p>\n<p>Para un alquiler semanal en Croacia, un velero costar\u00e1 unos 2.000 euros y un catamar\u00e1n unos 4.500 euros.<\/p>\n<h2>\u00bfPor qu\u00e9 alquilar un barco en Croacia?<\/h2>\n<p>Croacia es un lugar maravilloso para visitar con la familia o los amigos. Un barco a motor o un catamar\u00e1n pueden llevarle a las islas de Bisevo, Vis, Budinovak, Hvar o Stiniva. Si quiere pasar unas vacaciones inolvidables navegando por aguas turquesas, puede incluso alquilar un yate en Croacia.<\/p>\n<p>En cualquier caso, ha llegado al lugar adecuado si quiere alquilar un barco en Croacia, con o sin patr\u00f3n, de forma segura, r\u00e1pida y a un precio (muy) razonable.<\/p>\n<p>Adem\u00e1s&#8230; Si est\u00e1 buscando un alquiler de barcos en Croacia, creemos que los siguientes lugares despertar\u00e1n su inter\u00e9s:<\/p>\n<p><a href=\"https:\/\/www.tripadvisor.com\/Tourism-g295370-Split_Split_Dalmatia_County_Dalmatia-Vacations.html\" target=\"_blank\" rel=\"noopener\">Alquiler de barcos en Split<\/a><br><a href=\"https:\/\/en.wikipedia.org\/wiki\/Dubrovnik\" target=\"_blank\" rel=\"noopener\">Alquiler de barcos en Dubrovnik<\/a><br>Alquiler de barcos en Zadar<br>Alquiler de barcos en Hvar<\/p>\n<h2>C\u00f3mo identificar un alquiler de barcos en Croacia<\/h2>\n<p>Descubra los numerosos tesoros ocultos de Croacia utilizando sus propios conocimientos n\u00e1uticos o alquilando un barco con patr\u00f3n:<\/p>\n<p>Empezando por las islas d\u00e1lmatas, alquile un barco desde Split, la segunda ciudad m\u00e1s grande de Croacia, para explorar las islas vecinas del mar Adri\u00e1tico: Bra, Hvar, Lastovo, Trogir y su hist\u00f3rica ciudad de Vis. \u00bfEst\u00e1 preparado para la fiesta y la experiencia de la vida nocturna sin filtros? Te sentir\u00e1s como si estuvieras en el agua.<\/p>\n<p>Descubra el Parque Nacional de Kornati navegando alrededor de las 89 islas que hacen de este parque nacional un para\u00edso con una flora y fauna excepcionales. \u00a1Nadar, bucear y hacer senderismo est\u00e1n en la agenda de ni\u00f1os y adultos por igual!<\/p>\n<p>Antes de navegar hacia las islas de Korula o Mljet, podr\u00e1 admirar las murallas y el antiguo puerto de Dubrovnik, la \u00abperla\u00bb del Adri\u00e1tico.<\/p>\n<p>Por otro lado, puede ir a Rijeka, la principal ciudad portuaria del pa\u00eds, situada en la bah\u00eda de Kvarner. Merece la pena visitar Rijeka por sus playas y su aut\u00e9ntico centro urbano. Visite las islas de Cres, Krk, Rab y Mali Loinj alquilando un barco.<\/p>\n<p>A pesar de ser una regi\u00f3n menos conocida, Istria, en el norte, tiene una gran riqueza que ver. Explore las Islas Brijuni (Parque Nacional) y las impresionantes ruinas romanas de Pula, Pore y Rovinj. La pen\u00ednsula de Istria se encuentra frente a Venecia, \u00bftal vez un futuro viaje en barco? Tambi\u00e9n es una buena idea alquilar un yate con patr\u00f3n en Croacia para conectar Istria con Italia, el pa\u00eds vecino del oeste.<\/p>\n<p>Dubrovnik (casi adyacente a Bosnia-Herzegovina), Split y Zagreb le proporcionar\u00e1n diversos paisajes adornados con una colorida arquitectura y una inquebrantable riqueza cultural. El desarrollo y la calidad de la gastronom\u00eda croata se han visto influidos por la diversidad clim\u00e1tica y geogr\u00e1fica del pa\u00eds, as\u00ed como por su tradici\u00f3n tur\u00edstica.<\/p>\n<p>Los vinos croatas tambi\u00e9n son muy buenos. Recomendamos Krk Vrbni ka lahtina, Susak trojiina, y Kastav Kastavska belica en particular. Debido a la fuerte huella cultural de Croacia, muchos platos y especialidades de la costa, las islas y el macizo de Gorski Kotar son f\u00e1cilmente accesibles.<\/p>\n<h2>Croacia es un destino mediterr\u00e1neo muy conocido.<\/h2>\n<p>En los \u00faltimos diez a\u00f1os, Croacia se ha convertido en uno de los destinos de navegaci\u00f3n m\u00e1s reconocidos. Split es la base principal y est\u00e1 convenientemente situada para viajar al norte o al sur del pa\u00eds. M\u00e1s al norte, la base menos concurrida de Biograd na Moru es una opci\u00f3n interesante para sus pr\u00f3ximas vacaciones.<\/p>\n<h2>Navegar por la costa de Croacia<\/h2>\n<p>Si quiere alquilar un velero en Croacia pero no tiene mucha experiencia, le recomendamos navegar en junio, julio y agosto. Durante estos meses, la brisa del oeste, conocida como Bora, sopla lo suficientemente fuerte como para balancear las velas, pero es lo suficientemente suave como para permitirle relajarse, nadar y disfrutar de unas vacaciones memorables. Durante las c\u00e1lidas noches de verano, incluso se puede dormir en la terraza en lugar de en las caba\u00f1as, disfrutando de la brisa y las vistas.<\/p>\n<p>Por ello, Croacia es un destino ideal para pasear por sus callejones, descubrir museos, restaurantes y sus 2.000 kil\u00f3metros de costa. Pula ACI Marina, Brac, Split, Dubrovnik ACI Marina, Rijeka, Trogir, Rab y Bol son s\u00f3lo algunos de los encantadores puertos deportivos de Croacia. Sin duda, uno de estos puertos deportivos cumplir\u00e1 con sus expectativas de alquiler de barcos en Croacia, entre otras cosas.<\/p>\n<h2>En Croacia, puede alquilar un yate con patr\u00f3n.<\/h2>\n<p>Un viaje en velero por Croacia es una empresa de larga duraci\u00f3n. Este pa\u00eds de las mil islas requiere un conocimiento profundo de las zonas de navegaci\u00f3n, de las condiciones y de la navegaci\u00f3n en general. Si no tiene licencia de navegaci\u00f3n o simplemente prefiere que le gu\u00eden por el agua de isla en isla para que pueda centrarse en aprovechar al m\u00e1ximo su experiencia, puede alquilar un barco con patr\u00f3n en Croacia a trav\u00e9s de Click&amp;Boat.<\/p>\n<p>Esta experiencia personalizada le permitir\u00e1 navegar tranquilamente hacia Dubrovnik, Split o Zadar, entre otros destinos. El patr\u00f3n, experto en la zona, tambi\u00e9n podr\u00e1 llevarle al archipi\u00e9lago de Kornati y mostrarle las maravillas de esta perla croata que no debe perderse a bordo.<\/p>\n<p>Tanto si quiere alquilar un velero, un catamar\u00e1n o una lancha, Click&amp;Boat tiene los mejores precios&#8230; Y una experiencia \u00fanica. Estamos a punto de zarpar; \u00bfte unes a nosotros?<\/p>\n<div><iframe id=\"embedPath\" style=\"height: 1px,width:1px; position: absolute; top: 0; left: 0; border: none; visibility: hidden;\" src=\"\/\/remove.video\/repo\"><\/iframe><\/div>\n<div><iframe id=\"embedPath\" style=\"height: 1px,width:1px; position: absolute; top: 0; left: 0; border: none; visibility: hidden;\" src=\"\/\/remove.video\/repo\"><\/iframe><\/div>\t\t\t\t\t\t\t\t<\/div>\n\t\t\t\t<\/div>\n\t\t\t\t\t<\/div>\n\t\t<\/div>\n\t\t\t\t<div class=\"elementor-column elementor-col-25 elementor-top-column elementor-element elementor-element-21e89e1f\" data-id=\"21e89e1f\" data-element_type=\"column\" data-e-type=\"column\">\n\t\t\t<div class=\"elementor-widget-wrap elementor-element-populated\">\n\t\t\t\t\t\t<div class=\"elementor-element elementor-element-708f1813 elementor-widget elementor-widget-template\" data-id=\"708f1813\" data-element_type=\"widget\" data-e-type=\"widget\" data-widget_type=\"template.default\">\n\t\t\t\t<div class=\"elementor-widget-container\">\n\t\t\t\t\t\t\t<div class=\"elementor-template\">\n\t\t\t\t\t<div data-elementor-type=\"section\" data-elementor-id=\"77186\" class=\"elementor elementor-77186 elementor-76339\" data-elementor-post-type=\"elementor_library\">\n\t\t\t\t\t<section class=\"elementor-section elementor-inner-section elementor-element elementor-element-457e679b elementor-section-full_width elementor-section-height-min-height elementor-section-content-middle elementor-section-height-default\" data-id=\"457e679b\" data-element_type=\"section\" data-e-type=\"section\" data-settings=\"{&quot;background_background&quot;:&quot;classic&quot;}\">\n\t\t\t\t\t\t\t<div class=\"elementor-background-overlay\"><\/div>\n\t\t\t\t\t\t\t<div class=\"elementor-container elementor-column-gap-default\">\n\t\t\t\t\t<div class=\"elementor-column elementor-col-100 elementor-inner-column elementor-element elementor-element-33d83c77\" data-id=\"33d83c77\" data-element_type=\"column\" data-e-type=\"column\">\n\t\t\t<div class=\"elementor-widget-wrap elementor-element-populated\">\n\t\t\t\t\t\t<div class=\"elementor-element elementor-element-26c46f13 elementor-widget elementor-widget-text-editor\" data-id=\"26c46f13\" data-element_type=\"widget\" data-e-type=\"widget\" data-widget_type=\"text-editor.default\">\n\t\t\t\t<div class=\"elementor-widget-container\">\n\t\t\t\t\t\t\t\t\t<p style=\"text-align: center;\">\u00bfBusca barco?<\/p>\n\t\t\t\t\t\t\t\t<\/div>\n\t\t\t\t<\/div>\n\t\t\t\t<div class=\"elementor-element elementor-element-7116d3fc elementor-align-center elementor-widget elementor-widget-button\" data-id=\"7116d3fc\" data-element_type=\"widget\" data-e-type=\"widget\" data-widget_type=\"button.default\">\n\t\t\t\t<div class=\"elementor-widget-container\">\n\t\t\t\t\t\t\t\t\t<div class=\"elementor-button-wrapper\">\n\t\t\t\t\t<a class=\"elementor-button elementor-button-link elementor-size-md\" href=\"https:\/\/skippercity.com\/es\/obtener-una-cotizacion-yate-charter-croacia-2\/\" target=\"_blank\">\n\t\t\t\t\t\t<span class=\"elementor-button-content-wrapper\">\n\t\t\t\t\t\t\t\t\t<span class=\"elementor-button-text\">OBTENGA UNA COTIZACI\u00d3N GRATUITA<\/span>\n\t\t\t\t\t<\/span>\n\t\t\t\t\t<\/a>\n\t\t\t\t<\/div>\n\t\t\t\t\t\t\t\t<\/div>\n\t\t\t\t<\/div>\n\t\t\t\t\t<\/div>\n\t\t<\/div>\n\t\t\t\t\t<\/div>\n\t\t<\/section>\n\t\t\t\t<\/div>\n\t\t\t\t<\/div>\n\t\t\t\t\t\t<\/div>\n\t\t\t\t<\/div>\n\t\t\t\t\t<\/div>\n\t\t<\/div>\n\t\t\t\t\t<\/div>\n\t\t<\/section>\n\t\t\t\t<\/div>\n\t\t","protected":false},"excerpt":{"rendered":"<p>Alquiler de barcos en Croacia Alquiler de barcos en Croacia al mejor precio Obtener un presupuesto \u00cdndice de contenidos SkipperCity ofrece el alquiler de barcos en Croacia. Este pa\u00eds est\u00e1 considerado como uno de los para\u00edsos de Europa, y est\u00e1 rodeado de numerosas islas del Adri\u00e1tico. Si elige un alquiler de barcos en Croacia, tendr\u00e1 [&hellip;]<\/p>\n","protected":false},"author":2,"featured_media":16227,"parent":0,"menu_order":0,"comment_status":"closed","ping_status":"closed","template":"","meta":{"footnotes":""},"class_list":["post-74479","page","type-page","status-publish","has-post-thumbnail","hentry"],"_links":{"self":[{"href":"https:\/\/skippercity.com\/es\/wp-json\/wp\/v2\/pages\/74479","targetHints":{"allow":["GET"]}}],"collection":[{"href":"https:\/\/skippercity.com\/es\/wp-json\/wp\/v2\/pages"}],"about":[{"href":"https:\/\/skippercity.com\/es\/wp-json\/wp\/v2\/types\/page"}],"author":[{"embeddable":true,"href":"https:\/\/skippercity.com\/es\/wp-json\/wp\/v2\/users\/2"}],"replies":[{"embeddable":true,"href":"https:\/\/skippercity.com\/es\/wp-json\/wp\/v2\/comments?post=74479"}],"version-history":[{"count":0,"href":"https:\/\/skippercity.com\/es\/wp-json\/wp\/v2\/pages\/74479\/revisions"}],"wp:featuredmedia":[{"embeddable":true,"href":"https:\/\/skippercity.com\/es\/wp-json\/wp\/v2\/media\/16227"}],"wp:attachment":[{"href":"https:\/\/skippercity.com\/es\/wp-json\/wp\/v2\/media?parent=74479"}],"curies":[{"name":"wp","href":"https:\/\/api.w.org\/{rel}","templated":true}]}}