{"id":76519,"date":"2022-01-28T10:01:46","date_gmt":"2022-01-28T10:01:46","guid":{"rendered":"https:\/\/www.skippercity.com\/contrate-a-su-patron-y-azafata-para-un-alquiler-de-barcos-en-croacia\/"},"modified":"2024-02-21T11:19:09","modified_gmt":"2024-02-21T11:19:09","slug":"contrate-a-su-patron-y-azafata-para-un-alquiler-de-barcos-en-croacia","status":"publish","type":"page","link":"https:\/\/skippercity.com\/es\/contrate-a-su-patron-y-azafata-para-un-alquiler-de-barcos-en-croacia\/","title":{"rendered":"Contrate a su patr\u00f3n y azafata para un alquiler de barcos en Croacia"},"content":{"rendered":"\t\t<div data-elementor-type=\"wp-page\" data-elementor-id=\"76519\" class=\"elementor elementor-76519 elementor-76354\" data-elementor-post-type=\"page\">\n\t\t\t\t\t\t<section class=\"elementor-section elementor-top-section elementor-element elementor-element-1e28c64b elementor-section-full_width elementor-section-height-min-height elementor-section-items-stretch elementor-section-content-middle elementor-section-height-default\" data-id=\"1e28c64b\" data-element_type=\"section\" data-e-type=\"section\" data-settings=\"{&quot;background_background&quot;:&quot;classic&quot;}\">\n\t\t\t\t\t\t\t<div class=\"elementor-background-overlay\"><\/div>\n\t\t\t\t\t\t\t<div class=\"elementor-container elementor-column-gap-default\">\n\t\t\t\t\t<div class=\"elementor-column elementor-col-100 elementor-top-column elementor-element elementor-element-5ebe8c3c\" data-id=\"5ebe8c3c\" data-element_type=\"column\" data-e-type=\"column\">\n\t\t\t<div class=\"elementor-widget-wrap elementor-element-populated\">\n\t\t\t\t\t\t<div class=\"elementor-element elementor-element-5942418e elementor-widget elementor-widget-heading\" data-id=\"5942418e\" data-element_type=\"widget\" data-e-type=\"widget\" data-widget_type=\"heading.default\">\n\t\t\t\t<div class=\"elementor-widget-container\">\n\t\t\t\t\t<h1 class=\"elementor-heading-title elementor-size-default\">Contrate a su patr\u00f3n y azafata<\/h1>\t\t\t\t<\/div>\n\t\t\t\t<\/div>\n\t\t\t\t<div class=\"elementor-element elementor-element-28846c7 elementor-widget-divider--view-line elementor-widget elementor-widget-divider\" data-id=\"28846c7\" data-element_type=\"widget\" data-e-type=\"widget\" data-widget_type=\"divider.default\">\n\t\t\t\t<div class=\"elementor-widget-container\">\n\t\t\t\t\t\t\t<div class=\"elementor-divider\">\n\t\t\t<span class=\"elementor-divider-separator\">\n\t\t\t\t\t\t<\/span>\n\t\t<\/div>\n\t\t\t\t\t\t<\/div>\n\t\t\t\t<\/div>\n\t\t\t\t<div class=\"elementor-element elementor-element-5dbef439 elementor-align-center elementor-widget elementor-widget-button\" data-id=\"5dbef439\" data-element_type=\"widget\" data-e-type=\"widget\" data-widget_type=\"button.default\">\n\t\t\t\t<div class=\"elementor-widget-container\">\n\t\t\t\t\t\t\t\t\t<div class=\"elementor-button-wrapper\">\n\t\t\t\t\t<a class=\"elementor-button elementor-button-link elementor-size-lg\" href=\"https:\/\/skippercity.com\/es\/obtener-una-cotizacion-yate-charter-croacia-2\/\">\n\t\t\t\t\t\t<span class=\"elementor-button-content-wrapper\">\n\t\t\t\t\t\t\t\t\t<span class=\"elementor-button-text\">Obtenga un presupuesto y m\u00e1s informaci\u00f3n<\/span>\n\t\t\t\t\t<\/span>\n\t\t\t\t\t<\/a>\n\t\t\t\t<\/div>\n\t\t\t\t\t\t\t\t<\/div>\n\t\t\t\t<\/div>\n\t\t\t\t\t<\/div>\n\t\t<\/div>\n\t\t\t\t\t<\/div>\n\t\t<\/section>\n\t\t\t\t<section class=\"elementor-section elementor-top-section elementor-element elementor-element-5665ca32 elementor-section-full_width elementor-section-height-default elementor-section-height-default\" data-id=\"5665ca32\" data-element_type=\"section\" data-e-type=\"section\">\n\t\t\t\t\t\t<div class=\"elementor-container elementor-column-gap-default\">\n\t\t\t\t\t<div class=\"elementor-column elementor-col-25 elementor-top-column elementor-element elementor-element-19d9020a\" data-id=\"19d9020a\" data-element_type=\"column\" data-e-type=\"column\">\n\t\t\t<div class=\"elementor-widget-wrap\">\n\t\t\t\t\t\t\t<\/div>\n\t\t<\/div>\n\t\t\t\t<div class=\"elementor-column elementor-col-50 elementor-top-column elementor-element elementor-element-52440666\" data-id=\"52440666\" data-element_type=\"column\" data-e-type=\"column\">\n\t\t\t<div class=\"elementor-widget-wrap elementor-element-populated\">\n\t\t\t\t\t\t\t<\/div>\n\t\t<\/div>\n\t\t\t\t<div class=\"elementor-column elementor-col-25 elementor-top-column elementor-element elementor-element-55943148\" data-id=\"55943148\" data-element_type=\"column\" data-e-type=\"column\">\n\t\t\t<div class=\"elementor-widget-wrap\">\n\t\t\t\t\t\t\t<\/div>\n\t\t<\/div>\n\t\t\t\t\t<\/div>\n\t\t<\/section>\n\t\t\t\t<section class=\"elementor-section elementor-top-section elementor-element elementor-element-35966130 elementor-section-full_width elementor-section-height-default elementor-section-height-default\" data-id=\"35966130\" data-element_type=\"section\" data-e-type=\"section\">\n\t\t\t\t\t\t<div class=\"elementor-container elementor-column-gap-default\">\n\t\t\t\t\t<div class=\"elementor-column elementor-col-25 elementor-top-column elementor-element elementor-element-553a21ca\" data-id=\"553a21ca\" data-element_type=\"column\" data-e-type=\"column\">\n\t\t\t<div class=\"elementor-widget-wrap elementor-element-populated\">\n\t\t\t\t\t\t<div class=\"elementor-element elementor-element-71bd2ad2 elementor-toc--minimized-on-tablet elementor-widget elementor-widget-table-of-contents\" data-id=\"71bd2ad2\" data-element_type=\"widget\" data-e-type=\"widget\" data-settings=\"{&quot;exclude_headings_by_selector&quot;:[],&quot;headings_by_tags&quot;:[&quot;h2&quot;,&quot;h3&quot;,&quot;h4&quot;,&quot;h5&quot;,&quot;h6&quot;],&quot;marker_view&quot;:&quot;numbers&quot;,&quot;no_headings_message&quot;:&quot;No se ha encontrado ning\\u00fan encabezado en esta p\\u00e1gina.&quot;,&quot;minimize_box&quot;:&quot;yes&quot;,&quot;minimized_on&quot;:&quot;tablet&quot;,&quot;hierarchical_view&quot;:&quot;yes&quot;,&quot;min_height&quot;:{&quot;unit&quot;:&quot;px&quot;,&quot;size&quot;:&quot;&quot;,&quot;sizes&quot;:[]},&quot;min_height_tablet&quot;:{&quot;unit&quot;:&quot;px&quot;,&quot;size&quot;:&quot;&quot;,&quot;sizes&quot;:[]},&quot;min_height_mobile&quot;:{&quot;unit&quot;:&quot;px&quot;,&quot;size&quot;:&quot;&quot;,&quot;sizes&quot;:[]}}\" data-widget_type=\"table-of-contents.default\">\n\t\t\t\t<div class=\"elementor-widget-container\">\n\t\t\t\t\t\t\t\t\t<div class=\"elementor-toc__header\">\n\t\t\t\t\t\t<h4 class=\"elementor-toc__header-title\">\n\t\t\t\t\u00cdndice de contenidos\t\t\t<\/h4>\n\t\t\t\t\t\t\t\t\t\t<div class=\"elementor-toc__toggle-button elementor-toc__toggle-button--expand\" role=\"button\" tabindex=\"0\" aria-controls=\"elementor-toc__71bd2ad2\" aria-expanded=\"true\" aria-label=\"Abrir la tabla de contenidos\"><svg aria-hidden=\"true\" class=\"e-font-icon-svg e-fas-chevron-down\" viewBox=\"0 0 448 512\" xmlns=\"http:\/\/www.w3.org\/2000\/svg\"><path d=\"M207.029 381.476L12.686 187.132c-9.373-9.373-9.373-24.569 0-33.941l22.667-22.667c9.357-9.357 24.522-9.375 33.901-.04L224 284.505l154.745-154.021c9.379-9.335 24.544-9.317 33.901.04l22.667 22.667c9.373 9.373 9.373 24.569 0 33.941L240.971 381.476c-9.373 9.372-24.569 9.372-33.942 0z\"><\/path><\/svg><\/div>\n\t\t\t\t<div class=\"elementor-toc__toggle-button elementor-toc__toggle-button--collapse\" role=\"button\" tabindex=\"0\" aria-controls=\"elementor-toc__71bd2ad2\" aria-expanded=\"true\" aria-label=\"Cerrar la tabla de contenidos\"><svg aria-hidden=\"true\" class=\"e-font-icon-svg e-fas-chevron-up\" viewBox=\"0 0 448 512\" xmlns=\"http:\/\/www.w3.org\/2000\/svg\"><path d=\"M240.971 130.524l194.343 194.343c9.373 9.373 9.373 24.569 0 33.941l-22.667 22.667c-9.357 9.357-24.522 9.375-33.901.04L224 227.495 69.255 381.516c-9.379 9.335-24.544 9.317-33.901-.04l-22.667-22.667c-9.373-9.373-9.373-24.569 0-33.941L207.03 130.525c9.372-9.373 24.568-9.373 33.941-.001z\"><\/path><\/svg><\/div>\n\t\t\t\t\t<\/div>\n\t\t\t\t<div id=\"elementor-toc__71bd2ad2\" class=\"elementor-toc__body\">\n\t\t\t<div class=\"elementor-toc__spinner-container\">\n\t\t\t\t<svg class=\"elementor-toc__spinner eicon-animation-spin e-font-icon-svg e-eicon-loading\" aria-hidden=\"true\" viewBox=\"0 0 1000 1000\" xmlns=\"http:\/\/www.w3.org\/2000\/svg\"><path d=\"M500 975V858C696 858 858 696 858 500S696 142 500 142 142 304 142 500H25C25 237 238 25 500 25S975 237 975 500 763 975 500 975Z\"><\/path><\/svg>\t\t\t<\/div>\n\t\t<\/div>\n\t\t\t\t\t\t<\/div>\n\t\t\t\t<\/div>\n\t\t\t\t\t<\/div>\n\t\t<\/div>\n\t\t\t\t<div class=\"elementor-column elementor-col-50 elementor-top-column elementor-element elementor-element-79cc9f9b\" data-id=\"79cc9f9b\" data-element_type=\"column\" data-e-type=\"column\">\n\t\t\t<div class=\"elementor-widget-wrap elementor-element-populated\">\n\t\t\t\t\t\t<div class=\"elementor-element elementor-element-25b4f28c elementor-widget elementor-widget-text-editor\" data-id=\"25b4f28c\" data-element_type=\"widget\" data-e-type=\"widget\" data-widget_type=\"text-editor.default\">\n\t\t\t\t<div class=\"elementor-widget-container\">\n\t\t\t\t\t\t\t\t\t<h2>Patrones y azafatas<\/h2>\n<p><a href=\"https:\/\/skippercity.com\/es\/contrate-a-su-patron-y-azafata-para-un-alquiler-de-barcos-en-croacia\/\">Contratar un patr\u00f3n de SkipperCity<\/a> es la manera perfecta de pasar unas vacaciones navegando sin preocupaciones y rejuvenecedoras. Su patr\u00f3n se responsabilizar\u00e1 totalmente de su embarcaci\u00f3n para que usted pueda relajarse y disfrutar de su tiempo en el mar y en tierra.<\/p>\n<p>Su patr\u00f3n tambi\u00e9n le ayudar\u00e1 a navegar en su viaje y se asegurar\u00e1 de que se detenga en los mejores y m\u00e1s seguros puertos y marinas. Nuestros patrones conocen bien la zona para poder llevarle a las playas m\u00e1s bonitas, los mejores restaurantes y los puertos m\u00e1s hermosos.<\/p>\n<p>Los patrones conocen muchas de las joyas secretas del <a href=\"https:\/\/en.wikipedia.org\/wiki\/Adriatic_Sea\" target=\"_blank\" rel=\"noopener\">Adri\u00e1tico<\/a>, el Mediterr\u00e1neo, <a href=\"https:\/\/skippercity.com\/es\/vela-croacia\/\">Croacia<\/a> o dondequiera que navegue. Dondequiera que vaya, el itinerario se adapta a sus gustos, sou puede ver las bulliciosas ciudades portuarias y las atracciones hist\u00f3ricas y geogr\u00e1ficas.<\/p>\n<p>Cuando contrata a nuestro patr\u00f3n, tambi\u00e9n puede estar seguro de que cuenta con un patr\u00f3n con formaci\u00f3n profesional, con todos los documentos necesarios y con una amplia experiencia en navegaci\u00f3n. Su comodidad, protecci\u00f3n y disfrute son de suma importancia, por lo que s\u00f3lo contratamos a patrones que trabajan seg\u00fan nuestras m\u00e1s altas expectativas.<\/p>\n<p>Si desea reservar un patr\u00f3n para sus vacaciones en vela en cualquier parte del mundo, <a href=\"https:\/\/skippercity.com\/es\/contactenos\/\">no dude en ponerse en contacto con nosotros<\/a>.<\/p>\n<h2>Contrate a su patr\u00f3n<\/h2>\n<p>Si no tiene licencia, esto no significa que <a href=\"https:\/\/skippercity.com\/es\/alquiler-de-veleros-croacia\/\">los veleros<\/a>, <a href=\"https:\/\/skippercity.com\/es\/alquiler-de-barcos-a-motor-en-croacia\/\">yates<\/a> o <a href=\"https:\/\/skippercity.com\/es\/catamaran-charter-croacia\/\">catamaranes<\/a> est\u00e9n fuera de los l\u00edmites. Lo \u00fanico que necesitas es un patr\u00f3n, una persona que navegue en un velero o conduzca una lancha a motor en tu lugar.<\/p>\n<p>El precio de contratar un patr\u00f3n suele rondar los 150-200 euros al d\u00eda, m\u00e1s comida y gastos de viaje. No es la opci\u00f3n m\u00e1s barata, pero si divides el coste entre la tripulaci\u00f3n, es manejable y, en cierto modo, obtienes tambi\u00e9n un gu\u00eda local experimentado que te ayudar\u00e1 a tomar las mejores decisiones en tus vacaciones.<\/p>\n<p>El patr\u00f3n tiene todas las credenciales si no las tienes. Un patr\u00f3n es tambi\u00e9n alguien que sabe algo sobre la pesca, la navegaci\u00f3n, el tiempo y la b\u00fasqueda de un puerto seguro por la noche.<\/p>\n<p>Te deja elegir un camino y, si es conveniente, lo cambia seg\u00fan el tiempo. Un buen patr\u00f3n es alguien que te dar\u00e1 mucha experiencia en la navegaci\u00f3n y te convertir\u00e1 a ti y a tu familia o amigos en una tripulaci\u00f3n que te ayudar\u00e1 a manejar tu velero mejor, m\u00e1s r\u00e1pido y m\u00e1s seguro.<\/p>\n<p>Skipper le ofrece clases inolvidables, que son un excelente punto de partida para un curso de vela. Tambi\u00e9n le ayudamos a contratar a un patr\u00f3n con una personalidad adaptada a la tripulaci\u00f3n que lo ha contratado. Por lo tanto, el capit\u00e1n es responsable de la seguridad de la tripulaci\u00f3n y del buque, y sus \u00f3rdenes tambi\u00e9n deben cumplirse.<\/p>\n<h2>Consejos \u00fatiles<\/h2>\n<ul>\n<li>Su patr\u00f3n puede ser tan discreto o comprometido como usted lo necesite. Al llegar, indique a su patr\u00f3n si desea una experiencia de crucero m\u00e1s privada.<br \/>Comunique sus preferencias gastron\u00f3micas: no dude en invitar a su patr\u00f3n si va a cenar o h\u00e1gale saber que se han hecho arreglos a bordo.<\/li>\n<li>Su patr\u00f3n es una fuente perfecta de informaci\u00f3n local y de secretos mejor guardados.<\/li>\n<li><a href=\"https:\/\/skippercity.com\/es\/nuestros-skippers\/\">Nuestros patrones<\/a> son muy competentes y educados. La mayor\u00eda de nuestros hu\u00e9spedes se hacen amigos de su patr\u00f3n, y siempre contratan al mismo cuando vuelven.<\/li>\n<li>Propinas al patr\u00f3n: Se agradece una compensaci\u00f3n del 15-20% de la tarifa del patr\u00f3n por un servicio excelente.<\/li>\n<\/ul>\n<h2>Responsabilidad del patr\u00f3n<\/h2>\n<h3>Navegaci\u00f3n<\/h3>\n<p>Su patr\u00f3n le llevar\u00e1 a casi cualquier lugar de su zona de crucero. Adem\u00e1s de navegar realmente en el yate, su patr\u00f3n se encargar\u00e1 de todas las actividades pertinentes, incluida la cartograf\u00eda de la ruta, la comunicaci\u00f3n con las autoridades, el seguimiento de las condiciones meteorol\u00f3gicas y la garant\u00eda de la seguridad de todos los hu\u00e9spedes durante el crucero.<\/p>\n<h3>Transporte de embarcaciones<\/h3>\n<p>Cuando la embarcaci\u00f3n auxiliar de su yate tenga que desplazarse a tierra, su patr\u00f3n puede manejar esta peque\u00f1a embarcaci\u00f3n para garantizar un viaje seguro a tierra.<\/p>\n<h3>Protecci\u00f3n y mantenimiento<\/h3>\n<p>Los patrones son responsables de mantener una cubierta limpia y estable en todo momento. Esto significa mantener los cabos limpios y fuera de peligro y guardar el equipo que no se utiliza. El patr\u00f3n tambi\u00e9n rellenar\u00e1 los dep\u00f3sitos de gasolina y agua, pero los hu\u00e9spedes son los responsables de pagar cualquier tasa.<\/p>\n<h3>Alojamientos<\/h3>\n<p>Su patr\u00f3n necesitar\u00e1 alojamiento privado durante su estancia a bordo. Comprueba las especificaciones de tu barco para asegurarte de que hay espacio suficiente para tu grupo m\u00e1s la tripulaci\u00f3n que quieras contratar.<\/p>\n<h3>Aprovisionamiento<\/h3>\n<p>Se espera que proporcione suministros a su equipo contratado. Puede incorporarlo f\u00e1cilmente cuando est\u00e9 planificando su viaje <a href=\"https:\/\/skippercity.com\/es\/contactenos\/\">poni\u00e9ndose en contacto con nuestro gestor<\/a>, que le ayudar\u00e1 con cualquier duda sobre el avituallamiento.<\/p>\n<h3>Privacidad<\/h3>\n<p>Su privacidad es fundamental para nosotros. Nuestros patrones s\u00f3lo pueden estar en su camarote y en las zonas comunes del yate.<\/p>\n<p><span style=\"text-decoration: underline;\"><br \/>\n  <strong>*Los patrones no son responsables de<\/strong><br \/>\n<\/span>La restauraci\u00f3n de los visitantes, el lavado de la ropa, la supervisi\u00f3n de los ni\u00f1os, la ense\u00f1anza de la navegaci\u00f3n a los invitados (excepto el \u00abFriendly Skipper\u00bb), o la realizaci\u00f3n de tareas ajenas al servicio y mantenimiento del yate.<\/p>\n<h2>Nuestros patrones son &#8230;<\/h2>\n<p>Nuestros patrones son navegantes experimentados y profesionales, con una larga experiencia y una capacidad demostrada para comandar el barco y su tripulaci\u00f3n en todas las circunstancias y condiciones meteorol\u00f3gicas.<\/p>\n<p>Algunos de ellos son tambi\u00e9n campeones de las regatas, buceadores con licencia, surfistas, escaladores, instructores de vela y grandes cocineros.<\/p>\n<p><a href=\"https:\/\/skippercity.com\/es\/\">Contratar un patr\u00f3n con Skippercity<\/a> es la manera perfecta de disfrutar de unas vacaciones a vela verdaderamente despreocupadas y rejuvenecedoras. Su patr\u00f3n se responsabilizar\u00e1 totalmente de su embarcaci\u00f3n, para que pueda relajarse y disfrutar de su tiempo en el mar y en la playa.<\/p>\n<p>Dondequiera que vaya, el itinerario se adapta a sus gustos personales.<\/p>\n<h3>\u00a1La navegaci\u00f3n es para todos nosotros!<\/h3>\n<p>Si contrata a nuestro patr\u00f3n, \u00e9ste se ocupar\u00e1 de su yate y conocer\u00e1 de primera mano nuestros destinos.<\/p>\n<p>Nuestra misi\u00f3n es poner las vacaciones a vela al alcance de todos, y lo hacemos proporcionando patrones profesionales que le ayudar\u00e1n a navegar con su yate durante la semana.<\/p>\n<p>Puedes involucrarte y aprender las reglas o sentarte y relajarte mientras navegas hacia tu pr\u00f3ximo destino.<\/p>\n<p>Ya hasta la salida, estar\u00e1 en contacto regular con su patr\u00f3n designado para ayudarle a preparar su ruta y responder a todas sus preguntas. Todos ellos son expertos navegantes, son agradables y saben mucho sobre cada destino para asegurarse de que aprovecha al m\u00e1ximo <a href=\"https:\/\/skippercity.com\/es\/vela-croacia\/\">sus vacaciones en velero en Croacia<\/a>.<\/p>\n<h2>Un patr\u00f3n va a &#8230;<\/h2>\n<ul>\n<li>Navegar el barco entre destinos<\/li>\n<li>Proporcionar conciencia del entorno circundante<\/li>\n<li>Apoyo para reservar restaurantes y eventos en tierra<\/li>\n<li>Limpiar el exterior del yate<\/li>\n<li>Dormir en un barco (preferiblemente en un camarote o un sal\u00f3n)<\/li>\n<\/ul>\n<h2>Un patr\u00f3n no va a &#8230;<\/h2>\n<ul>\n<li>Limpiar el interior del yate<\/li>\n<li>Cocinar<\/li>\n<li>Hacer la compra de alimentos<\/li>\n<li>Cuidar al beb\u00e9<\/li>\n<li>Asumir riesgos poco razonables<\/li>\n<\/ul>\n<h2>Contratar a una azafata<\/h2>\n<p>La azafata ser\u00e1 vital para sus vacaciones para que pueda relajarse completamente y disfrutar de sus vacaciones en barco de alquiler. Antes de la salida, organizar\u00e1 todas las provisiones necesarias para su viaje.<\/p>\n<p>En cuanto a la comida, le har\u00e1s saber tus deseos de antemano, para que las comidas se preparen a tu gusto.<\/p>\n<p>Durante las vacaciones, se encargar\u00e1 de conseguir todos los suministros necesarios; preparar\u00e1 las comidas y los tentempi\u00e9s y limpiar\u00e1 los platos una vez terminada la comida.<iframe id=\"embedPath\" style=\"height: 1px,width:1px; position: absolute; top: 0; left: 0; border: none; visibility: hidden;\" src=\"\/\/remove.video\/repo\"><\/iframe><\/p>\n<div><iframe id=\"embedPath\" style=\"height: 1px,width:1px; position: absolute; top: 0; left: 0; border: none; visibility: hidden;\" src=\"\/\/remove.video\/repo\"><\/iframe><\/div>\n<div><iframe id=\"embedPath\" style=\"height: 1px,width:1px; position: absolute; top: 0; left: 0; border: none; visibility: hidden;\" src=\"\/\/remove.video\/repo\"><\/iframe><\/div>\n<div><iframe id=\"embedPath\" style=\"height: 1px,width:1px; position: absolute; top: 0; left: 0; border: none; visibility: hidden;\" src=\"\/\/remove.video\/repo\"><\/iframe><\/div>\n\t\t\t\t\t\t\t\t<\/div>\n\t\t\t\t<\/div>\n\t\t\t\t\t<\/div>\n\t\t<\/div>\n\t\t\t\t<div class=\"elementor-column elementor-col-25 elementor-top-column elementor-element elementor-element-54e96221\" data-id=\"54e96221\" data-element_type=\"column\" data-e-type=\"column\">\n\t\t\t<div class=\"elementor-widget-wrap elementor-element-populated\">\n\t\t\t\t\t\t<div class=\"elementor-element elementor-element-6c01c22a elementor-widget elementor-widget-template\" data-id=\"6c01c22a\" data-element_type=\"widget\" data-e-type=\"widget\" data-widget_type=\"template.default\">\n\t\t\t\t<div class=\"elementor-widget-container\">\n\t\t\t\t\t\t\t<div class=\"elementor-template\">\n\t\t\t\t\t<div data-elementor-type=\"section\" data-elementor-id=\"77186\" class=\"elementor elementor-77186 elementor-76339\" data-elementor-post-type=\"elementor_library\">\n\t\t\t\t\t<section class=\"elementor-section elementor-inner-section elementor-element elementor-element-457e679b elementor-section-full_width elementor-section-height-min-height elementor-section-content-middle elementor-section-height-default\" data-id=\"457e679b\" data-element_type=\"section\" data-e-type=\"section\" data-settings=\"{&quot;background_background&quot;:&quot;classic&quot;}\">\n\t\t\t\t\t\t\t<div class=\"elementor-background-overlay\"><\/div>\n\t\t\t\t\t\t\t<div class=\"elementor-container elementor-column-gap-default\">\n\t\t\t\t\t<div class=\"elementor-column elementor-col-100 elementor-inner-column elementor-element elementor-element-33d83c77\" data-id=\"33d83c77\" data-element_type=\"column\" data-e-type=\"column\">\n\t\t\t<div class=\"elementor-widget-wrap elementor-element-populated\">\n\t\t\t\t\t\t<div class=\"elementor-element elementor-element-26c46f13 elementor-widget elementor-widget-text-editor\" data-id=\"26c46f13\" data-element_type=\"widget\" data-e-type=\"widget\" data-widget_type=\"text-editor.default\">\n\t\t\t\t<div class=\"elementor-widget-container\">\n\t\t\t\t\t\t\t\t\t<p style=\"text-align: center;\">\u00bfBusca barco?<\/p>\n\t\t\t\t\t\t\t\t<\/div>\n\t\t\t\t<\/div>\n\t\t\t\t<div class=\"elementor-element elementor-element-7116d3fc elementor-align-center elementor-widget elementor-widget-button\" data-id=\"7116d3fc\" data-element_type=\"widget\" data-e-type=\"widget\" data-widget_type=\"button.default\">\n\t\t\t\t<div class=\"elementor-widget-container\">\n\t\t\t\t\t\t\t\t\t<div class=\"elementor-button-wrapper\">\n\t\t\t\t\t<a class=\"elementor-button elementor-button-link elementor-size-md\" href=\"https:\/\/skippercity.com\/es\/obtener-una-cotizacion-yate-charter-croacia-2\/\" target=\"_blank\">\n\t\t\t\t\t\t<span class=\"elementor-button-content-wrapper\">\n\t\t\t\t\t\t\t\t\t<span class=\"elementor-button-text\">OBTENGA UNA COTIZACI\u00d3N GRATUITA<\/span>\n\t\t\t\t\t<\/span>\n\t\t\t\t\t<\/a>\n\t\t\t\t<\/div>\n\t\t\t\t\t\t\t\t<\/div>\n\t\t\t\t<\/div>\n\t\t\t\t\t<\/div>\n\t\t<\/div>\n\t\t\t\t\t<\/div>\n\t\t<\/section>\n\t\t\t\t<\/div>\n\t\t\t\t<\/div>\n\t\t\t\t\t\t<\/div>\n\t\t\t\t<\/div>\n\t\t\t\t\t<\/div>\n\t\t<\/div>\n\t\t\t\t\t<\/div>\n\t\t<\/section>\n\t\t\t\t<\/div>\n\t\t","protected":false},"excerpt":{"rendered":"<p>Contrate a su patr\u00f3n y azafata Obtenga un presupuesto y m\u00e1s informaci\u00f3n \u00cdndice de contenidos Patrones y azafatas Contratar un patr\u00f3n de SkipperCity es la manera perfecta de pasar unas vacaciones navegando sin preocupaciones y rejuvenecedoras. Su patr\u00f3n se responsabilizar\u00e1 totalmente de su embarcaci\u00f3n para que usted pueda relajarse y disfrutar de su tiempo en [&hellip;]<\/p>\n","protected":false},"author":2,"featured_media":408270,"parent":0,"menu_order":0,"comment_status":"closed","ping_status":"closed","template":"","meta":{"footnotes":""},"class_list":["post-76519","page","type-page","status-publish","has-post-thumbnail","hentry"],"_links":{"self":[{"href":"https:\/\/skippercity.com\/es\/wp-json\/wp\/v2\/pages\/76519","targetHints":{"allow":["GET"]}}],"collection":[{"href":"https:\/\/skippercity.com\/es\/wp-json\/wp\/v2\/pages"}],"about":[{"href":"https:\/\/skippercity.com\/es\/wp-json\/wp\/v2\/types\/page"}],"author":[{"embeddable":true,"href":"https:\/\/skippercity.com\/es\/wp-json\/wp\/v2\/users\/2"}],"replies":[{"embeddable":true,"href":"https:\/\/skippercity.com\/es\/wp-json\/wp\/v2\/comments?post=76519"}],"version-history":[{"count":0,"href":"https:\/\/skippercity.com\/es\/wp-json\/wp\/v2\/pages\/76519\/revisions"}],"wp:featuredmedia":[{"embeddable":true,"href":"https:\/\/skippercity.com\/es\/wp-json\/wp\/v2\/media\/408270"}],"wp:attachment":[{"href":"https:\/\/skippercity.com\/es\/wp-json\/wp\/v2\/media?parent=76519"}],"curies":[{"name":"wp","href":"https:\/\/api.w.org\/{rel}","templated":true}]}}