{"id":151932,"date":"2022-02-03T09:16:57","date_gmt":"2022-02-03T09:16:57","guid":{"rendered":"https:\/\/www.skippercity.com\/power-catamaran-charter-kroatia\/"},"modified":"2025-03-06T14:36:37","modified_gmt":"2025-03-06T14:36:37","slug":"power-catamaran-charter-kroatia","status":"publish","type":"page","link":"https:\/\/skippercity.com\/fi\/power-catamaran-charter-kroatia\/","title":{"rendered":"Power Catamaran charter Kroatia"},"content":{"rendered":"\t\t<div data-elementor-type=\"wp-page\" data-elementor-id=\"151932\" class=\"elementor elementor-151932 elementor-151927\" data-elementor-post-type=\"page\">\n\t\t\t\t\t\t<section class=\"elementor-section elementor-top-section elementor-element elementor-element-16f1fdce elementor-section-full_width elementor-section-height-min-height elementor-section-items-stretch elementor-section-content-middle elementor-section-height-default\" data-id=\"16f1fdce\" data-element_type=\"section\" data-e-type=\"section\" data-settings=\"{&quot;background_background&quot;:&quot;classic&quot;}\">\n\t\t\t\t\t\t\t<div class=\"elementor-background-overlay\"><\/div>\n\t\t\t\t\t\t\t<div class=\"elementor-container elementor-column-gap-default\">\n\t\t\t\t\t<div class=\"elementor-column elementor-col-100 elementor-top-column elementor-element elementor-element-3d22495b\" data-id=\"3d22495b\" data-element_type=\"column\" data-e-type=\"column\">\n\t\t\t<div class=\"elementor-widget-wrap elementor-element-populated\">\n\t\t\t\t\t\t<div class=\"elementor-element elementor-element-34876e13 elementor-widget elementor-widget-heading\" data-id=\"34876e13\" data-element_type=\"widget\" data-e-type=\"widget\" data-widget_type=\"heading.default\">\n\t\t\t\t<div class=\"elementor-widget-container\">\n\t\t\t\t\t<h1 class=\"elementor-heading-title elementor-size-default\">Power katamaraani charter<\/h1>\t\t\t\t<\/div>\n\t\t\t\t<\/div>\n\t\t\t\t<div class=\"elementor-element elementor-element-72e82ae6 elementor-widget-divider--view-line elementor-widget elementor-widget-divider\" data-id=\"72e82ae6\" data-element_type=\"widget\" data-e-type=\"widget\" data-widget_type=\"divider.default\">\n\t\t\t\t<div class=\"elementor-widget-container\">\n\t\t\t\t\t\t\t<div class=\"elementor-divider\">\n\t\t\t<span class=\"elementor-divider-separator\">\n\t\t\t\t\t\t<\/span>\n\t\t<\/div>\n\t\t\t\t\t\t<\/div>\n\t\t\t\t<\/div>\n\t\t\t\t<div class=\"elementor-element elementor-element-22235815 elementor-align-center elementor-widget elementor-widget-button\" data-id=\"22235815\" data-element_type=\"widget\" data-e-type=\"widget\" data-widget_type=\"button.default\">\n\t\t\t\t<div class=\"elementor-widget-container\">\n\t\t\t\t\t\t\t\t\t<div class=\"elementor-button-wrapper\">\n\t\t\t\t\t<a class=\"elementor-button elementor-button-link elementor-size-lg\" href=\"https:\/\/skippercity.com\/fi\/hanki-tarjous-yacht-charter-croatia\/\">\n\t\t\t\t\t\t<span class=\"elementor-button-content-wrapper\">\n\t\t\t\t\t\t\t\t\t<span class=\"elementor-button-text\">Hanki tarjous ja lis\u00e4tietoja<\/span>\n\t\t\t\t\t<\/span>\n\t\t\t\t\t<\/a>\n\t\t\t\t<\/div>\n\t\t\t\t\t\t\t\t<\/div>\n\t\t\t\t<\/div>\n\t\t\t\t\t<\/div>\n\t\t<\/div>\n\t\t\t\t\t<\/div>\n\t\t<\/section>\n\t\t\t\t<section class=\"elementor-section elementor-top-section elementor-element elementor-element-6fb15a5f elementor-section-full_width elementor-section-height-default elementor-section-height-default\" data-id=\"6fb15a5f\" data-element_type=\"section\" data-e-type=\"section\">\n\t\t\t\t\t\t<div class=\"elementor-container elementor-column-gap-default\">\n\t\t\t\t\t<div class=\"elementor-column elementor-col-25 elementor-top-column elementor-element elementor-element-56471c06\" data-id=\"56471c06\" data-element_type=\"column\" data-e-type=\"column\">\n\t\t\t<div class=\"elementor-widget-wrap\">\n\t\t\t\t\t\t\t<\/div>\n\t\t<\/div>\n\t\t\t\t<div class=\"elementor-column elementor-col-50 elementor-top-column elementor-element elementor-element-66281063\" data-id=\"66281063\" data-element_type=\"column\" data-e-type=\"column\">\n\t\t\t<div class=\"elementor-widget-wrap elementor-element-populated\">\n\t\t\t\t\t\t\t<\/div>\n\t\t<\/div>\n\t\t\t\t<div class=\"elementor-column elementor-col-25 elementor-top-column elementor-element elementor-element-7c24f30b\" data-id=\"7c24f30b\" data-element_type=\"column\" data-e-type=\"column\">\n\t\t\t<div class=\"elementor-widget-wrap\">\n\t\t\t\t\t\t\t<\/div>\n\t\t<\/div>\n\t\t\t\t\t<\/div>\n\t\t<\/section>\n\t\t\t\t<section class=\"elementor-section elementor-top-section elementor-element elementor-element-4ea0ad69 elementor-section-full_width elementor-section-height-default elementor-section-height-default\" data-id=\"4ea0ad69\" data-element_type=\"section\" data-e-type=\"section\">\n\t\t\t\t\t\t<div class=\"elementor-container elementor-column-gap-default\">\n\t\t\t\t\t<div class=\"elementor-column elementor-col-25 elementor-top-column elementor-element elementor-element-35025f5c\" data-id=\"35025f5c\" data-element_type=\"column\" data-e-type=\"column\">\n\t\t\t<div class=\"elementor-widget-wrap elementor-element-populated\">\n\t\t\t\t\t\t<div class=\"elementor-element elementor-element-2fa343f8 elementor-toc--minimized-on-tablet elementor-widget elementor-widget-table-of-contents\" data-id=\"2fa343f8\" data-element_type=\"widget\" data-e-type=\"widget\" data-settings=\"{&quot;exclude_headings_by_selector&quot;:[],&quot;headings_by_tags&quot;:[&quot;h2&quot;,&quot;h3&quot;,&quot;h4&quot;,&quot;h5&quot;,&quot;h6&quot;],&quot;marker_view&quot;:&quot;numbers&quot;,&quot;no_headings_message&quot;:&quot;No headings were found on this page.&quot;,&quot;minimize_box&quot;:&quot;yes&quot;,&quot;minimized_on&quot;:&quot;tablet&quot;,&quot;hierarchical_view&quot;:&quot;yes&quot;,&quot;min_height&quot;:{&quot;unit&quot;:&quot;px&quot;,&quot;size&quot;:&quot;&quot;,&quot;sizes&quot;:[]},&quot;min_height_tablet&quot;:{&quot;unit&quot;:&quot;px&quot;,&quot;size&quot;:&quot;&quot;,&quot;sizes&quot;:[]},&quot;min_height_mobile&quot;:{&quot;unit&quot;:&quot;px&quot;,&quot;size&quot;:&quot;&quot;,&quot;sizes&quot;:[]}}\" data-widget_type=\"table-of-contents.default\">\n\t\t\t\t<div class=\"elementor-widget-container\">\n\t\t\t\t\t\t\t\t\t<div class=\"elementor-toc__header\">\n\t\t\t\t\t\t<h4 class=\"elementor-toc__header-title\">\n\t\t\t\tSis\u00e4llysluettelo\t\t\t<\/h4>\n\t\t\t\t\t\t\t\t\t\t<div class=\"elementor-toc__toggle-button elementor-toc__toggle-button--expand\" role=\"button\" tabindex=\"0\" aria-controls=\"elementor-toc__2fa343f8\" aria-expanded=\"true\" aria-label=\"Open table of contents\"><svg aria-hidden=\"true\" class=\"e-font-icon-svg e-fas-chevron-down\" viewBox=\"0 0 448 512\" xmlns=\"http:\/\/www.w3.org\/2000\/svg\"><path d=\"M207.029 381.476L12.686 187.132c-9.373-9.373-9.373-24.569 0-33.941l22.667-22.667c9.357-9.357 24.522-9.375 33.901-.04L224 284.505l154.745-154.021c9.379-9.335 24.544-9.317 33.901.04l22.667 22.667c9.373 9.373 9.373 24.569 0 33.941L240.971 381.476c-9.373 9.372-24.569 9.372-33.942 0z\"><\/path><\/svg><\/div>\n\t\t\t\t<div class=\"elementor-toc__toggle-button elementor-toc__toggle-button--collapse\" role=\"button\" tabindex=\"0\" aria-controls=\"elementor-toc__2fa343f8\" aria-expanded=\"true\" aria-label=\"Close table of contents\"><svg aria-hidden=\"true\" class=\"e-font-icon-svg e-fas-chevron-up\" viewBox=\"0 0 448 512\" xmlns=\"http:\/\/www.w3.org\/2000\/svg\"><path d=\"M240.971 130.524l194.343 194.343c9.373 9.373 9.373 24.569 0 33.941l-22.667 22.667c-9.357 9.357-24.522 9.375-33.901.04L224 227.495 69.255 381.516c-9.379 9.335-24.544 9.317-33.901-.04l-22.667-22.667c-9.373-9.373-9.373-24.569 0-33.941L207.03 130.525c9.372-9.373 24.568-9.373 33.941-.001z\"><\/path><\/svg><\/div>\n\t\t\t\t\t<\/div>\n\t\t\t\t<div id=\"elementor-toc__2fa343f8\" class=\"elementor-toc__body\">\n\t\t\t<div class=\"elementor-toc__spinner-container\">\n\t\t\t\t<svg class=\"elementor-toc__spinner eicon-animation-spin e-font-icon-svg e-eicon-loading\" aria-hidden=\"true\" viewBox=\"0 0 1000 1000\" xmlns=\"http:\/\/www.w3.org\/2000\/svg\"><path d=\"M500 975V858C696 858 858 696 858 500S696 142 500 142 142 304 142 500H25C25 237 238 25 500 25S975 237 975 500 763 975 500 975Z\"><\/path><\/svg>\t\t\t<\/div>\n\t\t<\/div>\n\t\t\t\t\t\t<\/div>\n\t\t\t\t<\/div>\n\t\t\t\t\t<\/div>\n\t\t<\/div>\n\t\t\t\t<div class=\"elementor-column elementor-col-50 elementor-top-column elementor-element elementor-element-40c8ca53\" data-id=\"40c8ca53\" data-element_type=\"column\" data-e-type=\"column\">\n\t\t\t<div class=\"elementor-widget-wrap elementor-element-populated\">\n\t\t\t\t\t\t<div class=\"elementor-element elementor-element-7e082d8e elementor-widget elementor-widget-text-editor\" data-id=\"7e082d8e\" data-element_type=\"widget\" data-e-type=\"widget\" data-widget_type=\"text-editor.default\">\n\t\t\t\t<div class=\"elementor-widget-container\">\n\t\t\t\t\t\t\t\t\t<h2>Miksi vuokrata moottorikatamaraani Kroatiassa<\/h2>\n<p>Liiku nopeasti ja n\u00e4e lis\u00e4\u00e4 valitsemastasi kohteesta charter-katamaraanipurjehduslomallasi &#8211; se on t\u00e4rkein syy.<\/p>\n<p>Jos olet jollakin <a href=\"https:\/\/skippercity.com\/fi\/power-catamaran-charter-kroatia\/\" target=\"_blank\" rel=\"noopener\">katamaraaneistamme<\/a> , sinun ei tarvitse olla merimies nauttiaksesi saarihyppelyst\u00e4. S\u00e4hk\u00f6katamaraaneja on helppo ohjata ja se on ihanteellinen valinta purjehduslomaasi, sill\u00e4 ne tarjoavat mukavaa majoitusta, kun tutustut suosituimpiin risteilykohteisiin.<\/p>\n<h3>Power-katamaraanilla on monia etuja, mukaan lukien:<\/h3>\n<h4>Suuremmat nopeudet<\/h4>\n<p>Voimalliset katamaraanit ovat paljon nopeampia kuin purjeveneet. Voimakatamaraanit voivat nousta jopa 22 solmuun riippuen meriolosuhteista, mik\u00e4 antaa harrastajalle suuren vapauden tunteen. Purjeveneet ovat saavuttaneet noin 10 solmua ja ovat t\u00e4ysin riippuvaisia meri- ja tuuliolosuhteista sek\u00e4 miehist\u00f6n taidoista.<\/p>\n<h4>Tehokkuus<\/h4>\n<p>Saamasi ylim\u00e4\u00e4r\u00e4iset 10 solmua tarkoittavat, ett\u00e4 voit k\u00e4ytt\u00e4\u00e4 vapaa-aikaasi parhaalla mahdollisella tavalla. Voit kattaa et\u00e4isyydet puolessa purjeveneen ajasta, joten tehokatamaraanit ovat t\u00e4ydellinen vaihtoehto saarihyppelyyn ja lyhyille matkoille.<\/p>\n<h4>Rento loma<\/h4>\n<p>Kaksi runkoa on parempi kuin yksi, jos etsit upeaa ruokailuel\u00e4myst\u00e4 laivalla, rentoudu, rentoudu ja nauti maisemista.<\/p>\n<p>Ilman mastoa moottorikatamaraanit ovat t\u00e4ydellinen nouto charter-veneelle, koska sinun ei tarvitse huolehtia purjeistasi. T\u00e4m\u00e4 tarkoittaa, ett\u00e4 sinun ei tarvitse kutsua vieraita ollaksesi kaikki k\u00e4det veneess\u00e4, joten voit rentoutua ja antaa moottorin toimia katamaraanin vuokraamalla.<\/p>\n<h4>Yleiset alueet<\/h4>\n<p>Viet\u00e4t suuren osan lomastasi yl\u00e4kerroksessa, flybridgess\u00e4, jossa sinulla on p\u00e4\u00e4ohjaamo ja kaikki hallintalaitteet. Ruorissa on kaksi p\u00f6yt\u00e4\u00e4, flybridgess\u00e4 on my\u00f6s runsaasti istuma-alueita ja j\u00e4\u00e4kaappi kokemuksen jakamiseksi miehist\u00f6si kanssa, ja kylm\u00e4 juoma on aina k\u00e4den ulottuvilla.<\/p>\n<p>Veden hallinta hyvin varustetulla, tehokkaalla Power-katamaraanilla.<\/p>\n<p>Power-katamaraanilla kooltaan 37-51 tuumaa, unohtumaton loma odottaa sinua parhaalla risteilyalustalla, joka sopii charter-bileisien tarpeisiin ja makuun. Nauti tilavasta pohjaratkaisusta, moderneista mukavuuksista ja helppok\u00e4ytt\u00f6isyydest\u00e4 ajaessasi paikasta A paikkaan B nopeasti ja mukavasti.<\/p>\n<h2>Power katamaraani charter<\/h2>\n<p>Kaksoisrungot, suuret oleskelutilat ja hyttien sek\u00e4 moottorin ansiosta tehokatamaraani on ihanteellinen niille, jotka rakastavat katamaraanin vakautta, polttoainetehokkuutta ja tilaa, mutta haluavat samanaikaisesti moottoriveneen nopeutta ja mukavuutta.<\/p>\n<p>Tehokatamaraanin kaksoisrungot syrj\u00e4ytt\u00e4v\u00e4t paljon v\u00e4hemm\u00e4n vett\u00e4 kuin tavallinen yksirunkoinen huvijahti, mik\u00e4 saavuttaa erinomaisen polttoainetehokkuuden. He pit\u00e4v\u00e4t venett\u00e4 my\u00f6s paljon enemm\u00e4n vedess\u00e4, joten k\u00e4\u00e4nn\u00f6st\u00e4 on paljon v\u00e4hemm\u00e4n merisairauden v\u00e4hent\u00e4miseksi. Voimakatamaraaneista on my\u00f6s helppo p\u00e4\u00e4sy merelle, mik\u00e4 on hy\u00f6dyllist\u00e4 vesiurheiluun ja nousemiseen ja sielt\u00e4 poistumiseen.<\/p>\n<p>Kuvittele, ett\u00e4 matkustat saarella idyllisten Kreikan kaupunkien ymp\u00e4ri tai risteilyt yl\u00f6s ja alas Ranskan Rivieran rannikolla; V\u00e4litt\u00e4j\u00e4mme l\u00f6yt\u00e4v\u00e4t sinulle ihanteellisen moottorikatamaraanin lomallesi, jotta voit l\u00f6yt\u00e4\u00e4 n\u00e4m\u00e4 upeat kohteet.<\/p>\n<p>Hiljaisten m\u00f6kkien, suurien viihdepaikkojen ja ajanmukaisten mukavuuksien ansiosta laivastomme tarjoaa sinulle vapauden ja nopeuden lent\u00e4\u00e4 mukavasti saarten ja suosikkipys\u00e4hdyspaikkojen v\u00e4lill\u00e4.<\/p>\n<h2>Syy valita Yachtco<\/h2>\n<p><a href=\"https:\/\/skippercity.com\/fi\/meista\/\" target=\"_blank\" rel=\"noopener\">Ammattitaitoinen suunnittelutiimi<\/a> auttaa jokaisessa vaiheessa, jotta l\u00f6yd\u00e4t el\u00e4m\u00e4si matkan. SkipperCity-miehist\u00f6 on sitoutunut varmistamaan, ett\u00e4 ylellinen charter-lentosi on yksi parhaista lomastasi.<\/p>\n<p>Tarjoamme hienoimman valikoiman katamaraaneja idyllisess\u00e4 charterkohteessa &#8211; Kroatiassa. Ammattitaitoisen miehist\u00f6n makuusi r\u00e4\u00e4t\u00e4l\u00f6im\u00e4 charter voi olla niin rento tai seikkailunhaluinen kuin haluat.<\/p>\n<p>Vuonna 2020 charter-vierailla oli saatavilla uusia ylellisi\u00e4 katamaraaneja, sill\u00e4 upouudet Sunreef 80, Fountain Pajot 67 ja Lagoon 64 lanseerattiin ja tulivat charter-markkinoille. He ovat oikeutettuja charter-ajoon Kreikan saarilla, Italian Rivieralla ja V\u00e4limerell\u00e4 vuonna 2021.<\/p>\n<p>Purjehduskolvereidensa tavoin moottorikatamaraanit sopivat ihanteellisesti rahtaukseen, koska ne tarjoavat, kuten sanonta kuuluu, valtavasti tilaa, vauhtia ja armoa.<\/p>\n<p>Niill\u00e4 on suuria etuja vastaaviin yksirunkoisiin verrattuna. Niiss\u00e4 on leve\u00e4 keila (leveys), joka tarjoaa suuren keskeisen ruokailu- ja viihdealustan, monipuoliset sosiaaliset tilat keulassa ja rungossa sek\u00e4 kaksi runkoa (tai joskus kolme) riitt\u00e4v\u00e4n yksityisen hyttitilan saamiseksi.<\/p>\n<p>Maksimivoimakkuutensa lis\u00e4ksi tehokissat ovat nopeita. Ne voivat lent\u00e4\u00e4 jopa 25 solmua (28 mailia tunnissa \/ 47 km tunnissa) ja kulkea helposti pitki\u00e4 matkoja turvallisuuden, vakauden ja merikelpoisuuden ansiosta.<\/p>\n<p>He jopa ylpeilev\u00e4t matalammalla luonteella, jotta he voivat tutkia syrj\u00e4isi\u00e4 poukamia ja ankkuripaikkoja rannalla, mik\u00e4 tarkoittaa, ett\u00e4 voit menn\u00e4 sinne, miss\u00e4 muut charter-alukset eiv\u00e4t uskalla menn\u00e4!<\/p>\n<p>N\u00e4ill\u00e4 huippuluokan charter-jahdilla on suuri kysynt\u00e4, joten ota yhteytt\u00e4 ja varaa suosikkip\u00e4iv\u00e4si saadaksesi \u00e4\u00e4rimm\u00e4isen ylellisen charter-kokemuksen.<\/p>\n<h3>Mik\u00e4 on Power Catamaran?<\/h3>\n<p>Yksinkertaisin vastaus on, ett\u00e4 voimakissa on katamaraani, jossa on dieselmoottori(t). Sellaisenaan tehokatamaraani on k\u00e4ytt\u00f6voimaltaan hyvin samanlainen kuin moottorivene.<\/p>\n<p>Rakenteeltaan voimakatamaraani on kuitenkin hyvin samanlainen kuin purjekatamaraani, vaikka siin\u00e4 ei ole mastoa tai purjetta. Molemmissa katamaraaneissa on kaksi runkoa ja matala profiiliasento. N\u00e4m\u00e4 veneet istuvat l\u00e4hemp\u00e4n\u00e4 vett\u00e4 ja niill\u00e4 on leve\u00e4mm\u00e4t alustat kaksoisrunkojen ansiosta.<\/p>\n<p>Jopa suurella nopeudella purjehtiessa voimakissat ovat ennenn\u00e4kem\u00e4tt\u00f6m\u00e4n vakaita. Mit\u00e4 tulee yksirunkoisiin huviveneisiin, katamaraanit ovat ketter\u00e4mpi\u00e4 ja pystyv\u00e4t iskem\u00e4\u00e4n suurempiin nopeuksiin. T\u00e4m\u00e4 johtuu siit\u00e4, ett\u00e4 katamaraaneissa on v\u00e4hemm\u00e4n vastusta. Se saattaa tuntua uskomattomalta, mutta vaikka katamaraanit ovat nopeampia, ne ovat silti tehokkaampia.<\/p>\n<p>Koska vastusaallot ovat v\u00e4hentyneet, katamaraanien ei tarvitse ty\u00f6skennell\u00e4 lujasti tuodakseen voimaa veden l\u00e4pi. T\u00e4m\u00e4n seurauksena tehokissan vuokraus on saattanut maksaa hieman v\u00e4hemm\u00e4n kuin vastaavan kokoisiin yksirunkoisiin huviveneisiin.<\/p>\n<p>Koko katamaraanin kannen alla oleva tila ulottuu molempien runkojen poikki. Ja koska power cat -keila on yleens\u00e4 leve\u00e4mpi kuin tavallisen yksirunkoisen rungon, sen sis\u00e4tilat ovat yleens\u00e4 paljon tilavampia. Siksi katamaraanit tarjoavat vieraille yleens\u00e4 suuremman oleskelutilan ja enemm\u00e4n yksityisyytt\u00e4 kannen alla.<\/p>\n<p>Leve\u00e4mpi valokeila tarkoittaa my\u00f6s enemm\u00e4n kansitilaa, ja koska voimakissoilla ei ole purjeita, l\u00f6yd\u00e4t paljon enemm\u00e4n tilaa kuin purjekatamaraani. Useimmissa charter-katamaraaneissa on tilavat aurinkoterassit, upeat takakannet ja monia panoraamahuoneita.<\/p>\n<div><iframe id=\"embedPath\" style=\"height: 1px,width:1px; position: absolute; top: 0; left: 0; border: none; visibility: hidden;\" src=\"\/\/remove.video\/repo\"><\/iframe><\/div>\n\t\t\t\t\t\t\t\t<\/div>\n\t\t\t\t<\/div>\n\t\t\t\t\t<\/div>\n\t\t<\/div>\n\t\t\t\t<div class=\"elementor-column elementor-col-25 elementor-top-column elementor-element elementor-element-167205c0\" data-id=\"167205c0\" data-element_type=\"column\" data-e-type=\"column\">\n\t\t\t<div class=\"elementor-widget-wrap elementor-element-populated\">\n\t\t\t\t\t\t<div class=\"elementor-element elementor-element-543f6c6a elementor-widget elementor-widget-template\" data-id=\"543f6c6a\" data-element_type=\"widget\" data-e-type=\"widget\" data-widget_type=\"template.default\">\n\t\t\t\t<div class=\"elementor-widget-container\">\n\t\t\t\t\t\t\t<div class=\"elementor-template\">\n\t\t\t\t\t<div data-elementor-type=\"section\" data-elementor-id=\"77216\" class=\"elementor elementor-77216 elementor-76339\" data-elementor-post-type=\"elementor_library\">\n\t\t\t\t\t<section class=\"elementor-section elementor-inner-section elementor-element elementor-element-457e679b elementor-section-full_width elementor-section-height-min-height elementor-section-content-middle elementor-section-height-default\" data-id=\"457e679b\" data-element_type=\"section\" data-e-type=\"section\" data-settings=\"{&quot;background_background&quot;:&quot;classic&quot;}\">\n\t\t\t\t\t\t\t<div class=\"elementor-background-overlay\"><\/div>\n\t\t\t\t\t\t\t<div class=\"elementor-container elementor-column-gap-default\">\n\t\t\t\t\t<div class=\"elementor-column elementor-col-100 elementor-inner-column elementor-element elementor-element-33d83c77\" data-id=\"33d83c77\" data-element_type=\"column\" data-e-type=\"column\">\n\t\t\t<div class=\"elementor-widget-wrap elementor-element-populated\">\n\t\t\t\t\t\t<div class=\"elementor-element elementor-element-26c46f13 elementor-widget elementor-widget-text-editor\" data-id=\"26c46f13\" data-element_type=\"widget\" data-e-type=\"widget\" data-widget_type=\"text-editor.default\">\n\t\t\t\t<div class=\"elementor-widget-container\">\n\t\t\t\t\t\t\t\t\t<p style=\"text-align: center;\">Etsitk\u00f6 venett\u00e4?<\/p>\n\t\t\t\t\t\t\t\t<\/div>\n\t\t\t\t<\/div>\n\t\t\t\t<div class=\"elementor-element elementor-element-7116d3fc elementor-align-center elementor-widget elementor-widget-button\" data-id=\"7116d3fc\" data-element_type=\"widget\" data-e-type=\"widget\" data-widget_type=\"button.default\">\n\t\t\t\t<div class=\"elementor-widget-container\">\n\t\t\t\t\t\t\t\t\t<div class=\"elementor-button-wrapper\">\n\t\t\t\t\t<a class=\"elementor-button elementor-button-link elementor-size-md\" href=\"https:\/\/skippercity.com\/fi\/hanki-tarjous-yacht-charter-croatia\/\" target=\"_blank\">\n\t\t\t\t\t\t<span class=\"elementor-button-content-wrapper\">\n\t\t\t\t\t\t\t\t\t<span class=\"elementor-button-text\">SAA ILMAINEN tarjous<\/span>\n\t\t\t\t\t<\/span>\n\t\t\t\t\t<\/a>\n\t\t\t\t<\/div>\n\t\t\t\t\t\t\t\t<\/div>\n\t\t\t\t<\/div>\n\t\t\t\t\t<\/div>\n\t\t<\/div>\n\t\t\t\t\t<\/div>\n\t\t<\/section>\n\t\t\t\t<\/div>\n\t\t\t\t<\/div>\n\t\t\t\t\t\t<\/div>\n\t\t\t\t<\/div>\n\t\t\t\t\t<\/div>\n\t\t<\/div>\n\t\t\t\t\t<\/div>\n\t\t<\/section>\n\t\t\t\t<section class=\"elementor-section elementor-top-section elementor-element elementor-element-621d9ea5 elementor-section-full_width elementor-section-height-default elementor-section-height-default\" data-id=\"621d9ea5\" data-element_type=\"section\" data-e-type=\"section\">\n\t\t\t\t\t\t<div class=\"elementor-container elementor-column-gap-default\">\n\t\t\t\t\t<div class=\"elementor-column elementor-col-100 elementor-top-column elementor-element elementor-element-6336d417\" data-id=\"6336d417\" data-element_type=\"column\" data-e-type=\"column\">\n\t\t\t<div class=\"elementor-widget-wrap elementor-element-populated\">\n\t\t\t\t\t\t<div class=\"elementor-element elementor-element-359d3063 elementor-widget elementor-widget-gallery\" data-id=\"359d3063\" data-element_type=\"widget\" data-e-type=\"widget\" data-settings=\"{&quot;gallery_layout&quot;:&quot;justified&quot;,&quot;lazyload&quot;:&quot;yes&quot;,&quot;ideal_row_height&quot;:{&quot;unit&quot;:&quot;px&quot;,&quot;size&quot;:200,&quot;sizes&quot;:[]},&quot;ideal_row_height_tablet&quot;:{&quot;unit&quot;:&quot;px&quot;,&quot;size&quot;:150,&quot;sizes&quot;:[]},&quot;ideal_row_height_mobile&quot;:{&quot;unit&quot;:&quot;px&quot;,&quot;size&quot;:150,&quot;sizes&quot;:[]},&quot;gap&quot;:{&quot;unit&quot;:&quot;px&quot;,&quot;size&quot;:10,&quot;sizes&quot;:[]},&quot;gap_tablet&quot;:{&quot;unit&quot;:&quot;px&quot;,&quot;size&quot;:10,&quot;sizes&quot;:[]},&quot;gap_mobile&quot;:{&quot;unit&quot;:&quot;px&quot;,&quot;size&quot;:10,&quot;sizes&quot;:[]},&quot;link_to&quot;:&quot;file&quot;,&quot;overlay_background&quot;:&quot;yes&quot;,&quot;content_hover_animation&quot;:&quot;fade-in&quot;}\" data-widget_type=\"gallery.default\">\n\t\t\t\t<div class=\"elementor-widget-container\">\n\t\t\t\t\t\t\t<div class=\"elementor-gallery__container\">\n\t\t\t\t\t\t\t<a class=\"e-gallery-item elementor-gallery-item elementor-animated-content\" href=\"https:\/\/skippercity.com\/vsebina\/uploads\/power-catamaran-charter-rental-4.jpg\" data-elementor-open-lightbox=\"yes\" data-elementor-lightbox-slideshow=\"359d3063\" data-elementor-lightbox-title=\"power-catamaran-charter-rental-4.jpg\" data-e-action-hash=\"#elementor-action%3Aaction%3Dlightbox%26settings%3DeyJpZCI6MTUyMDM0LCJ1cmwiOiJodHRwczpcL1wvc2tpcHBlcmNpdHkuY29tXC92c2ViaW5hXC91cGxvYWRzXC9wb3dlci1jYXRhbWFyYW4tY2hhcnRlci1yZW50YWwtNC5qcGciLCJzbGlkZXNob3ciOiIzNTlkMzA2MyJ9\">\n\t\t\t\t\t<div class=\"e-gallery-image elementor-gallery-item__image\" data-thumbnail=\"https:\/\/skippercity.com\/vsebina\/uploads\/power-catamaran-charter-rental-4.jpg\" data-width=\"512\" data-height=\"341\" aria-label=\"\" role=\"img\" ><\/div>\n\t\t\t\t\t\t\t\t\t\t\t<div class=\"elementor-gallery-item__overlay\"><\/div>\n\t\t\t\t\t\t\t\t\t\t\t\t\t\t<\/a>\n\t\t\t\t\t\t\t<a class=\"e-gallery-item elementor-gallery-item elementor-animated-content\" href=\"https:\/\/skippercity.com\/vsebina\/uploads\/power-catamaran-charter-rental-3.jpg\" data-elementor-open-lightbox=\"yes\" data-elementor-lightbox-slideshow=\"359d3063\" data-elementor-lightbox-title=\"power-catamaran-charter-rental-3.jpg\" data-e-action-hash=\"#elementor-action%3Aaction%3Dlightbox%26settings%3DeyJpZCI6MTUyMDQ3LCJ1cmwiOiJodHRwczpcL1wvc2tpcHBlcmNpdHkuY29tXC92c2ViaW5hXC91cGxvYWRzXC9wb3dlci1jYXRhbWFyYW4tY2hhcnRlci1yZW50YWwtMy5qcGciLCJzbGlkZXNob3ciOiIzNTlkMzA2MyJ9\">\n\t\t\t\t\t<div class=\"e-gallery-image elementor-gallery-item__image\" data-thumbnail=\"https:\/\/skippercity.com\/vsebina\/uploads\/power-catamaran-charter-rental-3.jpg\" data-width=\"1200\" data-height=\"672\" aria-label=\"\" role=\"img\" ><\/div>\n\t\t\t\t\t\t\t\t\t\t\t<div class=\"elementor-gallery-item__overlay\"><\/div>\n\t\t\t\t\t\t\t\t\t\t\t\t\t\t<\/a>\n\t\t\t\t\t\t\t<a class=\"e-gallery-item elementor-gallery-item elementor-animated-content\" href=\"https:\/\/skippercity.com\/vsebina\/uploads\/power-catamaran-charter-rental-2.jpg\" data-elementor-open-lightbox=\"yes\" data-elementor-lightbox-slideshow=\"359d3063\" data-elementor-lightbox-title=\"power-catamaran-charter-rental-2.jpg\" data-e-action-hash=\"#elementor-action%3Aaction%3Dlightbox%26settings%3DeyJpZCI6MTUyMDIxLCJ1cmwiOiJodHRwczpcL1wvc2tpcHBlcmNpdHkuY29tXC92c2ViaW5hXC91cGxvYWRzXC9wb3dlci1jYXRhbWFyYW4tY2hhcnRlci1yZW50YWwtMi5qcGciLCJzbGlkZXNob3ciOiIzNTlkMzA2MyJ9\">\n\t\t\t\t\t<div class=\"e-gallery-image elementor-gallery-item__image\" data-thumbnail=\"https:\/\/skippercity.com\/vsebina\/uploads\/power-catamaran-charter-rental-2.jpg\" data-width=\"1280\" data-height=\"720\" aria-label=\"\" role=\"img\" ><\/div>\n\t\t\t\t\t\t\t\t\t\t\t<div class=\"elementor-gallery-item__overlay\"><\/div>\n\t\t\t\t\t\t\t\t\t\t\t\t\t\t<\/a>\n\t\t\t\t\t\t\t<a class=\"e-gallery-item elementor-gallery-item elementor-animated-content\" href=\"https:\/\/skippercity.com\/vsebina\/uploads\/power-catamaran-charter-rental-1.jpg\" data-elementor-open-lightbox=\"yes\" data-elementor-lightbox-slideshow=\"359d3063\" data-elementor-lightbox-title=\"power-catamaran-charter-rental-1.jpg\" data-e-action-hash=\"#elementor-action%3Aaction%3Dlightbox%26settings%3DeyJpZCI6MTUyMDYwLCJ1cmwiOiJodHRwczpcL1wvc2tpcHBlcmNpdHkuY29tXC92c2ViaW5hXC91cGxvYWRzXC9wb3dlci1jYXRhbWFyYW4tY2hhcnRlci1yZW50YWwtMS5qcGciLCJzbGlkZXNob3ciOiIzNTlkMzA2MyJ9\">\n\t\t\t\t\t<div class=\"e-gallery-image elementor-gallery-item__image\" data-thumbnail=\"https:\/\/skippercity.com\/vsebina\/uploads\/power-catamaran-charter-rental-1.jpg\" data-width=\"5000\" data-height=\"2500\" aria-label=\"\" role=\"img\" ><\/div>\n\t\t\t\t\t\t\t\t\t\t\t<div class=\"elementor-gallery-item__overlay\"><\/div>\n\t\t\t\t\t\t\t\t\t\t\t\t\t\t<\/a>\n\t\t\t\t\t<\/div>\n\t\t\t\t\t<\/div>\n\t\t\t\t<\/div>\n\t\t\t\t\t<\/div>\n\t\t<\/div>\n\t\t\t\t\t<\/div>\n\t\t<\/section>\n\t\t\t\t<\/div>\n\t\t","protected":false},"excerpt":{"rendered":"<p>Power katamaraani charter Hanki tarjous ja lis\u00e4tietoja Sis\u00e4llysluettelo Miksi vuokrata moottorikatamaraani Kroatiassa Liiku nopeasti ja n\u00e4e lis\u00e4\u00e4 valitsemastasi kohteesta charter-katamaraanipurjehduslomallasi &#8211; se on t\u00e4rkein syy. Jos olet jollakin katamaraaneistamme , sinun ei tarvitse olla merimies nauttiaksesi saarihyppelyst\u00e4. S\u00e4hk\u00f6katamaraaneja on helppo ohjata ja se on ihanteellinen valinta purjehduslomaasi, sill\u00e4 ne tarjoavat mukavaa majoitusta, kun tutustut suosituimpiin [&hellip;]<\/p>\n","protected":false},"author":2,"featured_media":408270,"parent":0,"menu_order":0,"comment_status":"closed","ping_status":"closed","template":"","meta":{"footnotes":""},"class_list":["post-151932","page","type-page","status-publish","has-post-thumbnail","hentry"],"_links":{"self":[{"href":"https:\/\/skippercity.com\/fi\/wp-json\/wp\/v2\/pages\/151932","targetHints":{"allow":["GET"]}}],"collection":[{"href":"https:\/\/skippercity.com\/fi\/wp-json\/wp\/v2\/pages"}],"about":[{"href":"https:\/\/skippercity.com\/fi\/wp-json\/wp\/v2\/types\/page"}],"author":[{"embeddable":true,"href":"https:\/\/skippercity.com\/fi\/wp-json\/wp\/v2\/users\/2"}],"replies":[{"embeddable":true,"href":"https:\/\/skippercity.com\/fi\/wp-json\/wp\/v2\/comments?post=151932"}],"version-history":[{"count":0,"href":"https:\/\/skippercity.com\/fi\/wp-json\/wp\/v2\/pages\/151932\/revisions"}],"wp:featuredmedia":[{"embeddable":true,"href":"https:\/\/skippercity.com\/fi\/wp-json\/wp\/v2\/media\/408270"}],"wp:attachment":[{"href":"https:\/\/skippercity.com\/fi\/wp-json\/wp\/v2\/media?parent=151932"}],"curies":[{"name":"wp","href":"https:\/\/api.w.org\/{rel}","templated":true}]}}