{"id":151943,"date":"2022-02-03T09:17:08","date_gmt":"2022-02-03T09:17:08","guid":{"rendered":"https:\/\/www.skippercity.com\/moottorivene-charter-kroatia\/"},"modified":"2025-03-06T14:36:39","modified_gmt":"2025-03-06T14:36:39","slug":"moottorivene-charter-kroatia","status":"publish","type":"page","link":"https:\/\/skippercity.com\/fi\/moottorivene-charter-kroatia\/","title":{"rendered":"Moottorivene charter Kroatia"},"content":{"rendered":"\t\t<div data-elementor-type=\"wp-page\" data-elementor-id=\"151943\" class=\"elementor elementor-151943 elementor-151928\" data-elementor-post-type=\"page\">\n\t\t\t\t\t\t<section class=\"elementor-section elementor-top-section elementor-element elementor-element-7e1de428 elementor-section-full_width elementor-section-height-min-height elementor-section-items-stretch elementor-section-content-middle elementor-section-height-default\" data-id=\"7e1de428\" data-element_type=\"section\" data-e-type=\"section\" data-settings=\"{&quot;background_background&quot;:&quot;classic&quot;}\">\n\t\t\t\t\t\t\t<div class=\"elementor-background-overlay\"><\/div>\n\t\t\t\t\t\t\t<div class=\"elementor-container elementor-column-gap-default\">\n\t\t\t\t\t<div class=\"elementor-column elementor-col-100 elementor-top-column elementor-element elementor-element-42cc489c\" data-id=\"42cc489c\" data-element_type=\"column\" data-e-type=\"column\">\n\t\t\t<div class=\"elementor-widget-wrap elementor-element-populated\">\n\t\t\t\t\t\t<div class=\"elementor-element elementor-element-6f4f64bc elementor-widget elementor-widget-heading\" data-id=\"6f4f64bc\" data-element_type=\"widget\" data-e-type=\"widget\" data-widget_type=\"heading.default\">\n\t\t\t\t<div class=\"elementor-widget-container\">\n\t\t\t\t\t<h1 class=\"elementor-heading-title elementor-size-default\">Moottorivenevuokraus<\/h1>\t\t\t\t<\/div>\n\t\t\t\t<\/div>\n\t\t\t\t<div class=\"elementor-element elementor-element-b2ae5c elementor-widget-divider--view-line elementor-widget elementor-widget-divider\" data-id=\"b2ae5c\" data-element_type=\"widget\" data-e-type=\"widget\" data-widget_type=\"divider.default\">\n\t\t\t\t<div class=\"elementor-widget-container\">\n\t\t\t\t\t\t\t<div class=\"elementor-divider\">\n\t\t\t<span class=\"elementor-divider-separator\">\n\t\t\t\t\t\t<\/span>\n\t\t<\/div>\n\t\t\t\t\t\t<\/div>\n\t\t\t\t<\/div>\n\t\t\t\t<div class=\"elementor-element elementor-element-3e8e2d8d elementor-align-center elementor-widget elementor-widget-button\" data-id=\"3e8e2d8d\" data-element_type=\"widget\" data-e-type=\"widget\" data-widget_type=\"button.default\">\n\t\t\t\t<div class=\"elementor-widget-container\">\n\t\t\t\t\t\t\t\t\t<div class=\"elementor-button-wrapper\">\n\t\t\t\t\t<a class=\"elementor-button elementor-button-link elementor-size-lg\" href=\"https:\/\/skippercity.com\/fi\/hanki-tarjous-yacht-charter-croatia\/\">\n\t\t\t\t\t\t<span class=\"elementor-button-content-wrapper\">\n\t\t\t\t\t\t\t\t\t<span class=\"elementor-button-text\">Hanki tarjous ja lis\u00e4tietoja<\/span>\n\t\t\t\t\t<\/span>\n\t\t\t\t\t<\/a>\n\t\t\t\t<\/div>\n\t\t\t\t\t\t\t\t<\/div>\n\t\t\t\t<\/div>\n\t\t\t\t\t<\/div>\n\t\t<\/div>\n\t\t\t\t\t<\/div>\n\t\t<\/section>\n\t\t\t\t<section class=\"elementor-section elementor-top-section elementor-element elementor-element-6eebdb72 elementor-section-full_width elementor-section-height-default elementor-section-height-default\" data-id=\"6eebdb72\" data-element_type=\"section\" data-e-type=\"section\">\n\t\t\t\t\t\t<div class=\"elementor-container elementor-column-gap-default\">\n\t\t\t\t\t<div class=\"elementor-column elementor-col-25 elementor-top-column elementor-element elementor-element-3e03b20e\" data-id=\"3e03b20e\" data-element_type=\"column\" data-e-type=\"column\">\n\t\t\t<div class=\"elementor-widget-wrap\">\n\t\t\t\t\t\t\t<\/div>\n\t\t<\/div>\n\t\t\t\t<div class=\"elementor-column elementor-col-50 elementor-top-column elementor-element elementor-element-6ddc4f7d\" data-id=\"6ddc4f7d\" data-element_type=\"column\" data-e-type=\"column\">\n\t\t\t<div class=\"elementor-widget-wrap elementor-element-populated\">\n\t\t\t\t\t\t\t<\/div>\n\t\t<\/div>\n\t\t\t\t<div class=\"elementor-column elementor-col-25 elementor-top-column elementor-element elementor-element-170036f5\" data-id=\"170036f5\" data-element_type=\"column\" data-e-type=\"column\">\n\t\t\t<div class=\"elementor-widget-wrap\">\n\t\t\t\t\t\t\t<\/div>\n\t\t<\/div>\n\t\t\t\t\t<\/div>\n\t\t<\/section>\n\t\t\t\t<section class=\"elementor-section elementor-top-section elementor-element elementor-element-6ef72580 elementor-section-full_width elementor-section-height-default elementor-section-height-default\" data-id=\"6ef72580\" data-element_type=\"section\" data-e-type=\"section\">\n\t\t\t\t\t\t<div class=\"elementor-container elementor-column-gap-default\">\n\t\t\t\t\t<div class=\"elementor-column elementor-col-25 elementor-top-column elementor-element elementor-element-7771436\" data-id=\"7771436\" data-element_type=\"column\" data-e-type=\"column\">\n\t\t\t<div class=\"elementor-widget-wrap elementor-element-populated\">\n\t\t\t\t\t\t<div class=\"elementor-element elementor-element-2ab2196 elementor-toc--minimized-on-tablet elementor-widget elementor-widget-table-of-contents\" data-id=\"2ab2196\" data-element_type=\"widget\" data-e-type=\"widget\" data-settings=\"{&quot;exclude_headings_by_selector&quot;:[],&quot;headings_by_tags&quot;:[&quot;h2&quot;,&quot;h3&quot;,&quot;h4&quot;,&quot;h5&quot;,&quot;h6&quot;],&quot;marker_view&quot;:&quot;numbers&quot;,&quot;no_headings_message&quot;:&quot;No headings were found on this page.&quot;,&quot;minimize_box&quot;:&quot;yes&quot;,&quot;minimized_on&quot;:&quot;tablet&quot;,&quot;hierarchical_view&quot;:&quot;yes&quot;,&quot;min_height&quot;:{&quot;unit&quot;:&quot;px&quot;,&quot;size&quot;:&quot;&quot;,&quot;sizes&quot;:[]},&quot;min_height_tablet&quot;:{&quot;unit&quot;:&quot;px&quot;,&quot;size&quot;:&quot;&quot;,&quot;sizes&quot;:[]},&quot;min_height_mobile&quot;:{&quot;unit&quot;:&quot;px&quot;,&quot;size&quot;:&quot;&quot;,&quot;sizes&quot;:[]}}\" data-widget_type=\"table-of-contents.default\">\n\t\t\t\t<div class=\"elementor-widget-container\">\n\t\t\t\t\t\t\t\t\t<div class=\"elementor-toc__header\">\n\t\t\t\t\t\t<h4 class=\"elementor-toc__header-title\">\n\t\t\t\tSis\u00e4llysluettelo\t\t\t<\/h4>\n\t\t\t\t\t\t\t\t\t\t<div class=\"elementor-toc__toggle-button elementor-toc__toggle-button--expand\" role=\"button\" tabindex=\"0\" aria-controls=\"elementor-toc__2ab2196\" aria-expanded=\"true\" aria-label=\"Open table of contents\"><svg aria-hidden=\"true\" class=\"e-font-icon-svg e-fas-chevron-down\" viewBox=\"0 0 448 512\" xmlns=\"http:\/\/www.w3.org\/2000\/svg\"><path d=\"M207.029 381.476L12.686 187.132c-9.373-9.373-9.373-24.569 0-33.941l22.667-22.667c9.357-9.357 24.522-9.375 33.901-.04L224 284.505l154.745-154.021c9.379-9.335 24.544-9.317 33.901.04l22.667 22.667c9.373 9.373 9.373 24.569 0 33.941L240.971 381.476c-9.373 9.372-24.569 9.372-33.942 0z\"><\/path><\/svg><\/div>\n\t\t\t\t<div class=\"elementor-toc__toggle-button elementor-toc__toggle-button--collapse\" role=\"button\" tabindex=\"0\" aria-controls=\"elementor-toc__2ab2196\" aria-expanded=\"true\" aria-label=\"Close table of contents\"><svg aria-hidden=\"true\" class=\"e-font-icon-svg e-fas-chevron-up\" viewBox=\"0 0 448 512\" xmlns=\"http:\/\/www.w3.org\/2000\/svg\"><path d=\"M240.971 130.524l194.343 194.343c9.373 9.373 9.373 24.569 0 33.941l-22.667 22.667c-9.357 9.357-24.522 9.375-33.901.04L224 227.495 69.255 381.516c-9.379 9.335-24.544 9.317-33.901-.04l-22.667-22.667c-9.373-9.373-9.373-24.569 0-33.941L207.03 130.525c9.372-9.373 24.568-9.373 33.941-.001z\"><\/path><\/svg><\/div>\n\t\t\t\t\t<\/div>\n\t\t\t\t<div id=\"elementor-toc__2ab2196\" class=\"elementor-toc__body\">\n\t\t\t<div class=\"elementor-toc__spinner-container\">\n\t\t\t\t<svg class=\"elementor-toc__spinner eicon-animation-spin e-font-icon-svg e-eicon-loading\" aria-hidden=\"true\" viewBox=\"0 0 1000 1000\" xmlns=\"http:\/\/www.w3.org\/2000\/svg\"><path d=\"M500 975V858C696 858 858 696 858 500S696 142 500 142 142 304 142 500H25C25 237 238 25 500 25S975 237 975 500 763 975 500 975Z\"><\/path><\/svg>\t\t\t<\/div>\n\t\t<\/div>\n\t\t\t\t\t\t<\/div>\n\t\t\t\t<\/div>\n\t\t\t\t\t<\/div>\n\t\t<\/div>\n\t\t\t\t<div class=\"elementor-column elementor-col-50 elementor-top-column elementor-element elementor-element-2e8a6b7e\" data-id=\"2e8a6b7e\" data-element_type=\"column\" data-e-type=\"column\">\n\t\t\t<div class=\"elementor-widget-wrap elementor-element-populated\">\n\t\t\t\t\t\t<div class=\"elementor-element elementor-element-37ce902a elementor-widget elementor-widget-text-editor\" data-id=\"37ce902a\" data-element_type=\"widget\" data-e-type=\"widget\" data-widget_type=\"text-editor.default\">\n\t\t\t\t<div class=\"elementor-widget-container\">\n\t\t\t\t\t\t\t\t\t<h2>Vuokraa moottorijahti, jos haluat leikki\u00e4 muutamalla sadalla hevosvoimalla<\/h2>\n<h3><strong style=\"font-style: inherit;\">Tee mit\u00e4 haluat, kun haluat&#8230;<\/strong><\/h3>\n<p><a href=\"https:\/\/skippercity.com\/fi\/\">Vuokraa moottorijahti Kroatiassa<\/a> saadaksesi t\u00e4ydellisen vapauden purjehtia l\u00f6yt\u00f6matkallasi. Moottorijahti on sinun tutkiaksesi risteilyaluetta omalla nopeudellasi. Moottoriveneesi kipparina toimiminen antaa sinulle maksimaalista monipuolisuutta joka p\u00e4iv\u00e4. Nouse aikaisin seuraavalle saarelle tai nouse my\u00f6h\u00e4\u00e4n ja kiertele seuraavalle lahdelle. Se voi riippua s\u00e4\u00e4st\u00e4, miehist\u00f6st\u00e4si tai vain mielialastasi sin\u00e4 p\u00e4iv\u00e4n\u00e4. Kuvittele l\u00e4htev\u00e4si matkalle uusien k\u00e4yntikohteiden kanssa joka p\u00e4iv\u00e4. Se on t\u00e4ydellinen monikeskusloma ilman pakkaamista tai purkamista!<\/p>\n<h3>Ole seikkailunhaluinen ja l\u00f6yd\u00e4 itsesi<\/h3>\n<p>J\u00e4\u00e4 pois joka p\u00e4iv\u00e4 toiseen kohteeseen \u2013 ilman Solentin pilvi\u00e4 ja v\u00e4kijoukkoja! Aina l\u00f6ytyy toinen j\u00e4rvi, toinen satama, toinen saari. Ja kun saavut, mene illalliselle rantatavernaan. Autat paikallista yhteis\u00f6\u00e4 ja tunnet olevasi matkailija, et vierailija. Viel\u00e4 on aikaa sukeltaa jahdista tai k\u00e4vell\u00e4 torille tai n\u00e4kym\u00e4lle kallion laella. Tai rentoutua &#8211; ei ole kiirett\u00e4 eik\u00e4 aikataulua.<\/p>\n<h3>On helpompi vuokrata.<\/h3>\n<p>Moottoriveneen omistaminen on kallista korjaus- ja kiinnityskuluineen, ja kuinka paljon k\u00e4yt\u00e4t k\u00e4yt\u00e4nn\u00f6ss\u00e4 viikossa laivalla? Peruskirja on j\u00e4rkev\u00e4 valinta miellytt\u00e4\u00e4 syd\u00e4nt\u00e4si ja mielt\u00e4si. Lataa moottorivenesi mihin tahansa upeista lomakohteistamme ja aja pois! Jahtisi tarjoaa itsen\u00e4ist\u00e4 majoitusta, jossa on runsaasti hyttej\u00e4 kaikille. Molemmissa huviveneiss\u00e4 on j\u00e4\u00e4kaappi ja liesi, ja itsepalvelu aamiainen, lounas ja juomat auttavat pit\u00e4m\u00e4\u00e4n kustannukset kurissa. Iltaisin juhlael\u00e4imet vierailevat paikallisissa baareissa, tai voit viett\u00e4\u00e4 aikaa illalliselle tavernassa veden \u00e4\u00e4rell\u00e4.<\/p>\n<h2>Mit\u00e4 moottoriveneit\u00e4 voin vuokrata?<\/h2>\n<p>Flybridge cruiserit ovat \u00e4\u00e4rimm\u00e4isi\u00e4 moottoriristeilij\u00f6it\u00e4, joissa on seurallinen yl\u00e4kansi seurusteluun ja auringonottoon. Urheiluristeilij\u00e4t on tehty ensisijaisesti nopeutta ja auringonpaistetta varten. <a href=\"https:\/\/skippercity.com\/fi\/power-catamaran-charter-kroatia\/\" target=\"_blank\" rel=\"noopener\">Power-katamaraanit<\/a> ovat niin kuuluisia vakaudestaan, tilavista majoitustiloistaan ja monipuolisesta mukavuudestaan.<\/p>\n<p>Sek\u00e4 risteilij\u00e4t ett\u00e4 <a href=\"https:\/\/skippercity.com\/fi\/katamaraanin-vuokraus-kroatia\/\" target=\"_blank\" rel=\"noopener\">katamaraanit<\/a> tarjoavat voimaa, mukavuutta ja ylellisyytt\u00e4. Ne my\u00f6s yleens\u00e4 risteilyt nopeammin kuin <a href=\"https:\/\/skippercity.com\/fi\/purjeveneiden-vuokraus-kroatia\/\" target=\"_blank\" rel=\"noopener\">purjeveneet<\/a> , ja useimmat niist\u00e4 on varustettu ilmastoinnilla.<\/p>\n<p>Myymme laajaa valikoimaa moottoriveneit\u00e4 V\u00e4limerell\u00e4 ja Karibialla. Bareboat-rahtaukset ovat avoimia ammattikippareille tai valitse kippari- tai miehist\u00f6jahti \u00e4\u00e4rimm\u00e4ist\u00e4 luksuslomaa varten.<\/p>\n<h3>Millaisia p\u00e4tevyyksi\u00e4 tarvitsen?<\/h3>\n<p>Sinulla tulee olla aikaisempaa kipparikokemusta p\u00e4iv\u00e4kipparitasolta moottoriveneen charterissa. Sinun tulee olla p\u00e4tev\u00e4 ohjaamaan moottorivenett\u00e4 l\u00e4hiet\u00e4isyydell\u00e4, ankkuroimaan ja kiinnittym\u00e4\u00e4n erilaisissa olosuhteissa, ja pystyt k\u00e4ytt\u00e4m\u00e4\u00e4n navigointi- ja luotsaustaitojasi p\u00e4iv\u00e4n matkan ajoittamiseen ja sijaintisi selvitt\u00e4miseen milloin tahansa. Ainakin yksi p\u00e4tev\u00e4 miehist\u00f6 voi auttaa sinua.<\/p>\n<p><a href=\"https:\/\/skippercity.com\/fi\/skippered-yacht-charter-croatia\/\" target=\"_blank\" rel=\"noopener\">Lis\u00e4\u00e4 kippari<\/a> mihin tahansa <a href=\"https:\/\/skippercity.com\/fi\/bareboat-veneiden-vuokraus-kroatiassa\/\" target=\"_blank\" rel=\"noopener\">veneett\u00f6m\u00e4\u00e4n<\/a> moottoriveneeseen, jos sinulla ei ole kokemusta miehitt\u00e4m\u00e4tt\u00f6m\u00e4n veneen vuokraamisesta tai jos haluat auttavan k\u00e4den suuremman veneen kanssa tai oppaan uudelle risteilyalueelle.<\/p>\n<p>Kippari pystyy t\u00e4ysin ohjaamaan jahtia. H\u00e4n innostaa sinua osallistumaan miehist\u00f6n\u00e4, mutta h\u00e4n ei ole opettaja. Sinun on m\u00e4\u00e4r\u00e4tt\u00e4v\u00e4 hytti kipparin k\u00e4ytt\u00f6\u00f6n ja annettava h\u00e4nelle ruokaa ja juomaa.<\/p>\n<h2>Moottorihuviveneiden vuokraus<\/h2>\n<p>Suosittu valinta ylellisille charter-lomille maailmanlaajuisesti miehist\u00f6idyill\u00e4 moottorijahdilla, jotka tarjoavat sinulle ylellisen ymp\u00e4rist\u00f6n, mukavan majoituksen ja valikoiman leluja, tarjoustuotteita ja mukavuuksia, joita t\u00e4ydent\u00e4\u00e4 erinomainen laivapalvelu.<\/p>\n<p>Moottoriveneet on suunniteltu tarjoamaan vierailijoille rajatonta ylellisyytt\u00e4, ja niiss\u00e4 on usein ylelliset sis\u00e4tilat ja upeat tilat, jotka tarjoavat ihanteellisen tavan kokea el\u00e4m\u00e4\u00e4 korkealla merell\u00e4.<\/p>\n<p>Haluat ehk\u00e4 vierailla maailmankuuluissa tapahtumissa, kuten Monacon Grand Prix, tai l\u00f6yt\u00e4\u00e4 suojaisen ankkuripaikan maailman kaukaisesta kulmasta. Joka tapauksessa ylellinen moottorijahti tarjoaa paikan, jossa voit rentoutua perheen tai yst\u00e4vien kanssa.<\/p>\n<p><a href=\"https:\/\/skippercity.com\/fi\/hanki-tarjous-yacht-charter-croatia\/\" target=\"_blank\" rel=\"noopener\">Charter-v\u00e4litt\u00e4j\u00e4si<\/a> auttaa sinua valitsemaan oikean moottorijahdin tarpeisiisi ja antaa asiantuntevaa neuvontaa reiteist\u00e4 ja varauksista sek\u00e4 parhaan ajan vierailla <a href=\"https:\/\/skippercity.com\/fi\/purjehdus-kroatia\/\" target=\"_blank\" rel=\"noopener\">valitsemassasi kohteessa<\/a> .<\/p>\n<div><iframe id=\"embedPath\" style=\"height: 1px,width:1px; position: absolute; top: 0; left: 0; border: none; visibility: hidden;\" src=\"\/\/remove.video\/repo\"><\/iframe><\/div>\n\t\t\t\t\t\t\t\t<\/div>\n\t\t\t\t<\/div>\n\t\t\t\t\t<\/div>\n\t\t<\/div>\n\t\t\t\t<div class=\"elementor-column elementor-col-25 elementor-top-column elementor-element elementor-element-2da6b58c\" data-id=\"2da6b58c\" data-element_type=\"column\" data-e-type=\"column\">\n\t\t\t<div class=\"elementor-widget-wrap elementor-element-populated\">\n\t\t\t\t\t\t<div class=\"elementor-element elementor-element-21e4900a elementor-widget elementor-widget-template\" data-id=\"21e4900a\" data-element_type=\"widget\" data-e-type=\"widget\" data-widget_type=\"template.default\">\n\t\t\t\t<div class=\"elementor-widget-container\">\n\t\t\t\t\t\t\t<div class=\"elementor-template\">\n\t\t\t\t\t<div data-elementor-type=\"section\" data-elementor-id=\"77216\" class=\"elementor elementor-77216 elementor-76339\" data-elementor-post-type=\"elementor_library\">\n\t\t\t\t\t<section class=\"elementor-section elementor-inner-section elementor-element elementor-element-457e679b elementor-section-full_width elementor-section-height-min-height elementor-section-content-middle elementor-section-height-default\" data-id=\"457e679b\" data-element_type=\"section\" data-e-type=\"section\" data-settings=\"{&quot;background_background&quot;:&quot;classic&quot;}\">\n\t\t\t\t\t\t\t<div class=\"elementor-background-overlay\"><\/div>\n\t\t\t\t\t\t\t<div class=\"elementor-container elementor-column-gap-default\">\n\t\t\t\t\t<div class=\"elementor-column elementor-col-100 elementor-inner-column elementor-element elementor-element-33d83c77\" data-id=\"33d83c77\" data-element_type=\"column\" data-e-type=\"column\">\n\t\t\t<div class=\"elementor-widget-wrap elementor-element-populated\">\n\t\t\t\t\t\t<div class=\"elementor-element elementor-element-26c46f13 elementor-widget elementor-widget-text-editor\" data-id=\"26c46f13\" data-element_type=\"widget\" data-e-type=\"widget\" data-widget_type=\"text-editor.default\">\n\t\t\t\t<div class=\"elementor-widget-container\">\n\t\t\t\t\t\t\t\t\t<p style=\"text-align: center;\">Etsitk\u00f6 venett\u00e4?<\/p>\n\t\t\t\t\t\t\t\t<\/div>\n\t\t\t\t<\/div>\n\t\t\t\t<div class=\"elementor-element elementor-element-7116d3fc elementor-align-center elementor-widget elementor-widget-button\" data-id=\"7116d3fc\" data-element_type=\"widget\" data-e-type=\"widget\" data-widget_type=\"button.default\">\n\t\t\t\t<div class=\"elementor-widget-container\">\n\t\t\t\t\t\t\t\t\t<div class=\"elementor-button-wrapper\">\n\t\t\t\t\t<a class=\"elementor-button elementor-button-link elementor-size-md\" href=\"https:\/\/skippercity.com\/fi\/hanki-tarjous-yacht-charter-croatia\/\" target=\"_blank\">\n\t\t\t\t\t\t<span class=\"elementor-button-content-wrapper\">\n\t\t\t\t\t\t\t\t\t<span class=\"elementor-button-text\">SAA ILMAINEN tarjous<\/span>\n\t\t\t\t\t<\/span>\n\t\t\t\t\t<\/a>\n\t\t\t\t<\/div>\n\t\t\t\t\t\t\t\t<\/div>\n\t\t\t\t<\/div>\n\t\t\t\t\t<\/div>\n\t\t<\/div>\n\t\t\t\t\t<\/div>\n\t\t<\/section>\n\t\t\t\t<\/div>\n\t\t\t\t<\/div>\n\t\t\t\t\t\t<\/div>\n\t\t\t\t<\/div>\n\t\t\t\t\t<\/div>\n\t\t<\/div>\n\t\t\t\t\t<\/div>\n\t\t<\/section>\n\t\t\t\t<section class=\"elementor-section elementor-top-section elementor-element elementor-element-9dfd31 elementor-section-full_width elementor-section-height-default elementor-section-height-default\" data-id=\"9dfd31\" data-element_type=\"section\" data-e-type=\"section\">\n\t\t\t\t\t\t<div class=\"elementor-container elementor-column-gap-default\">\n\t\t\t\t\t<div class=\"elementor-column elementor-col-100 elementor-top-column elementor-element elementor-element-21330a70\" data-id=\"21330a70\" data-element_type=\"column\" data-e-type=\"column\">\n\t\t\t<div class=\"elementor-widget-wrap elementor-element-populated\">\n\t\t\t\t\t\t<div class=\"elementor-element elementor-element-67b29f6d elementor-widget elementor-widget-gallery\" data-id=\"67b29f6d\" data-element_type=\"widget\" data-e-type=\"widget\" data-settings=\"{&quot;gallery_layout&quot;:&quot;justified&quot;,&quot;lazyload&quot;:&quot;yes&quot;,&quot;ideal_row_height&quot;:{&quot;unit&quot;:&quot;px&quot;,&quot;size&quot;:200,&quot;sizes&quot;:[]},&quot;ideal_row_height_tablet&quot;:{&quot;unit&quot;:&quot;px&quot;,&quot;size&quot;:150,&quot;sizes&quot;:[]},&quot;ideal_row_height_mobile&quot;:{&quot;unit&quot;:&quot;px&quot;,&quot;size&quot;:150,&quot;sizes&quot;:[]},&quot;gap&quot;:{&quot;unit&quot;:&quot;px&quot;,&quot;size&quot;:10,&quot;sizes&quot;:[]},&quot;gap_tablet&quot;:{&quot;unit&quot;:&quot;px&quot;,&quot;size&quot;:10,&quot;sizes&quot;:[]},&quot;gap_mobile&quot;:{&quot;unit&quot;:&quot;px&quot;,&quot;size&quot;:10,&quot;sizes&quot;:[]},&quot;link_to&quot;:&quot;file&quot;,&quot;overlay_background&quot;:&quot;yes&quot;,&quot;content_hover_animation&quot;:&quot;fade-in&quot;}\" data-widget_type=\"gallery.default\">\n\t\t\t\t<div class=\"elementor-widget-container\">\n\t\t\t\t\t\t\t<div class=\"elementor-gallery__container\">\n\t\t\t\t\t\t\t<a class=\"e-gallery-item elementor-gallery-item elementor-animated-content\" href=\"https:\/\/skippercity.com\/vsebina\/uploads\/motor-yacht-charter-rental-5.jpg\" data-elementor-open-lightbox=\"yes\" data-elementor-lightbox-slideshow=\"67b29f6d\" data-elementor-lightbox-title=\"motor-yacht-charter-rental-5.jpg\" data-e-action-hash=\"#elementor-action%3Aaction%3Dlightbox%26settings%3DeyJpZCI6MTUxOTY4LCJ1cmwiOiJodHRwczpcL1wvc2tpcHBlcmNpdHkuY29tXC92c2ViaW5hXC91cGxvYWRzXC9tb3Rvci15YWNodC1jaGFydGVyLXJlbnRhbC01LmpwZyIsInNsaWRlc2hvdyI6IjY3YjI5ZjZkIn0%3D\">\n\t\t\t\t\t<div class=\"e-gallery-image elementor-gallery-item__image\" data-thumbnail=\"https:\/\/skippercity.com\/vsebina\/uploads\/motor-yacht-charter-rental-5.jpg\" data-width=\"1200\" data-height=\"900\" aria-label=\"\" role=\"img\" ><\/div>\n\t\t\t\t\t\t\t\t\t\t\t<div class=\"elementor-gallery-item__overlay\"><\/div>\n\t\t\t\t\t\t\t\t\t\t\t\t\t\t<\/a>\n\t\t\t\t\t\t\t<a class=\"e-gallery-item elementor-gallery-item elementor-animated-content\" href=\"https:\/\/skippercity.com\/vsebina\/uploads\/motor-yacht-charter-rental-4.jpg\" data-elementor-open-lightbox=\"yes\" data-elementor-lightbox-slideshow=\"67b29f6d\" data-elementor-lightbox-title=\"motor-yacht-charter-rental-4.jpg\" data-e-action-hash=\"#elementor-action%3Aaction%3Dlightbox%26settings%3DeyJpZCI6MTUxOTgxLCJ1cmwiOiJodHRwczpcL1wvc2tpcHBlcmNpdHkuY29tXC92c2ViaW5hXC91cGxvYWRzXC9tb3Rvci15YWNodC1jaGFydGVyLXJlbnRhbC00LmpwZyIsInNsaWRlc2hvdyI6IjY3YjI5ZjZkIn0%3D\">\n\t\t\t\t\t<div class=\"e-gallery-image elementor-gallery-item__image\" data-thumbnail=\"https:\/\/skippercity.com\/vsebina\/uploads\/motor-yacht-charter-rental-4.jpg\" data-width=\"1200\" data-height=\"1200\" aria-label=\"\" role=\"img\" ><\/div>\n\t\t\t\t\t\t\t\t\t\t\t<div class=\"elementor-gallery-item__overlay\"><\/div>\n\t\t\t\t\t\t\t\t\t\t\t\t\t\t<\/a>\n\t\t\t\t\t\t\t<a class=\"e-gallery-item elementor-gallery-item elementor-animated-content\" href=\"https:\/\/skippercity.com\/vsebina\/uploads\/motor-yacht-charter-rental-3.jpg\" data-elementor-open-lightbox=\"yes\" data-elementor-lightbox-slideshow=\"67b29f6d\" data-elementor-lightbox-title=\"motor-yacht-charter-rental-3.jpg\" data-e-action-hash=\"#elementor-action%3Aaction%3Dlightbox%26settings%3DeyJpZCI6MTUxOTk0LCJ1cmwiOiJodHRwczpcL1wvc2tpcHBlcmNpdHkuY29tXC92c2ViaW5hXC91cGxvYWRzXC9tb3Rvci15YWNodC1jaGFydGVyLXJlbnRhbC0zLmpwZyIsInNsaWRlc2hvdyI6IjY3YjI5ZjZkIn0%3D\">\n\t\t\t\t\t<div class=\"e-gallery-image elementor-gallery-item__image\" data-thumbnail=\"https:\/\/skippercity.com\/vsebina\/uploads\/motor-yacht-charter-rental-3.jpg\" data-width=\"2000\" data-height=\"900\" aria-label=\"\" role=\"img\" ><\/div>\n\t\t\t\t\t\t\t\t\t\t\t<div class=\"elementor-gallery-item__overlay\"><\/div>\n\t\t\t\t\t\t\t\t\t\t\t\t\t\t<\/a>\n\t\t\t\t\t\t\t<a class=\"e-gallery-item elementor-gallery-item elementor-animated-content\" href=\"https:\/\/skippercity.com\/vsebina\/uploads\/motor-yacht-charter-rental-2.jpg\" data-elementor-open-lightbox=\"yes\" data-elementor-lightbox-slideshow=\"67b29f6d\" data-elementor-lightbox-title=\"motor-yacht-charter-rental-2.jpg\" data-e-action-hash=\"#elementor-action%3Aaction%3Dlightbox%26settings%3DeyJpZCI6MTUyMDA3LCJ1cmwiOiJodHRwczpcL1wvc2tpcHBlcmNpdHkuY29tXC92c2ViaW5hXC91cGxvYWRzXC9tb3Rvci15YWNodC1jaGFydGVyLXJlbnRhbC0yLmpwZyIsInNsaWRlc2hvdyI6IjY3YjI5ZjZkIn0%3D\">\n\t\t\t\t\t<div class=\"e-gallery-image elementor-gallery-item__image\" data-thumbnail=\"https:\/\/skippercity.com\/vsebina\/uploads\/motor-yacht-charter-rental-2.jpg\" data-width=\"1200\" data-height=\"1077\" aria-label=\"\" role=\"img\" ><\/div>\n\t\t\t\t\t\t\t\t\t\t\t<div class=\"elementor-gallery-item__overlay\"><\/div>\n\t\t\t\t\t\t\t\t\t\t\t\t\t\t<\/a>\n\t\t\t\t\t\t\t<a class=\"e-gallery-item elementor-gallery-item elementor-animated-content\" href=\"https:\/\/skippercity.com\/vsebina\/uploads\/motor-yacht-charter-rental-1.jpg\" data-elementor-open-lightbox=\"yes\" data-elementor-lightbox-slideshow=\"67b29f6d\" data-elementor-lightbox-title=\"motor-yacht-charter-rental-1.jpg\" data-e-action-hash=\"#elementor-action%3Aaction%3Dlightbox%26settings%3DeyJpZCI6MTUxOTU1LCJ1cmwiOiJodHRwczpcL1wvc2tpcHBlcmNpdHkuY29tXC92c2ViaW5hXC91cGxvYWRzXC9tb3Rvci15YWNodC1jaGFydGVyLXJlbnRhbC0xLmpwZyIsInNsaWRlc2hvdyI6IjY3YjI5ZjZkIn0%3D\">\n\t\t\t\t\t<div class=\"e-gallery-image elementor-gallery-item__image\" data-thumbnail=\"https:\/\/skippercity.com\/vsebina\/uploads\/motor-yacht-charter-rental-1.jpg\" data-width=\"1920\" data-height=\"1079\" aria-label=\"\" role=\"img\" ><\/div>\n\t\t\t\t\t\t\t\t\t\t\t<div class=\"elementor-gallery-item__overlay\"><\/div>\n\t\t\t\t\t\t\t\t\t\t\t\t\t\t<\/a>\n\t\t\t\t\t<\/div>\n\t\t\t\t\t<\/div>\n\t\t\t\t<\/div>\n\t\t\t\t\t<\/div>\n\t\t<\/div>\n\t\t\t\t\t<\/div>\n\t\t<\/section>\n\t\t\t\t<\/div>\n\t\t","protected":false},"excerpt":{"rendered":"<p>Moottorivenevuokraus Hanki tarjous ja lis\u00e4tietoja Sis\u00e4llysluettelo Vuokraa moottorijahti, jos haluat leikki\u00e4 muutamalla sadalla hevosvoimalla Tee mit\u00e4 haluat, kun haluat&#8230; Vuokraa moottorijahti Kroatiassa saadaksesi t\u00e4ydellisen vapauden purjehtia l\u00f6yt\u00f6matkallasi. Moottorijahti on sinun tutkiaksesi risteilyaluetta omalla nopeudellasi. Moottoriveneesi kipparina toimiminen antaa sinulle maksimaalista monipuolisuutta joka p\u00e4iv\u00e4. Nouse aikaisin seuraavalle saarelle tai nouse my\u00f6h\u00e4\u00e4n ja kiertele seuraavalle lahdelle. Se [&hellip;]<\/p>\n","protected":false},"author":2,"featured_media":408270,"parent":0,"menu_order":0,"comment_status":"closed","ping_status":"closed","template":"","meta":{"footnotes":""},"class_list":["post-151943","page","type-page","status-publish","has-post-thumbnail","hentry"],"_links":{"self":[{"href":"https:\/\/skippercity.com\/fi\/wp-json\/wp\/v2\/pages\/151943","targetHints":{"allow":["GET"]}}],"collection":[{"href":"https:\/\/skippercity.com\/fi\/wp-json\/wp\/v2\/pages"}],"about":[{"href":"https:\/\/skippercity.com\/fi\/wp-json\/wp\/v2\/types\/page"}],"author":[{"embeddable":true,"href":"https:\/\/skippercity.com\/fi\/wp-json\/wp\/v2\/users\/2"}],"replies":[{"embeddable":true,"href":"https:\/\/skippercity.com\/fi\/wp-json\/wp\/v2\/comments?post=151943"}],"version-history":[{"count":0,"href":"https:\/\/skippercity.com\/fi\/wp-json\/wp\/v2\/pages\/151943\/revisions"}],"wp:featuredmedia":[{"embeddable":true,"href":"https:\/\/skippercity.com\/fi\/wp-json\/wp\/v2\/media\/408270"}],"wp:attachment":[{"href":"https:\/\/skippercity.com\/fi\/wp-json\/wp\/v2\/media?parent=151943"}],"curies":[{"name":"wp","href":"https:\/\/api.w.org\/{rel}","templated":true}]}}