{"id":412157,"date":"2024-01-14T20:42:38","date_gmt":"2024-01-14T20:42:38","guid":{"rendered":"https:\/\/www.skippercity.com\/affiliate-tos-sivu\/"},"modified":"2024-01-20T06:48:19","modified_gmt":"2024-01-20T06:48:19","slug":"affiliate-tos-sivu","status":"publish","type":"page","link":"https:\/\/skippercity.com\/fi\/affiliate-tos-sivu\/","title":{"rendered":"Affiliate TOS -sivu"},"content":{"rendered":"\t\t<div data-elementor-type=\"wp-page\" data-elementor-id=\"412157\" class=\"elementor elementor-412157 elementor-412033\" data-elementor-post-type=\"page\">\n\t\t\t\t<div class=\"elementor-element elementor-element-e8b4547 e-con-full e-flex e-con e-parent\" data-id=\"e8b4547\" data-element_type=\"container\" data-e-type=\"container\">\n\t\t<div class=\"elementor-element elementor-element-6c6403f e-con-full e-flex e-con e-child\" data-id=\"6c6403f\" data-element_type=\"container\" data-e-type=\"container\">\n\t\t\t\t<\/div>\n\t\t<div class=\"elementor-element elementor-element-c162eda e-con-full e-flex e-con e-child\" data-id=\"c162eda\" data-element_type=\"container\" data-e-type=\"container\">\n\t\t\t\t<div class=\"elementor-element elementor-element-3553b57 elementor-widget elementor-widget-text-editor\" data-id=\"3553b57\" data-element_type=\"widget\" data-e-type=\"widget\" data-widget_type=\"text-editor.default\">\n\t\t\t\t<div class=\"elementor-widget-container\">\n\t\t\t\t\t\t\t\t\t<h2>Kumppanuussopimus<\/h2>\n<h2>(Kumppanuusohjelman ehdot)<\/h2>\n<p>T\u00e4m\u00e4 sopimus (&#8221;Sopimus&#8221;) on tehty SkipperCityn, Blackbirdin ja SkipperCityn v\u00e4lill\u00e4.<br \/>One Ltd, 5 Secretary&#8217;s Lane, Gibraltar GX11 1AA, (j\u00e4ljemp\u00e4n\u00e4 &#8217;yhti\u00f6&#8217;), ja<br \/>(j\u00e4ljemp\u00e4n\u00e4 &#8217;tyt\u00e4ryhti\u00f6&#8217;), ja yhdess\u00e4 (j\u00e4ljemp\u00e4n\u00e4 &#8217;osapuolet&#8217;).<br \/>osallistuminen yhti\u00f6n kumppaniohjelmaan.<\/p>\n<p>Kumppani haluaa sis\u00e4llytt\u00e4\u00e4 tiettyj\u00e4 Yhti\u00f6t\u00e4 mainostavia materiaaleja, ja<br \/>sis\u00e4llytt\u00e4\u00e4 linkki yhti\u00f6n verkkosivustolle kyseiseen materiaaliin seuraavissa osoitteissa<br \/>Kumppanin verkkosivustolla ja\/tai muualla Internetiss\u00e4;<\/p>\n<p>T\u00c4M\u00c4N T\u00c4M\u00c4AJAN keskin\u00e4isten lupausten ja sitoumusten perusteella,<br \/>takuut ja muut t\u00e4ss\u00e4 esitetyt hyv\u00e4t ja arvokkaat vastikkeet,<br \/>osapuolet sopivat seuraavaa:<\/p>\n<ol>\n<li><b>Myynninedist\u00e4mismateriaalit.<\/b>  Yhti\u00f6n on annettava seuraavat tiedot<br \/>Affiliate tiettyj\u00e4 bannerimainoksia, painikelinkkej\u00e4, tekstilinkkej\u00e4,<br \/>ja\/tai muuta graafista tai tekstimuotoista materiaalia, joka on tarkoitettu n\u00e4ytett\u00e4v\u00e4ksi ja k\u00e4ytett\u00e4v\u00e4ksi verkkosivustolla.<br \/>kumppanin verkkosivustolla (&#8221;Mainosmateriaalit&#8221;) ja\/tai muualla osoitteessa<br \/>Internet. Kumppaniyrityksen on asetettava mainosmateriaalit esille<br \/>Kumppanin verkkosivustolla ja\/tai muualla Internetiss\u00e4 n\u00e4kyv\u00e4sti ja kuten<br \/>tyt\u00e4ryhti\u00f6n parhaaksi katsomalla tavalla, edellytt\u00e4en, ett\u00e4 esitystapa on riippuvainen<br \/>t\u00e4m\u00e4n sopimuksen ehtoja ja edellytyksi\u00e4. J\u00e4senyrityksen on my\u00f6s<br \/>sis\u00e4llytt\u00e4\u00e4 linkin mainosmateriaalista yhti\u00f6n verkkosivustolle, kuten<br \/>Yhti\u00f6n m\u00e4\u00e4rittelem\u00e4.<\/li>\n<li><b>Mainosmateriaalin k\u00e4ytt\u00f6.  <\/b>Kumppanin k\u00e4ytt\u00f6 ja esitt\u00e4minen<br \/>mainosmateriaalin k\u00e4ytt\u00f6 kumppanin sivustolla ja\/tai muualla.<br \/>Internetiss\u00e4 on noudatettava seuraavia ehtoja ja edellytyksi\u00e4 ja<br \/>tekniset tiedot:\n<ul>\n<li>a. Kumppani ei saa k\u00e4ytt\u00e4\u00e4 mit\u00e4\u00e4n graafista, tekstuaalista tai muuta materiaalia.<br \/>Yhti\u00f6n verkkosivustolta (https:\/\/yachtco.net), muista tuotteista tai palveluista, jotka ovat<br \/>kuin myynninedist\u00e4mismateriaalit, ellei yhti\u00f6 anna kirjallista suostumusta siihen.<br \/>ennen niiden esitt\u00e4mist\u00e4.<\/li>\n<li>b. Yhteisty\u00f6kumppani voi k\u00e4ytt\u00e4\u00e4 mainosmateriaalia vain seuraaviin tarkoituksiin.<br \/>Yhti\u00f6n verkkosivuston (ja saatavilla olevien tuotteiden ja palveluiden) mainostaminen.<br \/>siin\u00e4), ja linkitt\u00e4miseksi yhti\u00f6n verkkosivustolle.<\/li>\n<li>c. Kumppani ei muuta, lis\u00e4\u00e4, v\u00e4henn\u00e4 tai muutoin muuta<br \/>muuttaa myynninedist\u00e4mismateriaalia, kun yritys on valmistellut sit\u00e4. Jos<br \/>Yhteisty\u00f6kumppani haluaa muuttaa tai muutoin muokata myynninedist\u00e4mismateriaalia,<br \/>Osakkuusyhti\u00f6n on saatava Yhti\u00f6lt\u00e4 etuk\u00e4teen kirjallinen suostumus t\u00e4llaiseen<br \/>muuttaminen tai muuttaminen.<\/li>\n<li>d. Myynninedist\u00e4mismateriaalia k\u00e4ytet\u00e4\u00e4n linkkin\u00e4 yrityksen verkkosivustolle, sen tietyille sivuille ja osoitteeseen.<\/li>\n<li>e. Kumppani voi luoda omia mainosmateriaalejaan (graafisia, tekstimuotoisia tai muita) parhaaksi katsomallaan tavalla.<\/li>\n<\/ul>\n<\/li>\n<li><b>Lisenssi<\/b>. Yhti\u00f6 my\u00f6nt\u00e4\u00e4 t\u00e4ten tyt\u00e4ryhti\u00f6lle ei-yksinomaisen,<br \/>ei-siirrett\u00e4viss\u00e4 oleva lisenssi (&#8221;Lisenssi&#8221;) mainosmateriaalin k\u00e4ytt\u00f6\u00f6n.<br \/>t\u00e4m\u00e4n sopimuksen ehtojen mukaisesti. Termi<br \/>Lisenssin voimassaolo p\u00e4\u00e4ttyy t\u00e4m\u00e4n sopimuksen p\u00e4\u00e4ttyess\u00e4 tai p\u00e4\u00e4ttyess\u00e4.<br \/>Sopimus.<\/li>\n<li><b>Immateriaalioikeudet.<\/b>  Yhti\u00f6 pid\u00e4tt\u00e4\u00e4 itsell\u00e4\u00e4n kaikki oikeudet, omistusoikeus,<br \/>ja etuoikeus myynninedist\u00e4mismateriaaliin ja kaikkiin tekij\u00e4noikeuksiin,<br \/>tavaramerkki\u00e4 tai muuta immateriaalioikeutta myynninedist\u00e4mismateriaalissa.<br \/>Mit\u00e4\u00e4n t\u00e4m\u00e4n sopimuksen kohtaa ei saa tulkita siten, ett\u00e4 se antaisi tyt\u00e4ryhti\u00f6lle mink\u00e4\u00e4nlaista<br \/>oikeudet, omistusoikeus tai intressi myynninedist\u00e4mismateriaaliin tai myynninedist\u00e4mismateriaaliin tai<br \/>taustalla oleva henkinen omaisuus, lukuun ottamatta oikeuksia k\u00e4ytt\u00e4\u00e4<br \/>Lisenssin nojalla my\u00f6nnetyt mainosmateriaalit, kuten kappaleessa<br \/>3.<\/li>\n<li><b>Osapuolten suhde.  <\/b>T\u00e4t\u00e4 sopimusta ei sovelleta<br \/>tulkittava siten, ett\u00e4 sill\u00e4 luodaan ty\u00f6suhde, edustussuhde, tai<br \/>Yhti\u00f6n ja tyt\u00e4ryhti\u00f6n v\u00e4linen kumppanuus. Sidosyrityksen on toimitettava<br \/>palveluja yhti\u00f6lle itsen\u00e4isen\u00e4 toimeksisaajana. J\u00e4senyrityksell\u00e4 on<br \/>ei ole valtuuksia sitoa yhti\u00f6t\u00e4 mihink\u00e4\u00e4n sopimukseen, eik\u00e4 tyt\u00e4ryhti\u00f6 ole<br \/>pidet\u00e4\u00e4n yhti\u00f6n edustajana miss\u00e4\u00e4n suhteessa.<\/li>\n<li><b>Palkkiot:<br \/><\/b>\n<ul>\n<li>a. Vastineeksi siit\u00e4, ett\u00e4 kumppani n\u00e4ytt\u00e4\u00e4 mainosmateriaalia,<br \/>ja siit\u00e4, ett\u00e4 tyt\u00e4ryhti\u00f6 noudattaa ja t\u00e4ytt\u00e4\u00e4 ehdot ja edellytykset ja<br \/>t\u00e4m\u00e4n sopimuksen ehtojen mukaisesti, Yhti\u00f6 maksaa tyt\u00e4ryhti\u00f6lleen<br \/>provisio (&#8221;provisio&#8221;), jonka suuruus on prosenttiosuus hinnasta, kun<br \/>majoitus laivalla, jonka on varannut vierailija, joka k\u00e4ytt\u00e4\u00e4 yhti\u00f6n palvelua.<br \/>verkkosivuston linkin kautta Kumppanin verkkosivustolla tai Kumppanin<br \/>linkki muualla Internetiss\u00e4 . T\u00e4m\u00e4nhetkinen prosenttiosuus on 20 prosenttia. T\u00e4m\u00e4<br \/>Yhti\u00f6 voi muuttaa prosenttiosuutta milloin tahansa.<\/li>\n<li>b. Yrityksen on pidett\u00e4v\u00e4 tarkkaa ja ajantasaista rekisteri\u00e4 tiedoista.<br \/>jota k\u00e4ytet\u00e4\u00e4n t\u00e4m\u00e4n sopimuksen p\u00e4\u00e4ttymiseen saakka kokonaiskustannusten m\u00e4\u00e4ritt\u00e4miseksi.<br \/>Kumppanille maksettavien palkkioiden m\u00e4\u00e4r\u00e4. J\u00e4senyritykselle annetaan<br \/>kohtuullinen oikeus tutustua n\u00e4ihin tietoihin pyynn\u00f6st\u00e4. Mahdollinen eroavaisuus<br \/>n\u00e4iden tietojen mukaan maksettavien palkkioiden m\u00e4\u00e4r\u00e4 ja<br \/>Kumppanille maksettujen palkkioiden todellinen m\u00e4\u00e4r\u00e4 jollakin kaudella tai kausilla.<br \/>Yhti\u00f6n on korjattava virheet 14 p\u00e4iv\u00e4n kuluessa niiden havaitsemisesta.<br \/>ristiriita.<\/li>\n<li>c. Palkkiot s\u00e4ilytet\u00e4\u00e4n 30 p\u00e4iv\u00e4n ajan veneen luovutusp\u00e4iv\u00e4st\u00e4.<br \/>vuokrausp\u00e4\u00e4ss\u00e4 suojaamaan yhti\u00f6t\u00e4 mahdollisten hyvitysten varalta, jotka voivat olla<br \/>tapahtua. Yhti\u00f6n on maksettava kaikki kertyneet ja maksettavat palkkiot yhti\u00f6lle<br \/>Kumppanille 30 p\u00e4iv\u00e4n kuluessa veneenvuokrauksen p\u00e4\u00e4ttymisest\u00e4 (&#8221;Provisiomaksu&#8221;).<br \/>Date&#8221;).<\/li>\n<li>d. Jos tyt\u00e4ryhti\u00f6 rikkoo olennaisesti t\u00e4t\u00e4 sopimusta<br \/>ja yhti\u00f6 irtisanoo t\u00e4m\u00e4n sopimuksen 30 p\u00e4iv\u00e4n kuluessa t\u00e4llaisesta rikkomuksesta,<br \/>niin kaikki kertyneet ja maksettavat palkkiot, jotka ovat velkaa tyt\u00e4ryhti\u00f6lle, on oltava<br \/>menetetty, eik\u00e4 Yhti\u00f6 ole velvollinen maksamaan kyseisi\u00e4 palkkioita<br \/>Kumppani.<\/li>\n<\/ul>\n<\/li>\n<li><b>Kumppanin vakuutukset ja takuut.<\/b>  Kumppani vakuuttaa ja takaa seuraavaa:\n<ul>\n<li>a. Kumppanilla on laillinen valtuus tehd\u00e4 t\u00e4m\u00e4 sopimus.<br \/>ja sitoutumaan lupauksiin, sitoumuksiin ja muihin velvollisuuksiin, jotka on esitetty<br \/>t\u00e4ss\u00e4 sopimuksessa.<\/li>\n<li>b. Kumppanin verkkosivusto ja\/tai kumppanin linkkisivu ei sis\u00e4ll\u00e4 mit\u00e4\u00e4n materiaalia, joka on:\n<ul>\n<li>i. Seksuaalisesti ilmeinen, s\u00e4\u00e4dyt\u00f6n tai pornografinen;<\/li>\n<li>ii. Loukkaava, rienaava, vihamielinen, uhkaava, vahingollinen, herjaava,<br \/>kunnianloukkauksia, h\u00e4irint\u00e4\u00e4 tai syrjint\u00e4\u00e4 (riippumatta siit\u00e4, perustuuko se rotuun,<br \/>etninen alkuper\u00e4, uskonto, uskontokunta, sukupuoli, seksuaalinen suuntautuminen, fyysinen<br \/>vammaisuus tai muu);<\/li>\n<li>iii. graafisesti v\u00e4kivaltaiset, mukaan lukien v\u00e4kivaltaiset videopelikuvat; tai<\/li>\n<li>iv. Laittoman k\u00e4ytt\u00e4ytymisen suosiminen<\/li>\n<\/ul>\n<\/li>\n<li>c. Sidosyritys on saanut kaikki tarvittavat selvitykset, lisenssit tai<br \/>muu lupa mihin tahansa immateriaalioikeuksiin, joita k\u00e4ytet\u00e4\u00e4n Affiliate&#8217;s<br \/>verkkosivusto. Mik\u00e4\u00e4n Affiliate-sivustolla ei loukkaa immateriaalioikeuksia.<br \/>kenenk\u00e4\u00e4n henkil\u00f6n tai yhteis\u00f6n omistusoikeuksia. Yksik\u00e4\u00e4n henkil\u00f6 tai yhteis\u00f6 ei ole esitt\u00e4nyt<br \/>tai uhannut nostaa kanteen t\u00e4llaisen loukkauksen johdosta, eik\u00e4 Affiliate ole my\u00f6sk\u00e4\u00e4n<br \/>meill\u00e4 on syyt\u00e4 uskoa, ett\u00e4 joku henkil\u00f6 tai yhteis\u00f6 aikoo nostaa tai<br \/>uhata t\u00e4llaisella vaatimuksella tulevaisuudessa.<\/li>\n<li>d. Yhteisty\u00f6kumppani ei k\u00e4yt\u00e4 mainosmateriaalia mill\u00e4\u00e4n muulla kuin edell\u00e4 kohdassa 2 m\u00e4\u00e4ritellyll\u00e4 tavalla.<\/li>\n<li>e. Yhteisty\u00f6kumppani ei esit\u00e4 mink\u00e4\u00e4nlaista omistusoikeutta myynninedist\u00e4mistarkoituksessa tehtyihin<br \/>Materiaalit, tai tekij\u00e4noikeuksia, tavaramerkkej\u00e4 tai muita immateriaalioikeuksia.<br \/>omaisuutta.<\/li>\n<li>f. Kumppani ei julkaise tai muulla tavoin levit\u00e4 mink\u00e4\u00e4nlaisia<br \/>mainosmateriaali Affiliate-verkkosivustolla, jossa viitataan Yhti\u00f6\u00f6n tai<br \/>Yhti\u00f6n verkkosivustolla, ellei Yhti\u00f6 anna etuk\u00e4teen kirjallista suostumusta siihen.<br \/>t\u00e4llaisen materiaalin jakelu. Affiliate ei k\u00e4yt\u00e4 yhti\u00f6n nime\u00e4<br \/>(tai mik\u00e4 tahansa nimi, joka on sekoittavasti samankaltainen kuin Yhti\u00f6n nimi) mink\u00e4 tahansa<br \/>tarkoitusta varten verkkosivuillaan, mainosmateriaalissaan tai muulla tavoin<br \/>yhteydess\u00e4, paitsi mainostaakseen yhti\u00f6n verkkosivustoa t\u00e4ss\u00e4 asiakirjassa mainitun<br \/>Sopimus. Kumppani ei rekister\u00f6i verkkotunnuksia, jotka sis\u00e4lt\u00e4v\u00e4t seuraavat tiedot<br \/>Yhti\u00f6n nime\u00e4 tai joka on sekoittavasti samankaltainen kuin Yhti\u00f6n nimi.<\/li>\n<li>g. Kumppani ei levit\u00e4 mit\u00e4\u00e4n pyyt\u00e4m\u00e4tt\u00e4 l\u00e4hetettyj\u00e4<br \/>joukkos\u00e4hk\u00f6postiviestej\u00e4 (roskapostiviestej\u00e4), joissa mainitaan tai viitataan Yhti\u00f6\u00f6n taikka<br \/>Yrityksen verkkosivusto.<\/li>\n<li>h. Kumppanin verkkosivuston ja\/tai kumppanin linkkisivun on liitytt\u00e4v\u00e4 temaattisesti yrityksen verkkosivuston sis\u00e4lt\u00f6\u00f6n.<\/li>\n<\/ul>\n<\/li>\n<li><b>Vahingonkorvaus.<\/b>  Kumppaniyrityksen on korvattava Yhti\u00f6lle ja pidett\u00e4v\u00e4<br \/>Yhti\u00f6 vapauttaa Yhti\u00f6n kaikista vaatimuksista, vahingoista, oikeudenk\u00e4ynneist\u00e4, kanteista, valituksista tai<br \/>muut kulut, jotka aiheutuvat tyt\u00e4ryhti\u00f6n antamien takuiden rikkomisesta.<br \/>edell\u00e4 kohdassa 7 esitetyn mukaisesti. Kumppaniyrityksen on my\u00f6s korvattava ja pidett\u00e4v\u00e4<br \/>vahingonkorvausyhti\u00f6st\u00e4 kaikista vahingoista, menetyksist\u00e4 tai muista kustannuksista, jotka johtuvat siit\u00e4, ett\u00e4<br \/>mainosmateriaalin k\u00e4ytt\u00f6 tai v\u00e4\u00e4rink\u00e4ytt\u00f6 Kumppanin toimesta.<\/li>\n<li><b>Luottamuksellisuus.  <\/b>Kaikki tiedot, joille Affiliate altistuu<br \/>t\u00e4m\u00e4n sopimuksen mukaisen yhti\u00f6n kanssa solmitun suhteen perusteella, joka on<br \/>tiedot eiv\u00e4t ole yleis\u00f6n saatavilla, on katsottava olevan<br \/>olevan &#8221;luottamuksellista yritystietoa&#8221;. Kumppani ei saa paljastaa mit\u00e4\u00e4n<br \/>Yhti\u00f6n luottamuksellisia tietoja kenellek\u00e4\u00e4n henkil\u00f6lle tai yhteis\u00f6lle, paitsi jos<br \/>lain velvoittamana, ellei tyt\u00e4ryhti\u00f6 saa etuk\u00e4teen kirjallista suostumusta siihen.<br \/>t\u00e4llainen ilmoitus yhti\u00f6lt\u00e4.<\/li>\n<li><b>Termi.<br \/><\/b>\n<ul>\n<li>a. T\u00e4m\u00e4 sopimus tulee voimaan v\u00e4litt\u00f6m\u00e4sti, ja se pysyy t\u00e4ysin voimassa, kunnes se irtisanotaan t\u00e4m\u00e4n 10 kohdan mukaisesti.<\/li>\n<li>b. Kummallakin sopimuspuolella on oikeus irtisanoa t\u00e4m\u00e4 sopimus p\u00e4\u00e4ttym\u00e4\u00e4n seuraavasti<br \/>milloin tahansa ja mist\u00e4 tahansa syyst\u00e4. Irtisanovan sopimuspuolen on annettava kirjallinen<br \/>ilmoitus toiselle sopimuspuolelle v\u00e4hint\u00e4\u00e4n 30 p\u00e4iv\u00e4\u00e4 ennen aiottua p\u00e4iv\u00e4m\u00e4\u00e4r\u00e4\u00e4, jolloin<br \/>lopettaminen.<\/li>\n<\/ul>\n<\/li>\n<li><b>Verot.<\/b>  Yhti\u00f6 ei ole vastuussa mist\u00e4\u00e4n veroista, jotka on maksettava, jos<br \/>jotka johtuvat tyt\u00e4ryhti\u00f6n ja yhti\u00f6n v\u00e4lisest\u00e4 suhteesta, kuten on m\u00e4\u00e4ritelty.<br \/>t\u00e4ss\u00e4 sopimuksessa esitetyn mukaisesti. Yhti\u00f6 ei saa pid\u00e4tt\u00e4\u00e4 veroja<br \/>Kumppanille maksetut palkkiot.<\/li>\n<li><b>Vastuun rajoittaminen.<\/b>  Yhti\u00f6 ei ole vastuussa mist\u00e4\u00e4n<br \/>voittojen tai kustannusten menetyksest\u00e4 tai mist\u00e4\u00e4n v\u00e4litt\u00f6m\u00e4st\u00e4, v\u00e4lillisest\u00e4, erityisest\u00e4, ep\u00e4suorasta tai erityisest\u00e4 vahingosta,<br \/>satunnaiset tai v\u00e4lilliset vahingot, mukaan lukien kustannukset, jotka liittyv\u00e4t<br \/>korvaavien tavaroiden tai palvelujen hankkiminen (riippumatta siit\u00e4, oliko yhti\u00f6 tai<br \/>olisi pit\u00e4nyt olla tietoinen t\u00e4llaisen vahingon mahdollisuudesta),<br \/>jotka johtuvat tai liittyv\u00e4t menetyksiin, keskeytyksiin tai keskeytyksiin.<br \/>palvelun lopettaminen, t\u00e4m\u00e4n sopimuksen irtisanominen, palvelun k\u00e4ytt\u00f6 tai v\u00e4\u00e4rink\u00e4ytt\u00f6.<br \/>mainosmateriaali tai muu t\u00e4m\u00e4n sopimuksen mukaisten palvelujen suorittaminen.<br \/>Sopimus.<\/li>\n<li><b>Vastapuolet.<\/b>  T\u00e4m\u00e4 sopimus voidaan tehd\u00e4 useina eri sopimuskappaleina.<br \/>joista kukin muodostaa alkuper\u00e4iskappaleen, ja kaikki n\u00e4m\u00e4 kappaleet ovat<br \/>jotka yhdess\u00e4 muodostavat yhden sopimuksen.<\/li>\n<li><b>Irrotettavuus.<\/b>  Jos t\u00e4m\u00e4n sopimuksen jokin osa tai jotkut osat ovat<br \/>jostain syyst\u00e4 t\u00e4yt\u00e4nt\u00f6\u00f6npanokelvottomaksi, t\u00e4m\u00e4n sopimuksen loppuosa j\u00e4\u00e4 voimaan.<br \/>on edelleen t\u00e4ysin voimassa. Jos jokin t\u00e4m\u00e4n<br \/>toimivaltainen tuomioistuin katsoo sopimuksen p\u00e4tem\u00e4tt\u00f6m\u00e4ksi tai t\u00e4yt\u00e4nt\u00f6\u00f6npanokelvottomaksi.<br \/>toimivaltaan, ja jos t\u00e4llaisen m\u00e4\u00e4r\u00e4yksen rajoittaminen tekisi m\u00e4\u00e4r\u00e4yksest\u00e4<br \/>p\u00e4tev\u00e4, niin t\u00e4llainen m\u00e4\u00e4r\u00e4ys katsotaan tulkittavaksi sellaiseksi.<br \/>rajoitettu.<\/li>\n<li><b>Otsikot<\/b>. Jaksojen otsikot ovat ainoastaan tarkoituksenmukaisia, eiv\u00e4tk\u00e4 ne vaikuta t\u00e4m\u00e4n sopimuksen m\u00e4\u00e4r\u00e4ysten merkitykseen.<\/li>\n<li><b>Koko sopimus.<\/b>  T\u00e4m\u00e4 sopimus muodostaa koko<br \/>Yhti\u00f6n ja tyt\u00e4ryhti\u00f6n v\u00e4linen sopimus, ja se korvaa kaikki aiemmat<br \/>mink\u00e4\u00e4nlaista yhteisymm\u00e4rryst\u00e4 tai esityst\u00e4 ennen t\u00e4m\u00e4n sopimuksen p\u00e4iv\u00e4m\u00e4\u00e4r\u00e4\u00e4.<br \/>Sopimus. Ei ole muita lupauksia, ehtoja, sopimuksia tai sopimuksia.<br \/>muut suulliset tai kirjalliset sopimukset, jotka liittyv\u00e4t aiheeseen.<br \/>t\u00e4m\u00e4n sopimuksen asia<\/li>\n<\/ol>\n\t\t\t\t\t\t\t\t<\/div>\n\t\t\t\t<\/div>\n\t\t\t\t<\/div>\n\t\t<div class=\"elementor-element elementor-element-510b0b1 e-con-full e-flex e-con e-child\" data-id=\"510b0b1\" data-element_type=\"container\" data-e-type=\"container\">\n\t\t\t\t<\/div>\n\t\t\t\t<\/div>\n\t\t\t\t<\/div>\n\t\t","protected":false},"excerpt":{"rendered":"<p>Kumppanuussopimus (Kumppanuusohjelman ehdot) T\u00e4m\u00e4 sopimus (&#8221;Sopimus&#8221;) on tehty SkipperCityn, Blackbirdin ja SkipperCityn v\u00e4lill\u00e4.One Ltd, 5 Secretary&#8217;s Lane, Gibraltar GX11 1AA, (j\u00e4ljemp\u00e4n\u00e4 &#8217;yhti\u00f6&#8217;), ja(j\u00e4ljemp\u00e4n\u00e4 &#8217;tyt\u00e4ryhti\u00f6&#8217;), ja yhdess\u00e4 (j\u00e4ljemp\u00e4n\u00e4 &#8217;osapuolet&#8217;).osallistuminen yhti\u00f6n kumppaniohjelmaan. Kumppani haluaa sis\u00e4llytt\u00e4\u00e4 tiettyj\u00e4 Yhti\u00f6t\u00e4 mainostavia materiaaleja, jasis\u00e4llytt\u00e4\u00e4 linkki yhti\u00f6n verkkosivustolle kyseiseen materiaaliin seuraavissa osoitteissaKumppanin verkkosivustolla ja\/tai muualla Internetiss\u00e4; T\u00c4M\u00c4N T\u00c4M\u00c4AJAN keskin\u00e4isten lupausten ja sitoumusten [&hellip;]<\/p>\n","protected":false},"author":2,"featured_media":408270,"parent":0,"menu_order":0,"comment_status":"closed","ping_status":"closed","template":"","meta":{"footnotes":""},"class_list":["post-412157","page","type-page","status-publish","has-post-thumbnail","hentry"],"_links":{"self":[{"href":"https:\/\/skippercity.com\/fi\/wp-json\/wp\/v2\/pages\/412157","targetHints":{"allow":["GET"]}}],"collection":[{"href":"https:\/\/skippercity.com\/fi\/wp-json\/wp\/v2\/pages"}],"about":[{"href":"https:\/\/skippercity.com\/fi\/wp-json\/wp\/v2\/types\/page"}],"author":[{"embeddable":true,"href":"https:\/\/skippercity.com\/fi\/wp-json\/wp\/v2\/users\/2"}],"replies":[{"embeddable":true,"href":"https:\/\/skippercity.com\/fi\/wp-json\/wp\/v2\/comments?post=412157"}],"version-history":[{"count":0,"href":"https:\/\/skippercity.com\/fi\/wp-json\/wp\/v2\/pages\/412157\/revisions"}],"wp:featuredmedia":[{"embeddable":true,"href":"https:\/\/skippercity.com\/fi\/wp-json\/wp\/v2\/media\/408270"}],"wp:attachment":[{"href":"https:\/\/skippercity.com\/fi\/wp-json\/wp\/v2\/media?parent=412157"}],"curies":[{"name":"wp","href":"https:\/\/api.w.org\/{rel}","templated":true}]}}