{"id":416136,"date":"2024-03-01T09:09:14","date_gmt":"2024-03-01T09:09:14","guid":{"rendered":"https:\/\/www.skippercity.com\/yacht-charter-check-in-opas\/"},"modified":"2024-03-01T09:26:58","modified_gmt":"2024-03-01T09:26:58","slug":"yacht-charter-check-in-opas","status":"publish","type":"page","link":"https:\/\/skippercity.com\/fi\/yacht-charter-check-in-opas\/","title":{"rendered":"Yacht Charter Check-in opas"},"content":{"rendered":"\t\t<div data-elementor-type=\"wp-page\" data-elementor-id=\"416136\" class=\"elementor elementor-416136 elementor-416101\" data-elementor-post-type=\"page\">\n\t\t\t\t<div class=\"elementor-element elementor-element-9e4c9ac e-con-full e-flex e-con e-parent\" data-id=\"9e4c9ac\" data-element_type=\"container\" data-e-type=\"container\" data-settings=\"{&quot;background_background&quot;:&quot;classic&quot;}\">\n\t\t\t\t<\/div>\n\t\t\t\t<section class=\"elementor-section elementor-top-section elementor-element elementor-element-10ce9678 elementor-section-full_width elementor-section-height-default elementor-section-height-default\" data-id=\"10ce9678\" data-element_type=\"section\" data-e-type=\"section\">\n\t\t\t\t\t\t<div class=\"elementor-container elementor-column-gap-default\">\n\t\t\t\t\t<div class=\"elementor-column elementor-col-25 elementor-top-column elementor-element elementor-element-7be25744\" data-id=\"7be25744\" data-element_type=\"column\" data-e-type=\"column\">\n\t\t\t<div class=\"elementor-widget-wrap elementor-element-populated\">\n\t\t\t\t\t\t<div class=\"elementor-element elementor-element-21fce7b4 elementor-toc--minimized-on-tablet elementor-widget elementor-widget-table-of-contents\" data-id=\"21fce7b4\" data-element_type=\"widget\" data-e-type=\"widget\" data-settings=\"{&quot;exclude_headings_by_selector&quot;:[],&quot;marker_view&quot;:&quot;bullets&quot;,&quot;headings_by_tags&quot;:[&quot;h2&quot;,&quot;h3&quot;,&quot;h4&quot;,&quot;h5&quot;,&quot;h6&quot;],&quot;icon&quot;:{&quot;value&quot;:&quot;fas fa-circle&quot;,&quot;library&quot;:&quot;fa-solid&quot;,&quot;rendered_tag&quot;:&quot;&lt;svg class=\\&quot;e-font-icon-svg e-fas-circle\\&quot; viewBox=\\&quot;0 0 512 512\\&quot; xmlns=\\&quot;http:\\\/\\\/www.w3.org\\\/2000\\\/svg\\&quot;&gt;&lt;path d=\\&quot;M256 8C119 8 8 119 8 256s111 248 248 248 248-111 248-248S393 8 256 8z\\&quot;&gt;&lt;\\\/path&gt;&lt;\\\/svg&gt;&quot;},&quot;no_headings_message&quot;:&quot;No headings were found on this page.&quot;,&quot;minimize_box&quot;:&quot;yes&quot;,&quot;minimized_on&quot;:&quot;tablet&quot;,&quot;hierarchical_view&quot;:&quot;yes&quot;,&quot;min_height&quot;:{&quot;unit&quot;:&quot;px&quot;,&quot;size&quot;:&quot;&quot;,&quot;sizes&quot;:[]},&quot;min_height_tablet&quot;:{&quot;unit&quot;:&quot;px&quot;,&quot;size&quot;:&quot;&quot;,&quot;sizes&quot;:[]},&quot;min_height_mobile&quot;:{&quot;unit&quot;:&quot;px&quot;,&quot;size&quot;:&quot;&quot;,&quot;sizes&quot;:[]}}\" data-widget_type=\"table-of-contents.default\">\n\t\t\t\t<div class=\"elementor-widget-container\">\n\t\t\t\t\t\t\t\t\t<div class=\"elementor-toc__header\">\n\t\t\t\t\t\t<h4 class=\"elementor-toc__header-title\">\n\t\t\t\tSis\u00e4llysluettelo\t\t\t<\/h4>\n\t\t\t\t\t\t\t\t\t\t<div class=\"elementor-toc__toggle-button elementor-toc__toggle-button--expand\" role=\"button\" tabindex=\"0\" aria-controls=\"elementor-toc__21fce7b4\" aria-expanded=\"true\" aria-label=\"Open table of contents\"><svg aria-hidden=\"true\" class=\"e-font-icon-svg e-fas-chevron-down\" viewBox=\"0 0 448 512\" xmlns=\"http:\/\/www.w3.org\/2000\/svg\"><path d=\"M207.029 381.476L12.686 187.132c-9.373-9.373-9.373-24.569 0-33.941l22.667-22.667c9.357-9.357 24.522-9.375 33.901-.04L224 284.505l154.745-154.021c9.379-9.335 24.544-9.317 33.901.04l22.667 22.667c9.373 9.373 9.373 24.569 0 33.941L240.971 381.476c-9.373 9.372-24.569 9.372-33.942 0z\"><\/path><\/svg><\/div>\n\t\t\t\t<div class=\"elementor-toc__toggle-button elementor-toc__toggle-button--collapse\" role=\"button\" tabindex=\"0\" aria-controls=\"elementor-toc__21fce7b4\" aria-expanded=\"true\" aria-label=\"Close table of contents\"><svg aria-hidden=\"true\" class=\"e-font-icon-svg e-fas-chevron-up\" viewBox=\"0 0 448 512\" xmlns=\"http:\/\/www.w3.org\/2000\/svg\"><path d=\"M240.971 130.524l194.343 194.343c9.373 9.373 9.373 24.569 0 33.941l-22.667 22.667c-9.357 9.357-24.522 9.375-33.901.04L224 227.495 69.255 381.516c-9.379 9.335-24.544 9.317-33.901-.04l-22.667-22.667c-9.373-9.373-9.373-24.569 0-33.941L207.03 130.525c9.372-9.373 24.568-9.373 33.941-.001z\"><\/path><\/svg><\/div>\n\t\t\t\t\t<\/div>\n\t\t\t\t<div id=\"elementor-toc__21fce7b4\" class=\"elementor-toc__body\">\n\t\t\t<div class=\"elementor-toc__spinner-container\">\n\t\t\t\t<svg class=\"elementor-toc__spinner eicon-animation-spin e-font-icon-svg e-eicon-loading\" aria-hidden=\"true\" viewBox=\"0 0 1000 1000\" xmlns=\"http:\/\/www.w3.org\/2000\/svg\"><path d=\"M500 975V858C696 858 858 696 858 500S696 142 500 142 142 304 142 500H25C25 237 238 25 500 25S975 237 975 500 763 975 500 975Z\"><\/path><\/svg>\t\t\t<\/div>\n\t\t<\/div>\n\t\t\t\t\t\t<\/div>\n\t\t\t\t<\/div>\n\t\t\t\t\t<\/div>\n\t\t<\/div>\n\t\t\t\t<div class=\"elementor-column elementor-col-50 elementor-top-column elementor-element elementor-element-741733cc\" data-id=\"741733cc\" data-element_type=\"column\" data-e-type=\"column\">\n\t\t\t<div class=\"elementor-widget-wrap elementor-element-populated\">\n\t\t\t\t\t\t<div class=\"elementor-element elementor-element-9e717b7 elementor-widget elementor-widget-text-editor\" data-id=\"9e717b7\" data-element_type=\"widget\" data-e-type=\"widget\" data-widget_type=\"text-editor.default\">\n\t\t\t\t<div class=\"elementor-widget-container\">\n\t\t\t\t\t\t\t\t\t<h1><strong>Yacht Charter Check-in opas<\/strong><\/h1>\n<h2 data-sourcepos=\"1:1-1:75\">Purjeveneen charter-sis\u00e4\u00e4nkirjautuminen: Unohtumaton seikkailu.<\/h2>\n<p data-sourcepos=\"3:1-3:184\"><strong>Valmistaudu unelmiesi purjehduslomaan!<\/strong>  T\u00e4m\u00e4 kattava opas takaa saumattoman sis\u00e4\u00e4nkirjautumisprosessin jahdin vuokrauksessa, jotta voit aloittaa seikkailusi oikealla tavalla.<\/p>\n<h3 data-sourcepos=\"5:1-5:24\"><span style=\"text-decoration: underline;\"><strong>Ennen purjehdusta:<\/strong><\/span><\/h3>\n<p data-sourcepos=\"7:1-7:37\"><strong>1. Toimita miehist\u00f6luettelo ja lisenssit:<\/strong><\/p>\n<ul data-sourcepos=\"9:1-11:0\">\n<li data-sourcepos=\"9:1-9:143\">Varmista sujuva l\u00e4ht\u00f6selvitys l\u00e4hett\u00e4m\u00e4ll\u00e4 <strong>miehist\u00f6luettelo<\/strong> ja <strong>purjehdus-\/VHF-lisenssit<\/strong> etuk\u00e4teen. Asiamiehesi toimittaa tarvittavat lomakkeet.<\/li>\n<li data-sourcepos=\"10:1-11:0\">V\u00e4hint\u00e4\u00e4n yhdell\u00e4 miehist\u00f6n j\u00e4senell\u00e4 on oltava <strong>voimassa oleva VHF-lupa<\/strong> merell\u00e4 tapahtuvaa viestint\u00e4\u00e4 varten.<\/li>\n<\/ul>\n<p data-sourcepos=\"12:1-12:31\"><strong>2. Paranna kokemustasi:<\/strong><\/p>\n<ul data-sourcepos=\"14:1-16:0\">\n<li data-sourcepos=\"14:1-14:152\"><strong>Aikainen sis\u00e4\u00e4nkirjautuminen:<\/strong> Pyyd\u00e4 <strong>aikaista sis\u00e4\u00e4nkirjautumista<\/strong> klo 13.00, jos sinulla on aikainen lento tai haluat aloittaa tutkimisen aikaisemmin (tavallinen sis\u00e4\u00e4nkirjautuminen on klo 17.00).<\/li>\n<li data-sourcepos=\"15:1-16:0\"><strong>Lis\u00e4varusteet:<\/strong> Varaa <strong>lis\u00e4varusteet<\/strong>, kuten SUP-laudat, etuk\u00e4teen viiv\u00e4stysten v\u00e4ltt\u00e4miseksi.<\/li>\n<\/ul>\n<p data-sourcepos=\"17:1-17:30\"><strong>3. Saapuminen venesatamaan:<\/strong><\/p>\n<ul data-sourcepos=\"19:1-22:0\">\n<li data-sourcepos=\"19:1-19:103\"><strong>Autolla:<\/strong> Tarkista, onko venesatamassa <strong>vartioitu pys\u00e4k\u00f6intialue<\/strong> tai tutki muita pys\u00e4k\u00f6intivaihtoehtoja.<\/li>\n<li data-sourcepos=\"20:1-20:128\"><strong>Lent\u00e4en:<\/strong> J\u00e4rjest\u00e4 <strong>kuljetus<\/strong> agenttisi tai tilauslentoyhti\u00f6n kautta. Lentokent\u00e4lt\u00e4 on saatavilla my\u00f6s takseja ja busseja.<\/li>\n<li data-sourcepos=\"21:1-22:0\"><strong>Toimitus:<\/strong> <strong>Tilaamalla elintarvikkeita verkossa<\/strong> ja toimittamalla ne suoraan jahdillesi, lis\u00e4mukavuutta.<\/li>\n<\/ul>\n<h3 data-sourcepos=\"23:1-23:17\"><span style=\"text-decoration: underline;\"><strong>Saapuessanne:<\/strong><\/span><\/h3>\n<p data-sourcepos=\"25:1-25:35\"><strong>1. Ilmoittautuminen tukikohdan toimistoon:<\/strong><\/p>\n<ul data-sourcepos=\"27:1-33:0\">\n<li data-sourcepos=\"27:1-33:0\">Ole ajoissa paikalla ja tuo mukanasi:\n<ul data-sourcepos=\"28:5-33:0\">\n<li data-sourcepos=\"28:5-28:23\"><strong>Sis\u00e4\u00e4np\u00e4\u00e4sykortti<\/strong><\/li>\n<li data-sourcepos=\"29:5-29:28\"><strong>T\u00e4ydellinen miehist\u00f6luettelo<\/strong><\/li>\n<li data-sourcepos=\"30:5-30:43\"><strong>Alkuper\u00e4iset kippari- ja VHF-lisenssit<\/strong><\/li>\n<li data-sourcepos=\"31:5-31:18\"><strong>Miehist\u00f6n tunnukset<\/strong><\/li>\n<li data-sourcepos=\"32:5-33:0\"><strong>Maksutapa (k\u00e4teinen\/luottokortti)<\/strong><\/li>\n<\/ul>\n<\/li>\n<\/ul>\n<p data-sourcepos=\"34:1-34:28\"><strong>2. Hallinnolliset teht\u00e4v\u00e4t:<\/strong><\/p>\n<ul data-sourcepos=\"36:1-41:0\">\n<li data-sourcepos=\"36:1-41:0\">Tukikohdan henkil\u00f6kunta:\n<ul data-sourcepos=\"37:5-41:0\">\n<li data-sourcepos=\"37:5-37:48\"><strong>Vahvista miehist\u00f6n tiedot ja luvat.<\/strong><\/li>\n<li data-sourcepos=\"38:5-38:48\"><strong>K\u00e4sittele turistivero ja varustemaksut.<\/strong><\/li>\n<li data-sourcepos=\"39:5-39:61\"><strong>K\u00e4sittele takuumaksu<\/strong> (k\u00e4teisell\u00e4 tai luottokortilla).<\/li>\n<li data-sourcepos=\"40:5-41:0\">Tarjoa <strong>talletusvakuutus<\/strong> (vapaaehtoinen).<\/li>\n<\/ul>\n<\/li>\n<\/ul>\n<p data-sourcepos=\"42:1-42:37\"><strong>3. Veneen sis\u00e4\u00e4nkirjautuminen teknikon kanssa:<\/strong><\/p>\n<ul data-sourcepos=\"44:1-51:0\">\n<li data-sourcepos=\"44:1-44:56\">Tapaa teknikko laivalla <strong>venepapereiden<\/strong> kanssa.<\/li>\n<li data-sourcepos=\"45:1-45:56\">Varmista, <strong>ett\u00e4 kippari on l\u00e4sn\u00e4<\/strong> l\u00e4pik\u00e4ynniss\u00e4.<\/li>\n<li data-sourcepos=\"46:1-49:53\">Teknikon teht\u00e4v\u00e4n\u00e4 on:\n<ul data-sourcepos=\"47:5-49:53\">\n<li data-sourcepos=\"47:5-47:63\">Tarkasta <strong>navigointi-, s\u00e4hk\u00f6- ja turvalaitteet<\/strong>.<\/li>\n<li data-sourcepos=\"48:5-48:58\">Tarkista <strong>purjeet ja keskeiset purjehduksen k\u00e4ytt\u00f6v\u00e4lineet<\/strong>.<\/li>\n<li data-sourcepos=\"49:5-49:53\">Vastaamme kysymyksiisi ja k\u00e4sittelemme mahdolliset huolenaiheet.<\/li>\n<\/ul>\n<\/li>\n<li data-sourcepos=\"50:1-51:0\">Molemmat osapuolet allekirjoittavat <strong>tarkistuslistan<\/strong> valmistumisen j\u00e4lkeen.<\/li>\n<\/ul>\n<h3 data-sourcepos=\"52:1-52:22\"><span style=\"text-decoration: underline;\"><strong>Valmiina purjehtimaan!<\/strong><\/span><\/h3>\n<p data-sourcepos=\"54:1-54:102\">Kun l\u00e4ht\u00f6selvitys on tehty, voit <strong>l\u00e4hte\u00e4 unohtumattomaan seikkailuun<\/strong>!<\/p>\n<p data-sourcepos=\"56:1-56:127\"><strong>Bonusvinkki:<\/strong> Jos sinulla on ongelmia ennen purjehdusta, ota yhteytt\u00e4 venepapereissasi mainittuun <strong>teknisen tuen numeroon<\/strong>.<\/p>\n<p data-sourcepos=\"58:1-58:74\"><strong>Nauttikaa kauniista tuulista, tyynest\u00e4 merest\u00e4 ja todella maagisesta ajasta Adrianmerell\u00e4!<\/strong><\/p>\n\t\t\t\t\t\t\t\t<\/div>\n\t\t\t\t<\/div>\n\t\t\t\t\t<\/div>\n\t\t<\/div>\n\t\t\t\t<div class=\"elementor-column elementor-col-25 elementor-top-column elementor-element elementor-element-2536a580\" data-id=\"2536a580\" data-element_type=\"column\" data-e-type=\"column\">\n\t\t\t<div class=\"elementor-widget-wrap elementor-element-populated\">\n\t\t\t\t\t\t<div class=\"elementor-element elementor-element-458c2026 elementor-widget elementor-widget-template\" data-id=\"458c2026\" data-element_type=\"widget\" data-e-type=\"widget\" data-widget_type=\"template.default\">\n\t\t\t\t<div class=\"elementor-widget-container\">\n\t\t\t\t\t\t\t<div class=\"elementor-template\">\n\t\t\t\t\t<div data-elementor-type=\"section\" data-elementor-id=\"77216\" class=\"elementor elementor-77216 elementor-76339\" data-elementor-post-type=\"elementor_library\">\n\t\t\t\t\t<section class=\"elementor-section elementor-inner-section elementor-element elementor-element-457e679b elementor-section-full_width elementor-section-height-min-height elementor-section-content-middle elementor-section-height-default\" data-id=\"457e679b\" data-element_type=\"section\" data-e-type=\"section\" data-settings=\"{&quot;background_background&quot;:&quot;classic&quot;}\">\n\t\t\t\t\t\t\t<div class=\"elementor-background-overlay\"><\/div>\n\t\t\t\t\t\t\t<div class=\"elementor-container elementor-column-gap-default\">\n\t\t\t\t\t<div class=\"elementor-column elementor-col-100 elementor-inner-column elementor-element elementor-element-33d83c77\" data-id=\"33d83c77\" data-element_type=\"column\" data-e-type=\"column\">\n\t\t\t<div class=\"elementor-widget-wrap elementor-element-populated\">\n\t\t\t\t\t\t<div class=\"elementor-element elementor-element-26c46f13 elementor-widget elementor-widget-text-editor\" data-id=\"26c46f13\" data-element_type=\"widget\" data-e-type=\"widget\" data-widget_type=\"text-editor.default\">\n\t\t\t\t<div class=\"elementor-widget-container\">\n\t\t\t\t\t\t\t\t\t<p style=\"text-align: center;\">Etsitk\u00f6 venett\u00e4?<\/p>\n\t\t\t\t\t\t\t\t<\/div>\n\t\t\t\t<\/div>\n\t\t\t\t<div class=\"elementor-element elementor-element-7116d3fc elementor-align-center elementor-widget elementor-widget-button\" data-id=\"7116d3fc\" data-element_type=\"widget\" data-e-type=\"widget\" data-widget_type=\"button.default\">\n\t\t\t\t<div class=\"elementor-widget-container\">\n\t\t\t\t\t\t\t\t\t<div class=\"elementor-button-wrapper\">\n\t\t\t\t\t<a class=\"elementor-button elementor-button-link elementor-size-md\" href=\"https:\/\/skippercity.com\/fi\/hanki-tarjous-yacht-charter-croatia\/\" target=\"_blank\">\n\t\t\t\t\t\t<span class=\"elementor-button-content-wrapper\">\n\t\t\t\t\t\t\t\t\t<span class=\"elementor-button-text\">SAA ILMAINEN tarjous<\/span>\n\t\t\t\t\t<\/span>\n\t\t\t\t\t<\/a>\n\t\t\t\t<\/div>\n\t\t\t\t\t\t\t\t<\/div>\n\t\t\t\t<\/div>\n\t\t\t\t\t<\/div>\n\t\t<\/div>\n\t\t\t\t\t<\/div>\n\t\t<\/section>\n\t\t\t\t<\/div>\n\t\t\t\t<\/div>\n\t\t\t\t\t\t<\/div>\n\t\t\t\t<\/div>\n\t\t\t\t\t<\/div>\n\t\t<\/div>\n\t\t\t\t\t<\/div>\n\t\t<\/section>\n\t\t\t\t<\/div>\n\t\t","protected":false},"excerpt":{"rendered":"<p>Sis\u00e4llysluettelo Yacht Charter Check-in opas Purjeveneen charter-sis\u00e4\u00e4nkirjautuminen: Unohtumaton seikkailu. Valmistaudu unelmiesi purjehduslomaan! T\u00e4m\u00e4 kattava opas takaa saumattoman sis\u00e4\u00e4nkirjautumisprosessin jahdin vuokrauksessa, jotta voit aloittaa seikkailusi oikealla tavalla. Ennen purjehdusta: 1. Toimita miehist\u00f6luettelo ja lisenssit: Varmista sujuva l\u00e4ht\u00f6selvitys l\u00e4hett\u00e4m\u00e4ll\u00e4 miehist\u00f6luettelo ja purjehdus-\/VHF-lisenssit etuk\u00e4teen. Asiamiehesi toimittaa tarvittavat lomakkeet. V\u00e4hint\u00e4\u00e4n yhdell\u00e4 miehist\u00f6n j\u00e4senell\u00e4 on oltava voimassa oleva VHF-lupa merell\u00e4 [&hellip;]<\/p>\n","protected":false},"author":2,"featured_media":408270,"parent":0,"menu_order":0,"comment_status":"closed","ping_status":"closed","template":"","meta":{"footnotes":""},"class_list":["post-416136","page","type-page","status-publish","has-post-thumbnail","hentry"],"_links":{"self":[{"href":"https:\/\/skippercity.com\/fi\/wp-json\/wp\/v2\/pages\/416136","targetHints":{"allow":["GET"]}}],"collection":[{"href":"https:\/\/skippercity.com\/fi\/wp-json\/wp\/v2\/pages"}],"about":[{"href":"https:\/\/skippercity.com\/fi\/wp-json\/wp\/v2\/types\/page"}],"author":[{"embeddable":true,"href":"https:\/\/skippercity.com\/fi\/wp-json\/wp\/v2\/users\/2"}],"replies":[{"embeddable":true,"href":"https:\/\/skippercity.com\/fi\/wp-json\/wp\/v2\/comments?post=416136"}],"version-history":[{"count":0,"href":"https:\/\/skippercity.com\/fi\/wp-json\/wp\/v2\/pages\/416136\/revisions"}],"wp:featuredmedia":[{"embeddable":true,"href":"https:\/\/skippercity.com\/fi\/wp-json\/wp\/v2\/media\/408270"}],"wp:attachment":[{"href":"https:\/\/skippercity.com\/fi\/wp-json\/wp\/v2\/media?parent=416136"}],"curies":[{"name":"wp","href":"https:\/\/api.w.org\/{rel}","templated":true}]}}