{"id":416338,"date":"2024-03-02T09:54:36","date_gmt":"2024-03-02T09:54:36","guid":{"rendered":"https:\/\/www.skippercity.com\/lahde-purjehtimaan-kroatian-henkeasalpaavalle-rannikolle-skippercity-comin-kanssa\/"},"modified":"2024-03-02T10:38:55","modified_gmt":"2024-03-02T10:38:55","slug":"lahde-purjehtimaan-kroatian-henkeasalpaavalle-rannikolle-skippercity-comin-kanssa","status":"publish","type":"page","link":"https:\/\/skippercity.com\/fi\/lahde-purjehtimaan-kroatian-henkeasalpaavalle-rannikolle-skippercity-comin-kanssa\/","title":{"rendered":"L\u00e4hde purjehtimaan Kroatian henke\u00e4salpaavalle rannikolle: SkipperCity.comin kanssa."},"content":{"rendered":"\t\t<div data-elementor-type=\"wp-page\" data-elementor-id=\"416338\" class=\"elementor elementor-416338 elementor-416326\" data-elementor-post-type=\"page\">\n\t\t\t\t<div class=\"elementor-element elementor-element-7221df9 e-con-full e-flex e-con e-parent\" data-id=\"7221df9\" data-element_type=\"container\" data-e-type=\"container\" data-settings=\"{&quot;background_background&quot;:&quot;classic&quot;}\">\n\t\t\t\t<\/div>\n\t\t\t\t<section class=\"elementor-section elementor-top-section elementor-element elementor-element-16f0dcfb elementor-section-full_width elementor-section-height-default elementor-section-height-default\" data-id=\"16f0dcfb\" data-element_type=\"section\" data-e-type=\"section\">\n\t\t\t\t\t\t<div class=\"elementor-container elementor-column-gap-default\">\n\t\t\t\t\t<div class=\"elementor-column elementor-col-25 elementor-top-column elementor-element elementor-element-14ec4fad\" data-id=\"14ec4fad\" data-element_type=\"column\" data-e-type=\"column\">\n\t\t\t<div class=\"elementor-widget-wrap elementor-element-populated\">\n\t\t\t\t\t\t<div class=\"elementor-element elementor-element-168931b8 elementor-toc--minimized-on-tablet elementor-widget elementor-widget-table-of-contents\" data-id=\"168931b8\" data-element_type=\"widget\" data-e-type=\"widget\" data-settings=\"{&quot;exclude_headings_by_selector&quot;:[],&quot;marker_view&quot;:&quot;bullets&quot;,&quot;headings_by_tags&quot;:[&quot;h2&quot;,&quot;h3&quot;,&quot;h4&quot;,&quot;h5&quot;,&quot;h6&quot;],&quot;icon&quot;:{&quot;value&quot;:&quot;fas fa-circle&quot;,&quot;library&quot;:&quot;fa-solid&quot;,&quot;rendered_tag&quot;:&quot;&lt;svg class=\\&quot;e-font-icon-svg e-fas-circle\\&quot; viewBox=\\&quot;0 0 512 512\\&quot; xmlns=\\&quot;http:\\\/\\\/www.w3.org\\\/2000\\\/svg\\&quot;&gt;&lt;path d=\\&quot;M256 8C119 8 8 119 8 256s111 248 248 248 248-111 248-248S393 8 256 8z\\&quot;&gt;&lt;\\\/path&gt;&lt;\\\/svg&gt;&quot;},&quot;no_headings_message&quot;:&quot;No headings were found on this page.&quot;,&quot;minimize_box&quot;:&quot;yes&quot;,&quot;minimized_on&quot;:&quot;tablet&quot;,&quot;hierarchical_view&quot;:&quot;yes&quot;,&quot;min_height&quot;:{&quot;unit&quot;:&quot;px&quot;,&quot;size&quot;:&quot;&quot;,&quot;sizes&quot;:[]},&quot;min_height_tablet&quot;:{&quot;unit&quot;:&quot;px&quot;,&quot;size&quot;:&quot;&quot;,&quot;sizes&quot;:[]},&quot;min_height_mobile&quot;:{&quot;unit&quot;:&quot;px&quot;,&quot;size&quot;:&quot;&quot;,&quot;sizes&quot;:[]}}\" data-widget_type=\"table-of-contents.default\">\n\t\t\t\t<div class=\"elementor-widget-container\">\n\t\t\t\t\t\t\t\t\t<div class=\"elementor-toc__header\">\n\t\t\t\t\t\t<h4 class=\"elementor-toc__header-title\">\n\t\t\t\tSis\u00e4llysluettelo\t\t\t<\/h4>\n\t\t\t\t\t\t\t\t\t\t<div class=\"elementor-toc__toggle-button elementor-toc__toggle-button--expand\" role=\"button\" tabindex=\"0\" aria-controls=\"elementor-toc__168931b8\" aria-expanded=\"true\" aria-label=\"Open table of contents\"><svg aria-hidden=\"true\" class=\"e-font-icon-svg e-fas-chevron-down\" viewBox=\"0 0 448 512\" xmlns=\"http:\/\/www.w3.org\/2000\/svg\"><path d=\"M207.029 381.476L12.686 187.132c-9.373-9.373-9.373-24.569 0-33.941l22.667-22.667c9.357-9.357 24.522-9.375 33.901-.04L224 284.505l154.745-154.021c9.379-9.335 24.544-9.317 33.901.04l22.667 22.667c9.373 9.373 9.373 24.569 0 33.941L240.971 381.476c-9.373 9.372-24.569 9.372-33.942 0z\"><\/path><\/svg><\/div>\n\t\t\t\t<div class=\"elementor-toc__toggle-button elementor-toc__toggle-button--collapse\" role=\"button\" tabindex=\"0\" aria-controls=\"elementor-toc__168931b8\" aria-expanded=\"true\" aria-label=\"Close table of contents\"><svg aria-hidden=\"true\" class=\"e-font-icon-svg e-fas-chevron-up\" viewBox=\"0 0 448 512\" xmlns=\"http:\/\/www.w3.org\/2000\/svg\"><path d=\"M240.971 130.524l194.343 194.343c9.373 9.373 9.373 24.569 0 33.941l-22.667 22.667c-9.357 9.357-24.522 9.375-33.901.04L224 227.495 69.255 381.516c-9.379 9.335-24.544 9.317-33.901-.04l-22.667-22.667c-9.373-9.373-9.373-24.569 0-33.941L207.03 130.525c9.372-9.373 24.568-9.373 33.941-.001z\"><\/path><\/svg><\/div>\n\t\t\t\t\t<\/div>\n\t\t\t\t<div id=\"elementor-toc__168931b8\" class=\"elementor-toc__body\">\n\t\t\t<div class=\"elementor-toc__spinner-container\">\n\t\t\t\t<svg class=\"elementor-toc__spinner eicon-animation-spin e-font-icon-svg e-eicon-loading\" aria-hidden=\"true\" viewBox=\"0 0 1000 1000\" xmlns=\"http:\/\/www.w3.org\/2000\/svg\"><path d=\"M500 975V858C696 858 858 696 858 500S696 142 500 142 142 304 142 500H25C25 237 238 25 500 25S975 237 975 500 763 975 500 975Z\"><\/path><\/svg>\t\t\t<\/div>\n\t\t<\/div>\n\t\t\t\t\t\t<\/div>\n\t\t\t\t<\/div>\n\t\t\t\t\t<\/div>\n\t\t<\/div>\n\t\t\t\t<div class=\"elementor-column elementor-col-50 elementor-top-column elementor-element elementor-element-56a65c9e\" data-id=\"56a65c9e\" data-element_type=\"column\" data-e-type=\"column\">\n\t\t\t<div class=\"elementor-widget-wrap elementor-element-populated\">\n\t\t\t\t\t\t<div class=\"elementor-element elementor-element-11821385 elementor-widget elementor-widget-text-editor\" data-id=\"11821385\" data-element_type=\"widget\" data-e-type=\"widget\" data-widget_type=\"text-editor.default\">\n\t\t\t\t<div class=\"elementor-widget-container\">\n\t\t\t\t\t\t\t\t\t<div class=\"markdown markdown-main-panel ui-v2-enabled\" dir=\"ltr\">\n<h1 data-sourcepos=\"1:1-1:80\">L\u00e4hde purjehtimaan Kroatian henke\u00e4salpaavalle rannikolle: SkipperCity.comin kanssa.<\/h1>\n<h2 data-sourcepos=\"3:1-3:45\"><strong>Unohtumattomat purjehduslomat Kroatiassa<\/strong><\/h2>\n<p data-sourcepos=\"5:1-5:278\">Kroatia turkooseine vesineen, vieh\u00e4tt\u00e4vine saarineen ja vieh\u00e4tt\u00e4vine rannikkokaupunkeineen on purjehduksen harrastajien unelmakohde. Olitpa sitten kokenut purjehtija, joka etsii seikkailua, tai perhe, joka haluaa rentouttavan lomamatkan, SkipperCity.com voi tehd\u00e4 unelmistasi totta.<\/p>\n<h2 data-sourcepos=\"7:1-7:63\"><strong>Tutustu vaihtoehtoihin: Katamaraanit, purjeveneet ja moottoriveneet.<\/strong><\/h2>\n<p data-sourcepos=\"9:1-9:221\">Me SkipperCity.comilla olemme sinun yhden luukun kauppasi <strong>Kroatian huvipursien vuokraukseen<\/strong>. Laajassa laivastossamme on <strong>yli 13 000 venett\u00e4<\/strong>, joten tarjoamme laajan valikoiman vaihtoehtoja, jotka t\u00e4ytt\u00e4v\u00e4t kaikki mieltymykset ja purjehduskokemuksen tasot:<\/p>\n<ul data-sourcepos=\"11:1-14:0\">\n<li data-sourcepos=\"11:1-11:353\"><strong>Katamaraanipurjehdukset:<\/strong> T\u00e4ydellinen perheille ja ryhmille, jotka etsiv\u00e4t tilavaa ja rentouttavaa kokemusta: <strong>Koe vertaansa vailla oleva vakaus ja mukavuus<\/strong> ylellisell\u00e4 katamaraanilla. Tutustu katamaraanin vuokraus Kroatia: <a class=\"traceable-link\" href=\"https:\/\/skippercity.com\/fi\/katamaraanin-vuokraus-kroatia\/\" target=\"_blank\" rel=\"noopener noreferrer\">https:\/\/skippercity.com\/catamaran-charter-croatia\/<\/a> sivuun saadaksesi lis\u00e4tietoja.<\/li>\n<li data-sourcepos=\"12:1-12:370\"><strong>Purjeveneen rahtaus:<\/strong> <strong>Se<\/strong> on ihanteellinen paikka tutkia piilotettuja poukamia ja kokea Adrianmeren navigoinnin ilo. Tutustu lis\u00e4\u00e4 purjeveneen vuokraus Kroatia: <a class=\"traceable-link\" href=\"https:\/\/skippercity.com\/fi\/purjeveneiden-vuokraus-kroatia\/\" target=\"_blank\" rel=\"noopener noreferrer\">https:\/\/skippercity.com\/sailboat-charter-croatia\/<\/a> vaihtoehtoja sivuillamme.<\/li>\n<li data-sourcepos=\"13:1-14:0\"><strong>Moottoriveneen rahtaus:<\/strong> T\u00e4m\u00e4 on t\u00e4ydellinen niille, jotka etsiv\u00e4t nopeampaa vauhtia ja mahdollisuutta kattaa enemm\u00e4n alueita. Katso lis\u00e4tietoja moottoriveneen vuokrauksesta Kroatiassa: <a class=\"traceable-link\" href=\"https:\/\/skippercity.com\/fi\/moottoriveneiden-vuokraus-kroatia\/\" target=\"_blank\" rel=\"noopener noreferrer\">https:\/\/skippercity.com\/motorboat-charter-croatia\/<\/a> sivulla.<\/li>\n<\/ul>\n<h2 data-sourcepos=\"15:1-15:41\"><strong>R\u00e4\u00e4t\u00e4l\u00f6ityj\u00e4 kokemuksia jokaiselle purjehtijalle<\/strong><\/h2>\n<p data-sourcepos=\"17:1-17:153\">Ymm\u00e4rr\u00e4mme, ett\u00e4 jokaisella purjehtijalla on yksil\u00f6lliset tarpeet. Valitse kolmesta eri vuokrausvaihtoehdosta, jotta Kroatian purjehdusseikkailustasi tulisi todella unohtumaton:<\/p>\n<ul data-sourcepos=\"19:1-22:0\">\n<li data-sourcepos=\"19:1-19:249\"><strong>Bareboat-purjehdukset:<\/strong> (vain kokeneet purjehtijat, joilla on voimassa oleva lisenssi) ja luo oma matkasuunnitelmasi. Lue lis\u00e4\u00e4 vaatimuksista ja eduista Bareboat Charter Croatia: [invalid URL removed] -sivulta.<\/li>\n<li data-sourcepos=\"20:1-20:363\"><strong>Kipparoidut purjehdukset:<\/strong> Ammattitaitoinen kippari huolehtii navigoinnista, joten voit keskitty\u00e4 t\u00e4ysin Kroatian kauneuden <strong>nauttimiseen<\/strong>. Lue lis\u00e4\u00e4 Skippered Yacht Charter Croatia: <a class=\"traceable-link\" href=\"https:\/\/skippercity.com\/fi\/skippered-yacht-charter-croatia\/\" target=\"_blank\" rel=\"noopener noreferrer\">https:\/\/skippercity.com\/skippered-yacht-charter-croatia\/<\/a> palveluista.<\/li>\n<li data-sourcepos=\"21:1-22:0\"><strong>Miehitetyt rahtaukset:<\/strong> <strong>T\u00e4ysin<\/strong> miehitetyll\u00e4 jahdilla, joka tarjoaa henkil\u00f6kohtaista palvelua ja vastaa kaikkiin tarpeisiisi. Tutustu mahdollisuuksiin Crewed Yacht Charter Kroatia: <a class=\"traceable-link\" href=\"https:\/\/skippercity.com\/fi\/crewed-yacht-charter-kroatia\/\" target=\"_blank\" rel=\"noopener noreferrer\">https:\/\/skippercity.com\/crewed-yacht-charter-croatia\/<\/a> sivuillamme.<\/li>\n<\/ul>\n<h2 data-sourcepos=\"23:1-23:37\"><strong>Tutustu Kroatian monipuolisiin alueisiin<\/strong><\/h2>\n<p data-sourcepos=\"25:1-25:204\">L\u00e4hde seikkailuun eri puolilta Kroatiaa, kuten Splitist\u00e4, Dubrovnikista, Zadarista, \u0160ibenikist\u00e4 ja Trogirista. Jokaisella alueella on ainutlaatuisia rannikkomaisemia ja piilotettuja helmi\u00e4, jotka odottavat l\u00f6yt\u00e4mist\u00e4.<\/p>\n<h2 data-sourcepos=\"27:1-27:44\"><strong>Vaivaton varaus ja asiantunteva opastus:<\/strong><\/h2>\n<p data-sourcepos=\"29:1-29:180\">Kokenut tiimimme opastaa sinua kaikissa vaiheissa. Tarjoamme henkil\u00f6kohtaisia suosituksia, asiantuntijaneuvontaa t\u00e4ydellisen jahdin valinnassa ja saumattoman varausprosessin.<\/p>\n<h2 data-sourcepos=\"31:1-31:36\"><strong>Aloita unelmiesi suunnittelu t\u00e4n\u00e4\u00e4n:<\/strong><\/h2>\n<p data-sourcepos=\"33:1-33:189\">Ota yhteytt\u00e4 SkipperCity.comiin jo t\u00e4n\u00e4\u00e4n saadaksesi ilmaisen tarjouksen ja aloita unohtumattoman <strong>purjeveneen vuokraus Kroatia<\/strong>, <strong>katamaraanin vuokraus Kroatia<\/strong> tai <strong>moottoriveneen vuokraus Kroatia<\/strong> kokemus!<\/p>\n<\/div>\n\t\t\t\t\t\t\t\t<\/div>\n\t\t\t\t<\/div>\n\t\t\t\t\t<\/div>\n\t\t<\/div>\n\t\t\t\t<div class=\"elementor-column elementor-col-25 elementor-top-column elementor-element elementor-element-50e30ed\" data-id=\"50e30ed\" data-element_type=\"column\" data-e-type=\"column\">\n\t\t\t<div class=\"elementor-widget-wrap elementor-element-populated\">\n\t\t\t\t\t\t<div class=\"elementor-element elementor-element-1809f061 elementor-widget elementor-widget-template\" data-id=\"1809f061\" data-element_type=\"widget\" data-e-type=\"widget\" data-widget_type=\"template.default\">\n\t\t\t\t<div class=\"elementor-widget-container\">\n\t\t\t\t\t\t\t<div class=\"elementor-template\">\n\t\t\t\t\t<div data-elementor-type=\"section\" data-elementor-id=\"77216\" class=\"elementor elementor-77216 elementor-76339\" data-elementor-post-type=\"elementor_library\">\n\t\t\t\t\t<section class=\"elementor-section elementor-inner-section elementor-element elementor-element-457e679b elementor-section-full_width elementor-section-height-min-height elementor-section-content-middle elementor-section-height-default\" data-id=\"457e679b\" data-element_type=\"section\" data-e-type=\"section\" data-settings=\"{&quot;background_background&quot;:&quot;classic&quot;}\">\n\t\t\t\t\t\t\t<div class=\"elementor-background-overlay\"><\/div>\n\t\t\t\t\t\t\t<div class=\"elementor-container elementor-column-gap-default\">\n\t\t\t\t\t<div class=\"elementor-column elementor-col-100 elementor-inner-column elementor-element elementor-element-33d83c77\" data-id=\"33d83c77\" data-element_type=\"column\" data-e-type=\"column\">\n\t\t\t<div class=\"elementor-widget-wrap elementor-element-populated\">\n\t\t\t\t\t\t<div class=\"elementor-element elementor-element-26c46f13 elementor-widget elementor-widget-text-editor\" data-id=\"26c46f13\" data-element_type=\"widget\" data-e-type=\"widget\" data-widget_type=\"text-editor.default\">\n\t\t\t\t<div class=\"elementor-widget-container\">\n\t\t\t\t\t\t\t\t\t<p style=\"text-align: center;\">Etsitk\u00f6 venett\u00e4?<\/p>\n\t\t\t\t\t\t\t\t<\/div>\n\t\t\t\t<\/div>\n\t\t\t\t<div class=\"elementor-element elementor-element-7116d3fc elementor-align-center elementor-widget elementor-widget-button\" data-id=\"7116d3fc\" data-element_type=\"widget\" data-e-type=\"widget\" data-widget_type=\"button.default\">\n\t\t\t\t<div class=\"elementor-widget-container\">\n\t\t\t\t\t\t\t\t\t<div class=\"elementor-button-wrapper\">\n\t\t\t\t\t<a class=\"elementor-button elementor-button-link elementor-size-md\" href=\"https:\/\/skippercity.com\/fi\/hanki-tarjous-yacht-charter-croatia\/\" target=\"_blank\">\n\t\t\t\t\t\t<span class=\"elementor-button-content-wrapper\">\n\t\t\t\t\t\t\t\t\t<span class=\"elementor-button-text\">SAA ILMAINEN tarjous<\/span>\n\t\t\t\t\t<\/span>\n\t\t\t\t\t<\/a>\n\t\t\t\t<\/div>\n\t\t\t\t\t\t\t\t<\/div>\n\t\t\t\t<\/div>\n\t\t\t\t\t<\/div>\n\t\t<\/div>\n\t\t\t\t\t<\/div>\n\t\t<\/section>\n\t\t\t\t<\/div>\n\t\t\t\t<\/div>\n\t\t\t\t\t\t<\/div>\n\t\t\t\t<\/div>\n\t\t\t\t\t<\/div>\n\t\t<\/div>\n\t\t\t\t\t<\/div>\n\t\t<\/section>\n\t\t\t\t<\/div>\n\t\t","protected":false},"excerpt":{"rendered":"<p>Sis\u00e4llysluettelo L\u00e4hde purjehtimaan Kroatian henke\u00e4salpaavalle rannikolle: SkipperCity.comin kanssa. Unohtumattomat purjehduslomat Kroatiassa Kroatia turkooseine vesineen, vieh\u00e4tt\u00e4vine saarineen ja vieh\u00e4tt\u00e4vine rannikkokaupunkeineen on purjehduksen harrastajien unelmakohde. Olitpa sitten kokenut purjehtija, joka etsii seikkailua, tai perhe, joka haluaa rentouttavan lomamatkan, SkipperCity.com voi tehd\u00e4 unelmistasi totta. Tutustu vaihtoehtoihin: Katamaraanit, purjeveneet ja moottoriveneet. Me SkipperCity.comilla olemme sinun yhden luukun kauppasi Kroatian [&hellip;]<\/p>\n","protected":false},"author":2,"featured_media":408270,"parent":0,"menu_order":0,"comment_status":"closed","ping_status":"closed","template":"","meta":{"footnotes":""},"class_list":["post-416338","page","type-page","status-publish","has-post-thumbnail","hentry"],"_links":{"self":[{"href":"https:\/\/skippercity.com\/fi\/wp-json\/wp\/v2\/pages\/416338","targetHints":{"allow":["GET"]}}],"collection":[{"href":"https:\/\/skippercity.com\/fi\/wp-json\/wp\/v2\/pages"}],"about":[{"href":"https:\/\/skippercity.com\/fi\/wp-json\/wp\/v2\/types\/page"}],"author":[{"embeddable":true,"href":"https:\/\/skippercity.com\/fi\/wp-json\/wp\/v2\/users\/2"}],"replies":[{"embeddable":true,"href":"https:\/\/skippercity.com\/fi\/wp-json\/wp\/v2\/comments?post=416338"}],"version-history":[{"count":0,"href":"https:\/\/skippercity.com\/fi\/wp-json\/wp\/v2\/pages\/416338\/revisions"}],"wp:featuredmedia":[{"embeddable":true,"href":"https:\/\/skippercity.com\/fi\/wp-json\/wp\/v2\/media\/408270"}],"wp:attachment":[{"href":"https:\/\/skippercity.com\/fi\/wp-json\/wp\/v2\/media?parent=416338"}],"curies":[{"name":"wp","href":"https:\/\/api.w.org\/{rel}","templated":true}]}}