{"id":423970,"date":"2025-03-21T15:58:15","date_gmt":"2025-03-21T15:58:15","guid":{"rendered":"https:\/\/www.skippercity.com\/kroatian-purjehdusreitit\/"},"modified":"2025-03-22T22:25:19","modified_gmt":"2025-03-22T22:25:19","slug":"kroatian-purjehdusreitit","status":"publish","type":"page","link":"https:\/\/skippercity.com\/fi\/kroatian-purjehdusreitit\/","title":{"rendered":"Kroatian purjehdusreitit"},"content":{"rendered":"\t\t<div data-elementor-type=\"wp-page\" data-elementor-id=\"423970\" class=\"elementor elementor-423970 elementor-423918\" data-elementor-post-type=\"page\">\n\t\t\t\t<div class=\"elementor-element elementor-element-5247feaa e-con-full e-flex e-con e-parent\" data-id=\"5247feaa\" data-element_type=\"container\" data-e-type=\"container\" data-settings=\"{&quot;background_background&quot;:&quot;classic&quot;}\">\n\t\t\t\t<div class=\"elementor-element elementor-element-3177c578 elementor-widget elementor-widget-heading\" data-id=\"3177c578\" data-element_type=\"widget\" data-e-type=\"widget\" data-widget_type=\"heading.default\">\n\t\t\t\t<div class=\"elementor-widget-container\">\n\t\t\t\t\t<h1 class=\"elementor-heading-title elementor-size-default\">Kroatian purjehdusreitit | Adrianmeren parhaat purjehdusreitit<\/h1>\t\t\t\t<\/div>\n\t\t\t\t<\/div>\n\t\t\t\t<\/div>\n\t\t<div class=\"elementor-element elementor-element-36d3d17e e-con-full e-flex e-con e-parent\" data-id=\"36d3d17e\" data-element_type=\"container\" data-e-type=\"container\">\n\t\t<div class=\"elementor-element elementor-element-25be37b4 e-con-full e-flex e-con e-child\" data-id=\"25be37b4\" data-element_type=\"container\" data-e-type=\"container\">\n\t\t\t\t<div class=\"elementor-element elementor-element-7ad88970 elementor-widget-divider--view-line elementor-widget elementor-widget-divider\" data-id=\"7ad88970\" data-element_type=\"widget\" data-e-type=\"widget\" data-widget_type=\"divider.default\">\n\t\t\t\t<div class=\"elementor-widget-container\">\n\t\t\t\t\t\t\t<div class=\"elementor-divider\">\n\t\t\t<span class=\"elementor-divider-separator\">\n\t\t\t\t\t\t<\/span>\n\t\t<\/div>\n\t\t\t\t\t\t<\/div>\n\t\t\t\t<\/div>\n\t\t\t\t<\/div>\n\t\t\t\t<\/div>\n\t\t<div class=\"elementor-element elementor-element-5266346 e-con-full e-flex e-con e-parent\" data-id=\"5266346\" data-element_type=\"container\" data-e-type=\"container\">\n\t\t<div class=\"elementor-element elementor-element-291414f3 e-con-full e-flex e-con e-child\" data-id=\"291414f3\" data-element_type=\"container\" data-e-type=\"container\">\n\t\t\t\t<div class=\"elementor-element elementor-element-445fbf74 elementor-widget elementor-widget-text-editor\" data-id=\"445fbf74\" data-element_type=\"widget\" data-e-type=\"widget\" data-widget_type=\"text-editor.default\">\n\t\t\t\t<div class=\"elementor-widget-container\">\n\t\t\t\t\t\t\t\t\t<p>L\u00e4hde el\u00e4m\u00e4si purjehduslomalle <a href=\"https:\/\/skippercity.com\/fi\/\">SkipperCityn<\/a> huolella suunnitelluilla Kroatian purjehdusreiteill\u00e4. Vuokraa <a href=\"https:\/\/skippercity.com\/fi\/yacht-charter-kroatia\/\">luksusjahti<\/a>, katamaraani tai purjevene ja tutustu Kroatian vieh\u00e4tt\u00e4viin saariin, historiallisiin kaupunkeihin, koskemattomiin rantoihin ja piilotettuihin lahtiin Adrianmeren henke\u00e4salpaavan rannikon varrella. <\/p>\n<\/p>\n<hr>\n<h2> <\/h2>\n<h2>7 p\u00e4iv\u00e4n purjehdusreitti Splitist\u00e4 k\u00e4sin<\/h2>\n<p><strong>P\u00e4iv\u00e4 1: Splitist\u00e4 Trogiriin<\/strong><br \/>Aloita Splitin vilkkaasta kaupungista ja purjehdi Trogiriin, joka on vieh\u00e4tt\u00e4v\u00e4 Unescon maailmanperint\u00f6kohteisiin kuuluva kaupunki, joka tunnetaan upeasta keskiaikaisesta arkkitehtuuristaan ja vilkkaasta rantakadustaan.<\/p>\n<p><strong>P\u00e4iv\u00e4 2: Trogirista \u0160oltalle<\/strong><br \/>Tutustu rauhalliseen \u0160oltan saareen, joka on kuuluisa syrj\u00e4isist\u00e4 lahdistaan, oliivilehdoistaan ja kristallinkirkkaista vesist\u00e4\u00e4n, jotka sopivat erinomaisesti uimiseen ja snorklaamiseen.<\/p>\n<p><strong>P\u00e4iv\u00e4 3: \u0160olta &#8211; Hvar<\/strong><br \/>L\u00e4hde purjehtimaan lumoavaan Hvariin, joka on tunnettu vilkkaasta y\u00f6el\u00e4m\u00e4st\u00e4\u00e4n, kauniista rannoistaan, laventelipelloistaan ja historiallisista n\u00e4ht\u00e4vyyksist\u00e4\u00e4n.<\/p>\n<p><strong>4. p\u00e4iv\u00e4: Hvarista Visiin<\/strong><br \/>Tutustu Visin saareen, jolle on ominaista koskematon luonnonkauneus, salaiset poukamat ja kiehtovat historialliset n\u00e4ht\u00e4vyydet antiikin ajoilta toisesta maailmansodasta l\u00e4htien.<\/p>\n<p><strong>P\u00e4iv\u00e4 5: Visist\u00e4 Komi\u017eaan<\/strong><br \/>Vieraile Komi\u017eassa, vieh\u00e4tt\u00e4v\u00e4ss\u00e4 kalastajakyl\u00e4ss\u00e4 Vis-saarella, joka tunnetaan aidoista kalaravintoloista ja rauhallisesta, perinteisest\u00e4 ilmapiirist\u00e4.<\/p>\n<p><strong>P\u00e4iv\u00e4 6: Komi\u017easta Bra\u010diin<\/strong><br \/>Koe Bra\u010din saarella sijaitseva Zlatni Ratin ranta, joka on yksi Kroatian tunnetuimmista rannoista ja joka sopii erinomaisesti vesiurheiluun ja rentoutumiseen upeissa maisemissa.<\/p>\n<p><strong>7. p\u00e4iv\u00e4: Bra\u010dista Splitiin<\/strong><br \/>Palaa Splitiin ja uppoa kaupungin el\u00e4m\u00e4\u00e4n, tutustu Diocletianuksen palatsiin, paikallisiin markkinoihin ja nauti kroatialaisesta keitti\u00f6st\u00e4.<\/p>\n<p><a href=\"https:\/\/skippercity.com\/yacht-charter-split\/\">Discover Yacht Charters alkaen Split<\/a><\/p>\n<hr>\n<h2>Muita purjehdusreittej\u00e4:<\/h2>\n<p><strong>Trogirista (7 p\u00e4iv\u00e4\u00e4)<\/strong><\/p>\n<ul>\n<li>1. p\u00e4iv\u00e4: Trogirista Drvenik Veli &#8211; rauhalliset rannat ja kristallilaguunit.<\/li>\n<li>2. p\u00e4iv\u00e4: Drvenik Veli &#8211; Primo\u0161ten &#8211; historiallinen kaupunki, jossa on erinomaista viini\u00e4.<\/li>\n<li>3. p\u00e4iv\u00e4: Primo\u0161tenista \u0160ibenikiin &#8211; Unescon katedraali ja el\u00e4v\u00e4 kulttuuri.<\/li>\n<li>4. p\u00e4iv\u00e4: \u0160ibenikist\u00e4 Skradiniin &#8211; Tutustu Krkan kansallispuiston vesiputouksiin.<\/li>\n<li>P\u00e4iv\u00e4 5: Skradinista Zlariniin &#8211; Kuuluisa korallisaaren rauhallisuus.<\/li>\n<li>P\u00e4iv\u00e4 6: Zlarinista \u0160oltalle &#8211; Luonnonkaunista luontoa ja syrj\u00e4isi\u00e4 lahtia.<\/li>\n<li>7. p\u00e4iv\u00e4: \u0160oltasta Trogiriin &#8211; Paluu Unescon vieh\u00e4tysvoimaan.<\/li>\n<\/ul>\n<p><strong>Dubrovnikista (7 p\u00e4iv\u00e4\u00e4)<\/strong><\/p>\n<ul>\n<li>P\u00e4iv\u00e4 1: Dubrovnikista \u0160ipaniin &#8211; Rauhallisia lahtia, luonnonkaunis saari.<\/li>\n<li>P\u00e4iv\u00e4 2: \u0160ipanista Mljetiin &#8211; kansallispuisto, rehevi\u00e4 metsi\u00e4.<\/li>\n<li>3. p\u00e4iv\u00e4: Mljetist\u00e4 Kor\u010dulaan &#8211; keskiaikaista charmia, Marco Polon syntym\u00e4paikka.<\/li>\n<li>4. p\u00e4iv\u00e4: Kor\u010dulasta Lastovoon &#8211; syrj\u00e4inen paratiisi koskemattomilla rannoilla.<\/li>\n<li>P\u00e4iv\u00e4 5: Lastovo &#8211; Pelje\u0161ac &#8211; Kuuluisat viinitarhat, upea rannikko.<\/li>\n<li>P\u00e4iv\u00e4 6: Pelje\u0161acista Lopudiin &#8211; hiekkarantoja, turkoosia vett\u00e4.<\/li>\n<li>7. p\u00e4iv\u00e4: Lopudista Dubrovnikiin &#8211; Tutustu historialliseen vanhaan kaupunkiin.<\/li>\n<\/ul>\n<p><strong>\u0160ibenikist\u00e4 (7 p\u00e4iv\u00e4\u00e4)<\/strong><\/p>\n<ul>\n<li>P\u00e4iv\u00e4 1: \u0160ibenikist\u00e4 Zlariniin &#8211; korallisaaren vieh\u00e4tys.<\/li>\n<li>2. p\u00e4iv\u00e4: Zlarinista Kaprijeen &#8211; syrj\u00e4isi\u00e4 lahtia ja rauhaa.<\/li>\n<li>P\u00e4iv\u00e4 3: Kaprije Kornatin kansallispuistoon &#8211; dramaattiset maisemat.<\/li>\n<li>4. p\u00e4iv\u00e4: Kornati &#8211; Dugi Otok &#8211; Telascican luonnonpuiston kauneus.<\/li>\n<li>P\u00e4iv\u00e4 5: Dugi Otokista Murteriin &#8211; kyl\u00e4el\u00e4m\u00e4\u00e4, luonnonkauniita rantoja.<\/li>\n<li>P\u00e4iv\u00e4 6: Murterista Skradiniin &#8211; K\u00e4ynti Krka-vesiputouksilla.<\/li>\n<li>7. p\u00e4iv\u00e4: Skradinista \u0160ibenikiin &#8211; Unescon historialliseen kaupunkiin.<\/li>\n<\/ul>\n<p><strong>Zadarista (7 p\u00e4iv\u00e4\u00e4)<\/strong><\/p>\n<ul>\n<li>1. p\u00e4iv\u00e4: Zadarista Ugljaniin &#8211; oliivilehtoja, perinteisi\u00e4 kyli\u00e4.<\/li>\n<li>P\u00e4iv\u00e4 2: Ugljanista Pa\u0161maniin &#8211; rento rannikkotunnelma.<\/li>\n<li>P\u00e4iv\u00e4 3: Pa\u0161manista Dugi Otokiin &#8211; Tutustu Tela\u0161\u0107ican lahteen.<\/li>\n<li>4. p\u00e4iv\u00e4: Dugi Otokista Molatiin &#8211; hiljaista rauhaa, syrj\u00e4isi\u00e4 lahtia.<\/li>\n<li>P\u00e4iv\u00e4 5: Molat &#8211; Ist &#8211; Rauhallinen saari, kirkkaat vedet.<\/li>\n<li>6. p\u00e4iv\u00e4: Ist Silbaan &#8211; rauhaa ja maisemak\u00e4velyj\u00e4.<\/li>\n<li>7. p\u00e4iv\u00e4: Silbasta Zadariin &#8211; vilkas kaupunki ja historialliset n\u00e4ht\u00e4vyydet.<\/li>\n<\/ul>\n<p><strong>Istriasta (7 p\u00e4iv\u00e4\u00e4)<\/strong><\/p>\n<ul>\n<li>1. p\u00e4iv\u00e4: Pula &#8211; Brijuni &#8211; kansallispuisto ja historialliset kohteet.<\/li>\n<li>2. p\u00e4iv\u00e4: Brijuni-Rovinj &#8211; romanttinen vieh\u00e4tys ja vieh\u00e4tt\u00e4v\u00e4 satama.<\/li>\n<li>3. p\u00e4iv\u00e4: Rovinjista Pore\u010diin &#8211; Unescon mosaiikit, rikas kulttuuri.<\/li>\n<li>4. p\u00e4iv\u00e4: Pore\u010dista Novigradiin &#8211; Kulinaarisia el\u00e4myksi\u00e4, rannikkon\u00e4kymi\u00e4.<\/li>\n<li>P\u00e4iv\u00e4 5: Novigradista Umagiin &#8211; Rentouttava merenrantakaupunki.<\/li>\n<li>6. p\u00e4iv\u00e4: Umag-Cres &#8211; luonnonkauneutta ja villiel\u00e4imi\u00e4.<\/li>\n<li>7. p\u00e4iv\u00e4: Cresist\u00e4 Pulaan &#8211; Paluu antiikin Rooman ajan maamerkkien \u00e4\u00e4relle.<\/li>\n<\/ul>\n<hr>\n<h2> <\/h2>\n<h2>Miksi valita SkipperCity purjehduslomallesi?<\/h2>\n<ul>\n<li><strong>Asiantunteva paikallistuntemus:<\/strong> Henkil\u00f6kohtaiset reitit ja piilotetut jalokivet.<\/li>\n<li><strong>R\u00e4\u00e4t\u00e4l\u00f6idyt kokemukset:<\/strong> Purjehdusseikkailut r\u00e4\u00e4t\u00e4l\u00f6id\u00e4\u00e4n toiveidesi mukaan.<\/li>\n<li><strong>Luotettava tuki:<\/strong> Omistautunut apu koko purjehdusmatkasi ajan.<\/li>\n<\/ul>\n<hr>\n<h2> <\/h2>\n<h2>Essential Kroatia purjehdus vinkkej\u00e4<\/h2>\n<ul>\n<li><strong>Paras purjehduskausi:<\/strong> (huippu: kes\u00e4-elokuu).<\/li>\n<li><strong>Pakkaus:<\/strong> Auringonsuoja, uimahousut, mukavat vaatteet.<\/li>\n<li><strong>S\u00e4\u00e4:<\/strong> S\u00e4\u00e4: V\u00e4limeren ilmasto<a href=\"https:\/\/meteo.hr\/index_en.php\" target=\"_blank\" rel=\"noopener\">(Kroatian s\u00e4\u00e4ennuste<\/a>).<\/li>\n<li><strong>Tutki lis\u00e4\u00e4:<\/strong> <a href=\"https:\/\/www.croatia.hr\/en-GB\" target=\"_blank\" rel=\"noopener\">Kroatian matkailuneuvosto<\/a><\/li>\n<\/ul>\n<hr>\n<h2> <\/h2>\n<h2>Liittyv\u00e4t SkipperCity-linkit<\/h2>\n<ul>\n<li><a href=\"https:\/\/skippercity.com\/fi\/yacht-charter-kroatia\/\">Yacht Yacht -peruskirja<\/a><\/li>\n<li><a href=\"https:\/\/skippercity.com\/fi\/katamaraanin-vuokraus-kroatia\/\">Katamaraani charter<\/a><\/li>\n<li><a href=\"https:\/\/skippercity.com\/sailing-boat-charter-croatia\/\">Purjeveneen vuokraus<\/a><\/li>\n<li><a href=\"https:\/\/skippercity.com\/fi\/crewed-yacht-charter-kroatia\/\">Crewed Yacht Charter<\/a><\/li>\n<\/ul>\n<hr>\n<h2> <\/h2>\n<h2>Varaa Kroatian purjehdusseikkailu t\u00e4n\u00e4\u00e4n<\/h2>\n<p>Aloita t\u00e4ydellisen Kroatian purjehduslomasi suunnittelu SkipperCityn kanssa ja koe Adrianmeren rannikon parhaat puolet.<\/p>\n<p><a href=\"https:\/\/skippercity.com\/fi\/hanki-tarjous-yacht-charter-croatia\/\">Pyyd\u00e4 tarjous nyt<\/a><\/p>\n\t\t\t\t\t\t\t\t<\/div>\n\t\t\t\t<\/div>\n\t\t\t\t<\/div>\n\t\t<div class=\"elementor-element elementor-element-368d928d e-con-full e-flex e-con e-child\" data-id=\"368d928d\" data-element_type=\"container\" data-e-type=\"container\">\n\t\t\t\t<div class=\"elementor-element elementor-element-215fb5f5 elementor-widget elementor-widget-template\" data-id=\"215fb5f5\" data-element_type=\"widget\" data-e-type=\"widget\" data-widget_type=\"template.default\">\n\t\t\t\t<div class=\"elementor-widget-container\">\n\t\t\t\t\t\t\t<div class=\"elementor-template\">\n\t\t\t\t\t<div data-elementor-type=\"section\" data-elementor-id=\"77216\" class=\"elementor elementor-77216 elementor-76339\" data-elementor-post-type=\"elementor_library\">\n\t\t\t\t\t<section class=\"elementor-section elementor-inner-section elementor-element elementor-element-457e679b elementor-section-full_width elementor-section-height-min-height elementor-section-content-middle elementor-section-height-default\" data-id=\"457e679b\" data-element_type=\"section\" data-e-type=\"section\" data-settings=\"{&quot;background_background&quot;:&quot;classic&quot;}\">\n\t\t\t\t\t\t\t<div class=\"elementor-background-overlay\"><\/div>\n\t\t\t\t\t\t\t<div class=\"elementor-container elementor-column-gap-default\">\n\t\t\t\t\t<div class=\"elementor-column elementor-col-100 elementor-inner-column elementor-element elementor-element-33d83c77\" data-id=\"33d83c77\" data-element_type=\"column\" data-e-type=\"column\">\n\t\t\t<div class=\"elementor-widget-wrap elementor-element-populated\">\n\t\t\t\t\t\t<div class=\"elementor-element elementor-element-26c46f13 elementor-widget elementor-widget-text-editor\" data-id=\"26c46f13\" data-element_type=\"widget\" data-e-type=\"widget\" data-widget_type=\"text-editor.default\">\n\t\t\t\t<div class=\"elementor-widget-container\">\n\t\t\t\t\t\t\t\t\t<p style=\"text-align: center;\">Etsitk\u00f6 venett\u00e4?<\/p>\n\t\t\t\t\t\t\t\t<\/div>\n\t\t\t\t<\/div>\n\t\t\t\t<div class=\"elementor-element elementor-element-7116d3fc elementor-align-center elementor-widget elementor-widget-button\" data-id=\"7116d3fc\" data-element_type=\"widget\" data-e-type=\"widget\" data-widget_type=\"button.default\">\n\t\t\t\t<div class=\"elementor-widget-container\">\n\t\t\t\t\t\t\t\t\t<div class=\"elementor-button-wrapper\">\n\t\t\t\t\t<a class=\"elementor-button elementor-button-link elementor-size-md\" href=\"https:\/\/skippercity.com\/fi\/hanki-tarjous-yacht-charter-croatia\/\" target=\"_blank\">\n\t\t\t\t\t\t<span class=\"elementor-button-content-wrapper\">\n\t\t\t\t\t\t\t\t\t<span class=\"elementor-button-text\">SAA ILMAINEN tarjous<\/span>\n\t\t\t\t\t<\/span>\n\t\t\t\t\t<\/a>\n\t\t\t\t<\/div>\n\t\t\t\t\t\t\t\t<\/div>\n\t\t\t\t<\/div>\n\t\t\t\t\t<\/div>\n\t\t<\/div>\n\t\t\t\t\t<\/div>\n\t\t<\/section>\n\t\t\t\t<\/div>\n\t\t\t\t<\/div>\n\t\t\t\t\t\t<\/div>\n\t\t\t\t<\/div>\n\t\t\t\t<\/div>\n\t\t\t\t<\/div>\n\t\t\t\t<\/div>\n\t\t","protected":false},"excerpt":{"rendered":"<p>Kroatian purjehdusreitit | Adrianmeren parhaat purjehdusreitit L\u00e4hde el\u00e4m\u00e4si purjehduslomalle SkipperCityn huolella suunnitelluilla Kroatian purjehdusreiteill\u00e4. Vuokraa luksusjahti, katamaraani tai purjevene ja tutustu Kroatian vieh\u00e4tt\u00e4viin saariin, historiallisiin kaupunkeihin, koskemattomiin rantoihin ja piilotettuihin lahtiin Adrianmeren henke\u00e4salpaavan rannikon varrella. 7 p\u00e4iv\u00e4n purjehdusreitti Splitist\u00e4 k\u00e4sin P\u00e4iv\u00e4 1: Splitist\u00e4 TrogiriinAloita Splitin vilkkaasta kaupungista ja purjehdi Trogiriin, joka on vieh\u00e4tt\u00e4v\u00e4 Unescon maailmanperint\u00f6kohteisiin [&hellip;]<\/p>\n","protected":false},"author":2,"featured_media":408270,"parent":0,"menu_order":0,"comment_status":"closed","ping_status":"closed","template":"","meta":{"footnotes":""},"class_list":["post-423970","page","type-page","status-publish","has-post-thumbnail","hentry"],"_links":{"self":[{"href":"https:\/\/skippercity.com\/fi\/wp-json\/wp\/v2\/pages\/423970","targetHints":{"allow":["GET"]}}],"collection":[{"href":"https:\/\/skippercity.com\/fi\/wp-json\/wp\/v2\/pages"}],"about":[{"href":"https:\/\/skippercity.com\/fi\/wp-json\/wp\/v2\/types\/page"}],"author":[{"embeddable":true,"href":"https:\/\/skippercity.com\/fi\/wp-json\/wp\/v2\/users\/2"}],"replies":[{"embeddable":true,"href":"https:\/\/skippercity.com\/fi\/wp-json\/wp\/v2\/comments?post=423970"}],"version-history":[{"count":0,"href":"https:\/\/skippercity.com\/fi\/wp-json\/wp\/v2\/pages\/423970\/revisions"}],"wp:featuredmedia":[{"embeddable":true,"href":"https:\/\/skippercity.com\/fi\/wp-json\/wp\/v2\/media\/408270"}],"wp:attachment":[{"href":"https:\/\/skippercity.com\/fi\/wp-json\/wp\/v2\/media?parent=423970"}],"curies":[{"name":"wp","href":"https:\/\/api.w.org\/{rel}","templated":true}]}}