{"id":71750,"date":"2017-11-15T23:12:15","date_gmt":"2017-11-15T23:12:15","guid":{"rendered":"https:\/\/www.skippercity.com\/purjehdus-kroatiassa-on-hauskaa-hanki-inspiraatiota\/"},"modified":"2024-02-29T15:13:42","modified_gmt":"2024-02-29T15:13:42","slug":"purjehdus-kroatiassa-on-hauskaa-hanki-inspiraatiota","status":"publish","type":"page","link":"https:\/\/skippercity.com\/fi\/purjehdus-kroatiassa-on-hauskaa-hanki-inspiraatiota\/","title":{"rendered":"Purjehdus Kroatiassa on hauskaa; Hanki inspiraatiota"},"content":{"rendered":"\t\t<div data-elementor-type=\"wp-page\" data-elementor-id=\"71750\" class=\"elementor elementor-71750 elementor-1583\" data-elementor-post-type=\"page\">\n\t\t\t\t<div class=\"elementor-element elementor-element-73e7b46 e-con-full e-flex e-con e-parent\" data-id=\"73e7b46\" data-element_type=\"container\" data-e-type=\"container\" data-settings=\"{&quot;background_background&quot;:&quot;classic&quot;}\">\n\t\t\t\t<\/div>\n\t\t\t\t<section class=\"elementor-section elementor-top-section elementor-element elementor-element-c4c2e00 elementor-section-full_width elementor-section-height-default elementor-section-height-default\" data-id=\"c4c2e00\" data-element_type=\"section\" data-e-type=\"section\">\n\t\t\t\t\t\t<div class=\"elementor-container elementor-column-gap-default\">\n\t\t\t\t\t<div class=\"elementor-column elementor-col-25 elementor-top-column elementor-element elementor-element-4544b0c1\" data-id=\"4544b0c1\" data-element_type=\"column\" data-e-type=\"column\">\n\t\t\t<div class=\"elementor-widget-wrap elementor-element-populated\">\n\t\t\t\t\t\t<div class=\"elementor-element elementor-element-71d12fdb elementor-toc--minimized-on-tablet elementor-widget elementor-widget-table-of-contents\" data-id=\"71d12fdb\" data-element_type=\"widget\" data-e-type=\"widget\" data-settings=\"{&quot;exclude_headings_by_selector&quot;:[],&quot;marker_view&quot;:&quot;bullets&quot;,&quot;headings_by_tags&quot;:[&quot;h2&quot;,&quot;h3&quot;,&quot;h4&quot;,&quot;h5&quot;,&quot;h6&quot;],&quot;icon&quot;:{&quot;value&quot;:&quot;fas fa-circle&quot;,&quot;library&quot;:&quot;fa-solid&quot;,&quot;rendered_tag&quot;:&quot;&lt;svg class=\\&quot;e-font-icon-svg e-fas-circle\\&quot; viewBox=\\&quot;0 0 512 512\\&quot; xmlns=\\&quot;http:\\\/\\\/www.w3.org\\\/2000\\\/svg\\&quot;&gt;&lt;path d=\\&quot;M256 8C119 8 8 119 8 256s111 248 248 248 248-111 248-248S393 8 256 8z\\&quot;&gt;&lt;\\\/path&gt;&lt;\\\/svg&gt;&quot;},&quot;no_headings_message&quot;:&quot;No headings were found on this page.&quot;,&quot;minimize_box&quot;:&quot;yes&quot;,&quot;minimized_on&quot;:&quot;tablet&quot;,&quot;hierarchical_view&quot;:&quot;yes&quot;,&quot;min_height&quot;:{&quot;unit&quot;:&quot;px&quot;,&quot;size&quot;:&quot;&quot;,&quot;sizes&quot;:[]},&quot;min_height_tablet&quot;:{&quot;unit&quot;:&quot;px&quot;,&quot;size&quot;:&quot;&quot;,&quot;sizes&quot;:[]},&quot;min_height_mobile&quot;:{&quot;unit&quot;:&quot;px&quot;,&quot;size&quot;:&quot;&quot;,&quot;sizes&quot;:[]}}\" data-widget_type=\"table-of-contents.default\">\n\t\t\t\t<div class=\"elementor-widget-container\">\n\t\t\t\t\t\t\t\t\t<div class=\"elementor-toc__header\">\n\t\t\t\t\t\t<h4 class=\"elementor-toc__header-title\">\n\t\t\t\tSis\u00e4llysluettelo\t\t\t<\/h4>\n\t\t\t\t\t\t\t\t\t\t<div class=\"elementor-toc__toggle-button elementor-toc__toggle-button--expand\" role=\"button\" tabindex=\"0\" aria-controls=\"elementor-toc__71d12fdb\" aria-expanded=\"true\" aria-label=\"Open table of contents\"><svg aria-hidden=\"true\" class=\"e-font-icon-svg e-fas-chevron-down\" viewBox=\"0 0 448 512\" xmlns=\"http:\/\/www.w3.org\/2000\/svg\"><path d=\"M207.029 381.476L12.686 187.132c-9.373-9.373-9.373-24.569 0-33.941l22.667-22.667c9.357-9.357 24.522-9.375 33.901-.04L224 284.505l154.745-154.021c9.379-9.335 24.544-9.317 33.901.04l22.667 22.667c9.373 9.373 9.373 24.569 0 33.941L240.971 381.476c-9.373 9.372-24.569 9.372-33.942 0z\"><\/path><\/svg><\/div>\n\t\t\t\t<div class=\"elementor-toc__toggle-button elementor-toc__toggle-button--collapse\" role=\"button\" tabindex=\"0\" aria-controls=\"elementor-toc__71d12fdb\" aria-expanded=\"true\" aria-label=\"Close table of contents\"><svg aria-hidden=\"true\" class=\"e-font-icon-svg e-fas-chevron-up\" viewBox=\"0 0 448 512\" xmlns=\"http:\/\/www.w3.org\/2000\/svg\"><path d=\"M240.971 130.524l194.343 194.343c9.373 9.373 9.373 24.569 0 33.941l-22.667 22.667c-9.357 9.357-24.522 9.375-33.901.04L224 227.495 69.255 381.516c-9.379 9.335-24.544 9.317-33.901-.04l-22.667-22.667c-9.373-9.373-9.373-24.569 0-33.941L207.03 130.525c9.372-9.373 24.568-9.373 33.941-.001z\"><\/path><\/svg><\/div>\n\t\t\t\t\t<\/div>\n\t\t\t\t<div id=\"elementor-toc__71d12fdb\" class=\"elementor-toc__body\">\n\t\t\t<div class=\"elementor-toc__spinner-container\">\n\t\t\t\t<svg class=\"elementor-toc__spinner eicon-animation-spin e-font-icon-svg e-eicon-loading\" aria-hidden=\"true\" viewBox=\"0 0 1000 1000\" xmlns=\"http:\/\/www.w3.org\/2000\/svg\"><path d=\"M500 975V858C696 858 858 696 858 500S696 142 500 142 142 304 142 500H25C25 237 238 25 500 25S975 237 975 500 763 975 500 975Z\"><\/path><\/svg>\t\t\t<\/div>\n\t\t<\/div>\n\t\t\t\t\t\t<\/div>\n\t\t\t\t<\/div>\n\t\t\t\t\t<\/div>\n\t\t<\/div>\n\t\t\t\t<div class=\"elementor-column elementor-col-50 elementor-top-column elementor-element elementor-element-7707a56\" data-id=\"7707a56\" data-element_type=\"column\" data-e-type=\"column\">\n\t\t\t<div class=\"elementor-widget-wrap elementor-element-populated\">\n\t\t\t\t\t\t<div class=\"elementor-element elementor-element-305b22d8 elementor-widget elementor-widget-text-editor\" data-id=\"305b22d8\" data-element_type=\"widget\" data-e-type=\"widget\" data-widget_type=\"text-editor.default\">\n\t\t\t\t<div class=\"elementor-widget-container\">\n\t\t\t\t\t\t\t\t\t<div class=\"markdown markdown-main-panel ui-v2-enabled\" dir=\"ltr\">\n<h1 data-sourcepos=\"1:1-1:69\">Purjehdus Kroatiassa on hauskaa! Inspiroidu!<\/h1>\n<h2 data-sourcepos=\"1:1-1:69\">Purjehdi seikkailuun: Unohtumattomat kokemukset odottavat Kroatiassa.<\/h2>\n<p data-sourcepos=\"3:1-3:309\">Kuvittele itsesi liukumassa Adrianmeren turkoosien vesien yli, aurinko l\u00e4mmitt\u00e4\u00e4 kasvojasi ja meren lempe\u00e4 suihku sumuttaa ihoasi. Kroatia lukemattomine saarineen, k\u00e4tkettyine poukamineen ja vieh\u00e4tt\u00e4vine rannikkokaupunkeineen kutsuu sinut purjehdusseikkailuun, joka saa sinut heng\u00e4stym\u00e4\u00e4n.<\/p>\n<p data-sourcepos=\"5:1-5:54\"><strong>Pakene tavallista ja ota vastaan poikkeuksellinen:<\/strong><\/p>\n<ul data-sourcepos=\"7:1-11:0\">\n<li data-sourcepos=\"7:1-7:165\"><strong>Vaihda kaupunkimaisemat merimaisemiin:<\/strong> Auringonnousu maalaa taivaan v\u00e4rikk\u00e4isiin s\u00e4vyihin, kun l\u00e4hdet purjehtimaan, ja ainoa \u00e4\u00e4ni on aaltojen lempe\u00e4 lainehtiminen runkoa vasten.<\/li>\n<li data-sourcepos=\"8:1-8:171\"><strong>Tutki piilotettuja helmi\u00e4:<\/strong> L\u00f6yd\u00e4 syrj\u00e4isi\u00e4 poukamia, joihin p\u00e4\u00e4see vain veneell\u00e4, koskemattomia rantoja, jotka sopivat t\u00e4ydellisesti rentoutumiseen, ja vieh\u00e4tt\u00e4vi\u00e4 kyli\u00e4, joissa aika tuntuu pys\u00e4htyneen.<\/li>\n<li data-sourcepos=\"9:1-9:157\"><strong>Sukella kristallinkirkkaisiin vesiin:<\/strong> Snorklaa elinvoimaisia koralliriuttoja, jotka kuhisevat el\u00e4m\u00e4\u00e4, tai uppoa vedenalaiseen maailmaan sukellusretkell\u00e4.<\/li>\n<li data-sourcepos=\"10:1-11:0\"><strong>Purjehdi t\u00e4htitaivaan alla:<\/strong> Kun ilta laskee, voit katsella henke\u00e4salpaavaa t\u00e4htitaivasta, jota kaupungin valot eiv\u00e4t varjosta, ja tuntea rauhan tunteen huuhtovan sinut.<\/li>\n<\/ul>\n<\/div>\n<div class=\"markdown markdown-main-panel ui-v2-enabled\" dir=\"ltr\">\n<p data-sourcepos=\"12:1-12:36\">\n<p data-sourcepos=\"12:1-12:36\"><strong>Ota vastaan seikkailun henki:<\/strong><\/p>\n<ul data-sourcepos=\"14:1-17:0\">\n<li data-sourcepos=\"14:1-14:164\"><strong>Navigoi kartoittamattomilla alueilla:<\/strong> Tartu ruoriin ja suunnittele kurssisi, tunne avomerell\u00e4 purjehtimisen j\u00e4nnityst\u00e4 ja uuden taidon hallitsemisen tyydytyst\u00e4.<\/li>\n<li data-sourcepos=\"15:1-15:145\"><strong>Yhteys luontoon:<\/strong> Hengit\u00e4 raikasta meri-ilmaa, tunne aurinko ihollasi ja uppoa Adrianmeren rannikon kauneuteen.<\/li>\n<li data-sourcepos=\"16:1-17:0\"><strong>Luo pysyvi\u00e4 muistoja:<\/strong> Jaa kokemus l\u00e4heistesi kanssa ja luo unohtumattomia tarinoita ja hetki\u00e4, joita vaalitaan ikuisesti.<\/li>\n<\/ul>\n<\/div>\n<div class=\"markdown markdown-main-panel ui-v2-enabled\" dir=\"ltr\">\n<p data-sourcepos=\"18:1-18:67\"><strong>Kroatia on enemm\u00e4n kuin pelkk\u00e4 matkakohde, se on kutsu:<\/strong><\/p>\n<ul data-sourcepos=\"20:1-23:0\">\n<li data-sourcepos=\"20:1-20:102\"><strong>Irrottaudu arjesta:<\/strong> J\u00e4t\u00e4 huolet taaksesi ja nauti avomeren vapaudesta.<\/li>\n<li data-sourcepos=\"21:1-21:116\"><strong>Palauta ihmetyksen tunteesi takaisin:<\/strong> L\u00f6yd\u00e4 uudelleen el\u00e4m\u00e4n yksinkertaiset ilot ja l\u00f6yd\u00e4 yhteys luontoon sen puhtaimmassa muodossa.<\/li>\n<li data-sourcepos=\"22:1-23:0\"><strong>Luo kertomisen arvoinen tarina:<\/strong> L\u00e4hde matkalle, joka muuttaa sinut ja j\u00e4tt\u00e4\u00e4 sinulle uuden hengen ja syd\u00e4men t\u00e4ynn\u00e4 muistoja.<\/li>\n<\/ul>\n<\/div>\n<div class=\"markdown markdown-main-panel ui-v2-enabled\" dir=\"ltr\">\n<p data-sourcepos=\"24:1-24:135\"><strong>Nosta siis purjeet, tunne tuuli hiuksissasi ja ota kurssi kohti unohtumatonta seikkailua Kroatiassa. Adrianmeri odottaa!<\/strong><\/p>\n<p data-sourcepos=\"24:1-24:135\">\n<\/div>\n<h2 data-sourcepos=\"7:1-7:58\">L\u00e4hde unohtumattomaan purjehdusseikkailuun Kroatiassa.<\/h2>\n<p data-sourcepos=\"9:1-9:260\">Kroatia on upeine Adrianmeren rannikkoineen, lukemattomine saarineen ja vieh\u00e4tt\u00e4vine satamakaupunkeineen unelmakohde purjehduslomalle. Olitpa sitten kokenut purjehtija tai t\u00e4ysin aloittelija, Kroatiassa sinua odottaa t\u00e4ydellinen purjeveneen vuokrausvaihtoehto.<\/p>\n<p data-sourcepos=\"11:1-11:52\"><strong>R\u00e4\u00e4t\u00e4l\u00f6ityj\u00e4 purjehdusretki\u00e4 jokaiseen makuun:<\/strong><\/p>\n<ul data-sourcepos=\"13:1-17:0\">\n<li data-sourcepos=\"13:1-13:234\"><strong>Kipparoidut rahtaukset:<\/strong> Ihanteellinen niille, jotka haluavat rentoutua ja nauttia maisemista ilman vastuuta veneen navigoinnista. Kokenut kippari huolehtii kaikesta, veneen kuljettamisesta reitin suunnitteluun.<\/li>\n<li data-sourcepos=\"14:1-14:166\"><strong>Bareboat-rahtaus:<\/strong> Kokeneille purjehtijoille, jotka haluavat vapauden tutustua omaan tahtiinsa. Tarvitset voimassa olevan purjehdusluvan toimiaksesi ilman venett\u00e4.<\/li>\n<li data-sourcepos=\"15:1-15:214\"><strong>Miehitetyt rahtialukset:<\/strong> Yhdist\u00e4 veneett\u00f6m\u00e4n rahtauksen vapaus ja ammattitaitoisen miehist\u00f6n mukavuus ja palvelu. Miehist\u00f6 huolehtii veneen purjehtimisesta, aterioiden valmistamisesta ja siit\u00e4, ett\u00e4 kaikki tarpeesi t\u00e4yttyv\u00e4t.<\/li>\n<li data-sourcepos=\"16:1-17:0\"><strong>All-inclusive-purjehdukset:<\/strong> T\u00e4ydellinen huoleton purjehduskokemus. Kaikesta on huolehdittu, aterioista ja juomista aktiviteetteihin ja retkiin. Sinun tarvitsee vain istua alas, rentoutua ja nauttia kyydist\u00e4.<\/li>\n<\/ul>\n<p data-sourcepos=\"18:1-18:48\"><strong>Kroatian monipuolisten purjehdusalueiden paljastaminen:<\/strong><\/p>\n<ul data-sourcepos=\"20:1-24:0\">\n<li data-sourcepos=\"20:1-20:215\"><strong>Dalmatian rannikko:<\/strong> Se tarjoaa kauniin yhdistelm\u00e4n historiallisia kaupunkeja, vieh\u00e4tt\u00e4vi\u00e4 kyli\u00e4 ja syrj\u00e4isi\u00e4 poukamia. Tutustu Dubrovnikiin, Splitiin, Hvariin, Bra\u010diin ja Kornatin saariin.<\/li>\n<li data-sourcepos=\"21:1-21:239\"><strong>Istrian niemimaa:<\/strong> Tutustu Istrian ainutlaatuiseen vieh\u00e4tykseen keskiaikaisine kukkulan laella sijaitsevine kaupunkeineen, venetsialaisvaikutteisine kaupunkeineen ja herkullisine paikallisine ruokineen. Purjehdi Brijuni-saarten kansallispuiston ymp\u00e4ri ja tutustu Pulan areenaan, roomalaiseen amfiteatteriin.<\/li>\n<li data-sourcepos=\"22:1-22:225\"><strong>Kvarnerinlahti:<\/strong> Risteile Kvarnerinlahdella, joka tunnetaan dramaattisista maisemistaan, rehev\u00e4st\u00e4 kasvillisuudestaan ja kristallinkirkkaista vesist\u00e4\u00e4n. Vieraile Krkin, Rabin ja Cresin saarilla ja tutustu Opatijan ja Rijekan vieh\u00e4tt\u00e4viin kaupunkeihin.<\/li>\n<li data-sourcepos=\"23:1-24:0\"><strong>Etel\u00e4inen Adrianmeri:<\/strong> Purjehdi Adrianmeren etel\u00e4isell\u00e4 rannikolla, joka tunnetaan upeasta luonnonkauneudestaan ja rennosta ilmapiirist\u00e4\u00e4n. Tutustu Elaphitin saariin, Mljetin kansallispuistoon ja Dubrovnikin historialliseen kaupunkiin.<\/li>\n<\/ul>\n<p data-sourcepos=\"25:1-25:36\"><strong>Henke\u00e4salpaavien maisemien lis\u00e4ksi:<\/strong><\/p>\n<ul data-sourcepos=\"27:1-30:0\">\n<li data-sourcepos=\"27:1-27:226\"><strong>Uppoudu Kroatian rikkaaseen kulttuuriin ja historiaan:<\/strong> Tutustu muinaisiin raunioihin, vieh\u00e4tt\u00e4viin kaupunkeihin ja vilkkaisiin kaupunkeihin. Nauti herkullisesta paikallisesta keitti\u00f6st\u00e4, joka tunnetaan tuoreista merenel\u00e4vist\u00e4, oliivi\u00f6ljyst\u00e4 ja alueellisista erikoisuuksista.<\/li>\n<li data-sourcepos=\"28:1-28:153\"><strong>Harrasta vesiaktiviteetteja:<\/strong> Ui, snorklaa, sukella, melo tai harrasta stand up -melontaa Adrianmeren kristallinkirkkaissa vesiss\u00e4.<\/li>\n<li data-sourcepos=\"29:1-30:0\"><strong>Koe Kroatian kansan l\u00e4mmin vieraanvaraisuus:<\/strong> Paikalliset tunnetaan yst\u00e4v\u00e4llisest\u00e4 ja vieraanvaraisesta luonteestaan, joka saa sinut tuntemaan olosi kotoisaksi.<\/li>\n<\/ul>\n<p data-sourcepos=\"31:1-31:63\"><strong>Aloita unelmiesi Kroatian purjehdusseikkailun suunnittelu jo t\u00e4n\u00e4\u00e4n!<\/strong><\/p>\n\t\t\t\t\t\t\t\t<\/div>\n\t\t\t\t<\/div>\n\t\t\t\t\t<\/div>\n\t\t<\/div>\n\t\t\t\t<div class=\"elementor-column elementor-col-25 elementor-top-column elementor-element elementor-element-3beb6c0b\" data-id=\"3beb6c0b\" data-element_type=\"column\" data-e-type=\"column\">\n\t\t\t<div class=\"elementor-widget-wrap elementor-element-populated\">\n\t\t\t\t\t\t<div class=\"elementor-element elementor-element-397c5332 elementor-widget elementor-widget-template\" data-id=\"397c5332\" data-element_type=\"widget\" data-e-type=\"widget\" data-widget_type=\"template.default\">\n\t\t\t\t<div class=\"elementor-widget-container\">\n\t\t\t\t\t\t\t<div class=\"elementor-template\">\n\t\t\t\t\t<div data-elementor-type=\"section\" data-elementor-id=\"77216\" class=\"elementor elementor-77216 elementor-76339\" data-elementor-post-type=\"elementor_library\">\n\t\t\t\t\t<section class=\"elementor-section elementor-inner-section elementor-element elementor-element-457e679b elementor-section-full_width elementor-section-height-min-height elementor-section-content-middle elementor-section-height-default\" data-id=\"457e679b\" data-element_type=\"section\" data-e-type=\"section\" data-settings=\"{&quot;background_background&quot;:&quot;classic&quot;}\">\n\t\t\t\t\t\t\t<div class=\"elementor-background-overlay\"><\/div>\n\t\t\t\t\t\t\t<div class=\"elementor-container elementor-column-gap-default\">\n\t\t\t\t\t<div class=\"elementor-column elementor-col-100 elementor-inner-column elementor-element elementor-element-33d83c77\" data-id=\"33d83c77\" data-element_type=\"column\" data-e-type=\"column\">\n\t\t\t<div class=\"elementor-widget-wrap elementor-element-populated\">\n\t\t\t\t\t\t<div class=\"elementor-element elementor-element-26c46f13 elementor-widget elementor-widget-text-editor\" data-id=\"26c46f13\" data-element_type=\"widget\" data-e-type=\"widget\" data-widget_type=\"text-editor.default\">\n\t\t\t\t<div class=\"elementor-widget-container\">\n\t\t\t\t\t\t\t\t\t<p style=\"text-align: center;\">Etsitk\u00f6 venett\u00e4?<\/p>\n\t\t\t\t\t\t\t\t<\/div>\n\t\t\t\t<\/div>\n\t\t\t\t<div class=\"elementor-element elementor-element-7116d3fc elementor-align-center elementor-widget elementor-widget-button\" data-id=\"7116d3fc\" data-element_type=\"widget\" data-e-type=\"widget\" data-widget_type=\"button.default\">\n\t\t\t\t<div class=\"elementor-widget-container\">\n\t\t\t\t\t\t\t\t\t<div class=\"elementor-button-wrapper\">\n\t\t\t\t\t<a class=\"elementor-button elementor-button-link elementor-size-md\" href=\"https:\/\/skippercity.com\/fi\/hanki-tarjous-yacht-charter-croatia\/\" target=\"_blank\">\n\t\t\t\t\t\t<span class=\"elementor-button-content-wrapper\">\n\t\t\t\t\t\t\t\t\t<span class=\"elementor-button-text\">SAA ILMAINEN tarjous<\/span>\n\t\t\t\t\t<\/span>\n\t\t\t\t\t<\/a>\n\t\t\t\t<\/div>\n\t\t\t\t\t\t\t\t<\/div>\n\t\t\t\t<\/div>\n\t\t\t\t\t<\/div>\n\t\t<\/div>\n\t\t\t\t\t<\/div>\n\t\t<\/section>\n\t\t\t\t<\/div>\n\t\t\t\t<\/div>\n\t\t\t\t\t\t<\/div>\n\t\t\t\t<\/div>\n\t\t\t\t\t<\/div>\n\t\t<\/div>\n\t\t\t\t\t<\/div>\n\t\t<\/section>\n\t\t\t\t<\/div>\n\t\t","protected":false},"excerpt":{"rendered":"<p>Sis\u00e4llysluettelo Purjehdus Kroatiassa on hauskaa! Inspiroidu! Purjehdi seikkailuun: Unohtumattomat kokemukset odottavat Kroatiassa. Kuvittele itsesi liukumassa Adrianmeren turkoosien vesien yli, aurinko l\u00e4mmitt\u00e4\u00e4 kasvojasi ja meren lempe\u00e4 suihku sumuttaa ihoasi. Kroatia lukemattomine saarineen, k\u00e4tkettyine poukamineen ja vieh\u00e4tt\u00e4vine rannikkokaupunkeineen kutsuu sinut purjehdusseikkailuun, joka saa sinut heng\u00e4stym\u00e4\u00e4n. Pakene tavallista ja ota vastaan poikkeuksellinen: Vaihda kaupunkimaisemat merimaisemiin: Auringonnousu maalaa taivaan [&hellip;]<\/p>\n","protected":false},"author":2,"featured_media":71499,"parent":0,"menu_order":0,"comment_status":"closed","ping_status":"closed","template":"","meta":{"footnotes":""},"class_list":["post-71750","page","type-page","status-publish","has-post-thumbnail","hentry"],"_links":{"self":[{"href":"https:\/\/skippercity.com\/fi\/wp-json\/wp\/v2\/pages\/71750","targetHints":{"allow":["GET"]}}],"collection":[{"href":"https:\/\/skippercity.com\/fi\/wp-json\/wp\/v2\/pages"}],"about":[{"href":"https:\/\/skippercity.com\/fi\/wp-json\/wp\/v2\/types\/page"}],"author":[{"embeddable":true,"href":"https:\/\/skippercity.com\/fi\/wp-json\/wp\/v2\/users\/2"}],"replies":[{"embeddable":true,"href":"https:\/\/skippercity.com\/fi\/wp-json\/wp\/v2\/comments?post=71750"}],"version-history":[{"count":0,"href":"https:\/\/skippercity.com\/fi\/wp-json\/wp\/v2\/pages\/71750\/revisions"}],"wp:featuredmedia":[{"embeddable":true,"href":"https:\/\/skippercity.com\/fi\/wp-json\/wp\/v2\/media\/71499"}],"wp:attachment":[{"href":"https:\/\/skippercity.com\/fi\/wp-json\/wp\/v2\/media?parent=71750"}],"curies":[{"name":"wp","href":"https:\/\/api.w.org\/{rel}","templated":true}]}}