{"id":71987,"date":"2017-11-15T21:24:45","date_gmt":"2017-11-15T21:24:45","guid":{"rendered":"https:\/\/www.skippercity.com\/venevuokraus-kroatia\/"},"modified":"2024-02-21T12:24:45","modified_gmt":"2024-02-21T12:24:45","slug":"venevuokraus-kroatia","status":"publish","type":"page","link":"https:\/\/skippercity.com\/fi\/venevuokraus-kroatia\/","title":{"rendered":"Venevuokraus Kroatia"},"content":{"rendered":"\t\t<div data-elementor-type=\"wp-page\" data-elementor-id=\"71987\" class=\"elementor elementor-71987 elementor-1472\" data-elementor-post-type=\"page\">\n\t\t\t\t<div class=\"elementor-element elementor-element-6042987 e-con-full e-flex e-con e-parent\" data-id=\"6042987\" data-element_type=\"container\" data-e-type=\"container\" data-settings=\"{&quot;background_background&quot;:&quot;classic&quot;}\">\n\t\t\t\t<\/div>\n\t\t\t\t<section class=\"elementor-section elementor-top-section elementor-element elementor-element-6ac0cb3c elementor-section-full_width elementor-section-height-default elementor-section-height-default\" data-id=\"6ac0cb3c\" data-element_type=\"section\" data-e-type=\"section\">\n\t\t\t\t\t\t<div class=\"elementor-container elementor-column-gap-default\">\n\t\t\t\t\t<div class=\"elementor-column elementor-col-25 elementor-top-column elementor-element elementor-element-6105046c\" data-id=\"6105046c\" data-element_type=\"column\" data-e-type=\"column\">\n\t\t\t<div class=\"elementor-widget-wrap elementor-element-populated\">\n\t\t\t\t\t\t<div class=\"elementor-element elementor-element-27770b8e elementor-toc--minimized-on-tablet elementor-widget elementor-widget-table-of-contents\" data-id=\"27770b8e\" data-element_type=\"widget\" data-e-type=\"widget\" data-settings=\"{&quot;exclude_headings_by_selector&quot;:[],&quot;marker_view&quot;:&quot;bullets&quot;,&quot;headings_by_tags&quot;:[&quot;h2&quot;,&quot;h3&quot;,&quot;h4&quot;,&quot;h5&quot;,&quot;h6&quot;],&quot;icon&quot;:{&quot;value&quot;:&quot;fas fa-circle&quot;,&quot;library&quot;:&quot;fa-solid&quot;,&quot;rendered_tag&quot;:&quot;&lt;svg class=\\&quot;e-font-icon-svg e-fas-circle\\&quot; viewBox=\\&quot;0 0 512 512\\&quot; xmlns=\\&quot;http:\\\/\\\/www.w3.org\\\/2000\\\/svg\\&quot;&gt;&lt;path d=\\&quot;M256 8C119 8 8 119 8 256s111 248 248 248 248-111 248-248S393 8 256 8z\\&quot;&gt;&lt;\\\/path&gt;&lt;\\\/svg&gt;&quot;},&quot;no_headings_message&quot;:&quot;No headings were found on this page.&quot;,&quot;minimize_box&quot;:&quot;yes&quot;,&quot;minimized_on&quot;:&quot;tablet&quot;,&quot;hierarchical_view&quot;:&quot;yes&quot;,&quot;min_height&quot;:{&quot;unit&quot;:&quot;px&quot;,&quot;size&quot;:&quot;&quot;,&quot;sizes&quot;:[]},&quot;min_height_tablet&quot;:{&quot;unit&quot;:&quot;px&quot;,&quot;size&quot;:&quot;&quot;,&quot;sizes&quot;:[]},&quot;min_height_mobile&quot;:{&quot;unit&quot;:&quot;px&quot;,&quot;size&quot;:&quot;&quot;,&quot;sizes&quot;:[]}}\" data-widget_type=\"table-of-contents.default\">\n\t\t\t\t<div class=\"elementor-widget-container\">\n\t\t\t\t\t\t\t\t\t<div class=\"elementor-toc__header\">\n\t\t\t\t\t\t<h4 class=\"elementor-toc__header-title\">\n\t\t\t\tSis\u00e4llysluettelo\t\t\t<\/h4>\n\t\t\t\t\t\t\t\t\t\t<div class=\"elementor-toc__toggle-button elementor-toc__toggle-button--expand\" role=\"button\" tabindex=\"0\" aria-controls=\"elementor-toc__27770b8e\" aria-expanded=\"true\" aria-label=\"Open table of contents\"><svg aria-hidden=\"true\" class=\"e-font-icon-svg e-fas-chevron-down\" viewBox=\"0 0 448 512\" xmlns=\"http:\/\/www.w3.org\/2000\/svg\"><path d=\"M207.029 381.476L12.686 187.132c-9.373-9.373-9.373-24.569 0-33.941l22.667-22.667c9.357-9.357 24.522-9.375 33.901-.04L224 284.505l154.745-154.021c9.379-9.335 24.544-9.317 33.901.04l22.667 22.667c9.373 9.373 9.373 24.569 0 33.941L240.971 381.476c-9.373 9.372-24.569 9.372-33.942 0z\"><\/path><\/svg><\/div>\n\t\t\t\t<div class=\"elementor-toc__toggle-button elementor-toc__toggle-button--collapse\" role=\"button\" tabindex=\"0\" aria-controls=\"elementor-toc__27770b8e\" aria-expanded=\"true\" aria-label=\"Close table of contents\"><svg aria-hidden=\"true\" class=\"e-font-icon-svg e-fas-chevron-up\" viewBox=\"0 0 448 512\" xmlns=\"http:\/\/www.w3.org\/2000\/svg\"><path d=\"M240.971 130.524l194.343 194.343c9.373 9.373 9.373 24.569 0 33.941l-22.667 22.667c-9.357 9.357-24.522 9.375-33.901.04L224 227.495 69.255 381.516c-9.379 9.335-24.544 9.317-33.901-.04l-22.667-22.667c-9.373-9.373-9.373-24.569 0-33.941L207.03 130.525c9.372-9.373 24.568-9.373 33.941-.001z\"><\/path><\/svg><\/div>\n\t\t\t\t\t<\/div>\n\t\t\t\t<div id=\"elementor-toc__27770b8e\" class=\"elementor-toc__body\">\n\t\t\t<div class=\"elementor-toc__spinner-container\">\n\t\t\t\t<svg class=\"elementor-toc__spinner eicon-animation-spin e-font-icon-svg e-eicon-loading\" aria-hidden=\"true\" viewBox=\"0 0 1000 1000\" xmlns=\"http:\/\/www.w3.org\/2000\/svg\"><path d=\"M500 975V858C696 858 858 696 858 500S696 142 500 142 142 304 142 500H25C25 237 238 25 500 25S975 237 975 500 763 975 500 975Z\"><\/path><\/svg>\t\t\t<\/div>\n\t\t<\/div>\n\t\t\t\t\t\t<\/div>\n\t\t\t\t<\/div>\n\t\t\t\t\t<\/div>\n\t\t<\/div>\n\t\t\t\t<div class=\"elementor-column elementor-col-50 elementor-top-column elementor-element elementor-element-5f305314\" data-id=\"5f305314\" data-element_type=\"column\" data-e-type=\"column\">\n\t\t\t<div class=\"elementor-widget-wrap elementor-element-populated\">\n\t\t\t\t\t\t<div class=\"elementor-element elementor-element-38e8ec5b elementor-widget elementor-widget-text-editor\" data-id=\"38e8ec5b\" data-element_type=\"widget\" data-e-type=\"widget\" data-widget_type=\"text-editor.default\">\n\t\t\t\t<div class=\"elementor-widget-container\">\n\t\t\t\t\t\t\t\t\t<h1>Veneen vuokraus Kroatiassa<\/h1>\n<p>Kroatia on upeine rannikkoineen, kristallinkirkkaine vesineen ja tuhansine saarineen unelmakohde niille, jotka etsiv\u00e4t ikimuistoisia purjehduskokemuksia. Olitpa sitten kokenut purjehtija tai noviisi, l\u00f6yd\u00e4t tarpeisiisi sopivan veneen vuokrausvaihtoehdon. T\u00e4ss\u00e4 oppaassa selvit\u00e4mme Kroatiassa saatavilla olevat erilaiset venevuokrausmuodot, kustannukset vuonna 2024 ja viisi parasta purjeveneen vuokrauskohdetta.<\/p>\n<h2>Miksi Kroatia?<\/h2>\n<p>Kroatia tarjoaa joitakin maailman kauneimmista purjehduskohteista. Sen rannikolla on tuhansia saaria, joista jokaisella on oma ainutlaatuinen vieh\u00e4tyksens\u00e4. Kroatiassa on jokaiselle jotakin Splitin ja Dubrovnikin historiallisista kaupungeista Kornatin saarten syrj\u00e4isiin poukamiin. V\u00e4limeren ilmasto, l\u00e4mpim\u00e4t vedet ja lempe\u00e4t tuulet tekev\u00e4t maasta ihanteellisen kohteen purjehdukselle.<\/p>\n<p><img fetchpriority=\"high\" decoding=\"async\" class=\"alignnone size-full wp-image-412487\" src=\"https:\/\/skippercity.com\/vsebina\/uploads\/yacht-charter-catamaran-rental.jpeg\" alt=\"katamaraanin vuokraus Kroatia\" width=\"1200\" height=\"717\" srcset=\"https:\/\/skippercity.com\/vsebina\/uploads\/yacht-charter-catamaran-rental.jpeg 1200w, https:\/\/skippercity.com\/vsebina\/uploads\/yacht-charter-catamaran-rental-768x459.jpeg 768w, https:\/\/skippercity.com\/vsebina\/uploads\/yacht-charter-catamaran-rental-700x418.jpeg 700w\" sizes=\"(max-width: 1200px) 100vw, 1200px\" \/><\/p>\n<h2>Venevuokrauksen tyypit<\/h2>\n<h3>Kipparoitu charter<\/h3>\n<p>Ihanteellinen niille, jotka haluavat rentoutua ja nauttia matkasta huolehtimatta navigoinnista tai veneen k\u00e4sittelyst\u00e4. <a href=\"https:\/\/skippercity.com\/fi\/skippered-yacht-charter-croatia\/\">Ammattitaitoinen kippari<\/a> huolehtii kaikesta, ohjauksesta kiinnitt\u00e4miseen, samalla kun nautit Adrianmeren kauneudesta.<\/p>\n<h3><strong>Miehist\u00f6ll\u00e4 varustetut tilauslentokoneet<\/strong><\/h3>\n<p>Jos haluat todella ylellisen kokemuksen, <a href=\"https:\/\/skippercity.com\/fi\/crewed-yacht-charter-kroatia\/\">miehist\u00f6ll\u00e4 varustettu charter<\/a> on oikea tapa valita. Kipparin lis\u00e4ksi sinulla on kokki ja muita miehist\u00f6n j\u00e4seni\u00e4, jotka huolehtivat kaikista tarpeistasi. T\u00e4m\u00e4 vaihtoehto on t\u00e4ydellinen niille, jotka haluavat hemmotella itse\u00e4\u00e4n ja nauttia viiden t\u00e4hden purjehduslomasta.<\/p>\n<h3><strong>Bareboat-vuokraus<\/strong><\/h3>\n<p>Jos sinulla on purjehduskokemusta ja tarvittava p\u00e4tevyys, voit vuokrata veneen ilman venett\u00e4. T\u00e4ss\u00e4 vaihtoehdossa olet oman aluksesi kapteeni, joka vastaa navigoinnista, kiinnityksest\u00e4 ja kaikista muista purjehdukseen liittyvist\u00e4 asioista. Se on loistava tapa tutustua Kroatian rannikkoon omaan tahtiin.<\/p>\n<p><img decoding=\"async\" class=\"alignnone size-full wp-image-412448\" src=\"https:\/\/skippercity.com\/vsebina\/uploads\/2.jpg\" alt=\"katamaraanin vuokraus Kroatia\" width=\"698\" height=\"466\"><\/p>\n<h2>Venetyypit<\/h2>\n<h3><strong>Purjeveneet<\/strong><\/h3>\n<p>Purjeveneet ovat perinteisin ja romanttisin tapa tutustua Adrianmereen, ja ne tarjoavat rauhallisen ja ymp\u00e4rist\u00f6yst\u00e4v\u00e4llisen purjehduskokemuksen. Ne ovat t\u00e4ydellisi\u00e4 niille, jotka haluavat nauttia meren rauhasta ja tuulen \u00e4\u00e4nest\u00e4 purjeissa.<\/p>\n<h3><strong>Katamaraanit<\/strong><\/h3>\n<p><a href=\"https:\/\/skippercity.com\/fi\/katamaraanin-vuokraus-kroatia\/\">Katamaraanit<\/a> tunnetaan vakaudestaan ja tilavuudestaan, ja ne ovat suosittu valinta perheille ja suuremmille ryhmille. Useiden hyttien ja runsaan kansitilan ansiosta ne tarjoavat mukavuutta ja ylellisyytt\u00e4 purjehduksen aikana.<\/p>\n<h3><strong>Moottoriveneet<\/strong><\/h3>\n<p>Jos etsit nopeutta, moottorivene on oikea valinta. Tehokkailla moottoreilla varustetut veneet voivat kuljettaa sinut nopeasti m\u00e4\u00e4r\u00e4np\u00e4\u00e4st\u00e4 toiseen, jolloin voit kulkea enemm\u00e4n matkaa lyhyemm\u00e4ss\u00e4 ajassa.<\/p>\n<p><img decoding=\"async\" class=\"alignnone size-full wp-image-412396\" src=\"https:\/\/skippercity.com\/vsebina\/uploads\/catamaran-charter-croatia-1.jpg\" alt=\"katamaraanin vuokraus Kroatia\" width=\"1920\" height=\"932\" srcset=\"https:\/\/skippercity.com\/vsebina\/uploads\/catamaran-charter-croatia-1.jpg 1920w, https:\/\/skippercity.com\/vsebina\/uploads\/catamaran-charter-croatia-1-768x373.jpg 768w, https:\/\/skippercity.com\/vsebina\/uploads\/catamaran-charter-croatia-1-1536x746.jpg 1536w, https:\/\/skippercity.com\/vsebina\/uploads\/catamaran-charter-croatia-1-700x340.jpg 700w\" sizes=\"(max-width: 1920px) 100vw, 1920px\" \/><\/p>\n<h2>Purjehdusalueet<\/h2>\n<h3><strong>Jakaa<\/strong><\/h3>\n<p>Split on yksi Kroatian suosituimmista purjehduskohteista, ja se tarjoaa t\u00e4ydellisen yhdistelm\u00e4n historiaa, kulttuuria ja luonnonkauneutta. Muinaisesta Diocletianuksen palatsista Hvarin ja Visin upeisiin saariin Splitiss\u00e4 on jokaiselle jotakin.<\/p>\n<h3><strong>Zadar<\/strong><\/h3>\n<p>Roomalaisten, bysanttilaisten ja venetsialaisten vaikutteiden ainutlaatuisella sekoituksella varustettu Zadar on vieh\u00e4tt\u00e4v\u00e4 kaupunki, joka sopii t\u00e4ydellisesti veneell\u00e4 tutustumiseen. L\u00e4heinen Kornatin saarten kansallispuisto on ehdoton vierailukohde henke\u00e4salpaavien maisemiensa ja kristallinkirkkaiden vesiens\u00e4 vuoksi.<\/p>\n<h3><strong>Trogir<\/strong><\/h3>\n<p>Trogir on Unescon maailmanperint\u00f6kohde, joka tunnetaan Kroatian &#8221;Pikku-Venetsiana&#8221; ja johon tutustuu parhaiten veneell\u00e4. Kapeilla kaduilla, historiallisilla rakennuksilla ja vieh\u00e4tt\u00e4v\u00e4ll\u00e4 rantakadulla varustettu Trogir on ihana tutustua.<\/p>\n<h3><strong>Dubrovnik<\/strong><\/h3>\n<p>Dubrovnik on kuuluisa keskiaikaisista muureistaan ja upeasta arkkitehtuuristaan, ja se on jokaisen purjehduksen harrastajan ehdoton vierailukohde. L\u00e4heiset Elafiti-saaret tarjoavat koskemattomia rantoja ja erist\u00e4ytyneit\u00e4 poukamia, jotka sopivat t\u00e4ydellisesti p\u00e4iv\u00e4n rentoutumiseen.<\/p>\n<h3><strong>Sibenik<\/strong><\/h3>\n<p>Dalmatian syd\u00e4mess\u00e4 sijaitseva Sibenik on vieh\u00e4tt\u00e4v\u00e4 kaupunki, jolla on rikas historia ja upea luonnonkauneus. L\u00e4heinen Krkan kansallispuisto on luonnonyst\u00e4vien paratiisi vesiputouksineen, j\u00e4rvineen ja rehevine metsineen.<\/p>\n<p><img loading=\"lazy\" decoding=\"async\" class=\"alignnone size-full wp-image-412382\" src=\"https:\/\/skippercity.com\/vsebina\/uploads\/croatia-catamaran-charter.jpg\" alt=\"Kroatia katamaraani charter\" width=\"1600\" height=\"900\" srcset=\"https:\/\/skippercity.com\/vsebina\/uploads\/croatia-catamaran-charter.jpg 1600w, https:\/\/skippercity.com\/vsebina\/uploads\/croatia-catamaran-charter-768x432.jpg 768w, https:\/\/skippercity.com\/vsebina\/uploads\/croatia-catamaran-charter-1536x864.jpg 1536w, https:\/\/skippercity.com\/vsebina\/uploads\/croatia-catamaran-charter-500x281.jpg 500w, https:\/\/skippercity.com\/vsebina\/uploads\/croatia-catamaran-charter-700x394.jpg 700w\" sizes=\"(max-width: 1600px) 100vw, 1600px\" \/><\/p>\n<h2>Veneen vuokrauskustannukset vuonna 2024<\/h2>\n<p>Kroatian venevuokrauksen hinta vaihtelee venetyypin, veneen koon, vuokrauksen keston ja vuodenajan mukaan. Vuodesta 2024 alkaen ilman venett\u00e4 tapahtuvan vuokrauksen keskihinta Kroatiassa on noin 2 000-4 000 euroa viikossa purjeveneen osalta, 3 000-6 000 euroa viikossa katamaraanin osalta ja 4 000-8 000 euroa viikossa moottoriveneen osalta.<\/p>\n<p>Kipparoidut ja miehist\u00f6ll\u00e4 varustetut rahtaukset ovat kalliimpia, ja hinnat vaihtelevat 5 000 eurosta 15 000 euroon viikossa purjeveneen osalta, 8 000 eurosta 20 000 euroon viikossa katamaraanin osalta ja 10 000 eurosta 30 000 euroon viikossa moottoriveneen osalta.<\/p>\n<p><img loading=\"lazy\" decoding=\"async\" class=\"alignnone size-full wp-image-412504\" src=\"https:\/\/skippercity.com\/vsebina\/uploads\/Mooring-and-Docking-Costs-in-Croatia-A-Comprehensive-Overview.jpg\" alt=\"Kiinnitys- ja telakointikustannukset Kroatiassa Kattava yleiskatsaus\" width=\"1280\" height=\"853\" srcset=\"https:\/\/skippercity.com\/vsebina\/uploads\/Mooring-and-Docking-Costs-in-Croatia-A-Comprehensive-Overview.jpg 1280w, https:\/\/skippercity.com\/vsebina\/uploads\/Mooring-and-Docking-Costs-in-Croatia-A-Comprehensive-Overview-768x512.jpg 768w, https:\/\/skippercity.com\/vsebina\/uploads\/Mooring-and-Docking-Costs-in-Croatia-A-Comprehensive-Overview-700x466.jpg 700w\" sizes=\"(max-width: 1280px) 100vw, 1280px\" \/><\/p>\n<h2>Miten vuokrata vene Kroatiassa: Vaiheittainen opas<\/h2>\n<p>Kroatian upea rannikko, kristallinkirkkaat vedet ja tuhannet saaret tekev\u00e4t siit\u00e4 ihanteellisen kohteen purjehduksen harrastajille. Olitpa sitten kokenut purjehtija tai aloittelija, veneen vuokraaminen Kroatiasta on loistava tapa tutustua Adrianmerelle ja l\u00f6yt\u00e4\u00e4 maan piilotettuja helmi\u00e4. T\u00e4ss\u00e4 on vaiheittainen opas siit\u00e4, miten vuokrata vene Kroatiassa:<\/p>\n<h3>M\u00e4\u00e4rit\u00e4 budjettisi ja mieltymyksesi<\/h3>\n<p>Ennen kuin aloitat veneenvuokrauksen etsimisen, on t\u00e4rke\u00e4\u00e4 m\u00e4\u00e4ritt\u00e4\u00e4 budjettisi ja mieltymyksesi. Mieti veneen kokoa, hyttien m\u00e4\u00e4r\u00e4\u00e4 ja tarvitsemiasi mukavuuksia. P\u00e4\u00e4t\u00e4, haluatko vuokrata aluksen kipparilla, miehist\u00f6ll\u00e4 vai ilman venett\u00e4.<\/p>\n<h3>Valitse veneenvuokrausyritys<\/h3>\n<p>Kroatiassa on useita venevuokrausyrityksi\u00e4, joten on t\u00e4rke\u00e4\u00e4 tehd\u00e4 tutkimusta ja valita hyv\u00e4maineinen yritys. Lue arvosteluja, tarkista heid\u00e4n venekantansa ja kysy heid\u00e4n palveluistaan. Joitakin suosittuja venevuokraamoja Kroatiassa ovat SkipperCity, Sail Croatia, The Moorings, Dream Yacht Charter ja NauticEd.<\/p>\n<h3>Valitse purjehdusalueesi<\/h3>\n<p>Kroatia tarjoaa erilaisia purjehdusalueita, joista jokaisella on oma ainutlaatuinen vieh\u00e4tyksens\u00e4. Suosittuja purjehdusalueita Kroatiassa ovat esimerkiksi Split, Zadar, Trogir, Dubrovnik ja Sibenik. Ota huomioon purjehdusalueen l\u00e4heisyys haluamiisi kohteisiin, s\u00e4\u00e4olosuhteet ja kiinnityspaikkojen saatavuus.<\/p>\n<h3>Valitse venetyyppi<\/h3>\n<p>Kun olet valinnut purjehdusalueen, on aika valita tarpeisiisi parhaiten sopiva venetyyppi. Purjeveneet sopivat erinomaisesti romanttiseen ja ymp\u00e4rist\u00f6yst\u00e4v\u00e4lliseen purjehduskokemukseen, kun taas katamaraanit tarjoavat vakautta ja tilavuutta, joten ne ovat ihanteellisia perheille ja suuremmille ryhmille. Moottoriveneet sopivat erinomaisesti niille, jotka haluavat kulkea enemm\u00e4n maata lyhyemm\u00e4ss\u00e4 ajassa.<\/p>\n<h3>Tarkista saatavuus ja varaa veneesi<\/h3>\n<p>Kun olet valinnut venetyypin, tarkista veneen saatavuus haluamillasi p\u00e4iv\u00e4m\u00e4\u00e4rill\u00e4. Useimmilla venevuokraamoilla on online-varausj\u00e4rjestelm\u00e4, jonka avulla on helppo tarkistaa saatavuus ja tehd\u00e4 varaus. Muista varata vene hyviss\u00e4 ajoin etuk\u00e4teen, etenkin sesonkiaikana, sill\u00e4 veneet voivat olla nopeasti t\u00e4ynn\u00e4.<\/p>\n<h3>Tarkista vuokrasopimus ja ehdot<\/h3>\n<p>Ennen kuin viimeistelet varauksen, tutustu vuokrasopimukseen ja ehtoihin huolellisesti. Kiinnit\u00e4 huomiota peruutusehtoihin, vakuusvaatimuksiin ja mahdollisiin lis\u00e4maksuihin tai -veloituksiin. Varmista, ett\u00e4 ymm\u00e4rr\u00e4t vuokrasopimuksen ehdot ennen allekirjoittamista.<\/p>\n<h3>Valmistaudu matkaa varten<\/h3>\n<p>Kun olet varannut veneenvuokrauksen, on aika alkaa valmistautua matkaan. Tee pakkauslista v\u00e4ltt\u00e4m\u00e4tt\u00f6mist\u00e4 tavaroista, kuten aurinkovoiteesta, hatuista, aurinkolaseista, uimapuvuista ja pyyhkeist\u00e4. Muista ottaa mukaan purjehdusp\u00e4tevyytesi ja kaikki tarvittavat asiakirjat, kuten passi ja viisumi.<\/p>\n<h2>P\u00e4\u00e4telm\u00e4<\/h2>\n<p>Kroatia tarjoaa joitakin maailman kauneimmista purjehduskohteista, eik\u00e4 ole parempaa tapaa tutustua niihin kuin veneell\u00e4. Etsitp\u00e4 sitten rentouttavaa lomaa tai seikkailullista purjehdusmatkaa, Kroatiassa on jokaiselle jotakin.<\/p>\n<p>Koska tarjolla on laaja valikoima venevuokraamoja, purjehdusalueita ja purjehduslentoja, l\u00f6yd\u00e4t varmasti t\u00e4ydellisen vaihtoehdon seuraavaa purjehdusseikkailuasi varten Kroatiassa.<\/p>\n<h2>Nauti purjehdusseikkailustasi<\/h2>\n<p>Vihdoinkin on aika aloittaa purjehdusseikkailu Kroatiassa! Saavu vuokrausp\u00e4iv\u00e4n\u00e4 veneen vuokrausyhti\u00f6n tukikohtaan ja tapaa henkil\u00f6kunta, joka k\u00e4y l\u00e4pi veneen ominaisuudet ja turvallisuusmenettelyt. Kun olet valmis, l\u00e4hde purjehtimaan ja tutustu Kroatian upeaan rannikkoon, saariin ja piilotettuihin poukamiin. Nauti vapaudesta ja joustavuudesta purjehtiessasi omaan tahtiisi ja tee muistoja, jotka s\u00e4ilyv\u00e4t koko el\u00e4m\u00e4si ajan.<\/p>\n<p>&#8211;<\/p>\n\t\t\t\t\t\t\t\t<\/div>\n\t\t\t\t<\/div>\n\t\t\t\t\t<\/div>\n\t\t<\/div>\n\t\t\t\t<div class=\"elementor-column elementor-col-25 elementor-top-column elementor-element elementor-element-15a73c22\" data-id=\"15a73c22\" data-element_type=\"column\" data-e-type=\"column\">\n\t\t\t<div class=\"elementor-widget-wrap elementor-element-populated\">\n\t\t\t\t\t\t<div class=\"elementor-element elementor-element-45b56144 elementor-widget elementor-widget-template\" data-id=\"45b56144\" data-element_type=\"widget\" data-e-type=\"widget\" data-widget_type=\"template.default\">\n\t\t\t\t<div class=\"elementor-widget-container\">\n\t\t\t\t\t\t\t<div class=\"elementor-template\">\n\t\t\t\t\t<div data-elementor-type=\"section\" data-elementor-id=\"77216\" class=\"elementor elementor-77216 elementor-76339\" data-elementor-post-type=\"elementor_library\">\n\t\t\t\t\t<section class=\"elementor-section elementor-inner-section elementor-element elementor-element-457e679b elementor-section-full_width elementor-section-height-min-height elementor-section-content-middle elementor-section-height-default\" data-id=\"457e679b\" data-element_type=\"section\" data-e-type=\"section\" data-settings=\"{&quot;background_background&quot;:&quot;classic&quot;}\">\n\t\t\t\t\t\t\t<div class=\"elementor-background-overlay\"><\/div>\n\t\t\t\t\t\t\t<div class=\"elementor-container elementor-column-gap-default\">\n\t\t\t\t\t<div class=\"elementor-column elementor-col-100 elementor-inner-column elementor-element elementor-element-33d83c77\" data-id=\"33d83c77\" data-element_type=\"column\" data-e-type=\"column\">\n\t\t\t<div class=\"elementor-widget-wrap elementor-element-populated\">\n\t\t\t\t\t\t<div class=\"elementor-element elementor-element-26c46f13 elementor-widget elementor-widget-text-editor\" data-id=\"26c46f13\" data-element_type=\"widget\" data-e-type=\"widget\" data-widget_type=\"text-editor.default\">\n\t\t\t\t<div class=\"elementor-widget-container\">\n\t\t\t\t\t\t\t\t\t<p style=\"text-align: center;\">Etsitk\u00f6 venett\u00e4?<\/p>\n\t\t\t\t\t\t\t\t<\/div>\n\t\t\t\t<\/div>\n\t\t\t\t<div class=\"elementor-element elementor-element-7116d3fc elementor-align-center elementor-widget elementor-widget-button\" data-id=\"7116d3fc\" data-element_type=\"widget\" data-e-type=\"widget\" data-widget_type=\"button.default\">\n\t\t\t\t<div class=\"elementor-widget-container\">\n\t\t\t\t\t\t\t\t\t<div class=\"elementor-button-wrapper\">\n\t\t\t\t\t<a class=\"elementor-button elementor-button-link elementor-size-md\" href=\"https:\/\/skippercity.com\/fi\/hanki-tarjous-yacht-charter-croatia\/\" target=\"_blank\">\n\t\t\t\t\t\t<span class=\"elementor-button-content-wrapper\">\n\t\t\t\t\t\t\t\t\t<span class=\"elementor-button-text\">SAA ILMAINEN tarjous<\/span>\n\t\t\t\t\t<\/span>\n\t\t\t\t\t<\/a>\n\t\t\t\t<\/div>\n\t\t\t\t\t\t\t\t<\/div>\n\t\t\t\t<\/div>\n\t\t\t\t\t<\/div>\n\t\t<\/div>\n\t\t\t\t\t<\/div>\n\t\t<\/section>\n\t\t\t\t<\/div>\n\t\t\t\t<\/div>\n\t\t\t\t\t\t<\/div>\n\t\t\t\t<\/div>\n\t\t\t\t\t<\/div>\n\t\t<\/div>\n\t\t\t\t\t<\/div>\n\t\t<\/section>\n\t\t\t\t<\/div>\n\t\t","protected":false},"excerpt":{"rendered":"<p>Sis\u00e4llysluettelo Veneen vuokraus Kroatiassa Kroatia on upeine rannikkoineen, kristallinkirkkaine vesineen ja tuhansine saarineen unelmakohde niille, jotka etsiv\u00e4t ikimuistoisia purjehduskokemuksia. Olitpa sitten kokenut purjehtija tai noviisi, l\u00f6yd\u00e4t tarpeisiisi sopivan veneen vuokrausvaihtoehdon. T\u00e4ss\u00e4 oppaassa selvit\u00e4mme Kroatiassa saatavilla olevat erilaiset venevuokrausmuodot, kustannukset vuonna 2024 ja viisi parasta purjeveneen vuokrauskohdetta. Miksi Kroatia? Kroatia tarjoaa joitakin maailman kauneimmista purjehduskohteista. Sen [&hellip;]<\/p>\n","protected":false},"author":2,"featured_media":71499,"parent":0,"menu_order":0,"comment_status":"closed","ping_status":"closed","template":"","meta":{"footnotes":""},"class_list":["post-71987","page","type-page","status-publish","has-post-thumbnail","hentry"],"_links":{"self":[{"href":"https:\/\/skippercity.com\/fi\/wp-json\/wp\/v2\/pages\/71987","targetHints":{"allow":["GET"]}}],"collection":[{"href":"https:\/\/skippercity.com\/fi\/wp-json\/wp\/v2\/pages"}],"about":[{"href":"https:\/\/skippercity.com\/fi\/wp-json\/wp\/v2\/types\/page"}],"author":[{"embeddable":true,"href":"https:\/\/skippercity.com\/fi\/wp-json\/wp\/v2\/users\/2"}],"replies":[{"embeddable":true,"href":"https:\/\/skippercity.com\/fi\/wp-json\/wp\/v2\/comments?post=71987"}],"version-history":[{"count":0,"href":"https:\/\/skippercity.com\/fi\/wp-json\/wp\/v2\/pages\/71987\/revisions"}],"wp:featuredmedia":[{"embeddable":true,"href":"https:\/\/skippercity.com\/fi\/wp-json\/wp\/v2\/media\/71499"}],"wp:attachment":[{"href":"https:\/\/skippercity.com\/fi\/wp-json\/wp\/v2\/media?parent=71987"}],"curies":[{"name":"wp","href":"https:\/\/api.w.org\/{rel}","templated":true}]}}