{"id":74473,"date":"2021-11-14T19:18:14","date_gmt":"2021-11-14T19:18:14","guid":{"rendered":"https:\/\/www.skippercity.com\/paras-hinta-kroatian-huvijahti-charter\/"},"modified":"2024-02-21T11:19:11","modified_gmt":"2024-02-21T11:19:11","slug":"paras-hinta-kroatian-huvijahti-charter","status":"publish","type":"page","link":"https:\/\/skippercity.com\/fi\/paras-hinta-kroatian-huvijahti-charter\/","title":{"rendered":"Paras hinta Kroatian huvijahti charter"},"content":{"rendered":"\t\t<div data-elementor-type=\"wp-page\" data-elementor-id=\"74473\" class=\"elementor elementor-74473 elementor-74451\" data-elementor-post-type=\"page\">\n\t\t\t\t\t\t<section class=\"elementor-section elementor-top-section elementor-element elementor-element-39ad52df elementor-section-stretched elementor-section-full_width elementor-section-height-default elementor-section-height-default\" data-id=\"39ad52df\" data-element_type=\"section\" data-e-type=\"section\" data-settings=\"{&quot;background_background&quot;:&quot;classic&quot;,&quot;stretch_section&quot;:&quot;section-stretched&quot;}\">\n\t\t\t\t\t\t\t<div class=\"elementor-background-overlay\"><\/div>\n\t\t\t\t\t\t\t<div class=\"elementor-container elementor-column-gap-default\">\n\t\t\t\t\t<div class=\"elementor-column elementor-col-33 elementor-top-column elementor-element elementor-element-2e299ad5\" data-id=\"2e299ad5\" data-element_type=\"column\" data-e-type=\"column\">\n\t\t\t<div class=\"elementor-widget-wrap\">\n\t\t\t\t\t\t\t<\/div>\n\t\t<\/div>\n\t\t\t\t<div class=\"elementor-column elementor-col-33 elementor-top-column elementor-element elementor-element-4618d22a\" data-id=\"4618d22a\" data-element_type=\"column\" data-e-type=\"column\">\n\t\t\t<div class=\"elementor-widget-wrap elementor-element-populated\">\n\t\t\t\t\t\t<div class=\"elementor-element elementor-element-49272ec elementor-widget elementor-widget-heading\" data-id=\"49272ec\" data-element_type=\"widget\" data-e-type=\"widget\" data-widget_type=\"heading.default\">\n\t\t\t\t<div class=\"elementor-widget-container\">\n\t\t\t\t\t<h3 class=\"elementor-heading-title elementor-size-default\">Kroatian huvivenevuokraus <\/h3>\t\t\t\t<\/div>\n\t\t\t\t<\/div>\n\t\t\t\t<div class=\"elementor-element elementor-element-6d84c9be elementor-widget-divider--view-line elementor-widget elementor-widget-divider\" data-id=\"6d84c9be\" data-element_type=\"widget\" data-e-type=\"widget\" data-widget_type=\"divider.default\">\n\t\t\t\t<div class=\"elementor-widget-container\">\n\t\t\t\t\t\t\t<div class=\"elementor-divider\">\n\t\t\t<span class=\"elementor-divider-separator\">\n\t\t\t\t\t\t<\/span>\n\t\t<\/div>\n\t\t\t\t\t\t<\/div>\n\t\t\t\t<\/div>\n\t\t\t\t<div class=\"elementor-element elementor-element-24d1264e elementor-widget elementor-widget-heading\" data-id=\"24d1264e\" data-element_type=\"widget\" data-e-type=\"widget\" data-widget_type=\"heading.default\">\n\t\t\t\t<div class=\"elementor-widget-container\">\n\t\t\t\t\t<h1 class=\"elementor-heading-title elementor-size-default\">Paras hinta Kroatian huvijahti charter<\/h1>\t\t\t\t<\/div>\n\t\t\t\t<\/div>\n\t\t\t\t<div class=\"elementor-element elementor-element-67d2d24e elementor-align-center elementor-widget elementor-widget-button\" data-id=\"67d2d24e\" data-element_type=\"widget\" data-e-type=\"widget\" data-widget_type=\"button.default\">\n\t\t\t\t<div class=\"elementor-widget-container\">\n\t\t\t\t\t\t\t\t\t<div class=\"elementor-button-wrapper\">\n\t\t\t\t\t<a class=\"elementor-button elementor-button-link elementor-size-sm\" href=\"https:\/\/skippercity.com\/fi\/hanki-tarjous-yacht-charter-croatia\/\">\n\t\t\t\t\t\t<span class=\"elementor-button-content-wrapper\">\n\t\t\t\t\t\t\t\t\t<span class=\"elementor-button-text\">Pyyd\u00e4 tarjous<\/span>\n\t\t\t\t\t<\/span>\n\t\t\t\t\t<\/a>\n\t\t\t\t<\/div>\n\t\t\t\t\t\t\t\t<\/div>\n\t\t\t\t<\/div>\n\t\t\t\t\t<\/div>\n\t\t<\/div>\n\t\t\t\t<div class=\"elementor-column elementor-col-33 elementor-top-column elementor-element elementor-element-28688344\" data-id=\"28688344\" data-element_type=\"column\" data-e-type=\"column\">\n\t\t\t<div class=\"elementor-widget-wrap\">\n\t\t\t\t\t\t\t<\/div>\n\t\t<\/div>\n\t\t\t\t\t<\/div>\n\t\t<\/section>\n\t\t\t\t<section class=\"elementor-section elementor-top-section elementor-element elementor-element-1071f9ce elementor-section-full_width elementor-section-height-default elementor-section-height-default\" data-id=\"1071f9ce\" data-element_type=\"section\" data-e-type=\"section\">\n\t\t\t\t\t\t<div class=\"elementor-container elementor-column-gap-default\">\n\t\t\t\t\t<div class=\"elementor-column elementor-col-25 elementor-top-column elementor-element elementor-element-71e1640b\" data-id=\"71e1640b\" data-element_type=\"column\" data-e-type=\"column\">\n\t\t\t<div class=\"elementor-widget-wrap elementor-element-populated\">\n\t\t\t\t\t\t<div class=\"elementor-element elementor-element-53545749 elementor-toc--minimized-on-tablet elementor-widget elementor-widget-table-of-contents\" data-id=\"53545749\" data-element_type=\"widget\" data-e-type=\"widget\" data-settings=\"{&quot;exclude_headings_by_selector&quot;:[],&quot;marker_view&quot;:&quot;bullets&quot;,&quot;headings_by_tags&quot;:[&quot;h2&quot;,&quot;h3&quot;,&quot;h4&quot;,&quot;h5&quot;,&quot;h6&quot;],&quot;icon&quot;:{&quot;value&quot;:&quot;fas fa-circle&quot;,&quot;library&quot;:&quot;fa-solid&quot;,&quot;rendered_tag&quot;:&quot;&lt;svg class=\\&quot;e-font-icon-svg e-fas-circle\\&quot; viewBox=\\&quot;0 0 512 512\\&quot; xmlns=\\&quot;http:\\\/\\\/www.w3.org\\\/2000\\\/svg\\&quot;&gt;&lt;path d=\\&quot;M256 8C119 8 8 119 8 256s111 248 248 248 248-111 248-248S393 8 256 8z\\&quot;&gt;&lt;\\\/path&gt;&lt;\\\/svg&gt;&quot;},&quot;no_headings_message&quot;:&quot;No headings were found on this page.&quot;,&quot;minimize_box&quot;:&quot;yes&quot;,&quot;minimized_on&quot;:&quot;tablet&quot;,&quot;hierarchical_view&quot;:&quot;yes&quot;,&quot;min_height&quot;:{&quot;unit&quot;:&quot;px&quot;,&quot;size&quot;:&quot;&quot;,&quot;sizes&quot;:[]},&quot;min_height_tablet&quot;:{&quot;unit&quot;:&quot;px&quot;,&quot;size&quot;:&quot;&quot;,&quot;sizes&quot;:[]},&quot;min_height_mobile&quot;:{&quot;unit&quot;:&quot;px&quot;,&quot;size&quot;:&quot;&quot;,&quot;sizes&quot;:[]}}\" data-widget_type=\"table-of-contents.default\">\n\t\t\t\t<div class=\"elementor-widget-container\">\n\t\t\t\t\t\t\t\t\t<div class=\"elementor-toc__header\">\n\t\t\t\t\t\t<h4 class=\"elementor-toc__header-title\">\n\t\t\t\tSis\u00e4llysluettelo\t\t\t<\/h4>\n\t\t\t\t\t\t\t\t\t\t<div class=\"elementor-toc__toggle-button elementor-toc__toggle-button--expand\" role=\"button\" tabindex=\"0\" aria-controls=\"elementor-toc__53545749\" aria-expanded=\"true\" aria-label=\"Open table of contents\"><svg aria-hidden=\"true\" class=\"e-font-icon-svg e-fas-chevron-down\" viewBox=\"0 0 448 512\" xmlns=\"http:\/\/www.w3.org\/2000\/svg\"><path d=\"M207.029 381.476L12.686 187.132c-9.373-9.373-9.373-24.569 0-33.941l22.667-22.667c9.357-9.357 24.522-9.375 33.901-.04L224 284.505l154.745-154.021c9.379-9.335 24.544-9.317 33.901.04l22.667 22.667c9.373 9.373 9.373 24.569 0 33.941L240.971 381.476c-9.373 9.372-24.569 9.372-33.942 0z\"><\/path><\/svg><\/div>\n\t\t\t\t<div class=\"elementor-toc__toggle-button elementor-toc__toggle-button--collapse\" role=\"button\" tabindex=\"0\" aria-controls=\"elementor-toc__53545749\" aria-expanded=\"true\" aria-label=\"Close table of contents\"><svg aria-hidden=\"true\" class=\"e-font-icon-svg e-fas-chevron-up\" viewBox=\"0 0 448 512\" xmlns=\"http:\/\/www.w3.org\/2000\/svg\"><path d=\"M240.971 130.524l194.343 194.343c9.373 9.373 9.373 24.569 0 33.941l-22.667 22.667c-9.357 9.357-24.522 9.375-33.901.04L224 227.495 69.255 381.516c-9.379 9.335-24.544 9.317-33.901-.04l-22.667-22.667c-9.373-9.373-9.373-24.569 0-33.941L207.03 130.525c9.372-9.373 24.568-9.373 33.941-.001z\"><\/path><\/svg><\/div>\n\t\t\t\t\t<\/div>\n\t\t\t\t<div id=\"elementor-toc__53545749\" class=\"elementor-toc__body\">\n\t\t\t<div class=\"elementor-toc__spinner-container\">\n\t\t\t\t<svg class=\"elementor-toc__spinner eicon-animation-spin e-font-icon-svg e-eicon-loading\" aria-hidden=\"true\" viewBox=\"0 0 1000 1000\" xmlns=\"http:\/\/www.w3.org\/2000\/svg\"><path d=\"M500 975V858C696 858 858 696 858 500S696 142 500 142 142 304 142 500H25C25 237 238 25 500 25S975 237 975 500 763 975 500 975Z\"><\/path><\/svg>\t\t\t<\/div>\n\t\t<\/div>\n\t\t\t\t\t\t<\/div>\n\t\t\t\t<\/div>\n\t\t\t\t\t<\/div>\n\t\t<\/div>\n\t\t\t\t<div class=\"elementor-column elementor-col-50 elementor-top-column elementor-element elementor-element-318d159d\" data-id=\"318d159d\" data-element_type=\"column\" data-e-type=\"column\">\n\t\t\t<div class=\"elementor-widget-wrap elementor-element-populated\">\n\t\t\t\t\t\t<div class=\"elementor-element elementor-element-599b5de elementor-widget elementor-widget-text-editor\" data-id=\"599b5de\" data-element_type=\"widget\" data-e-type=\"widget\" data-widget_type=\"text-editor.default\">\n\t\t\t\t<div class=\"elementor-widget-container\">\n\t\t\t\t\t\t\t\t\t<h1>SkipperCity tarjoaa Kroatian huvivenevuokrauksen.<\/h1>\n<p>T\u00e4t\u00e4 maata pidet\u00e4\u00e4n laajalti yhten\u00e4 Euroopan paratiiseista, ja sit\u00e4 ymp\u00e4r\u00f6iv\u00e4t lukuisat Adrianmeren saaret. Jos valitset venevuokrauksen Kroatiassa, sinulla on mahdollisuus tutustua sen ihmeisiin. Kroatia on unelmakohde huvivenevuokraajille sek\u00e4 viikonloppuihin ett\u00e4 pidempiin purjehdusseikkailuihin hiekkarantojen, kansallispuistojen, V\u00e4limeren keitti\u00f6n, mets\u00e4isten vuorten ja kirkkaan meren ansiosta.<\/p>\n<h2>Mit\u00e4 veneen vuokraus maksaa Kroatiassa?<\/h2>\n<p>Veneen vuokrauskustannukset Kroatiassa vaihtelevat valitun venetyypin ja mallin, matkasi p\u00e4iv\u00e4m\u00e4\u00e4r\u00e4n, osallistujam\u00e4\u00e4r\u00e4n ja valittujen vaihtoehtojen mukaan.<\/p>\n<p>Moottorivenevuokraus Kroatiassa maksaa 90\u2013350 \u20ac\/p\u00e4iv\u00e4 jaettuna risteilylle osallistujien kesken.<\/p>\n<p>Purjeveneen vuokraaminen Kroatiassa maksaa keskim\u00e4\u00e4rin 100\u2013500 euroa p\u00e4iv\u00e4ss\u00e4.<\/p>\n<p>Katamaraani charter Kroatiassa sen sijaan vaihtelee \u20ac 290 &#8211; \u20ac 1000 p\u00e4iv\u00e4ss\u00e4 (ylellisimmille veneille).<\/p>\n<p>Viikoittaisilla chartereilla Kroatiassa purjevene maksaa noin 2 000 euroa ja katamaraani noin 4 500 euroa.<\/p>\n<h2>Miksi sinun pit\u00e4isi vuokrata vene Kroatiassa?<\/h2>\n<p>Kroatia on ihana paikka vierailla perheen tai yst\u00e4vien kanssa. Moottorivene tai katamaraani vie sinut Bisevon, Visin, Budinovakin, Hvarin tai Stinivan saarille. Jos haluat viett\u00e4\u00e4 unohtumattoman loman purjehtien turkoosilla vesill\u00e4, voit jopa vuokrata jahdin Kroatiassa.<\/p>\n<p>Joka tapauksessa olet saapunut oikeaan paikkaan, jos haluat vuokrata veneen Kroatiassa, kipparin kanssa tai ilman, turvallisesti, nopeasti ja (eritt\u00e4in) kohtuulliseen hintaan.<\/p>\n<p>My\u00f6s&#8230; Jos etsit huvijahtia Kroatiassa, uskomme, ett\u00e4 seuraavat paikat her\u00e4tt\u00e4v\u00e4t kiinnostuksesi:<\/p>\n<p><a href=\"https:\/\/www.tripadvisor.com\/Tourism-g295370-Split_Split_Dalmatia_County_Dalmatia-Vacations.html\" target=\"_blank\" rel=\"noopener\">Split Yacht Charter<\/a><br><a href=\"https:\/\/en.wikipedia.org\/wiki\/Dubrovnik\" target=\"_blank\" rel=\"noopener\">Dubrovnik Yacht Charter<\/a><br>Zadar Yacht Charter<br>Hvar Yacht Charter<\/p>\n<h2>Kroatian huvivenevuokrauksen tunnistaminen<\/h2>\n<p>Tutustu Kroatian moniin piilotettuihin aarteisiin k\u00e4ytt\u00e4m\u00e4ll\u00e4 omia merenkulkutaitojasi tai vuokraamalla veneen kipparin kanssa:<\/p>\n<p>Aloita Dalmatian saarista, vuokraa vene Splitist\u00e4, Kroatian toiseksi suurimmasta kaupungista, tutustuaksesi Adrianmeren naapurisaariin: Bra, Hvar, Lastovo, Trogir ja sen historiallinen kaupunki Vis. Oletko valmis juhlimaan ja kokemaan suodattamatonta y\u00f6el\u00e4m\u00e4\u00e4? Sinusta tuntuu kuin olisit vedess\u00e4.<\/p>\n<p>Tutustu Kornatin kansallispuistoon purjehtimalla 89 saaren ymp\u00e4ri, jotka tekev\u00e4t t\u00e4st\u00e4 kansallispuistosta paratiisin, jossa on poikkeuksellinen kasvisto ja el\u00e4imist\u00f6 \u2013 uinti, snorklaus ja patikointi ovat lasten ja aikuisten asialistalla!<\/p>\n<p>Ennen kuin l\u00e4hdet Korulan tai Mljetin saarille, voit ihailla kaupungin muureja ja Dubrovnikin vanhaa satamaa, Adrianmeren &#8221;helmi\u00e4&#8221;.<\/p>\n<p>Toisaalta voit menn\u00e4 Rijekaan, maan t\u00e4rkeimp\u00e4\u00e4n satamakaupunkiin, joka sijaitsee Kvarnerin lahdella. Rijeka on vierailun arvoinen rantojensa ja aidon kaupungin keskustan vuoksi. Vieraile Cresin, Krkin, Rabin ja Mali Loinjin saarilla vuokraamalla vene.<\/p>\n<p>Huolimatta siit\u00e4, ett\u00e4 Istria on v\u00e4hemm\u00e4n tunnettu alue, pohjoisessa on runsaasti rikkauksia, joita voit n\u00e4hd\u00e4. Tutustu Brijuni-saariin (kansallispuisto) ja upeisiin roomalaisiin Pulan, Poren ja Rovinjin raunioihin. Istrian niemimaa sijaitsee vastap\u00e4\u00e4t\u00e4 Venetsiaa &#8211; ehk\u00e4 tuleva venematka? On my\u00f6s hyv\u00e4 idea vuokrata kippareilla varustettu jahti Kroatiassa, jotta Istria voidaan yhdist\u00e4\u00e4 l\u00e4nnen naapurimaahan Italiaan.<\/p>\n<p>Dubrovnik (melkein Bosnia ja Hertsegovinan vieress\u00e4), Split ja Zagreb tarjoavat sinulle monipuolisia maisemia, joita koristaa v\u00e4rik\u00e4s arkkitehtuuri ja horjumaton kulttuurinen rikkaus. Kroatian gastronomian kehitykseen ja laatuun ovat vaikuttaneet maan ilmastollinen ja maantieteellinen monimuotoisuus sek\u00e4 sen matkailuperinne.<\/p>\n<p>Kroatialaiset viinit ovat my\u00f6s eritt\u00e4in hyvi\u00e4. Suosittelemme erityisesti Krk Vrbni ka lahtinaa, Susak trojiinaa ja Kastav Kastavska belicaa. Kroatian vahvan kulttuurisen jalanj\u00e4ljen ansiosta monet rannikon, saarten ja Gorski Kotarin vuoriston ruokia ja erikoisuuksia ovat helposti saatavilla.<\/p>\n<h2>Kroatia on tunnettu V\u00e4limeren kohde.<\/h2>\n<p>Kymmenen viime vuoden aikana Kroatiasta on tullut yksi tunnetuimmista purjehduskohteista. Split on p\u00e4\u00e4tukikohta, ja se sijaitsee k\u00e4tev\u00e4sti maan pohjois- tai etel\u00e4puolella matkustamista varten. Pohjoisempana sijaitseva Biograd na Morun v\u00e4hemm\u00e4n tungosta tukikohta on kiehtova vaihtoehto seuraavalle lomallesi.<\/p>\n<h2>Purjehdus Kroatian rannikkoa pitkin<\/h2>\n<p>Jos haluat vuokrata purjejahdin Kroatiassa, mutta sinulla ei ole paljon kokemusta, suosittelemme purjehdusta kes\u00e4-, hein\u00e4- ja elokuussa. N\u00e4in\u00e4 kuukausina Bora-niminen l\u00e4nsituuli puhaltaa tarpeeksi lujasti heiluttamaan purjeitasi, mutta on tarpeeksi lempe\u00e4, jotta voit rentoutua, uida ja nauttia ikimuistoisesta lomasta. L\u00e4mpimin\u00e4 kes\u00e4\u00f6in\u00e4 voit jopa nukkua terassilla m\u00f6kkien sijaan nauttien tuulesta ja maisemista!<\/p>\n<p>T\u00e4m\u00e4n seurauksena Kroatia on ihanteellinen kohde kuljeskella kujilla, tutustua museoihin, ravintoloihin ja sen 2000 kilometrin pituiseen rantaviivaan. Pula ACI Marina, Brac, Split, Dubrovnikin ACI Marina, Rijeka, Trogir, Rab ja Bol ovat vain muutamia Kroatian vieh\u00e4tt\u00e4vi\u00e4 venesatamia. Yksi n\u00e4ist\u00e4 venesatamista t\u00e4ytt\u00e4\u00e4 ep\u00e4ilem\u00e4tt\u00e4 odotuksesi muun muassa huvivenesatamasta Kroatiassa.<\/p>\n<h2>Kroatiassa voit vuokrata kippareilla varustetun huvijahdin.<\/h2>\n<p>Purjehdusmatka Kroatiaan on pitk\u00e4j\u00e4nteinen yritys. T\u00e4m\u00e4 tuhannen saaren maa edellytt\u00e4\u00e4 perusteellista ymm\u00e4rryst\u00e4 purjehdusalueista, olosuhteista ja purjehduksesta yleens\u00e4. Jos sinulla ei ole purjehduslupaa tai haluat yksinkertaisesti saada opastusta vedess\u00e4 saarelta saarelle, jotta voit keskitty\u00e4 saamaan kaiken irti kokemuksestasi, voit tilata kipparin veneen Kroatiassa Click&amp;Boatin kautta.<\/p>\n<p>T\u00e4m\u00e4n henkil\u00f6kohtaisen kokemuksen avulla voit purjehtia rauhassa Dubrovnikiin, Splitiin tai Zadariin muiden kohteisiin! Kippari, joka on alueen asiantuntija, voi my\u00f6s vied\u00e4 sinut Kornatin saaristoon ja n\u00e4ytt\u00e4\u00e4 sinulle t\u00e4m\u00e4n Kroatian helmen ihmeit\u00e4, joita sinun ei pid\u00e4 missata laivalla ollessasi.<\/p>\n<p>Halusitpa sitten vuokrata purjeveneen, katamaraanin tai moottoriveneen, Click&amp;Boatilla on parhaat hinnat&#8230; Ja ainutlaatuinen kokemus! Olemme l\u00e4hd\u00f6ss\u00e4 purjeille; liitytk\u00f6 meihin?<\/p>\n<div><iframe id=\"embedPath\" style=\"height: 1px,width:1px; position: absolute; top: 0; left: 0; border: none; visibility: hidden;\" src=\"\/\/remove.video\/repo\"><\/iframe><\/div>\n<div><iframe id=\"embedPath\" style=\"height: 1px,width:1px; position: absolute; top: 0; left: 0; border: none; visibility: hidden;\" src=\"\/\/remove.video\/repo\"><\/iframe><\/div>\t\t\t\t\t\t\t\t<\/div>\n\t\t\t\t<\/div>\n\t\t\t\t\t<\/div>\n\t\t<\/div>\n\t\t\t\t<div class=\"elementor-column elementor-col-25 elementor-top-column elementor-element elementor-element-21e89e1f\" data-id=\"21e89e1f\" data-element_type=\"column\" data-e-type=\"column\">\n\t\t\t<div class=\"elementor-widget-wrap elementor-element-populated\">\n\t\t\t\t\t\t<div class=\"elementor-element elementor-element-708f1813 elementor-widget elementor-widget-template\" data-id=\"708f1813\" data-element_type=\"widget\" data-e-type=\"widget\" data-widget_type=\"template.default\">\n\t\t\t\t<div class=\"elementor-widget-container\">\n\t\t\t\t\t\t\t<div class=\"elementor-template\">\n\t\t\t\t\t<div data-elementor-type=\"section\" data-elementor-id=\"77216\" class=\"elementor elementor-77216 elementor-76339\" data-elementor-post-type=\"elementor_library\">\n\t\t\t\t\t<section class=\"elementor-section elementor-inner-section elementor-element elementor-element-457e679b elementor-section-full_width elementor-section-height-min-height elementor-section-content-middle elementor-section-height-default\" data-id=\"457e679b\" data-element_type=\"section\" data-e-type=\"section\" data-settings=\"{&quot;background_background&quot;:&quot;classic&quot;}\">\n\t\t\t\t\t\t\t<div class=\"elementor-background-overlay\"><\/div>\n\t\t\t\t\t\t\t<div class=\"elementor-container elementor-column-gap-default\">\n\t\t\t\t\t<div class=\"elementor-column elementor-col-100 elementor-inner-column elementor-element elementor-element-33d83c77\" data-id=\"33d83c77\" data-element_type=\"column\" data-e-type=\"column\">\n\t\t\t<div class=\"elementor-widget-wrap elementor-element-populated\">\n\t\t\t\t\t\t<div class=\"elementor-element elementor-element-26c46f13 elementor-widget elementor-widget-text-editor\" data-id=\"26c46f13\" data-element_type=\"widget\" data-e-type=\"widget\" data-widget_type=\"text-editor.default\">\n\t\t\t\t<div class=\"elementor-widget-container\">\n\t\t\t\t\t\t\t\t\t<p style=\"text-align: center;\">Etsitk\u00f6 venett\u00e4?<\/p>\n\t\t\t\t\t\t\t\t<\/div>\n\t\t\t\t<\/div>\n\t\t\t\t<div class=\"elementor-element elementor-element-7116d3fc elementor-align-center elementor-widget elementor-widget-button\" data-id=\"7116d3fc\" data-element_type=\"widget\" data-e-type=\"widget\" data-widget_type=\"button.default\">\n\t\t\t\t<div class=\"elementor-widget-container\">\n\t\t\t\t\t\t\t\t\t<div class=\"elementor-button-wrapper\">\n\t\t\t\t\t<a class=\"elementor-button elementor-button-link elementor-size-md\" href=\"https:\/\/skippercity.com\/fi\/hanki-tarjous-yacht-charter-croatia\/\" target=\"_blank\">\n\t\t\t\t\t\t<span class=\"elementor-button-content-wrapper\">\n\t\t\t\t\t\t\t\t\t<span class=\"elementor-button-text\">SAA ILMAINEN tarjous<\/span>\n\t\t\t\t\t<\/span>\n\t\t\t\t\t<\/a>\n\t\t\t\t<\/div>\n\t\t\t\t\t\t\t\t<\/div>\n\t\t\t\t<\/div>\n\t\t\t\t\t<\/div>\n\t\t<\/div>\n\t\t\t\t\t<\/div>\n\t\t<\/section>\n\t\t\t\t<\/div>\n\t\t\t\t<\/div>\n\t\t\t\t\t\t<\/div>\n\t\t\t\t<\/div>\n\t\t\t\t\t<\/div>\n\t\t<\/div>\n\t\t\t\t\t<\/div>\n\t\t<\/section>\n\t\t\t\t<\/div>\n\t\t","protected":false},"excerpt":{"rendered":"<p>Kroatian huvivenevuokraus Paras hinta Kroatian huvijahti charter Pyyd\u00e4 tarjous Sis\u00e4llysluettelo SkipperCity tarjoaa Kroatian huvivenevuokrauksen. T\u00e4t\u00e4 maata pidet\u00e4\u00e4n laajalti yhten\u00e4 Euroopan paratiiseista, ja sit\u00e4 ymp\u00e4r\u00f6iv\u00e4t lukuisat Adrianmeren saaret. Jos valitset venevuokrauksen Kroatiassa, sinulla on mahdollisuus tutustua sen ihmeisiin. Kroatia on unelmakohde huvivenevuokraajille sek\u00e4 viikonloppuihin ett\u00e4 pidempiin purjehdusseikkailuihin hiekkarantojen, kansallispuistojen, V\u00e4limeren keitti\u00f6n, mets\u00e4isten vuorten ja kirkkaan meren [&hellip;]<\/p>\n","protected":false},"author":2,"featured_media":71499,"parent":0,"menu_order":0,"comment_status":"closed","ping_status":"closed","template":"","meta":{"footnotes":""},"class_list":["post-74473","page","type-page","status-publish","has-post-thumbnail","hentry"],"_links":{"self":[{"href":"https:\/\/skippercity.com\/fi\/wp-json\/wp\/v2\/pages\/74473","targetHints":{"allow":["GET"]}}],"collection":[{"href":"https:\/\/skippercity.com\/fi\/wp-json\/wp\/v2\/pages"}],"about":[{"href":"https:\/\/skippercity.com\/fi\/wp-json\/wp\/v2\/types\/page"}],"author":[{"embeddable":true,"href":"https:\/\/skippercity.com\/fi\/wp-json\/wp\/v2\/users\/2"}],"replies":[{"embeddable":true,"href":"https:\/\/skippercity.com\/fi\/wp-json\/wp\/v2\/comments?post=74473"}],"version-history":[{"count":0,"href":"https:\/\/skippercity.com\/fi\/wp-json\/wp\/v2\/pages\/74473\/revisions"}],"wp:featuredmedia":[{"embeddable":true,"href":"https:\/\/skippercity.com\/fi\/wp-json\/wp\/v2\/media\/71499"}],"wp:attachment":[{"href":"https:\/\/skippercity.com\/fi\/wp-json\/wp\/v2\/media?parent=74473"}],"curies":[{"name":"wp","href":"https:\/\/api.w.org\/{rel}","templated":true}]}}