{"id":412091,"date":"2024-01-14T20:42:38","date_gmt":"2024-01-14T20:42:38","guid":{"rendered":"https:\/\/www.skippercity.com\/page-des-cgu-des-affilies\/"},"modified":"2024-01-20T06:48:19","modified_gmt":"2024-01-20T06:48:19","slug":"page-des-cgu-des-affilies","status":"publish","type":"page","link":"https:\/\/skippercity.com\/fr\/page-des-cgu-des-affilies\/","title":{"rendered":"Page des CGU des affili\u00e9s"},"content":{"rendered":"\t\t<div data-elementor-type=\"wp-page\" data-elementor-id=\"412091\" class=\"elementor elementor-412091 elementor-412033\" data-elementor-post-type=\"page\">\n\t\t\t\t<div class=\"elementor-element elementor-element-e8b4547 e-con-full e-flex e-con e-parent\" data-id=\"e8b4547\" data-element_type=\"container\" data-e-type=\"container\">\n\t\t<div class=\"elementor-element elementor-element-6c6403f e-con-full e-flex e-con e-child\" data-id=\"6c6403f\" data-element_type=\"container\" data-e-type=\"container\">\n\t\t\t\t<\/div>\n\t\t<div class=\"elementor-element elementor-element-c162eda e-con-full e-flex e-con e-child\" data-id=\"c162eda\" data-element_type=\"container\" data-e-type=\"container\">\n\t\t\t\t<div class=\"elementor-element elementor-element-3553b57 elementor-widget elementor-widget-text-editor\" data-id=\"3553b57\" data-element_type=\"widget\" data-e-type=\"widget\" data-widget_type=\"text-editor.default\">\n\t\t\t\t<div class=\"elementor-widget-container\">\n\t\t\t\t\t\t\t\t\t<h2>Accord d&rsquo;affiliation<\/h2>\n<h2>(Conditions g\u00e9n\u00e9rales du programme d&rsquo;affiliation)<\/h2>\n<p>Le pr\u00e9sent contrat (le \u00ab\u00a0Contrat\u00a0\u00bb) est conclu entre SkipperCity, Blackbird<br \/>One Ltd, 5 Secretary&rsquo;s Lane, Gibraltar GX11 1AA, (la \u00ab\u00a0soci\u00e9t\u00e9\u00a0\u00bb), et<br \/>affili\u00e9 (l'\u00a0\u00bbaffili\u00e9\u00a0\u00bb), et collectivement, (les \u00ab\u00a0parties\u00a0\u00bb) pour<br \/>la participation au programme d&rsquo;affiliation de l&rsquo;entreprise.<\/p>\n<p>L&rsquo;affili\u00e9 souhaite inclure certains documents faisant la promotion de l&rsquo;entreprise, et<br \/>d&rsquo;inclure un lien vers le site web de la soci\u00e9t\u00e9 dans ces documents sur le site web de la<br \/>Site web de l&rsquo;affili\u00e9 et\/ou ailleurs sur Internet ;<\/p>\n<p>EN CONS\u00c9QUENCE, en consid\u00e9ration des promesses et des engagements mutuels,<br \/>garanties, et d&rsquo;autres bonnes et pr\u00e9cieuses consid\u00e9rations \u00e9nonc\u00e9es dans le pr\u00e9sent document,<br \/>les parties conviennent de ce qui suit :<\/p>\n<ol>\n<li><b>Mat\u00e9riel promotionnel.<\/b>  La soci\u00e9t\u00e9 met \u00e0 la disposition de<br \/>Affiliation de certaines banni\u00e8res publicitaires, liens de bouton, liens de texte,<br \/>et\/ou d&rsquo;autres \u00e9l\u00e9ments graphiques ou textuels destin\u00e9s \u00e0 \u00eatre affich\u00e9s et utilis\u00e9s sur le site Web de<br \/>site web de l&rsquo;affili\u00e9 (le \u00ab\u00a0mat\u00e9riel promotionnel\u00a0\u00bb) et\/ou ailleurs sur le site web de l&rsquo;affili\u00e9 (le \u00ab\u00a0mat\u00e9riel promotionnel\u00a0\u00bb).<br \/>Internet. L&rsquo;affili\u00e9 affiche le mat\u00e9riel promotionnel sur<br \/>sur le site web de l&rsquo;affili\u00e9 et\/ou ailleurs sur l&rsquo;Internet, de mani\u00e8re visible et en tant que<br \/>l&rsquo;affili\u00e9 le juge bon, \u00e0 condition que le mode d&rsquo;affichage soit soumis \u00e0 l&rsquo;approbation de l&rsquo;affili\u00e9.<br \/>aux termes et conditions du pr\u00e9sent accord. L&rsquo;affili\u00e9 doit \u00e9galement<br \/>inclure un lien entre le mat\u00e9riel promotionnel et le site web de la soci\u00e9t\u00e9, en tant que<br \/>sp\u00e9cifi\u00e9e par l&rsquo;entreprise.<\/li>\n<li><b>Utilisation de mat\u00e9riel promotionnel.  <\/b>L&rsquo;utilisation et la pr\u00e9sentation de l&rsquo;affili\u00e9<br \/>du mat\u00e9riel promotionnel sur le site de l&rsquo;affili\u00e9 et\/ou ailleurs<br \/>sur Internet doit \u00eatre conforme aux conditions et modalit\u00e9s suivantes<br \/>les sp\u00e9cifications :\n<ul>\n<li>a. L&rsquo;affili\u00e9 ne peut utiliser aucun mat\u00e9riel graphique, textuel ou autre<br \/>du site web de la soci\u00e9t\u00e9 (https:\/\/yachtco.net), des produits ou des services autres que ceux de la soci\u00e9t\u00e9.<br \/>que le mat\u00e9riel promotionnel, \u00e0 moins que la soci\u00e9t\u00e9 n&rsquo;y consente par \u00e9crit<br \/>avant leur affichage.<\/li>\n<li>b. L&rsquo;affili\u00e9 ne peut utiliser le mat\u00e9riel promotionnel qu&rsquo;aux fins suivantes<br \/>de promouvoir le site web de la soci\u00e9t\u00e9 (et les produits et services disponibles)<br \/>), et pour l&rsquo;\u00e9tablissement de liens avec le site web de la soci\u00e9t\u00e9.<\/li>\n<li>c. L&rsquo;affili\u00e9 ne modifiera pas, n&rsquo;ajoutera pas, ne retranchera pas ou ne fera pas autrement<br \/>modifier le mat\u00e9riel promotionnel tel qu&rsquo;il est pr\u00e9par\u00e9 par la soci\u00e9t\u00e9. Si<br \/>L&rsquo;affili\u00e9 souhaite alt\u00e9rer ou modifier de quelque mani\u00e8re que ce soit le mat\u00e9riel promotionnel,<br \/>L&rsquo;affili\u00e9 doit obtenir l&rsquo;accord \u00e9crit pr\u00e9alable de la soci\u00e9t\u00e9 pour ce faire.<br \/>l&rsquo;alt\u00e9ration de la modification.<\/li>\n<li>d. Le mat\u00e9riel promotionnel sera utilis\u00e9 pour \u00e9tablir un lien vers le site web de la soci\u00e9t\u00e9, vers les pages et les adresses sp\u00e9cifiques du site web.<\/li>\n<li>e. L&rsquo;affili\u00e9 peut cr\u00e9er son propre mat\u00e9riel promotionnel (graphique, textuel ou autre) comme il l&rsquo;entend.<\/li>\n<\/ul>\n<\/li>\n<li><b>Licence<\/b>. La soci\u00e9t\u00e9 accorde par la pr\u00e9sente \u00e0 l&rsquo;affili\u00e9 un droit non exclusif,<br \/>licence non transf\u00e9rable (la \u00ab\u00a0licence\u00a0\u00bb) d&rsquo;utiliser le mat\u00e9riel promotionnel<br \/>comme sp\u00e9cifi\u00e9 dans les termes et conditions du pr\u00e9sent accord. Le terme<br \/>de la licence expirera \u00e0 l&rsquo;expiration ou \u00e0 la r\u00e9siliation de la pr\u00e9sente licence.<br \/>Accord.<\/li>\n<li><b>Propri\u00e9t\u00e9 intellectuelle.<\/b>  L&rsquo;entreprise conserve tous les droits et la propri\u00e9t\u00e9,<br \/>et les int\u00e9r\u00eats dans le mat\u00e9riel promotionnel, ainsi que dans tout droit d&rsquo;auteur,<br \/>ou toute autre propri\u00e9t\u00e9 intellectuelle dans le mat\u00e9riel promotionnel.<br \/>Aucune disposition du pr\u00e9sent accord ne doit \u00eatre interpr\u00e9t\u00e9e comme accordant \u00e0 l&rsquo;affili\u00e9 un droit de vote.<br \/>droits, la propri\u00e9t\u00e9 ou l&rsquo;int\u00e9r\u00eat dans le mat\u00e9riel promotionnel, ou dans les<br \/>propri\u00e9t\u00e9 intellectuelle sous-jacente, \u00e0 l&rsquo;exception des droits d&rsquo;utilisation de la<br \/>le mat\u00e9riel promotionnel accord\u00e9 en vertu de la licence, comme indiqu\u00e9 \u00e0 la section<br \/>3.<\/li>\n<li><b>Relation entre les parties.  <\/b>Le pr\u00e9sent accord n&rsquo;est pas<br \/>interpr\u00e9t\u00e9 comme cr\u00e9ant une relation d&#8217;emploi, une relation d&rsquo;agence ou une relation de confiance.<br \/>partenariat entre l&rsquo;entreprise et l&rsquo;affili\u00e9. L&rsquo;affili\u00e9 fournit<br \/>services pour la soci\u00e9t\u00e9 en tant qu&rsquo;entrepreneur ind\u00e9pendant. L&rsquo;affili\u00e9 a<br \/>L&rsquo;affili\u00e9 n&rsquo;a pas le pouvoir d&rsquo;engager la soci\u00e9t\u00e9 dans un quelconque accord, et il ne peut pas non plus \u00eatre consid\u00e9r\u00e9 comme un membre de la famille de la soci\u00e9t\u00e9.<br \/>consid\u00e9r\u00e9 comme un agent de l&rsquo;entreprise \u00e0 quelque titre que ce soit.<\/li>\n<li><b>Commissions :<br \/><\/b>\n<ul>\n<li>a. En \u00e9change de l&rsquo;affichage par l&rsquo;affili\u00e9 du mat\u00e9riel promotionnel,<br \/>et pour le respect et l&rsquo;ex\u00e9cution par l&rsquo;affili\u00e9 des termes et conditions de l&rsquo;accord.<br \/>conditions du pr\u00e9sent accord, la soci\u00e9t\u00e9 versera \u00e0 l&rsquo;affili\u00e9 une somme de<br \/>une commission (la \u00ab\u00a0Commission\u00a0\u00bb) correspondant \u00e0 un pourcentage du prix pour<br \/>l&rsquo;h\u00e9bergement sur un bateau r\u00e9serv\u00e9 par un visiteur qui acc\u00e8de au site de la soci\u00e9t\u00e9<br \/>par le biais d&rsquo;un lien sur le site web de l&rsquo;affili\u00e9 ou par le biais du site web de l&rsquo;affili\u00e9.<br \/>lien ailleurs sur Internet . Le pourcentage actuel affich\u00e9 est de 20 %. Le pr\u00e9sent<br \/>est susceptible d&rsquo;\u00eatre modifi\u00e9 \u00e0 tout moment par l&rsquo;entreprise.<\/li>\n<li>b. L&rsquo;entreprise tient des registres exacts et \u00e0 jour des donn\u00e9es<br \/>utilis\u00e9 jusqu&rsquo;\u00e0 la fin du pr\u00e9sent accord pour d\u00e9terminer le montant total de l&rsquo;aide de l&rsquo;UE.<br \/>le montant des commissions dues \u00e0 l&rsquo;affili\u00e9. L&rsquo;affili\u00e9 re\u00e7oit<br \/>un acc\u00e8s raisonnable \u00e0 ces dossiers sur demande. Toute divergence entre<br \/>le montant des commissions dues d&rsquo;apr\u00e8s ces registres, et la<br \/>le montant r\u00e9el des commissions vers\u00e9es \u00e0 l&rsquo;affili\u00e9 au cours d&rsquo;une ou de plusieurs p\u00e9riodes<br \/>doit \u00eatre rectifi\u00e9e par la soci\u00e9t\u00e9 dans un d\u00e9lai de 14 jours \u00e0 compter de la d\u00e9couverte de l&rsquo;erreur.<br \/>divergence.<\/li>\n<li>c. Les commissions sont conserv\u00e9es pendant une p\u00e9riode de 30 jours \u00e0 compter de la date du bateau.<br \/>de location afin de prot\u00e9ger l&rsquo;entreprise en cas de r\u00e9trofacturation.<br \/>se produisent. La soci\u00e9t\u00e9 paie toutes les commissions accumul\u00e9es et payables \u00e0<br \/>l&rsquo;affili\u00e9 dans les 30 jours suivant la fin de la location du bateau (le \u00ab\u00a0paiement de la commission\u00a0\u00bb).<br \/>Date\u00a0\u00bb).<\/li>\n<li>d. En cas de violation substantielle du pr\u00e9sent accord par l&rsquo;affili\u00e9<br \/>et que la soci\u00e9t\u00e9 r\u00e9silie le pr\u00e9sent accord dans les 30 jours suivant cette violation,<br \/>Les commissions accumul\u00e9es et payables \u00e0 l&rsquo;affili\u00e9 seront alors<br \/>La soci\u00e9t\u00e9 n&rsquo;est pas oblig\u00e9e de payer ces commissions \u00e0 l&rsquo;un ou l&rsquo;autre de ses membres.<br \/>Affili\u00e9.<\/li>\n<\/ul>\n<\/li>\n<li><b>D\u00e9clarations et garanties de l&rsquo;affili\u00e9.<\/b>  L&rsquo;affili\u00e9 d\u00e9clare et garantit ce qui suit :\n<ul>\n<li>a. l&rsquo;affili\u00e9 a l&rsquo;autorit\u00e9 l\u00e9gale de conclure le pr\u00e9sent accord<br \/>et d&rsquo;\u00eatre li\u00e9 par les promesses, les engagements et les autres obligations \u00e9nonc\u00e9s<br \/>dans le pr\u00e9sent accord.<\/li>\n<li>b. Le site web de l&rsquo;affili\u00e9 et\/ou la page de lien de l&rsquo;affili\u00e9 ne contiennent aucun mat\u00e9riel qui soit :\n<ul>\n<li>i. Sexuellement explicite, obsc\u00e8ne ou pornographique ;<\/li>\n<li>ii. Offensant, profane, haineux, mena\u00e7ant, nuisible, diffamatoire,<br \/>diffamatoires, harcelantes ou discriminatoires (qu&rsquo;elles soient fond\u00e9es sur la race,<br \/>l&rsquo;ethnie, la croyance, la religion, le sexe, l&rsquo;orientation sexuelle, le handicap physique, l&rsquo;\u00e2ge, l&rsquo;orientation sexuelle, l&rsquo;\u00e9tat de sant\u00e9, etc.<br \/>handicap ou autre) ;<\/li>\n<li>iii. Graphiquement violents, y compris les images de jeux vid\u00e9o violents ; ou<\/li>\n<li>iv. solliciter un comportement ill\u00e9gal<\/li>\n<\/ul>\n<\/li>\n<li>c. L&rsquo;affili\u00e9 a obtenu toutes les autorisations, licences ou autorisations n\u00e9cessaires.<br \/>autre autorisation pour toute propri\u00e9t\u00e9 intellectuelle utilis\u00e9e sur le site de l&rsquo;affili\u00e9.<br \/>site web. Aucun \u00e9l\u00e9ment du site web de l&rsquo;affili\u00e9 ne porte atteinte aux droits de propri\u00e9t\u00e9 intellectuelle.<br \/>les droits de propri\u00e9t\u00e9 de toute personne ou entit\u00e9. Aucune personne ou entit\u00e9 n&rsquo;a introduit<br \/>ou menac\u00e9 d&rsquo;une action en revendication d&rsquo;une telle contrefa\u00e7on, ni l&rsquo;affili\u00e9<br \/>avoir des raisons de croire qu&rsquo;une personne ou une entit\u00e9 intentera ou<br \/>menacer d&rsquo;une telle plainte \u00e0 l&rsquo;avenir.<\/li>\n<li>d. L&rsquo;affili\u00e9 n&rsquo;utilisera pas le mat\u00e9riel promotionnel d&rsquo;une mani\u00e8re autre que celle pr\u00e9vue \u00e0 l&rsquo;article 2 ci-dessus.<\/li>\n<li>e. L&rsquo;affili\u00e9 ne revendiquera pas la propri\u00e9t\u00e9 des produits promotionnels.<br \/>ou des droits d&rsquo;auteur, des marques commerciales ou d&rsquo;autres droits de propri\u00e9t\u00e9 intellectuelle.<br \/>les biens qui s&rsquo;y trouvent.<\/li>\n<li>f. L&rsquo;affili\u00e9 ne publiera ni ne distribuera de quelque mani\u00e8re que ce soit<br \/>le mat\u00e9riel publicitaire pour le site web de l&rsquo;affili\u00e9 qui fait r\u00e9f\u00e9rence \u00e0 la soci\u00e9t\u00e9 ou \u00e0 la<br \/>le site web de la soci\u00e9t\u00e9, \u00e0 moins que la soci\u00e9t\u00e9 ne donne son accord \u00e9crit pr\u00e9alable \u00e0 l&rsquo;utilisation du site web de la soci\u00e9t\u00e9.<br \/>la distribution de ce mat\u00e9riel. L&rsquo;affili\u00e9 n&rsquo;utilisera pas le nom de l&rsquo;entreprise<br \/>(ou tout nom similaire au nom de la soci\u00e9t\u00e9 au point de pr\u00eater \u00e0 confusion) pour toute<br \/>sur son site web, dans son mat\u00e9riel promotionnel ou dans tout autre document.<br \/>sauf pour promouvoir le site web de l&rsquo;entreprise comme sp\u00e9cifi\u00e9 dans le pr\u00e9sent document.<br \/>Accord. L&rsquo;affili\u00e9 n&rsquo;enregistrera aucun nom de domaine qui incorpore<br \/>le nom de l&rsquo;entreprise, ou qui est similaire au nom de l&rsquo;entreprise au point de pr\u00eater \u00e0 confusion.<\/li>\n<li>g. L&rsquo;affili\u00e9 ne s&rsquo;engagera pas dans la distribution d&rsquo;informations non sollicit\u00e9es.<br \/>les courriers \u00e9lectroniques en masse (spam) mentionnant ou se r\u00e9f\u00e9rant de quelque mani\u00e8re que ce soit \u00e0 la soci\u00e9t\u00e9 ou \u00e0 l&rsquo;entreprise.<br \/>Site web de l&rsquo;entreprise.<\/li>\n<li>h. Le site web de l&rsquo;affili\u00e9 et\/ou la page de lien de l&rsquo;affili\u00e9 doivent \u00eatre th\u00e9matiquement li\u00e9s au contenu du site web de la soci\u00e9t\u00e9.<\/li>\n<\/ul>\n<\/li>\n<li><b>Indemnisation.<\/b>  L&rsquo;affili\u00e9 indemnisera la soci\u00e9t\u00e9 et tiendra<br \/>de toute r\u00e9clamation, dommage, proc\u00e8s, action, plainte, ou tout autre acte de violence.<br \/>d&rsquo;autres co\u00fbts d\u00e9coulant de toute violation des garanties de l&rsquo;affili\u00e9 \u00e9nonc\u00e9es \u00e0 l&rsquo;annexe I.<br \/>dans la section 7 ci-dessus. L&rsquo;affili\u00e9 s&rsquo;engage \u00e9galement \u00e0 indemniser et \u00e0 tenir<br \/>la soci\u00e9t\u00e9 pour tout dommage, perte ou autre co\u00fbt r\u00e9sultant de l&rsquo;application de la pr\u00e9sente directive.<br \/>l&rsquo;utilisation ou la mauvaise utilisation par l&rsquo;affili\u00e9 du mat\u00e9riel promotionnel.<\/li>\n<li><b>Confidentialit\u00e9.  <\/b>Toute information \u00e0 laquelle l&rsquo;affili\u00e9 est expos\u00e9<br \/>en vertu de sa relation avec la soci\u00e9t\u00e9 dans le cadre du pr\u00e9sent accord, qui<br \/>les informations ne sont pas accessibles au grand public, sont consid\u00e9r\u00e9es comme des<br \/>comme \u00e9tant des \u00ab\u00a0informations confidentielles de l&rsquo;entreprise\u00a0\u00bb. L&rsquo;affili\u00e9 ne peut divulguer aucune<br \/>les informations confidentielles de l&rsquo;entreprise \u00e0 toute personne ou entit\u00e9, sauf dans les cas suivants<br \/>contraint par la loi, \u00e0 moins que l&rsquo;affili\u00e9 n&rsquo;obtienne au pr\u00e9alable un accord \u00e9crit pour<br \/>une telle divulgation de la part de la soci\u00e9t\u00e9.<\/li>\n<li><b>Dur\u00e9e.<br \/><\/b>\n<ul>\n<li>a. Le pr\u00e9sent accord prend effet imm\u00e9diatement et reste pleinement en vigueur jusqu&rsquo;\u00e0 ce qu&rsquo;il soit r\u00e9sili\u00e9 conform\u00e9ment \u00e0 la pr\u00e9sente section 10.<\/li>\n<li>b. Chacune des parties a le droit de r\u00e9silier le pr\u00e9sent accord \u00e0<br \/>\u00e0 tout moment et pour n&rsquo;importe quelle raison. La partie qui met fin \u00e0 l&rsquo;accord doit donner par \u00e9crit<br \/>\u00e0 l&rsquo;autre partie au moins 30 jours avant la date pr\u00e9vue pour l&rsquo;entr\u00e9e en vigueur de l&rsquo;accord.<br \/>de r\u00e9siliation.<\/li>\n<\/ul>\n<\/li>\n<li><b>Les imp\u00f4ts.<\/b>  La soci\u00e9t\u00e9 n&rsquo;est pas responsable des taxes dues par<br \/>l&rsquo;affili\u00e9 d\u00e9coulant de la relation de l&rsquo;affili\u00e9 avec la soci\u00e9t\u00e9 telle que d\u00e9finie<br \/>dans le pr\u00e9sent accord. La soci\u00e9t\u00e9 ne retient aucun imp\u00f4t sur les<br \/>Commissions vers\u00e9es \u00e0 l&rsquo;affili\u00e9.<\/li>\n<li><b>Limitation de la responsabilit\u00e9.<\/b>  La soci\u00e9t\u00e9 n&rsquo;est pas responsable des<br \/>perte de profits ou de co\u00fbts, ou pour toute perte directe, indirecte, sp\u00e9ciale,<br \/>dommages accessoires ou indirects, y compris les co\u00fbts li\u00e9s \u00e0 l&rsquo;utilisation de l&rsquo;ordinateur.<br \/>l&rsquo;acquisition de biens ou de services de substitution (que la soci\u00e9t\u00e9 ait \u00e9t\u00e9 ou soit<br \/>aurait d\u00fb \u00eatre conscient ou avis\u00e9 de la possibilit\u00e9 de tels dommages),<br \/>d\u00e9coulant de ou associ\u00e9e \u00e0 toute perte, suspension ou interruption<br \/>de service, la r\u00e9siliation du pr\u00e9sent accord, l&rsquo;utilisation ou la mauvaise utilisation des<br \/>Mat\u00e9riel promotionnel, ou toute autre prestation de services dans le cadre du pr\u00e9sent accord.<br \/>Accord.<\/li>\n<li><b>Contreparties.<\/b>  Le pr\u00e9sent accord peut \u00eatre sign\u00e9 en plusieurs<br \/>en plusieurs exemplaires, chacun d&rsquo;eux constituant un original et l&rsquo;ensemble des<br \/>qui, ensemble, constituent un seul et m\u00eame accord.<\/li>\n<li><b>Divisibilit\u00e9.<\/b>  Si une ou plusieurs parties du pr\u00e9sent accord sont<br \/>Le reste du pr\u00e9sent accord est consid\u00e9r\u00e9 comme inapplicable pour quelque raison que ce soit.<br \/>restent pleinement en vigueur. Si une disposition du pr\u00e9sent<br \/>L&rsquo;accord est consid\u00e9r\u00e9 comme invalide ou inapplicable par tout tribunal comp\u00e9tent.<br \/>et si la limitation d&rsquo;une telle disposition rendrait la disposition<br \/>valide, cette disposition est r\u00e9put\u00e9e \u00eatre interpr\u00e9t\u00e9e comme telle.<br \/>limit\u00e9e.<\/li>\n<li><b>Rubriques<\/b>. Les titres des sections du pr\u00e9sent accord ne sont donn\u00e9s qu&rsquo;\u00e0 des fins de commodit\u00e9 et n&rsquo;affectent pas la signification des dispositions du pr\u00e9sent accord.<\/li>\n<li><b>Int\u00e9gralit\u00e9 de l&rsquo;accord.<\/b>  Le pr\u00e9sent accord constitue l&rsquo;int\u00e9gralit\u00e9 de la<br \/>entre la soci\u00e9t\u00e9 et l&rsquo;affili\u00e9, et remplace tout accord ant\u00e9rieur.<br \/>de toute nature pr\u00e9c\u00e9dant la date de la pr\u00e9sente d\u00e9claration.<br \/>Accord. Il n&rsquo;y a pas d&rsquo;autres promesses, conditions, ententes ou accords.<br \/>d&rsquo;autres accords, qu&rsquo;ils soient oraux ou \u00e9crits, relatifs \u00e0 l&rsquo;objet<br \/>l&rsquo;objet du pr\u00e9sent accord<\/li>\n<\/ol>\n\t\t\t\t\t\t\t\t<\/div>\n\t\t\t\t<\/div>\n\t\t\t\t<\/div>\n\t\t<div class=\"elementor-element elementor-element-510b0b1 e-con-full e-flex e-con e-child\" data-id=\"510b0b1\" data-element_type=\"container\" data-e-type=\"container\">\n\t\t\t\t<\/div>\n\t\t\t\t<\/div>\n\t\t\t\t<\/div>\n\t\t","protected":false},"excerpt":{"rendered":"<p>Accord d&rsquo;affiliation (Conditions g\u00e9n\u00e9rales du programme d&rsquo;affiliation) Le pr\u00e9sent contrat (le \u00ab\u00a0Contrat\u00a0\u00bb) est conclu entre SkipperCity, BlackbirdOne Ltd, 5 Secretary&rsquo;s Lane, Gibraltar GX11 1AA, (la \u00ab\u00a0soci\u00e9t\u00e9\u00a0\u00bb), etaffili\u00e9 (l&rsquo;\u00a0\u00bbaffili\u00e9\u00a0\u00bb), et collectivement, (les \u00ab\u00a0parties\u00a0\u00bb) pourla participation au programme d&rsquo;affiliation de l&rsquo;entreprise. L&rsquo;affili\u00e9 souhaite inclure certains documents faisant la promotion de l&rsquo;entreprise, etd&rsquo;inclure un lien vers le site [&hellip;]<\/p>\n","protected":false},"author":2,"featured_media":408270,"parent":0,"menu_order":0,"comment_status":"closed","ping_status":"closed","template":"","meta":{"footnotes":""},"class_list":["post-412091","page","type-page","status-publish","has-post-thumbnail","hentry"],"_links":{"self":[{"href":"https:\/\/skippercity.com\/fr\/wp-json\/wp\/v2\/pages\/412091","targetHints":{"allow":["GET"]}}],"collection":[{"href":"https:\/\/skippercity.com\/fr\/wp-json\/wp\/v2\/pages"}],"about":[{"href":"https:\/\/skippercity.com\/fr\/wp-json\/wp\/v2\/types\/page"}],"author":[{"embeddable":true,"href":"https:\/\/skippercity.com\/fr\/wp-json\/wp\/v2\/users\/2"}],"replies":[{"embeddable":true,"href":"https:\/\/skippercity.com\/fr\/wp-json\/wp\/v2\/comments?post=412091"}],"version-history":[{"count":0,"href":"https:\/\/skippercity.com\/fr\/wp-json\/wp\/v2\/pages\/412091\/revisions"}],"wp:featuredmedia":[{"embeddable":true,"href":"https:\/\/skippercity.com\/fr\/wp-json\/wp\/v2\/media\/408270"}],"wp:attachment":[{"href":"https:\/\/skippercity.com\/fr\/wp-json\/wp\/v2\/media?parent=412091"}],"curies":[{"name":"wp","href":"https:\/\/api.w.org\/{rel}","templated":true}]}}