{"id":416125,"date":"2024-03-01T09:09:14","date_gmt":"2024-03-01T09:09:14","guid":{"rendered":"https:\/\/www.skippercity.com\/guide-denregistrement-des-locations-de-bateaux\/"},"modified":"2024-03-01T09:24:22","modified_gmt":"2024-03-01T09:24:22","slug":"guide-denregistrement-des-locations-de-bateaux","status":"publish","type":"page","link":"https:\/\/skippercity.com\/fr\/guide-denregistrement-des-locations-de-bateaux\/","title":{"rendered":"Guide d&rsquo;enregistrement des locations de bateaux"},"content":{"rendered":"\t\t<div data-elementor-type=\"wp-page\" data-elementor-id=\"416125\" class=\"elementor elementor-416125 elementor-416101\" data-elementor-post-type=\"page\">\n\t\t\t\t<div class=\"elementor-element elementor-element-9e4c9ac e-con-full e-flex e-con e-parent\" data-id=\"9e4c9ac\" data-element_type=\"container\" data-e-type=\"container\" data-settings=\"{&quot;background_background&quot;:&quot;classic&quot;}\">\n\t\t\t\t<\/div>\n\t\t\t\t<section class=\"elementor-section elementor-top-section elementor-element elementor-element-10ce9678 elementor-section-full_width elementor-section-height-default elementor-section-height-default\" data-id=\"10ce9678\" data-element_type=\"section\" data-e-type=\"section\">\n\t\t\t\t\t\t<div class=\"elementor-container elementor-column-gap-default\">\n\t\t\t\t\t<div class=\"elementor-column elementor-col-25 elementor-top-column elementor-element elementor-element-7be25744\" data-id=\"7be25744\" data-element_type=\"column\" data-e-type=\"column\">\n\t\t\t<div class=\"elementor-widget-wrap elementor-element-populated\">\n\t\t\t\t\t\t<div class=\"elementor-element elementor-element-21fce7b4 elementor-toc--minimized-on-tablet elementor-widget elementor-widget-table-of-contents\" data-id=\"21fce7b4\" data-element_type=\"widget\" data-e-type=\"widget\" data-settings=\"{&quot;exclude_headings_by_selector&quot;:[],&quot;marker_view&quot;:&quot;bullets&quot;,&quot;headings_by_tags&quot;:[&quot;h2&quot;,&quot;h3&quot;,&quot;h4&quot;,&quot;h5&quot;,&quot;h6&quot;],&quot;icon&quot;:{&quot;value&quot;:&quot;fas fa-circle&quot;,&quot;library&quot;:&quot;fa-solid&quot;,&quot;rendered_tag&quot;:&quot;&lt;svg class=\\&quot;e-font-icon-svg e-fas-circle\\&quot; viewBox=\\&quot;0 0 512 512\\&quot; xmlns=\\&quot;http:\\\/\\\/www.w3.org\\\/2000\\\/svg\\&quot;&gt;&lt;path d=\\&quot;M256 8C119 8 8 119 8 256s111 248 248 248 248-111 248-248S393 8 256 8z\\&quot;&gt;&lt;\\\/path&gt;&lt;\\\/svg&gt;&quot;},&quot;no_headings_message&quot;:&quot;Aucun titre n\\u2019a \\u00e9t\\u00e9 trouv\\u00e9 sur cette page.&quot;,&quot;minimize_box&quot;:&quot;yes&quot;,&quot;minimized_on&quot;:&quot;tablet&quot;,&quot;hierarchical_view&quot;:&quot;yes&quot;,&quot;min_height&quot;:{&quot;unit&quot;:&quot;px&quot;,&quot;size&quot;:&quot;&quot;,&quot;sizes&quot;:[]},&quot;min_height_tablet&quot;:{&quot;unit&quot;:&quot;px&quot;,&quot;size&quot;:&quot;&quot;,&quot;sizes&quot;:[]},&quot;min_height_mobile&quot;:{&quot;unit&quot;:&quot;px&quot;,&quot;size&quot;:&quot;&quot;,&quot;sizes&quot;:[]}}\" data-widget_type=\"table-of-contents.default\">\n\t\t\t\t<div class=\"elementor-widget-container\">\n\t\t\t\t\t\t\t\t\t<div class=\"elementor-toc__header\">\n\t\t\t\t\t\t<h4 class=\"elementor-toc__header-title\">\n\t\t\t\tTable des mati\u00e8res\t\t\t<\/h4>\n\t\t\t\t\t\t\t\t\t\t<div class=\"elementor-toc__toggle-button elementor-toc__toggle-button--expand\" role=\"button\" tabindex=\"0\" aria-controls=\"elementor-toc__21fce7b4\" aria-expanded=\"true\" aria-label=\"Ouvrir la table des mati\u00e8res\"><svg aria-hidden=\"true\" class=\"e-font-icon-svg e-fas-chevron-down\" viewBox=\"0 0 448 512\" xmlns=\"http:\/\/www.w3.org\/2000\/svg\"><path d=\"M207.029 381.476L12.686 187.132c-9.373-9.373-9.373-24.569 0-33.941l22.667-22.667c9.357-9.357 24.522-9.375 33.901-.04L224 284.505l154.745-154.021c9.379-9.335 24.544-9.317 33.901.04l22.667 22.667c9.373 9.373 9.373 24.569 0 33.941L240.971 381.476c-9.373 9.372-24.569 9.372-33.942 0z\"><\/path><\/svg><\/div>\n\t\t\t\t<div class=\"elementor-toc__toggle-button elementor-toc__toggle-button--collapse\" role=\"button\" tabindex=\"0\" aria-controls=\"elementor-toc__21fce7b4\" aria-expanded=\"true\" aria-label=\"Fermer la table des mati\u00e8res\"><svg aria-hidden=\"true\" class=\"e-font-icon-svg e-fas-chevron-up\" viewBox=\"0 0 448 512\" xmlns=\"http:\/\/www.w3.org\/2000\/svg\"><path d=\"M240.971 130.524l194.343 194.343c9.373 9.373 9.373 24.569 0 33.941l-22.667 22.667c-9.357 9.357-24.522 9.375-33.901.04L224 227.495 69.255 381.516c-9.379 9.335-24.544 9.317-33.901-.04l-22.667-22.667c-9.373-9.373-9.373-24.569 0-33.941L207.03 130.525c9.372-9.373 24.568-9.373 33.941-.001z\"><\/path><\/svg><\/div>\n\t\t\t\t\t<\/div>\n\t\t\t\t<div id=\"elementor-toc__21fce7b4\" class=\"elementor-toc__body\">\n\t\t\t<div class=\"elementor-toc__spinner-container\">\n\t\t\t\t<svg class=\"elementor-toc__spinner eicon-animation-spin e-font-icon-svg e-eicon-loading\" aria-hidden=\"true\" viewBox=\"0 0 1000 1000\" xmlns=\"http:\/\/www.w3.org\/2000\/svg\"><path d=\"M500 975V858C696 858 858 696 858 500S696 142 500 142 142 304 142 500H25C25 237 238 25 500 25S975 237 975 500 763 975 500 975Z\"><\/path><\/svg>\t\t\t<\/div>\n\t\t<\/div>\n\t\t\t\t\t\t<\/div>\n\t\t\t\t<\/div>\n\t\t\t\t\t<\/div>\n\t\t<\/div>\n\t\t\t\t<div class=\"elementor-column elementor-col-50 elementor-top-column elementor-element elementor-element-741733cc\" data-id=\"741733cc\" data-element_type=\"column\" data-e-type=\"column\">\n\t\t\t<div class=\"elementor-widget-wrap elementor-element-populated\">\n\t\t\t\t\t\t<div class=\"elementor-element elementor-element-9e717b7 elementor-widget elementor-widget-text-editor\" data-id=\"9e717b7\" data-element_type=\"widget\" data-e-type=\"widget\" data-widget_type=\"text-editor.default\">\n\t\t\t\t<div class=\"elementor-widget-container\">\n\t\t\t\t\t\t\t\t\t<h1><strong>Guide d&rsquo;enregistrement des locations de bateaux<\/strong><\/h1>\n<h2 data-sourcepos=\"1:1-1:75\">Enregistrement des locations de bateaux : Partir en douceur pour une aventure inoubliable<\/h2>\n<p data-sourcepos=\"3:1-3:184\"><strong>Pr\u00e9parez-vous \u00e0 des vacances de r\u00eave \u00e0 la voile !<\/strong>  Ce guide complet garantit un processus d&rsquo;enregistrement sans faille lors de votre location de bateau, vous permettant ainsi de commencer votre aventure sur une bonne note.<\/p>\n<h3 data-sourcepos=\"5:1-5:24\"><span style=\"text-decoration: underline;\"><strong>Avant de prendre la mer :<\/strong><\/span><\/h3>\n<p data-sourcepos=\"7:1-7:37\"><strong>1. Soumettre la liste des membres de l&rsquo;\u00e9quipe et les licences :<\/strong><\/p>\n<ul data-sourcepos=\"9:1-11:0\">\n<li data-sourcepos=\"9:1-9:143\">Veillez \u00e0 ce que l&rsquo;enregistrement se d\u00e9roule sans encombre en envoyant \u00e0 l&rsquo;avance votre <strong>liste d&rsquo;\u00e9quipage<\/strong> et vos <strong>licences de navigation\/VHF.<\/strong>  Votre agent vous fournira les formulaires n\u00e9cessaires.<\/li>\n<li data-sourcepos=\"10:1-11:0\">Au moins un membre de l&rsquo;\u00e9quipage doit poss\u00e9der une <strong>licence VHF valide<\/strong> pour communiquer en mer.<\/li>\n<\/ul>\n<p data-sourcepos=\"12:1-12:31\"><strong>2. Am\u00e9liorez votre exp\u00e9rience :<\/strong><\/p>\n<ul data-sourcepos=\"14:1-16:0\">\n<li data-sourcepos=\"14:1-14:152\"><strong>Enregistrement anticip\u00e9 :<\/strong> Demandez un <strong>enregistrement anticip\u00e9<\/strong> \u00e0 13 heures si vous avez un vol matinal ou si vous pr\u00e9f\u00e9rez commencer \u00e0 explorer plus t\u00f4t (l&rsquo;enregistrement normal se fait \u00e0 17 heures).<\/li>\n<li data-sourcepos=\"15:1-16:0\"><strong>Mat\u00e9riel suppl\u00e9mentaire :<\/strong> R\u00e9servez \u00e0 l&rsquo;avance les <strong>\u00e9quipements suppl\u00e9mentaires<\/strong> tels que les planches \u00e0 pagaie (SUP) pour \u00e9viter les retards.<\/li>\n<\/ul>\n<p data-sourcepos=\"17:1-17:30\"><strong>3. Arriv\u00e9e au port de plaisance :<\/strong><\/p>\n<ul data-sourcepos=\"19:1-22:0\">\n<li data-sourcepos=\"19:1-19:103\"><strong>En voiture :<\/strong> V\u00e9rifiez si <strong>un parking surveill\u00e9<\/strong> est disponible dans le port de plaisance ou envisagez d&rsquo;autres possibilit\u00e9s de stationnement.<\/li>\n<li data-sourcepos=\"20:1-20:128\"><strong>Par avion :<\/strong> Organisez un <strong>transfert<\/strong> par l&rsquo;interm\u00e9diaire de votre agent ou d&rsquo;une compagnie charter. Des taxis et des bus sont \u00e9galement disponibles \u00e0 l&rsquo;a\u00e9roport.<\/li>\n<li data-sourcepos=\"21:1-22:0\"><strong>Approvisionnement :<\/strong> Pour plus de commodit\u00e9, vous pouvez <strong>commander des provisions en ligne<\/strong> et les faire livrer directement sur votre bateau.<\/li>\n<\/ul>\n<h3 data-sourcepos=\"23:1-23:17\"><span style=\"text-decoration: underline;\"><strong>A l&rsquo;arriv\u00e9e :<\/strong><\/span><\/h3>\n<p data-sourcepos=\"25:1-25:35\"><strong>1. S&rsquo;enregistrer au bureau de la base :<\/strong><\/p>\n<ul data-sourcepos=\"27:1-33:0\">\n<li data-sourcepos=\"27:1-33:0\">Soyez \u00e0 l&rsquo;heure et apportez votre :\n<ul data-sourcepos=\"28:5-33:0\">\n<li data-sourcepos=\"28:5-28:23\"><strong>Carte d&#8217;embarquement<\/strong><\/li>\n<li data-sourcepos=\"29:5-29:28\"><strong>Liste compl\u00e8te de l&rsquo;\u00e9quipage<\/strong><\/li>\n<li data-sourcepos=\"30:5-30:43\"><strong>Licences originales de skipper et de VHF<\/strong><\/li>\n<li data-sourcepos=\"31:5-31:18\"><strong>ID de l&rsquo;\u00e9quipage<\/strong><\/li>\n<li data-sourcepos=\"32:5-33:0\"><strong>Mode de paiement (esp\u00e8ces\/carte de cr\u00e9dit)<\/strong><\/li>\n<\/ul>\n<\/li>\n<\/ul>\n<p data-sourcepos=\"34:1-34:28\"><strong>2. T\u00e2ches administratives :<\/strong><\/p>\n<ul data-sourcepos=\"36:1-41:0\">\n<li data-sourcepos=\"36:1-41:0\">Notre personnel de base :\n<ul data-sourcepos=\"37:5-41:0\">\n<li data-sourcepos=\"37:5-37:48\"><strong>Confirmer les informations et les licences de l&rsquo;\u00e9quipage.<\/strong><\/li>\n<li data-sourcepos=\"38:5-38:48\"><strong>Gestion de la taxe de s\u00e9jour et des frais d&rsquo;\u00e9quipement.<\/strong><\/li>\n<li data-sourcepos=\"39:5-39:61\"><strong>Proc\u00e9der au versement du d\u00e9p\u00f4t de garantie<\/strong> (en esp\u00e8ces ou par carte de cr\u00e9dit).<\/li>\n<li data-sourcepos=\"40:5-41:0\">Proposer une <strong>assurance-d\u00e9p\u00f4ts<\/strong> (facultatif).<\/li>\n<\/ul>\n<\/li>\n<\/ul>\n<p data-sourcepos=\"42:1-42:37\"><strong>3. Enregistrement du bateau avec le technicien :<\/strong><\/p>\n<ul data-sourcepos=\"44:1-51:0\">\n<li data-sourcepos=\"44:1-44:56\">Rencontrez le technicien \u00e0 bord avec les <strong>papiers du bateau<\/strong>.<\/li>\n<li data-sourcepos=\"45:1-45:56\">S&rsquo;assurer que le <strong>skipper est pr\u00e9sent<\/strong> lors de la visite.<\/li>\n<li data-sourcepos=\"46:1-49:53\">Le technicien devra :\n<ul data-sourcepos=\"47:5-49:53\">\n<li data-sourcepos=\"47:5-47:63\">Inspecter les <strong>\u00e9quipements de navigation, \u00e9lectriques et de s\u00e9curit\u00e9<\/strong>.<\/li>\n<li data-sourcepos=\"48:5-48:58\">V\u00e9rifier les <strong>voiles et les outils essentiels \u00e0 l&rsquo;exploitation du bateau<\/strong>.<\/li>\n<li data-sourcepos=\"49:5-49:53\">R\u00e9pondre \u00e0 vos questions et \u00e0 vos pr\u00e9occupations.<\/li>\n<\/ul>\n<\/li>\n<li data-sourcepos=\"50:1-51:0\">Les deux parties signent la <strong>liste de contr\u00f4le<\/strong> apr\u00e8s l&rsquo;ach\u00e8vement du projet.<\/li>\n<\/ul>\n<h3 data-sourcepos=\"52:1-52:22\"><span style=\"text-decoration: underline;\"><strong>Pr\u00eat \u00e0 partir en mer !<\/strong><\/span><\/h3>\n<p data-sourcepos=\"54:1-54:102\">Une fois l&rsquo;enregistrement termin\u00e9, vous \u00eates pr\u00eat \u00e0 <strong>larguer les amarres et \u00e0 vous lancer dans une aventure inoubliable !<\/strong><\/p>\n<p data-sourcepos=\"56:1-56:127\"><strong>Conseil suppl\u00e9mentaire :<\/strong> si vous rencontrez des probl\u00e8mes avant de partir en mer, contactez le <strong>service d&rsquo;assistance technique dont le num\u00e9ro<\/strong> figure dans les documents relatifs \u00e0 votre bateau.<\/p>\n<p data-sourcepos=\"58:1-58:74\"><strong>Profitez de vents favorables, d&rsquo;une mer calme et d&rsquo;un moment vraiment magique sur l&rsquo;Adriatique !<\/strong><\/p>\n\t\t\t\t\t\t\t\t<\/div>\n\t\t\t\t<\/div>\n\t\t\t\t\t<\/div>\n\t\t<\/div>\n\t\t\t\t<div class=\"elementor-column elementor-col-25 elementor-top-column elementor-element elementor-element-2536a580\" data-id=\"2536a580\" data-element_type=\"column\" data-e-type=\"column\">\n\t\t\t<div class=\"elementor-widget-wrap elementor-element-populated\">\n\t\t\t\t\t\t<div class=\"elementor-element elementor-element-458c2026 elementor-widget elementor-widget-template\" data-id=\"458c2026\" data-element_type=\"widget\" data-e-type=\"widget\" data-widget_type=\"template.default\">\n\t\t\t\t<div class=\"elementor-widget-container\">\n\t\t\t\t\t\t\t<div class=\"elementor-template\">\n\t\t\t\t\t<div data-elementor-type=\"section\" data-elementor-id=\"77218\" class=\"elementor elementor-77218 elementor-76339\" data-elementor-post-type=\"elementor_library\">\n\t\t\t\t\t<section class=\"elementor-section elementor-inner-section elementor-element elementor-element-457e679b elementor-section-full_width elementor-section-height-min-height elementor-section-content-middle elementor-section-height-default\" data-id=\"457e679b\" data-element_type=\"section\" data-e-type=\"section\" data-settings=\"{&quot;background_background&quot;:&quot;classic&quot;}\">\n\t\t\t\t\t\t\t<div class=\"elementor-background-overlay\"><\/div>\n\t\t\t\t\t\t\t<div class=\"elementor-container elementor-column-gap-default\">\n\t\t\t\t\t<div class=\"elementor-column elementor-col-100 elementor-inner-column elementor-element elementor-element-33d83c77\" data-id=\"33d83c77\" data-element_type=\"column\" data-e-type=\"column\">\n\t\t\t<div class=\"elementor-widget-wrap elementor-element-populated\">\n\t\t\t\t\t\t<div class=\"elementor-element elementor-element-26c46f13 elementor-widget elementor-widget-text-editor\" data-id=\"26c46f13\" data-element_type=\"widget\" data-e-type=\"widget\" data-widget_type=\"text-editor.default\">\n\t\t\t\t<div class=\"elementor-widget-container\">\n\t\t\t\t\t\t\t\t\t<p style=\"text-align: center;\">A la recherche d&rsquo;un bateau ?<\/p>\n\t\t\t\t\t\t\t\t<\/div>\n\t\t\t\t<\/div>\n\t\t\t\t<div class=\"elementor-element elementor-element-7116d3fc elementor-align-center elementor-widget elementor-widget-button\" data-id=\"7116d3fc\" data-element_type=\"widget\" data-e-type=\"widget\" data-widget_type=\"button.default\">\n\t\t\t\t<div class=\"elementor-widget-container\">\n\t\t\t\t\t\t\t\t\t<div class=\"elementor-button-wrapper\">\n\t\t\t\t\t<a class=\"elementor-button elementor-button-link elementor-size-md\" href=\"https:\/\/skippercity.com\/fr\/obtenez-une-location-de-yacht-de-citation-croatie-2\/\" target=\"_blank\">\n\t\t\t\t\t\t<span class=\"elementor-button-content-wrapper\">\n\t\t\t\t\t\t\t\t\t<span class=\"elementor-button-text\">OBTENEZ UN DEVIS GRATUIT<\/span>\n\t\t\t\t\t<\/span>\n\t\t\t\t\t<\/a>\n\t\t\t\t<\/div>\n\t\t\t\t\t\t\t\t<\/div>\n\t\t\t\t<\/div>\n\t\t\t\t\t<\/div>\n\t\t<\/div>\n\t\t\t\t\t<\/div>\n\t\t<\/section>\n\t\t\t\t<\/div>\n\t\t\t\t<\/div>\n\t\t\t\t\t\t<\/div>\n\t\t\t\t<\/div>\n\t\t\t\t\t<\/div>\n\t\t<\/div>\n\t\t\t\t\t<\/div>\n\t\t<\/section>\n\t\t\t\t<\/div>\n\t\t","protected":false},"excerpt":{"rendered":"<p>Table des mati\u00e8res Guide d&rsquo;enregistrement des locations de bateaux Enregistrement des locations de bateaux : Partir en douceur pour une aventure inoubliable Pr\u00e9parez-vous \u00e0 des vacances de r\u00eave \u00e0 la voile ! Ce guide complet garantit un processus d&rsquo;enregistrement sans faille lors de votre location de bateau, vous permettant ainsi de commencer votre aventure sur [&hellip;]<\/p>\n","protected":false},"author":2,"featured_media":408270,"parent":0,"menu_order":0,"comment_status":"closed","ping_status":"closed","template":"","meta":{"footnotes":""},"class_list":["post-416125","page","type-page","status-publish","has-post-thumbnail","hentry"],"_links":{"self":[{"href":"https:\/\/skippercity.com\/fr\/wp-json\/wp\/v2\/pages\/416125","targetHints":{"allow":["GET"]}}],"collection":[{"href":"https:\/\/skippercity.com\/fr\/wp-json\/wp\/v2\/pages"}],"about":[{"href":"https:\/\/skippercity.com\/fr\/wp-json\/wp\/v2\/types\/page"}],"author":[{"embeddable":true,"href":"https:\/\/skippercity.com\/fr\/wp-json\/wp\/v2\/users\/2"}],"replies":[{"embeddable":true,"href":"https:\/\/skippercity.com\/fr\/wp-json\/wp\/v2\/comments?post=416125"}],"version-history":[{"count":0,"href":"https:\/\/skippercity.com\/fr\/wp-json\/wp\/v2\/pages\/416125\/revisions"}],"wp:featuredmedia":[{"embeddable":true,"href":"https:\/\/skippercity.com\/fr\/wp-json\/wp\/v2\/media\/408270"}],"wp:attachment":[{"href":"https:\/\/skippercity.com\/fr\/wp-json\/wp\/v2\/media?parent=416125"}],"curies":[{"name":"wp","href":"https:\/\/api.w.org\/{rel}","templated":true}]}}