{"id":416340,"date":"2024-03-02T09:54:36","date_gmt":"2024-03-02T09:54:36","guid":{"rendered":"https:\/\/www.skippercity.com\/naviguez-sur-la-cote-a-couper-le-souffle-de-la-croatie-location-de-bateaux-avec-skippercity-com\/"},"modified":"2024-03-02T10:38:55","modified_gmt":"2024-03-02T10:38:55","slug":"naviguez-sur-la-cote-a-couper-le-souffle-de-la-croatie-location-de-bateaux-avec-skippercity-com","status":"publish","type":"page","link":"https:\/\/skippercity.com\/fr\/naviguez-sur-la-cote-a-couper-le-souffle-de-la-croatie-location-de-bateaux-avec-skippercity-com\/","title":{"rendered":"Naviguez sur la c\u00f4te \u00e0 couper le souffle de la Croatie : Location de bateaux avec SkipperCity.com"},"content":{"rendered":"\t\t<div data-elementor-type=\"wp-page\" data-elementor-id=\"416340\" class=\"elementor elementor-416340 elementor-416326\" data-elementor-post-type=\"page\">\n\t\t\t\t<div class=\"elementor-element elementor-element-7221df9 e-con-full e-flex e-con e-parent\" data-id=\"7221df9\" data-element_type=\"container\" data-e-type=\"container\" data-settings=\"{&quot;background_background&quot;:&quot;classic&quot;}\">\n\t\t\t\t<\/div>\n\t\t\t\t<section class=\"elementor-section elementor-top-section elementor-element elementor-element-16f0dcfb elementor-section-full_width elementor-section-height-default elementor-section-height-default\" data-id=\"16f0dcfb\" data-element_type=\"section\" data-e-type=\"section\">\n\t\t\t\t\t\t<div class=\"elementor-container elementor-column-gap-default\">\n\t\t\t\t\t<div class=\"elementor-column elementor-col-25 elementor-top-column elementor-element elementor-element-14ec4fad\" data-id=\"14ec4fad\" data-element_type=\"column\" data-e-type=\"column\">\n\t\t\t<div class=\"elementor-widget-wrap elementor-element-populated\">\n\t\t\t\t\t\t<div class=\"elementor-element elementor-element-168931b8 elementor-toc--minimized-on-tablet elementor-widget elementor-widget-table-of-contents\" data-id=\"168931b8\" data-element_type=\"widget\" data-e-type=\"widget\" data-settings=\"{&quot;exclude_headings_by_selector&quot;:[],&quot;marker_view&quot;:&quot;bullets&quot;,&quot;headings_by_tags&quot;:[&quot;h2&quot;,&quot;h3&quot;,&quot;h4&quot;,&quot;h5&quot;,&quot;h6&quot;],&quot;icon&quot;:{&quot;value&quot;:&quot;fas fa-circle&quot;,&quot;library&quot;:&quot;fa-solid&quot;,&quot;rendered_tag&quot;:&quot;&lt;svg class=\\&quot;e-font-icon-svg e-fas-circle\\&quot; viewBox=\\&quot;0 0 512 512\\&quot; xmlns=\\&quot;http:\\\/\\\/www.w3.org\\\/2000\\\/svg\\&quot;&gt;&lt;path d=\\&quot;M256 8C119 8 8 119 8 256s111 248 248 248 248-111 248-248S393 8 256 8z\\&quot;&gt;&lt;\\\/path&gt;&lt;\\\/svg&gt;&quot;},&quot;no_headings_message&quot;:&quot;Aucun titre n\\u2019a \\u00e9t\\u00e9 trouv\\u00e9 sur cette page.&quot;,&quot;minimize_box&quot;:&quot;yes&quot;,&quot;minimized_on&quot;:&quot;tablet&quot;,&quot;hierarchical_view&quot;:&quot;yes&quot;,&quot;min_height&quot;:{&quot;unit&quot;:&quot;px&quot;,&quot;size&quot;:&quot;&quot;,&quot;sizes&quot;:[]},&quot;min_height_tablet&quot;:{&quot;unit&quot;:&quot;px&quot;,&quot;size&quot;:&quot;&quot;,&quot;sizes&quot;:[]},&quot;min_height_mobile&quot;:{&quot;unit&quot;:&quot;px&quot;,&quot;size&quot;:&quot;&quot;,&quot;sizes&quot;:[]}}\" data-widget_type=\"table-of-contents.default\">\n\t\t\t\t<div class=\"elementor-widget-container\">\n\t\t\t\t\t\t\t\t\t<div class=\"elementor-toc__header\">\n\t\t\t\t\t\t<h4 class=\"elementor-toc__header-title\">\n\t\t\t\tTable des mati\u00e8res\t\t\t<\/h4>\n\t\t\t\t\t\t\t\t\t\t<div class=\"elementor-toc__toggle-button elementor-toc__toggle-button--expand\" role=\"button\" tabindex=\"0\" aria-controls=\"elementor-toc__168931b8\" aria-expanded=\"true\" aria-label=\"Ouvrir la table des mati\u00e8res\"><svg aria-hidden=\"true\" class=\"e-font-icon-svg e-fas-chevron-down\" viewBox=\"0 0 448 512\" xmlns=\"http:\/\/www.w3.org\/2000\/svg\"><path d=\"M207.029 381.476L12.686 187.132c-9.373-9.373-9.373-24.569 0-33.941l22.667-22.667c9.357-9.357 24.522-9.375 33.901-.04L224 284.505l154.745-154.021c9.379-9.335 24.544-9.317 33.901.04l22.667 22.667c9.373 9.373 9.373 24.569 0 33.941L240.971 381.476c-9.373 9.372-24.569 9.372-33.942 0z\"><\/path><\/svg><\/div>\n\t\t\t\t<div class=\"elementor-toc__toggle-button elementor-toc__toggle-button--collapse\" role=\"button\" tabindex=\"0\" aria-controls=\"elementor-toc__168931b8\" aria-expanded=\"true\" aria-label=\"Fermer la table des mati\u00e8res\"><svg aria-hidden=\"true\" class=\"e-font-icon-svg e-fas-chevron-up\" viewBox=\"0 0 448 512\" xmlns=\"http:\/\/www.w3.org\/2000\/svg\"><path d=\"M240.971 130.524l194.343 194.343c9.373 9.373 9.373 24.569 0 33.941l-22.667 22.667c-9.357 9.357-24.522 9.375-33.901.04L224 227.495 69.255 381.516c-9.379 9.335-24.544 9.317-33.901-.04l-22.667-22.667c-9.373-9.373-9.373-24.569 0-33.941L207.03 130.525c9.372-9.373 24.568-9.373 33.941-.001z\"><\/path><\/svg><\/div>\n\t\t\t\t\t<\/div>\n\t\t\t\t<div id=\"elementor-toc__168931b8\" class=\"elementor-toc__body\">\n\t\t\t<div class=\"elementor-toc__spinner-container\">\n\t\t\t\t<svg class=\"elementor-toc__spinner eicon-animation-spin e-font-icon-svg e-eicon-loading\" aria-hidden=\"true\" viewBox=\"0 0 1000 1000\" xmlns=\"http:\/\/www.w3.org\/2000\/svg\"><path d=\"M500 975V858C696 858 858 696 858 500S696 142 500 142 142 304 142 500H25C25 237 238 25 500 25S975 237 975 500 763 975 500 975Z\"><\/path><\/svg>\t\t\t<\/div>\n\t\t<\/div>\n\t\t\t\t\t\t<\/div>\n\t\t\t\t<\/div>\n\t\t\t\t\t<\/div>\n\t\t<\/div>\n\t\t\t\t<div class=\"elementor-column elementor-col-50 elementor-top-column elementor-element elementor-element-56a65c9e\" data-id=\"56a65c9e\" data-element_type=\"column\" data-e-type=\"column\">\n\t\t\t<div class=\"elementor-widget-wrap elementor-element-populated\">\n\t\t\t\t\t\t<div class=\"elementor-element elementor-element-11821385 elementor-widget elementor-widget-text-editor\" data-id=\"11821385\" data-element_type=\"widget\" data-e-type=\"widget\" data-widget_type=\"text-editor.default\">\n\t\t\t\t<div class=\"elementor-widget-container\">\n\t\t\t\t\t\t\t\t\t<div class=\"markdown markdown-main-panel ui-v2-enabled\" dir=\"ltr\">\n<h1 data-sourcepos=\"1:1-1:80\">Naviguez sur la c\u00f4te \u00e0 couper le souffle de la Croatie : Location de bateaux avec SkipperCity.com<\/h1>\n<h2 data-sourcepos=\"3:1-3:45\"><strong>Des vacances \u00e0 la voile inoubliables en Croatie<\/strong><\/h2>\n<p data-sourcepos=\"5:1-5:278\">La Croatie, avec ses eaux turquoise, ses \u00eeles pittoresques et ses charmantes villes c\u00f4ti\u00e8res, est une destination de r\u00eave pour les amateurs de voile. Que vous soyez un marin exp\u00e9riment\u00e9 en qu\u00eate d&rsquo;aventure ou une famille souhaitant une escapade relaxante, SkipperCity.com peut transformer votre r\u00eave en r\u00e9alit\u00e9.<\/p>\n<h2 data-sourcepos=\"7:1-7:63\"><strong>Explorez vos options : Catamarans, voiliers et bateaux \u00e0 moteur<\/strong><\/h2>\n<p data-sourcepos=\"9:1-9:221\">Chez SkipperCity.com, nous sommes votre guichet unique pour les <strong>locations de bateaux en Croatie<\/strong>. Avec <strong>plus de 13 000 yachts<\/strong> dans notre vaste flotte, nous offrons un large \u00e9ventail d&rsquo;options pour r\u00e9pondre \u00e0 toutes les pr\u00e9f\u00e9rences et \u00e0 tous les niveaux d&rsquo;exp\u00e9rience en mati\u00e8re de navigation :<\/p>\n<ul data-sourcepos=\"11:1-14:0\">\n<li data-sourcepos=\"11:1-11:353\"><strong>Affr\u00e8tements de catamarans :<\/strong> <strong>Faites l&rsquo;exp\u00e9rience d&rsquo;une stabilit\u00e9 et d&rsquo;un confort in\u00e9gal\u00e9s<\/strong> \u00e0 bord d&rsquo;un luxueux catamaran, parfait pour les familles et les groupes \u00e0 la recherche d&rsquo;une exp\u00e9rience spacieuse et relaxante. Consultez notre page Catamaran Charter Croatia <a class=\"traceable-link\" href=\"https:\/\/skippercity.com\/fr\/catamaran-charter-croatie\/\" target=\"_blank\" rel=\"noopener noreferrer\">: https:\/\/skippercity.com\/catamaran-charter-croatia\/<\/a> pour en savoir plus.<\/li>\n<li data-sourcepos=\"12:1-12:370\"><strong>Location de voiliers :<\/strong> <strong>Profitez du charme classique et des sensations de la navigation \u00e0<\/strong> bord d&rsquo;un voilier classique, id\u00e9al pour explorer les criques cach\u00e9es et d\u00e9couvrir les joies de la navigation sur la mer Adriatique. D\u00e9couvrez plus d&rsquo;informations sur Sailboat Charter Croatia <a class=\"traceable-link\" href=\"https:\/\/skippercity.com\/fr\/voilier-charter-croatie\/\" target=\"_blank\" rel=\"noopener noreferrer\">: https:\/\/skippercity.com\/sailboat-charter-croatia\/<\/a> options sur notre site web.<\/li>\n<li data-sourcepos=\"13:1-14:0\"><strong>Affr\u00e8tements de bateaux \u00e0 moteur :<\/strong> <strong>D\u00e9couvrez la c\u00f4te \u00e0 votre rythme<\/strong> gr\u00e2ce \u00e0 nos passionnants charters \u00e0 moteur, parfaits pour ceux qui recherchent un rythme plus rapide et la possibilit\u00e9 de couvrir plus de terrain. Voir notre page Motorboat Charter Croatia <a class=\"traceable-link\" href=\"https:\/\/skippercity.com\/fr\/charter-de-bateau-a-moteur-croatie\/\" target=\"_blank\" rel=\"noopener noreferrer\">: https:\/\/skippercity.com\/motorboat-charter-croatia\/<\/a> pour plus de d\u00e9tails.<\/li>\n<\/ul>\n<h2 data-sourcepos=\"15:1-15:41\"><strong>Des exp\u00e9riences sur mesure pour chaque marin<\/strong><\/h2>\n<p data-sourcepos=\"17:1-17:153\">Nous comprenons que chaque marin a des besoins uniques. Choisissez parmi trois options d&rsquo;affr\u00e8tement distinctes pour rendre votre aventure en Croatie vraiment inoubliable :<\/p>\n<ul data-sourcepos=\"19:1-22:0\">\n<li data-sourcepos=\"19:1-19:249\"><strong>Affr\u00e8tement sans \u00e9quipage :<\/strong> <strong>Embarquez pour une aventure ind\u00e9pendante<\/strong> (uniquement pour les marins exp\u00e9riment\u00e9s disposant d&rsquo;un permis valide) et cr\u00e9ez votre propre itin\u00e9raire. Pour en savoir plus sur les conditions et les avantages, consultez notre page Bareboat Charter Croatia : [invalid URL removed].<\/li>\n<li data-sourcepos=\"20:1-20:363\"><strong>Affr\u00e8tements avec skipper :<\/strong> <strong>D\u00e9tendez-vous et profitez du paysage<\/strong> pendant qu&rsquo;un skipper professionnel s&rsquo;occupe de la navigation, ce qui vous permet de vous concentrer pleinement sur la beaut\u00e9 de la Croatie. En savoir plus sur nos services de location de bateaux avec skipper en Croatie <a class=\"traceable-link\" href=\"https:\/\/skippercity.com\/fr\/skippered-yacht-charter-croatie\/\" target=\"_blank\" rel=\"noopener noreferrer\">: https:\/\/skippercity.com\/skippered-yacht-charter-croatia\/<\/a>.<\/li>\n<li data-sourcepos=\"21:1-22:0\"><strong>Charters avec \u00e9quipage :<\/strong> <strong>Offrez-vous le luxe ultime<\/strong> avec un yacht avec capitaine et \u00e9quipage complet, offrant un service personnalis\u00e9 et r\u00e9pondant \u00e0 vos moindres besoins. Explorez les possibilit\u00e9s de location de bateaux avec \u00e9quipage en Croatie <a class=\"traceable-link\" href=\"https:\/\/skippercity.com\/fr\/yacht-a-equipage-charter-croatie\/\" target=\"_blank\" rel=\"noopener noreferrer\">: https:\/\/skippercity.com\/crewed-yacht-charter-croatia\/<\/a> sur notre site web.<\/li>\n<\/ul>\n<h2 data-sourcepos=\"23:1-23:37\"><strong>Explorer les diverses r\u00e9gions de la Croatie<\/strong><\/h2>\n<p data-sourcepos=\"25:1-25:204\">Embarquez pour une aventure \u00e0 partir de diff\u00e9rents endroits en Croatie, notamment Split, Dubrovnik, Zadar, \u0160ibenik et Trogir. Chaque r\u00e9gion poss\u00e8de des paysages c\u00f4tiers uniques et des joyaux cach\u00e9s qui ne demandent qu&rsquo;\u00e0 \u00eatre d\u00e9couverts.<\/p>\n<h2 data-sourcepos=\"27:1-27:44\"><strong>R\u00e9servation sans souci et conseils d&rsquo;experts :<\/strong><\/h2>\n<p data-sourcepos=\"29:1-29:180\">Notre \u00e9quipe exp\u00e9riment\u00e9e est l\u00e0 pour vous guider \u00e0 chaque \u00e9tape. Nous offrons des recommandations personnalis\u00e9es, des conseils d&rsquo;experts sur le choix du yacht id\u00e9al et un processus de r\u00e9servation sans faille.<\/p>\n<h2 data-sourcepos=\"31:1-31:36\"><strong>Commencez \u00e0 planifier votre r\u00eave d\u00e8s aujourd&rsquo;hui :<\/strong><\/h2>\n<p data-sourcepos=\"33:1-33:189\">Contactez SkipperCity.com d\u00e8s aujourd&rsquo;hui pour obtenir un devis gratuit et commencer \u00e0 planifier votre inoubliable location <strong>de voilier<\/strong> en Croatie, <strong>location de catamaran en Croatie<\/strong> ou <strong>location de bateau \u00e0 moteur en Croatie<\/strong>!<\/p>\n<\/div>\n\t\t\t\t\t\t\t\t<\/div>\n\t\t\t\t<\/div>\n\t\t\t\t\t<\/div>\n\t\t<\/div>\n\t\t\t\t<div class=\"elementor-column elementor-col-25 elementor-top-column elementor-element elementor-element-50e30ed\" data-id=\"50e30ed\" data-element_type=\"column\" data-e-type=\"column\">\n\t\t\t<div class=\"elementor-widget-wrap elementor-element-populated\">\n\t\t\t\t\t\t<div class=\"elementor-element elementor-element-1809f061 elementor-widget elementor-widget-template\" data-id=\"1809f061\" data-element_type=\"widget\" data-e-type=\"widget\" data-widget_type=\"template.default\">\n\t\t\t\t<div class=\"elementor-widget-container\">\n\t\t\t\t\t\t\t<div class=\"elementor-template\">\n\t\t\t\t\t<div data-elementor-type=\"section\" data-elementor-id=\"77218\" class=\"elementor elementor-77218 elementor-76339\" data-elementor-post-type=\"elementor_library\">\n\t\t\t\t\t<section class=\"elementor-section elementor-inner-section elementor-element elementor-element-457e679b elementor-section-full_width elementor-section-height-min-height elementor-section-content-middle elementor-section-height-default\" data-id=\"457e679b\" data-element_type=\"section\" data-e-type=\"section\" data-settings=\"{&quot;background_background&quot;:&quot;classic&quot;}\">\n\t\t\t\t\t\t\t<div class=\"elementor-background-overlay\"><\/div>\n\t\t\t\t\t\t\t<div class=\"elementor-container elementor-column-gap-default\">\n\t\t\t\t\t<div class=\"elementor-column elementor-col-100 elementor-inner-column elementor-element elementor-element-33d83c77\" data-id=\"33d83c77\" data-element_type=\"column\" data-e-type=\"column\">\n\t\t\t<div class=\"elementor-widget-wrap elementor-element-populated\">\n\t\t\t\t\t\t<div class=\"elementor-element elementor-element-26c46f13 elementor-widget elementor-widget-text-editor\" data-id=\"26c46f13\" data-element_type=\"widget\" data-e-type=\"widget\" data-widget_type=\"text-editor.default\">\n\t\t\t\t<div class=\"elementor-widget-container\">\n\t\t\t\t\t\t\t\t\t<p style=\"text-align: center;\">A la recherche d&rsquo;un bateau ?<\/p>\n\t\t\t\t\t\t\t\t<\/div>\n\t\t\t\t<\/div>\n\t\t\t\t<div class=\"elementor-element elementor-element-7116d3fc elementor-align-center elementor-widget elementor-widget-button\" data-id=\"7116d3fc\" data-element_type=\"widget\" data-e-type=\"widget\" data-widget_type=\"button.default\">\n\t\t\t\t<div class=\"elementor-widget-container\">\n\t\t\t\t\t\t\t\t\t<div class=\"elementor-button-wrapper\">\n\t\t\t\t\t<a class=\"elementor-button elementor-button-link elementor-size-md\" href=\"https:\/\/skippercity.com\/fr\/obtenez-une-location-de-yacht-de-citation-croatie-2\/\" target=\"_blank\">\n\t\t\t\t\t\t<span class=\"elementor-button-content-wrapper\">\n\t\t\t\t\t\t\t\t\t<span class=\"elementor-button-text\">OBTENEZ UN DEVIS GRATUIT<\/span>\n\t\t\t\t\t<\/span>\n\t\t\t\t\t<\/a>\n\t\t\t\t<\/div>\n\t\t\t\t\t\t\t\t<\/div>\n\t\t\t\t<\/div>\n\t\t\t\t\t<\/div>\n\t\t<\/div>\n\t\t\t\t\t<\/div>\n\t\t<\/section>\n\t\t\t\t<\/div>\n\t\t\t\t<\/div>\n\t\t\t\t\t\t<\/div>\n\t\t\t\t<\/div>\n\t\t\t\t\t<\/div>\n\t\t<\/div>\n\t\t\t\t\t<\/div>\n\t\t<\/section>\n\t\t\t\t<\/div>\n\t\t","protected":false},"excerpt":{"rendered":"<p>Table des mati\u00e8res Naviguez sur la c\u00f4te \u00e0 couper le souffle de la Croatie : Location de bateaux avec SkipperCity.com Des vacances \u00e0 la voile inoubliables en Croatie La Croatie, avec ses eaux turquoise, ses \u00eeles pittoresques et ses charmantes villes c\u00f4ti\u00e8res, est une destination de r\u00eave pour les amateurs de voile. Que vous soyez [&hellip;]<\/p>\n","protected":false},"author":2,"featured_media":408270,"parent":0,"menu_order":0,"comment_status":"closed","ping_status":"closed","template":"","meta":{"footnotes":""},"class_list":["post-416340","page","type-page","status-publish","has-post-thumbnail","hentry"],"_links":{"self":[{"href":"https:\/\/skippercity.com\/fr\/wp-json\/wp\/v2\/pages\/416340","targetHints":{"allow":["GET"]}}],"collection":[{"href":"https:\/\/skippercity.com\/fr\/wp-json\/wp\/v2\/pages"}],"about":[{"href":"https:\/\/skippercity.com\/fr\/wp-json\/wp\/v2\/types\/page"}],"author":[{"embeddable":true,"href":"https:\/\/skippercity.com\/fr\/wp-json\/wp\/v2\/users\/2"}],"replies":[{"embeddable":true,"href":"https:\/\/skippercity.com\/fr\/wp-json\/wp\/v2\/comments?post=416340"}],"version-history":[{"count":0,"href":"https:\/\/skippercity.com\/fr\/wp-json\/wp\/v2\/pages\/416340\/revisions"}],"wp:featuredmedia":[{"embeddable":true,"href":"https:\/\/skippercity.com\/fr\/wp-json\/wp\/v2\/media\/408270"}],"wp:attachment":[{"href":"https:\/\/skippercity.com\/fr\/wp-json\/wp\/v2\/media?parent=416340"}],"curies":[{"name":"wp","href":"https:\/\/api.w.org\/{rel}","templated":true}]}}